{"id":201273,"date":"2025-01-16T13:08:35","date_gmt":"2025-01-16T11:08:35","guid":{"rendered":"https:\/\/v2charge.com\/unterstutzung\/leistungssteuerung\/dynamische\/photovoltaik\/inversor-sungrow\/"},"modified":"2026-02-18T13:37:15","modified_gmt":"2026-02-18T11:37:15","slug":"sungrow-wechselrichters","status":"publish","type":"page","link":"https:\/\/v2charge.com\/de\/support\/leistungssteuerung\/dynamisches-lastmanagement\/photovoltaik\/sungrow-wechselrichters\/","title":{"rendered":"Integration des Sungrow-Wechselrichters mit Trydan"},"content":{"rendered":"\n<div class=\"wp-block-uagb-container uagb-block-917b89c6 alignfull uagb-is-root-container\"><div class=\"uagb-container-inner-blocks-wrap\"><div class=\"yoast-breadcrumbs\"><span><span><a href=\"https:\/\/v2charge.com\/de\/\">V2C<\/a><\/span> \u00bb <span><a href=\"https:\/\/v2charge.com\/de\/support\/\">Support<\/a><\/span> \u00bb <span><a href=\"https:\/\/v2charge.com\/de\/support\/leistungssteuerung\/\">Leistungssteuerung<\/a><\/span> \u00bb <span><a href=\"https:\/\/v2charge.com\/de\/support\/leistungssteuerung\/dynamisches-lastmanagement\/\">Dynamisches Lastmanagement<\/a><\/span> \u00bb <span><a href=\"https:\/\/v2charge.com\/de\/support\/leistungssteuerung\/dynamisches-lastmanagement\/photovoltaik\/\">Photovoltaik<\/a><\/span> \u00bb <span class=\"breadcrumb_last\" aria-current=\"page\">Sungrow-Wechselrichter<\/span><\/span><\/div>\n\n\n<h1 class=\"wp-block-heading\">Integration des Sungrow-Wechselrichters mit Trydan<\/h1>\n\n\n\n<div class=\"wp-block-uagb-container uagb-block-6ff3315e alignfull uagb-is-root-container\"><div class=\"uagb-container-inner-blocks-wrap\">\n<div class=\"wp-block-uagb-container uagb-block-d07bdd19\">\n<p>Verbinden Sie Ihre Trydan-Ladestation mit dem Sungrow-Wechselrichter, um die Energie optimal zu nutzen.<\/p>\n<\/div>\n\n\n\n<div class=\"wp-block-uagb-container uagb-block-56f0a249\">\n<div class=\"wp-block-uagb-image uagb-block-a6b3aa91 wp-block-uagb-image--layout-default wp-block-uagb-image--effect-static wp-block-uagb-image--align-none\"><figure class=\"wp-block-uagb-image__figure\"><img decoding=\"async\" srcset=\"https:\/\/v2charge.com\/wp-content\/uploads\/2024\/12\/sungrow_logo.png ,https:\/\/v2charge.com\/wp-content\/uploads\/2024\/12\/sungrow_logo.png 780w, https:\/\/v2charge.com\/wp-content\/uploads\/2024\/12\/sungrow_logo.png 360w\" sizes=\"auto, (max-width: 480px) 150px\" src=\"https:\/\/v2charge.com\/wp-content\/uploads\/2024\/12\/sungrow_logo.png\" alt=\"\" class=\"uag-image-198777\" width=\"400\" height=\"68\" title=\"sungrow_logo\" loading=\"lazy\" role=\"img\"\/><\/figure><\/div>\n<\/div>\n<\/div><\/div>\n\n\n\n<div class=\"wp-block-uagb-container uagb-block-333fb119 alignfull uagb-is-root-container\"><div class=\"uagb-container-inner-blocks-wrap\">\n<div class=\"wp-block-uagb-container uagb-block-2ff110d0 default uagb-is-root-container\">\n<div class=\"wp-block-uagb-container uagb-block-cd442c87\">\n<div class=\"wp-block-uagb-image aligncenter uagb-block-4bb46c59 wp-block-uagb-image--layout-default wp-block-uagb-image--effect-static wp-block-uagb-image--align-center\"><figure class=\"wp-block-uagb-image__figure\"><img decoding=\"async\" srcset=\"https:\/\/v2charge.com\/wp-content\/uploads\/2023\/11\/icon-important.png ,https:\/\/v2charge.com\/wp-content\/uploads\/2023\/11\/icon-important.png 780w, https:\/\/v2charge.com\/wp-content\/uploads\/2023\/11\/icon-important.png 360w\" sizes=\"auto, (max-width: 480px) 150px\" src=\"https:\/\/v2charge.com\/wp-content\/uploads\/2023\/11\/icon-important.png\" alt=\"\" class=\"uag-image-125013\" width=\"50\" height=\"50\" title=\"\" loading=\"lazy\" role=\"img\"\/><\/figure><\/div>\n<\/div>\n\n\n\n<div class=\"wp-block-uagb-container uagb-block-38de7166\">\n<div class=\"wp-block-uagb-advanced-heading uagb-block-37ab01f0\"><p class=\"uagb-heading-text\">Die Verwendung von <strong>Wi-Fi-Repeatern<\/strong> oder <strong>Mesh-Netzwerken<\/strong> kann die ordnungsgem\u00e4\u00dfe Funktion des Systems beeintr\u00e4chtigen. Wir empfehlen die Nutzung eines <strong>stabilen<\/strong> und <strong>direkten Wi-Fi-Netzwerks<\/strong>, um eine optimale verbindung zwischen dem ladeger\u00e4t und dem wechselrichter zu gew\u00e4hrleisten.<\/p><\/div>\n<\/div>\n<\/div>\n\n\n\n<div style=\"height:5px\" aria-hidden=\"true\" class=\"wp-block-spacer\"><\/div>\n<\/div><\/div>\n\n\n\n<div class=\"wp-block-uagb-separator uagb-block-37d1f752\"><div class=\"wp-block-uagb-separator__inner\" style=\"--my-background-image:\"><\/div><\/div>\n\n\n\n<h2 class=\"wp-block-heading\">Integration des Sungrow-Wechselrichters<\/h2>\n\n\n\n<p>Damit die Integration des Trydan-Ladeger\u00e4ts mit den Sungrow-Wechselrichtern funktioniert, m\u00fcssen diese mit demselben Netzwerk wie Trydan verbunden sein. Je nach Wechselrichtermodell kann die Internetverbindung auf unterschiedliche Weise hergestellt werden.<\/p>\n\n\n\n<p>Einerseits wird empfohlen, den Wechselrichter \u00fcber ein RJ45-Kabel mit dem Router zu verbinden, wenn er \u00fcber einen LAN-Anschluss verf\u00fcgt.<\/p>\n\n\n\n<div class=\"wp-block-uagb-image aligncenter uagb-block-5d46d4c2 wp-block-uagb-image--layout-default wp-block-uagb-image--effect-static wp-block-uagb-image--align-center\"><figure class=\"wp-block-uagb-image__figure\"><img decoding=\"async\" srcset=\"https:\/\/v2charge.com\/wp-content\/uploads\/2024\/12\/configuration_sungrow.jpg ,https:\/\/v2charge.com\/wp-content\/uploads\/2024\/12\/configuration_sungrow.jpg 780w, https:\/\/v2charge.com\/wp-content\/uploads\/2024\/12\/configuration_sungrow.jpg 360w\" sizes=\"auto, (max-width: 480px) 150px\" src=\"https:\/\/v2charge.com\/wp-content\/uploads\/2024\/12\/configuration_sungrow.jpg\" alt=\"\" class=\"uag-image-198789\" width=\"704\" height=\"215\" title=\"configuration_sungrow\" loading=\"lazy\" role=\"img\"\/><\/figure><\/div>\n\n\n\n<p>Andererseits wird f\u00fcr Wechselrichter ohne LAN-Anschluss das WiNet-S-Modul ben\u00f6tigt, um die Verbindung \u00fcber WLAN oder Ethernet herzustellen.<\/p>\n\n\n\n<div class=\"wp-block-uagb-image aligncenter uagb-block-ad2c5bfa wp-block-uagb-image--layout-default wp-block-uagb-image--effect-static wp-block-uagb-image--align-center\"><figure class=\"wp-block-uagb-image__figure\"><img decoding=\"async\" srcset=\"https:\/\/v2charge.com\/wp-content\/uploads\/2024\/12\/winet-s.png ,https:\/\/v2charge.com\/wp-content\/uploads\/2024\/12\/winet-s.png 780w, https:\/\/v2charge.com\/wp-content\/uploads\/2024\/12\/winet-s.png 360w\" sizes=\"auto, (max-width: 480px) 150px\" src=\"https:\/\/v2charge.com\/wp-content\/uploads\/2024\/12\/winet-s.png\" alt=\"\" class=\"uag-image-198800\" width=\"800\" height=\"740\" title=\"winet-s\" loading=\"lazy\" role=\"img\"\/><\/figure><\/div>\n\n\n\n<p>Das WiNet-S-Modul unterst\u00fctzt sowohl Ethernet- als auch WLAN-Kommunikation, jedoch wird die gleichzeitige Verwendung beider Methoden nicht empfohlen. Das Modul muss in den COM1-Anschluss (2 im Bild) eingesetzt werden, sowohl f\u00fcr WLAN- als auch Ethernet-Kommunikation, wobei f\u00fcr Ethernet ein RJ45-Kabel mit dem Modul verbunden werden muss.<\/p>\n\n\n\n<div class=\"wp-block-uagb-image aligncenter uagb-block-4dd5edd8 wp-block-uagb-image--layout-default wp-block-uagb-image--effect-static wp-block-uagb-image--align-center\"><figure class=\"wp-block-uagb-image__figure\"><img decoding=\"async\" srcset=\"https:\/\/v2charge.com\/wp-content\/uploads\/2024\/12\/sungrow-comands.jpg ,https:\/\/v2charge.com\/wp-content\/uploads\/2024\/12\/sungrow-comands.jpg 780w, https:\/\/v2charge.com\/wp-content\/uploads\/2024\/12\/sungrow-comands.jpg 360w\" sizes=\"auto, (max-width: 480px) 150px\" src=\"https:\/\/v2charge.com\/wp-content\/uploads\/2024\/12\/sungrow-comands.jpg\" alt=\"\" class=\"uag-image-198813\" width=\"416\" height=\"322\" title=\"sungrow-comands\" loading=\"lazy\" role=\"img\"\/><\/figure><\/div>\n\n\n\n<p>Mit der Standardkonfiguration ist die Integration abgeschlossen, sobald sich der Wechselrichter und Trydan im selben Netzwerk befinden. Es muss jedoch sichergestellt werden, dass die Kommunikationsparameter des Wechselrichters wie folgt sind:<\/p>\n\n\n\n<ul class=\"wp-block-list\">\n<li>Addr (Adresse): 1<\/li>\n\n\n\n<li>DHCP: EIN<\/li>\n\n\n\n<li>Port: 502<\/li>\n<\/ul>\n<\/div><\/div>\n\n\n\n<div class=\"wp-block-uagb-container uagb-block-1fb723ac alignfull uagb-is-root-container\"><div class=\"uagb-container-inner-blocks-wrap\">\n<div class=\"wp-block-uagb-container uagb-block-f9070278\">\n<p>In der App folgen Sie dem Handbuch, um die <strong><a href=\"https:\/\/v2charge.com\/de\/support\/leistungssteuerung\/dynamisches-lastmanagement\/\" target=\"_blank\" rel=\"noreferrer noopener\">Dynamische Leistungssteuerung<\/a><\/strong> zu aktivieren, und w\u00e4hlen Sie im Z\u00e4hler die Option<strong>Sungrow<\/strong>.<\/p>\n<\/div>\n\n\n\n<div class=\"wp-block-uagb-container uagb-block-bf7d8139\">\n<div class=\"wp-block-uagb-image aligncenter uagb-block-bfeb1bc2 wp-block-uagb-image--layout-default wp-block-uagb-image--effect-static wp-block-uagb-image--align-center\"><figure class=\"wp-block-uagb-image__figure\"><img decoding=\"async\" srcset=\"https:\/\/v2charge.com\/wp-content\/uploads\/2025\/01\/sungrow-inverter-en.jpg ,https:\/\/v2charge.com\/wp-content\/uploads\/2025\/01\/sungrow-inverter-en.jpg 780w, https:\/\/v2charge.com\/wp-content\/uploads\/2025\/01\/sungrow-inverter-en.jpg 360w\" sizes=\"auto, (max-width: 480px) 150px\" src=\"https:\/\/v2charge.com\/wp-content\/uploads\/2025\/01\/sungrow-inverter-en.jpg\" alt=\"\" class=\"uag-image-201960\" width=\"468\" height=\"800\" title=\"sungrow-inverter-en\" loading=\"lazy\" role=\"img\"\/><\/figure><\/div>\n<\/div>\n<\/div><\/div>\n\n\n\n<div class=\"wp-block-uagb-container uagb-block-c6f38013 alignfull uagb-is-root-container\"><div class=\"uagb-container-inner-blocks-wrap\">\n<div class=\"wp-block-uagb-advanced-heading uagb-block-6963d70c\"><h2 class=\"uagb-heading-text\"><strong><strong><strong>Support kontaktieren<\/strong><\/strong><\/strong><\/h2><\/div>\n\n\n\n<div class=\"wp-block-uagb-advanced-heading uagb-block-408243eb\"><p class=\"uagb-heading-text\">Erstellen Sie eine Anfrage im Technical Support Centre und wir werden Sie so schnell wie m\u00f6glich kontaktieren, um Ihnen die beste L\u00f6sung anzubieten.<\/p><\/div>\n\n\n\n<div class=\"wp-block-uagb-buttons uagb-buttons__outer-wrap uagb-btn__default-btn uagb-btn-tablet__default-btn uagb-btn-mobile__default-btn uagb-block-ba1e67d1\"><div class=\"uagb-buttons__wrap uagb-buttons-layout-wrap \">\n<div class=\"wp-block-uagb-buttons-child uagb-buttons__outer-wrap uagb-block-23cfb623 wp-block-button\"><div class=\"uagb-button__wrapper\"><a class=\"uagb-buttons-repeater wp-block-button__link\" aria-label=\"\" href=\"https:\/\/v2charge.atlassian.net\/servicedesk\/customer\/portal\/3\" rel=\"follow noopener\" target=\"_self\" role=\"button\"><div class=\"uagb-button__link\"><a href=\"https:\/\/v2charge.atlassian.net\/servicedesk\/customer\/portal\/3\">Zum technischen Support<\/a><\/div><\/a><\/div><\/div>\n<\/div><\/div>\n<\/div><\/div>\n","protected":false},"excerpt":{"rendered":"<p>Integration des Sungrow-Wechselrichters mit Trydan Verbinden Sie Ihre Trydan-Ladestation mit dem Sungrow-Wechselrichter, um die Energie optimal zu nutzen. Die Verwendung von Wi-Fi-Repeatern oder Mesh-Netzwerken kann die ordnungsgem\u00e4\u00dfe Funktion des Systems beeintr\u00e4chtigen. Wir empfehlen die Nutzung eines stabilen und direkten Wi-Fi-Netzwerks, um eine optimale verbindung zwischen dem ladeger\u00e4t und dem wechselrichter zu gew\u00e4hrleisten. Integration des Sungrow-Wechselrichters &#8230; <a title=\"Integration des Sungrow-Wechselrichters mit Trydan\" class=\"read-more\" href=\"https:\/\/v2charge.com\/de\/support\/leistungssteuerung\/dynamisches-lastmanagement\/photovoltaik\/sungrow-wechselrichters\/\" aria-label=\"Mehr Informationen \u00fcber Integration des Sungrow-Wechselrichters mit Trydan\">Weiterlesen<\/a><\/p>\n","protected":false},"author":400,"featured_media":0,"parent":129621,"menu_order":0,"comment_status":"closed","ping_status":"closed","template":"","meta":{"_eb_attr":"","content-type":"","_uag_custom_page_level_css":"","footnotes":""},"class_list":["post-201273","page","type-page","status-publish"],"yoast_head":"<!-- This site is optimized with the Yoast SEO plugin v25.3.1 - https:\/\/yoast.com\/wordpress\/plugins\/seo\/ -->\n<title>Integration des Sungrow-Wechselrichters mit Trydan - V2C<\/title>\n<meta name=\"description\" content=\"Der Sungrow-Wechselrichter kann \u00fcber Ethernet oder WLAN mit dem Trydan-Ladeger\u00e4t integriert werden. Hier sind die Schritte zu befolgen.\" \/>\n<meta name=\"robots\" content=\"index, follow, max-snippet:-1, max-image-preview:large, max-video-preview:-1\" \/>\n<link rel=\"canonical\" href=\"https:\/\/v2charge.com\/de\/support\/leistungssteuerung\/dynamisches-lastmanagement\/photovoltaik\/sungrow-wechselrichters\/\" \/>\n<meta property=\"og:locale\" content=\"de_DE\" \/>\n<meta property=\"og:type\" content=\"article\" \/>\n<meta property=\"og:title\" content=\"Integration des Sungrow-Wechselrichters mit Trydan - V2C\" \/>\n<meta property=\"og:description\" content=\"Der Sungrow-Wechselrichter kann \u00fcber Ethernet oder WLAN mit dem Trydan-Ladeger\u00e4t integriert werden. Hier sind die Schritte zu befolgen.\" \/>\n<meta property=\"og:url\" content=\"https:\/\/v2charge.com\/de\/support\/leistungssteuerung\/dynamisches-lastmanagement\/photovoltaik\/sungrow-wechselrichters\/\" \/>\n<meta property=\"og:site_name\" content=\"V2C\" \/>\n<meta property=\"article:publisher\" content=\"https:\/\/www.facebook.com\/V2C.Charge\" \/>\n<meta property=\"article:modified_time\" content=\"2026-02-18T11:37:15+00:00\" \/>\n<meta property=\"og:image\" content=\"https:\/\/v2charge.com\/wp-content\/uploads\/2024\/12\/sungrow_logo.png\" \/>\n<meta name=\"twitter:card\" content=\"summary_large_image\" \/>\n<meta name=\"twitter:site\" content=\"@V2C_Charge\" \/>\n<meta name=\"twitter:label1\" content=\"Gesch\u00e4tzte Lesezeit\" \/>\n\t<meta name=\"twitter:data1\" content=\"3\u00a0Minuten\" \/>\n<script type=\"application\/ld+json\" class=\"yoast-schema-graph\">{\"@context\":\"https:\/\/schema.org\",\"@graph\":[{\"@type\":\"WebPage\",\"@id\":\"https:\/\/v2charge.com\/de\/support\/leistungssteuerung\/dynamisches-lastmanagement\/photovoltaik\/sungrow-wechselrichters\/\",\"url\":\"https:\/\/v2charge.com\/de\/support\/leistungssteuerung\/dynamisches-lastmanagement\/photovoltaik\/sungrow-wechselrichters\/\",\"name\":\"Integration des Sungrow-Wechselrichters mit Trydan - V2C\",\"isPartOf\":{\"@id\":\"https:\/\/v2charge.com\/de\/#website\"},\"primaryImageOfPage\":{\"@id\":\"https:\/\/v2charge.com\/de\/support\/leistungssteuerung\/dynamisches-lastmanagement\/photovoltaik\/sungrow-wechselrichters\/#primaryimage\"},\"image\":{\"@id\":\"https:\/\/v2charge.com\/de\/support\/leistungssteuerung\/dynamisches-lastmanagement\/photovoltaik\/sungrow-wechselrichters\/#primaryimage\"},\"thumbnailUrl\":\"https:\/\/v2charge.com\/wp-content\/uploads\/2024\/12\/sungrow_logo.png\",\"datePublished\":\"2025-01-16T11:08:35+00:00\",\"dateModified\":\"2026-02-18T11:37:15+00:00\",\"description\":\"Der Sungrow-Wechselrichter kann \u00fcber Ethernet oder WLAN mit dem Trydan-Ladeger\u00e4t integriert werden. Hier sind die Schritte zu befolgen.\",\"breadcrumb\":{\"@id\":\"https:\/\/v2charge.com\/de\/support\/leistungssteuerung\/dynamisches-lastmanagement\/photovoltaik\/sungrow-wechselrichters\/#breadcrumb\"},\"inLanguage\":\"de\",\"potentialAction\":[{\"@type\":\"ReadAction\",\"target\":[\"https:\/\/v2charge.com\/de\/support\/leistungssteuerung\/dynamisches-lastmanagement\/photovoltaik\/sungrow-wechselrichters\/\"]}]},{\"@type\":\"ImageObject\",\"inLanguage\":\"de\",\"@id\":\"https:\/\/v2charge.com\/de\/support\/leistungssteuerung\/dynamisches-lastmanagement\/photovoltaik\/sungrow-wechselrichters\/#primaryimage\",\"url\":\"https:\/\/v2charge.com\/wp-content\/uploads\/2024\/12\/sungrow_logo.png\",\"contentUrl\":\"https:\/\/v2charge.com\/wp-content\/uploads\/2024\/12\/sungrow_logo.png\"},{\"@type\":\"BreadcrumbList\",\"@id\":\"https:\/\/v2charge.com\/de\/support\/leistungssteuerung\/dynamisches-lastmanagement\/photovoltaik\/sungrow-wechselrichters\/#breadcrumb\",\"itemListElement\":[{\"@type\":\"ListItem\",\"position\":1,\"name\":\"V2C\",\"item\":\"https:\/\/v2charge.com\/de\/\"},{\"@type\":\"ListItem\",\"position\":2,\"name\":\"Support\",\"item\":\"https:\/\/v2charge.com\/de\/support\/\"},{\"@type\":\"ListItem\",\"position\":3,\"name\":\"Leistungssteuerung\",\"item\":\"https:\/\/v2charge.com\/de\/support\/leistungssteuerung\/\"},{\"@type\":\"ListItem\",\"position\":4,\"name\":\"Dynamisches Lastmanagement\",\"item\":\"https:\/\/v2charge.com\/de\/support\/leistungssteuerung\/dynamisches-lastmanagement\/\"},{\"@type\":\"ListItem\",\"position\":5,\"name\":\"Photovoltaik\",\"item\":\"https:\/\/v2charge.com\/de\/support\/leistungssteuerung\/dynamisches-lastmanagement\/photovoltaik\/\"},{\"@type\":\"ListItem\",\"position\":6,\"name\":\"Sungrow-Wechselrichter\"}]},{\"@type\":\"WebSite\",\"@id\":\"https:\/\/v2charge.com\/de\/#website\",\"url\":\"https:\/\/v2charge.com\/de\/\",\"name\":\"V2C\",\"description\":\"#CargandoElMa\u00f1ana\",\"publisher\":{\"@id\":\"https:\/\/v2charge.com\/de\/#organization\"},\"potentialAction\":[{\"@type\":\"SearchAction\",\"target\":{\"@type\":\"EntryPoint\",\"urlTemplate\":\"https:\/\/v2charge.com\/de\/?s={search_term_string}\"},\"query-input\":{\"@type\":\"PropertyValueSpecification\",\"valueRequired\":true,\"valueName\":\"search_term_string\"}}],\"inLanguage\":\"de\"},{\"@type\":\"Organization\",\"@id\":\"https:\/\/v2charge.com\/de\/#organization\",\"name\":\"V2C\",\"url\":\"https:\/\/v2charge.com\/de\/\",\"logo\":{\"@type\":\"ImageObject\",\"inLanguage\":\"de\",\"@id\":\"https:\/\/v2charge.com\/de\/#\/schema\/logo\/image\/\",\"url\":\"https:\/\/v2charge.com\/wp-content\/uploads\/2024\/11\/cropped-v2c-charge-logo-menu.png\",\"contentUrl\":\"https:\/\/v2charge.com\/wp-content\/uploads\/2024\/11\/cropped-v2c-charge-logo-menu.png\",\"width\":984,\"height\":431,\"caption\":\"V2C\"},\"image\":{\"@id\":\"https:\/\/v2charge.com\/de\/#\/schema\/logo\/image\/\"},\"sameAs\":[\"https:\/\/www.facebook.com\/V2C.Charge\",\"https:\/\/x.com\/V2C_Charge\",\"https:\/\/www.instagram.com\/v2c.charge\/\",\"https:\/\/www.youtube.com\/@V2C\",\"https:\/\/www.linkedin.com\/company\/v2c-chargers\/\"]}]}<\/script>\n<!-- \/ Yoast SEO plugin. -->","yoast_head_json":{"title":"Integration des Sungrow-Wechselrichters mit Trydan - V2C","description":"Der Sungrow-Wechselrichter kann \u00fcber Ethernet oder WLAN mit dem Trydan-Ladeger\u00e4t integriert werden. Hier sind die Schritte zu befolgen.","robots":{"index":"index","follow":"follow","max-snippet":"max-snippet:-1","max-image-preview":"max-image-preview:large","max-video-preview":"max-video-preview:-1"},"canonical":"https:\/\/v2charge.com\/de\/support\/leistungssteuerung\/dynamisches-lastmanagement\/photovoltaik\/sungrow-wechselrichters\/","og_locale":"de_DE","og_type":"article","og_title":"Integration des Sungrow-Wechselrichters mit Trydan - V2C","og_description":"Der Sungrow-Wechselrichter kann \u00fcber Ethernet oder WLAN mit dem Trydan-Ladeger\u00e4t integriert werden. Hier sind die Schritte zu befolgen.","og_url":"https:\/\/v2charge.com\/de\/support\/leistungssteuerung\/dynamisches-lastmanagement\/photovoltaik\/sungrow-wechselrichters\/","og_site_name":"V2C","article_publisher":"https:\/\/www.facebook.com\/V2C.Charge","article_modified_time":"2026-02-18T11:37:15+00:00","og_image":[{"url":"https:\/\/v2charge.com\/wp-content\/uploads\/2024\/12\/sungrow_logo.png","type":"","width":"","height":""}],"twitter_card":"summary_large_image","twitter_site":"@V2C_Charge","twitter_misc":{"Gesch\u00e4tzte Lesezeit":"3\u00a0Minuten"},"schema":{"@context":"https:\/\/schema.org","@graph":[{"@type":"WebPage","@id":"https:\/\/v2charge.com\/de\/support\/leistungssteuerung\/dynamisches-lastmanagement\/photovoltaik\/sungrow-wechselrichters\/","url":"https:\/\/v2charge.com\/de\/support\/leistungssteuerung\/dynamisches-lastmanagement\/photovoltaik\/sungrow-wechselrichters\/","name":"Integration des Sungrow-Wechselrichters mit Trydan - V2C","isPartOf":{"@id":"https:\/\/v2charge.com\/de\/#website"},"primaryImageOfPage":{"@id":"https:\/\/v2charge.com\/de\/support\/leistungssteuerung\/dynamisches-lastmanagement\/photovoltaik\/sungrow-wechselrichters\/#primaryimage"},"image":{"@id":"https:\/\/v2charge.com\/de\/support\/leistungssteuerung\/dynamisches-lastmanagement\/photovoltaik\/sungrow-wechselrichters\/#primaryimage"},"thumbnailUrl":"https:\/\/v2charge.com\/wp-content\/uploads\/2024\/12\/sungrow_logo.png","datePublished":"2025-01-16T11:08:35+00:00","dateModified":"2026-02-18T11:37:15+00:00","description":"Der Sungrow-Wechselrichter kann \u00fcber Ethernet oder WLAN mit dem Trydan-Ladeger\u00e4t integriert werden. Hier sind die Schritte zu befolgen.","breadcrumb":{"@id":"https:\/\/v2charge.com\/de\/support\/leistungssteuerung\/dynamisches-lastmanagement\/photovoltaik\/sungrow-wechselrichters\/#breadcrumb"},"inLanguage":"de","potentialAction":[{"@type":"ReadAction","target":["https:\/\/v2charge.com\/de\/support\/leistungssteuerung\/dynamisches-lastmanagement\/photovoltaik\/sungrow-wechselrichters\/"]}]},{"@type":"ImageObject","inLanguage":"de","@id":"https:\/\/v2charge.com\/de\/support\/leistungssteuerung\/dynamisches-lastmanagement\/photovoltaik\/sungrow-wechselrichters\/#primaryimage","url":"https:\/\/v2charge.com\/wp-content\/uploads\/2024\/12\/sungrow_logo.png","contentUrl":"https:\/\/v2charge.com\/wp-content\/uploads\/2024\/12\/sungrow_logo.png"},{"@type":"BreadcrumbList","@id":"https:\/\/v2charge.com\/de\/support\/leistungssteuerung\/dynamisches-lastmanagement\/photovoltaik\/sungrow-wechselrichters\/#breadcrumb","itemListElement":[{"@type":"ListItem","position":1,"name":"V2C","item":"https:\/\/v2charge.com\/de\/"},{"@type":"ListItem","position":2,"name":"Support","item":"https:\/\/v2charge.com\/de\/support\/"},{"@type":"ListItem","position":3,"name":"Leistungssteuerung","item":"https:\/\/v2charge.com\/de\/support\/leistungssteuerung\/"},{"@type":"ListItem","position":4,"name":"Dynamisches Lastmanagement","item":"https:\/\/v2charge.com\/de\/support\/leistungssteuerung\/dynamisches-lastmanagement\/"},{"@type":"ListItem","position":5,"name":"Photovoltaik","item":"https:\/\/v2charge.com\/de\/support\/leistungssteuerung\/dynamisches-lastmanagement\/photovoltaik\/"},{"@type":"ListItem","position":6,"name":"Sungrow-Wechselrichter"}]},{"@type":"WebSite","@id":"https:\/\/v2charge.com\/de\/#website","url":"https:\/\/v2charge.com\/de\/","name":"V2C","description":"#CargandoElMa\u00f1ana","publisher":{"@id":"https:\/\/v2charge.com\/de\/#organization"},"potentialAction":[{"@type":"SearchAction","target":{"@type":"EntryPoint","urlTemplate":"https:\/\/v2charge.com\/de\/?s={search_term_string}"},"query-input":{"@type":"PropertyValueSpecification","valueRequired":true,"valueName":"search_term_string"}}],"inLanguage":"de"},{"@type":"Organization","@id":"https:\/\/v2charge.com\/de\/#organization","name":"V2C","url":"https:\/\/v2charge.com\/de\/","logo":{"@type":"ImageObject","inLanguage":"de","@id":"https:\/\/v2charge.com\/de\/#\/schema\/logo\/image\/","url":"https:\/\/v2charge.com\/wp-content\/uploads\/2024\/11\/cropped-v2c-charge-logo-menu.png","contentUrl":"https:\/\/v2charge.com\/wp-content\/uploads\/2024\/11\/cropped-v2c-charge-logo-menu.png","width":984,"height":431,"caption":"V2C"},"image":{"@id":"https:\/\/v2charge.com\/de\/#\/schema\/logo\/image\/"},"sameAs":["https:\/\/www.facebook.com\/V2C.Charge","https:\/\/x.com\/V2C_Charge","https:\/\/www.instagram.com\/v2c.charge\/","https:\/\/www.youtube.com\/@V2C","https:\/\/www.linkedin.com\/company\/v2c-chargers\/"]}]}},"uagb_featured_image_src":{"full":false,"thumbnail":false,"medium":false,"medium_large":false,"large":false,"gs-tiny":false,"xl":false,"xxl":false,"xxxl":false,"xxxxl":false,"xxxxxl":false,"1536x1536":false,"2048x2048":false},"uagb_author_info":{"display_name":"V2C","author_link":"https:\/\/v2charge.com\/de\/author\/marketing\/"},"uagb_comment_info":0,"uagb_excerpt":"Integration des Sungrow-Wechselrichters mit Trydan Verbinden Sie Ihre Trydan-Ladestation mit dem Sungrow-Wechselrichter, um die Energie optimal zu nutzen. Die Verwendung von Wi-Fi-Repeatern oder Mesh-Netzwerken kann die ordnungsgem\u00e4\u00dfe Funktion des Systems beeintr\u00e4chtigen. Wir empfehlen die Nutzung eines stabilen und direkten Wi-Fi-Netzwerks, um eine optimale verbindung zwischen dem ladeger\u00e4t und dem wechselrichter zu gew\u00e4hrleisten. Integration des Sungrow-Wechselrichters&hellip;","_links":{"self":[{"href":"https:\/\/v2charge.com\/de\/wp-json\/wp\/v2\/pages\/201273","targetHints":{"allow":["GET"]}}],"collection":[{"href":"https:\/\/v2charge.com\/de\/wp-json\/wp\/v2\/pages"}],"about":[{"href":"https:\/\/v2charge.com\/de\/wp-json\/wp\/v2\/types\/page"}],"author":[{"embeddable":true,"href":"https:\/\/v2charge.com\/de\/wp-json\/wp\/v2\/users\/400"}],"replies":[{"embeddable":true,"href":"https:\/\/v2charge.com\/de\/wp-json\/wp\/v2\/comments?post=201273"}],"version-history":[{"count":5,"href":"https:\/\/v2charge.com\/de\/wp-json\/wp\/v2\/pages\/201273\/revisions"}],"predecessor-version":[{"id":301125,"href":"https:\/\/v2charge.com\/de\/wp-json\/wp\/v2\/pages\/201273\/revisions\/301125"}],"up":[{"embeddable":true,"href":"https:\/\/v2charge.com\/de\/wp-json\/wp\/v2\/pages\/129621"}],"wp:attachment":[{"href":"https:\/\/v2charge.com\/de\/wp-json\/wp\/v2\/media?parent=201273"}],"curies":[{"name":"wp","href":"https:\/\/api.w.org\/{rel}","templated":true}]}}