{"id":241362,"date":"2025-08-01T12:58:14","date_gmt":"2025-08-01T10:58:14","guid":{"rendered":"https:\/\/v2charge.com\/unterstutzung\/trydan\/medidor-mid\/"},"modified":"2026-02-17T17:49:12","modified_gmt":"2026-02-17T15:49:12","slug":"mid-meter","status":"publish","type":"page","link":"https:\/\/v2charge.com\/de\/support\/trydan\/mid-meter\/","title":{"rendered":"MID-Z\u00e4hler"},"content":{"rendered":"\n<div class=\"wp-block-uagb-container uagb-block-4e29f302 alignfull uagb-is-root-container\"><div class=\"uagb-container-inner-blocks-wrap\"><div class=\"yoast-breadcrumbs\"><span><span><a href=\"https:\/\/v2charge.com\/de\/\">V2C<\/a><\/span> \u00bb <span><a href=\"https:\/\/v2charge.com\/de\/support\/\">Support<\/a><\/span> \u00bb <span><a href=\"https:\/\/v2charge.com\/de\/support\/trydan\/\">Trydan-Support<\/a><\/span> \u00bb <span class=\"breadcrumb_last\" aria-current=\"page\">MID-Z\u00e4hler<\/span><\/span><\/div>\n\n\n<div class=\"wp-block-uagb-advanced-heading uagb-block-eb8d37cd\"><h1 class=\"uagb-heading-text\"><strong>MID-Z\u00e4hler<\/strong><\/h1><\/div>\n\n\n\n<p>Der<strong> MID-Z\u00e4hler<\/strong> ist<strong> ein elektrisches Messger\u00e4t, <\/strong>das den Anforderungen der Europ\u00e4ischen Richtlinie 2014\/32\/EU entspricht, bekannt als MID-Richtlinie (Measuring Instruments Directive).<br><\/p>\n\n\n\n<p><strong>MID-Z\u00e4hler erm\u00f6glichen die pr\u00e4zise Erfassung des w\u00e4hrend des Ladevorgangs von Elektrofahrzeugen verbrauchten Stroms,<\/strong> insbesondere wenn eine zertifizierte Messung f\u00fcr Abrechnungszwecke erforderlich ist. Dank ihrer MID-Zertifizierung bieten diese Z\u00e4hler Betreibern, Unternehmen und Privatpersonen Transparenz bei der Abrechnung des Stromverbrauchs.<br><\/p>\n\n\n\n<p>Neben der Verwendung in Ladeger\u00e4ten f\u00fcr Elektrofahrzeuge kommen MID-Z\u00e4hler auch in <strong>Industrie-, Gewerbe- und Wohnanlagen zum Einsatz, <\/strong>in denen Genauigkeit und R\u00fcckverfolgbarkeit von Energiedaten entscheidend sind.<br><\/p>\n\n\n\n<hr class=\"wp-block-separator has-alpha-channel-opacity\"\/>\n<\/div><\/div>\n\n\n\n<div class=\"wp-block-uagb-advanced-heading uagb-block-f436cc25\"><h1 class=\"uagb-heading-text\"><strong>Wie man den MID-Z\u00e4hler anschlie\u00dft<\/strong><\/h1><\/div>\n\n\n\n<p>Der<strong> MID-Z\u00e4hler<\/strong> wird mit der Phase aus dem Schutzblock versorgt. Wie auf dem Bild zu sehen ist, wird der Neutralleiter (blaues Kabel) oben am Z\u00e4hler angeschlossen und wieder herausgef\u00fchrt, w\u00e4hrend Phase 1 unten am Z\u00e4hler ein- und ausgeht.<br><\/p>\n\n\n\n<div class=\"wp-block-uagb-container uagb-block-a856e430 alignwide uagb-is-root-container\">\n<div class=\"wp-block-uagb-container uagb-block-1c381015\">\n<div class=\"wp-block-uagb-image uagb-block-88976d01 wp-block-uagb-image--layout-default wp-block-uagb-image--effect-zoomin wp-block-uagb-image--align-none\"><figure class=\"wp-block-uagb-image__figure\"><img decoding=\"async\" srcset=\"https:\/\/v2charge.com\/wp-content\/uploads\/2025\/08\/medidor-mid.jpg ,https:\/\/v2charge.com\/wp-content\/uploads\/2025\/08\/medidor-mid.jpg 780w, https:\/\/v2charge.com\/wp-content\/uploads\/2025\/08\/medidor-mid.jpg 360w\" sizes=\"auto, (max-width: 480px) 150px\" src=\"https:\/\/v2charge.com\/wp-content\/uploads\/2025\/08\/medidor-mid.jpg\" alt=\"\" class=\"uag-image-240966\" width=\"842\" height=\"610\" title=\"medidor-mid\" loading=\"lazy\" role=\"img\"\/><\/figure><\/div>\n<\/div>\n\n\n\n<div class=\"wp-block-uagb-container margen-acordeon uagb-block-02f02898\">\n<div class=\"wp-block-uagb-info-box uagb-block-b2701ecb uagb-infobox__content-wrap  uagb-infobox-icon-left uagb-infobox-left uagb-infobox-stacked-tablet uagb-infobox-image-valign-top\"><div class=\"uagb-ifb-image-content\"><img decoding=\"async\" src=\"https:\/\/v2charge.com\/wp-content\/uploads\/2023\/11\/numero-uno.png\" alt=\"\" width=\"25\" height=\"25\" loading=\"lazy\"\/><\/div><div class=\"uagb-ifb-content\"><div class=\"uagb-ifb-title-wrap\"><\/div><p class=\"uagb-ifb-desc\">Einphaseninstallation<\/p><\/div><\/div>\n\n\n\n<div class=\"wp-block-uagb-info-box uagb-block-84c1f95e uagb-infobox__content-wrap  uagb-infobox-icon-left uagb-infobox-left uagb-infobox-stacked-tablet uagb-infobox-image-valign-top\"><div class=\"uagb-ifb-image-content\"><img decoding=\"async\" src=\"https:\/\/v2charge.com\/wp-content\/uploads\/2023\/11\/numero-dos.png\" alt=\"\" width=\"25\" height=\"25\" loading=\"lazy\"\/><\/div><div class=\"uagb-ifb-content\"><div class=\"uagb-ifb-title-wrap\"><\/div><p class=\"uagb-ifb-desc\">MID-Z\u00e4hler<\/p><\/div><\/div>\n\n\n\n<div class=\"wp-block-uagb-info-box uagb-block-d2b382d2 uagb-infobox__content-wrap  uagb-infobox-icon-left uagb-infobox-left uagb-infobox-stacked-tablet uagb-infobox-image-valign-top\"><div class=\"uagb-ifb-image-content\"><img decoding=\"async\" src=\"https:\/\/v2charge.com\/wp-content\/uploads\/2023\/11\/numero-tres.png\" alt=\"\" width=\"25\" height=\"25\" loading=\"lazy\"\/><\/div><div class=\"uagb-ifb-content\"><div class=\"uagb-ifb-title-wrap\"><\/div><p class=\"uagb-ifb-desc\">Leistungskarte<\/p><\/div><\/div>\n\n\n\n<div class=\"wp-block-uagb-info-box uagb-block-510c4db1 uagb-infobox__content-wrap  uagb-infobox-icon-left uagb-infobox-left uagb-infobox-stacked-tablet uagb-infobox-image-valign-top\"><div class=\"uagb-ifb-image-content\"><img decoding=\"async\" src=\"https:\/\/v2charge.com\/wp-content\/uploads\/2023\/11\/numero-cuatro.png\" alt=\"\" width=\"25\" height=\"25\" loading=\"lazy\"\/><\/div><div class=\"uagb-ifb-content\"><div class=\"uagb-ifb-title-wrap\"><\/div><p class=\"uagb-ifb-desc\">CON6 (A und B)<\/p><\/div><\/div>\n\n\n\n<div class=\"wp-block-uagb-info-box uagb-block-1b65eb79 uagb-infobox__content-wrap  uagb-infobox-icon-left uagb-infobox-left uagb-infobox-stacked-tablet uagb-infobox-image-valign-top\"><div class=\"uagb-ifb-image-content\"><img decoding=\"async\" src=\"https:\/\/v2charge.com\/wp-content\/uploads\/2023\/11\/numero-cinco.png\" alt=\"\" width=\"25\" height=\"25\" loading=\"lazy\"\/><\/div><div class=\"uagb-ifb-content\"><div class=\"uagb-ifb-title-wrap\"><\/div><p class=\"uagb-ifb-desc\">Ladekabel<\/p><\/div><\/div>\n\n\n\n<div class=\"wp-block-uagb-info-box uagb-block-617adc4f uagb-infobox__content-wrap  uagb-infobox-icon-left uagb-infobox-left uagb-infobox-stacked-tablet uagb-infobox-image-valign-top\"><div class=\"uagb-ifb-image-content\"><img decoding=\"async\" src=\"https:\/\/v2charge.com\/wp-content\/uploads\/2023\/12\/numero-seis.png\" alt=\"\" width=\"25\" height=\"25\" loading=\"lazy\"\/><\/div><div class=\"uagb-ifb-content\"><div class=\"uagb-ifb-title-wrap\"><\/div><p class=\"uagb-ifb-desc\">e-Charger-Geh\u00e4use<\/p><\/div><\/div>\n<\/div>\n<\/div>\n\n\n\n<hr class=\"wp-block-separator has-alpha-channel-opacity\"\/>\n\n\n\n<div class=\"wp-block-uagb-advanced-heading uagb-block-3510d36a\"><h1 class=\"uagb-heading-text\"><strong>Wie man den MID-Z\u00e4hler konfiguriert<\/strong><\/h1><\/div>\n\n\n\n<p>Der<strong>MID-Z\u00e4hler <\/strong>wird \u00fcber das <a href=\"https:\/\/v2charge.com\/de\/support\/trydan\/tasten-navigation-display\/\"><strong>Bedienfeld des Trydan-Ladeger\u00e4ts konfiguriert.<\/strong><\/a> Dazu rufen Sie die Einstellung \u201e<strong>Zus\u00e4tzlich<\/strong>\u201c auf, gehen dann zum Bereich \u201e<strong>MID-Z\u00e4hler<\/strong>\u201c und w\u00e4hlen schlie\u00dflich \u201e<strong>Einphasig<\/strong>\u201c oder \u201e<strong>Dreiphasig<\/strong>\u201c.<br><strong><br><\/strong><br>Wenn kein MID-Z\u00e4hler vorhanden ist, muss die Option \u201e<strong>Nein<\/strong>\u201c ausgew\u00e4hlt sein.<\/p>\n\n\n\n<div class=\"wp-block-uagb-container uagb-block-d7888932 default uagb-is-root-container\">\n<div class=\"wp-block-uagb-container uagb-block-51c979ca\">\n<div class=\"wp-block-uagb-image uagb-block-522c59ec wp-block-uagb-image--layout-default wp-block-uagb-image--effect-static wp-block-uagb-image--align-none\"><figure class=\"wp-block-uagb-image__figure\"><img decoding=\"async\" srcset=\"https:\/\/v2charge.com\/wp-content\/uploads\/2024\/07\/mid-meter-einphasig.png ,https:\/\/v2charge.com\/wp-content\/uploads\/2024\/07\/mid-meter-einphasig.png 780w, https:\/\/v2charge.com\/wp-content\/uploads\/2024\/07\/mid-meter-einphasig.png 360w\" sizes=\"auto, (max-width: 480px) 150px\" src=\"https:\/\/v2charge.com\/wp-content\/uploads\/2024\/07\/mid-meter-einphasig.png\" alt=\"\" class=\"uag-image-165007\" width=\"685\" height=\"166\" title=\"mid-meter-einphasig\" loading=\"lazy\" role=\"img\"\/><\/figure><\/div>\n<\/div>\n\n\n\n<div class=\"wp-block-uagb-container uagb-block-c2a9fa26\">\n<div class=\"wp-block-uagb-image uagb-block-1dd3bb79 wp-block-uagb-image--layout-default wp-block-uagb-image--effect-static wp-block-uagb-image--align-none\"><figure class=\"wp-block-uagb-image__figure\"><img decoding=\"async\" srcset=\"https:\/\/v2charge.com\/wp-content\/uploads\/2024\/07\/mid-meter-nein.png ,https:\/\/v2charge.com\/wp-content\/uploads\/2024\/07\/mid-meter-nein.png 780w, https:\/\/v2charge.com\/wp-content\/uploads\/2024\/07\/mid-meter-nein.png 360w\" sizes=\"auto, (max-width: 480px) 150px\" src=\"https:\/\/v2charge.com\/wp-content\/uploads\/2024\/07\/mid-meter-nein.png\" alt=\"\" class=\"uag-image-165017\" width=\"685\" height=\"166\" title=\"mid-meter-nein\" loading=\"lazy\" role=\"img\"\/><\/figure><\/div>\n<\/div>\n\n\n\n<div class=\"wp-block-uagb-container uagb-block-971804f3\">\n<div class=\"wp-block-uagb-image uagb-block-8e1dc988 wp-block-uagb-image--layout-default wp-block-uagb-image--effect-static wp-block-uagb-image--align-none\"><figure class=\"wp-block-uagb-image__figure\"><img decoding=\"async\" srcset=\"https:\/\/v2charge.com\/wp-content\/uploads\/2024\/07\/mid-meter-dreiphasig.png ,https:\/\/v2charge.com\/wp-content\/uploads\/2024\/07\/mid-meter-dreiphasig.png 780w, https:\/\/v2charge.com\/wp-content\/uploads\/2024\/07\/mid-meter-dreiphasig.png 360w\" sizes=\"auto, (max-width: 480px) 150px\" src=\"https:\/\/v2charge.com\/wp-content\/uploads\/2024\/07\/mid-meter-dreiphasig.png\" alt=\"\" class=\"uag-image-164997\" width=\"685\" height=\"166\" title=\"mid-meter-dreiphasig\" loading=\"lazy\" role=\"img\"\/><\/figure><\/div>\n<\/div>\n<\/div>\n\n\n\n<div style=\"height:30px\" aria-hidden=\"true\" class=\"wp-block-spacer uag-hide-mob\"><\/div>\n\n\n\n<div style=\"height:50px\" aria-hidden=\"true\" class=\"wp-block-spacer\"><\/div>\n\n\n\n<div class=\"wp-block-uagb-container uagb-block-c6f38013 alignfull uagb-is-root-container\"><div class=\"uagb-container-inner-blocks-wrap\">\n<div class=\"wp-block-uagb-advanced-heading uagb-block-6963d70c\"><h2 class=\"uagb-heading-text\"><strong><strong><strong>Support kontaktieren<\/strong><\/strong><\/strong><\/h2><\/div>\n\n\n\n<div class=\"wp-block-uagb-advanced-heading uagb-block-408243eb\"><p class=\"uagb-heading-text\">Erstellen Sie eine Anfrage im Technical Support Centre und wir werden Sie so schnell wie m\u00f6glich kontaktieren, um Ihnen die beste L\u00f6sung anzubieten.<br><a href=\"https:\/\/v2charge.atlassian.net\/servicedesk\/customer\/portal\/3\"><\/a><\/p><\/div>\n\n\n\n<div class=\"wp-block-uagb-buttons uagb-buttons__outer-wrap uagb-btn__default-btn uagb-btn-tablet__default-btn uagb-btn-mobile__default-btn uagb-block-ba1e67d1\"><div class=\"uagb-buttons__wrap uagb-buttons-layout-wrap \">\n<div class=\"wp-block-uagb-buttons-child uagb-buttons__outer-wrap uagb-block-23cfb623 wp-block-button\"><div class=\"uagb-button__wrapper\"><a class=\"uagb-buttons-repeater wp-block-button__link\" aria-label=\"\" href=\"https:\/\/v2charge.atlassian.net\/servicedesk\/customer\/portal\/3\" rel=\"follow noopener\" target=\"_self\" role=\"button\"><div class=\"uagb-button__link\">Zum technischen Support<\/div><\/a><\/div><\/div>\n<\/div><\/div>\n<\/div><\/div>\n","protected":false},"excerpt":{"rendered":"<p>MID-Z\u00e4hler Der MID-Z\u00e4hler ist ein elektrisches Messger\u00e4t, das den Anforderungen der Europ\u00e4ischen Richtlinie 2014\/32\/EU entspricht, bekannt als MID-Richtlinie (Measuring Instruments Directive). MID-Z\u00e4hler erm\u00f6glichen die pr\u00e4zise Erfassung des w\u00e4hrend des Ladevorgangs von Elektrofahrzeugen verbrauchten Stroms, insbesondere wenn eine zertifizierte Messung f\u00fcr Abrechnungszwecke erforderlich ist. Dank ihrer MID-Zertifizierung bieten diese Z\u00e4hler Betreibern, Unternehmen und Privatpersonen Transparenz bei &#8230; <a title=\"MID-Z\u00e4hler\" class=\"read-more\" href=\"https:\/\/v2charge.com\/de\/support\/trydan\/mid-meter\/\" aria-label=\"Mehr Informationen \u00fcber MID-Z\u00e4hler\">Weiterlesen<\/a><\/p>\n","protected":false},"author":400,"featured_media":0,"parent":75620,"menu_order":0,"comment_status":"closed","ping_status":"closed","template":"","meta":{"_eb_attr":"","content-type":"","_uag_custom_page_level_css":"","footnotes":""},"class_list":["post-241362","page","type-page","status-publish"],"yoast_head":"<!-- This site is optimized with the Yoast SEO plugin v25.3.1 - https:\/\/yoast.com\/wordpress\/plugins\/seo\/ -->\n<title>MID-Z\u00e4hler - V2C<\/title>\n<meta name=\"description\" content=\"Entdecke, wie du den MID-Z\u00e4hler anschlie\u00dft und konfigurierst \u2013 ein Ger\u00e4t, beim Laden von Elektrofahrzeugen pr\u00e4zise erfasst.\" \/>\n<meta name=\"robots\" content=\"index, follow, max-snippet:-1, max-image-preview:large, max-video-preview:-1\" \/>\n<link rel=\"canonical\" href=\"https:\/\/v2charge.com\/de\/support\/trydan\/mid-meter\/\" \/>\n<meta property=\"og:locale\" content=\"de_DE\" \/>\n<meta property=\"og:type\" content=\"article\" \/>\n<meta property=\"og:title\" content=\"MID-Z\u00e4hler - V2C\" \/>\n<meta property=\"og:description\" content=\"Entdecke, wie du den MID-Z\u00e4hler anschlie\u00dft und konfigurierst \u2013 ein Ger\u00e4t, beim Laden von Elektrofahrzeugen pr\u00e4zise erfasst.\" \/>\n<meta property=\"og:url\" content=\"https:\/\/v2charge.com\/de\/support\/trydan\/mid-meter\/\" \/>\n<meta property=\"og:site_name\" content=\"V2C\" \/>\n<meta property=\"article:publisher\" content=\"https:\/\/www.facebook.com\/V2C.Charge\" \/>\n<meta property=\"article:modified_time\" content=\"2026-02-17T15:49:12+00:00\" \/>\n<meta property=\"og:image\" content=\"https:\/\/v2charge.com\/wp-content\/uploads\/2025\/08\/medidor-mid.jpg\" \/>\n<meta name=\"twitter:card\" content=\"summary_large_image\" \/>\n<meta name=\"twitter:site\" content=\"@V2C_Charge\" \/>\n<meta name=\"twitter:label1\" content=\"Gesch\u00e4tzte Lesezeit\" \/>\n\t<meta name=\"twitter:data1\" content=\"3\u00a0Minuten\" \/>\n<script type=\"application\/ld+json\" class=\"yoast-schema-graph\">{\"@context\":\"https:\/\/schema.org\",\"@graph\":[{\"@type\":\"WebPage\",\"@id\":\"https:\/\/v2charge.com\/de\/support\/trydan\/mid-meter\/\",\"url\":\"https:\/\/v2charge.com\/de\/support\/trydan\/mid-meter\/\",\"name\":\"MID-Z\u00e4hler - V2C\",\"isPartOf\":{\"@id\":\"https:\/\/v2charge.com\/de\/#website\"},\"primaryImageOfPage\":{\"@id\":\"https:\/\/v2charge.com\/de\/support\/trydan\/mid-meter\/#primaryimage\"},\"image\":{\"@id\":\"https:\/\/v2charge.com\/de\/support\/trydan\/mid-meter\/#primaryimage\"},\"thumbnailUrl\":\"https:\/\/v2charge.com\/wp-content\/uploads\/2025\/08\/medidor-mid.jpg\",\"datePublished\":\"2025-08-01T10:58:14+00:00\",\"dateModified\":\"2026-02-17T15:49:12+00:00\",\"description\":\"Entdecke, wie du den MID-Z\u00e4hler anschlie\u00dft und konfigurierst \u2013 ein Ger\u00e4t, beim Laden von Elektrofahrzeugen pr\u00e4zise erfasst.\",\"breadcrumb\":{\"@id\":\"https:\/\/v2charge.com\/de\/support\/trydan\/mid-meter\/#breadcrumb\"},\"inLanguage\":\"de\",\"potentialAction\":[{\"@type\":\"ReadAction\",\"target\":[\"https:\/\/v2charge.com\/de\/support\/trydan\/mid-meter\/\"]}]},{\"@type\":\"ImageObject\",\"inLanguage\":\"de\",\"@id\":\"https:\/\/v2charge.com\/de\/support\/trydan\/mid-meter\/#primaryimage\",\"url\":\"https:\/\/v2charge.com\/wp-content\/uploads\/2025\/08\/medidor-mid.jpg\",\"contentUrl\":\"https:\/\/v2charge.com\/wp-content\/uploads\/2025\/08\/medidor-mid.jpg\"},{\"@type\":\"BreadcrumbList\",\"@id\":\"https:\/\/v2charge.com\/de\/support\/trydan\/mid-meter\/#breadcrumb\",\"itemListElement\":[{\"@type\":\"ListItem\",\"position\":1,\"name\":\"V2C\",\"item\":\"https:\/\/v2charge.com\/de\/\"},{\"@type\":\"ListItem\",\"position\":2,\"name\":\"Support\",\"item\":\"https:\/\/v2charge.com\/de\/support\/\"},{\"@type\":\"ListItem\",\"position\":3,\"name\":\"Trydan-Support\",\"item\":\"https:\/\/v2charge.com\/de\/support\/trydan\/\"},{\"@type\":\"ListItem\",\"position\":4,\"name\":\"MID-Z\u00e4hler\"}]},{\"@type\":\"WebSite\",\"@id\":\"https:\/\/v2charge.com\/de\/#website\",\"url\":\"https:\/\/v2charge.com\/de\/\",\"name\":\"V2C\",\"description\":\"#CargandoElMa\u00f1ana\",\"publisher\":{\"@id\":\"https:\/\/v2charge.com\/de\/#organization\"},\"potentialAction\":[{\"@type\":\"SearchAction\",\"target\":{\"@type\":\"EntryPoint\",\"urlTemplate\":\"https:\/\/v2charge.com\/de\/?s={search_term_string}\"},\"query-input\":{\"@type\":\"PropertyValueSpecification\",\"valueRequired\":true,\"valueName\":\"search_term_string\"}}],\"inLanguage\":\"de\"},{\"@type\":\"Organization\",\"@id\":\"https:\/\/v2charge.com\/de\/#organization\",\"name\":\"V2C\",\"url\":\"https:\/\/v2charge.com\/de\/\",\"logo\":{\"@type\":\"ImageObject\",\"inLanguage\":\"de\",\"@id\":\"https:\/\/v2charge.com\/de\/#\/schema\/logo\/image\/\",\"url\":\"https:\/\/v2charge.com\/wp-content\/uploads\/2024\/11\/cropped-v2c-charge-logo-menu.png\",\"contentUrl\":\"https:\/\/v2charge.com\/wp-content\/uploads\/2024\/11\/cropped-v2c-charge-logo-menu.png\",\"width\":984,\"height\":431,\"caption\":\"V2C\"},\"image\":{\"@id\":\"https:\/\/v2charge.com\/de\/#\/schema\/logo\/image\/\"},\"sameAs\":[\"https:\/\/www.facebook.com\/V2C.Charge\",\"https:\/\/x.com\/V2C_Charge\",\"https:\/\/www.instagram.com\/v2c.charge\/\",\"https:\/\/www.youtube.com\/@V2C\",\"https:\/\/www.linkedin.com\/company\/v2c-chargers\/\"]}]}<\/script>\n<!-- \/ Yoast SEO plugin. -->","yoast_head_json":{"title":"MID-Z\u00e4hler - V2C","description":"Entdecke, wie du den MID-Z\u00e4hler anschlie\u00dft und konfigurierst \u2013 ein Ger\u00e4t, beim Laden von Elektrofahrzeugen pr\u00e4zise erfasst.","robots":{"index":"index","follow":"follow","max-snippet":"max-snippet:-1","max-image-preview":"max-image-preview:large","max-video-preview":"max-video-preview:-1"},"canonical":"https:\/\/v2charge.com\/de\/support\/trydan\/mid-meter\/","og_locale":"de_DE","og_type":"article","og_title":"MID-Z\u00e4hler - V2C","og_description":"Entdecke, wie du den MID-Z\u00e4hler anschlie\u00dft und konfigurierst \u2013 ein Ger\u00e4t, beim Laden von Elektrofahrzeugen pr\u00e4zise erfasst.","og_url":"https:\/\/v2charge.com\/de\/support\/trydan\/mid-meter\/","og_site_name":"V2C","article_publisher":"https:\/\/www.facebook.com\/V2C.Charge","article_modified_time":"2026-02-17T15:49:12+00:00","og_image":[{"url":"https:\/\/v2charge.com\/wp-content\/uploads\/2025\/08\/medidor-mid.jpg","type":"","width":"","height":""}],"twitter_card":"summary_large_image","twitter_site":"@V2C_Charge","twitter_misc":{"Gesch\u00e4tzte Lesezeit":"3\u00a0Minuten"},"schema":{"@context":"https:\/\/schema.org","@graph":[{"@type":"WebPage","@id":"https:\/\/v2charge.com\/de\/support\/trydan\/mid-meter\/","url":"https:\/\/v2charge.com\/de\/support\/trydan\/mid-meter\/","name":"MID-Z\u00e4hler - V2C","isPartOf":{"@id":"https:\/\/v2charge.com\/de\/#website"},"primaryImageOfPage":{"@id":"https:\/\/v2charge.com\/de\/support\/trydan\/mid-meter\/#primaryimage"},"image":{"@id":"https:\/\/v2charge.com\/de\/support\/trydan\/mid-meter\/#primaryimage"},"thumbnailUrl":"https:\/\/v2charge.com\/wp-content\/uploads\/2025\/08\/medidor-mid.jpg","datePublished":"2025-08-01T10:58:14+00:00","dateModified":"2026-02-17T15:49:12+00:00","description":"Entdecke, wie du den MID-Z\u00e4hler anschlie\u00dft und konfigurierst \u2013 ein Ger\u00e4t, beim Laden von Elektrofahrzeugen pr\u00e4zise erfasst.","breadcrumb":{"@id":"https:\/\/v2charge.com\/de\/support\/trydan\/mid-meter\/#breadcrumb"},"inLanguage":"de","potentialAction":[{"@type":"ReadAction","target":["https:\/\/v2charge.com\/de\/support\/trydan\/mid-meter\/"]}]},{"@type":"ImageObject","inLanguage":"de","@id":"https:\/\/v2charge.com\/de\/support\/trydan\/mid-meter\/#primaryimage","url":"https:\/\/v2charge.com\/wp-content\/uploads\/2025\/08\/medidor-mid.jpg","contentUrl":"https:\/\/v2charge.com\/wp-content\/uploads\/2025\/08\/medidor-mid.jpg"},{"@type":"BreadcrumbList","@id":"https:\/\/v2charge.com\/de\/support\/trydan\/mid-meter\/#breadcrumb","itemListElement":[{"@type":"ListItem","position":1,"name":"V2C","item":"https:\/\/v2charge.com\/de\/"},{"@type":"ListItem","position":2,"name":"Support","item":"https:\/\/v2charge.com\/de\/support\/"},{"@type":"ListItem","position":3,"name":"Trydan-Support","item":"https:\/\/v2charge.com\/de\/support\/trydan\/"},{"@type":"ListItem","position":4,"name":"MID-Z\u00e4hler"}]},{"@type":"WebSite","@id":"https:\/\/v2charge.com\/de\/#website","url":"https:\/\/v2charge.com\/de\/","name":"V2C","description":"#CargandoElMa\u00f1ana","publisher":{"@id":"https:\/\/v2charge.com\/de\/#organization"},"potentialAction":[{"@type":"SearchAction","target":{"@type":"EntryPoint","urlTemplate":"https:\/\/v2charge.com\/de\/?s={search_term_string}"},"query-input":{"@type":"PropertyValueSpecification","valueRequired":true,"valueName":"search_term_string"}}],"inLanguage":"de"},{"@type":"Organization","@id":"https:\/\/v2charge.com\/de\/#organization","name":"V2C","url":"https:\/\/v2charge.com\/de\/","logo":{"@type":"ImageObject","inLanguage":"de","@id":"https:\/\/v2charge.com\/de\/#\/schema\/logo\/image\/","url":"https:\/\/v2charge.com\/wp-content\/uploads\/2024\/11\/cropped-v2c-charge-logo-menu.png","contentUrl":"https:\/\/v2charge.com\/wp-content\/uploads\/2024\/11\/cropped-v2c-charge-logo-menu.png","width":984,"height":431,"caption":"V2C"},"image":{"@id":"https:\/\/v2charge.com\/de\/#\/schema\/logo\/image\/"},"sameAs":["https:\/\/www.facebook.com\/V2C.Charge","https:\/\/x.com\/V2C_Charge","https:\/\/www.instagram.com\/v2c.charge\/","https:\/\/www.youtube.com\/@V2C","https:\/\/www.linkedin.com\/company\/v2c-chargers\/"]}]}},"uagb_featured_image_src":{"full":false,"thumbnail":false,"medium":false,"medium_large":false,"large":false,"gs-tiny":false,"xl":false,"xxl":false,"xxxl":false,"xxxxl":false,"xxxxxl":false,"1536x1536":false,"2048x2048":false},"uagb_author_info":{"display_name":"V2C","author_link":"https:\/\/v2charge.com\/de\/author\/marketing\/"},"uagb_comment_info":0,"uagb_excerpt":"MID-Z\u00e4hler Der MID-Z\u00e4hler ist ein elektrisches Messger\u00e4t, das den Anforderungen der Europ\u00e4ischen Richtlinie 2014\/32\/EU entspricht, bekannt als MID-Richtlinie (Measuring Instruments Directive). MID-Z\u00e4hler erm\u00f6glichen die pr\u00e4zise Erfassung des w\u00e4hrend des Ladevorgangs von Elektrofahrzeugen verbrauchten Stroms, insbesondere wenn eine zertifizierte Messung f\u00fcr Abrechnungszwecke erforderlich ist. Dank ihrer MID-Zertifizierung bieten diese Z\u00e4hler Betreibern, Unternehmen und Privatpersonen Transparenz bei&hellip;","_links":{"self":[{"href":"https:\/\/v2charge.com\/de\/wp-json\/wp\/v2\/pages\/241362","targetHints":{"allow":["GET"]}}],"collection":[{"href":"https:\/\/v2charge.com\/de\/wp-json\/wp\/v2\/pages"}],"about":[{"href":"https:\/\/v2charge.com\/de\/wp-json\/wp\/v2\/types\/page"}],"author":[{"embeddable":true,"href":"https:\/\/v2charge.com\/de\/wp-json\/wp\/v2\/users\/400"}],"replies":[{"embeddable":true,"href":"https:\/\/v2charge.com\/de\/wp-json\/wp\/v2\/comments?post=241362"}],"version-history":[{"count":5,"href":"https:\/\/v2charge.com\/de\/wp-json\/wp\/v2\/pages\/241362\/revisions"}],"predecessor-version":[{"id":300944,"href":"https:\/\/v2charge.com\/de\/wp-json\/wp\/v2\/pages\/241362\/revisions\/300944"}],"up":[{"embeddable":true,"href":"https:\/\/v2charge.com\/de\/wp-json\/wp\/v2\/pages\/75620"}],"wp:attachment":[{"href":"https:\/\/v2charge.com\/de\/wp-json\/wp\/v2\/media?parent=241362"}],"curies":[{"name":"wp","href":"https:\/\/api.w.org\/{rel}","templated":true}]}}