{"id":304701,"date":"2024-03-26T12:40:28","date_gmt":"2024-03-26T10:40:28","guid":{"rendered":"https:\/\/v2charge.com\/support\/trydan\/esquema-unifilar\/"},"modified":"2026-03-02T17:17:29","modified_gmt":"2026-03-02T15:17:29","slug":"einliniendiagramm-trydan","status":"publish","type":"page","link":"https:\/\/v2charge.com\/de\/support\/trydan\/einliniendiagramm-trydan\/","title":{"rendered":"Einliniendiagramm Trydan"},"content":{"rendered":"\n<div class=\"wp-block-uagb-container uagb-block-4e29f302 alignfull uagb-is-root-container\"><div class=\"uagb-container-inner-blocks-wrap\"><div class=\"yoast-breadcrumbs\"><span><span><a href=\"https:\/\/v2charge.com\/de\/\">V2C<\/a><\/span> \u00bb <span><a href=\"https:\/\/v2charge.com\/de\/support\/\">Support<\/a><\/span> \u00bb <span><a href=\"https:\/\/v2charge.com\/de\/support\/trydan\/\">Trydan-Support<\/a><\/span> \u00bb <span class=\"breadcrumb_last\" aria-current=\"page\">Trydan Einliniendiagramm<\/span><\/span><\/div>\n\n\n<div class=\"wp-block-uagb-advanced-heading uagb-block-eb8d37cd\"><h1 class=\"uagb-heading-text\">Trydan Einliniendiagramm mit Schutzkomponenten<\/h1><\/div>\n\n\n\n<p>Das Einliniendiagramm des Trydan zeigt \u00fcbersichtlich und im Detail, wie alle elektrischen Komponenten dieses fortschrittlichen Ladeger\u00e4ts angeordnet und miteinander verbunden sind.<br><br>Das Schema dient als Referenz zur Analyse der elektrischen Architektur. Es unterst\u00fctzt die eindeutige Identifikation von Baugruppen und deren Funktion im Gesamtsystem und ist damit relevant f\u00fcr Instandhaltung, <strong>Reparatur sowie Fehlerdiagnose<\/strong>. Auf Basis der visuellen Darstellung lassen sich Wartungsma\u00dfnahmen strukturiert planen und St\u00f6rungen w\u00e4hrend des Betriebs effizient lokalisieren und beheben.<\/p>\n\n\n\n<div class=\"wp-block-uagb-advanced-heading uagb-block-d9d51112\"><h2 class=\"uagb-heading-text\">Ladepunkt ohne Schuko<\/h2><\/div>\n\n\n\n<div class=\"wp-block-uagb-container uagb-block-115ba7b4 alignfull uagb-is-root-container\"><div class=\"uagb-container-inner-blocks-wrap\">\n<div class=\"wp-block-uagb-container uagb-block-bf8267bf\">\n<div class=\"wp-block-uagb-image aligncenter uagb-block-9c978f55 wp-block-uagb-image--layout-default wp-block-uagb-image--effect-static wp-block-uagb-image--align-center\"><figure class=\"wp-block-uagb-image__figure\"><img decoding=\"async\" srcset=\"https:\/\/v2charge.com\/wp-content\/uploads\/2024\/03\/single-line-diagram-trydan.jpg ,https:\/\/v2charge.com\/wp-content\/uploads\/2024\/03\/single-line-diagram-trydan.jpg 780w, https:\/\/v2charge.com\/wp-content\/uploads\/2024\/03\/single-line-diagram-trydan.jpg 360w\" sizes=\"auto, (max-width: 480px) 150px\" src=\"https:\/\/v2charge.com\/wp-content\/uploads\/2024\/03\/single-line-diagram-trydan.jpg\" alt=\"\" class=\"uag-image-143035\" width=\"410\" height=\"800\" title=\"\" loading=\"lazy\" role=\"img\"\/><\/figure><\/div>\n<\/div>\n\n\n\n<div class=\"wp-block-uagb-container uagb-block-2c38e434\">\n<div class=\"wp-block-uagb-info-box uagb-block-f4bc3d17 uagb-infobox__content-wrap  uagb-infobox-icon-left uagb-infobox-left uagb-infobox-stacked-tablet uagb-infobox-image-valign-top\"><div class=\"uagb-ifb-image-content\"><img decoding=\"async\" src=\"https:\/\/v2charge.com\/wp-content\/uploads\/2023\/11\/numero-uno.png\" alt=\"\" width=\"25\" height=\"25\" loading=\"lazy\"\/><\/div><div class=\"uagb-ifb-content\"><div class=\"uagb-ifb-title-wrap\"><\/div><p class=\"uagb-ifb-desc\">LS-Schalter (IGA) + \u00dcberspannungsschutz gegen transiente und dauerhafte \u00dcberspannungen; kombiniert mit FI (unten).<\/p><\/div><\/div>\n\n\n\n<div class=\"wp-block-uagb-info-box uagb-block-be4b7ee4 uagb-infobox__content-wrap  uagb-infobox-icon-left uagb-infobox-left uagb-infobox-stacked-tablet uagb-infobox-image-valign-top\"><div class=\"uagb-ifb-image-content\"><img decoding=\"async\" src=\"https:\/\/v2charge.com\/wp-content\/uploads\/2023\/11\/numero-dos.png\" alt=\"\" width=\"25\" height=\"25\" loading=\"lazy\"\/><\/div><div class=\"uagb-ifb-content\"><div class=\"uagb-ifb-title-wrap\"><\/div><p class=\"uagb-ifb-desc\">2P, Charakteristik C<br>In: 32 A \u00b7 Icu: 6 kA \u00b7 Typ II \u00b7 Imax: 5 kA \u00b7 EN 61643<\/p><\/div><\/div>\n\n\n\n<div class=\"wp-block-uagb-info-box uagb-block-19cce819 uagb-infobox__content-wrap  uagb-infobox-icon-left uagb-infobox-left uagb-infobox-stacked-tablet uagb-infobox-image-valign-top\"><div class=\"uagb-ifb-image-content\"><img decoding=\"async\" src=\"https:\/\/v2charge.com\/wp-content\/uploads\/2023\/11\/numero-tres.png\" alt=\"\" width=\"25\" height=\"25\" loading=\"lazy\"\/><\/div><div class=\"uagb-ifb-content\"><div class=\"uagb-ifb-title-wrap\"><\/div><p class=\"uagb-ifb-desc\">FI-Schutzschalter, 2-polig<br>In: 40 A \u00b7 I\u0394n: 30 mA \u00b7 sofortausl\u00f6send \u00b7 Typ A, SI<\/p><\/div><\/div>\n\n\n\n<div class=\"wp-block-uagb-info-box uagb-block-db49fce1 uagb-infobox__content-wrap  uagb-infobox-icon-left uagb-infobox-left uagb-infobox-stacked-tablet uagb-infobox-image-valign-top\"><div class=\"uagb-ifb-image-content\"><img decoding=\"async\" src=\"https:\/\/v2charge.com\/wp-content\/uploads\/2023\/11\/numero-cuatro.png\" alt=\"\" width=\"25\" height=\"25\" loading=\"lazy\"\/><\/div><div class=\"uagb-ifb-content\"><div class=\"uagb-ifb-title-wrap\"><\/div><p class=\"uagb-ifb-desc\">Ladepunkt: 7,36 kW<\/p><\/div><\/div>\n<\/div>\n<\/div><\/div>\n\n\n\n<div class=\"wp-block-uagb-advanced-heading uagb-block-1d853114\"><h2 class=\"uagb-heading-text\">Ladepunkt mit Schuko<\/h2><\/div>\n\n\n\n<div class=\"wp-block-uagb-container uagb-block-56c16a6f alignfull uagb-is-root-container\"><div class=\"uagb-container-inner-blocks-wrap\">\n<div class=\"wp-block-uagb-container uagb-block-7bae537e\">\n<div class=\"wp-block-uagb-image aligncenter uagb-block-d1cd0477 wp-block-uagb-image--layout-default wp-block-uagb-image--effect-static wp-block-uagb-image--align-center\"><figure class=\"wp-block-uagb-image__figure\"><img decoding=\"async\" srcset=\"https:\/\/v2charge.com\/wp-content\/uploads\/2025\/02\/esquema-unifilar-trydan-protecciones-schuko.jpg ,https:\/\/v2charge.com\/wp-content\/uploads\/2025\/02\/esquema-unifilar-trydan-protecciones-schuko.jpg 780w, https:\/\/v2charge.com\/wp-content\/uploads\/2025\/02\/esquema-unifilar-trydan-protecciones-schuko.jpg 360w\" sizes=\"auto, (max-width: 480px) 150px\" src=\"https:\/\/v2charge.com\/wp-content\/uploads\/2025\/02\/esquema-unifilar-trydan-protecciones-schuko.jpg\" alt=\"\" class=\"uag-image-206577\" width=\"519\" height=\"666\" title=\"esquema-unifilar-trydan-protecciones-schuko\" loading=\"lazy\" role=\"img\"\/><\/figure><\/div>\n<\/div>\n\n\n\n<div class=\"wp-block-uagb-container uagb-block-30011c0f\">\n<div class=\"wp-block-uagb-info-box uagb-block-7383f999 uagb-infobox__content-wrap  uagb-infobox-icon-left uagb-infobox-left uagb-infobox-stacked-tablet uagb-infobox-image-valign-top\"><div class=\"uagb-ifb-image-content\"><img decoding=\"async\" src=\"https:\/\/v2charge.com\/wp-content\/uploads\/2023\/11\/numero-uno.png\" alt=\"\" width=\"25\" height=\"25\" loading=\"lazy\"\/><\/div><div class=\"uagb-ifb-content\"><div class=\"uagb-ifb-title-wrap\"><\/div><p class=\"uagb-ifb-desc\">LS-Schalter (IGA) + \u00dcberspannungsschutz gegen transiente und dauerhafte \u00dcberspannungen; kombiniert mit FI (unten).<\/p><\/div><\/div>\n\n\n\n<div class=\"wp-block-uagb-info-box uagb-block-f27286f1 uagb-infobox__content-wrap  uagb-infobox-icon-left uagb-infobox-left uagb-infobox-stacked-tablet uagb-infobox-image-valign-top\"><div class=\"uagb-ifb-image-content\"><img decoding=\"async\" src=\"https:\/\/v2charge.com\/wp-content\/uploads\/2023\/11\/numero-dos.png\" alt=\"\" width=\"25\" height=\"25\" loading=\"lazy\"\/><\/div><div class=\"uagb-ifb-content\"><div class=\"uagb-ifb-title-wrap\"><\/div><p class=\"uagb-ifb-desc\">2P, Charakteristik C<br>In: 32 A \u00b7 Icu: 6 kA \u00b7 Typ II \u00b7 Imax: 5 kA \u00b7 EN 61643<\/p><\/div><\/div>\n\n\n\n<div class=\"wp-block-uagb-info-box uagb-block-d7f20f31 uagb-infobox__content-wrap  uagb-infobox-icon-left uagb-infobox-left uagb-infobox-stacked-tablet uagb-infobox-image-valign-top\"><div class=\"uagb-ifb-image-content\"><img decoding=\"async\" src=\"https:\/\/v2charge.com\/wp-content\/uploads\/2023\/11\/numero-tres.png\" alt=\"\" width=\"25\" height=\"25\" loading=\"lazy\"\/><\/div><div class=\"uagb-ifb-content\"><div class=\"uagb-ifb-title-wrap\"><\/div><p class=\"uagb-ifb-desc\">FI, 2P<br>In: 40 A \u00b7 I\u0394n: 30 mA \u00b7 instantan \u00b7 Typ A, SI<\/p><\/div><\/div>\n\n\n\n<div class=\"wp-block-uagb-info-box uagb-block-c7338ebe uagb-infobox__content-wrap  uagb-infobox-icon-left uagb-infobox-left uagb-infobox-stacked-tablet uagb-infobox-image-valign-top\"><div class=\"uagb-ifb-image-content\"><img decoding=\"async\" src=\"https:\/\/v2charge.com\/wp-content\/uploads\/2023\/11\/numero-cuatro.png\" alt=\"\" width=\"25\" height=\"25\" loading=\"lazy\"\/><\/div><div class=\"uagb-ifb-content\"><div class=\"uagb-ifb-title-wrap\"><\/div><p class=\"uagb-ifb-desc\">Schuko-Abgang<br>IP + N \u00b7 In: 10 A \u00b7 Charakteristik C<\/p><\/div><\/div>\n\n\n\n<div class=\"wp-block-uagb-info-box uagb-block-6359aaec uagb-infobox__content-wrap  uagb-infobox-icon-left uagb-infobox-left uagb-infobox-stacked-tablet uagb-infobox-image-valign-top\"><div class=\"uagb-ifb-image-content\"><img decoding=\"async\" src=\"https:\/\/v2charge.com\/wp-content\/uploads\/2023\/11\/numero-cinco.png\" alt=\"\" width=\"25\" height=\"25\" loading=\"lazy\"\/><\/div><div class=\"uagb-ifb-content\"><div class=\"uagb-ifb-title-wrap\"><\/div><p class=\"uagb-ifb-desc\">Ladepunkt: 7,36 kW<\/p><\/div><\/div>\n<\/div>\n<\/div><\/div>\n<\/div><\/div>\n\n\n\n<div style=\"height:50px\" aria-hidden=\"true\" class=\"wp-block-spacer\"><\/div>\n\n\n\n<div class=\"wp-block-uagb-container uagb-block-c6f38013 alignfull uagb-is-root-container\"><div class=\"uagb-container-inner-blocks-wrap\">\n<div class=\"wp-block-uagb-advanced-heading uagb-block-6963d70c\"><h2 class=\"uagb-heading-text\"><strong>Support kontaktieren<\/strong><\/h2><\/div>\n\n\n\n<div class=\"wp-block-uagb-advanced-heading uagb-block-408243eb\"><p class=\"uagb-heading-text\">Erstellen Sie eine Anfrage im Technical Support Centre und wir werden Sie so schnell wie m\u00f6glich kontaktieren, um Ihnen die beste L\u00f6sung anzubieten.<\/p><\/div>\n\n\n\n<div class=\"wp-block-uagb-buttons uagb-buttons__outer-wrap uagb-btn__default-btn uagb-btn-tablet__default-btn uagb-btn-mobile__default-btn uagb-block-ba1e67d1\"><div class=\"uagb-buttons__wrap uagb-buttons-layout-wrap \">\n<div class=\"wp-block-uagb-buttons-child uagb-buttons__outer-wrap uagb-block-23cfb623 wp-block-button\"><div class=\"uagb-button__wrapper\"><a class=\"uagb-buttons-repeater wp-block-button__link\" aria-label=\"\" href=\"https:\/\/v2charge.atlassian.net\/servicedesk\/customer\/portal\/3\" rel=\"follow noopener\" target=\"_blank\" role=\"button\"><div class=\"uagb-button__link\">Zum technischen Support<\/div><\/a><\/div><\/div>\n<\/div><\/div>\n<\/div><\/div>\n","protected":false},"excerpt":{"rendered":"<p>Trydan Einliniendiagramm mit Schutzkomponenten Das Einliniendiagramm des Trydan zeigt \u00fcbersichtlich und im Detail, wie alle elektrischen Komponenten dieses fortschrittlichen Ladeger\u00e4ts angeordnet und miteinander verbunden sind. Das Schema dient als Referenz zur Analyse der elektrischen Architektur. Es unterst\u00fctzt die eindeutige Identifikation von Baugruppen und deren Funktion im Gesamtsystem und ist damit relevant f\u00fcr Instandhaltung, Reparatur sowie &#8230; <a title=\"Einliniendiagramm Trydan\" class=\"read-more\" href=\"https:\/\/v2charge.com\/de\/support\/trydan\/einliniendiagramm-trydan\/\" aria-label=\"Mehr Informationen \u00fcber Einliniendiagramm Trydan\">Weiterlesen<\/a><\/p>\n","protected":false},"author":400,"featured_media":170350,"parent":75620,"menu_order":0,"comment_status":"closed","ping_status":"closed","template":"","meta":{"_eb_attr":"","content-type":"","_uag_custom_page_level_css":"","footnotes":""},"class_list":["post-304701","page","type-page","status-publish","has-post-thumbnail"],"yoast_head":"<!-- This site is optimized with the Yoast SEO plugin v25.3.1 - https:\/\/yoast.com\/wordpress\/plugins\/seo\/ -->\n<title>Trydan Einliniendiagramm: Aufbau &amp; Schutzkomponenten<\/title>\n<meta name=\"description\" content=\"\u00dcbersicht zum Trydan Einliniendiagramm: Komponenten und Anschl\u00fcsse auf einen Blick. Praktisch f\u00fcr Service, Wartung und Problemanalyse.\" \/>\n<meta name=\"robots\" content=\"index, follow, max-snippet:-1, max-image-preview:large, max-video-preview:-1\" \/>\n<link rel=\"canonical\" href=\"https:\/\/v2charge.com\/de\/support\/trydan\/einliniendiagramm-trydan\/\" \/>\n<meta property=\"og:locale\" content=\"de_DE\" \/>\n<meta property=\"og:type\" content=\"article\" \/>\n<meta property=\"og:title\" content=\"Trydan Einliniendiagramm: Aufbau &amp; Schutzkomponenten\" \/>\n<meta property=\"og:description\" content=\"\u00dcbersicht zum Trydan Einliniendiagramm: Komponenten und Anschl\u00fcsse auf einen Blick. Praktisch f\u00fcr Service, Wartung und Problemanalyse.\" \/>\n<meta property=\"og:url\" content=\"https:\/\/v2charge.com\/de\/support\/trydan\/einliniendiagramm-trydan\/\" \/>\n<meta property=\"og:site_name\" content=\"V2C\" \/>\n<meta property=\"article:publisher\" content=\"https:\/\/www.facebook.com\/V2C.Charge\" \/>\n<meta property=\"article:modified_time\" content=\"2026-03-02T15:17:29+00:00\" \/>\n<meta property=\"og:image\" content=\"https:\/\/v2charge.com\/wp-content\/uploads\/2024\/07\/v2c-electric-chargers.jpg\" \/>\n\t<meta property=\"og:image:width\" content=\"1200\" \/>\n\t<meta property=\"og:image:height\" content=\"675\" \/>\n\t<meta property=\"og:image:type\" content=\"image\/jpeg\" \/>\n<meta name=\"twitter:card\" content=\"summary_large_image\" \/>\n<meta name=\"twitter:site\" content=\"@V2C_Charge\" \/>\n<meta name=\"twitter:label1\" content=\"Gesch\u00e4tzte Lesezeit\" \/>\n\t<meta name=\"twitter:data1\" content=\"4\u00a0Minuten\" \/>\n<script type=\"application\/ld+json\" class=\"yoast-schema-graph\">{\"@context\":\"https:\/\/schema.org\",\"@graph\":[{\"@type\":\"WebPage\",\"@id\":\"https:\/\/v2charge.com\/de\/support\/trydan\/einliniendiagramm-trydan\/\",\"url\":\"https:\/\/v2charge.com\/de\/support\/trydan\/einliniendiagramm-trydan\/\",\"name\":\"Trydan Einliniendiagramm: Aufbau & Schutzkomponenten\",\"isPartOf\":{\"@id\":\"https:\/\/v2charge.com\/de\/#website\"},\"primaryImageOfPage\":{\"@id\":\"https:\/\/v2charge.com\/de\/support\/trydan\/einliniendiagramm-trydan\/#primaryimage\"},\"image\":{\"@id\":\"https:\/\/v2charge.com\/de\/support\/trydan\/einliniendiagramm-trydan\/#primaryimage\"},\"thumbnailUrl\":\"https:\/\/v2charge.com\/wp-content\/uploads\/2024\/07\/v2c-electric-chargers.jpg\",\"datePublished\":\"2024-03-26T10:40:28+00:00\",\"dateModified\":\"2026-03-02T15:17:29+00:00\",\"description\":\"\u00dcbersicht zum Trydan Einliniendiagramm: Komponenten und Anschl\u00fcsse auf einen Blick. Praktisch f\u00fcr Service, Wartung und Problemanalyse.\",\"breadcrumb\":{\"@id\":\"https:\/\/v2charge.com\/de\/support\/trydan\/einliniendiagramm-trydan\/#breadcrumb\"},\"inLanguage\":\"de\",\"potentialAction\":[{\"@type\":\"ReadAction\",\"target\":[\"https:\/\/v2charge.com\/de\/support\/trydan\/einliniendiagramm-trydan\/\"]}]},{\"@type\":\"ImageObject\",\"inLanguage\":\"de\",\"@id\":\"https:\/\/v2charge.com\/de\/support\/trydan\/einliniendiagramm-trydan\/#primaryimage\",\"url\":\"https:\/\/v2charge.com\/wp-content\/uploads\/2024\/07\/v2c-electric-chargers.jpg\",\"contentUrl\":\"https:\/\/v2charge.com\/wp-content\/uploads\/2024\/07\/v2c-electric-chargers.jpg\",\"width\":1200,\"height\":675,\"caption\":\"V2C Electric Chargers\"},{\"@type\":\"BreadcrumbList\",\"@id\":\"https:\/\/v2charge.com\/de\/support\/trydan\/einliniendiagramm-trydan\/#breadcrumb\",\"itemListElement\":[{\"@type\":\"ListItem\",\"position\":1,\"name\":\"V2C\",\"item\":\"https:\/\/v2charge.com\/de\/\"},{\"@type\":\"ListItem\",\"position\":2,\"name\":\"Support\",\"item\":\"https:\/\/v2charge.com\/de\/support\/\"},{\"@type\":\"ListItem\",\"position\":3,\"name\":\"Trydan-Support\",\"item\":\"https:\/\/v2charge.com\/de\/support\/trydan\/\"},{\"@type\":\"ListItem\",\"position\":4,\"name\":\"Trydan Einliniendiagramm\"}]},{\"@type\":\"WebSite\",\"@id\":\"https:\/\/v2charge.com\/de\/#website\",\"url\":\"https:\/\/v2charge.com\/de\/\",\"name\":\"V2C\",\"description\":\"#CargandoElMa\u00f1ana\",\"publisher\":{\"@id\":\"https:\/\/v2charge.com\/de\/#organization\"},\"potentialAction\":[{\"@type\":\"SearchAction\",\"target\":{\"@type\":\"EntryPoint\",\"urlTemplate\":\"https:\/\/v2charge.com\/de\/?s={search_term_string}\"},\"query-input\":{\"@type\":\"PropertyValueSpecification\",\"valueRequired\":true,\"valueName\":\"search_term_string\"}}],\"inLanguage\":\"de\"},{\"@type\":\"Organization\",\"@id\":\"https:\/\/v2charge.com\/de\/#organization\",\"name\":\"V2C\",\"url\":\"https:\/\/v2charge.com\/de\/\",\"logo\":{\"@type\":\"ImageObject\",\"inLanguage\":\"de\",\"@id\":\"https:\/\/v2charge.com\/de\/#\/schema\/logo\/image\/\",\"url\":\"https:\/\/v2charge.com\/wp-content\/uploads\/2024\/11\/cropped-v2c-charge-logo-menu.png\",\"contentUrl\":\"https:\/\/v2charge.com\/wp-content\/uploads\/2024\/11\/cropped-v2c-charge-logo-menu.png\",\"width\":984,\"height\":431,\"caption\":\"V2C\"},\"image\":{\"@id\":\"https:\/\/v2charge.com\/de\/#\/schema\/logo\/image\/\"},\"sameAs\":[\"https:\/\/www.facebook.com\/V2C.Charge\",\"https:\/\/x.com\/V2C_Charge\",\"https:\/\/www.instagram.com\/v2c.charge\/\",\"https:\/\/www.youtube.com\/@V2C\",\"https:\/\/www.linkedin.com\/company\/v2c-chargers\/\"]}]}<\/script>\n<!-- \/ Yoast SEO plugin. -->","yoast_head_json":{"title":"Trydan Einliniendiagramm: Aufbau & Schutzkomponenten","description":"\u00dcbersicht zum Trydan Einliniendiagramm: Komponenten und Anschl\u00fcsse auf einen Blick. Praktisch f\u00fcr Service, Wartung und Problemanalyse.","robots":{"index":"index","follow":"follow","max-snippet":"max-snippet:-1","max-image-preview":"max-image-preview:large","max-video-preview":"max-video-preview:-1"},"canonical":"https:\/\/v2charge.com\/de\/support\/trydan\/einliniendiagramm-trydan\/","og_locale":"de_DE","og_type":"article","og_title":"Trydan Einliniendiagramm: Aufbau & Schutzkomponenten","og_description":"\u00dcbersicht zum Trydan Einliniendiagramm: Komponenten und Anschl\u00fcsse auf einen Blick. Praktisch f\u00fcr Service, Wartung und Problemanalyse.","og_url":"https:\/\/v2charge.com\/de\/support\/trydan\/einliniendiagramm-trydan\/","og_site_name":"V2C","article_publisher":"https:\/\/www.facebook.com\/V2C.Charge","article_modified_time":"2026-03-02T15:17:29+00:00","og_image":[{"width":1200,"height":675,"url":"https:\/\/v2charge.com\/wp-content\/uploads\/2024\/07\/v2c-electric-chargers.jpg","type":"image\/jpeg"}],"twitter_card":"summary_large_image","twitter_site":"@V2C_Charge","twitter_misc":{"Gesch\u00e4tzte Lesezeit":"4\u00a0Minuten"},"schema":{"@context":"https:\/\/schema.org","@graph":[{"@type":"WebPage","@id":"https:\/\/v2charge.com\/de\/support\/trydan\/einliniendiagramm-trydan\/","url":"https:\/\/v2charge.com\/de\/support\/trydan\/einliniendiagramm-trydan\/","name":"Trydan Einliniendiagramm: Aufbau & Schutzkomponenten","isPartOf":{"@id":"https:\/\/v2charge.com\/de\/#website"},"primaryImageOfPage":{"@id":"https:\/\/v2charge.com\/de\/support\/trydan\/einliniendiagramm-trydan\/#primaryimage"},"image":{"@id":"https:\/\/v2charge.com\/de\/support\/trydan\/einliniendiagramm-trydan\/#primaryimage"},"thumbnailUrl":"https:\/\/v2charge.com\/wp-content\/uploads\/2024\/07\/v2c-electric-chargers.jpg","datePublished":"2024-03-26T10:40:28+00:00","dateModified":"2026-03-02T15:17:29+00:00","description":"\u00dcbersicht zum Trydan Einliniendiagramm: Komponenten und Anschl\u00fcsse auf einen Blick. Praktisch f\u00fcr Service, Wartung und Problemanalyse.","breadcrumb":{"@id":"https:\/\/v2charge.com\/de\/support\/trydan\/einliniendiagramm-trydan\/#breadcrumb"},"inLanguage":"de","potentialAction":[{"@type":"ReadAction","target":["https:\/\/v2charge.com\/de\/support\/trydan\/einliniendiagramm-trydan\/"]}]},{"@type":"ImageObject","inLanguage":"de","@id":"https:\/\/v2charge.com\/de\/support\/trydan\/einliniendiagramm-trydan\/#primaryimage","url":"https:\/\/v2charge.com\/wp-content\/uploads\/2024\/07\/v2c-electric-chargers.jpg","contentUrl":"https:\/\/v2charge.com\/wp-content\/uploads\/2024\/07\/v2c-electric-chargers.jpg","width":1200,"height":675,"caption":"V2C Electric Chargers"},{"@type":"BreadcrumbList","@id":"https:\/\/v2charge.com\/de\/support\/trydan\/einliniendiagramm-trydan\/#breadcrumb","itemListElement":[{"@type":"ListItem","position":1,"name":"V2C","item":"https:\/\/v2charge.com\/de\/"},{"@type":"ListItem","position":2,"name":"Support","item":"https:\/\/v2charge.com\/de\/support\/"},{"@type":"ListItem","position":3,"name":"Trydan-Support","item":"https:\/\/v2charge.com\/de\/support\/trydan\/"},{"@type":"ListItem","position":4,"name":"Trydan Einliniendiagramm"}]},{"@type":"WebSite","@id":"https:\/\/v2charge.com\/de\/#website","url":"https:\/\/v2charge.com\/de\/","name":"V2C","description":"#CargandoElMa\u00f1ana","publisher":{"@id":"https:\/\/v2charge.com\/de\/#organization"},"potentialAction":[{"@type":"SearchAction","target":{"@type":"EntryPoint","urlTemplate":"https:\/\/v2charge.com\/de\/?s={search_term_string}"},"query-input":{"@type":"PropertyValueSpecification","valueRequired":true,"valueName":"search_term_string"}}],"inLanguage":"de"},{"@type":"Organization","@id":"https:\/\/v2charge.com\/de\/#organization","name":"V2C","url":"https:\/\/v2charge.com\/de\/","logo":{"@type":"ImageObject","inLanguage":"de","@id":"https:\/\/v2charge.com\/de\/#\/schema\/logo\/image\/","url":"https:\/\/v2charge.com\/wp-content\/uploads\/2024\/11\/cropped-v2c-charge-logo-menu.png","contentUrl":"https:\/\/v2charge.com\/wp-content\/uploads\/2024\/11\/cropped-v2c-charge-logo-menu.png","width":984,"height":431,"caption":"V2C"},"image":{"@id":"https:\/\/v2charge.com\/de\/#\/schema\/logo\/image\/"},"sameAs":["https:\/\/www.facebook.com\/V2C.Charge","https:\/\/x.com\/V2C_Charge","https:\/\/www.instagram.com\/v2c.charge\/","https:\/\/www.youtube.com\/@V2C","https:\/\/www.linkedin.com\/company\/v2c-chargers\/"]}]}},"uagb_featured_image_src":{"full":["https:\/\/v2charge.com\/wp-content\/uploads\/2024\/07\/v2c-electric-chargers.jpg",1200,675,false],"thumbnail":["https:\/\/v2charge.com\/wp-content\/uploads\/2024\/07\/v2c-electric-chargers-150x150.jpg",150,150,true],"medium":["https:\/\/v2charge.com\/wp-content\/uploads\/2024\/07\/v2c-electric-chargers-300x169.jpg",300,169,true],"medium_large":["https:\/\/v2charge.com\/wp-content\/uploads\/2024\/07\/v2c-electric-chargers-768x432.jpg",768,432,true],"large":["https:\/\/v2charge.com\/wp-content\/uploads\/2024\/07\/v2c-electric-chargers-1024x576.jpg",1024,576,true],"gs-tiny":["https:\/\/v2charge.com\/wp-content\/uploads\/2024\/07\/v2c-electric-chargers.jpg",50,28,false],"xl":["https:\/\/v2charge.com\/wp-content\/uploads\/2024\/07\/v2c-electric-chargers.jpg",1200,675,false],"xxl":["https:\/\/v2charge.com\/wp-content\/uploads\/2024\/07\/v2c-electric-chargers.jpg",1200,675,false],"xxxl":["https:\/\/v2charge.com\/wp-content\/uploads\/2024\/07\/v2c-electric-chargers.jpg",1200,675,false],"xxxxl":["https:\/\/v2charge.com\/wp-content\/uploads\/2024\/07\/v2c-electric-chargers.jpg",1200,675,false],"xxxxxl":["https:\/\/v2charge.com\/wp-content\/uploads\/2024\/07\/v2c-electric-chargers.jpg",1200,675,false],"1536x1536":["https:\/\/v2charge.com\/wp-content\/uploads\/2024\/07\/v2c-electric-chargers.jpg",1200,675,false],"2048x2048":["https:\/\/v2charge.com\/wp-content\/uploads\/2024\/07\/v2c-electric-chargers.jpg",1200,675,false]},"uagb_author_info":{"display_name":"V2C","author_link":"https:\/\/v2charge.com\/de\/author\/marketing\/"},"uagb_comment_info":0,"uagb_excerpt":"Trydan Einliniendiagramm mit Schutzkomponenten Das Einliniendiagramm des Trydan zeigt \u00fcbersichtlich und im Detail, wie alle elektrischen Komponenten dieses fortschrittlichen Ladeger\u00e4ts angeordnet und miteinander verbunden sind. Das Schema dient als Referenz zur Analyse der elektrischen Architektur. Es unterst\u00fctzt die eindeutige Identifikation von Baugruppen und deren Funktion im Gesamtsystem und ist damit relevant f\u00fcr Instandhaltung, Reparatur sowie&hellip;","_links":{"self":[{"href":"https:\/\/v2charge.com\/de\/wp-json\/wp\/v2\/pages\/304701","targetHints":{"allow":["GET"]}}],"collection":[{"href":"https:\/\/v2charge.com\/de\/wp-json\/wp\/v2\/pages"}],"about":[{"href":"https:\/\/v2charge.com\/de\/wp-json\/wp\/v2\/types\/page"}],"author":[{"embeddable":true,"href":"https:\/\/v2charge.com\/de\/wp-json\/wp\/v2\/users\/400"}],"replies":[{"embeddable":true,"href":"https:\/\/v2charge.com\/de\/wp-json\/wp\/v2\/comments?post=304701"}],"version-history":[{"count":3,"href":"https:\/\/v2charge.com\/de\/wp-json\/wp\/v2\/pages\/304701\/revisions"}],"predecessor-version":[{"id":304721,"href":"https:\/\/v2charge.com\/de\/wp-json\/wp\/v2\/pages\/304701\/revisions\/304721"}],"up":[{"embeddable":true,"href":"https:\/\/v2charge.com\/de\/wp-json\/wp\/v2\/pages\/75620"}],"wp:featuredmedia":[{"embeddable":true,"href":"https:\/\/v2charge.com\/de\/wp-json\/wp\/v2\/media\/170350"}],"wp:attachment":[{"href":"https:\/\/v2charge.com\/de\/wp-json\/wp\/v2\/media?parent=304701"}],"curies":[{"name":"wp","href":"https:\/\/api.w.org\/{rel}","templated":true}]}}