{"id":61717,"date":"2016-04-24T08:47:46","date_gmt":"2016-04-24T08:47:46","guid":{"rendered":"https:\/\/v2c2.puntoderecargacocheelectrico.com\/distributor\/"},"modified":"2022-01-05T07:27:12","modified_gmt":"2022-01-05T07:27:12","slug":"distributor","status":"publish","type":"page","link":"https:\/\/v2charge.com\/de\/distributor\/","title":{"rendered":"Our Distributors"},"content":{"rendered":"<p>[vc_row full_width=&#8220;stretch_row&#8220; alt_color=&#8220;true&#8220; background_overlay=&#8220;color&#8220; padding_size=&#8220;no-padding&#8220; overlay_color=&#8220;rgba(33,36,42,0.9)&#8220; css=&#8220;.vc_custom_1641367035645{background-color: #000000 !important;}&#8220;][vc_column width=&#8220;1\/2&#8243;][vc_row_inner][vc_column_inner width=&#8220;1\/3&#8243;][vc_empty_space height=&#8220;20px&#8220;][\/vc_column_inner][vc_column_inner width=&#8220;2\/3&#8243;][vc_empty_space height=&#8220;50px&#8220;][vc_custom_heading text=&#8220;VERTRIEBSSTELLE&#8220; font_container=&#8220;tag:h3|font_size:30px|text_align:right|color:%23ffffff|line_height:30px&#8220; google_fonts=&#8220;font_family:Lato%3A100%2C100italic%2C300%2C300italic%2Cregular%2Citalic%2C700%2C700italic%2C900%2C900italic|font_style:400%20regular%3A400%3Anormal&#8220;][vc_custom_heading text=&#8220;AUFBRUCH IN EINE STRAHLENDE ELEKTRISCHE ZUKUNFT&#8220; font_container=&#8220;tag:h3|font_size:30px|text_align:right|color:%23ffffff|line_height:30px&#8220; google_fonts=&#8220;font_family:Lato%3A100%2C100italic%2C300%2C300italic%2Cregular%2Citalic%2C700%2C700italic%2C900%2C900italic|font_style:400%20regular%3A400%3Anormal&#8220;][vc_custom_heading text=&#8220;M\u00f6chten Sie V2C-L\u00f6sungen vertreiben?&#8220; font_container=&#8220;tag:p|font_size:20px|text_align:right|color:%23ffffff|line_height:20px&#8220; google_fonts=&#8220;font_family:Lato%3A100%2C100italic%2C300%2C300italic%2Cregular%2Citalic%2C700%2C700italic%2C900%2C900italic|font_style:400%20regular%3A400%3Anormal&#8220;][\/vc_column_inner][\/vc_row_inner][vc_empty_space height=&#8220;10px&#8220;][vc_custom_heading text=&#8220;In diesem Abschnitt k\u00f6nnen Sie \u00fcberpr\u00fcfen, wer unsere internationalen Vertriebspartner sind und uns kontaktieren, um weitere Informationen \u00fcber den EVSE-Vertrieb zu erhalten.&#8220; font_container=&#8220;tag:p|text_align:right|color:%23c1c1c1&#8243; google_fonts=&#8220;font_family:Lato%3A100%2C100italic%2C300%2C300italic%2Cregular%2Citalic%2C700%2C700italic%2C900%2C900italic|font_style:300%20light%20regular%3A300%3Anormal&#8220;][vc_empty_space height=&#8220;40px&#8220;][\/vc_column][vc_column width=&#8220;1\/2&#8243;][vc_empty_space height=&#8220;50px&#8220;][vc_row_inner][vc_column_inner]\n<div class=\"wpcf7 no-js\" id=\"wpcf7-f69982-o1\" lang=\"es-ES\" dir=\"ltr\" data-wpcf7-id=\"69982\">\n<div class=\"screen-reader-response\"><p role=\"status\" aria-live=\"polite\" aria-atomic=\"true\"><\/p> <ul><\/ul><\/div>\n<form action=\"\/de\/wp-json\/wp\/v2\/pages\/61717#wpcf7-f69982-o1\" method=\"post\" class=\"wpcf7-form init\" aria-label=\"Formulario de contacto\" novalidate=\"novalidate\" data-status=\"init\">\n<div style=\"display: none;\">\n<input type=\"hidden\" name=\"_wpcf7\" value=\"69982\" \/>\n<input type=\"hidden\" name=\"_wpcf7_version\" value=\"6.0.6\" \/>\n<input type=\"hidden\" name=\"_wpcf7_locale\" value=\"es_ES\" \/>\n<input type=\"hidden\" name=\"_wpcf7_unit_tag\" value=\"wpcf7-f69982-o1\" \/>\n<input type=\"hidden\" name=\"_wpcf7_container_post\" value=\"0\" \/>\n<input type=\"hidden\" name=\"_wpcf7_posted_data_hash\" value=\"\" \/>\n<input type=\"hidden\" name=\"redirect_nonce\" value=\"c1c6cb0ffe\" \/>\n<input type=\"hidden\" name=\"wpcf7cfpdf_hidden_name\" value=\"document-pdf\" \/>\n<input type=\"hidden\" name=\"wpcf7cfpdf_hidden_reference\" value=\"b905e72c\" \/>\n<input type=\"hidden\" name=\"wpcf7cfpdf_hidden_date\" value=\"04092026\" \/>\n<input type=\"hidden\" name=\"_wpcf7_recaptcha_response\" value=\"\" \/>\n<\/div>\n<div class=\"cf7b-content\">\n\t<div class=\"cf7b-page\">\n\t\t<div class=\"cf7b-section\">\n\t\t\t<div class=\"cf7b-col\">\n\t\t\t\t<div class=\"cf7b-row\">\n\t\t\t\t\t<p><span class=\"cf7b-label-your-name cf7b-required\">Name<\/span>\n\t\t\t\t\t<\/p>\n\t\t\t\t\t<div class=\"cf7b-group-your-name\">\n\t\t\t\t\t\t<p><span class=\"wpcf7-form-control-wrap\" data-name=\"your-name\"><input size=\"40\" maxlength=\"400\" class=\"wpcf7-form-control wpcf7-text wpcf7-validates-as-required\" aria-required=\"true\" aria-invalid=\"false\" value=\"\" type=\"text\" name=\"your-name\" \/><\/span>\n\t\t\t\t\t\t<\/p>\n\t\t\t\t\t<\/div>\n\t\t\t\t<\/div>\n\t\t\t\t<div class=\"cf7b-row\">\n\t\t\t\t\t<p><span class=\"cf7b-label-tel cf7b-required\">Telefon<\/span>\n\t\t\t\t\t<\/p>\n\t\t\t\t\t<div class=\"cf7b-group-tel\">\n\t\t\t\t\t\t<p><span class=\"wpcf7-form-control-wrap\" data-name=\"tel\"><input size=\"40\" maxlength=\"400\" class=\"wpcf7-form-control wpcf7-tel wpcf7-validates-as-required wpcf7-text wpcf7-validates-as-tel\" aria-required=\"true\" aria-invalid=\"false\" value=\"\" type=\"tel\" name=\"tel\" \/><\/span>\n\t\t\t\t\t\t<\/p>\n\t\t\t\t\t<\/div>\n\t\t\t\t<\/div>\n\t\t\t<\/div>\n\t\t\t<p><span id=\"wpcf7-69d72c7323857-wrapper\" class=\"wpcf7-form-control-wrap tudireccion-397-wrap\" style=\"display:none !important; visibility:hidden !important;\"><label for=\"wpcf7-69d72c7323857-field\" class=\"hp-message\">Por favor, deja este campo vac\u00edo.<\/label><input id=\"wpcf7-69d72c7323857-field\"  class=\"wpcf7-form-control wpcf7-text\" type=\"text\" name=\"tudireccion-397\" value=\"\" size=\"40\" tabindex=\"-1\" autocomplete=\"new-password\" \/><\/span>\n\t\t\t<\/p>\n\t\t\t<div class=\"cf7b-col\">\n\t\t\t\t<div class=\"cf7b-row\">\n\t\t\t\t\t<p><span class=\"cf7b-label-your-email cf7b-required\">E-mail<\/span>\n\t\t\t\t\t<\/p>\n\t\t\t\t\t<div class=\"cf7b-group-your-email\">\n\t\t\t\t\t\t<p><span class=\"wpcf7-form-control-wrap\" data-name=\"your-email\"><input size=\"40\" maxlength=\"400\" class=\"wpcf7-form-control wpcf7-email wpcf7-validates-as-required wpcf7-text wpcf7-validates-as-email\" aria-required=\"true\" aria-invalid=\"false\" value=\"\" type=\"email\" name=\"your-email\" \/><\/span>\n\t\t\t\t\t\t<\/p>\n\t\t\t\t\t<\/div>\n\t\t\t\t<\/div>\n\t\t\t\t<div class=\"cf7b-row\">\n\t\t\t\t\t<p><span class=\"cf7b-label-text-empresa cf7b-required\">Unternehmen<\/span>\n\t\t\t\t\t<\/p>\n\t\t\t\t\t<div class=\"cf7b-group-text-empresa\">\n\t\t\t\t\t\t<p><span class=\"wpcf7-form-control-wrap\" data-name=\"text-empresa\"><input size=\"40\" maxlength=\"400\" class=\"wpcf7-form-control wpcf7-text wpcf7-validates-as-required\" aria-required=\"true\" aria-invalid=\"false\" value=\"\" type=\"text\" name=\"text-empresa\" \/><\/span>\n\t\t\t\t\t\t<\/p>\n\t\t\t\t\t<\/div>\n\t\t\t\t<\/div>\n\t\t\t<\/div>\n\t\t\t<div class=\"cf7b-col\">\n\t\t\t\t<div class=\"cf7b-row\">\n\t\t\t\t\t<p><span class=\"cf7b-label-cf7b-random-name-1 \"><\/span>\n\t\t\t\t\t<\/p>\n\t\t\t\t\t<div class=\"cf7b-group-cf7b-random-name-1\">\n\t\t\t\t\t\t<p><input class=\"wpcf7-form-control wpcf7-submit has-spinner\" type=\"submit\" value=\"Senden\" \/>\n\t\t\t\t\t\t<\/p>\n\t\t\t\t\t<\/div>\n\t\t\t\t<\/div>\n\t\t\t<\/div>\n\t\t<\/div>\n\t<\/div>\n<\/div><div class=\"wpcf7-response-output\" aria-hidden=\"true\"><\/div>\n<\/form>\n<\/div>\n[\/vc_column_inner][\/vc_row_inner][vc_empty_space height=&#8220;50px&#8220;][\/vc_column][\/vc_row]<\/p>\n","protected":false},"excerpt":{"rendered":"<p>[vc_row full_width=&#8220;stretch_row&#8220; alt_color=&#8220;true&#8220; background_overlay=&#8220;color&#8220; padding_size=&#8220;no-padding&#8220; overlay_color=&#8220;rgba(33,36,42,0.9)&#8220; css=&#8220;.vc_custom_1641367035645{background-color: #000000 !important;}&#8220;][vc_column width=&#8220;1\/2&#8243;][vc_row_inner][vc_column_inner width=&#8220;1\/3&#8243;][vc_empty_space height=&#8220;20px&#8220;][\/vc_column_inner][vc_column_inner width=&#8220;2\/3&#8243;][vc_empty_space height=&#8220;50px&#8220;][vc_custom_heading text=&#8220;VERTRIEBSSTELLE&#8220; font_container=&#8220;tag:h3|font_size:30px|text_align:right|color:%23ffffff|line_height:30px&#8220; google_fonts=&#8220;font_family:Lato%3A100%2C100italic%2C300%2C300italic%2Cregular%2Citalic%2C700%2C700italic%2C900%2C900italic|font_style:400%20regular%3A400%3Anormal&#8220;][vc_custom_heading text=&#8220;AUFBRUCH IN EINE STRAHLENDE ELEKTRISCHE ZUKUNFT&#8220; font_container=&#8220;tag:h3|font_size:30px|text_align:right|color:%23ffffff|line_height:30px&#8220; google_fonts=&#8220;font_family:Lato%3A100%2C100italic%2C300%2C300italic%2Cregular%2Citalic%2C700%2C700italic%2C900%2C900italic|font_style:400%20regular%3A400%3Anormal&#8220;][vc_custom_heading text=&#8220;M\u00f6chten Sie V2C-L\u00f6sungen vertreiben?&#8220; font_container=&#8220;tag:p|font_size:20px|text_align:right|color:%23ffffff|line_height:20px&#8220; google_fonts=&#8220;font_family:Lato%3A100%2C100italic%2C300%2C300italic%2Cregular%2Citalic%2C700%2C700italic%2C900%2C900italic|font_style:400%20regular%3A400%3Anormal&#8220;][\/vc_column_inner][\/vc_row_inner][vc_empty_space height=&#8220;10px&#8220;][vc_custom_heading text=&#8220;In diesem Abschnitt k\u00f6nnen Sie \u00fcberpr\u00fcfen, wer unsere internationalen Vertriebspartner sind und uns kontaktieren, um weitere Informationen \u00fcber den EVSE-Vertrieb zu erhalten.&#8220; font_container=&#8220;tag:p|text_align:right|color:%23c1c1c1&#8243; &#8230; <a title=\"Our Distributors\" class=\"read-more\" href=\"https:\/\/v2charge.com\/de\/distributor\/\" aria-label=\"Mehr Informationen \u00fcber Our Distributors\">Weiterlesen<\/a><\/p>\n","protected":false},"author":1,"featured_media":0,"parent":0,"menu_order":0,"comment_status":"closed","ping_status":"closed","template":"","meta":{"_eb_attr":"","content-type":"","_uag_custom_page_level_css":"","footnotes":""},"class_list":["post-61717","page","type-page","status-publish"],"yoast_head":"<!-- This site is optimized with the Yoast SEO plugin v25.3.1 - https:\/\/yoast.com\/wordpress\/plugins\/seo\/ -->\n<title>Unsere Vertriebspartner | Vertrieb von Ladestationen f\u00fcr Elektroautos<\/title>\n<meta name=\"robots\" content=\"noindex, follow\" \/>\n<meta property=\"og:locale\" content=\"de_DE\" \/>\n<meta property=\"og:type\" content=\"article\" \/>\n<meta property=\"og:title\" content=\"Unsere Vertriebspartner | Vertrieb von Ladestationen f\u00fcr Elektroautos\" \/>\n<meta property=\"og:description\" content=\"[vc_row full_width=&#8220;stretch_row&#8220; alt_color=&#8220;true&#8220; background_overlay=&#8220;color&#8220; padding_size=&#8220;no-padding&#8220; overlay_color=&#8220;rgba(33,36,42,0.9)&#8220; css=&#8220;.vc_custom_1641367035645{background-color: #000000 !important;}&#8220;][vc_column width=&#8220;1\/2&#8243;][vc_row_inner][vc_column_inner width=&#8220;1\/3&#8243;][vc_empty_space height=&#8220;20px&#8220;][\/vc_column_inner][vc_column_inner width=&#8220;2\/3&#8243;][vc_empty_space height=&#8220;50px&#8220;][vc_custom_heading text=&#8220;VERTRIEBSSTELLE&#8220; font_container=&#8220;tag:h3|font_size:30px|text_align:right|color:%23ffffff|line_height:30px&#8220; google_fonts=&#8220;font_family:Lato%3A100%2C100italic%2C300%2C300italic%2Cregular%2Citalic%2C700%2C700italic%2C900%2C900italic|font_style:400%20regular%3A400%3Anormal&#8220;][vc_custom_heading text=&#8220;AUFBRUCH IN EINE STRAHLENDE ELEKTRISCHE ZUKUNFT&#8220; font_container=&#8220;tag:h3|font_size:30px|text_align:right|color:%23ffffff|line_height:30px&#8220; google_fonts=&#8220;font_family:Lato%3A100%2C100italic%2C300%2C300italic%2Cregular%2Citalic%2C700%2C700italic%2C900%2C900italic|font_style:400%20regular%3A400%3Anormal&#8220;][vc_custom_heading text=&#8220;M\u00f6chten Sie V2C-L\u00f6sungen vertreiben?&#8220; font_container=&#8220;tag:p|font_size:20px|text_align:right|color:%23ffffff|line_height:20px&#8220; google_fonts=&#8220;font_family:Lato%3A100%2C100italic%2C300%2C300italic%2Cregular%2Citalic%2C700%2C700italic%2C900%2C900italic|font_style:400%20regular%3A400%3Anormal&#8220;][\/vc_column_inner][\/vc_row_inner][vc_empty_space height=&#8220;10px&#8220;][vc_custom_heading text=&#8220;In diesem Abschnitt k\u00f6nnen Sie \u00fcberpr\u00fcfen, wer unsere internationalen Vertriebspartner sind und uns kontaktieren, um weitere Informationen \u00fcber den EVSE-Vertrieb zu erhalten.&#8220; font_container=&#8220;tag:p|text_align:right|color:%23c1c1c1&#8243; ... Weiterlesen\" \/>\n<meta property=\"og:url\" content=\"https:\/\/v2charge.com\/de\/distributor\/\" \/>\n<meta property=\"og:site_name\" content=\"V2C\" \/>\n<meta property=\"article:publisher\" content=\"https:\/\/www.facebook.com\/V2C.Charge\" \/>\n<meta property=\"article:modified_time\" content=\"2022-01-05T07:27:12+00:00\" \/>\n<meta property=\"og:image\" content=\"https:\/\/v2charge.com\/wp-content\/uploads\/2024\/07\/v2c-electric-chargers.jpg\" \/>\n\t<meta property=\"og:image:width\" content=\"1200\" \/>\n\t<meta property=\"og:image:height\" content=\"675\" \/>\n\t<meta property=\"og:image:type\" content=\"image\/jpeg\" \/>\n<meta name=\"twitter:card\" content=\"summary_large_image\" \/>\n<meta name=\"twitter:site\" content=\"@V2C_Charge\" \/>\n<meta name=\"twitter:label1\" content=\"Gesch\u00e4tzte Lesezeit\" \/>\n\t<meta name=\"twitter:data1\" content=\"1\u00a0Minute\" \/>\n<script type=\"application\/ld+json\" class=\"yoast-schema-graph\">{\"@context\":\"https:\/\/schema.org\",\"@graph\":[{\"@type\":\"WebPage\",\"@id\":\"https:\/\/v2charge.com\/de\/distributor\/\",\"url\":\"https:\/\/v2charge.com\/de\/distributor\/\",\"name\":\"Unsere Vertriebspartner | Vertrieb von Ladestationen f\u00fcr Elektroautos\",\"isPartOf\":{\"@id\":\"https:\/\/v2charge.com\/de\/#website\"},\"datePublished\":\"2016-04-24T08:47:46+00:00\",\"dateModified\":\"2022-01-05T07:27:12+00:00\",\"breadcrumb\":{\"@id\":\"https:\/\/v2charge.com\/de\/distributor\/#breadcrumb\"},\"inLanguage\":\"de\",\"potentialAction\":[{\"@type\":\"ReadAction\",\"target\":[\"https:\/\/v2charge.com\/de\/distributor\/\"]}]},{\"@type\":\"BreadcrumbList\",\"@id\":\"https:\/\/v2charge.com\/de\/distributor\/#breadcrumb\",\"itemListElement\":[{\"@type\":\"ListItem\",\"position\":1,\"name\":\"V2C\",\"item\":\"https:\/\/v2charge.com\/de\/\"},{\"@type\":\"ListItem\",\"position\":2,\"name\":\"Our Distributors\"}]},{\"@type\":\"WebSite\",\"@id\":\"https:\/\/v2charge.com\/de\/#website\",\"url\":\"https:\/\/v2charge.com\/de\/\",\"name\":\"V2C\",\"description\":\"#CargandoElMa\u00f1ana\",\"publisher\":{\"@id\":\"https:\/\/v2charge.com\/de\/#organization\"},\"potentialAction\":[{\"@type\":\"SearchAction\",\"target\":{\"@type\":\"EntryPoint\",\"urlTemplate\":\"https:\/\/v2charge.com\/de\/?s={search_term_string}\"},\"query-input\":{\"@type\":\"PropertyValueSpecification\",\"valueRequired\":true,\"valueName\":\"search_term_string\"}}],\"inLanguage\":\"de\"},{\"@type\":\"Organization\",\"@id\":\"https:\/\/v2charge.com\/de\/#organization\",\"name\":\"V2C\",\"url\":\"https:\/\/v2charge.com\/de\/\",\"logo\":{\"@type\":\"ImageObject\",\"inLanguage\":\"de\",\"@id\":\"https:\/\/v2charge.com\/de\/#\/schema\/logo\/image\/\",\"url\":\"https:\/\/v2charge.com\/wp-content\/uploads\/2024\/11\/cropped-v2c-charge-logo-menu.png\",\"contentUrl\":\"https:\/\/v2charge.com\/wp-content\/uploads\/2024\/11\/cropped-v2c-charge-logo-menu.png\",\"width\":984,\"height\":431,\"caption\":\"V2C\"},\"image\":{\"@id\":\"https:\/\/v2charge.com\/de\/#\/schema\/logo\/image\/\"},\"sameAs\":[\"https:\/\/www.facebook.com\/V2C.Charge\",\"https:\/\/x.com\/V2C_Charge\",\"https:\/\/www.instagram.com\/v2c.charge\/\",\"https:\/\/www.youtube.com\/@V2C\",\"https:\/\/www.linkedin.com\/company\/v2c-chargers\/\"]}]}<\/script>\n<!-- \/ Yoast SEO plugin. -->","yoast_head_json":{"title":"Unsere Vertriebspartner | Vertrieb von Ladestationen f\u00fcr Elektroautos","robots":{"index":"noindex","follow":"follow"},"og_locale":"de_DE","og_type":"article","og_title":"Unsere Vertriebspartner | Vertrieb von Ladestationen f\u00fcr Elektroautos","og_description":"[vc_row full_width=&#8220;stretch_row&#8220; alt_color=&#8220;true&#8220; background_overlay=&#8220;color&#8220; padding_size=&#8220;no-padding&#8220; overlay_color=&#8220;rgba(33,36,42,0.9)&#8220; css=&#8220;.vc_custom_1641367035645{background-color: #000000 !important;}&#8220;][vc_column width=&#8220;1\/2&#8243;][vc_row_inner][vc_column_inner width=&#8220;1\/3&#8243;][vc_empty_space height=&#8220;20px&#8220;][\/vc_column_inner][vc_column_inner width=&#8220;2\/3&#8243;][vc_empty_space height=&#8220;50px&#8220;][vc_custom_heading text=&#8220;VERTRIEBSSTELLE&#8220; font_container=&#8220;tag:h3|font_size:30px|text_align:right|color:%23ffffff|line_height:30px&#8220; google_fonts=&#8220;font_family:Lato%3A100%2C100italic%2C300%2C300italic%2Cregular%2Citalic%2C700%2C700italic%2C900%2C900italic|font_style:400%20regular%3A400%3Anormal&#8220;][vc_custom_heading text=&#8220;AUFBRUCH IN EINE STRAHLENDE ELEKTRISCHE ZUKUNFT&#8220; font_container=&#8220;tag:h3|font_size:30px|text_align:right|color:%23ffffff|line_height:30px&#8220; google_fonts=&#8220;font_family:Lato%3A100%2C100italic%2C300%2C300italic%2Cregular%2Citalic%2C700%2C700italic%2C900%2C900italic|font_style:400%20regular%3A400%3Anormal&#8220;][vc_custom_heading text=&#8220;M\u00f6chten Sie V2C-L\u00f6sungen vertreiben?&#8220; font_container=&#8220;tag:p|font_size:20px|text_align:right|color:%23ffffff|line_height:20px&#8220; google_fonts=&#8220;font_family:Lato%3A100%2C100italic%2C300%2C300italic%2Cregular%2Citalic%2C700%2C700italic%2C900%2C900italic|font_style:400%20regular%3A400%3Anormal&#8220;][\/vc_column_inner][\/vc_row_inner][vc_empty_space height=&#8220;10px&#8220;][vc_custom_heading text=&#8220;In diesem Abschnitt k\u00f6nnen Sie \u00fcberpr\u00fcfen, wer unsere internationalen Vertriebspartner sind und uns kontaktieren, um weitere Informationen \u00fcber den EVSE-Vertrieb zu erhalten.&#8220; font_container=&#8220;tag:p|text_align:right|color:%23c1c1c1&#8243; ... Weiterlesen","og_url":"https:\/\/v2charge.com\/de\/distributor\/","og_site_name":"V2C","article_publisher":"https:\/\/www.facebook.com\/V2C.Charge","article_modified_time":"2022-01-05T07:27:12+00:00","og_image":[{"width":1200,"height":675,"url":"https:\/\/v2charge.com\/wp-content\/uploads\/2024\/07\/v2c-electric-chargers.jpg","type":"image\/jpeg"}],"twitter_card":"summary_large_image","twitter_site":"@V2C_Charge","twitter_misc":{"Gesch\u00e4tzte Lesezeit":"1\u00a0Minute"},"schema":{"@context":"https:\/\/schema.org","@graph":[{"@type":"WebPage","@id":"https:\/\/v2charge.com\/de\/distributor\/","url":"https:\/\/v2charge.com\/de\/distributor\/","name":"Unsere Vertriebspartner | Vertrieb von Ladestationen f\u00fcr Elektroautos","isPartOf":{"@id":"https:\/\/v2charge.com\/de\/#website"},"datePublished":"2016-04-24T08:47:46+00:00","dateModified":"2022-01-05T07:27:12+00:00","breadcrumb":{"@id":"https:\/\/v2charge.com\/de\/distributor\/#breadcrumb"},"inLanguage":"de","potentialAction":[{"@type":"ReadAction","target":["https:\/\/v2charge.com\/de\/distributor\/"]}]},{"@type":"BreadcrumbList","@id":"https:\/\/v2charge.com\/de\/distributor\/#breadcrumb","itemListElement":[{"@type":"ListItem","position":1,"name":"V2C","item":"https:\/\/v2charge.com\/de\/"},{"@type":"ListItem","position":2,"name":"Our Distributors"}]},{"@type":"WebSite","@id":"https:\/\/v2charge.com\/de\/#website","url":"https:\/\/v2charge.com\/de\/","name":"V2C","description":"#CargandoElMa\u00f1ana","publisher":{"@id":"https:\/\/v2charge.com\/de\/#organization"},"potentialAction":[{"@type":"SearchAction","target":{"@type":"EntryPoint","urlTemplate":"https:\/\/v2charge.com\/de\/?s={search_term_string}"},"query-input":{"@type":"PropertyValueSpecification","valueRequired":true,"valueName":"search_term_string"}}],"inLanguage":"de"},{"@type":"Organization","@id":"https:\/\/v2charge.com\/de\/#organization","name":"V2C","url":"https:\/\/v2charge.com\/de\/","logo":{"@type":"ImageObject","inLanguage":"de","@id":"https:\/\/v2charge.com\/de\/#\/schema\/logo\/image\/","url":"https:\/\/v2charge.com\/wp-content\/uploads\/2024\/11\/cropped-v2c-charge-logo-menu.png","contentUrl":"https:\/\/v2charge.com\/wp-content\/uploads\/2024\/11\/cropped-v2c-charge-logo-menu.png","width":984,"height":431,"caption":"V2C"},"image":{"@id":"https:\/\/v2charge.com\/de\/#\/schema\/logo\/image\/"},"sameAs":["https:\/\/www.facebook.com\/V2C.Charge","https:\/\/x.com\/V2C_Charge","https:\/\/www.instagram.com\/v2c.charge\/","https:\/\/www.youtube.com\/@V2C","https:\/\/www.linkedin.com\/company\/v2c-chargers\/"]}]}},"uagb_featured_image_src":{"full":false,"thumbnail":false,"medium":false,"medium_large":false,"large":false,"gs-tiny":false,"xl":false,"xxl":false,"xxxl":false,"xxxxl":false,"xxxxxl":false,"1536x1536":false,"2048x2048":false},"uagb_author_info":{"display_name":"V2C","author_link":"https:\/\/v2charge.com\/de\/author\/root_k4eu7ki8\/"},"uagb_comment_info":0,"uagb_excerpt":"[vc_row full_width=&#8220;stretch_row&#8220; alt_color=&#8220;true&#8220; background_overlay=&#8220;color&#8220; padding_size=&#8220;no-padding&#8220; overlay_color=&#8220;rgba(33,36,42,0.9)&#8220; css=&#8220;.vc_custom_1641367035645{background-color: #000000 !important;}&#8220;][vc_column width=&#8220;1\/2&#8243;][vc_row_inner][vc_column_inner width=&#8220;1\/3&#8243;][vc_empty_space height=&#8220;20px&#8220;][\/vc_column_inner][vc_column_inner width=&#8220;2\/3&#8243;][vc_empty_space height=&#8220;50px&#8220;][vc_custom_heading text=&#8220;VERTRIEBSSTELLE&#8220; font_container=&#8220;tag:h3|font_size:30px|text_align:right|color:%23ffffff|line_height:30px&#8220; google_fonts=&#8220;font_family:Lato%3A100%2C100italic%2C300%2C300italic%2Cregular%2Citalic%2C700%2C700italic%2C900%2C900italic|font_style:400%20regular%3A400%3Anormal&#8220;][vc_custom_heading text=&#8220;AUFBRUCH IN EINE STRAHLENDE ELEKTRISCHE ZUKUNFT&#8220; font_container=&#8220;tag:h3|font_size:30px|text_align:right|color:%23ffffff|line_height:30px&#8220; google_fonts=&#8220;font_family:Lato%3A100%2C100italic%2C300%2C300italic%2Cregular%2Citalic%2C700%2C700italic%2C900%2C900italic|font_style:400%20regular%3A400%3Anormal&#8220;][vc_custom_heading text=&#8220;M\u00f6chten Sie V2C-L\u00f6sungen vertreiben?&#8220; font_container=&#8220;tag:p|font_size:20px|text_align:right|color:%23ffffff|line_height:20px&#8220; google_fonts=&#8220;font_family:Lato%3A100%2C100italic%2C300%2C300italic%2Cregular%2Citalic%2C700%2C700italic%2C900%2C900italic|font_style:400%20regular%3A400%3Anormal&#8220;][\/vc_column_inner][\/vc_row_inner][vc_empty_space height=&#8220;10px&#8220;][vc_custom_heading text=&#8220;In diesem Abschnitt k\u00f6nnen Sie \u00fcberpr\u00fcfen, wer unsere internationalen Vertriebspartner sind und uns kontaktieren, um weitere Informationen \u00fcber den EVSE-Vertrieb zu erhalten.&#8220; font_container=&#8220;tag:p|text_align:right|color:%23c1c1c1&#8243;&hellip;","_links":{"self":[{"href":"https:\/\/v2charge.com\/de\/wp-json\/wp\/v2\/pages\/61717","targetHints":{"allow":["GET"]}}],"collection":[{"href":"https:\/\/v2charge.com\/de\/wp-json\/wp\/v2\/pages"}],"about":[{"href":"https:\/\/v2charge.com\/de\/wp-json\/wp\/v2\/types\/page"}],"author":[{"embeddable":true,"href":"https:\/\/v2charge.com\/de\/wp-json\/wp\/v2\/users\/1"}],"replies":[{"embeddable":true,"href":"https:\/\/v2charge.com\/de\/wp-json\/wp\/v2\/comments?post=61717"}],"version-history":[{"count":0,"href":"https:\/\/v2charge.com\/de\/wp-json\/wp\/v2\/pages\/61717\/revisions"}],"wp:attachment":[{"href":"https:\/\/v2charge.com\/de\/wp-json\/wp\/v2\/media?parent=61717"}],"curies":[{"name":"wp","href":"https:\/\/api.w.org\/{rel}","templated":true}]}}