{"id":79218,"date":"2021-12-31T11:13:03","date_gmt":"2021-12-31T11:13:03","guid":{"rendered":"https:\/\/v2charge.com\/como-crear-una-cuenta-en-v2c-cloud\/"},"modified":"2023-07-20T14:11:03","modified_gmt":"2023-07-20T14:11:03","slug":"wie-erstellt-man-ein-v2c-cloud-konto","status":"publish","type":"page","link":"https:\/\/v2charge.com\/de\/wie-erstellt-man-ein-v2c-cloud-konto\/","title":{"rendered":"Wie erstellt man ein V2C Cloud-Konto?"},"content":{"rendered":"<h1>Wie erstellt man ein V2C Cloud-Konto?<\/h1>\n<h2>\u00dcber die APP<\/h2>\n<p>Laden Sie die App aus dem App Store herunter. Nach dem Herunterladen gelangen Sie auf diese Webseite.<\/p>\n<figure class=\"wp-block-image aligncenter size-large is-resized\"><img decoding=\"async\" src=\"https:\/\/v2charge.com\/wp-content\/uploads\/2021\/12\/Screenshot_2021-12-31-11-39-59-680_com.v2charge.app_iphone12black_portrait-542x1024.png\" alt=\"\" class=\"wp-image-71358\" width=\"271\" height=\"512\" srcset=\"https:\/\/v2charge.com\/wp-content\/uploads\/2021\/12\/Screenshot_2021-12-31-11-39-59-680_com.v2charge.app_iphone12black_portrait-542x1024.png 542w, https:\/\/v2charge.com\/wp-content\/uploads\/2021\/12\/Screenshot_2021-12-31-11-39-59-680_com.v2charge.app_iphone12black_portrait-159x300.png 159w, https:\/\/v2charge.com\/wp-content\/uploads\/2021\/12\/Screenshot_2021-12-31-11-39-59-680_com.v2charge.app_iphone12black_portrait-768x1452.png 768w, https:\/\/v2charge.com\/wp-content\/uploads\/2021\/12\/Screenshot_2021-12-31-11-39-59-680_com.v2charge.app_iphone12black_portrait-813x1536.png 813w, https:\/\/v2charge.com\/wp-content\/uploads\/2021\/12\/Screenshot_2021-12-31-11-39-59-680_com.v2charge.app_iphone12black_portrait-1083x2048.png 1083w, https:\/\/v2charge.com\/wp-content\/uploads\/2021\/12\/Screenshot_2021-12-31-11-39-59-680_com.v2charge.app_iphone12black_portrait.png 1530w\" sizes=\"(max-width: 271px) 100vw, 271px\" \/><\/figure>\n<p>Formen des Zugriffs:<\/p>\n<ul>\n<li>Mit Ihrer E-Mail-Adresse<\/li>\n<li>Ihr Google-Konto einrichten<\/li>\n<li>Mit Ihrem Apple-Konto (nur f\u00fcr iphone-Benutzer verf\u00fcgbar)<\/li>\n<\/ul>\n<p>Um Ihr Google- oder Apple-Konto zu erstellen, klicken Sie auf die Schaltfl\u00e4che und folgen Sie den Anweisungen.<\/p>\n<p>Um ein Konto mit Ihrer E-Mail-Adresse zu erstellen, klicken Sie auf die Schaltfl\u00e4che Hier registrieren:<\/p>\n<p>Bitte geben Sie die folgenden Informationen an:<\/p>\n<figure class=\"wp-block-image aligncenter size-large is-resized\"><img decoding=\"async\" src=\"https:\/\/v2charge.com\/wp-content\/uploads\/2021\/12\/introduccion-de-correo-v2c-cloud-542x1024.png\" alt=\"\" class=\"wp-image-71365\" width=\"271\" srcset=\"https:\/\/v2charge.com\/wp-content\/uploads\/2021\/12\/introduccion-de-correo-v2c-cloud-542x1024.png 542w, https:\/\/v2charge.com\/wp-content\/uploads\/2021\/12\/introduccion-de-correo-v2c-cloud-159x300.png 159w, https:\/\/v2charge.com\/wp-content\/uploads\/2021\/12\/introduccion-de-correo-v2c-cloud-768x1452.png 768w, https:\/\/v2charge.com\/wp-content\/uploads\/2021\/12\/introduccion-de-correo-v2c-cloud-813x1536.png 813w, https:\/\/v2charge.com\/wp-content\/uploads\/2021\/12\/introduccion-de-correo-v2c-cloud-1083x2048.png 1083w, https:\/\/v2charge.com\/wp-content\/uploads\/2021\/12\/introduccion-de-correo-v2c-cloud.png 1530w\" sizes=\"(max-width: 542px) 100vw, 542px\" \/><\/figure>\n<p>Sobald Sie sich registriert haben, erhalten Sie eine Best\u00e4tigungs-E-Mail. Bitte \u00fcberpr\u00fcfen Sie Ihren Spam-Ordner, wenn Sie die Nachricht nicht erhalten. Ohne die Best\u00e4tigung der E-Mail k\u00f6nnen Sie sich nicht anmelden. Wenn Sie sich mit dieser E-Mail nicht registrieren k\u00f6nnen, weil sie bereits verwendet wurde, verwenden Sie die Funktion zur Wiederherstellung des Passworts.<\/p>\n<blockquote class=\"wp-block-quote\"><p>Es ist nicht m\u00f6glich ein Konto ohne Internetverbindung zu erstellen.<\/p><\/blockquote>\n<h2>\u00dcber den Computer<\/h2>\n<p>Zugang zur Website <a href=\"https:\/\/v2c.cloud\/\" target=\"_blank\" rel=\"noreferrer noopener\">www.v2c.cloud<\/a><\/p>\n<figure class=\"wp-block-image aligncenter size-large is-resized\"><img decoding=\"async\" src=\"https:\/\/v2charge.com\/wp-content\/uploads\/2021\/12\/Captura_imac2013_front-1024x1024.png\" alt=\"\" class=\"wp-image-71372\" width=\"768\" height=\"768\" srcset=\"https:\/\/v2charge.com\/wp-content\/uploads\/2021\/12\/Captura_imac2013_front-1024x1024.png 1024w, https:\/\/v2charge.com\/wp-content\/uploads\/2021\/12\/Captura_imac2013_front-300x300.png 300w, https:\/\/v2charge.com\/wp-content\/uploads\/2021\/12\/Captura_imac2013_front-150x150.png 150w, https:\/\/v2charge.com\/wp-content\/uploads\/2021\/12\/Captura_imac2013_front-768x768.png 768w, https:\/\/v2charge.com\/wp-content\/uploads\/2021\/12\/Captura_imac2013_front-1536x1536.png 1536w, https:\/\/v2charge.com\/wp-content\/uploads\/2021\/12\/Captura_imac2013_front-50x50.png 50w, https:\/\/v2charge.com\/wp-content\/uploads\/2021\/12\/Captura_imac2013_front-100x100.png 100w, https:\/\/v2charge.com\/wp-content\/uploads\/2021\/12\/Captura_imac2013_front.png 2000w\" sizes=\"(max-width: 768px) 100vw, 768px\" \/><\/figure>\n<p>Wie bei der mobilen Version k\u00f6nnen Sie sich \u00fcber Google, Apple ID oder E-Mail anmelden. Um ein E-Mail-Konto einzurichten, gehen Sie zum Abschnitt Registrierung und Sie werden auf eine Website wie diese weitergeleitet:<\/p>\n<figure class=\"wp-block-image aligncenter size-large is-resized\"><img decoding=\"async\" src=\"https:\/\/v2charge.com\/wp-content\/uploads\/2021\/12\/ordenador-v2c-cloud-crear-cuenta-1024x1024.png\" alt=\"punto de recarga acceso login cloud v2c\" class=\"wp-image-71379\" width=\"768\" height=\"768\" srcset=\"https:\/\/v2charge.com\/wp-content\/uploads\/2021\/12\/ordenador-v2c-cloud-crear-cuenta-1024x1024.png 1024w, https:\/\/v2charge.com\/wp-content\/uploads\/2021\/12\/ordenador-v2c-cloud-crear-cuenta-300x300.png 300w, https:\/\/v2charge.com\/wp-content\/uploads\/2021\/12\/ordenador-v2c-cloud-crear-cuenta-150x150.png 150w, https:\/\/v2charge.com\/wp-content\/uploads\/2021\/12\/ordenador-v2c-cloud-crear-cuenta-768x768.png 768w, https:\/\/v2charge.com\/wp-content\/uploads\/2021\/12\/ordenador-v2c-cloud-crear-cuenta-1536x1536.png 1536w, https:\/\/v2charge.com\/wp-content\/uploads\/2021\/12\/ordenador-v2c-cloud-crear-cuenta-50x50.png 50w, https:\/\/v2charge.com\/wp-content\/uploads\/2021\/12\/ordenador-v2c-cloud-crear-cuenta-100x100.png 100w, https:\/\/v2charge.com\/wp-content\/uploads\/2021\/12\/ordenador-v2c-cloud-crear-cuenta.png 2000w\" sizes=\"(max-width: 768px) 100vw, 768px\" \/><\/figure>\n<p>Erstellen Sie das Konto und Sie erhalten eine E-Mail zur Best\u00e4tigung Ihres Kontos.<\/p>\n","protected":false},"excerpt":{"rendered":"<p>Wie erstellt man ein V2C Cloud-Konto? \u00dcber die APP Laden Sie die App aus dem App Store herunter. Nach dem Herunterladen gelangen Sie auf diese Webseite. Formen des Zugriffs: Mit Ihrer E-Mail-Adresse Ihr Google-Konto einrichten Mit Ihrem Apple-Konto (nur f\u00fcr iphone-Benutzer verf\u00fcgbar) Um Ihr Google- oder Apple-Konto zu erstellen, klicken Sie auf die Schaltfl\u00e4che und &#8230; <a title=\"Wie erstellt man ein V2C Cloud-Konto?\" class=\"read-more\" href=\"https:\/\/v2charge.com\/de\/wie-erstellt-man-ein-v2c-cloud-konto\/\" aria-label=\"Mehr Informationen \u00fcber Wie erstellt man ein V2C Cloud-Konto?\">Weiterlesen<\/a><\/p>\n","protected":false},"author":1,"featured_media":170350,"parent":0,"menu_order":0,"comment_status":"closed","ping_status":"closed","template":"","meta":{"_eb_attr":"","content-type":"","_uag_custom_page_level_css":"","footnotes":""},"class_list":["post-79218","page","type-page","status-publish","has-post-thumbnail"],"yoast_head":"<!-- This site is optimized with the Yoast SEO plugin v25.3.1 - https:\/\/yoast.com\/wordpress\/plugins\/seo\/ -->\n<title>Wie erstellt man ein V2C Cloud-Konto? Die V2C\u00ae-App<\/title>\n<meta name=\"description\" content=\"Wenn Sie sich der E-Mobilit\u00e4t angeschlossen haben, sollten Sie V2C Cloud installieren. Wir erkl\u00e4ren, wie Sie ein Konto erstellen, um Ihr e-Charger zu steuern.\" \/>\n<meta name=\"robots\" content=\"index, follow, max-snippet:-1, max-image-preview:large, max-video-preview:-1\" \/>\n<link rel=\"canonical\" href=\"https:\/\/v2charge.com\/de\/wie-erstellt-man-ein-v2c-cloud-konto\/\" \/>\n<meta property=\"og:locale\" content=\"de_DE\" \/>\n<meta property=\"og:type\" content=\"article\" \/>\n<meta property=\"og:title\" content=\"Wie erstellt man ein V2C Cloud-Konto? Die V2C\u00ae-App\" \/>\n<meta property=\"og:description\" content=\"Wenn Sie sich der E-Mobilit\u00e4t angeschlossen haben, sollten Sie V2C Cloud installieren. Wir erkl\u00e4ren, wie Sie ein Konto erstellen, um Ihr e-Charger zu steuern.\" \/>\n<meta property=\"og:url\" content=\"https:\/\/v2charge.com\/de\/wie-erstellt-man-ein-v2c-cloud-konto\/\" \/>\n<meta property=\"og:site_name\" content=\"V2C\" \/>\n<meta property=\"article:publisher\" content=\"https:\/\/www.facebook.com\/V2C.Charge\" \/>\n<meta property=\"article:modified_time\" content=\"2023-07-20T14:11:03+00:00\" \/>\n<meta property=\"og:image\" content=\"https:\/\/v2charge.com\/wp-content\/uploads\/2021\/12\/Screenshot_2021-12-31-11-39-59-680_com.v2charge.app_iphone12black_portrait-542x1024.png\" \/>\n<meta name=\"twitter:card\" content=\"summary_large_image\" \/>\n<meta name=\"twitter:site\" content=\"@V2C_Charge\" \/>\n<meta name=\"twitter:label1\" content=\"Gesch\u00e4tzte Lesezeit\" \/>\n\t<meta name=\"twitter:data1\" content=\"2\u00a0Minuten\" \/>\n<script type=\"application\/ld+json\" class=\"yoast-schema-graph\">{\"@context\":\"https:\/\/schema.org\",\"@graph\":[{\"@type\":\"WebPage\",\"@id\":\"https:\/\/v2charge.com\/de\/wie-erstellt-man-ein-v2c-cloud-konto\/\",\"url\":\"https:\/\/v2charge.com\/de\/wie-erstellt-man-ein-v2c-cloud-konto\/\",\"name\":\"Wie erstellt man ein V2C Cloud-Konto? Die V2C\u00ae-App\",\"isPartOf\":{\"@id\":\"https:\/\/v2charge.com\/de\/#website\"},\"primaryImageOfPage\":{\"@id\":\"https:\/\/v2charge.com\/de\/wie-erstellt-man-ein-v2c-cloud-konto\/#primaryimage\"},\"image\":{\"@id\":\"https:\/\/v2charge.com\/de\/wie-erstellt-man-ein-v2c-cloud-konto\/#primaryimage\"},\"thumbnailUrl\":\"https:\/\/v2charge.com\/wp-content\/uploads\/2024\/07\/v2c-electric-chargers.jpg\",\"datePublished\":\"2021-12-31T11:13:03+00:00\",\"dateModified\":\"2023-07-20T14:11:03+00:00\",\"description\":\"Wenn Sie sich der E-Mobilit\u00e4t angeschlossen haben, sollten Sie V2C Cloud installieren. Wir erkl\u00e4ren, wie Sie ein Konto erstellen, um Ihr e-Charger zu steuern.\",\"breadcrumb\":{\"@id\":\"https:\/\/v2charge.com\/de\/wie-erstellt-man-ein-v2c-cloud-konto\/#breadcrumb\"},\"inLanguage\":\"de\",\"potentialAction\":[{\"@type\":\"ReadAction\",\"target\":[\"https:\/\/v2charge.com\/de\/wie-erstellt-man-ein-v2c-cloud-konto\/\"]}]},{\"@type\":\"ImageObject\",\"inLanguage\":\"de\",\"@id\":\"https:\/\/v2charge.com\/de\/wie-erstellt-man-ein-v2c-cloud-konto\/#primaryimage\",\"url\":\"https:\/\/v2charge.com\/wp-content\/uploads\/2024\/07\/v2c-electric-chargers.jpg\",\"contentUrl\":\"https:\/\/v2charge.com\/wp-content\/uploads\/2024\/07\/v2c-electric-chargers.jpg\",\"width\":1200,\"height\":675,\"caption\":\"V2C Electric Chargers\"},{\"@type\":\"BreadcrumbList\",\"@id\":\"https:\/\/v2charge.com\/de\/wie-erstellt-man-ein-v2c-cloud-konto\/#breadcrumb\",\"itemListElement\":[{\"@type\":\"ListItem\",\"position\":1,\"name\":\"V2C\",\"item\":\"https:\/\/v2charge.com\/de\/\"},{\"@type\":\"ListItem\",\"position\":2,\"name\":\"Wie erstellt man ein V2C Cloud-Konto?\"}]},{\"@type\":\"WebSite\",\"@id\":\"https:\/\/v2charge.com\/de\/#website\",\"url\":\"https:\/\/v2charge.com\/de\/\",\"name\":\"V2C\",\"description\":\"#CargandoElMa\u00f1ana\",\"publisher\":{\"@id\":\"https:\/\/v2charge.com\/de\/#organization\"},\"potentialAction\":[{\"@type\":\"SearchAction\",\"target\":{\"@type\":\"EntryPoint\",\"urlTemplate\":\"https:\/\/v2charge.com\/de\/?s={search_term_string}\"},\"query-input\":{\"@type\":\"PropertyValueSpecification\",\"valueRequired\":true,\"valueName\":\"search_term_string\"}}],\"inLanguage\":\"de\"},{\"@type\":\"Organization\",\"@id\":\"https:\/\/v2charge.com\/de\/#organization\",\"name\":\"V2C\",\"url\":\"https:\/\/v2charge.com\/de\/\",\"logo\":{\"@type\":\"ImageObject\",\"inLanguage\":\"de\",\"@id\":\"https:\/\/v2charge.com\/de\/#\/schema\/logo\/image\/\",\"url\":\"https:\/\/v2charge.com\/wp-content\/uploads\/2024\/11\/cropped-v2c-charge-logo-menu.png\",\"contentUrl\":\"https:\/\/v2charge.com\/wp-content\/uploads\/2024\/11\/cropped-v2c-charge-logo-menu.png\",\"width\":984,\"height\":431,\"caption\":\"V2C\"},\"image\":{\"@id\":\"https:\/\/v2charge.com\/de\/#\/schema\/logo\/image\/\"},\"sameAs\":[\"https:\/\/www.facebook.com\/V2C.Charge\",\"https:\/\/x.com\/V2C_Charge\",\"https:\/\/www.instagram.com\/v2c.charge\/\",\"https:\/\/www.youtube.com\/@V2C\",\"https:\/\/www.linkedin.com\/company\/v2c-chargers\/\"]}]}<\/script>\n<!-- \/ Yoast SEO plugin. -->","yoast_head_json":{"title":"Wie erstellt man ein V2C Cloud-Konto? Die V2C\u00ae-App","description":"Wenn Sie sich der E-Mobilit\u00e4t angeschlossen haben, sollten Sie V2C Cloud installieren. Wir erkl\u00e4ren, wie Sie ein Konto erstellen, um Ihr e-Charger zu steuern.","robots":{"index":"index","follow":"follow","max-snippet":"max-snippet:-1","max-image-preview":"max-image-preview:large","max-video-preview":"max-video-preview:-1"},"canonical":"https:\/\/v2charge.com\/de\/wie-erstellt-man-ein-v2c-cloud-konto\/","og_locale":"de_DE","og_type":"article","og_title":"Wie erstellt man ein V2C Cloud-Konto? Die V2C\u00ae-App","og_description":"Wenn Sie sich der E-Mobilit\u00e4t angeschlossen haben, sollten Sie V2C Cloud installieren. Wir erkl\u00e4ren, wie Sie ein Konto erstellen, um Ihr e-Charger zu steuern.","og_url":"https:\/\/v2charge.com\/de\/wie-erstellt-man-ein-v2c-cloud-konto\/","og_site_name":"V2C","article_publisher":"https:\/\/www.facebook.com\/V2C.Charge","article_modified_time":"2023-07-20T14:11:03+00:00","og_image":[{"url":"https:\/\/v2charge.com\/wp-content\/uploads\/2021\/12\/Screenshot_2021-12-31-11-39-59-680_com.v2charge.app_iphone12black_portrait-542x1024.png","type":"","width":"","height":""}],"twitter_card":"summary_large_image","twitter_site":"@V2C_Charge","twitter_misc":{"Gesch\u00e4tzte Lesezeit":"2\u00a0Minuten"},"schema":{"@context":"https:\/\/schema.org","@graph":[{"@type":"WebPage","@id":"https:\/\/v2charge.com\/de\/wie-erstellt-man-ein-v2c-cloud-konto\/","url":"https:\/\/v2charge.com\/de\/wie-erstellt-man-ein-v2c-cloud-konto\/","name":"Wie erstellt man ein V2C Cloud-Konto? Die V2C\u00ae-App","isPartOf":{"@id":"https:\/\/v2charge.com\/de\/#website"},"primaryImageOfPage":{"@id":"https:\/\/v2charge.com\/de\/wie-erstellt-man-ein-v2c-cloud-konto\/#primaryimage"},"image":{"@id":"https:\/\/v2charge.com\/de\/wie-erstellt-man-ein-v2c-cloud-konto\/#primaryimage"},"thumbnailUrl":"https:\/\/v2charge.com\/wp-content\/uploads\/2024\/07\/v2c-electric-chargers.jpg","datePublished":"2021-12-31T11:13:03+00:00","dateModified":"2023-07-20T14:11:03+00:00","description":"Wenn Sie sich der E-Mobilit\u00e4t angeschlossen haben, sollten Sie V2C Cloud installieren. Wir erkl\u00e4ren, wie Sie ein Konto erstellen, um Ihr e-Charger zu steuern.","breadcrumb":{"@id":"https:\/\/v2charge.com\/de\/wie-erstellt-man-ein-v2c-cloud-konto\/#breadcrumb"},"inLanguage":"de","potentialAction":[{"@type":"ReadAction","target":["https:\/\/v2charge.com\/de\/wie-erstellt-man-ein-v2c-cloud-konto\/"]}]},{"@type":"ImageObject","inLanguage":"de","@id":"https:\/\/v2charge.com\/de\/wie-erstellt-man-ein-v2c-cloud-konto\/#primaryimage","url":"https:\/\/v2charge.com\/wp-content\/uploads\/2024\/07\/v2c-electric-chargers.jpg","contentUrl":"https:\/\/v2charge.com\/wp-content\/uploads\/2024\/07\/v2c-electric-chargers.jpg","width":1200,"height":675,"caption":"V2C Electric Chargers"},{"@type":"BreadcrumbList","@id":"https:\/\/v2charge.com\/de\/wie-erstellt-man-ein-v2c-cloud-konto\/#breadcrumb","itemListElement":[{"@type":"ListItem","position":1,"name":"V2C","item":"https:\/\/v2charge.com\/de\/"},{"@type":"ListItem","position":2,"name":"Wie erstellt man ein V2C Cloud-Konto?"}]},{"@type":"WebSite","@id":"https:\/\/v2charge.com\/de\/#website","url":"https:\/\/v2charge.com\/de\/","name":"V2C","description":"#CargandoElMa\u00f1ana","publisher":{"@id":"https:\/\/v2charge.com\/de\/#organization"},"potentialAction":[{"@type":"SearchAction","target":{"@type":"EntryPoint","urlTemplate":"https:\/\/v2charge.com\/de\/?s={search_term_string}"},"query-input":{"@type":"PropertyValueSpecification","valueRequired":true,"valueName":"search_term_string"}}],"inLanguage":"de"},{"@type":"Organization","@id":"https:\/\/v2charge.com\/de\/#organization","name":"V2C","url":"https:\/\/v2charge.com\/de\/","logo":{"@type":"ImageObject","inLanguage":"de","@id":"https:\/\/v2charge.com\/de\/#\/schema\/logo\/image\/","url":"https:\/\/v2charge.com\/wp-content\/uploads\/2024\/11\/cropped-v2c-charge-logo-menu.png","contentUrl":"https:\/\/v2charge.com\/wp-content\/uploads\/2024\/11\/cropped-v2c-charge-logo-menu.png","width":984,"height":431,"caption":"V2C"},"image":{"@id":"https:\/\/v2charge.com\/de\/#\/schema\/logo\/image\/"},"sameAs":["https:\/\/www.facebook.com\/V2C.Charge","https:\/\/x.com\/V2C_Charge","https:\/\/www.instagram.com\/v2c.charge\/","https:\/\/www.youtube.com\/@V2C","https:\/\/www.linkedin.com\/company\/v2c-chargers\/"]}]}},"uagb_featured_image_src":{"full":["https:\/\/v2charge.com\/wp-content\/uploads\/2024\/07\/v2c-electric-chargers.jpg",1200,675,false],"thumbnail":["https:\/\/v2charge.com\/wp-content\/uploads\/2024\/07\/v2c-electric-chargers-150x150.jpg",150,150,true],"medium":["https:\/\/v2charge.com\/wp-content\/uploads\/2024\/07\/v2c-electric-chargers-300x169.jpg",300,169,true],"medium_large":["https:\/\/v2charge.com\/wp-content\/uploads\/2024\/07\/v2c-electric-chargers-768x432.jpg",768,432,true],"large":["https:\/\/v2charge.com\/wp-content\/uploads\/2024\/07\/v2c-electric-chargers-1024x576.jpg",1024,576,true],"gs-tiny":["https:\/\/v2charge.com\/wp-content\/uploads\/2024\/07\/v2c-electric-chargers.jpg",50,28,false],"xl":["https:\/\/v2charge.com\/wp-content\/uploads\/2024\/07\/v2c-electric-chargers.jpg",1200,675,false],"xxl":["https:\/\/v2charge.com\/wp-content\/uploads\/2024\/07\/v2c-electric-chargers.jpg",1200,675,false],"xxxl":["https:\/\/v2charge.com\/wp-content\/uploads\/2024\/07\/v2c-electric-chargers.jpg",1200,675,false],"xxxxl":["https:\/\/v2charge.com\/wp-content\/uploads\/2024\/07\/v2c-electric-chargers.jpg",1200,675,false],"xxxxxl":["https:\/\/v2charge.com\/wp-content\/uploads\/2024\/07\/v2c-electric-chargers.jpg",1200,675,false],"1536x1536":["https:\/\/v2charge.com\/wp-content\/uploads\/2024\/07\/v2c-electric-chargers.jpg",1200,675,false],"2048x2048":["https:\/\/v2charge.com\/wp-content\/uploads\/2024\/07\/v2c-electric-chargers.jpg",1200,675,false]},"uagb_author_info":{"display_name":"V2C","author_link":"https:\/\/v2charge.com\/de\/author\/root_k4eu7ki8\/"},"uagb_comment_info":0,"uagb_excerpt":"Wie erstellt man ein V2C Cloud-Konto? \u00dcber die APP Laden Sie die App aus dem App Store herunter. Nach dem Herunterladen gelangen Sie auf diese Webseite. Formen des Zugriffs: Mit Ihrer E-Mail-Adresse Ihr Google-Konto einrichten Mit Ihrem Apple-Konto (nur f\u00fcr iphone-Benutzer verf\u00fcgbar) Um Ihr Google- oder Apple-Konto zu erstellen, klicken Sie auf die Schaltfl\u00e4che und&hellip;","_links":{"self":[{"href":"https:\/\/v2charge.com\/de\/wp-json\/wp\/v2\/pages\/79218","targetHints":{"allow":["GET"]}}],"collection":[{"href":"https:\/\/v2charge.com\/de\/wp-json\/wp\/v2\/pages"}],"about":[{"href":"https:\/\/v2charge.com\/de\/wp-json\/wp\/v2\/types\/page"}],"author":[{"embeddable":true,"href":"https:\/\/v2charge.com\/de\/wp-json\/wp\/v2\/users\/1"}],"replies":[{"embeddable":true,"href":"https:\/\/v2charge.com\/de\/wp-json\/wp\/v2\/comments?post=79218"}],"version-history":[{"count":0,"href":"https:\/\/v2charge.com\/de\/wp-json\/wp\/v2\/pages\/79218\/revisions"}],"wp:featuredmedia":[{"embeddable":true,"href":"https:\/\/v2charge.com\/de\/wp-json\/wp\/v2\/media\/170350"}],"wp:attachment":[{"href":"https:\/\/v2charge.com\/de\/wp-json\/wp\/v2\/media?parent=79218"}],"curies":[{"name":"wp","href":"https:\/\/api.w.org\/{rel}","templated":true}]}}