{"id":79221,"date":"2021-12-31T12:30:06","date_gmt":"2021-12-31T12:30:06","guid":{"rendered":"https:\/\/v2charge.com\/como-anadir-un-punto-de-recarga-a-mi-plataforma\/"},"modified":"2023-07-20T14:17:12","modified_gmt":"2023-07-20T14:17:12","slug":"wie-fuege-ich-eine-ladestation-zu-meiner-plattform-hinzu","status":"publish","type":"page","link":"https:\/\/v2charge.com\/de\/wie-fuege-ich-eine-ladestation-zu-meiner-plattform-hinzu\/","title":{"rendered":"Wie f\u00fcge ich eine Ladestation zu meiner Plattform hinzu?"},"content":{"rendered":"<h1>Wie f\u00fcge ich eine Ladestation zu meiner Plattform hinzu?<\/h1>\n<p>Um eine Ladestation zu Ihrer V2C-Cloud-Plattform hinzuzuf\u00fcgen, f\u00fchren Sie die folgenden Schritte aus:<\/p>\n<h2>\u00dcber die APP<\/h2>\n<figure class=\"wp-block-image aligncenter size-large is-resized\"><img decoding=\"async\" src=\"https:\/\/v2charge.com\/wp-content\/uploads\/2021\/12\/pantalla-login-v2c-cloud-iphone_google-474x1024.png\" alt=\"\" class=\"wp-image-71396\" width=\"283\" height=\"611\" srcset=\"https:\/\/v2charge.com\/wp-content\/uploads\/2021\/12\/pantalla-login-v2c-cloud-iphone_google-474x1024.png 474w, https:\/\/v2charge.com\/wp-content\/uploads\/2021\/12\/pantalla-login-v2c-cloud-iphone_google-139x300.png 139w, https:\/\/v2charge.com\/wp-content\/uploads\/2021\/12\/pantalla-login-v2c-cloud-iphone_google-768x1658.png 768w, https:\/\/v2charge.com\/wp-content\/uploads\/2021\/12\/pantalla-login-v2c-cloud-iphone_google-712x1536.png 712w, https:\/\/v2charge.com\/wp-content\/uploads\/2021\/12\/pantalla-login-v2c-cloud-iphone_google-949x2048.png 949w, https:\/\/v2charge.com\/wp-content\/uploads\/2021\/12\/pantalla-login-v2c-cloud-iphone_google.png 1640w\" sizes=\"(max-width: 283px) 100vw, 283px\" \/><\/figure>\n<p>Dr\u00fccken Sie das Fenster &#8222;Ladeger\u00e4t hinzuf\u00fcgen&#8220;, welches oben mit dem Datum markiert ist. Von hier aus gelangen Sie zum Bildschirm f\u00fcr die Auswahl des Ladeger\u00e4ts.<\/p>\n<figure class=\"wp-block-image aligncenter size-large is-resized\"><img decoding=\"async\" src=\"https:\/\/v2charge.com\/wp-content\/uploads\/2021\/12\/registro-de-punto-de-recarga-1-542x1024.png\" alt=\"\" class=\"wp-image-71410\" width=\"315\" height=\"595\" srcset=\"https:\/\/v2charge.com\/wp-content\/uploads\/2021\/12\/registro-de-punto-de-recarga-1-542x1024.png 542w, https:\/\/v2charge.com\/wp-content\/uploads\/2021\/12\/registro-de-punto-de-recarga-1-159x300.png 159w, https:\/\/v2charge.com\/wp-content\/uploads\/2021\/12\/registro-de-punto-de-recarga-1-768x1452.png 768w, https:\/\/v2charge.com\/wp-content\/uploads\/2021\/12\/registro-de-punto-de-recarga-1-813x1536.png 813w, https:\/\/v2charge.com\/wp-content\/uploads\/2021\/12\/registro-de-punto-de-recarga-1-1083x2048.png 1083w, https:\/\/v2charge.com\/wp-content\/uploads\/2021\/12\/registro-de-punto-de-recarga-1.png 1530w\" sizes=\"(max-width: 315px) 100vw, 315px\" \/><\/figure>\n<p>Die ID-Nummer finden Sie auf dem Aufkleber am Ger\u00e4t oder auf einem Aufkleber im Handbuch. Es handelt sich um insgesamt 7 Zahlen und Buchstaben in zuf\u00e4lligen Gro\u00dfbuchstaben. Zum Beispiel ER47HBV.<\/p>\n<blockquote class=\"wp-block-quote\"><p>Bei der Kopplung der Ladestation werden Sie aus statistischen Gr\u00fcnden und aus Sicherheitsgr\u00fcnden nach dem Standort der Ladestation gefragt.<\/p><\/blockquote>\n<p>Sobald das Ladeger\u00e4t registriert ist, kann es von niemandem mehr gekoppelt werden, es sei denn, es wird gel\u00f6scht. Wenn Sie es auf zwei Handys oder Konten gleichzeitig haben m\u00f6chten, teilen Sie es. Wenn Ihre Aufladestation auf keinem Ger\u00e4t (Handy oder Computer) registriert ist und Ihre Nummer \u00f6ffentlich ist, kann sie von einem Dritten ohne Ihre Zustimmung registriert werden.<\/p>\n<blockquote class=\"wp-block-quote\"><p>Zum Koppeln des Ger\u00e4ts ist eine Internetverbindung auf dem Mobiltelefon erforderlich. Wenn es in der Garage keine Internetverbindung gibt, notieren Sie sich die ID-Nummer und suchen Sie einen Empfangsbereich, um das Ger\u00e4t zu koppeln.<\/p><\/blockquote>\n<p>QR-Code-Leseger\u00e4t kann f\u00fcr die Bequemlichkeit verwendet werden (Kamerataste dr\u00fccken).<\/p>\n<figure class=\"wp-block-image aligncenter size-large is-resized\"><img decoding=\"async\" src=\"https:\/\/v2charge.com\/wp-content\/uploads\/2021\/12\/Screenshot_2021-12-31-12-39-11-135_com.v2charge.app-1_iphone12black_portrait-1-542x1024.png\" alt=\"\" class=\"wp-image-71428\" width=\"315\" srcset=\"https:\/\/v2charge.com\/wp-content\/uploads\/2021\/12\/Screenshot_2021-12-31-12-39-11-135_com.v2charge.app-1_iphone12black_portrait-1-542x1024.png 542w, https:\/\/v2charge.com\/wp-content\/uploads\/2021\/12\/Screenshot_2021-12-31-12-39-11-135_com.v2charge.app-1_iphone12black_portrait-1-159x300.png 159w, https:\/\/v2charge.com\/wp-content\/uploads\/2021\/12\/Screenshot_2021-12-31-12-39-11-135_com.v2charge.app-1_iphone12black_portrait-1-768x1452.png 768w, https:\/\/v2charge.com\/wp-content\/uploads\/2021\/12\/Screenshot_2021-12-31-12-39-11-135_com.v2charge.app-1_iphone12black_portrait-1-813x1536.png 813w, https:\/\/v2charge.com\/wp-content\/uploads\/2021\/12\/Screenshot_2021-12-31-12-39-11-135_com.v2charge.app-1_iphone12black_portrait-1-1083x2048.png 1083w, https:\/\/v2charge.com\/wp-content\/uploads\/2021\/12\/Screenshot_2021-12-31-12-39-11-135_com.v2charge.app-1_iphone12black_portrait-1.png 1530w\" sizes=\"(max-width: 542px) 100vw, 542px\" \/><\/figure>\n<p>Nach der Kopplung werden Sie aufgefordert, eine Verbindung \u00fcber WLAN herzustellen. Die Verbindung des WIFI-Passworts erfolgt \u00fcber Bluetooth, wenn Sie es nicht aktiviert haben, ist es besser, es f\u00fcr sp\u00e4ter zu lassen, indem Sie direkt auf die WIFI-Konfiguration verzichten.<\/p>\n<p>Sobald die korrekte Kopplung erfolgt ist, erscheint der folgende Best\u00e4tigungsbildschirm.<\/p>\n<figure class=\"wp-block-image aligncenter size-large is-resized\"><img decoding=\"async\" src=\"https:\/\/v2charge.com\/wp-content\/uploads\/2021\/12\/pantalla-de-confirmacion-542x1024.png\" alt=\"\" class=\"wp-image-71435\" width=\"350\" srcset=\"https:\/\/v2charge.com\/wp-content\/uploads\/2021\/12\/pantalla-de-confirmacion-542x1024.png 542w, https:\/\/v2charge.com\/wp-content\/uploads\/2021\/12\/pantalla-de-confirmacion-159x300.png 159w, https:\/\/v2charge.com\/wp-content\/uploads\/2021\/12\/pantalla-de-confirmacion-768x1452.png 768w, https:\/\/v2charge.com\/wp-content\/uploads\/2021\/12\/pantalla-de-confirmacion-813x1536.png 813w, https:\/\/v2charge.com\/wp-content\/uploads\/2021\/12\/pantalla-de-confirmacion-1083x2048.png 1083w, https:\/\/v2charge.com\/wp-content\/uploads\/2021\/12\/pantalla-de-confirmacion.png 1530w\" sizes=\"(max-width: 542px) 100vw, 542px\" \/><\/figure>\n<h2>Durch das Internet<\/h2>\n<p>Nach erfolgreicher Anmeldung in der V2C Cloud,<\/p>\n<p>Dr\u00fccken Sie die Plustaste, um ein Ladeger\u00e4t hinzuzuf\u00fcgen:<\/p>\n<figure class=\"wp-block-image aligncenter size-full is-resized\"><img decoding=\"async\" src=\"https:\/\/v2charge.com\/wp-content\/uploads\/2021\/12\/Captura4_macbookpro13_front-edited.png\" alt=\"\" class=\"wp-image-71464\" width=\"765\" height=\"430\" srcset=\"https:\/\/v2charge.com\/wp-content\/uploads\/2021\/12\/Captura4_macbookpro13_front-edited.png 2000w, https:\/\/v2charge.com\/wp-content\/uploads\/2021\/12\/Captura4_macbookpro13_front-edited-300x169.png 300w, https:\/\/v2charge.com\/wp-content\/uploads\/2021\/12\/Captura4_macbookpro13_front-edited-1024x576.png 1024w, https:\/\/v2charge.com\/wp-content\/uploads\/2021\/12\/Captura4_macbookpro13_front-edited-768x432.png 768w, https:\/\/v2charge.com\/wp-content\/uploads\/2021\/12\/Captura4_macbookpro13_front-edited-1536x864.png 1536w\" sizes=\"(max-width: 765px) 100vw, 765px\" \/><\/figure>\n<p>F\u00fcgen Sie die ID des Ladeger\u00e4ts hinzu. Die ID des Ladeger\u00e4ts ist ein 7-stelliger alphanumerischer Code, der Ihnen mitgeteilt wurde oder auf dem Aufkleber des Ladeger\u00e4ts oder in der Anleitung zu finden ist.<\/p>\n<figure class=\"wp-block-image aligncenter size-large is-resized\"><img decoding=\"async\" src=\"https:\/\/v2charge.com\/wp-content\/uploads\/2021\/12\/punto-de-recarga-pagina-web-edited.png\" alt=\"\" class=\"wp-image-71480\" width=\"752\" height=\"422\" srcset=\"https:\/\/v2charge.com\/wp-content\/uploads\/2021\/12\/punto-de-recarga-pagina-web-edited.png 2000w, https:\/\/v2charge.com\/wp-content\/uploads\/2021\/12\/punto-de-recarga-pagina-web-edited-300x169.png 300w, https:\/\/v2charge.com\/wp-content\/uploads\/2021\/12\/punto-de-recarga-pagina-web-edited-1024x576.png 1024w, https:\/\/v2charge.com\/wp-content\/uploads\/2021\/12\/punto-de-recarga-pagina-web-edited-768x432.png 768w, https:\/\/v2charge.com\/wp-content\/uploads\/2021\/12\/punto-de-recarga-pagina-web-edited-1536x864.png 1536w\" sizes=\"(max-width: 752px) 100vw, 752px\" \/><\/figure>\n","protected":false},"excerpt":{"rendered":"<p>Wie f\u00fcge ich eine Ladestation zu meiner Plattform hinzu? Um eine Ladestation zu Ihrer V2C-Cloud-Plattform hinzuzuf\u00fcgen, f\u00fchren Sie die folgenden Schritte aus: \u00dcber die APP Dr\u00fccken Sie das Fenster &#8222;Ladeger\u00e4t hinzuf\u00fcgen&#8220;, welches oben mit dem Datum markiert ist. Von hier aus gelangen Sie zum Bildschirm f\u00fcr die Auswahl des Ladeger\u00e4ts. Die ID-Nummer finden Sie auf &#8230; <a title=\"Wie f\u00fcge ich eine Ladestation zu meiner Plattform hinzu?\" class=\"read-more\" href=\"https:\/\/v2charge.com\/de\/wie-fuege-ich-eine-ladestation-zu-meiner-plattform-hinzu\/\" aria-label=\"Mehr Informationen \u00fcber Wie f\u00fcge ich eine Ladestation zu meiner Plattform hinzu?\">Weiterlesen<\/a><\/p>\n","protected":false},"author":1,"featured_media":170350,"parent":0,"menu_order":0,"comment_status":"closed","ping_status":"closed","template":"","meta":{"_eb_attr":"","content-type":"","_uag_custom_page_level_css":"","footnotes":""},"class_list":["post-79221","page","type-page","status-publish","has-post-thumbnail"],"yoast_head":"<!-- This site is optimized with the Yoast SEO plugin v25.3.1 - https:\/\/yoast.com\/wordpress\/plugins\/seo\/ -->\n<title>Wie f\u00fcge ich eine Ladestation zu meiner Plattform hinzu? - V2C<\/title>\n<meta name=\"description\" content=\"Wir erkl\u00e4ren, wie Sie einen neuen Ladepunkt zu Ihrer V2C Cloud App hinzuf\u00fcgen. Schritt f\u00fcr Schritt mit Beispielen. V2C-Support-Bereich.\" \/>\n<meta name=\"robots\" content=\"index, follow, max-snippet:-1, max-image-preview:large, max-video-preview:-1\" \/>\n<link rel=\"canonical\" href=\"https:\/\/v2charge.com\/de\/wie-fuege-ich-eine-ladestation-zu-meiner-plattform-hinzu\/\" \/>\n<meta property=\"og:locale\" content=\"de_DE\" \/>\n<meta property=\"og:type\" content=\"article\" \/>\n<meta property=\"og:title\" content=\"Wie f\u00fcge ich eine Ladestation zu meiner Plattform hinzu? - V2C\" \/>\n<meta property=\"og:description\" content=\"Wir erkl\u00e4ren, wie Sie einen neuen Ladepunkt zu Ihrer V2C Cloud App hinzuf\u00fcgen. Schritt f\u00fcr Schritt mit Beispielen. V2C-Support-Bereich.\" \/>\n<meta property=\"og:url\" content=\"https:\/\/v2charge.com\/de\/wie-fuege-ich-eine-ladestation-zu-meiner-plattform-hinzu\/\" \/>\n<meta property=\"og:site_name\" content=\"V2C\" \/>\n<meta property=\"article:publisher\" content=\"https:\/\/www.facebook.com\/V2C.Charge\" \/>\n<meta property=\"article:modified_time\" content=\"2023-07-20T14:17:12+00:00\" \/>\n<meta property=\"og:image\" content=\"https:\/\/v2charge.com\/wp-content\/uploads\/2021\/12\/pantalla-login-v2c-cloud-iphone_google-474x1024.png\" \/>\n<meta name=\"twitter:card\" content=\"summary_large_image\" \/>\n<meta name=\"twitter:site\" content=\"@V2C_Charge\" \/>\n<meta name=\"twitter:label1\" content=\"Gesch\u00e4tzte Lesezeit\" \/>\n\t<meta name=\"twitter:data1\" content=\"3\u00a0Minuten\" \/>\n<script type=\"application\/ld+json\" class=\"yoast-schema-graph\">{\"@context\":\"https:\/\/schema.org\",\"@graph\":[{\"@type\":\"WebPage\",\"@id\":\"https:\/\/v2charge.com\/de\/wie-fuege-ich-eine-ladestation-zu-meiner-plattform-hinzu\/\",\"url\":\"https:\/\/v2charge.com\/de\/wie-fuege-ich-eine-ladestation-zu-meiner-plattform-hinzu\/\",\"name\":\"Wie f\u00fcge ich eine Ladestation zu meiner Plattform hinzu? - V2C\",\"isPartOf\":{\"@id\":\"https:\/\/v2charge.com\/de\/#website\"},\"primaryImageOfPage\":{\"@id\":\"https:\/\/v2charge.com\/de\/wie-fuege-ich-eine-ladestation-zu-meiner-plattform-hinzu\/#primaryimage\"},\"image\":{\"@id\":\"https:\/\/v2charge.com\/de\/wie-fuege-ich-eine-ladestation-zu-meiner-plattform-hinzu\/#primaryimage\"},\"thumbnailUrl\":\"https:\/\/v2charge.com\/wp-content\/uploads\/2024\/07\/v2c-electric-chargers.jpg\",\"datePublished\":\"2021-12-31T12:30:06+00:00\",\"dateModified\":\"2023-07-20T14:17:12+00:00\",\"description\":\"Wir erkl\u00e4ren, wie Sie einen neuen Ladepunkt zu Ihrer V2C Cloud App hinzuf\u00fcgen. Schritt f\u00fcr Schritt mit Beispielen. V2C-Support-Bereich.\",\"breadcrumb\":{\"@id\":\"https:\/\/v2charge.com\/de\/wie-fuege-ich-eine-ladestation-zu-meiner-plattform-hinzu\/#breadcrumb\"},\"inLanguage\":\"de\",\"potentialAction\":[{\"@type\":\"ReadAction\",\"target\":[\"https:\/\/v2charge.com\/de\/wie-fuege-ich-eine-ladestation-zu-meiner-plattform-hinzu\/\"]}]},{\"@type\":\"ImageObject\",\"inLanguage\":\"de\",\"@id\":\"https:\/\/v2charge.com\/de\/wie-fuege-ich-eine-ladestation-zu-meiner-plattform-hinzu\/#primaryimage\",\"url\":\"https:\/\/v2charge.com\/wp-content\/uploads\/2024\/07\/v2c-electric-chargers.jpg\",\"contentUrl\":\"https:\/\/v2charge.com\/wp-content\/uploads\/2024\/07\/v2c-electric-chargers.jpg\",\"width\":1200,\"height\":675,\"caption\":\"V2C Electric Chargers\"},{\"@type\":\"BreadcrumbList\",\"@id\":\"https:\/\/v2charge.com\/de\/wie-fuege-ich-eine-ladestation-zu-meiner-plattform-hinzu\/#breadcrumb\",\"itemListElement\":[{\"@type\":\"ListItem\",\"position\":1,\"name\":\"V2C\",\"item\":\"https:\/\/v2charge.com\/de\/\"},{\"@type\":\"ListItem\",\"position\":2,\"name\":\"Wie f\u00fcge ich eine Ladestation zu meiner Plattform hinzu?\"}]},{\"@type\":\"WebSite\",\"@id\":\"https:\/\/v2charge.com\/de\/#website\",\"url\":\"https:\/\/v2charge.com\/de\/\",\"name\":\"V2C\",\"description\":\"#CargandoElMa\u00f1ana\",\"publisher\":{\"@id\":\"https:\/\/v2charge.com\/de\/#organization\"},\"potentialAction\":[{\"@type\":\"SearchAction\",\"target\":{\"@type\":\"EntryPoint\",\"urlTemplate\":\"https:\/\/v2charge.com\/de\/?s={search_term_string}\"},\"query-input\":{\"@type\":\"PropertyValueSpecification\",\"valueRequired\":true,\"valueName\":\"search_term_string\"}}],\"inLanguage\":\"de\"},{\"@type\":\"Organization\",\"@id\":\"https:\/\/v2charge.com\/de\/#organization\",\"name\":\"V2C\",\"url\":\"https:\/\/v2charge.com\/de\/\",\"logo\":{\"@type\":\"ImageObject\",\"inLanguage\":\"de\",\"@id\":\"https:\/\/v2charge.com\/de\/#\/schema\/logo\/image\/\",\"url\":\"https:\/\/v2charge.com\/wp-content\/uploads\/2024\/11\/cropped-v2c-charge-logo-menu.png\",\"contentUrl\":\"https:\/\/v2charge.com\/wp-content\/uploads\/2024\/11\/cropped-v2c-charge-logo-menu.png\",\"width\":984,\"height\":431,\"caption\":\"V2C\"},\"image\":{\"@id\":\"https:\/\/v2charge.com\/de\/#\/schema\/logo\/image\/\"},\"sameAs\":[\"https:\/\/www.facebook.com\/V2C.Charge\",\"https:\/\/x.com\/V2C_Charge\",\"https:\/\/www.instagram.com\/v2c.charge\/\",\"https:\/\/www.youtube.com\/@V2C\",\"https:\/\/www.linkedin.com\/company\/v2c-chargers\/\"]}]}<\/script>\n<!-- \/ Yoast SEO plugin. -->","yoast_head_json":{"title":"Wie f\u00fcge ich eine Ladestation zu meiner Plattform hinzu? - V2C","description":"Wir erkl\u00e4ren, wie Sie einen neuen Ladepunkt zu Ihrer V2C Cloud App hinzuf\u00fcgen. Schritt f\u00fcr Schritt mit Beispielen. V2C-Support-Bereich.","robots":{"index":"index","follow":"follow","max-snippet":"max-snippet:-1","max-image-preview":"max-image-preview:large","max-video-preview":"max-video-preview:-1"},"canonical":"https:\/\/v2charge.com\/de\/wie-fuege-ich-eine-ladestation-zu-meiner-plattform-hinzu\/","og_locale":"de_DE","og_type":"article","og_title":"Wie f\u00fcge ich eine Ladestation zu meiner Plattform hinzu? - V2C","og_description":"Wir erkl\u00e4ren, wie Sie einen neuen Ladepunkt zu Ihrer V2C Cloud App hinzuf\u00fcgen. Schritt f\u00fcr Schritt mit Beispielen. V2C-Support-Bereich.","og_url":"https:\/\/v2charge.com\/de\/wie-fuege-ich-eine-ladestation-zu-meiner-plattform-hinzu\/","og_site_name":"V2C","article_publisher":"https:\/\/www.facebook.com\/V2C.Charge","article_modified_time":"2023-07-20T14:17:12+00:00","og_image":[{"url":"https:\/\/v2charge.com\/wp-content\/uploads\/2021\/12\/pantalla-login-v2c-cloud-iphone_google-474x1024.png","type":"","width":"","height":""}],"twitter_card":"summary_large_image","twitter_site":"@V2C_Charge","twitter_misc":{"Gesch\u00e4tzte Lesezeit":"3\u00a0Minuten"},"schema":{"@context":"https:\/\/schema.org","@graph":[{"@type":"WebPage","@id":"https:\/\/v2charge.com\/de\/wie-fuege-ich-eine-ladestation-zu-meiner-plattform-hinzu\/","url":"https:\/\/v2charge.com\/de\/wie-fuege-ich-eine-ladestation-zu-meiner-plattform-hinzu\/","name":"Wie f\u00fcge ich eine Ladestation zu meiner Plattform hinzu? - V2C","isPartOf":{"@id":"https:\/\/v2charge.com\/de\/#website"},"primaryImageOfPage":{"@id":"https:\/\/v2charge.com\/de\/wie-fuege-ich-eine-ladestation-zu-meiner-plattform-hinzu\/#primaryimage"},"image":{"@id":"https:\/\/v2charge.com\/de\/wie-fuege-ich-eine-ladestation-zu-meiner-plattform-hinzu\/#primaryimage"},"thumbnailUrl":"https:\/\/v2charge.com\/wp-content\/uploads\/2024\/07\/v2c-electric-chargers.jpg","datePublished":"2021-12-31T12:30:06+00:00","dateModified":"2023-07-20T14:17:12+00:00","description":"Wir erkl\u00e4ren, wie Sie einen neuen Ladepunkt zu Ihrer V2C Cloud App hinzuf\u00fcgen. Schritt f\u00fcr Schritt mit Beispielen. V2C-Support-Bereich.","breadcrumb":{"@id":"https:\/\/v2charge.com\/de\/wie-fuege-ich-eine-ladestation-zu-meiner-plattform-hinzu\/#breadcrumb"},"inLanguage":"de","potentialAction":[{"@type":"ReadAction","target":["https:\/\/v2charge.com\/de\/wie-fuege-ich-eine-ladestation-zu-meiner-plattform-hinzu\/"]}]},{"@type":"ImageObject","inLanguage":"de","@id":"https:\/\/v2charge.com\/de\/wie-fuege-ich-eine-ladestation-zu-meiner-plattform-hinzu\/#primaryimage","url":"https:\/\/v2charge.com\/wp-content\/uploads\/2024\/07\/v2c-electric-chargers.jpg","contentUrl":"https:\/\/v2charge.com\/wp-content\/uploads\/2024\/07\/v2c-electric-chargers.jpg","width":1200,"height":675,"caption":"V2C Electric Chargers"},{"@type":"BreadcrumbList","@id":"https:\/\/v2charge.com\/de\/wie-fuege-ich-eine-ladestation-zu-meiner-plattform-hinzu\/#breadcrumb","itemListElement":[{"@type":"ListItem","position":1,"name":"V2C","item":"https:\/\/v2charge.com\/de\/"},{"@type":"ListItem","position":2,"name":"Wie f\u00fcge ich eine Ladestation zu meiner Plattform hinzu?"}]},{"@type":"WebSite","@id":"https:\/\/v2charge.com\/de\/#website","url":"https:\/\/v2charge.com\/de\/","name":"V2C","description":"#CargandoElMa\u00f1ana","publisher":{"@id":"https:\/\/v2charge.com\/de\/#organization"},"potentialAction":[{"@type":"SearchAction","target":{"@type":"EntryPoint","urlTemplate":"https:\/\/v2charge.com\/de\/?s={search_term_string}"},"query-input":{"@type":"PropertyValueSpecification","valueRequired":true,"valueName":"search_term_string"}}],"inLanguage":"de"},{"@type":"Organization","@id":"https:\/\/v2charge.com\/de\/#organization","name":"V2C","url":"https:\/\/v2charge.com\/de\/","logo":{"@type":"ImageObject","inLanguage":"de","@id":"https:\/\/v2charge.com\/de\/#\/schema\/logo\/image\/","url":"https:\/\/v2charge.com\/wp-content\/uploads\/2024\/11\/cropped-v2c-charge-logo-menu.png","contentUrl":"https:\/\/v2charge.com\/wp-content\/uploads\/2024\/11\/cropped-v2c-charge-logo-menu.png","width":984,"height":431,"caption":"V2C"},"image":{"@id":"https:\/\/v2charge.com\/de\/#\/schema\/logo\/image\/"},"sameAs":["https:\/\/www.facebook.com\/V2C.Charge","https:\/\/x.com\/V2C_Charge","https:\/\/www.instagram.com\/v2c.charge\/","https:\/\/www.youtube.com\/@V2C","https:\/\/www.linkedin.com\/company\/v2c-chargers\/"]}]}},"uagb_featured_image_src":{"full":["https:\/\/v2charge.com\/wp-content\/uploads\/2024\/07\/v2c-electric-chargers.jpg",1200,675,false],"thumbnail":["https:\/\/v2charge.com\/wp-content\/uploads\/2024\/07\/v2c-electric-chargers-150x150.jpg",150,150,true],"medium":["https:\/\/v2charge.com\/wp-content\/uploads\/2024\/07\/v2c-electric-chargers-300x169.jpg",300,169,true],"medium_large":["https:\/\/v2charge.com\/wp-content\/uploads\/2024\/07\/v2c-electric-chargers-768x432.jpg",768,432,true],"large":["https:\/\/v2charge.com\/wp-content\/uploads\/2024\/07\/v2c-electric-chargers-1024x576.jpg",1024,576,true],"gs-tiny":["https:\/\/v2charge.com\/wp-content\/uploads\/2024\/07\/v2c-electric-chargers.jpg",50,28,false],"xl":["https:\/\/v2charge.com\/wp-content\/uploads\/2024\/07\/v2c-electric-chargers.jpg",1200,675,false],"xxl":["https:\/\/v2charge.com\/wp-content\/uploads\/2024\/07\/v2c-electric-chargers.jpg",1200,675,false],"xxxl":["https:\/\/v2charge.com\/wp-content\/uploads\/2024\/07\/v2c-electric-chargers.jpg",1200,675,false],"xxxxl":["https:\/\/v2charge.com\/wp-content\/uploads\/2024\/07\/v2c-electric-chargers.jpg",1200,675,false],"xxxxxl":["https:\/\/v2charge.com\/wp-content\/uploads\/2024\/07\/v2c-electric-chargers.jpg",1200,675,false],"1536x1536":["https:\/\/v2charge.com\/wp-content\/uploads\/2024\/07\/v2c-electric-chargers.jpg",1200,675,false],"2048x2048":["https:\/\/v2charge.com\/wp-content\/uploads\/2024\/07\/v2c-electric-chargers.jpg",1200,675,false]},"uagb_author_info":{"display_name":"V2C","author_link":"https:\/\/v2charge.com\/de\/author\/root_k4eu7ki8\/"},"uagb_comment_info":0,"uagb_excerpt":"Wie f\u00fcge ich eine Ladestation zu meiner Plattform hinzu? Um eine Ladestation zu Ihrer V2C-Cloud-Plattform hinzuzuf\u00fcgen, f\u00fchren Sie die folgenden Schritte aus: \u00dcber die APP Dr\u00fccken Sie das Fenster &#8222;Ladeger\u00e4t hinzuf\u00fcgen&#8220;, welches oben mit dem Datum markiert ist. Von hier aus gelangen Sie zum Bildschirm f\u00fcr die Auswahl des Ladeger\u00e4ts. Die ID-Nummer finden Sie auf&hellip;","_links":{"self":[{"href":"https:\/\/v2charge.com\/de\/wp-json\/wp\/v2\/pages\/79221","targetHints":{"allow":["GET"]}}],"collection":[{"href":"https:\/\/v2charge.com\/de\/wp-json\/wp\/v2\/pages"}],"about":[{"href":"https:\/\/v2charge.com\/de\/wp-json\/wp\/v2\/types\/page"}],"author":[{"embeddable":true,"href":"https:\/\/v2charge.com\/de\/wp-json\/wp\/v2\/users\/1"}],"replies":[{"embeddable":true,"href":"https:\/\/v2charge.com\/de\/wp-json\/wp\/v2\/comments?post=79221"}],"version-history":[{"count":0,"href":"https:\/\/v2charge.com\/de\/wp-json\/wp\/v2\/pages\/79221\/revisions"}],"wp:featuredmedia":[{"embeddable":true,"href":"https:\/\/v2charge.com\/de\/wp-json\/wp\/v2\/media\/170350"}],"wp:attachment":[{"href":"https:\/\/v2charge.com\/de\/wp-json\/wp\/v2\/media?parent=79221"}],"curies":[{"name":"wp","href":"https:\/\/api.w.org\/{rel}","templated":true}]}}