{"id":79226,"date":"2021-12-31T13:08:13","date_gmt":"2021-12-31T13:08:13","guid":{"rendered":"https:\/\/v2charge.com\/como-conectar-mi-punto-de-recarga-v2c-a-la-wifi\/"},"modified":"2023-07-21T06:24:29","modified_gmt":"2023-07-21T06:24:29","slug":"wie-verbinde-ich-meinen-e-charger-v2c-mit-wifi","status":"publish","type":"page","link":"https:\/\/v2charge.com\/de\/wie-verbinde-ich-meinen-e-charger-v2c-mit-wifi\/","title":{"rendered":"Wie verbinde ich mein e-Charger V2C mit Wifi?"},"content":{"rendered":"<h1>Wie verbinde ich mein e-Charger V2C mit Wifi?<\/h1>\n<p>Je nach Modell, das Sie haben, muss der Vorgang auf unterschiedliche Weise durchgef\u00fchrt werden. Aber es gibt zwei gemeinsame Punkte: Sie m\u00fcssen es von der mobilen Anwendung aus tun und Bluetooth aktivieren.<\/p>\n<blockquote><p>Die Bluetooth-Nutzung erfordert bei den meisten Android-Ger\u00e4ten einen Standort<\/p><\/blockquote>\n<p>Die Verbindung zwischen dem e-Charger und der App erfolgt \u00fcber Bluetooth.<\/p>\n<ol>\n<li>Die erste M\u00f6glichkeit besteht darin, es beim Koppeln Ihres Ger\u00e4ts zu aktivieren und in seiner N\u00e4he zu bleiben. Wenn Sie es nicht in der N\u00e4he Ihres Ger\u00e4ts koppeln k\u00f6nnen oder das Bluetooth nicht aktiviert ist, k\u00f6nnen Sie es f\u00fcr sp\u00e4ter weglassen<\/li>\n<li>Die zweite M\u00f6glichkeit ist \u00fcber das Men\u00fc.<\/li>\n<\/ol>\n<p>Wenn das e-Charger mit dem Internet verbunden ist (\u00fcber Wifi, Ethernet oder 4G), wird ein Wellensignal-Symbol angezeigt. Wenn die Bluetooth-Verbindung verf\u00fcgbar ist, wird das Symbol auch in der App angezeigt.<\/p>\n<figure><img decoding=\"async\" src=\"https:\/\/v2charge.com\/wp-content\/uploads\/2021\/12\/Screenshot_2021-12-31-13-46-22-685_com.v2charge.app_iphone12black_portrait-542x1024.png\" alt=\"\" width=\"271\" height=\"512\"><\/figure>\n<p>Wenn Sie eine Bluetooth-Verbindung haben, k\u00f6nnen Sie \u00fcber das Hauptmen\u00fc auf Ihr Ger\u00e4t zugreifen. Sie k\u00f6nnen den e-Charger im Bluetooth-Modus registrieren und zur Konfigurationsseite gehen.<\/p>\n<blockquote><p>Die Ger\u00e4te ohne Bluetooth-Verbindung k\u00f6nnen \u00fcber Wifi konfiguriert werden.<\/p><\/blockquote>\n<figure><img decoding=\"async\" src=\"https:\/\/v2charge.com\/wp-content\/uploads\/2021\/12\/Screenshot_2021-12-31-13-46-38-406_com.v2charge.app_iphone12black_portrait-542x1024.png\" alt=\"ajuste de configuraci\u00f3n wifi en v2c cloud\" width=\"271\" height=\"512\"><\/figure>\n<p>Wenn Sie das Konfigurationsmen\u00fc aufrufen, k\u00f6nnen Sie im unteren Teil Ihr Wifi ausw\u00e4hlen..<\/p>\n<figure><img decoding=\"async\" src=\"https:\/\/v2charge.com\/wp-content\/uploads\/2021\/12\/punto-de-recarga-conexion-wifi-542x1024.png\" alt=\"\" width=\"271\" height=\"512\"><\/figure>\n<figure><img decoding=\"async\" src=\"https:\/\/v2charge.com\/wp-content\/uploads\/2021\/12\/Screenshot_2021-12-31-12-39-11-135_com.v2charge.app-1_iphone12black_portrait-1-542x1024.png\" alt=\"\" width=\"271\" height=\"512\"><\/figure>\n<p>Wenn Ihr WLAN aktiviert ist, zeigt Ihnen die App auf Android-Ger\u00e4ten automatisch die verf\u00fcgbaren Netzwerke an. Andernfalls m\u00fcssen Sie den SSID-Namen des WLANs unter Beachtung der Gro\u00df- und Kleinschreibung auf dem Router eingeben und das Passwort eingeben.<\/p>\n<p>Je nach Ger\u00e4t m\u00fcssen Sie es zu diesem Zeitpunkt neu starten. Nach einigen Minuten wird der e-Charger mit Internetverbindung in der App angezeigt. Sollte dies nicht der Fall sein, \u00fcberpr\u00fcfen Sie, ob das Wifi-Passwort korrekt ist. Weitere Informationen zum Thema &#8222;Wie erkenne ich, ob mein Ger\u00e4t verbunden ist&#8220; finden Sie in der Bedienungsanleitung des e-Chargers.<\/p>\n<blockquote><p>Verbinden Sie das Ger\u00e4t immer mit einem Internet-Netzwerk mit gutem Signal oder installieren Sie einen Wifi-Repeater, um Verbindungsabbr\u00fcche oder Funktionsst\u00f6rungen zu vermeiden.<\/p>\n<p>Wifi-Netzwerke mit jeglicher Art von Sicherheitsvorkehrungen (Firewall), DHCP-Blocker, Port-Sperrung, etc\u2026 und in Verbindung mit Unternehmen m\u00fcssen von einem technischen Leiter konfiguriert werden. F\u00fcr weitere Informationen besuchen Sie bitte unseren Support-Service.<\/p><\/blockquote>\n","protected":false},"excerpt":{"rendered":"<p>Wie verbinde ich mein e-Charger V2C mit Wifi? Je nach Modell, das Sie haben, muss der Vorgang auf unterschiedliche Weise durchgef\u00fchrt werden. Aber es gibt zwei gemeinsame Punkte: Sie m\u00fcssen es von der mobilen Anwendung aus tun und Bluetooth aktivieren. Die Bluetooth-Nutzung erfordert bei den meisten Android-Ger\u00e4ten einen Standort Die Verbindung zwischen dem e-Charger und &#8230; <a title=\"Wie verbinde ich mein e-Charger V2C mit Wifi?\" class=\"read-more\" href=\"https:\/\/v2charge.com\/de\/wie-verbinde-ich-meinen-e-charger-v2c-mit-wifi\/\" aria-label=\"Mehr Informationen \u00fcber Wie verbinde ich mein e-Charger V2C mit Wifi?\">Weiterlesen<\/a><\/p>\n","protected":false},"author":1,"featured_media":0,"parent":0,"menu_order":0,"comment_status":"closed","ping_status":"closed","template":"","meta":{"_eb_attr":"","content-type":"","_uag_custom_page_level_css":"","footnotes":""},"class_list":["post-79226","page","type-page","status-publish"],"yoast_head":"<!-- This site is optimized with the Yoast SEO plugin v25.3.1 - https:\/\/yoast.com\/wordpress\/plugins\/seo\/ -->\n<title>Wie verbinde ich meine elektrische Ladestation mit dem Wifi? | V2C<\/title>\n<meta name=\"description\" content=\"Wir erkl\u00e4ren Ihnen, wie Sie Ihre V2C-Elektrolades\u00e4ule mit dem Wifi verbinden k\u00f6nnen. Genie\u00dfen Sie die neueste Technologie mit unseren E-Ladeger\u00e4ten.\" \/>\n<meta name=\"robots\" content=\"index, follow, max-snippet:-1, max-image-preview:large, max-video-preview:-1\" \/>\n<link rel=\"canonical\" href=\"https:\/\/v2charge.com\/de\/wie-verbinde-ich-meinen-e-charger-v2c-mit-wifi\/\" \/>\n<meta property=\"og:locale\" content=\"de_DE\" \/>\n<meta property=\"og:type\" content=\"article\" \/>\n<meta property=\"og:title\" content=\"Wie verbinde ich meine elektrische Ladestation mit dem Wifi? | V2C\" \/>\n<meta property=\"og:description\" content=\"Wir erkl\u00e4ren Ihnen, wie Sie Ihre V2C-Elektrolades\u00e4ule mit dem Wifi verbinden k\u00f6nnen. Genie\u00dfen Sie die neueste Technologie mit unseren E-Ladeger\u00e4ten.\" \/>\n<meta property=\"og:url\" content=\"https:\/\/v2charge.com\/de\/wie-verbinde-ich-meinen-e-charger-v2c-mit-wifi\/\" \/>\n<meta property=\"og:site_name\" content=\"V2C\" \/>\n<meta property=\"article:publisher\" content=\"https:\/\/www.facebook.com\/V2C.Charge\" \/>\n<meta property=\"article:modified_time\" content=\"2023-07-21T06:24:29+00:00\" \/>\n<meta property=\"og:image\" content=\"https:\/\/v2charge.com\/wp-content\/uploads\/2021\/12\/Screenshot_2021-12-31-13-46-22-685_com.v2charge.app_iphone12black_portrait-542x1024.png\" \/>\n<meta name=\"twitter:card\" content=\"summary_large_image\" \/>\n<meta name=\"twitter:site\" content=\"@V2C_Charge\" \/>\n<meta name=\"twitter:label1\" content=\"Gesch\u00e4tzte Lesezeit\" \/>\n\t<meta name=\"twitter:data1\" content=\"2\u00a0Minuten\" \/>\n<script type=\"application\/ld+json\" class=\"yoast-schema-graph\">{\"@context\":\"https:\/\/schema.org\",\"@graph\":[{\"@type\":\"WebPage\",\"@id\":\"https:\/\/v2charge.com\/de\/wie-verbinde-ich-meinen-e-charger-v2c-mit-wifi\/\",\"url\":\"https:\/\/v2charge.com\/de\/wie-verbinde-ich-meinen-e-charger-v2c-mit-wifi\/\",\"name\":\"Wie verbinde ich meine elektrische Ladestation mit dem Wifi? | V2C\",\"isPartOf\":{\"@id\":\"https:\/\/v2charge.com\/de\/#website\"},\"primaryImageOfPage\":{\"@id\":\"https:\/\/v2charge.com\/de\/wie-verbinde-ich-meinen-e-charger-v2c-mit-wifi\/#primaryimage\"},\"image\":{\"@id\":\"https:\/\/v2charge.com\/de\/wie-verbinde-ich-meinen-e-charger-v2c-mit-wifi\/#primaryimage\"},\"thumbnailUrl\":\"https:\/\/v2charge.com\/wp-content\/uploads\/2021\/12\/Screenshot_2021-12-31-13-46-22-685_com.v2charge.app_iphone12black_portrait-542x1024.png\",\"datePublished\":\"2021-12-31T13:08:13+00:00\",\"dateModified\":\"2023-07-21T06:24:29+00:00\",\"description\":\"Wir erkl\u00e4ren Ihnen, wie Sie Ihre V2C-Elektrolades\u00e4ule mit dem Wifi verbinden k\u00f6nnen. Genie\u00dfen Sie die neueste Technologie mit unseren E-Ladeger\u00e4ten.\",\"breadcrumb\":{\"@id\":\"https:\/\/v2charge.com\/de\/wie-verbinde-ich-meinen-e-charger-v2c-mit-wifi\/#breadcrumb\"},\"inLanguage\":\"de\",\"potentialAction\":[{\"@type\":\"ReadAction\",\"target\":[\"https:\/\/v2charge.com\/de\/wie-verbinde-ich-meinen-e-charger-v2c-mit-wifi\/\"]}]},{\"@type\":\"ImageObject\",\"inLanguage\":\"de\",\"@id\":\"https:\/\/v2charge.com\/de\/wie-verbinde-ich-meinen-e-charger-v2c-mit-wifi\/#primaryimage\",\"url\":\"https:\/\/v2charge.com\/wp-content\/uploads\/2021\/12\/Screenshot_2021-12-31-13-46-22-685_com.v2charge.app_iphone12black_portrait-542x1024.png\",\"contentUrl\":\"https:\/\/v2charge.com\/wp-content\/uploads\/2021\/12\/Screenshot_2021-12-31-13-46-22-685_com.v2charge.app_iphone12black_portrait-542x1024.png\"},{\"@type\":\"BreadcrumbList\",\"@id\":\"https:\/\/v2charge.com\/de\/wie-verbinde-ich-meinen-e-charger-v2c-mit-wifi\/#breadcrumb\",\"itemListElement\":[{\"@type\":\"ListItem\",\"position\":1,\"name\":\"V2C\",\"item\":\"https:\/\/v2charge.com\/de\/\"},{\"@type\":\"ListItem\",\"position\":2,\"name\":\"Wie verbinde ich mein e-Charger V2C mit Wifi?\"}]},{\"@type\":\"WebSite\",\"@id\":\"https:\/\/v2charge.com\/de\/#website\",\"url\":\"https:\/\/v2charge.com\/de\/\",\"name\":\"V2C\",\"description\":\"#CargandoElMa\u00f1ana\",\"publisher\":{\"@id\":\"https:\/\/v2charge.com\/de\/#organization\"},\"potentialAction\":[{\"@type\":\"SearchAction\",\"target\":{\"@type\":\"EntryPoint\",\"urlTemplate\":\"https:\/\/v2charge.com\/de\/?s={search_term_string}\"},\"query-input\":{\"@type\":\"PropertyValueSpecification\",\"valueRequired\":true,\"valueName\":\"search_term_string\"}}],\"inLanguage\":\"de\"},{\"@type\":\"Organization\",\"@id\":\"https:\/\/v2charge.com\/de\/#organization\",\"name\":\"V2C\",\"url\":\"https:\/\/v2charge.com\/de\/\",\"logo\":{\"@type\":\"ImageObject\",\"inLanguage\":\"de\",\"@id\":\"https:\/\/v2charge.com\/de\/#\/schema\/logo\/image\/\",\"url\":\"https:\/\/v2charge.com\/wp-content\/uploads\/2024\/11\/cropped-v2c-charge-logo-menu.png\",\"contentUrl\":\"https:\/\/v2charge.com\/wp-content\/uploads\/2024\/11\/cropped-v2c-charge-logo-menu.png\",\"width\":984,\"height\":431,\"caption\":\"V2C\"},\"image\":{\"@id\":\"https:\/\/v2charge.com\/de\/#\/schema\/logo\/image\/\"},\"sameAs\":[\"https:\/\/www.facebook.com\/V2C.Charge\",\"https:\/\/x.com\/V2C_Charge\",\"https:\/\/www.instagram.com\/v2c.charge\/\",\"https:\/\/www.youtube.com\/@V2C\",\"https:\/\/www.linkedin.com\/company\/v2c-chargers\/\"]}]}<\/script>\n<!-- \/ Yoast SEO plugin. -->","yoast_head_json":{"title":"Wie verbinde ich meine elektrische Ladestation mit dem Wifi? | V2C","description":"Wir erkl\u00e4ren Ihnen, wie Sie Ihre V2C-Elektrolades\u00e4ule mit dem Wifi verbinden k\u00f6nnen. Genie\u00dfen Sie die neueste Technologie mit unseren E-Ladeger\u00e4ten.","robots":{"index":"index","follow":"follow","max-snippet":"max-snippet:-1","max-image-preview":"max-image-preview:large","max-video-preview":"max-video-preview:-1"},"canonical":"https:\/\/v2charge.com\/de\/wie-verbinde-ich-meinen-e-charger-v2c-mit-wifi\/","og_locale":"de_DE","og_type":"article","og_title":"Wie verbinde ich meine elektrische Ladestation mit dem Wifi? | V2C","og_description":"Wir erkl\u00e4ren Ihnen, wie Sie Ihre V2C-Elektrolades\u00e4ule mit dem Wifi verbinden k\u00f6nnen. Genie\u00dfen Sie die neueste Technologie mit unseren E-Ladeger\u00e4ten.","og_url":"https:\/\/v2charge.com\/de\/wie-verbinde-ich-meinen-e-charger-v2c-mit-wifi\/","og_site_name":"V2C","article_publisher":"https:\/\/www.facebook.com\/V2C.Charge","article_modified_time":"2023-07-21T06:24:29+00:00","og_image":[{"url":"https:\/\/v2charge.com\/wp-content\/uploads\/2021\/12\/Screenshot_2021-12-31-13-46-22-685_com.v2charge.app_iphone12black_portrait-542x1024.png","type":"","width":"","height":""}],"twitter_card":"summary_large_image","twitter_site":"@V2C_Charge","twitter_misc":{"Gesch\u00e4tzte Lesezeit":"2\u00a0Minuten"},"schema":{"@context":"https:\/\/schema.org","@graph":[{"@type":"WebPage","@id":"https:\/\/v2charge.com\/de\/wie-verbinde-ich-meinen-e-charger-v2c-mit-wifi\/","url":"https:\/\/v2charge.com\/de\/wie-verbinde-ich-meinen-e-charger-v2c-mit-wifi\/","name":"Wie verbinde ich meine elektrische Ladestation mit dem Wifi? | V2C","isPartOf":{"@id":"https:\/\/v2charge.com\/de\/#website"},"primaryImageOfPage":{"@id":"https:\/\/v2charge.com\/de\/wie-verbinde-ich-meinen-e-charger-v2c-mit-wifi\/#primaryimage"},"image":{"@id":"https:\/\/v2charge.com\/de\/wie-verbinde-ich-meinen-e-charger-v2c-mit-wifi\/#primaryimage"},"thumbnailUrl":"https:\/\/v2charge.com\/wp-content\/uploads\/2021\/12\/Screenshot_2021-12-31-13-46-22-685_com.v2charge.app_iphone12black_portrait-542x1024.png","datePublished":"2021-12-31T13:08:13+00:00","dateModified":"2023-07-21T06:24:29+00:00","description":"Wir erkl\u00e4ren Ihnen, wie Sie Ihre V2C-Elektrolades\u00e4ule mit dem Wifi verbinden k\u00f6nnen. Genie\u00dfen Sie die neueste Technologie mit unseren E-Ladeger\u00e4ten.","breadcrumb":{"@id":"https:\/\/v2charge.com\/de\/wie-verbinde-ich-meinen-e-charger-v2c-mit-wifi\/#breadcrumb"},"inLanguage":"de","potentialAction":[{"@type":"ReadAction","target":["https:\/\/v2charge.com\/de\/wie-verbinde-ich-meinen-e-charger-v2c-mit-wifi\/"]}]},{"@type":"ImageObject","inLanguage":"de","@id":"https:\/\/v2charge.com\/de\/wie-verbinde-ich-meinen-e-charger-v2c-mit-wifi\/#primaryimage","url":"https:\/\/v2charge.com\/wp-content\/uploads\/2021\/12\/Screenshot_2021-12-31-13-46-22-685_com.v2charge.app_iphone12black_portrait-542x1024.png","contentUrl":"https:\/\/v2charge.com\/wp-content\/uploads\/2021\/12\/Screenshot_2021-12-31-13-46-22-685_com.v2charge.app_iphone12black_portrait-542x1024.png"},{"@type":"BreadcrumbList","@id":"https:\/\/v2charge.com\/de\/wie-verbinde-ich-meinen-e-charger-v2c-mit-wifi\/#breadcrumb","itemListElement":[{"@type":"ListItem","position":1,"name":"V2C","item":"https:\/\/v2charge.com\/de\/"},{"@type":"ListItem","position":2,"name":"Wie verbinde ich mein e-Charger V2C mit Wifi?"}]},{"@type":"WebSite","@id":"https:\/\/v2charge.com\/de\/#website","url":"https:\/\/v2charge.com\/de\/","name":"V2C","description":"#CargandoElMa\u00f1ana","publisher":{"@id":"https:\/\/v2charge.com\/de\/#organization"},"potentialAction":[{"@type":"SearchAction","target":{"@type":"EntryPoint","urlTemplate":"https:\/\/v2charge.com\/de\/?s={search_term_string}"},"query-input":{"@type":"PropertyValueSpecification","valueRequired":true,"valueName":"search_term_string"}}],"inLanguage":"de"},{"@type":"Organization","@id":"https:\/\/v2charge.com\/de\/#organization","name":"V2C","url":"https:\/\/v2charge.com\/de\/","logo":{"@type":"ImageObject","inLanguage":"de","@id":"https:\/\/v2charge.com\/de\/#\/schema\/logo\/image\/","url":"https:\/\/v2charge.com\/wp-content\/uploads\/2024\/11\/cropped-v2c-charge-logo-menu.png","contentUrl":"https:\/\/v2charge.com\/wp-content\/uploads\/2024\/11\/cropped-v2c-charge-logo-menu.png","width":984,"height":431,"caption":"V2C"},"image":{"@id":"https:\/\/v2charge.com\/de\/#\/schema\/logo\/image\/"},"sameAs":["https:\/\/www.facebook.com\/V2C.Charge","https:\/\/x.com\/V2C_Charge","https:\/\/www.instagram.com\/v2c.charge\/","https:\/\/www.youtube.com\/@V2C","https:\/\/www.linkedin.com\/company\/v2c-chargers\/"]}]}},"uagb_featured_image_src":{"full":false,"thumbnail":false,"medium":false,"medium_large":false,"large":false,"gs-tiny":false,"xl":false,"xxl":false,"xxxl":false,"xxxxl":false,"xxxxxl":false,"1536x1536":false,"2048x2048":false},"uagb_author_info":{"display_name":"V2C","author_link":"https:\/\/v2charge.com\/de\/author\/root_k4eu7ki8\/"},"uagb_comment_info":0,"uagb_excerpt":"Wie verbinde ich mein e-Charger V2C mit Wifi? Je nach Modell, das Sie haben, muss der Vorgang auf unterschiedliche Weise durchgef\u00fchrt werden. Aber es gibt zwei gemeinsame Punkte: Sie m\u00fcssen es von der mobilen Anwendung aus tun und Bluetooth aktivieren. Die Bluetooth-Nutzung erfordert bei den meisten Android-Ger\u00e4ten einen Standort Die Verbindung zwischen dem e-Charger und&hellip;","_links":{"self":[{"href":"https:\/\/v2charge.com\/de\/wp-json\/wp\/v2\/pages\/79226","targetHints":{"allow":["GET"]}}],"collection":[{"href":"https:\/\/v2charge.com\/de\/wp-json\/wp\/v2\/pages"}],"about":[{"href":"https:\/\/v2charge.com\/de\/wp-json\/wp\/v2\/types\/page"}],"author":[{"embeddable":true,"href":"https:\/\/v2charge.com\/de\/wp-json\/wp\/v2\/users\/1"}],"replies":[{"embeddable":true,"href":"https:\/\/v2charge.com\/de\/wp-json\/wp\/v2\/comments?post=79226"}],"version-history":[{"count":0,"href":"https:\/\/v2charge.com\/de\/wp-json\/wp\/v2\/pages\/79226\/revisions"}],"wp:attachment":[{"href":"https:\/\/v2charge.com\/de\/wp-json\/wp\/v2\/media?parent=79226"}],"curies":[{"name":"wp","href":"https:\/\/api.w.org\/{rel}","templated":true}]}}