{"id":79228,"date":"2021-12-31T13:51:24","date_gmt":"2021-12-31T13:51:24","guid":{"rendered":"https:\/\/v2charge.com\/como-conectar-mi-punto-de-recarga-a-traves-de-bluetooth\/"},"modified":"2023-06-14T06:52:15","modified_gmt":"2023-06-14T06:52:15","slug":"wie-kann-ich-meinen-e-charger-mit-bluetooth-verbinden","status":"publish","type":"page","link":"https:\/\/v2charge.com\/de\/wie-kann-ich-meinen-e-charger-mit-bluetooth-verbinden\/","title":{"rendered":"Wie kann ich meinen e-Charger mit Bluetooth verbinden?"},"content":{"rendered":"<h1>Wie kann ich meinen e-Charger mit Bluetooth verbinden?<\/h1>\n\n\n<p>Mit der Verbindung \u00fcber Bluetooth Low Energy, k\u00f6nnen Sie die Konfiguration der Ladestation, die Statistiken aus der Ferne, sowie die Anzeige der Aufladung in Echtzeit w\u00e4hrend seines Prozesses verfolgen. Sie wird jedoch immer eingeschr\u00e4nkter sein als die Nutzung \u00fcber eine Internetverbindung.<\/p>\n\n\n\n<p>Nicht alle Ger\u00e4te verf\u00fcgen \u00fcber die oben genannten Funktionen via Bluetooth, sondern nur diejenigen, die f\u00fcr den privaten Gebrauch in Gemeinschaftsgaragen vorgesehen sind. Die modernsten Ger\u00e4te, die mit dem Internet verbunden werden sollen, haben nur diese Verbindung, um das Wifi-Passwort anzugeben.<\/p>\n\n\n\n<p>Sie wird \u00fcber Bluetooth mit mobilen Plattformen, entweder Android oder iPhone, zug\u00e4nglich sein. <\/p>\n\n\n\n<p>Halten Sie sich in der N\u00e4he der Ladestation auf (die Bluetooth-Entfernung variiert, aber bei einer Entfernung von mehr als 10 Metern wird die Kommunikation schlechter und langsamer.<\/p>\n\n\n\n<p>Auf dem Bildschirm der Ladestationen wird direkt das Bluetooth-Signal angezeigt. Sobald das Symbol aktiviert ist, k\u00f6nnen Sie Ihre Ladestation \u00fcber Bluetooth benutzen.<\/p>\n\n\n\n<p>Wenn die Garage nicht von Ihrem Mobiltelefon abgedeckt wird, k\u00f6nnen Sie sie trotzdem nutzen (wir empfehlen, die Anwendung bei bestehender Internetverbindung zu \u00f6ffnen, damit die Statistiken aktualisiert werden k\u00f6nnen) (beim ersten Mal ist es notwendig, sich bei der App mit einer Internetverbindung anzumelden, dann speichern wir Ihren Benutzernamen im Cache).<\/p>\n\n\n\n<figure><img decoding=\"async\" src=\"https:\/\/v2charge.com\/wp-content\/uploads\/2021\/12\/Screenshot_2021-12-31-13-46-22-685_com.v2charge.app_iphone12black_portrait-2-542x1024.png\" alt=\"\" width=\"407\" height=\"768\"\/><\/figure>\n\n\n\n<p>Mit Bluetooth k\u00f6nnen Sie die folgenden Funktionen ausf\u00fchren:<\/p>\n\n\n\n<ul class=\"wp-block-list\"><li>Die gesamte Konfiguration der Aufladestation<\/li><li>Sperren\/Freigeben<\/li><li>Konsultieren Sie in Echtzeit die Aufladung<\/li><li>\u00c4ndern der Leistung der Aufladung in Echtzeit<\/li><li>Nachladen pausieren<\/li><li>Programmierung des Timers<\/li><li>Programmierung der dynamischen Aufladesteuerung (mit oder ohne Photovoltaik)<\/li><li>Hochladen von Statistiken in die Cloud (sie k\u00f6nnen eingesehen werden, ohne mit der Ladestation              verbunden zu sein).<\/li><li>Andere Funktionen.<\/li><\/ul>\n\n\n\n<p>Wenn keine Bluetooth-Verbindung hergestellt werden kann, befolgen Sie die folgenden L\u00f6sungsvorschl\u00e4ge:<\/p>\n\n\n\n<ol class=\"wp-block-list\"><li>Das Mobiltelefon zur\u00fccksetzen<\/li><li>Schlie\u00dfen Sie die Anwendung (siehe Schlie\u00dfen der Anwendung) und \u00f6ffnen Sie sie erneut.<\/li><li>Schalten Sie Bluetooth aus und wieder ein.<\/li><\/ol>\n","protected":false},"excerpt":{"rendered":"<p>Wie kann ich meinen e-Charger mit Bluetooth verbinden? Mit der Verbindung \u00fcber Bluetooth Low Energy, k\u00f6nnen Sie die Konfiguration der Ladestation, die Statistiken aus der Ferne, sowie die Anzeige der Aufladung in Echtzeit w\u00e4hrend seines Prozesses verfolgen. Sie wird jedoch immer eingeschr\u00e4nkter sein als die Nutzung \u00fcber eine Internetverbindung. Nicht alle Ger\u00e4te verf\u00fcgen \u00fcber die &#8230; <a title=\"Wie kann ich meinen e-Charger mit Bluetooth verbinden?\" class=\"read-more\" href=\"https:\/\/v2charge.com\/de\/wie-kann-ich-meinen-e-charger-mit-bluetooth-verbinden\/\" aria-label=\"Mehr Informationen \u00fcber Wie kann ich meinen e-Charger mit Bluetooth verbinden?\">Weiterlesen<\/a><\/p>\n","protected":false},"author":1,"featured_media":170350,"parent":0,"menu_order":0,"comment_status":"closed","ping_status":"closed","template":"","meta":{"_eb_attr":"","content-type":"","_uag_custom_page_level_css":"","footnotes":""},"class_list":["post-79228","page","type-page","status-publish","has-post-thumbnail"],"yoast_head":"<!-- This site is optimized with the Yoast SEO plugin v25.3.1 - https:\/\/yoast.com\/wordpress\/plugins\/seo\/ -->\n<title>Wie verbinde ich meine V2C-Ladestation mit Bluetooh? | V2C<\/title>\n<meta name=\"description\" content=\"Wenn Sie Ihr V2C-Ladeger\u00e4t \u00fcber Bluetooh anschlie\u00dfen m\u00f6chten, erkl\u00e4ren wir Ihnen, wie Sie dies auf einfache Weise \u00fcber die V2C Cloud tun k\u00f6nnen.\" \/>\n<meta name=\"robots\" content=\"index, follow, max-snippet:-1, max-image-preview:large, max-video-preview:-1\" \/>\n<link rel=\"canonical\" href=\"https:\/\/v2charge.com\/de\/wie-kann-ich-meinen-e-charger-mit-bluetooth-verbinden\/\" \/>\n<meta property=\"og:locale\" content=\"de_DE\" \/>\n<meta property=\"og:type\" content=\"article\" \/>\n<meta property=\"og:title\" content=\"Wie verbinde ich meine V2C-Ladestation mit Bluetooh? | V2C\" \/>\n<meta property=\"og:description\" content=\"Wenn Sie Ihr V2C-Ladeger\u00e4t \u00fcber Bluetooh anschlie\u00dfen m\u00f6chten, erkl\u00e4ren wir Ihnen, wie Sie dies auf einfache Weise \u00fcber die V2C Cloud tun k\u00f6nnen.\" \/>\n<meta property=\"og:url\" content=\"https:\/\/v2charge.com\/de\/wie-kann-ich-meinen-e-charger-mit-bluetooth-verbinden\/\" \/>\n<meta property=\"og:site_name\" content=\"V2C\" \/>\n<meta property=\"article:publisher\" content=\"https:\/\/www.facebook.com\/V2C.Charge\" \/>\n<meta property=\"article:modified_time\" content=\"2023-06-14T06:52:15+00:00\" \/>\n<meta property=\"og:image\" content=\"https:\/\/v2charge.com\/wp-content\/uploads\/2021\/12\/Screenshot_2021-12-31-13-46-22-685_com.v2charge.app_iphone12black_portrait-2-542x1024.png\" \/>\n<meta name=\"twitter:card\" content=\"summary_large_image\" \/>\n<meta name=\"twitter:site\" content=\"@V2C_Charge\" \/>\n<meta name=\"twitter:label1\" content=\"Gesch\u00e4tzte Lesezeit\" \/>\n\t<meta name=\"twitter:data1\" content=\"2\u00a0Minuten\" \/>\n<script type=\"application\/ld+json\" class=\"yoast-schema-graph\">{\"@context\":\"https:\/\/schema.org\",\"@graph\":[{\"@type\":\"WebPage\",\"@id\":\"https:\/\/v2charge.com\/de\/wie-kann-ich-meinen-e-charger-mit-bluetooth-verbinden\/\",\"url\":\"https:\/\/v2charge.com\/de\/wie-kann-ich-meinen-e-charger-mit-bluetooth-verbinden\/\",\"name\":\"Wie verbinde ich meine V2C-Ladestation mit Bluetooh? | V2C\",\"isPartOf\":{\"@id\":\"https:\/\/v2charge.com\/de\/#website\"},\"primaryImageOfPage\":{\"@id\":\"https:\/\/v2charge.com\/de\/wie-kann-ich-meinen-e-charger-mit-bluetooth-verbinden\/#primaryimage\"},\"image\":{\"@id\":\"https:\/\/v2charge.com\/de\/wie-kann-ich-meinen-e-charger-mit-bluetooth-verbinden\/#primaryimage\"},\"thumbnailUrl\":\"https:\/\/v2charge.com\/wp-content\/uploads\/2024\/07\/v2c-electric-chargers.jpg\",\"datePublished\":\"2021-12-31T13:51:24+00:00\",\"dateModified\":\"2023-06-14T06:52:15+00:00\",\"description\":\"Wenn Sie Ihr V2C-Ladeger\u00e4t \u00fcber Bluetooh anschlie\u00dfen m\u00f6chten, erkl\u00e4ren wir Ihnen, wie Sie dies auf einfache Weise \u00fcber die V2C Cloud tun k\u00f6nnen.\",\"breadcrumb\":{\"@id\":\"https:\/\/v2charge.com\/de\/wie-kann-ich-meinen-e-charger-mit-bluetooth-verbinden\/#breadcrumb\"},\"inLanguage\":\"de\",\"potentialAction\":[{\"@type\":\"ReadAction\",\"target\":[\"https:\/\/v2charge.com\/de\/wie-kann-ich-meinen-e-charger-mit-bluetooth-verbinden\/\"]}]},{\"@type\":\"ImageObject\",\"inLanguage\":\"de\",\"@id\":\"https:\/\/v2charge.com\/de\/wie-kann-ich-meinen-e-charger-mit-bluetooth-verbinden\/#primaryimage\",\"url\":\"https:\/\/v2charge.com\/wp-content\/uploads\/2024\/07\/v2c-electric-chargers.jpg\",\"contentUrl\":\"https:\/\/v2charge.com\/wp-content\/uploads\/2024\/07\/v2c-electric-chargers.jpg\",\"width\":1200,\"height\":675,\"caption\":\"V2C Electric Chargers\"},{\"@type\":\"BreadcrumbList\",\"@id\":\"https:\/\/v2charge.com\/de\/wie-kann-ich-meinen-e-charger-mit-bluetooth-verbinden\/#breadcrumb\",\"itemListElement\":[{\"@type\":\"ListItem\",\"position\":1,\"name\":\"V2C\",\"item\":\"https:\/\/v2charge.com\/de\/\"},{\"@type\":\"ListItem\",\"position\":2,\"name\":\"Wie kann ich meinen e-Charger mit Bluetooth verbinden?\"}]},{\"@type\":\"WebSite\",\"@id\":\"https:\/\/v2charge.com\/de\/#website\",\"url\":\"https:\/\/v2charge.com\/de\/\",\"name\":\"V2C\",\"description\":\"#CargandoElMa\u00f1ana\",\"publisher\":{\"@id\":\"https:\/\/v2charge.com\/de\/#organization\"},\"potentialAction\":[{\"@type\":\"SearchAction\",\"target\":{\"@type\":\"EntryPoint\",\"urlTemplate\":\"https:\/\/v2charge.com\/de\/?s={search_term_string}\"},\"query-input\":{\"@type\":\"PropertyValueSpecification\",\"valueRequired\":true,\"valueName\":\"search_term_string\"}}],\"inLanguage\":\"de\"},{\"@type\":\"Organization\",\"@id\":\"https:\/\/v2charge.com\/de\/#organization\",\"name\":\"V2C\",\"url\":\"https:\/\/v2charge.com\/de\/\",\"logo\":{\"@type\":\"ImageObject\",\"inLanguage\":\"de\",\"@id\":\"https:\/\/v2charge.com\/de\/#\/schema\/logo\/image\/\",\"url\":\"https:\/\/v2charge.com\/wp-content\/uploads\/2024\/11\/cropped-v2c-charge-logo-menu.png\",\"contentUrl\":\"https:\/\/v2charge.com\/wp-content\/uploads\/2024\/11\/cropped-v2c-charge-logo-menu.png\",\"width\":984,\"height\":431,\"caption\":\"V2C\"},\"image\":{\"@id\":\"https:\/\/v2charge.com\/de\/#\/schema\/logo\/image\/\"},\"sameAs\":[\"https:\/\/www.facebook.com\/V2C.Charge\",\"https:\/\/x.com\/V2C_Charge\",\"https:\/\/www.instagram.com\/v2c.charge\/\",\"https:\/\/www.youtube.com\/@V2C\",\"https:\/\/www.linkedin.com\/company\/v2c-chargers\/\"]}]}<\/script>\n<!-- \/ Yoast SEO plugin. -->","yoast_head_json":{"title":"Wie verbinde ich meine V2C-Ladestation mit Bluetooh? | V2C","description":"Wenn Sie Ihr V2C-Ladeger\u00e4t \u00fcber Bluetooh anschlie\u00dfen m\u00f6chten, erkl\u00e4ren wir Ihnen, wie Sie dies auf einfache Weise \u00fcber die V2C Cloud tun k\u00f6nnen.","robots":{"index":"index","follow":"follow","max-snippet":"max-snippet:-1","max-image-preview":"max-image-preview:large","max-video-preview":"max-video-preview:-1"},"canonical":"https:\/\/v2charge.com\/de\/wie-kann-ich-meinen-e-charger-mit-bluetooth-verbinden\/","og_locale":"de_DE","og_type":"article","og_title":"Wie verbinde ich meine V2C-Ladestation mit Bluetooh? | V2C","og_description":"Wenn Sie Ihr V2C-Ladeger\u00e4t \u00fcber Bluetooh anschlie\u00dfen m\u00f6chten, erkl\u00e4ren wir Ihnen, wie Sie dies auf einfache Weise \u00fcber die V2C Cloud tun k\u00f6nnen.","og_url":"https:\/\/v2charge.com\/de\/wie-kann-ich-meinen-e-charger-mit-bluetooth-verbinden\/","og_site_name":"V2C","article_publisher":"https:\/\/www.facebook.com\/V2C.Charge","article_modified_time":"2023-06-14T06:52:15+00:00","og_image":[{"url":"https:\/\/v2charge.com\/wp-content\/uploads\/2021\/12\/Screenshot_2021-12-31-13-46-22-685_com.v2charge.app_iphone12black_portrait-2-542x1024.png","type":"","width":"","height":""}],"twitter_card":"summary_large_image","twitter_site":"@V2C_Charge","twitter_misc":{"Gesch\u00e4tzte Lesezeit":"2\u00a0Minuten"},"schema":{"@context":"https:\/\/schema.org","@graph":[{"@type":"WebPage","@id":"https:\/\/v2charge.com\/de\/wie-kann-ich-meinen-e-charger-mit-bluetooth-verbinden\/","url":"https:\/\/v2charge.com\/de\/wie-kann-ich-meinen-e-charger-mit-bluetooth-verbinden\/","name":"Wie verbinde ich meine V2C-Ladestation mit Bluetooh? | V2C","isPartOf":{"@id":"https:\/\/v2charge.com\/de\/#website"},"primaryImageOfPage":{"@id":"https:\/\/v2charge.com\/de\/wie-kann-ich-meinen-e-charger-mit-bluetooth-verbinden\/#primaryimage"},"image":{"@id":"https:\/\/v2charge.com\/de\/wie-kann-ich-meinen-e-charger-mit-bluetooth-verbinden\/#primaryimage"},"thumbnailUrl":"https:\/\/v2charge.com\/wp-content\/uploads\/2024\/07\/v2c-electric-chargers.jpg","datePublished":"2021-12-31T13:51:24+00:00","dateModified":"2023-06-14T06:52:15+00:00","description":"Wenn Sie Ihr V2C-Ladeger\u00e4t \u00fcber Bluetooh anschlie\u00dfen m\u00f6chten, erkl\u00e4ren wir Ihnen, wie Sie dies auf einfache Weise \u00fcber die V2C Cloud tun k\u00f6nnen.","breadcrumb":{"@id":"https:\/\/v2charge.com\/de\/wie-kann-ich-meinen-e-charger-mit-bluetooth-verbinden\/#breadcrumb"},"inLanguage":"de","potentialAction":[{"@type":"ReadAction","target":["https:\/\/v2charge.com\/de\/wie-kann-ich-meinen-e-charger-mit-bluetooth-verbinden\/"]}]},{"@type":"ImageObject","inLanguage":"de","@id":"https:\/\/v2charge.com\/de\/wie-kann-ich-meinen-e-charger-mit-bluetooth-verbinden\/#primaryimage","url":"https:\/\/v2charge.com\/wp-content\/uploads\/2024\/07\/v2c-electric-chargers.jpg","contentUrl":"https:\/\/v2charge.com\/wp-content\/uploads\/2024\/07\/v2c-electric-chargers.jpg","width":1200,"height":675,"caption":"V2C Electric Chargers"},{"@type":"BreadcrumbList","@id":"https:\/\/v2charge.com\/de\/wie-kann-ich-meinen-e-charger-mit-bluetooth-verbinden\/#breadcrumb","itemListElement":[{"@type":"ListItem","position":1,"name":"V2C","item":"https:\/\/v2charge.com\/de\/"},{"@type":"ListItem","position":2,"name":"Wie kann ich meinen e-Charger mit Bluetooth verbinden?"}]},{"@type":"WebSite","@id":"https:\/\/v2charge.com\/de\/#website","url":"https:\/\/v2charge.com\/de\/","name":"V2C","description":"#CargandoElMa\u00f1ana","publisher":{"@id":"https:\/\/v2charge.com\/de\/#organization"},"potentialAction":[{"@type":"SearchAction","target":{"@type":"EntryPoint","urlTemplate":"https:\/\/v2charge.com\/de\/?s={search_term_string}"},"query-input":{"@type":"PropertyValueSpecification","valueRequired":true,"valueName":"search_term_string"}}],"inLanguage":"de"},{"@type":"Organization","@id":"https:\/\/v2charge.com\/de\/#organization","name":"V2C","url":"https:\/\/v2charge.com\/de\/","logo":{"@type":"ImageObject","inLanguage":"de","@id":"https:\/\/v2charge.com\/de\/#\/schema\/logo\/image\/","url":"https:\/\/v2charge.com\/wp-content\/uploads\/2024\/11\/cropped-v2c-charge-logo-menu.png","contentUrl":"https:\/\/v2charge.com\/wp-content\/uploads\/2024\/11\/cropped-v2c-charge-logo-menu.png","width":984,"height":431,"caption":"V2C"},"image":{"@id":"https:\/\/v2charge.com\/de\/#\/schema\/logo\/image\/"},"sameAs":["https:\/\/www.facebook.com\/V2C.Charge","https:\/\/x.com\/V2C_Charge","https:\/\/www.instagram.com\/v2c.charge\/","https:\/\/www.youtube.com\/@V2C","https:\/\/www.linkedin.com\/company\/v2c-chargers\/"]}]}},"uagb_featured_image_src":{"full":["https:\/\/v2charge.com\/wp-content\/uploads\/2024\/07\/v2c-electric-chargers.jpg",1200,675,false],"thumbnail":["https:\/\/v2charge.com\/wp-content\/uploads\/2024\/07\/v2c-electric-chargers-150x150.jpg",150,150,true],"medium":["https:\/\/v2charge.com\/wp-content\/uploads\/2024\/07\/v2c-electric-chargers-300x169.jpg",300,169,true],"medium_large":["https:\/\/v2charge.com\/wp-content\/uploads\/2024\/07\/v2c-electric-chargers-768x432.jpg",768,432,true],"large":["https:\/\/v2charge.com\/wp-content\/uploads\/2024\/07\/v2c-electric-chargers-1024x576.jpg",1024,576,true],"gs-tiny":["https:\/\/v2charge.com\/wp-content\/uploads\/2024\/07\/v2c-electric-chargers.jpg",50,28,false],"xl":["https:\/\/v2charge.com\/wp-content\/uploads\/2024\/07\/v2c-electric-chargers.jpg",1200,675,false],"xxl":["https:\/\/v2charge.com\/wp-content\/uploads\/2024\/07\/v2c-electric-chargers.jpg",1200,675,false],"xxxl":["https:\/\/v2charge.com\/wp-content\/uploads\/2024\/07\/v2c-electric-chargers.jpg",1200,675,false],"xxxxl":["https:\/\/v2charge.com\/wp-content\/uploads\/2024\/07\/v2c-electric-chargers.jpg",1200,675,false],"xxxxxl":["https:\/\/v2charge.com\/wp-content\/uploads\/2024\/07\/v2c-electric-chargers.jpg",1200,675,false],"1536x1536":["https:\/\/v2charge.com\/wp-content\/uploads\/2024\/07\/v2c-electric-chargers.jpg",1200,675,false],"2048x2048":["https:\/\/v2charge.com\/wp-content\/uploads\/2024\/07\/v2c-electric-chargers.jpg",1200,675,false]},"uagb_author_info":{"display_name":"V2C","author_link":"https:\/\/v2charge.com\/de\/author\/root_k4eu7ki8\/"},"uagb_comment_info":0,"uagb_excerpt":"Wie kann ich meinen e-Charger mit Bluetooth verbinden? Mit der Verbindung \u00fcber Bluetooth Low Energy, k\u00f6nnen Sie die Konfiguration der Ladestation, die Statistiken aus der Ferne, sowie die Anzeige der Aufladung in Echtzeit w\u00e4hrend seines Prozesses verfolgen. Sie wird jedoch immer eingeschr\u00e4nkter sein als die Nutzung \u00fcber eine Internetverbindung. Nicht alle Ger\u00e4te verf\u00fcgen \u00fcber die&hellip;","_links":{"self":[{"href":"https:\/\/v2charge.com\/de\/wp-json\/wp\/v2\/pages\/79228","targetHints":{"allow":["GET"]}}],"collection":[{"href":"https:\/\/v2charge.com\/de\/wp-json\/wp\/v2\/pages"}],"about":[{"href":"https:\/\/v2charge.com\/de\/wp-json\/wp\/v2\/types\/page"}],"author":[{"embeddable":true,"href":"https:\/\/v2charge.com\/de\/wp-json\/wp\/v2\/users\/1"}],"replies":[{"embeddable":true,"href":"https:\/\/v2charge.com\/de\/wp-json\/wp\/v2\/comments?post=79228"}],"version-history":[{"count":0,"href":"https:\/\/v2charge.com\/de\/wp-json\/wp\/v2\/pages\/79228\/revisions"}],"wp:featuredmedia":[{"embeddable":true,"href":"https:\/\/v2charge.com\/de\/wp-json\/wp\/v2\/media\/170350"}],"wp:attachment":[{"href":"https:\/\/v2charge.com\/de\/wp-json\/wp\/v2\/media?parent=79228"}],"curies":[{"name":"wp","href":"https:\/\/api.w.org\/{rel}","templated":true}]}}