{"id":79230,"date":"2022-01-04T08:39:56","date_gmt":"2022-01-04T08:39:56","guid":{"rendered":"https:\/\/v2charge.com\/como-saber-si-mi-punto-de-recarga-esta-conectado-a-internet\/"},"modified":"2023-07-19T08:59:27","modified_gmt":"2023-07-19T08:59:27","slug":"woher-weiss-ich-ob-mein-e-charger-mit-dem-internet-verbunden-ist","status":"publish","type":"page","link":"https:\/\/v2charge.com\/de\/woher-weiss-ich-ob-mein-e-charger-mit-dem-internet-verbunden-ist\/","title":{"rendered":"Woher wei\u00df ich, ob mein e-Charger mit dem Internet verbunden ist?"},"content":{"rendered":"<h1>Woher wei\u00df ich, ob mein e-Charger mit dem Internet verbunden ist?<\/h1>\n<p>Um \u00fcber Ihre Website oder Anwendung herauszufinden, ob Ihre Ladestation mit dem Internet verbunden ist, finden Sie die Informationen direkt auf Ihrer Homepage \u00fcber das unten stehende Wellensignal<\/p>\n<p><strong>\u00dcber die APP:<\/strong><\/p>\n<p>Wellen an der Aufladestation.<\/p>\n<p><img decoding=\"async\" src=\"https:\/\/v2charge.com\/wp-content\/uploads\/2022\/01\/conexion-a-internet-punto-de-recarga_iphone12black_portrait-542x1024.png\" alt=\"\" width=\"346\" height=\"653\"><\/p>\n<p>Wenn Sie \u00fcber die Anwendung auf die Ladestation zugreifen und keine Bluetooth- oder Wifi-Verbindung haben, wird folgender Bildschirm angezeigt<\/p>\n<p><img decoding=\"async\" src=\"https:\/\/v2charge.com\/wp-content\/uploads\/2022\/01\/WhatsApp-Image-2022-01-04-at-09.37.34_iphone12black_portrait-542x1024.png\" alt=\"\" width=\"343\" height=\"648\"><figcaption>Offline-Aufladestation<\/figcaption><strong>Mit dem Computer:<\/strong><\/p>\n<p>Geben Sie auf der Website www.v2c.cloud das Ladeger\u00e4t ein, und wenn Sie offline sind, sehen Sie das nachstehende Bild:<\/p>\n<p><img decoding=\"async\" src=\"https:\/\/v2charge.com\/wp-content\/uploads\/2022\/01\/Captura-1024x396.png\" alt=\"\"><figcaption>Ausstattung Keine Verbindung<\/figcaption><img decoding=\"async\" src=\"https:\/\/v2charge.com\/wp-content\/uploads\/2022\/01\/Captura2-1024x436.png\" alt=\"\"><figcaption>Ger\u00e4te mit Anschluss<\/figcaption>\n","protected":false},"excerpt":{"rendered":"<p>Woher wei\u00df ich, ob mein e-Charger mit dem Internet verbunden ist? Um \u00fcber Ihre Website oder Anwendung herauszufinden, ob Ihre Ladestation mit dem Internet verbunden ist, finden Sie die Informationen direkt auf Ihrer Homepage \u00fcber das unten stehende Wellensignal \u00dcber die APP: Wellen an der Aufladestation. Wenn Sie \u00fcber die Anwendung auf die Ladestation zugreifen &#8230; <a title=\"Woher wei\u00df ich, ob mein e-Charger mit dem Internet verbunden ist?\" class=\"read-more\" href=\"https:\/\/v2charge.com\/de\/woher-weiss-ich-ob-mein-e-charger-mit-dem-internet-verbunden-ist\/\" aria-label=\"Mehr Informationen \u00fcber Woher wei\u00df ich, ob mein e-Charger mit dem Internet verbunden ist?\">Weiterlesen<\/a><\/p>\n","protected":false},"author":1,"featured_media":170350,"parent":0,"menu_order":0,"comment_status":"closed","ping_status":"closed","template":"","meta":{"_eb_attr":"","content-type":"","_uag_custom_page_level_css":"","footnotes":""},"class_list":["post-79230","page","type-page","status-publish","has-post-thumbnail"],"yoast_head":"<!-- This site is optimized with the Yoast SEO plugin v25.3.1 - https:\/\/yoast.com\/wordpress\/plugins\/seo\/ -->\n<title>Wie Sie wissen, ob Ihr V2C-Ladeger\u00e4t mit dem Internet verbunden ist<\/title>\n<meta name=\"description\" content=\"Wir erkl\u00e4ren Ihnen, wie Sie \u00fcber die V2C-Cloud-App oder von Ihrem Computer aus feststellen k\u00f6nnen, ob Ihre V2C-Lades\u00e4ule mit dem Internet verbunden ist oder nicht.\" \/>\n<meta name=\"robots\" content=\"index, follow, max-snippet:-1, max-image-preview:large, max-video-preview:-1\" \/>\n<link rel=\"canonical\" href=\"https:\/\/v2charge.com\/de\/woher-weiss-ich-ob-mein-e-charger-mit-dem-internet-verbunden-ist\/\" \/>\n<meta property=\"og:locale\" content=\"de_DE\" \/>\n<meta property=\"og:type\" content=\"article\" \/>\n<meta property=\"og:title\" content=\"Wie Sie wissen, ob Ihr V2C-Ladeger\u00e4t mit dem Internet verbunden ist\" \/>\n<meta property=\"og:description\" content=\"Wir erkl\u00e4ren Ihnen, wie Sie \u00fcber die V2C-Cloud-App oder von Ihrem Computer aus feststellen k\u00f6nnen, ob Ihre V2C-Lades\u00e4ule mit dem Internet verbunden ist oder nicht.\" \/>\n<meta property=\"og:url\" content=\"https:\/\/v2charge.com\/de\/woher-weiss-ich-ob-mein-e-charger-mit-dem-internet-verbunden-ist\/\" \/>\n<meta property=\"og:site_name\" content=\"V2C\" \/>\n<meta property=\"article:publisher\" content=\"https:\/\/www.facebook.com\/V2C.Charge\" \/>\n<meta property=\"article:modified_time\" content=\"2023-07-19T08:59:27+00:00\" \/>\n<meta property=\"og:image\" content=\"https:\/\/v2charge.com\/wp-content\/uploads\/2022\/01\/conexion-a-internet-punto-de-recarga_iphone12black_portrait-542x1024.png\" \/>\n<meta name=\"twitter:card\" content=\"summary_large_image\" \/>\n<meta name=\"twitter:site\" content=\"@V2C_Charge\" \/>\n<meta name=\"twitter:label1\" content=\"Gesch\u00e4tzte Lesezeit\" \/>\n\t<meta name=\"twitter:data1\" content=\"2\u00a0Minuten\" \/>\n<script type=\"application\/ld+json\" class=\"yoast-schema-graph\">{\"@context\":\"https:\/\/schema.org\",\"@graph\":[{\"@type\":\"WebPage\",\"@id\":\"https:\/\/v2charge.com\/de\/woher-weiss-ich-ob-mein-e-charger-mit-dem-internet-verbunden-ist\/\",\"url\":\"https:\/\/v2charge.com\/de\/woher-weiss-ich-ob-mein-e-charger-mit-dem-internet-verbunden-ist\/\",\"name\":\"Wie Sie wissen, ob Ihr V2C-Ladeger\u00e4t mit dem Internet verbunden ist\",\"isPartOf\":{\"@id\":\"https:\/\/v2charge.com\/de\/#website\"},\"primaryImageOfPage\":{\"@id\":\"https:\/\/v2charge.com\/de\/woher-weiss-ich-ob-mein-e-charger-mit-dem-internet-verbunden-ist\/#primaryimage\"},\"image\":{\"@id\":\"https:\/\/v2charge.com\/de\/woher-weiss-ich-ob-mein-e-charger-mit-dem-internet-verbunden-ist\/#primaryimage\"},\"thumbnailUrl\":\"https:\/\/v2charge.com\/wp-content\/uploads\/2024\/07\/v2c-electric-chargers.jpg\",\"datePublished\":\"2022-01-04T08:39:56+00:00\",\"dateModified\":\"2023-07-19T08:59:27+00:00\",\"description\":\"Wir erkl\u00e4ren Ihnen, wie Sie \u00fcber die V2C-Cloud-App oder von Ihrem Computer aus feststellen k\u00f6nnen, ob Ihre V2C-Lades\u00e4ule mit dem Internet verbunden ist oder nicht.\",\"breadcrumb\":{\"@id\":\"https:\/\/v2charge.com\/de\/woher-weiss-ich-ob-mein-e-charger-mit-dem-internet-verbunden-ist\/#breadcrumb\"},\"inLanguage\":\"de\",\"potentialAction\":[{\"@type\":\"ReadAction\",\"target\":[\"https:\/\/v2charge.com\/de\/woher-weiss-ich-ob-mein-e-charger-mit-dem-internet-verbunden-ist\/\"]}]},{\"@type\":\"ImageObject\",\"inLanguage\":\"de\",\"@id\":\"https:\/\/v2charge.com\/de\/woher-weiss-ich-ob-mein-e-charger-mit-dem-internet-verbunden-ist\/#primaryimage\",\"url\":\"https:\/\/v2charge.com\/wp-content\/uploads\/2024\/07\/v2c-electric-chargers.jpg\",\"contentUrl\":\"https:\/\/v2charge.com\/wp-content\/uploads\/2024\/07\/v2c-electric-chargers.jpg\",\"width\":1200,\"height\":675,\"caption\":\"V2C Electric Chargers\"},{\"@type\":\"BreadcrumbList\",\"@id\":\"https:\/\/v2charge.com\/de\/woher-weiss-ich-ob-mein-e-charger-mit-dem-internet-verbunden-ist\/#breadcrumb\",\"itemListElement\":[{\"@type\":\"ListItem\",\"position\":1,\"name\":\"V2C\",\"item\":\"https:\/\/v2charge.com\/de\/\"},{\"@type\":\"ListItem\",\"position\":2,\"name\":\"Woher wei\u00df ich, ob mein e-Charger mit dem Internet verbunden ist?\"}]},{\"@type\":\"WebSite\",\"@id\":\"https:\/\/v2charge.com\/de\/#website\",\"url\":\"https:\/\/v2charge.com\/de\/\",\"name\":\"V2C\",\"description\":\"#CargandoElMa\u00f1ana\",\"publisher\":{\"@id\":\"https:\/\/v2charge.com\/de\/#organization\"},\"potentialAction\":[{\"@type\":\"SearchAction\",\"target\":{\"@type\":\"EntryPoint\",\"urlTemplate\":\"https:\/\/v2charge.com\/de\/?s={search_term_string}\"},\"query-input\":{\"@type\":\"PropertyValueSpecification\",\"valueRequired\":true,\"valueName\":\"search_term_string\"}}],\"inLanguage\":\"de\"},{\"@type\":\"Organization\",\"@id\":\"https:\/\/v2charge.com\/de\/#organization\",\"name\":\"V2C\",\"url\":\"https:\/\/v2charge.com\/de\/\",\"logo\":{\"@type\":\"ImageObject\",\"inLanguage\":\"de\",\"@id\":\"https:\/\/v2charge.com\/de\/#\/schema\/logo\/image\/\",\"url\":\"https:\/\/v2charge.com\/wp-content\/uploads\/2024\/11\/cropped-v2c-charge-logo-menu.png\",\"contentUrl\":\"https:\/\/v2charge.com\/wp-content\/uploads\/2024\/11\/cropped-v2c-charge-logo-menu.png\",\"width\":984,\"height\":431,\"caption\":\"V2C\"},\"image\":{\"@id\":\"https:\/\/v2charge.com\/de\/#\/schema\/logo\/image\/\"},\"sameAs\":[\"https:\/\/www.facebook.com\/V2C.Charge\",\"https:\/\/x.com\/V2C_Charge\",\"https:\/\/www.instagram.com\/v2c.charge\/\",\"https:\/\/www.youtube.com\/@V2C\",\"https:\/\/www.linkedin.com\/company\/v2c-chargers\/\"]}]}<\/script>\n<!-- \/ Yoast SEO plugin. -->","yoast_head_json":{"title":"Wie Sie wissen, ob Ihr V2C-Ladeger\u00e4t mit dem Internet verbunden ist","description":"Wir erkl\u00e4ren Ihnen, wie Sie \u00fcber die V2C-Cloud-App oder von Ihrem Computer aus feststellen k\u00f6nnen, ob Ihre V2C-Lades\u00e4ule mit dem Internet verbunden ist oder nicht.","robots":{"index":"index","follow":"follow","max-snippet":"max-snippet:-1","max-image-preview":"max-image-preview:large","max-video-preview":"max-video-preview:-1"},"canonical":"https:\/\/v2charge.com\/de\/woher-weiss-ich-ob-mein-e-charger-mit-dem-internet-verbunden-ist\/","og_locale":"de_DE","og_type":"article","og_title":"Wie Sie wissen, ob Ihr V2C-Ladeger\u00e4t mit dem Internet verbunden ist","og_description":"Wir erkl\u00e4ren Ihnen, wie Sie \u00fcber die V2C-Cloud-App oder von Ihrem Computer aus feststellen k\u00f6nnen, ob Ihre V2C-Lades\u00e4ule mit dem Internet verbunden ist oder nicht.","og_url":"https:\/\/v2charge.com\/de\/woher-weiss-ich-ob-mein-e-charger-mit-dem-internet-verbunden-ist\/","og_site_name":"V2C","article_publisher":"https:\/\/www.facebook.com\/V2C.Charge","article_modified_time":"2023-07-19T08:59:27+00:00","og_image":[{"url":"https:\/\/v2charge.com\/wp-content\/uploads\/2022\/01\/conexion-a-internet-punto-de-recarga_iphone12black_portrait-542x1024.png","type":"","width":"","height":""}],"twitter_card":"summary_large_image","twitter_site":"@V2C_Charge","twitter_misc":{"Gesch\u00e4tzte Lesezeit":"2\u00a0Minuten"},"schema":{"@context":"https:\/\/schema.org","@graph":[{"@type":"WebPage","@id":"https:\/\/v2charge.com\/de\/woher-weiss-ich-ob-mein-e-charger-mit-dem-internet-verbunden-ist\/","url":"https:\/\/v2charge.com\/de\/woher-weiss-ich-ob-mein-e-charger-mit-dem-internet-verbunden-ist\/","name":"Wie Sie wissen, ob Ihr V2C-Ladeger\u00e4t mit dem Internet verbunden ist","isPartOf":{"@id":"https:\/\/v2charge.com\/de\/#website"},"primaryImageOfPage":{"@id":"https:\/\/v2charge.com\/de\/woher-weiss-ich-ob-mein-e-charger-mit-dem-internet-verbunden-ist\/#primaryimage"},"image":{"@id":"https:\/\/v2charge.com\/de\/woher-weiss-ich-ob-mein-e-charger-mit-dem-internet-verbunden-ist\/#primaryimage"},"thumbnailUrl":"https:\/\/v2charge.com\/wp-content\/uploads\/2024\/07\/v2c-electric-chargers.jpg","datePublished":"2022-01-04T08:39:56+00:00","dateModified":"2023-07-19T08:59:27+00:00","description":"Wir erkl\u00e4ren Ihnen, wie Sie \u00fcber die V2C-Cloud-App oder von Ihrem Computer aus feststellen k\u00f6nnen, ob Ihre V2C-Lades\u00e4ule mit dem Internet verbunden ist oder nicht.","breadcrumb":{"@id":"https:\/\/v2charge.com\/de\/woher-weiss-ich-ob-mein-e-charger-mit-dem-internet-verbunden-ist\/#breadcrumb"},"inLanguage":"de","potentialAction":[{"@type":"ReadAction","target":["https:\/\/v2charge.com\/de\/woher-weiss-ich-ob-mein-e-charger-mit-dem-internet-verbunden-ist\/"]}]},{"@type":"ImageObject","inLanguage":"de","@id":"https:\/\/v2charge.com\/de\/woher-weiss-ich-ob-mein-e-charger-mit-dem-internet-verbunden-ist\/#primaryimage","url":"https:\/\/v2charge.com\/wp-content\/uploads\/2024\/07\/v2c-electric-chargers.jpg","contentUrl":"https:\/\/v2charge.com\/wp-content\/uploads\/2024\/07\/v2c-electric-chargers.jpg","width":1200,"height":675,"caption":"V2C Electric Chargers"},{"@type":"BreadcrumbList","@id":"https:\/\/v2charge.com\/de\/woher-weiss-ich-ob-mein-e-charger-mit-dem-internet-verbunden-ist\/#breadcrumb","itemListElement":[{"@type":"ListItem","position":1,"name":"V2C","item":"https:\/\/v2charge.com\/de\/"},{"@type":"ListItem","position":2,"name":"Woher wei\u00df ich, ob mein e-Charger mit dem Internet verbunden ist?"}]},{"@type":"WebSite","@id":"https:\/\/v2charge.com\/de\/#website","url":"https:\/\/v2charge.com\/de\/","name":"V2C","description":"#CargandoElMa\u00f1ana","publisher":{"@id":"https:\/\/v2charge.com\/de\/#organization"},"potentialAction":[{"@type":"SearchAction","target":{"@type":"EntryPoint","urlTemplate":"https:\/\/v2charge.com\/de\/?s={search_term_string}"},"query-input":{"@type":"PropertyValueSpecification","valueRequired":true,"valueName":"search_term_string"}}],"inLanguage":"de"},{"@type":"Organization","@id":"https:\/\/v2charge.com\/de\/#organization","name":"V2C","url":"https:\/\/v2charge.com\/de\/","logo":{"@type":"ImageObject","inLanguage":"de","@id":"https:\/\/v2charge.com\/de\/#\/schema\/logo\/image\/","url":"https:\/\/v2charge.com\/wp-content\/uploads\/2024\/11\/cropped-v2c-charge-logo-menu.png","contentUrl":"https:\/\/v2charge.com\/wp-content\/uploads\/2024\/11\/cropped-v2c-charge-logo-menu.png","width":984,"height":431,"caption":"V2C"},"image":{"@id":"https:\/\/v2charge.com\/de\/#\/schema\/logo\/image\/"},"sameAs":["https:\/\/www.facebook.com\/V2C.Charge","https:\/\/x.com\/V2C_Charge","https:\/\/www.instagram.com\/v2c.charge\/","https:\/\/www.youtube.com\/@V2C","https:\/\/www.linkedin.com\/company\/v2c-chargers\/"]}]}},"uagb_featured_image_src":{"full":["https:\/\/v2charge.com\/wp-content\/uploads\/2024\/07\/v2c-electric-chargers.jpg",1200,675,false],"thumbnail":["https:\/\/v2charge.com\/wp-content\/uploads\/2024\/07\/v2c-electric-chargers-150x150.jpg",150,150,true],"medium":["https:\/\/v2charge.com\/wp-content\/uploads\/2024\/07\/v2c-electric-chargers-300x169.jpg",300,169,true],"medium_large":["https:\/\/v2charge.com\/wp-content\/uploads\/2024\/07\/v2c-electric-chargers-768x432.jpg",768,432,true],"large":["https:\/\/v2charge.com\/wp-content\/uploads\/2024\/07\/v2c-electric-chargers-1024x576.jpg",1024,576,true],"gs-tiny":["https:\/\/v2charge.com\/wp-content\/uploads\/2024\/07\/v2c-electric-chargers.jpg",50,28,false],"xl":["https:\/\/v2charge.com\/wp-content\/uploads\/2024\/07\/v2c-electric-chargers.jpg",1200,675,false],"xxl":["https:\/\/v2charge.com\/wp-content\/uploads\/2024\/07\/v2c-electric-chargers.jpg",1200,675,false],"xxxl":["https:\/\/v2charge.com\/wp-content\/uploads\/2024\/07\/v2c-electric-chargers.jpg",1200,675,false],"xxxxl":["https:\/\/v2charge.com\/wp-content\/uploads\/2024\/07\/v2c-electric-chargers.jpg",1200,675,false],"xxxxxl":["https:\/\/v2charge.com\/wp-content\/uploads\/2024\/07\/v2c-electric-chargers.jpg",1200,675,false],"1536x1536":["https:\/\/v2charge.com\/wp-content\/uploads\/2024\/07\/v2c-electric-chargers.jpg",1200,675,false],"2048x2048":["https:\/\/v2charge.com\/wp-content\/uploads\/2024\/07\/v2c-electric-chargers.jpg",1200,675,false]},"uagb_author_info":{"display_name":"V2C","author_link":"https:\/\/v2charge.com\/de\/author\/root_k4eu7ki8\/"},"uagb_comment_info":0,"uagb_excerpt":"Woher wei\u00df ich, ob mein e-Charger mit dem Internet verbunden ist? Um \u00fcber Ihre Website oder Anwendung herauszufinden, ob Ihre Ladestation mit dem Internet verbunden ist, finden Sie die Informationen direkt auf Ihrer Homepage \u00fcber das unten stehende Wellensignal \u00dcber die APP: Wellen an der Aufladestation. Wenn Sie \u00fcber die Anwendung auf die Ladestation zugreifen&hellip;","_links":{"self":[{"href":"https:\/\/v2charge.com\/de\/wp-json\/wp\/v2\/pages\/79230","targetHints":{"allow":["GET"]}}],"collection":[{"href":"https:\/\/v2charge.com\/de\/wp-json\/wp\/v2\/pages"}],"about":[{"href":"https:\/\/v2charge.com\/de\/wp-json\/wp\/v2\/types\/page"}],"author":[{"embeddable":true,"href":"https:\/\/v2charge.com\/de\/wp-json\/wp\/v2\/users\/1"}],"replies":[{"embeddable":true,"href":"https:\/\/v2charge.com\/de\/wp-json\/wp\/v2\/comments?post=79230"}],"version-history":[{"count":0,"href":"https:\/\/v2charge.com\/de\/wp-json\/wp\/v2\/pages\/79230\/revisions"}],"wp:featuredmedia":[{"embeddable":true,"href":"https:\/\/v2charge.com\/de\/wp-json\/wp\/v2\/media\/170350"}],"wp:attachment":[{"href":"https:\/\/v2charge.com\/de\/wp-json\/wp\/v2\/media?parent=79230"}],"curies":[{"name":"wp","href":"https:\/\/api.w.org\/{rel}","templated":true}]}}