{"id":79278,"date":"2022-01-24T22:41:04","date_gmt":"2022-01-24T22:41:04","guid":{"rendered":"https:\/\/v2charge.com\/como-obtener-mi-identificador-token-para-usar-la-api-rest-cloud\/"},"modified":"2025-10-31T13:00:26","modified_gmt":"2025-10-31T11:00:26","slug":"erhalten-token-api-rest-cloud","status":"publish","type":"page","link":"https:\/\/v2charge.com\/de\/support\/v2c-cloud\/erhalten-token-api-rest-cloud\/","title":{"rendered":"Wie erhalte ich meine Token-ID f\u00fcr die Nutzung der Rest Cloud API?"},"content":{"rendered":"\n<div class=\"wp-block-uagb-container uagb-block-66385014 alignfull uagb-is-root-container\"><div class=\"uagb-container-inner-blocks-wrap\"><div class=\"yoast-breadcrumbs\"><span><span><a href=\"https:\/\/v2charge.com\/de\/\">V2C<\/a><\/span> \u00bb <span><a href=\"https:\/\/v2charge.com\/de\/support\/\">Support<\/a><\/span> \u00bb <span><a href=\"https:\/\/v2charge.com\/de\/support\/v2c-cloud\/\">V2C Cloud Support<\/a><\/span> \u00bb <span class=\"breadcrumb_last\" aria-current=\"page\">Wie erhalte ich meine Token-ID f\u00fcr die Nutzung der Rest Cloud API?<\/span><\/span><\/div>\n\n\n<h1 class=\"wp-block-heading\">Wie erhalte ich meine Token-ID f\u00fcr die Nutzung der Rest Cloud API?<\/h1>\n\n\n\n<p>Eine REST-API oder RESTful-API ist eine Anwendungsprogrammierschnittstelle (API oder Web-API), die sich an die Grenzen der REST-Architektur h\u00e4lt und die Interaktion mit RESTful-Webdiensten erm\u00f6glicht.<\/p>\n\n\n\n<p>Mit der API k\u00f6nnen Sie die Ladestation \u00fcber selbst erstellte Anwendungen\/Dienste nutzen, ohne dass Sie die offiziellen Anwendungen verwenden m\u00fcssen. Es erm\u00f6glicht Ihnen, Automatisierungen oder interessante Dienste in unseren Aufladepunkten durch Programmierung zu erstellen.<\/p>\n\n\n\n<p>Weitere Informationen finden Sie in der <a href=\"https:\/\/api.v2charge.com\/\">Dokumentation der Rest Cloud API<\/a>.<\/p>\n\n\n\n<div class=\"wp-block-uagb-slider uagb-block-3b42e577 uagb-slider-container\"><div class=\"uagb-slides uagb-swiper\"><div class=\"swiper-wrapper\">\n<div class=\"wp-block-uagb-slider-child uagb-slider-child-wrap swiper-slide uagb-block-4cae72c6\"><div class=\"swiper-content\">\n<div class=\"wp-block-uagb-container uagb-block-ad496432 alignfull uagb-is-root-container\"><div class=\"uagb-container-inner-blocks-wrap\">\n<div class=\"wp-block-uagb-info-box uagb-block-95d92034 uagb-infobox__content-wrap  uagb-infobox-icon-above-title uagb-infobox-image-valign-top\"><div class=\"uagb-ifb-content\"><div class=\"uagb-ifb-image-content\"><img decoding=\"async\" src=\"https:\/\/v2charge.com\/wp-content\/uploads\/2023\/11\/numero-uno.png\" alt=\"\" width=\"30\" height=\"30\" loading=\"lazy\"\/><\/div><div class=\"uagb-ifb-title-wrap\"><\/div><p class=\"uagb-ifb-desc\">Melde dich auf der <a href=\"https:\/\/www.v2c.cloud\/\">v2c.cloud<\/a>-Plattform an und klicke auf \u201eBenutzer\u201c, oben links<\/p><\/div><\/div>\n\n\n\n<div class=\"wp-block-uagb-image aligncenter uagb-block-5929cf85 wp-block-uagb-image--layout-default wp-block-uagb-image--effect-static wp-block-uagb-image--align-center\"><figure class=\"wp-block-uagb-image__figure\"><img decoding=\"async\" srcset=\"https:\/\/v2charge.com\/wp-content\/uploads\/2025\/10\/user-web.png ,https:\/\/v2charge.com\/wp-content\/uploads\/2025\/10\/user-web.png 780w, https:\/\/v2charge.com\/wp-content\/uploads\/2025\/10\/user-web.png 360w\" sizes=\"auto, (max-width: 480px) 150px\" src=\"https:\/\/v2charge.com\/wp-content\/uploads\/2025\/10\/user-web.png\" alt=\"\" class=\"uag-image-265379\" width=\"800\" height=\"470\" title=\"user-web\" loading=\"lazy\" role=\"img\"\/><\/figure><\/div>\n<\/div><\/div>\n<\/div><\/div>\n\n\n\n<div class=\"wp-block-uagb-slider-child uagb-slider-child-wrap swiper-slide uagb-block-87ab5b82\"><div class=\"swiper-content\">\n<div class=\"wp-block-uagb-container uagb-block-8fda0342 alignfull uagb-is-root-container\"><div class=\"uagb-container-inner-blocks-wrap\">\n<div class=\"wp-block-uagb-info-box uagb-block-68437ed9 uagb-infobox__content-wrap  uagb-infobox-icon-above-title uagb-infobox-image-valign-top\"><div class=\"uagb-ifb-content\"><div class=\"uagb-ifb-image-content\"><img decoding=\"async\" src=\"https:\/\/v2charge.com\/wp-content\/uploads\/2023\/11\/numero-dos.png\" alt=\"\" width=\"30\" height=\"30\" loading=\"lazy\"\/><\/div><div class=\"uagb-ifb-title-wrap\"><\/div><p class=\"uagb-ifb-desc\">Klicke im Men\u00fc auf den Abschnitt \u201eAPI\u201c<\/p><\/div><\/div>\n\n\n\n<div class=\"wp-block-uagb-image aligncenter uagb-block-aedf30c6 wp-block-uagb-image--layout-default wp-block-uagb-image--effect-static wp-block-uagb-image--align-center\"><figure class=\"wp-block-uagb-image__figure\"><img decoding=\"async\" srcset=\"https:\/\/v2charge.com\/wp-content\/uploads\/2025\/10\/user-api.png ,https:\/\/v2charge.com\/wp-content\/uploads\/2025\/10\/user-api.png 780w, https:\/\/v2charge.com\/wp-content\/uploads\/2025\/10\/user-api.png 360w\" sizes=\"auto, (max-width: 480px) 150px\" src=\"https:\/\/v2charge.com\/wp-content\/uploads\/2025\/10\/user-api.png\" alt=\"\" class=\"uag-image-265390\" width=\"800\" height=\"470\" title=\"user-api\" loading=\"lazy\" role=\"img\"\/><\/figure><\/div>\n<\/div><\/div>\n<\/div><\/div>\n\n\n\n<div class=\"wp-block-uagb-slider-child uagb-slider-child-wrap swiper-slide uagb-block-ea46eed7\"><div class=\"swiper-content\">\n<div class=\"wp-block-uagb-container uagb-block-020e2cb0 alignfull uagb-is-root-container\"><div class=\"uagb-container-inner-blocks-wrap\">\n<div class=\"wp-block-uagb-info-box uagb-block-37093105 uagb-infobox__content-wrap  uagb-infobox-icon-above-title uagb-infobox-image-valign-top\"><div class=\"uagb-ifb-content\"><div class=\"uagb-ifb-image-content\"><img decoding=\"async\" src=\"https:\/\/v2charge.com\/wp-content\/uploads\/2023\/11\/numero-tres.png\" alt=\"\" width=\"30\" height=\"30\" loading=\"lazy\"\/><\/div><div class=\"uagb-ifb-title-wrap\"><\/div><p class=\"uagb-ifb-desc\">Klicke auf die Schaltfl\u00e4che \u201eToken abrufen\u201c<\/p><\/div><\/div>\n\n\n\n<div class=\"wp-block-uagb-image aligncenter uagb-block-b47ca29e wp-block-uagb-image--layout-default wp-block-uagb-image--effect-static wp-block-uagb-image--align-center\"><figure class=\"wp-block-uagb-image__figure\"><img decoding=\"async\" srcset=\"https:\/\/v2charge.com\/wp-content\/uploads\/2025\/10\/get-token.png ,https:\/\/v2charge.com\/wp-content\/uploads\/2025\/10\/get-token.png 780w, https:\/\/v2charge.com\/wp-content\/uploads\/2025\/10\/get-token.png 360w\" sizes=\"auto, (max-width: 480px) 150px\" src=\"https:\/\/v2charge.com\/wp-content\/uploads\/2025\/10\/get-token.png\" alt=\"\" class=\"uag-image-265401\" width=\"800\" height=\"470\" title=\"get-token\" loading=\"lazy\" role=\"img\"\/><\/figure><\/div>\n<\/div><\/div>\n<\/div><\/div>\n<\/div><\/div><div class=\"swiper-pagination\"><\/div><div class=\"swiper-button-prev\"><\/div><div class=\"swiper-button-next\"><\/div><\/div>\n\n\n\n<div style=\"height:60px\" aria-hidden=\"true\" class=\"wp-block-spacer\"><\/div>\n<\/div><\/div>\n","protected":false},"excerpt":{"rendered":"<p>Wie erhalte ich meine Token-ID f\u00fcr die Nutzung der Rest Cloud API? Eine REST-API oder RESTful-API ist eine Anwendungsprogrammierschnittstelle (API oder Web-API), die sich an die Grenzen der REST-Architektur h\u00e4lt und die Interaktion mit RESTful-Webdiensten erm\u00f6glicht. Mit der API k\u00f6nnen Sie die Ladestation \u00fcber selbst erstellte Anwendungen\/Dienste nutzen, ohne dass Sie die offiziellen Anwendungen verwenden &#8230; <a title=\"Wie erhalte ich meine Token-ID f\u00fcr die Nutzung der Rest Cloud API?\" class=\"read-more\" href=\"https:\/\/v2charge.com\/de\/support\/v2c-cloud\/erhalten-token-api-rest-cloud\/\" aria-label=\"Mehr Informationen \u00fcber Wie erhalte ich meine Token-ID f\u00fcr die Nutzung der Rest Cloud API?\">Weiterlesen<\/a><\/p>\n","protected":false},"author":1,"featured_media":170350,"parent":83636,"menu_order":0,"comment_status":"closed","ping_status":"closed","template":"","meta":{"_eb_attr":"","content-type":"","_uag_custom_page_level_css":"","footnotes":""},"class_list":["post-79278","page","type-page","status-publish","has-post-thumbnail"],"yoast_head":"<!-- This site is optimized with the Yoast SEO plugin v25.3.1 - https:\/\/yoast.com\/wordpress\/plugins\/seo\/ -->\n<title>Wie erhalte ich meine Token-ID f\u00fcr die Nutzung der Rest Cloud API? - V2C<\/title>\n<meta name=\"description\" content=\"Wir erkl\u00e4ren, wie Sie Ihre Token-Kennung erhalten, um die Rest Cloud API zu nutzen. Dies erm\u00f6glicht die Interaktion mit RestFul-Webdiensten.\" \/>\n<meta name=\"robots\" content=\"index, follow, max-snippet:-1, max-image-preview:large, max-video-preview:-1\" \/>\n<link rel=\"canonical\" href=\"https:\/\/v2charge.com\/de\/support\/v2c-cloud\/erhalten-token-api-rest-cloud\/\" \/>\n<meta property=\"og:locale\" content=\"de_DE\" \/>\n<meta property=\"og:type\" content=\"article\" \/>\n<meta property=\"og:title\" content=\"Wie erhalte ich meine Token-ID f\u00fcr die Nutzung der Rest Cloud API? - V2C\" \/>\n<meta property=\"og:description\" content=\"Wir erkl\u00e4ren, wie Sie Ihre Token-Kennung erhalten, um die Rest Cloud API zu nutzen. Dies erm\u00f6glicht die Interaktion mit RestFul-Webdiensten.\" \/>\n<meta property=\"og:url\" content=\"https:\/\/v2charge.com\/de\/support\/v2c-cloud\/erhalten-token-api-rest-cloud\/\" \/>\n<meta property=\"og:site_name\" content=\"V2C\" \/>\n<meta property=\"article:publisher\" content=\"https:\/\/www.facebook.com\/V2C.Charge\" \/>\n<meta property=\"article:modified_time\" content=\"2025-10-31T11:00:26+00:00\" \/>\n<meta property=\"og:image\" content=\"https:\/\/v2charge.com\/wp-content\/uploads\/2024\/07\/v2c-electric-chargers.jpg\" \/>\n\t<meta property=\"og:image:width\" content=\"1200\" \/>\n\t<meta property=\"og:image:height\" content=\"675\" \/>\n\t<meta property=\"og:image:type\" content=\"image\/jpeg\" \/>\n<meta name=\"twitter:card\" content=\"summary_large_image\" \/>\n<meta name=\"twitter:site\" content=\"@V2C_Charge\" \/>\n<meta name=\"twitter:label1\" content=\"Gesch\u00e4tzte Lesezeit\" \/>\n\t<meta name=\"twitter:data1\" content=\"2\u00a0Minuten\" \/>\n<script type=\"application\/ld+json\" class=\"yoast-schema-graph\">{\"@context\":\"https:\/\/schema.org\",\"@graph\":[{\"@type\":\"WebPage\",\"@id\":\"https:\/\/v2charge.com\/de\/support\/v2c-cloud\/erhalten-token-api-rest-cloud\/\",\"url\":\"https:\/\/v2charge.com\/de\/support\/v2c-cloud\/erhalten-token-api-rest-cloud\/\",\"name\":\"Wie erhalte ich meine Token-ID f\u00fcr die Nutzung der Rest Cloud API? - V2C\",\"isPartOf\":{\"@id\":\"https:\/\/v2charge.com\/de\/#website\"},\"primaryImageOfPage\":{\"@id\":\"https:\/\/v2charge.com\/de\/support\/v2c-cloud\/erhalten-token-api-rest-cloud\/#primaryimage\"},\"image\":{\"@id\":\"https:\/\/v2charge.com\/de\/support\/v2c-cloud\/erhalten-token-api-rest-cloud\/#primaryimage\"},\"thumbnailUrl\":\"https:\/\/v2charge.com\/wp-content\/uploads\/2024\/07\/v2c-electric-chargers.jpg\",\"datePublished\":\"2022-01-24T22:41:04+00:00\",\"dateModified\":\"2025-10-31T11:00:26+00:00\",\"description\":\"Wir erkl\u00e4ren, wie Sie Ihre Token-Kennung erhalten, um die Rest Cloud API zu nutzen. Dies erm\u00f6glicht die Interaktion mit RestFul-Webdiensten.\",\"breadcrumb\":{\"@id\":\"https:\/\/v2charge.com\/de\/support\/v2c-cloud\/erhalten-token-api-rest-cloud\/#breadcrumb\"},\"inLanguage\":\"de\",\"potentialAction\":[{\"@type\":\"ReadAction\",\"target\":[\"https:\/\/v2charge.com\/de\/support\/v2c-cloud\/erhalten-token-api-rest-cloud\/\"]}]},{\"@type\":\"ImageObject\",\"inLanguage\":\"de\",\"@id\":\"https:\/\/v2charge.com\/de\/support\/v2c-cloud\/erhalten-token-api-rest-cloud\/#primaryimage\",\"url\":\"https:\/\/v2charge.com\/wp-content\/uploads\/2024\/07\/v2c-electric-chargers.jpg\",\"contentUrl\":\"https:\/\/v2charge.com\/wp-content\/uploads\/2024\/07\/v2c-electric-chargers.jpg\",\"width\":1200,\"height\":675,\"caption\":\"V2C Electric Chargers\"},{\"@type\":\"BreadcrumbList\",\"@id\":\"https:\/\/v2charge.com\/de\/support\/v2c-cloud\/erhalten-token-api-rest-cloud\/#breadcrumb\",\"itemListElement\":[{\"@type\":\"ListItem\",\"position\":1,\"name\":\"V2C\",\"item\":\"https:\/\/v2charge.com\/de\/\"},{\"@type\":\"ListItem\",\"position\":2,\"name\":\"Support\",\"item\":\"https:\/\/v2charge.com\/de\/support\/\"},{\"@type\":\"ListItem\",\"position\":3,\"name\":\"V2C Cloud Support\",\"item\":\"https:\/\/v2charge.com\/de\/support\/v2c-cloud\/\"},{\"@type\":\"ListItem\",\"position\":4,\"name\":\"Wie erhalte ich meine Token-ID f\u00fcr die Nutzung der Rest Cloud API?\"}]},{\"@type\":\"WebSite\",\"@id\":\"https:\/\/v2charge.com\/de\/#website\",\"url\":\"https:\/\/v2charge.com\/de\/\",\"name\":\"V2C\",\"description\":\"#CargandoElMa\u00f1ana\",\"publisher\":{\"@id\":\"https:\/\/v2charge.com\/de\/#organization\"},\"potentialAction\":[{\"@type\":\"SearchAction\",\"target\":{\"@type\":\"EntryPoint\",\"urlTemplate\":\"https:\/\/v2charge.com\/de\/?s={search_term_string}\"},\"query-input\":{\"@type\":\"PropertyValueSpecification\",\"valueRequired\":true,\"valueName\":\"search_term_string\"}}],\"inLanguage\":\"de\"},{\"@type\":\"Organization\",\"@id\":\"https:\/\/v2charge.com\/de\/#organization\",\"name\":\"V2C\",\"url\":\"https:\/\/v2charge.com\/de\/\",\"logo\":{\"@type\":\"ImageObject\",\"inLanguage\":\"de\",\"@id\":\"https:\/\/v2charge.com\/de\/#\/schema\/logo\/image\/\",\"url\":\"https:\/\/v2charge.com\/wp-content\/uploads\/2024\/11\/cropped-v2c-charge-logo-menu.png\",\"contentUrl\":\"https:\/\/v2charge.com\/wp-content\/uploads\/2024\/11\/cropped-v2c-charge-logo-menu.png\",\"width\":984,\"height\":431,\"caption\":\"V2C\"},\"image\":{\"@id\":\"https:\/\/v2charge.com\/de\/#\/schema\/logo\/image\/\"},\"sameAs\":[\"https:\/\/www.facebook.com\/V2C.Charge\",\"https:\/\/x.com\/V2C_Charge\",\"https:\/\/www.instagram.com\/v2c.charge\/\",\"https:\/\/www.youtube.com\/@V2C\",\"https:\/\/www.linkedin.com\/company\/v2c-chargers\/\"]}]}<\/script>\n<!-- \/ Yoast SEO plugin. -->","yoast_head_json":{"title":"Wie erhalte ich meine Token-ID f\u00fcr die Nutzung der Rest Cloud API? - V2C","description":"Wir erkl\u00e4ren, wie Sie Ihre Token-Kennung erhalten, um die Rest Cloud API zu nutzen. Dies erm\u00f6glicht die Interaktion mit RestFul-Webdiensten.","robots":{"index":"index","follow":"follow","max-snippet":"max-snippet:-1","max-image-preview":"max-image-preview:large","max-video-preview":"max-video-preview:-1"},"canonical":"https:\/\/v2charge.com\/de\/support\/v2c-cloud\/erhalten-token-api-rest-cloud\/","og_locale":"de_DE","og_type":"article","og_title":"Wie erhalte ich meine Token-ID f\u00fcr die Nutzung der Rest Cloud API? - V2C","og_description":"Wir erkl\u00e4ren, wie Sie Ihre Token-Kennung erhalten, um die Rest Cloud API zu nutzen. Dies erm\u00f6glicht die Interaktion mit RestFul-Webdiensten.","og_url":"https:\/\/v2charge.com\/de\/support\/v2c-cloud\/erhalten-token-api-rest-cloud\/","og_site_name":"V2C","article_publisher":"https:\/\/www.facebook.com\/V2C.Charge","article_modified_time":"2025-10-31T11:00:26+00:00","og_image":[{"width":1200,"height":675,"url":"https:\/\/v2charge.com\/wp-content\/uploads\/2024\/07\/v2c-electric-chargers.jpg","type":"image\/jpeg"}],"twitter_card":"summary_large_image","twitter_site":"@V2C_Charge","twitter_misc":{"Gesch\u00e4tzte Lesezeit":"2\u00a0Minuten"},"schema":{"@context":"https:\/\/schema.org","@graph":[{"@type":"WebPage","@id":"https:\/\/v2charge.com\/de\/support\/v2c-cloud\/erhalten-token-api-rest-cloud\/","url":"https:\/\/v2charge.com\/de\/support\/v2c-cloud\/erhalten-token-api-rest-cloud\/","name":"Wie erhalte ich meine Token-ID f\u00fcr die Nutzung der Rest Cloud API? - V2C","isPartOf":{"@id":"https:\/\/v2charge.com\/de\/#website"},"primaryImageOfPage":{"@id":"https:\/\/v2charge.com\/de\/support\/v2c-cloud\/erhalten-token-api-rest-cloud\/#primaryimage"},"image":{"@id":"https:\/\/v2charge.com\/de\/support\/v2c-cloud\/erhalten-token-api-rest-cloud\/#primaryimage"},"thumbnailUrl":"https:\/\/v2charge.com\/wp-content\/uploads\/2024\/07\/v2c-electric-chargers.jpg","datePublished":"2022-01-24T22:41:04+00:00","dateModified":"2025-10-31T11:00:26+00:00","description":"Wir erkl\u00e4ren, wie Sie Ihre Token-Kennung erhalten, um die Rest Cloud API zu nutzen. Dies erm\u00f6glicht die Interaktion mit RestFul-Webdiensten.","breadcrumb":{"@id":"https:\/\/v2charge.com\/de\/support\/v2c-cloud\/erhalten-token-api-rest-cloud\/#breadcrumb"},"inLanguage":"de","potentialAction":[{"@type":"ReadAction","target":["https:\/\/v2charge.com\/de\/support\/v2c-cloud\/erhalten-token-api-rest-cloud\/"]}]},{"@type":"ImageObject","inLanguage":"de","@id":"https:\/\/v2charge.com\/de\/support\/v2c-cloud\/erhalten-token-api-rest-cloud\/#primaryimage","url":"https:\/\/v2charge.com\/wp-content\/uploads\/2024\/07\/v2c-electric-chargers.jpg","contentUrl":"https:\/\/v2charge.com\/wp-content\/uploads\/2024\/07\/v2c-electric-chargers.jpg","width":1200,"height":675,"caption":"V2C Electric Chargers"},{"@type":"BreadcrumbList","@id":"https:\/\/v2charge.com\/de\/support\/v2c-cloud\/erhalten-token-api-rest-cloud\/#breadcrumb","itemListElement":[{"@type":"ListItem","position":1,"name":"V2C","item":"https:\/\/v2charge.com\/de\/"},{"@type":"ListItem","position":2,"name":"Support","item":"https:\/\/v2charge.com\/de\/support\/"},{"@type":"ListItem","position":3,"name":"V2C Cloud Support","item":"https:\/\/v2charge.com\/de\/support\/v2c-cloud\/"},{"@type":"ListItem","position":4,"name":"Wie erhalte ich meine Token-ID f\u00fcr die Nutzung der Rest Cloud API?"}]},{"@type":"WebSite","@id":"https:\/\/v2charge.com\/de\/#website","url":"https:\/\/v2charge.com\/de\/","name":"V2C","description":"#CargandoElMa\u00f1ana","publisher":{"@id":"https:\/\/v2charge.com\/de\/#organization"},"potentialAction":[{"@type":"SearchAction","target":{"@type":"EntryPoint","urlTemplate":"https:\/\/v2charge.com\/de\/?s={search_term_string}"},"query-input":{"@type":"PropertyValueSpecification","valueRequired":true,"valueName":"search_term_string"}}],"inLanguage":"de"},{"@type":"Organization","@id":"https:\/\/v2charge.com\/de\/#organization","name":"V2C","url":"https:\/\/v2charge.com\/de\/","logo":{"@type":"ImageObject","inLanguage":"de","@id":"https:\/\/v2charge.com\/de\/#\/schema\/logo\/image\/","url":"https:\/\/v2charge.com\/wp-content\/uploads\/2024\/11\/cropped-v2c-charge-logo-menu.png","contentUrl":"https:\/\/v2charge.com\/wp-content\/uploads\/2024\/11\/cropped-v2c-charge-logo-menu.png","width":984,"height":431,"caption":"V2C"},"image":{"@id":"https:\/\/v2charge.com\/de\/#\/schema\/logo\/image\/"},"sameAs":["https:\/\/www.facebook.com\/V2C.Charge","https:\/\/x.com\/V2C_Charge","https:\/\/www.instagram.com\/v2c.charge\/","https:\/\/www.youtube.com\/@V2C","https:\/\/www.linkedin.com\/company\/v2c-chargers\/"]}]}},"uagb_featured_image_src":{"full":["https:\/\/v2charge.com\/wp-content\/uploads\/2024\/07\/v2c-electric-chargers.jpg",1200,675,false],"thumbnail":["https:\/\/v2charge.com\/wp-content\/uploads\/2024\/07\/v2c-electric-chargers-150x150.jpg",150,150,true],"medium":["https:\/\/v2charge.com\/wp-content\/uploads\/2024\/07\/v2c-electric-chargers-300x169.jpg",300,169,true],"medium_large":["https:\/\/v2charge.com\/wp-content\/uploads\/2024\/07\/v2c-electric-chargers-768x432.jpg",768,432,true],"large":["https:\/\/v2charge.com\/wp-content\/uploads\/2024\/07\/v2c-electric-chargers-1024x576.jpg",1024,576,true],"gs-tiny":["https:\/\/v2charge.com\/wp-content\/uploads\/2024\/07\/v2c-electric-chargers.jpg",50,28,false],"xl":["https:\/\/v2charge.com\/wp-content\/uploads\/2024\/07\/v2c-electric-chargers.jpg",1200,675,false],"xxl":["https:\/\/v2charge.com\/wp-content\/uploads\/2024\/07\/v2c-electric-chargers.jpg",1200,675,false],"xxxl":["https:\/\/v2charge.com\/wp-content\/uploads\/2024\/07\/v2c-electric-chargers.jpg",1200,675,false],"xxxxl":["https:\/\/v2charge.com\/wp-content\/uploads\/2024\/07\/v2c-electric-chargers.jpg",1200,675,false],"xxxxxl":["https:\/\/v2charge.com\/wp-content\/uploads\/2024\/07\/v2c-electric-chargers.jpg",1200,675,false],"1536x1536":["https:\/\/v2charge.com\/wp-content\/uploads\/2024\/07\/v2c-electric-chargers.jpg",1200,675,false],"2048x2048":["https:\/\/v2charge.com\/wp-content\/uploads\/2024\/07\/v2c-electric-chargers.jpg",1200,675,false]},"uagb_author_info":{"display_name":"V2C","author_link":"https:\/\/v2charge.com\/de\/author\/root_k4eu7ki8\/"},"uagb_comment_info":0,"uagb_excerpt":"Wie erhalte ich meine Token-ID f\u00fcr die Nutzung der Rest Cloud API? Eine REST-API oder RESTful-API ist eine Anwendungsprogrammierschnittstelle (API oder Web-API), die sich an die Grenzen der REST-Architektur h\u00e4lt und die Interaktion mit RESTful-Webdiensten erm\u00f6glicht. Mit der API k\u00f6nnen Sie die Ladestation \u00fcber selbst erstellte Anwendungen\/Dienste nutzen, ohne dass Sie die offiziellen Anwendungen verwenden&hellip;","_links":{"self":[{"href":"https:\/\/v2charge.com\/de\/wp-json\/wp\/v2\/pages\/79278","targetHints":{"allow":["GET"]}}],"collection":[{"href":"https:\/\/v2charge.com\/de\/wp-json\/wp\/v2\/pages"}],"about":[{"href":"https:\/\/v2charge.com\/de\/wp-json\/wp\/v2\/types\/page"}],"author":[{"embeddable":true,"href":"https:\/\/v2charge.com\/de\/wp-json\/wp\/v2\/users\/1"}],"replies":[{"embeddable":true,"href":"https:\/\/v2charge.com\/de\/wp-json\/wp\/v2\/comments?post=79278"}],"version-history":[{"count":1,"href":"https:\/\/v2charge.com\/de\/wp-json\/wp\/v2\/pages\/79278\/revisions"}],"predecessor-version":[{"id":265415,"href":"https:\/\/v2charge.com\/de\/wp-json\/wp\/v2\/pages\/79278\/revisions\/265415"}],"up":[{"embeddable":true,"href":"https:\/\/v2charge.com\/de\/wp-json\/wp\/v2\/pages\/83636"}],"wp:featuredmedia":[{"embeddable":true,"href":"https:\/\/v2charge.com\/de\/wp-json\/wp\/v2\/media\/170350"}],"wp:attachment":[{"href":"https:\/\/v2charge.com\/de\/wp-json\/wp\/v2\/media?parent=79278"}],"curies":[{"name":"wp","href":"https:\/\/api.w.org\/{rel}","templated":true}]}}