{"id":79280,"date":"2022-01-24T22:19:53","date_gmt":"2022-01-24T22:19:53","guid":{"rendered":"https:\/\/v2charge.com\/como-temporizar-la-recarga-de-mi-coche\/"},"modified":"2023-07-20T14:21:12","modified_gmt":"2023-07-20T14:21:12","slug":"wie-kann-ich-das-aufladen-meines-fahrzeugs-zeitlich-steuern","status":"publish","type":"page","link":"https:\/\/v2charge.com\/de\/wie-kann-ich-das-aufladen-meines-fahrzeugs-zeitlich-steuern\/","title":{"rendered":"Wie kann ich das Aufladen meines Fahrzeugs zeitlich steuern?"},"content":{"rendered":"<h1>Wie kann ich das Aufladen meines Fahrzeugs zeitlich steuern?<\/h1>\n<p>Ladepunkte mit V2C-Cloud k\u00f6nnen auf sehr einfache Weise zeitlich gesteuert werden<\/p>\n<h2>\u00dcber die APP<\/h2>\n<p>Verf\u00fcgbar f\u00fcr Ger\u00e4te mit Bluetooth oder Wifi. Rufen Sie die App auf und klicken Sie auf die Ladestation.<\/p>\n<p>Klicken Sie auf die Schaltfl\u00e4che &#8222;Kalender&#8220;..<\/p>\n<p>Sie haben zwei Timer. Timer 1 und Timer 2, w\u00e4hlen Sie den Wochentag und die Uhrzeit, die Sie aktivieren m\u00f6chten, Sie k\u00f6nnen mit beiden in Kombination arbeiten. Zum Beispiel: Montag von 16.30-18.30 Uhr in Timer 1 und in Timer 2 Montag von 19.14 bis 20:00 Uhr. Zwischen 18:30 und 19:14 Uhr wird die Ladestation also abgeschaltet.<\/p>\n<figure class=\"wp-block-image aligncenter size-large is-resized\"><img decoding=\"async\" src=\"https:\/\/v2charge.com\/wp-content\/uploads\/2022\/01\/Screenshot_2022-01-24-20-27-22-203_com.v2charge.app_iphone12black_portrait1-542x1024.jpg\" alt=\"\" class=\"wp-image-73319\" width=\"229\" height=\"433\" srcset=\"https:\/\/v2charge.com\/wp-content\/uploads\/2022\/01\/Screenshot_2022-01-24-20-27-22-203_com.v2charge.app_iphone12black_portrait1-542x1024.jpg 542w, https:\/\/v2charge.com\/wp-content\/uploads\/2022\/01\/Screenshot_2022-01-24-20-27-22-203_com.v2charge.app_iphone12black_portrait1-159x300.jpg 159w, https:\/\/v2charge.com\/wp-content\/uploads\/2022\/01\/Screenshot_2022-01-24-20-27-22-203_com.v2charge.app_iphone12black_portrait1-768x1451.jpg 768w, https:\/\/v2charge.com\/wp-content\/uploads\/2022\/01\/Screenshot_2022-01-24-20-27-22-203_com.v2charge.app_iphone12black_portrait1-813x1536.jpg 813w, https:\/\/v2charge.com\/wp-content\/uploads\/2022\/01\/Screenshot_2022-01-24-20-27-22-203_com.v2charge.app_iphone12black_portrait1.jpg 1016w\" sizes=\"(max-width: 229px) 100vw, 229px\" \/><\/figure>\n<figure class=\"wp-block-image aligncenter size-large is-resized\"><img decoding=\"async\" src=\"https:\/\/v2charge.com\/wp-content\/uploads\/2022\/01\/temporizacion-punto-de-recarga-542x1024.png\" alt=\"\" class=\"wp-image-73326\" width=\"242\" height=\"457\" srcset=\"https:\/\/v2charge.com\/wp-content\/uploads\/2022\/01\/temporizacion-punto-de-recarga-542x1024.png 542w, https:\/\/v2charge.com\/wp-content\/uploads\/2022\/01\/temporizacion-punto-de-recarga-159x300.png 159w, https:\/\/v2charge.com\/wp-content\/uploads\/2022\/01\/temporizacion-punto-de-recarga-768x1452.png 768w, https:\/\/v2charge.com\/wp-content\/uploads\/2022\/01\/temporizacion-punto-de-recarga-813x1536.png 813w, https:\/\/v2charge.com\/wp-content\/uploads\/2022\/01\/temporizacion-punto-de-recarga-1083x2048.png 1083w, https:\/\/v2charge.com\/wp-content\/uploads\/2022\/01\/temporizacion-punto-de-recarga.png 1530w\" sizes=\"(max-width: 242px) 100vw, 242px\" \/><\/figure>\n<figure class=\"wp-block-image aligncenter size-large is-resized\"><img decoding=\"async\" src=\"https:\/\/v2charge.com\/wp-content\/uploads\/2022\/01\/temporizador-ajustando.gif\" alt=\"\" class=\"wp-image-73334\" width=\"237\" height=\"525\"><\/figure>\n<p>Einmal auf der Hauptseite programmiert, wird der Zeitpunkt des n\u00e4chsten Uploads angezeigt, der durchgef\u00fchrt werden kann.<\/p>\n<figure class=\"wp-block-image aligncenter size-large is-resized\"><img decoding=\"async\" src=\"https:\/\/v2charge.com\/wp-content\/uploads\/2022\/01\/Screenshot_2022-01-24-21-16-51-551_com.v2charge.app_iphone12black_portrait-542x1024.png\" alt=\"\" class=\"wp-image-73341\" width=\"274\" height=\"517\" srcset=\"https:\/\/v2charge.com\/wp-content\/uploads\/2022\/01\/Screenshot_2022-01-24-21-16-51-551_com.v2charge.app_iphone12black_portrait-542x1024.png 542w, https:\/\/v2charge.com\/wp-content\/uploads\/2022\/01\/Screenshot_2022-01-24-21-16-51-551_com.v2charge.app_iphone12black_portrait-159x300.png 159w, https:\/\/v2charge.com\/wp-content\/uploads\/2022\/01\/Screenshot_2022-01-24-21-16-51-551_com.v2charge.app_iphone12black_portrait-768x1452.png 768w, https:\/\/v2charge.com\/wp-content\/uploads\/2022\/01\/Screenshot_2022-01-24-21-16-51-551_com.v2charge.app_iphone12black_portrait-813x1536.png 813w, https:\/\/v2charge.com\/wp-content\/uploads\/2022\/01\/Screenshot_2022-01-24-21-16-51-551_com.v2charge.app_iphone12black_portrait-1083x2048.png 1083w, https:\/\/v2charge.com\/wp-content\/uploads\/2022\/01\/Screenshot_2022-01-24-21-16-51-551_com.v2charge.app_iphone12black_portrait.png 1530w\" sizes=\"(max-width: 274px) 100vw, 274px\" \/><\/figure>\n<p><em><a href=\"https:\/\/v2charge.com\/de\/warum-verringert-mein-e-charger-die-ladeleistung-in-der-letzten-minute\/\" target=\"_blank\" rel=\"noreferrer noopener\">Warum verringert meine Ladestation die Ladeleistung in der letzten Minute des Ladevorgangs?<\/a><\/em><\/p>\n<h2>\u00dcber die V2C-Cloud<\/h2>\n<p>Das Verfahren ist dem oben beschriebenen sehr \u00e4hnlich. Betreten der Aufladestation.<\/p>\n<figure class=\"wp-block-image aligncenter size-large is-resized\"><img decoding=\"async\" src=\"https:\/\/v2charge.com\/wp-content\/uploads\/2022\/01\/Captura2_dell-xps13-front-1024x1024.png\" alt=\"\" class=\"wp-image-73349\" width=\"653\" height=\"653\" srcset=\"https:\/\/v2charge.com\/wp-content\/uploads\/2022\/01\/Captura2_dell-xps13-front-1024x1024.png 1024w, https:\/\/v2charge.com\/wp-content\/uploads\/2022\/01\/Captura2_dell-xps13-front-300x300.png 300w, https:\/\/v2charge.com\/wp-content\/uploads\/2022\/01\/Captura2_dell-xps13-front-150x150.png 150w, https:\/\/v2charge.com\/wp-content\/uploads\/2022\/01\/Captura2_dell-xps13-front-768x768.png 768w, https:\/\/v2charge.com\/wp-content\/uploads\/2022\/01\/Captura2_dell-xps13-front-1536x1536.png 1536w, https:\/\/v2charge.com\/wp-content\/uploads\/2022\/01\/Captura2_dell-xps13-front-50x50.png 50w, https:\/\/v2charge.com\/wp-content\/uploads\/2022\/01\/Captura2_dell-xps13-front-100x100.png 100w, https:\/\/v2charge.com\/wp-content\/uploads\/2022\/01\/Captura2_dell-xps13-front.png 2000w\" sizes=\"(max-width: 653px) 100vw, 653px\" \/><\/figure>\n","protected":false},"excerpt":{"rendered":"<p>Wie kann ich das Aufladen meines Fahrzeugs zeitlich steuern? Ladepunkte mit V2C-Cloud k\u00f6nnen auf sehr einfache Weise zeitlich gesteuert werden \u00dcber die APP Verf\u00fcgbar f\u00fcr Ger\u00e4te mit Bluetooth oder Wifi. Rufen Sie die App auf und klicken Sie auf die Ladestation. Klicken Sie auf die Schaltfl\u00e4che &#8222;Kalender&#8220;.. Sie haben zwei Timer. Timer 1 und Timer &#8230; <a title=\"Wie kann ich das Aufladen meines Fahrzeugs zeitlich steuern?\" class=\"read-more\" href=\"https:\/\/v2charge.com\/de\/wie-kann-ich-das-aufladen-meines-fahrzeugs-zeitlich-steuern\/\" aria-label=\"Mehr Informationen \u00fcber Wie kann ich das Aufladen meines Fahrzeugs zeitlich steuern?\">Weiterlesen<\/a><\/p>\n","protected":false},"author":1,"featured_media":170350,"parent":0,"menu_order":0,"comment_status":"closed","ping_status":"closed","template":"","meta":{"_eb_attr":"","content-type":"","_uag_custom_page_level_css":"","footnotes":""},"class_list":["post-79280","page","type-page","status-publish","has-post-thumbnail"],"yoast_head":"<!-- This site is optimized with the Yoast SEO plugin v25.3.1 - https:\/\/yoast.com\/wordpress\/plugins\/seo\/ -->\n<title>Wie kann ich das Aufladen meines Autos mit der V2C-App zeitlich steuern?<\/title>\n<meta name=\"description\" content=\"Wir erkl\u00e4ren, wie Sie das Aufladen Ihres Autos mit Ihrem elektrischen Ladeger\u00e4t \u00fcber die V2C-App zeitlich steuern k\u00f6nnen. [Support-Bereich]\" \/>\n<meta name=\"robots\" content=\"index, follow, max-snippet:-1, max-image-preview:large, max-video-preview:-1\" \/>\n<link rel=\"canonical\" href=\"https:\/\/v2charge.com\/de\/wie-kann-ich-das-aufladen-meines-fahrzeugs-zeitlich-steuern\/\" \/>\n<meta property=\"og:locale\" content=\"de_DE\" \/>\n<meta property=\"og:type\" content=\"article\" \/>\n<meta property=\"og:title\" content=\"Wie kann ich das Aufladen meines Autos mit der V2C-App zeitlich steuern?\" \/>\n<meta property=\"og:description\" content=\"Wir erkl\u00e4ren, wie Sie das Aufladen Ihres Autos mit Ihrem elektrischen Ladeger\u00e4t \u00fcber die V2C-App zeitlich steuern k\u00f6nnen. [Support-Bereich]\" \/>\n<meta property=\"og:url\" content=\"https:\/\/v2charge.com\/de\/wie-kann-ich-das-aufladen-meines-fahrzeugs-zeitlich-steuern\/\" \/>\n<meta property=\"og:site_name\" content=\"V2C\" \/>\n<meta property=\"article:publisher\" content=\"https:\/\/www.facebook.com\/V2C.Charge\" \/>\n<meta property=\"article:modified_time\" content=\"2023-07-20T14:21:12+00:00\" \/>\n<meta property=\"og:image\" content=\"https:\/\/v2charge.com\/wp-content\/uploads\/2022\/01\/Screenshot_2022-01-24-20-27-22-203_com.v2charge.app_iphone12black_portrait1-542x1024.jpg\" \/>\n<meta name=\"twitter:card\" content=\"summary_large_image\" \/>\n<meta name=\"twitter:site\" content=\"@V2C_Charge\" \/>\n<meta name=\"twitter:label1\" content=\"Gesch\u00e4tzte Lesezeit\" \/>\n\t<meta name=\"twitter:data1\" content=\"2\u00a0Minuten\" \/>\n<script type=\"application\/ld+json\" class=\"yoast-schema-graph\">{\"@context\":\"https:\/\/schema.org\",\"@graph\":[{\"@type\":\"WebPage\",\"@id\":\"https:\/\/v2charge.com\/de\/wie-kann-ich-das-aufladen-meines-fahrzeugs-zeitlich-steuern\/\",\"url\":\"https:\/\/v2charge.com\/de\/wie-kann-ich-das-aufladen-meines-fahrzeugs-zeitlich-steuern\/\",\"name\":\"Wie kann ich das Aufladen meines Autos mit der V2C-App zeitlich steuern?\",\"isPartOf\":{\"@id\":\"https:\/\/v2charge.com\/de\/#website\"},\"primaryImageOfPage\":{\"@id\":\"https:\/\/v2charge.com\/de\/wie-kann-ich-das-aufladen-meines-fahrzeugs-zeitlich-steuern\/#primaryimage\"},\"image\":{\"@id\":\"https:\/\/v2charge.com\/de\/wie-kann-ich-das-aufladen-meines-fahrzeugs-zeitlich-steuern\/#primaryimage\"},\"thumbnailUrl\":\"https:\/\/v2charge.com\/wp-content\/uploads\/2024\/07\/v2c-electric-chargers.jpg\",\"datePublished\":\"2022-01-24T22:19:53+00:00\",\"dateModified\":\"2023-07-20T14:21:12+00:00\",\"description\":\"Wir erkl\u00e4ren, wie Sie das Aufladen Ihres Autos mit Ihrem elektrischen Ladeger\u00e4t \u00fcber die V2C-App zeitlich steuern k\u00f6nnen. [Support-Bereich]\",\"breadcrumb\":{\"@id\":\"https:\/\/v2charge.com\/de\/wie-kann-ich-das-aufladen-meines-fahrzeugs-zeitlich-steuern\/#breadcrumb\"},\"inLanguage\":\"de\",\"potentialAction\":[{\"@type\":\"ReadAction\",\"target\":[\"https:\/\/v2charge.com\/de\/wie-kann-ich-das-aufladen-meines-fahrzeugs-zeitlich-steuern\/\"]}]},{\"@type\":\"ImageObject\",\"inLanguage\":\"de\",\"@id\":\"https:\/\/v2charge.com\/de\/wie-kann-ich-das-aufladen-meines-fahrzeugs-zeitlich-steuern\/#primaryimage\",\"url\":\"https:\/\/v2charge.com\/wp-content\/uploads\/2024\/07\/v2c-electric-chargers.jpg\",\"contentUrl\":\"https:\/\/v2charge.com\/wp-content\/uploads\/2024\/07\/v2c-electric-chargers.jpg\",\"width\":1200,\"height\":675,\"caption\":\"V2C Electric Chargers\"},{\"@type\":\"BreadcrumbList\",\"@id\":\"https:\/\/v2charge.com\/de\/wie-kann-ich-das-aufladen-meines-fahrzeugs-zeitlich-steuern\/#breadcrumb\",\"itemListElement\":[{\"@type\":\"ListItem\",\"position\":1,\"name\":\"V2C\",\"item\":\"https:\/\/v2charge.com\/de\/\"},{\"@type\":\"ListItem\",\"position\":2,\"name\":\"Wie kann ich das Aufladen meines Fahrzeugs zeitlich steuern?\"}]},{\"@type\":\"WebSite\",\"@id\":\"https:\/\/v2charge.com\/de\/#website\",\"url\":\"https:\/\/v2charge.com\/de\/\",\"name\":\"V2C\",\"description\":\"#CargandoElMa\u00f1ana\",\"publisher\":{\"@id\":\"https:\/\/v2charge.com\/de\/#organization\"},\"potentialAction\":[{\"@type\":\"SearchAction\",\"target\":{\"@type\":\"EntryPoint\",\"urlTemplate\":\"https:\/\/v2charge.com\/de\/?s={search_term_string}\"},\"query-input\":{\"@type\":\"PropertyValueSpecification\",\"valueRequired\":true,\"valueName\":\"search_term_string\"}}],\"inLanguage\":\"de\"},{\"@type\":\"Organization\",\"@id\":\"https:\/\/v2charge.com\/de\/#organization\",\"name\":\"V2C\",\"url\":\"https:\/\/v2charge.com\/de\/\",\"logo\":{\"@type\":\"ImageObject\",\"inLanguage\":\"de\",\"@id\":\"https:\/\/v2charge.com\/de\/#\/schema\/logo\/image\/\",\"url\":\"https:\/\/v2charge.com\/wp-content\/uploads\/2024\/11\/cropped-v2c-charge-logo-menu.png\",\"contentUrl\":\"https:\/\/v2charge.com\/wp-content\/uploads\/2024\/11\/cropped-v2c-charge-logo-menu.png\",\"width\":984,\"height\":431,\"caption\":\"V2C\"},\"image\":{\"@id\":\"https:\/\/v2charge.com\/de\/#\/schema\/logo\/image\/\"},\"sameAs\":[\"https:\/\/www.facebook.com\/V2C.Charge\",\"https:\/\/x.com\/V2C_Charge\",\"https:\/\/www.instagram.com\/v2c.charge\/\",\"https:\/\/www.youtube.com\/@V2C\",\"https:\/\/www.linkedin.com\/company\/v2c-chargers\/\"]}]}<\/script>\n<!-- \/ Yoast SEO plugin. -->","yoast_head_json":{"title":"Wie kann ich das Aufladen meines Autos mit der V2C-App zeitlich steuern?","description":"Wir erkl\u00e4ren, wie Sie das Aufladen Ihres Autos mit Ihrem elektrischen Ladeger\u00e4t \u00fcber die V2C-App zeitlich steuern k\u00f6nnen. [Support-Bereich]","robots":{"index":"index","follow":"follow","max-snippet":"max-snippet:-1","max-image-preview":"max-image-preview:large","max-video-preview":"max-video-preview:-1"},"canonical":"https:\/\/v2charge.com\/de\/wie-kann-ich-das-aufladen-meines-fahrzeugs-zeitlich-steuern\/","og_locale":"de_DE","og_type":"article","og_title":"Wie kann ich das Aufladen meines Autos mit der V2C-App zeitlich steuern?","og_description":"Wir erkl\u00e4ren, wie Sie das Aufladen Ihres Autos mit Ihrem elektrischen Ladeger\u00e4t \u00fcber die V2C-App zeitlich steuern k\u00f6nnen. [Support-Bereich]","og_url":"https:\/\/v2charge.com\/de\/wie-kann-ich-das-aufladen-meines-fahrzeugs-zeitlich-steuern\/","og_site_name":"V2C","article_publisher":"https:\/\/www.facebook.com\/V2C.Charge","article_modified_time":"2023-07-20T14:21:12+00:00","og_image":[{"url":"https:\/\/v2charge.com\/wp-content\/uploads\/2022\/01\/Screenshot_2022-01-24-20-27-22-203_com.v2charge.app_iphone12black_portrait1-542x1024.jpg","type":"","width":"","height":""}],"twitter_card":"summary_large_image","twitter_site":"@V2C_Charge","twitter_misc":{"Gesch\u00e4tzte Lesezeit":"2\u00a0Minuten"},"schema":{"@context":"https:\/\/schema.org","@graph":[{"@type":"WebPage","@id":"https:\/\/v2charge.com\/de\/wie-kann-ich-das-aufladen-meines-fahrzeugs-zeitlich-steuern\/","url":"https:\/\/v2charge.com\/de\/wie-kann-ich-das-aufladen-meines-fahrzeugs-zeitlich-steuern\/","name":"Wie kann ich das Aufladen meines Autos mit der V2C-App zeitlich steuern?","isPartOf":{"@id":"https:\/\/v2charge.com\/de\/#website"},"primaryImageOfPage":{"@id":"https:\/\/v2charge.com\/de\/wie-kann-ich-das-aufladen-meines-fahrzeugs-zeitlich-steuern\/#primaryimage"},"image":{"@id":"https:\/\/v2charge.com\/de\/wie-kann-ich-das-aufladen-meines-fahrzeugs-zeitlich-steuern\/#primaryimage"},"thumbnailUrl":"https:\/\/v2charge.com\/wp-content\/uploads\/2024\/07\/v2c-electric-chargers.jpg","datePublished":"2022-01-24T22:19:53+00:00","dateModified":"2023-07-20T14:21:12+00:00","description":"Wir erkl\u00e4ren, wie Sie das Aufladen Ihres Autos mit Ihrem elektrischen Ladeger\u00e4t \u00fcber die V2C-App zeitlich steuern k\u00f6nnen. [Support-Bereich]","breadcrumb":{"@id":"https:\/\/v2charge.com\/de\/wie-kann-ich-das-aufladen-meines-fahrzeugs-zeitlich-steuern\/#breadcrumb"},"inLanguage":"de","potentialAction":[{"@type":"ReadAction","target":["https:\/\/v2charge.com\/de\/wie-kann-ich-das-aufladen-meines-fahrzeugs-zeitlich-steuern\/"]}]},{"@type":"ImageObject","inLanguage":"de","@id":"https:\/\/v2charge.com\/de\/wie-kann-ich-das-aufladen-meines-fahrzeugs-zeitlich-steuern\/#primaryimage","url":"https:\/\/v2charge.com\/wp-content\/uploads\/2024\/07\/v2c-electric-chargers.jpg","contentUrl":"https:\/\/v2charge.com\/wp-content\/uploads\/2024\/07\/v2c-electric-chargers.jpg","width":1200,"height":675,"caption":"V2C Electric Chargers"},{"@type":"BreadcrumbList","@id":"https:\/\/v2charge.com\/de\/wie-kann-ich-das-aufladen-meines-fahrzeugs-zeitlich-steuern\/#breadcrumb","itemListElement":[{"@type":"ListItem","position":1,"name":"V2C","item":"https:\/\/v2charge.com\/de\/"},{"@type":"ListItem","position":2,"name":"Wie kann ich das Aufladen meines Fahrzeugs zeitlich steuern?"}]},{"@type":"WebSite","@id":"https:\/\/v2charge.com\/de\/#website","url":"https:\/\/v2charge.com\/de\/","name":"V2C","description":"#CargandoElMa\u00f1ana","publisher":{"@id":"https:\/\/v2charge.com\/de\/#organization"},"potentialAction":[{"@type":"SearchAction","target":{"@type":"EntryPoint","urlTemplate":"https:\/\/v2charge.com\/de\/?s={search_term_string}"},"query-input":{"@type":"PropertyValueSpecification","valueRequired":true,"valueName":"search_term_string"}}],"inLanguage":"de"},{"@type":"Organization","@id":"https:\/\/v2charge.com\/de\/#organization","name":"V2C","url":"https:\/\/v2charge.com\/de\/","logo":{"@type":"ImageObject","inLanguage":"de","@id":"https:\/\/v2charge.com\/de\/#\/schema\/logo\/image\/","url":"https:\/\/v2charge.com\/wp-content\/uploads\/2024\/11\/cropped-v2c-charge-logo-menu.png","contentUrl":"https:\/\/v2charge.com\/wp-content\/uploads\/2024\/11\/cropped-v2c-charge-logo-menu.png","width":984,"height":431,"caption":"V2C"},"image":{"@id":"https:\/\/v2charge.com\/de\/#\/schema\/logo\/image\/"},"sameAs":["https:\/\/www.facebook.com\/V2C.Charge","https:\/\/x.com\/V2C_Charge","https:\/\/www.instagram.com\/v2c.charge\/","https:\/\/www.youtube.com\/@V2C","https:\/\/www.linkedin.com\/company\/v2c-chargers\/"]}]}},"uagb_featured_image_src":{"full":["https:\/\/v2charge.com\/wp-content\/uploads\/2024\/07\/v2c-electric-chargers.jpg",1200,675,false],"thumbnail":["https:\/\/v2charge.com\/wp-content\/uploads\/2024\/07\/v2c-electric-chargers-150x150.jpg",150,150,true],"medium":["https:\/\/v2charge.com\/wp-content\/uploads\/2024\/07\/v2c-electric-chargers-300x169.jpg",300,169,true],"medium_large":["https:\/\/v2charge.com\/wp-content\/uploads\/2024\/07\/v2c-electric-chargers-768x432.jpg",768,432,true],"large":["https:\/\/v2charge.com\/wp-content\/uploads\/2024\/07\/v2c-electric-chargers-1024x576.jpg",1024,576,true],"gs-tiny":["https:\/\/v2charge.com\/wp-content\/uploads\/2024\/07\/v2c-electric-chargers.jpg",50,28,false],"xl":["https:\/\/v2charge.com\/wp-content\/uploads\/2024\/07\/v2c-electric-chargers.jpg",1200,675,false],"xxl":["https:\/\/v2charge.com\/wp-content\/uploads\/2024\/07\/v2c-electric-chargers.jpg",1200,675,false],"xxxl":["https:\/\/v2charge.com\/wp-content\/uploads\/2024\/07\/v2c-electric-chargers.jpg",1200,675,false],"xxxxl":["https:\/\/v2charge.com\/wp-content\/uploads\/2024\/07\/v2c-electric-chargers.jpg",1200,675,false],"xxxxxl":["https:\/\/v2charge.com\/wp-content\/uploads\/2024\/07\/v2c-electric-chargers.jpg",1200,675,false],"1536x1536":["https:\/\/v2charge.com\/wp-content\/uploads\/2024\/07\/v2c-electric-chargers.jpg",1200,675,false],"2048x2048":["https:\/\/v2charge.com\/wp-content\/uploads\/2024\/07\/v2c-electric-chargers.jpg",1200,675,false]},"uagb_author_info":{"display_name":"V2C","author_link":"https:\/\/v2charge.com\/de\/author\/root_k4eu7ki8\/"},"uagb_comment_info":0,"uagb_excerpt":"Wie kann ich das Aufladen meines Fahrzeugs zeitlich steuern? Ladepunkte mit V2C-Cloud k\u00f6nnen auf sehr einfache Weise zeitlich gesteuert werden \u00dcber die APP Verf\u00fcgbar f\u00fcr Ger\u00e4te mit Bluetooth oder Wifi. Rufen Sie die App auf und klicken Sie auf die Ladestation. Klicken Sie auf die Schaltfl\u00e4che &#8222;Kalender&#8220;.. Sie haben zwei Timer. Timer 1 und Timer&hellip;","_links":{"self":[{"href":"https:\/\/v2charge.com\/de\/wp-json\/wp\/v2\/pages\/79280","targetHints":{"allow":["GET"]}}],"collection":[{"href":"https:\/\/v2charge.com\/de\/wp-json\/wp\/v2\/pages"}],"about":[{"href":"https:\/\/v2charge.com\/de\/wp-json\/wp\/v2\/types\/page"}],"author":[{"embeddable":true,"href":"https:\/\/v2charge.com\/de\/wp-json\/wp\/v2\/users\/1"}],"replies":[{"embeddable":true,"href":"https:\/\/v2charge.com\/de\/wp-json\/wp\/v2\/comments?post=79280"}],"version-history":[{"count":0,"href":"https:\/\/v2charge.com\/de\/wp-json\/wp\/v2\/pages\/79280\/revisions"}],"wp:featuredmedia":[{"embeddable":true,"href":"https:\/\/v2charge.com\/de\/wp-json\/wp\/v2\/media\/170350"}],"wp:attachment":[{"href":"https:\/\/v2charge.com\/de\/wp-json\/wp\/v2\/media?parent=79280"}],"curies":[{"name":"wp","href":"https:\/\/api.w.org\/{rel}","templated":true}]}}