{"id":79285,"date":"2022-02-27T18:21:09","date_gmt":"2022-02-27T18:21:09","guid":{"rendered":"https:\/\/v2charge.com\/como-desbloquear-el-punto-de-recarga-trydan\/"},"modified":"2023-07-20T14:25:44","modified_gmt":"2023-07-20T14:25:44","slug":"wie-schaltet-man-die-trydan-ladestation-frei","status":"publish","type":"page","link":"https:\/\/v2charge.com\/de\/wie-schaltet-man-die-trydan-ladestation-frei\/","title":{"rendered":"Wie schaltet man die Trydan-Ladestation frei?"},"content":{"rendered":"<h1>Wie schaltet man die Trydan-Ladestation frei?<\/h1>\n<p>Die Trydan-Lades\u00e4ule kann \u00fcber Ihre APP gesperrt oder entsperrt werden, um die Nutzung durch unbefugte Dritte zu verhindern. Wenn Sie das Ladeger\u00e4t sperren, kann niemand das Ladeger\u00e4t benutzen, nicht einmal Sie als Besitzer des Ladeger\u00e4ts. Das bedeutet, dass Sie Ihr Auto nicht aufladen k\u00f6nnen, wenn Sie die Ladestation anschlie\u00dfen und diese blockiert ist..<\/p>\n<p><strong>Wie wird die Ladestation ver- und entriegelt?<\/strong><\/p>\n<p>Dies kann auf zwei Arten geschehen, entweder \u00fcber Bluetooth oder \u00fcber WIFI. In beiden F\u00e4llen kann dies sowohl vom Hauptfenster als auch von der Seite des Aufladepunkts selbst aus erfolgen. Wenn das Ger\u00e4t zuvor verriegelt wurde, muss es entriegelt werden, um die Ladestation betreten zu k\u00f6nnen.<\/p>\n<p>Werfen wir einen Blick auf einige Bilder.<\/p>\n<figure class=\"wp-block-image aligncenter size-large is-resized\">\n<img decoding=\"async\" src=\"https:\/\/v2charge.com\/wp-content\/uploads\/2022\/02\/WhatsApp-Image-2022-02-27-at-19.06.44_iphone12black_portrait-542x1024.png\" alt=\"\" class=\"wp-image-76623\" width=\"297\" height=\"561\" srcset=\"https:\/\/v2charge.com\/wp-content\/uploads\/2022\/02\/WhatsApp-Image-2022-02-27-at-19.06.44_iphone12black_portrait-542x1024.png 542w, https:\/\/v2charge.com\/wp-content\/uploads\/2022\/02\/WhatsApp-Image-2022-02-27-at-19.06.44_iphone12black_portrait-159x300.png 159w, https:\/\/v2charge.com\/wp-content\/uploads\/2022\/02\/WhatsApp-Image-2022-02-27-at-19.06.44_iphone12black_portrait-768x1452.png 768w, https:\/\/v2charge.com\/wp-content\/uploads\/2022\/02\/WhatsApp-Image-2022-02-27-at-19.06.44_iphone12black_portrait-813x1536.png 813w, https:\/\/v2charge.com\/wp-content\/uploads\/2022\/02\/WhatsApp-Image-2022-02-27-at-19.06.44_iphone12black_portrait-1083x2048.png 1083w, https:\/\/v2charge.com\/wp-content\/uploads\/2022\/02\/WhatsApp-Image-2022-02-27-at-19.06.44_iphone12black_portrait.png 1530w\" sizes=\"(max-width: 297px) 100vw, 297px\" \/><\/p>\n<p>In diesem Bild haben wir zwei blockierte Aufladepunkte. Wenn wir auf sie zugreifen wollen, m\u00fcssen wir sie zun\u00e4chst entsperren. Sie sind einmal mit Bluetooth und einmal mit Wifi verbunden.<\/p>\n<p><img decoding=\"async\" src=\"https:\/\/v2charge.com\/wp-content\/uploads\/2022\/02\/desbloquear-cargador-542x1024.jpg\" alt=\"\" class=\"wp-image-76631\" width=\"303\" height=\"572\" srcset=\"https:\/\/v2charge.com\/wp-content\/uploads\/2022\/02\/desbloquear-cargador-542x1024.jpg 542w, https:\/\/v2charge.com\/wp-content\/uploads\/2022\/02\/desbloquear-cargador-159x300.jpg 159w, https:\/\/v2charge.com\/wp-content\/uploads\/2022\/02\/desbloquear-cargador-768x1451.jpg 768w, https:\/\/v2charge.com\/wp-content\/uploads\/2022\/02\/desbloquear-cargador-813x1536.jpg 813w, https:\/\/v2charge.com\/wp-content\/uploads\/2022\/02\/desbloquear-cargador.jpg 1016w\" sizes=\"(max-width: 303px) 100vw, 303px\" \/><\/p>\n<p>Auf der Seite der Aufladestation k\u00f6nnen Sie die Station durch Klicken auf das Vorh\u00e4ngeschloss sperren.<br \/>\nBei einer Bluetooth-Verbindung m\u00fcssen wir, wenn das Mobiltelefon unsere Ladestation erkannt hat, auf die Schaltfl\u00e4che &#8222;Aktualisieren&#8220; klicken, um den Status zu erfahren. Wenn sie nicht blockiert ist, k\u00f6nnen wir auf die Ladestation zugreifen.<\/p>\n<p><img decoding=\"async\" src=\"https:\/\/v2charge.com\/wp-content\/uploads\/2022\/02\/WhatsApp-Image-2022-02-27-at-19.06.44-2_iphone12black_portrait-542x1024.png\" alt=\"\" class=\"wp-image-76638\" width=\"299\" height=\"565\" srcset=\"https:\/\/v2charge.com\/wp-content\/uploads\/2022\/02\/WhatsApp-Image-2022-02-27-at-19.06.44-2_iphone12black_portrait-542x1024.png 542w, https:\/\/v2charge.com\/wp-content\/uploads\/2022\/02\/WhatsApp-Image-2022-02-27-at-19.06.44-2_iphone12black_portrait-159x300.png 159w, https:\/\/v2charge.com\/wp-content\/uploads\/2022\/02\/WhatsApp-Image-2022-02-27-at-19.06.44-2_iphone12black_portrait-768x1452.png 768w, https:\/\/v2charge.com\/wp-content\/uploads\/2022\/02\/WhatsApp-Image-2022-02-27-at-19.06.44-2_iphone12black_portrait-813x1536.png 813w, https:\/\/v2charge.com\/wp-content\/uploads\/2022\/02\/WhatsApp-Image-2022-02-27-at-19.06.44-2_iphone12black_portrait-1083x2048.png 1083w, https:\/\/v2charge.com\/wp-content\/uploads\/2022\/02\/WhatsApp-Image-2022-02-27-at-19.06.44-2_iphone12black_portrait.png 1530w\" sizes=\"(max-width: 299px) 100vw, 299px\" \/><\/p>\n<p>Wenn wir eine Verbindung \u00fcber Bluetooth herstellen, m\u00fcssen wir vorher den Status aktualisieren, indem wir auf den Pfeil dr\u00fccken.<\/p>\n<p><img decoding=\"async\" src=\"https:\/\/v2charge.com\/wp-content\/uploads\/2022\/02\/WhatsApp-Image-2022-02-27-at-19.06.44-1_iphone12black_portrait-542x1024.png\" alt=\"\" class=\"wp-image-76645\" width=\"327\" height=\"618\" srcset=\"https:\/\/v2charge.com\/wp-content\/uploads\/2022\/02\/WhatsApp-Image-2022-02-27-at-19.06.44-1_iphone12black_portrait-542x1024.png 542w, https:\/\/v2charge.com\/wp-content\/uploads\/2022\/02\/WhatsApp-Image-2022-02-27-at-19.06.44-1_iphone12black_portrait-159x300.png 159w, https:\/\/v2charge.com\/wp-content\/uploads\/2022\/02\/WhatsApp-Image-2022-02-27-at-19.06.44-1_iphone12black_portrait-768x1452.png 768w, https:\/\/v2charge.com\/wp-content\/uploads\/2022\/02\/WhatsApp-Image-2022-02-27-at-19.06.44-1_iphone12black_portrait-813x1536.png 813w, https:\/\/v2charge.com\/wp-content\/uploads\/2022\/02\/WhatsApp-Image-2022-02-27-at-19.06.44-1_iphone12black_portrait-1083x2048.png 1083w, https:\/\/v2charge.com\/wp-content\/uploads\/2022\/02\/WhatsApp-Image-2022-02-27-at-19.06.44-1_iphone12black_portrait.png 1530w\" sizes=\"(max-width: 327px) 100vw, 327px\" \/><\/p>\n<p>Nach dem Aktualisieren wissen wir, ob eine Verbindung besteht oder nicht.<\/p>\n<h2>Beleuchtung, wenn die Aufladestelle blockiert ist.<\/h2>\n<p>Wenn Ihre Ladestation gesperrt ist, erkennen Sie das an der Anzeige, wenn Ihr Ger\u00e4t keine Anzeige hat, bleibt die Beleuchtung aus und blinkt alle 10 Sekunden wei\u00df.<\/p>\n<h2>Gibt es eine L\u00f6sung, wenn ich meine Aufladestation nicht freischalten kann?<\/h2>\n<p>Wenn Sie aus irgendeinem Grund ein Problem haben, Ihre Anwendung nicht funktioniert, Sie Ihr Handy nicht dabei haben, Sie Ihr Konto verloren haben, irgendetwas nicht richtig funktioniert und Sie Ihre Ladestation (die Sie zuvor gesperrt haben) sofort wieder entsperren m\u00fcssen, m\u00fcssen Sie nur die Stromzufuhr zu den Sicherungen (intern oder extern) unterbrechen, 5 Sekunden warten und sie wieder anschlie\u00dfen. Die Aufladestation wird immer unverschlossen gestartet.<\/figure>\n","protected":false},"excerpt":{"rendered":"<p>Wie schaltet man die Trydan-Ladestation frei? Die Trydan-Lades\u00e4ule kann \u00fcber Ihre APP gesperrt oder entsperrt werden, um die Nutzung durch unbefugte Dritte zu verhindern. Wenn Sie das Ladeger\u00e4t sperren, kann niemand das Ladeger\u00e4t benutzen, nicht einmal Sie als Besitzer des Ladeger\u00e4ts. Das bedeutet, dass Sie Ihr Auto nicht aufladen k\u00f6nnen, wenn Sie die Ladestation anschlie\u00dfen &#8230; <a title=\"Wie schaltet man die Trydan-Ladestation frei?\" class=\"read-more\" href=\"https:\/\/v2charge.com\/de\/wie-schaltet-man-die-trydan-ladestation-frei\/\" aria-label=\"Mehr Informationen \u00fcber Wie schaltet man die Trydan-Ladestation frei?\">Weiterlesen<\/a><\/p>\n","protected":false},"author":1,"featured_media":170350,"parent":0,"menu_order":0,"comment_status":"closed","ping_status":"closed","template":"","meta":{"_eb_attr":"","content-type":"","_uag_custom_page_level_css":"","footnotes":""},"class_list":["post-79285","page","type-page","status-publish","has-post-thumbnail"],"yoast_head":"<!-- This site is optimized with the Yoast SEO plugin v25.3.1 - https:\/\/yoast.com\/wordpress\/plugins\/seo\/ -->\n<title>Wie schaltet man die Trydan-Ladestation frei? | V2C-Unterst\u00fctzung<\/title>\n<meta name=\"description\" content=\"Wir erkl\u00e4ren Ihnen, wie Sie Ihre Trydan-Lades\u00e4ule sperren und entsperren k\u00f6nnen, um die Nutzung durch unbefugte Dritte zu verhindern. Schritt f\u00fcr Schritt.\" \/>\n<meta name=\"robots\" content=\"index, follow, max-snippet:-1, max-image-preview:large, max-video-preview:-1\" \/>\n<link rel=\"canonical\" href=\"https:\/\/v2charge.com\/de\/wie-schaltet-man-die-trydan-ladestation-frei\/\" \/>\n<meta property=\"og:locale\" content=\"de_DE\" \/>\n<meta property=\"og:type\" content=\"article\" \/>\n<meta property=\"og:title\" content=\"Wie schaltet man die Trydan-Ladestation frei? | V2C-Unterst\u00fctzung\" \/>\n<meta property=\"og:description\" content=\"Wir erkl\u00e4ren Ihnen, wie Sie Ihre Trydan-Lades\u00e4ule sperren und entsperren k\u00f6nnen, um die Nutzung durch unbefugte Dritte zu verhindern. Schritt f\u00fcr Schritt.\" \/>\n<meta property=\"og:url\" content=\"https:\/\/v2charge.com\/de\/wie-schaltet-man-die-trydan-ladestation-frei\/\" \/>\n<meta property=\"og:site_name\" content=\"V2C\" \/>\n<meta property=\"article:publisher\" content=\"https:\/\/www.facebook.com\/V2C.Charge\" \/>\n<meta property=\"article:modified_time\" content=\"2023-07-20T14:25:44+00:00\" \/>\n<meta property=\"og:image\" content=\"https:\/\/v2charge.com\/wp-content\/uploads\/2022\/02\/WhatsApp-Image-2022-02-27-at-19.06.44_iphone12black_portrait-542x1024.png\" \/>\n<meta name=\"twitter:card\" content=\"summary_large_image\" \/>\n<meta name=\"twitter:site\" content=\"@V2C_Charge\" \/>\n<meta name=\"twitter:label1\" content=\"Gesch\u00e4tzte Lesezeit\" \/>\n\t<meta name=\"twitter:data1\" content=\"3\u00a0Minuten\" \/>\n<script type=\"application\/ld+json\" class=\"yoast-schema-graph\">{\"@context\":\"https:\/\/schema.org\",\"@graph\":[{\"@type\":\"WebPage\",\"@id\":\"https:\/\/v2charge.com\/de\/wie-schaltet-man-die-trydan-ladestation-frei\/\",\"url\":\"https:\/\/v2charge.com\/de\/wie-schaltet-man-die-trydan-ladestation-frei\/\",\"name\":\"Wie schaltet man die Trydan-Ladestation frei? | V2C-Unterst\u00fctzung\",\"isPartOf\":{\"@id\":\"https:\/\/v2charge.com\/de\/#website\"},\"primaryImageOfPage\":{\"@id\":\"https:\/\/v2charge.com\/de\/wie-schaltet-man-die-trydan-ladestation-frei\/#primaryimage\"},\"image\":{\"@id\":\"https:\/\/v2charge.com\/de\/wie-schaltet-man-die-trydan-ladestation-frei\/#primaryimage\"},\"thumbnailUrl\":\"https:\/\/v2charge.com\/wp-content\/uploads\/2024\/07\/v2c-electric-chargers.jpg\",\"datePublished\":\"2022-02-27T18:21:09+00:00\",\"dateModified\":\"2023-07-20T14:25:44+00:00\",\"description\":\"Wir erkl\u00e4ren Ihnen, wie Sie Ihre Trydan-Lades\u00e4ule sperren und entsperren k\u00f6nnen, um die Nutzung durch unbefugte Dritte zu verhindern. Schritt f\u00fcr Schritt.\",\"breadcrumb\":{\"@id\":\"https:\/\/v2charge.com\/de\/wie-schaltet-man-die-trydan-ladestation-frei\/#breadcrumb\"},\"inLanguage\":\"de\",\"potentialAction\":[{\"@type\":\"ReadAction\",\"target\":[\"https:\/\/v2charge.com\/de\/wie-schaltet-man-die-trydan-ladestation-frei\/\"]}]},{\"@type\":\"ImageObject\",\"inLanguage\":\"de\",\"@id\":\"https:\/\/v2charge.com\/de\/wie-schaltet-man-die-trydan-ladestation-frei\/#primaryimage\",\"url\":\"https:\/\/v2charge.com\/wp-content\/uploads\/2024\/07\/v2c-electric-chargers.jpg\",\"contentUrl\":\"https:\/\/v2charge.com\/wp-content\/uploads\/2024\/07\/v2c-electric-chargers.jpg\",\"width\":1200,\"height\":675,\"caption\":\"V2C Electric Chargers\"},{\"@type\":\"BreadcrumbList\",\"@id\":\"https:\/\/v2charge.com\/de\/wie-schaltet-man-die-trydan-ladestation-frei\/#breadcrumb\",\"itemListElement\":[{\"@type\":\"ListItem\",\"position\":1,\"name\":\"V2C\",\"item\":\"https:\/\/v2charge.com\/de\/\"},{\"@type\":\"ListItem\",\"position\":2,\"name\":\"Wie schaltet man die Trydan-Ladestation frei?\"}]},{\"@type\":\"WebSite\",\"@id\":\"https:\/\/v2charge.com\/de\/#website\",\"url\":\"https:\/\/v2charge.com\/de\/\",\"name\":\"V2C\",\"description\":\"#CargandoElMa\u00f1ana\",\"publisher\":{\"@id\":\"https:\/\/v2charge.com\/de\/#organization\"},\"potentialAction\":[{\"@type\":\"SearchAction\",\"target\":{\"@type\":\"EntryPoint\",\"urlTemplate\":\"https:\/\/v2charge.com\/de\/?s={search_term_string}\"},\"query-input\":{\"@type\":\"PropertyValueSpecification\",\"valueRequired\":true,\"valueName\":\"search_term_string\"}}],\"inLanguage\":\"de\"},{\"@type\":\"Organization\",\"@id\":\"https:\/\/v2charge.com\/de\/#organization\",\"name\":\"V2C\",\"url\":\"https:\/\/v2charge.com\/de\/\",\"logo\":{\"@type\":\"ImageObject\",\"inLanguage\":\"de\",\"@id\":\"https:\/\/v2charge.com\/de\/#\/schema\/logo\/image\/\",\"url\":\"https:\/\/v2charge.com\/wp-content\/uploads\/2024\/11\/cropped-v2c-charge-logo-menu.png\",\"contentUrl\":\"https:\/\/v2charge.com\/wp-content\/uploads\/2024\/11\/cropped-v2c-charge-logo-menu.png\",\"width\":984,\"height\":431,\"caption\":\"V2C\"},\"image\":{\"@id\":\"https:\/\/v2charge.com\/de\/#\/schema\/logo\/image\/\"},\"sameAs\":[\"https:\/\/www.facebook.com\/V2C.Charge\",\"https:\/\/x.com\/V2C_Charge\",\"https:\/\/www.instagram.com\/v2c.charge\/\",\"https:\/\/www.youtube.com\/@V2C\",\"https:\/\/www.linkedin.com\/company\/v2c-chargers\/\"]}]}<\/script>\n<!-- \/ Yoast SEO plugin. -->","yoast_head_json":{"title":"Wie schaltet man die Trydan-Ladestation frei? | V2C-Unterst\u00fctzung","description":"Wir erkl\u00e4ren Ihnen, wie Sie Ihre Trydan-Lades\u00e4ule sperren und entsperren k\u00f6nnen, um die Nutzung durch unbefugte Dritte zu verhindern. Schritt f\u00fcr Schritt.","robots":{"index":"index","follow":"follow","max-snippet":"max-snippet:-1","max-image-preview":"max-image-preview:large","max-video-preview":"max-video-preview:-1"},"canonical":"https:\/\/v2charge.com\/de\/wie-schaltet-man-die-trydan-ladestation-frei\/","og_locale":"de_DE","og_type":"article","og_title":"Wie schaltet man die Trydan-Ladestation frei? | V2C-Unterst\u00fctzung","og_description":"Wir erkl\u00e4ren Ihnen, wie Sie Ihre Trydan-Lades\u00e4ule sperren und entsperren k\u00f6nnen, um die Nutzung durch unbefugte Dritte zu verhindern. Schritt f\u00fcr Schritt.","og_url":"https:\/\/v2charge.com\/de\/wie-schaltet-man-die-trydan-ladestation-frei\/","og_site_name":"V2C","article_publisher":"https:\/\/www.facebook.com\/V2C.Charge","article_modified_time":"2023-07-20T14:25:44+00:00","og_image":[{"url":"https:\/\/v2charge.com\/wp-content\/uploads\/2022\/02\/WhatsApp-Image-2022-02-27-at-19.06.44_iphone12black_portrait-542x1024.png","type":"","width":"","height":""}],"twitter_card":"summary_large_image","twitter_site":"@V2C_Charge","twitter_misc":{"Gesch\u00e4tzte Lesezeit":"3\u00a0Minuten"},"schema":{"@context":"https:\/\/schema.org","@graph":[{"@type":"WebPage","@id":"https:\/\/v2charge.com\/de\/wie-schaltet-man-die-trydan-ladestation-frei\/","url":"https:\/\/v2charge.com\/de\/wie-schaltet-man-die-trydan-ladestation-frei\/","name":"Wie schaltet man die Trydan-Ladestation frei? | V2C-Unterst\u00fctzung","isPartOf":{"@id":"https:\/\/v2charge.com\/de\/#website"},"primaryImageOfPage":{"@id":"https:\/\/v2charge.com\/de\/wie-schaltet-man-die-trydan-ladestation-frei\/#primaryimage"},"image":{"@id":"https:\/\/v2charge.com\/de\/wie-schaltet-man-die-trydan-ladestation-frei\/#primaryimage"},"thumbnailUrl":"https:\/\/v2charge.com\/wp-content\/uploads\/2024\/07\/v2c-electric-chargers.jpg","datePublished":"2022-02-27T18:21:09+00:00","dateModified":"2023-07-20T14:25:44+00:00","description":"Wir erkl\u00e4ren Ihnen, wie Sie Ihre Trydan-Lades\u00e4ule sperren und entsperren k\u00f6nnen, um die Nutzung durch unbefugte Dritte zu verhindern. Schritt f\u00fcr Schritt.","breadcrumb":{"@id":"https:\/\/v2charge.com\/de\/wie-schaltet-man-die-trydan-ladestation-frei\/#breadcrumb"},"inLanguage":"de","potentialAction":[{"@type":"ReadAction","target":["https:\/\/v2charge.com\/de\/wie-schaltet-man-die-trydan-ladestation-frei\/"]}]},{"@type":"ImageObject","inLanguage":"de","@id":"https:\/\/v2charge.com\/de\/wie-schaltet-man-die-trydan-ladestation-frei\/#primaryimage","url":"https:\/\/v2charge.com\/wp-content\/uploads\/2024\/07\/v2c-electric-chargers.jpg","contentUrl":"https:\/\/v2charge.com\/wp-content\/uploads\/2024\/07\/v2c-electric-chargers.jpg","width":1200,"height":675,"caption":"V2C Electric Chargers"},{"@type":"BreadcrumbList","@id":"https:\/\/v2charge.com\/de\/wie-schaltet-man-die-trydan-ladestation-frei\/#breadcrumb","itemListElement":[{"@type":"ListItem","position":1,"name":"V2C","item":"https:\/\/v2charge.com\/de\/"},{"@type":"ListItem","position":2,"name":"Wie schaltet man die Trydan-Ladestation frei?"}]},{"@type":"WebSite","@id":"https:\/\/v2charge.com\/de\/#website","url":"https:\/\/v2charge.com\/de\/","name":"V2C","description":"#CargandoElMa\u00f1ana","publisher":{"@id":"https:\/\/v2charge.com\/de\/#organization"},"potentialAction":[{"@type":"SearchAction","target":{"@type":"EntryPoint","urlTemplate":"https:\/\/v2charge.com\/de\/?s={search_term_string}"},"query-input":{"@type":"PropertyValueSpecification","valueRequired":true,"valueName":"search_term_string"}}],"inLanguage":"de"},{"@type":"Organization","@id":"https:\/\/v2charge.com\/de\/#organization","name":"V2C","url":"https:\/\/v2charge.com\/de\/","logo":{"@type":"ImageObject","inLanguage":"de","@id":"https:\/\/v2charge.com\/de\/#\/schema\/logo\/image\/","url":"https:\/\/v2charge.com\/wp-content\/uploads\/2024\/11\/cropped-v2c-charge-logo-menu.png","contentUrl":"https:\/\/v2charge.com\/wp-content\/uploads\/2024\/11\/cropped-v2c-charge-logo-menu.png","width":984,"height":431,"caption":"V2C"},"image":{"@id":"https:\/\/v2charge.com\/de\/#\/schema\/logo\/image\/"},"sameAs":["https:\/\/www.facebook.com\/V2C.Charge","https:\/\/x.com\/V2C_Charge","https:\/\/www.instagram.com\/v2c.charge\/","https:\/\/www.youtube.com\/@V2C","https:\/\/www.linkedin.com\/company\/v2c-chargers\/"]}]}},"uagb_featured_image_src":{"full":["https:\/\/v2charge.com\/wp-content\/uploads\/2024\/07\/v2c-electric-chargers.jpg",1200,675,false],"thumbnail":["https:\/\/v2charge.com\/wp-content\/uploads\/2024\/07\/v2c-electric-chargers-150x150.jpg",150,150,true],"medium":["https:\/\/v2charge.com\/wp-content\/uploads\/2024\/07\/v2c-electric-chargers-300x169.jpg",300,169,true],"medium_large":["https:\/\/v2charge.com\/wp-content\/uploads\/2024\/07\/v2c-electric-chargers-768x432.jpg",768,432,true],"large":["https:\/\/v2charge.com\/wp-content\/uploads\/2024\/07\/v2c-electric-chargers-1024x576.jpg",1024,576,true],"gs-tiny":["https:\/\/v2charge.com\/wp-content\/uploads\/2024\/07\/v2c-electric-chargers.jpg",50,28,false],"xl":["https:\/\/v2charge.com\/wp-content\/uploads\/2024\/07\/v2c-electric-chargers.jpg",1200,675,false],"xxl":["https:\/\/v2charge.com\/wp-content\/uploads\/2024\/07\/v2c-electric-chargers.jpg",1200,675,false],"xxxl":["https:\/\/v2charge.com\/wp-content\/uploads\/2024\/07\/v2c-electric-chargers.jpg",1200,675,false],"xxxxl":["https:\/\/v2charge.com\/wp-content\/uploads\/2024\/07\/v2c-electric-chargers.jpg",1200,675,false],"xxxxxl":["https:\/\/v2charge.com\/wp-content\/uploads\/2024\/07\/v2c-electric-chargers.jpg",1200,675,false],"1536x1536":["https:\/\/v2charge.com\/wp-content\/uploads\/2024\/07\/v2c-electric-chargers.jpg",1200,675,false],"2048x2048":["https:\/\/v2charge.com\/wp-content\/uploads\/2024\/07\/v2c-electric-chargers.jpg",1200,675,false]},"uagb_author_info":{"display_name":"V2C","author_link":"https:\/\/v2charge.com\/de\/author\/root_k4eu7ki8\/"},"uagb_comment_info":0,"uagb_excerpt":"Wie schaltet man die Trydan-Ladestation frei? Die Trydan-Lades\u00e4ule kann \u00fcber Ihre APP gesperrt oder entsperrt werden, um die Nutzung durch unbefugte Dritte zu verhindern. Wenn Sie das Ladeger\u00e4t sperren, kann niemand das Ladeger\u00e4t benutzen, nicht einmal Sie als Besitzer des Ladeger\u00e4ts. Das bedeutet, dass Sie Ihr Auto nicht aufladen k\u00f6nnen, wenn Sie die Ladestation anschlie\u00dfen&hellip;","_links":{"self":[{"href":"https:\/\/v2charge.com\/de\/wp-json\/wp\/v2\/pages\/79285","targetHints":{"allow":["GET"]}}],"collection":[{"href":"https:\/\/v2charge.com\/de\/wp-json\/wp\/v2\/pages"}],"about":[{"href":"https:\/\/v2charge.com\/de\/wp-json\/wp\/v2\/types\/page"}],"author":[{"embeddable":true,"href":"https:\/\/v2charge.com\/de\/wp-json\/wp\/v2\/users\/1"}],"replies":[{"embeddable":true,"href":"https:\/\/v2charge.com\/de\/wp-json\/wp\/v2\/comments?post=79285"}],"version-history":[{"count":0,"href":"https:\/\/v2charge.com\/de\/wp-json\/wp\/v2\/pages\/79285\/revisions"}],"wp:featuredmedia":[{"embeddable":true,"href":"https:\/\/v2charge.com\/de\/wp-json\/wp\/v2\/media\/170350"}],"wp:attachment":[{"href":"https:\/\/v2charge.com\/de\/wp-json\/wp\/v2\/media?parent=79285"}],"curies":[{"name":"wp","href":"https:\/\/api.w.org\/{rel}","templated":true}]}}