{"id":79292,"date":"2022-04-18T17:34:26","date_gmt":"2022-04-18T17:34:26","guid":{"rendered":"https:\/\/v2charge.com\/diferentes-formas-de-ver-las-estadisticas-de-recarga-en-v2c-cloud\/"},"modified":"2023-07-20T14:06:55","modified_gmt":"2023-07-20T14:06:55","slug":"verschiedene-anzeigemoeglichkeiten-von-aufladungsstatistiken-in-der-v2c-cloud","status":"publish","type":"page","link":"https:\/\/v2charge.com\/de\/verschiedene-anzeigemoeglichkeiten-von-aufladungsstatistiken-in-der-v2c-cloud\/","title":{"rendered":"Verschiedene Anzeigem\u00f6glichkeiten von Aufladungsstatistiken in der V2C Cloud"},"content":{"rendered":"<h1>Verschiedene Anzeigem\u00f6glichkeiten von Aufladungsstatistiken in der V2C Cloud<\/h1>\n<p>Um die Wiederaufladungsstatistiken zu sehen, k\u00f6nnen wir sie auf verschiedene Weise betrachten. <\/p>\n<ul>\n<li>\u00dcber die APP<\/li>\n<\/ul>\n<p>Mit der APP k\u00f6nnen wir sie an zwei verschiedenen Stellen sehen;<\/p>\n<ul>\n<li>Globale Statistiken f\u00fcr alle unsere Ladeger\u00e4te. Durch Klicken auf die angegebene Schaltfl\u00e4che<\/li>\n<\/ul>\n<figure class=\"wp-block-image aligncenter size-large is-resized\"><img decoding=\"async\" src=\"https:\/\/v2charge.com\/wp-content\/uploads\/2022\/04\/WhatsApp-Image-2022-04-18-at-7.13.48-PM_iphone13blue_portrait-548x1024.jpg\" alt=\"\" class=\"wp-image-78474\" width=\"278\" height=\"522\"><\/figure>\n<ul>\n<li>Statistik f\u00fcr nur eine Aufladestelle. Enth\u00e4lt eine Liste mit allen von ihnen. Durch Dr\u00fccken der ausgew\u00e4hlten Tasten im Inneren des Ladeger\u00e4ts.<\/li>\n<\/ul>\n<figure class=\"wp-block-image aligncenter size-large is-resized\"><img decoding=\"async\" src=\"https:\/\/v2charge.com\/wp-content\/uploads\/2022\/04\/estadisticas-punto-de-recarga-548x1024.jpg\" alt=\"\" class=\"wp-image-78467\" width=\"226\" height=\"423\" srcset=\"https:\/\/v2charge.com\/wp-content\/uploads\/2022\/04\/estadisticas-punto-de-recarga-548x1024.jpg 548w, https:\/\/v2charge.com\/wp-content\/uploads\/2022\/04\/estadisticas-punto-de-recarga-161x300.jpg 161w, https:\/\/v2charge.com\/wp-content\/uploads\/2022\/04\/estadisticas-punto-de-recarga-768x1434.jpg 768w, https:\/\/v2charge.com\/wp-content\/uploads\/2022\/04\/estadisticas-punto-de-recarga-822x1536.jpg 822w, https:\/\/v2charge.com\/wp-content\/uploads\/2022\/04\/estadisticas-punto-de-recarga.jpg 1028w\" sizes=\"(max-width: 226px) 100vw, 226px\" \/><\/figure>\n<figure class=\"wp-block-image aligncenter size-large is-resized\"><img decoding=\"async\" src=\"https:\/\/v2charge.com\/wp-content\/uploads\/2022\/04\/WhatsApp-Image-2022-04-18-at-7.13.47-PM_iphone13blue_portrait-548x1024.png\" alt=\"\" class=\"wp-image-78453\" width=\"237\" height=\"443\" srcset=\"https:\/\/v2charge.com\/wp-content\/uploads\/2022\/04\/WhatsApp-Image-2022-04-18-at-7.13.47-PM_iphone13blue_portrait-548x1024.png 548w, https:\/\/v2charge.com\/wp-content\/uploads\/2022\/04\/WhatsApp-Image-2022-04-18-at-7.13.47-PM_iphone13blue_portrait-161x300.png 161w, https:\/\/v2charge.com\/wp-content\/uploads\/2022\/04\/WhatsApp-Image-2022-04-18-at-7.13.47-PM_iphone13blue_portrait-768x1434.png 768w, https:\/\/v2charge.com\/wp-content\/uploads\/2022\/04\/WhatsApp-Image-2022-04-18-at-7.13.47-PM_iphone13blue_portrait-822x1536.png 822w, https:\/\/v2charge.com\/wp-content\/uploads\/2022\/04\/WhatsApp-Image-2022-04-18-at-7.13.47-PM_iphone13blue_portrait-1097x2048.png 1097w, https:\/\/v2charge.com\/wp-content\/uploads\/2022\/04\/WhatsApp-Image-2022-04-18-at-7.13.47-PM_iphone13blue_portrait.png 1570w\" sizes=\"(max-width: 237px) 100vw, 237px\" \/><\/figure>\n<ul>\n<li>\u00dcber das Portal <a href=\"http:\/\/www.v2c.cloud\">www.v2c.cloud<\/a><\/li>\n<\/ul>\n\n<div class=\"wp-block-image\">\n<figure class=\"aligncenter size-large is-resized\"><img decoding=\"async\" src=\"https:\/\/v2charge.com\/wp-content\/uploads\/2022\/04\/estadisticas-v2c_macbookgold_front-1024x1024.png\" alt=\"\" class=\"wp-image-78481\" width=\"614\" height=\"614\" srcset=\"https:\/\/v2charge.com\/wp-content\/uploads\/2022\/04\/estadisticas-v2c_macbookgold_front-1024x1024.png 1024w, https:\/\/v2charge.com\/wp-content\/uploads\/2022\/04\/estadisticas-v2c_macbookgold_front-300x300.png 300w, https:\/\/v2charge.com\/wp-content\/uploads\/2022\/04\/estadisticas-v2c_macbookgold_front-150x150.png 150w, https:\/\/v2charge.com\/wp-content\/uploads\/2022\/04\/estadisticas-v2c_macbookgold_front-768x768.png 768w, https:\/\/v2charge.com\/wp-content\/uploads\/2022\/04\/estadisticas-v2c_macbookgold_front-1536x1536.png 1536w, https:\/\/v2charge.com\/wp-content\/uploads\/2022\/04\/estadisticas-v2c_macbookgold_front-50x50.png 50w, https:\/\/v2charge.com\/wp-content\/uploads\/2022\/04\/estadisticas-v2c_macbookgold_front-100x100.png 100w, https:\/\/v2charge.com\/wp-content\/uploads\/2022\/04\/estadisticas-v2c_macbookgold_front.png 2000w\" sizes=\"(max-width: 614px) 100vw, 614px\" \/><\/figure>\n<\/div>\n\n<p><strong>Wichtiger Hinweis Mit Bluetooth verbundene Ger\u00e4te<\/strong><\/p>\n<blockquote class=\"wp-block-quote\">\n<p>Ger\u00e4te, die \u00fcber Bluetooth verbunden sind, erhalten die Statistiken nur, wenn Sie sie koppeln. Aufgrund eines Geschwindigkeitsproblems werden nur die letzten 5 Aufladungen gekoppelt. Wenn Sie zu diesem Zeitpunkt nicht mit dem Internet verbunden sind, wird eine Meldung angezeigt, dass Sie noch Aufladungen zu senden haben. \u00d6ffnen Sie die Anwendung an einem Ort, an dem eine Internetverbindung besteht.<\/p>\n<\/blockquote>","protected":false},"excerpt":{"rendered":"<p>Verschiedene Anzeigem\u00f6glichkeiten von Aufladungsstatistiken in der V2C Cloud Um die Wiederaufladungsstatistiken zu sehen, k\u00f6nnen wir sie auf verschiedene Weise betrachten. \u00dcber die APP Mit der APP k\u00f6nnen wir sie an zwei verschiedenen Stellen sehen; Globale Statistiken f\u00fcr alle unsere Ladeger\u00e4te. Durch Klicken auf die angegebene Schaltfl\u00e4che Statistik f\u00fcr nur eine Aufladestelle. Enth\u00e4lt eine Liste mit &#8230; <a title=\"Verschiedene Anzeigem\u00f6glichkeiten von Aufladungsstatistiken in der V2C Cloud\" class=\"read-more\" href=\"https:\/\/v2charge.com\/de\/verschiedene-anzeigemoeglichkeiten-von-aufladungsstatistiken-in-der-v2c-cloud\/\" aria-label=\"Mehr Informationen \u00fcber Verschiedene Anzeigem\u00f6glichkeiten von Aufladungsstatistiken in der V2C Cloud\">Weiterlesen<\/a><\/p>\n","protected":false},"author":1,"featured_media":170350,"parent":0,"menu_order":0,"comment_status":"closed","ping_status":"closed","template":"","meta":{"_eb_attr":"","content-type":"","_uag_custom_page_level_css":"","footnotes":""},"class_list":["post-79292","page","type-page","status-publish","has-post-thumbnail"],"yoast_head":"<!-- This site is optimized with the Yoast SEO plugin v25.3.1 - https:\/\/yoast.com\/wordpress\/plugins\/seo\/ -->\n<title>Wie Sie die Ladestatistiken in der V2C Cloud einsehen | V2C<\/title>\n<meta name=\"description\" content=\"Wir erkl\u00e4ren, wie Sie mit unserer V2C-Cloud-App Ihre Ladestatistiken f\u00fcr Elektrofahrzeuge \u00fcberpr\u00fcfen k\u00f6nnen. Neueste Technologie] [Neueste Technologie]\" \/>\n<meta name=\"robots\" content=\"index, follow, max-snippet:-1, max-image-preview:large, max-video-preview:-1\" \/>\n<link rel=\"canonical\" href=\"https:\/\/v2charge.com\/de\/verschiedene-anzeigemoeglichkeiten-von-aufladungsstatistiken-in-der-v2c-cloud\/\" \/>\n<meta property=\"og:locale\" content=\"de_DE\" \/>\n<meta property=\"og:type\" content=\"article\" \/>\n<meta property=\"og:title\" content=\"Wie Sie die Ladestatistiken in der V2C Cloud einsehen | V2C\" \/>\n<meta property=\"og:description\" content=\"Wir erkl\u00e4ren, wie Sie mit unserer V2C-Cloud-App Ihre Ladestatistiken f\u00fcr Elektrofahrzeuge \u00fcberpr\u00fcfen k\u00f6nnen. Neueste Technologie] [Neueste Technologie]\" \/>\n<meta property=\"og:url\" content=\"https:\/\/v2charge.com\/de\/verschiedene-anzeigemoeglichkeiten-von-aufladungsstatistiken-in-der-v2c-cloud\/\" \/>\n<meta property=\"og:site_name\" content=\"V2C\" \/>\n<meta property=\"article:publisher\" content=\"https:\/\/www.facebook.com\/V2C.Charge\" \/>\n<meta property=\"article:modified_time\" content=\"2023-07-20T14:06:55+00:00\" \/>\n<meta property=\"og:image\" content=\"https:\/\/v2charge.com\/wp-content\/uploads\/2022\/04\/WhatsApp-Image-2022-04-18-at-7.13.48-PM_iphone13blue_portrait-548x1024.jpg\" \/>\n<meta name=\"twitter:card\" content=\"summary_large_image\" \/>\n<meta name=\"twitter:site\" content=\"@V2C_Charge\" \/>\n<meta name=\"twitter:label1\" content=\"Gesch\u00e4tzte Lesezeit\" \/>\n\t<meta name=\"twitter:data1\" content=\"2\u00a0Minuten\" \/>\n<script type=\"application\/ld+json\" class=\"yoast-schema-graph\">{\"@context\":\"https:\/\/schema.org\",\"@graph\":[{\"@type\":\"WebPage\",\"@id\":\"https:\/\/v2charge.com\/de\/verschiedene-anzeigemoeglichkeiten-von-aufladungsstatistiken-in-der-v2c-cloud\/\",\"url\":\"https:\/\/v2charge.com\/de\/verschiedene-anzeigemoeglichkeiten-von-aufladungsstatistiken-in-der-v2c-cloud\/\",\"name\":\"Wie Sie die Ladestatistiken in der V2C Cloud einsehen | V2C\",\"isPartOf\":{\"@id\":\"https:\/\/v2charge.com\/de\/#website\"},\"primaryImageOfPage\":{\"@id\":\"https:\/\/v2charge.com\/de\/verschiedene-anzeigemoeglichkeiten-von-aufladungsstatistiken-in-der-v2c-cloud\/#primaryimage\"},\"image\":{\"@id\":\"https:\/\/v2charge.com\/de\/verschiedene-anzeigemoeglichkeiten-von-aufladungsstatistiken-in-der-v2c-cloud\/#primaryimage\"},\"thumbnailUrl\":\"https:\/\/v2charge.com\/wp-content\/uploads\/2024\/07\/v2c-electric-chargers.jpg\",\"datePublished\":\"2022-04-18T17:34:26+00:00\",\"dateModified\":\"2023-07-20T14:06:55+00:00\",\"description\":\"Wir erkl\u00e4ren, wie Sie mit unserer V2C-Cloud-App Ihre Ladestatistiken f\u00fcr Elektrofahrzeuge \u00fcberpr\u00fcfen k\u00f6nnen. Neueste Technologie] [Neueste Technologie]\",\"breadcrumb\":{\"@id\":\"https:\/\/v2charge.com\/de\/verschiedene-anzeigemoeglichkeiten-von-aufladungsstatistiken-in-der-v2c-cloud\/#breadcrumb\"},\"inLanguage\":\"de\",\"potentialAction\":[{\"@type\":\"ReadAction\",\"target\":[\"https:\/\/v2charge.com\/de\/verschiedene-anzeigemoeglichkeiten-von-aufladungsstatistiken-in-der-v2c-cloud\/\"]}]},{\"@type\":\"ImageObject\",\"inLanguage\":\"de\",\"@id\":\"https:\/\/v2charge.com\/de\/verschiedene-anzeigemoeglichkeiten-von-aufladungsstatistiken-in-der-v2c-cloud\/#primaryimage\",\"url\":\"https:\/\/v2charge.com\/wp-content\/uploads\/2024\/07\/v2c-electric-chargers.jpg\",\"contentUrl\":\"https:\/\/v2charge.com\/wp-content\/uploads\/2024\/07\/v2c-electric-chargers.jpg\",\"width\":1200,\"height\":675,\"caption\":\"V2C Electric Chargers\"},{\"@type\":\"BreadcrumbList\",\"@id\":\"https:\/\/v2charge.com\/de\/verschiedene-anzeigemoeglichkeiten-von-aufladungsstatistiken-in-der-v2c-cloud\/#breadcrumb\",\"itemListElement\":[{\"@type\":\"ListItem\",\"position\":1,\"name\":\"V2C\",\"item\":\"https:\/\/v2charge.com\/de\/\"},{\"@type\":\"ListItem\",\"position\":2,\"name\":\"Verschiedene Anzeigem\u00f6glichkeiten von Aufladungsstatistiken in der V2C Cloud\"}]},{\"@type\":\"WebSite\",\"@id\":\"https:\/\/v2charge.com\/de\/#website\",\"url\":\"https:\/\/v2charge.com\/de\/\",\"name\":\"V2C\",\"description\":\"#CargandoElMa\u00f1ana\",\"publisher\":{\"@id\":\"https:\/\/v2charge.com\/de\/#organization\"},\"potentialAction\":[{\"@type\":\"SearchAction\",\"target\":{\"@type\":\"EntryPoint\",\"urlTemplate\":\"https:\/\/v2charge.com\/de\/?s={search_term_string}\"},\"query-input\":{\"@type\":\"PropertyValueSpecification\",\"valueRequired\":true,\"valueName\":\"search_term_string\"}}],\"inLanguage\":\"de\"},{\"@type\":\"Organization\",\"@id\":\"https:\/\/v2charge.com\/de\/#organization\",\"name\":\"V2C\",\"url\":\"https:\/\/v2charge.com\/de\/\",\"logo\":{\"@type\":\"ImageObject\",\"inLanguage\":\"de\",\"@id\":\"https:\/\/v2charge.com\/de\/#\/schema\/logo\/image\/\",\"url\":\"https:\/\/v2charge.com\/wp-content\/uploads\/2024\/11\/cropped-v2c-charge-logo-menu.png\",\"contentUrl\":\"https:\/\/v2charge.com\/wp-content\/uploads\/2024\/11\/cropped-v2c-charge-logo-menu.png\",\"width\":984,\"height\":431,\"caption\":\"V2C\"},\"image\":{\"@id\":\"https:\/\/v2charge.com\/de\/#\/schema\/logo\/image\/\"},\"sameAs\":[\"https:\/\/www.facebook.com\/V2C.Charge\",\"https:\/\/x.com\/V2C_Charge\",\"https:\/\/www.instagram.com\/v2c.charge\/\",\"https:\/\/www.youtube.com\/@V2C\",\"https:\/\/www.linkedin.com\/company\/v2c-chargers\/\"]}]}<\/script>\n<!-- \/ Yoast SEO plugin. -->","yoast_head_json":{"title":"Wie Sie die Ladestatistiken in der V2C Cloud einsehen | V2C","description":"Wir erkl\u00e4ren, wie Sie mit unserer V2C-Cloud-App Ihre Ladestatistiken f\u00fcr Elektrofahrzeuge \u00fcberpr\u00fcfen k\u00f6nnen. Neueste Technologie] [Neueste Technologie]","robots":{"index":"index","follow":"follow","max-snippet":"max-snippet:-1","max-image-preview":"max-image-preview:large","max-video-preview":"max-video-preview:-1"},"canonical":"https:\/\/v2charge.com\/de\/verschiedene-anzeigemoeglichkeiten-von-aufladungsstatistiken-in-der-v2c-cloud\/","og_locale":"de_DE","og_type":"article","og_title":"Wie Sie die Ladestatistiken in der V2C Cloud einsehen | V2C","og_description":"Wir erkl\u00e4ren, wie Sie mit unserer V2C-Cloud-App Ihre Ladestatistiken f\u00fcr Elektrofahrzeuge \u00fcberpr\u00fcfen k\u00f6nnen. Neueste Technologie] [Neueste Technologie]","og_url":"https:\/\/v2charge.com\/de\/verschiedene-anzeigemoeglichkeiten-von-aufladungsstatistiken-in-der-v2c-cloud\/","og_site_name":"V2C","article_publisher":"https:\/\/www.facebook.com\/V2C.Charge","article_modified_time":"2023-07-20T14:06:55+00:00","og_image":[{"url":"https:\/\/v2charge.com\/wp-content\/uploads\/2022\/04\/WhatsApp-Image-2022-04-18-at-7.13.48-PM_iphone13blue_portrait-548x1024.jpg","type":"","width":"","height":""}],"twitter_card":"summary_large_image","twitter_site":"@V2C_Charge","twitter_misc":{"Gesch\u00e4tzte Lesezeit":"2\u00a0Minuten"},"schema":{"@context":"https:\/\/schema.org","@graph":[{"@type":"WebPage","@id":"https:\/\/v2charge.com\/de\/verschiedene-anzeigemoeglichkeiten-von-aufladungsstatistiken-in-der-v2c-cloud\/","url":"https:\/\/v2charge.com\/de\/verschiedene-anzeigemoeglichkeiten-von-aufladungsstatistiken-in-der-v2c-cloud\/","name":"Wie Sie die Ladestatistiken in der V2C Cloud einsehen | V2C","isPartOf":{"@id":"https:\/\/v2charge.com\/de\/#website"},"primaryImageOfPage":{"@id":"https:\/\/v2charge.com\/de\/verschiedene-anzeigemoeglichkeiten-von-aufladungsstatistiken-in-der-v2c-cloud\/#primaryimage"},"image":{"@id":"https:\/\/v2charge.com\/de\/verschiedene-anzeigemoeglichkeiten-von-aufladungsstatistiken-in-der-v2c-cloud\/#primaryimage"},"thumbnailUrl":"https:\/\/v2charge.com\/wp-content\/uploads\/2024\/07\/v2c-electric-chargers.jpg","datePublished":"2022-04-18T17:34:26+00:00","dateModified":"2023-07-20T14:06:55+00:00","description":"Wir erkl\u00e4ren, wie Sie mit unserer V2C-Cloud-App Ihre Ladestatistiken f\u00fcr Elektrofahrzeuge \u00fcberpr\u00fcfen k\u00f6nnen. Neueste Technologie] [Neueste Technologie]","breadcrumb":{"@id":"https:\/\/v2charge.com\/de\/verschiedene-anzeigemoeglichkeiten-von-aufladungsstatistiken-in-der-v2c-cloud\/#breadcrumb"},"inLanguage":"de","potentialAction":[{"@type":"ReadAction","target":["https:\/\/v2charge.com\/de\/verschiedene-anzeigemoeglichkeiten-von-aufladungsstatistiken-in-der-v2c-cloud\/"]}]},{"@type":"ImageObject","inLanguage":"de","@id":"https:\/\/v2charge.com\/de\/verschiedene-anzeigemoeglichkeiten-von-aufladungsstatistiken-in-der-v2c-cloud\/#primaryimage","url":"https:\/\/v2charge.com\/wp-content\/uploads\/2024\/07\/v2c-electric-chargers.jpg","contentUrl":"https:\/\/v2charge.com\/wp-content\/uploads\/2024\/07\/v2c-electric-chargers.jpg","width":1200,"height":675,"caption":"V2C Electric Chargers"},{"@type":"BreadcrumbList","@id":"https:\/\/v2charge.com\/de\/verschiedene-anzeigemoeglichkeiten-von-aufladungsstatistiken-in-der-v2c-cloud\/#breadcrumb","itemListElement":[{"@type":"ListItem","position":1,"name":"V2C","item":"https:\/\/v2charge.com\/de\/"},{"@type":"ListItem","position":2,"name":"Verschiedene Anzeigem\u00f6glichkeiten von Aufladungsstatistiken in der V2C Cloud"}]},{"@type":"WebSite","@id":"https:\/\/v2charge.com\/de\/#website","url":"https:\/\/v2charge.com\/de\/","name":"V2C","description":"#CargandoElMa\u00f1ana","publisher":{"@id":"https:\/\/v2charge.com\/de\/#organization"},"potentialAction":[{"@type":"SearchAction","target":{"@type":"EntryPoint","urlTemplate":"https:\/\/v2charge.com\/de\/?s={search_term_string}"},"query-input":{"@type":"PropertyValueSpecification","valueRequired":true,"valueName":"search_term_string"}}],"inLanguage":"de"},{"@type":"Organization","@id":"https:\/\/v2charge.com\/de\/#organization","name":"V2C","url":"https:\/\/v2charge.com\/de\/","logo":{"@type":"ImageObject","inLanguage":"de","@id":"https:\/\/v2charge.com\/de\/#\/schema\/logo\/image\/","url":"https:\/\/v2charge.com\/wp-content\/uploads\/2024\/11\/cropped-v2c-charge-logo-menu.png","contentUrl":"https:\/\/v2charge.com\/wp-content\/uploads\/2024\/11\/cropped-v2c-charge-logo-menu.png","width":984,"height":431,"caption":"V2C"},"image":{"@id":"https:\/\/v2charge.com\/de\/#\/schema\/logo\/image\/"},"sameAs":["https:\/\/www.facebook.com\/V2C.Charge","https:\/\/x.com\/V2C_Charge","https:\/\/www.instagram.com\/v2c.charge\/","https:\/\/www.youtube.com\/@V2C","https:\/\/www.linkedin.com\/company\/v2c-chargers\/"]}]}},"uagb_featured_image_src":{"full":["https:\/\/v2charge.com\/wp-content\/uploads\/2024\/07\/v2c-electric-chargers.jpg",1200,675,false],"thumbnail":["https:\/\/v2charge.com\/wp-content\/uploads\/2024\/07\/v2c-electric-chargers-150x150.jpg",150,150,true],"medium":["https:\/\/v2charge.com\/wp-content\/uploads\/2024\/07\/v2c-electric-chargers-300x169.jpg",300,169,true],"medium_large":["https:\/\/v2charge.com\/wp-content\/uploads\/2024\/07\/v2c-electric-chargers-768x432.jpg",768,432,true],"large":["https:\/\/v2charge.com\/wp-content\/uploads\/2024\/07\/v2c-electric-chargers-1024x576.jpg",1024,576,true],"gs-tiny":["https:\/\/v2charge.com\/wp-content\/uploads\/2024\/07\/v2c-electric-chargers.jpg",50,28,false],"xl":["https:\/\/v2charge.com\/wp-content\/uploads\/2024\/07\/v2c-electric-chargers.jpg",1200,675,false],"xxl":["https:\/\/v2charge.com\/wp-content\/uploads\/2024\/07\/v2c-electric-chargers.jpg",1200,675,false],"xxxl":["https:\/\/v2charge.com\/wp-content\/uploads\/2024\/07\/v2c-electric-chargers.jpg",1200,675,false],"xxxxl":["https:\/\/v2charge.com\/wp-content\/uploads\/2024\/07\/v2c-electric-chargers.jpg",1200,675,false],"xxxxxl":["https:\/\/v2charge.com\/wp-content\/uploads\/2024\/07\/v2c-electric-chargers.jpg",1200,675,false],"1536x1536":["https:\/\/v2charge.com\/wp-content\/uploads\/2024\/07\/v2c-electric-chargers.jpg",1200,675,false],"2048x2048":["https:\/\/v2charge.com\/wp-content\/uploads\/2024\/07\/v2c-electric-chargers.jpg",1200,675,false]},"uagb_author_info":{"display_name":"V2C","author_link":"https:\/\/v2charge.com\/de\/author\/root_k4eu7ki8\/"},"uagb_comment_info":0,"uagb_excerpt":"Verschiedene Anzeigem\u00f6glichkeiten von Aufladungsstatistiken in der V2C Cloud Um die Wiederaufladungsstatistiken zu sehen, k\u00f6nnen wir sie auf verschiedene Weise betrachten. \u00dcber die APP Mit der APP k\u00f6nnen wir sie an zwei verschiedenen Stellen sehen; Globale Statistiken f\u00fcr alle unsere Ladeger\u00e4te. Durch Klicken auf die angegebene Schaltfl\u00e4che Statistik f\u00fcr nur eine Aufladestelle. Enth\u00e4lt eine Liste mit&hellip;","_links":{"self":[{"href":"https:\/\/v2charge.com\/de\/wp-json\/wp\/v2\/pages\/79292","targetHints":{"allow":["GET"]}}],"collection":[{"href":"https:\/\/v2charge.com\/de\/wp-json\/wp\/v2\/pages"}],"about":[{"href":"https:\/\/v2charge.com\/de\/wp-json\/wp\/v2\/types\/page"}],"author":[{"embeddable":true,"href":"https:\/\/v2charge.com\/de\/wp-json\/wp\/v2\/users\/1"}],"replies":[{"embeddable":true,"href":"https:\/\/v2charge.com\/de\/wp-json\/wp\/v2\/comments?post=79292"}],"version-history":[{"count":0,"href":"https:\/\/v2charge.com\/de\/wp-json\/wp\/v2\/pages\/79292\/revisions"}],"wp:featuredmedia":[{"embeddable":true,"href":"https:\/\/v2charge.com\/de\/wp-json\/wp\/v2\/media\/170350"}],"wp:attachment":[{"href":"https:\/\/v2charge.com\/de\/wp-json\/wp\/v2\/media?parent=79292"}],"curies":[{"name":"wp","href":"https:\/\/api.w.org\/{rel}","templated":true}]}}