{"id":85478,"date":"2022-10-11T10:37:31","date_gmt":"2022-10-11T10:37:31","guid":{"rendered":"https:\/\/v2charge.com\/como-compartir-un-cargador-desde-la-app-v2c-cloud\/"},"modified":"2023-05-04T06:23:53","modified_gmt":"2023-05-04T06:23:53","slug":"wie-kann-ich-ein-ladegerat-uber-die-v2c-cloud-app-freigeben","status":"publish","type":"page","link":"https:\/\/v2charge.com\/de\/wie-kann-ich-ein-ladegerat-uber-die-v2c-cloud-app-freigeben\/","title":{"rendered":"Wie kann ich ein Ladeger\u00e4t \u00fcber die V2C Cloud App freigeben?"},"content":{"rendered":"<h1>Wie kann ich ein Ladeger\u00e4t \u00fcber die V2C Cloud App freigeben?<\/h1>\t\t\n\t\t\n<p>Wenn Sie ein Ladeger\u00e4t f\u00fcr ein Familienmitglied oder einen Dritten freigeben m\u00f6chten, m\u00fcssen Sie dies \u00fcber die App tun, nicht \u00fcber die V2C Cloud-Plattform.<\/p>\n\n\n<p>Melden Sie sich bei der App an.<\/p>\n\n\n<figure><img decoding=\"async\" src=\"https:\/\/v2charge.com\/wp-content\/uploads\/2022\/10\/Compartir-cargador-DE-1-731x1024.jpg\" alt=\"\" width=\"366\" height=\"512\"\/><\/figure>\n\n\n\n\n\n<p class=\"is-layout-flow wp-block-column-is-layout-flow is-layout-flex wp-container-core-columns-is-layout-9d6595d7 wp-block-columns-is-layout-flex wp-block-group-is-layout-flow\">W\u00e4hlen Sie das Ladeger\u00e4t aus, das Sie freigeben m\u00f6chten.<\/p>\n\n\n\n\n\n<figure><img decoding=\"async\" src=\"https:\/\/v2charge.com\/wp-content\/uploads\/2022\/10\/Compartir-cargador-DE-2-731x1024.jpg\" alt=\"\" width=\"366\" height=\"512\"\/><\/figure>\n\n\n<p>Klicken Sie auf den Pfeil rechts neben der Schaltfl\u00e4che &#8222;DIESEN LADER MIT MEHREN MENSCHEN TEILEN&#8220;.<\/p>\n\n\n<figure><img decoding=\"async\" src=\"https:\/\/v2charge.com\/wp-content\/uploads\/2022\/10\/Compartir-cargador-DE-3-731x1024.jpg\" alt=\"\" width=\"366\" height=\"512\"\/><\/figure>\n\n\n<p>W\u00e4hlen Sie das Feld &#8222;Lader&#8220;, um das e-Ladeger\u00e4t auszuw\u00e4hlen, das Sie freigeben m\u00f6chten.<\/p>\n\n\n\n\n\n\n<figure class=\"is-layout-flow wp-block-column-is-layout-flow is-layout-flex wp-container-core-columns-is-layout-9d6595d7 wp-block-columns-is-layout-flex\"><img decoding=\"async\" src=\"https:\/\/v2charge.com\/wp-content\/uploads\/2022\/10\/Compartir-cargador-DE-4-731x1024.jpg\" alt=\"\" width=\"366\" height=\"512\"\/><\/figure>\n\n\n\n\n\n\n<p>W\u00e4hlen Sie anschlie\u00dfend &#8222;Akzeptieren&#8220; und klicken Sie dann auf die Schaltfl\u00e4che &#8222;EINLADEN&#8220;.<\/p>\n\n\n<figure><img decoding=\"async\" src=\"https:\/\/v2charge.com\/wp-content\/uploads\/2022\/10\/Compartir-cargador-DE-5-731x1024.jpg\" alt=\"\" width=\"366\" height=\"512\"\/><\/figure>\n\n\n<p>W\u00e4hlen Sie das Medium, \u00fcber das Sie die Einladung versenden m\u00f6chten (WhatsApp, E-Mail\u2026).<\/p>\n\n\n<p>Der Gast erh\u00e4lt eine Nachricht mit einem Link, den er anklicken kann. Sie werden dann zu einem Fenster weitergeleitet, um sich bei V2C Cloud anzumelden oder sich alternativ f\u00fcr die App durch Registrierung zu registrieren.<\/p>\n\n\n<p>Wenn Sie mit dem Vorgang fertig sind, sollten Sie die App \u00f6ffnen, in der das freigegebene e-Charger angezeigt wird.<\/p>\n","protected":false},"excerpt":{"rendered":"<p>Wie kann ich ein Ladeger\u00e4t \u00fcber die V2C Cloud App freigeben? Wenn Sie ein Ladeger\u00e4t f\u00fcr ein Familienmitglied oder einen Dritten freigeben m\u00f6chten, m\u00fcssen Sie dies \u00fcber die App tun, nicht \u00fcber die V2C Cloud-Plattform. Melden Sie sich bei der App an. W\u00e4hlen Sie das Ladeger\u00e4t aus, das Sie freigeben m\u00f6chten. Klicken Sie auf den &#8230; <a title=\"Wie kann ich ein Ladeger\u00e4t \u00fcber die V2C Cloud App freigeben?\" class=\"read-more\" href=\"https:\/\/v2charge.com\/de\/wie-kann-ich-ein-ladegerat-uber-die-v2c-cloud-app-freigeben\/\" aria-label=\"Mehr Informationen \u00fcber Wie kann ich ein Ladeger\u00e4t \u00fcber die V2C Cloud App freigeben?\">Weiterlesen<\/a><\/p>\n","protected":false},"author":1,"featured_media":170350,"parent":0,"menu_order":0,"comment_status":"closed","ping_status":"closed","template":"","meta":{"_eb_attr":"","content-type":"","_uag_custom_page_level_css":"","footnotes":""},"class_list":["post-85478","page","type-page","status-publish","has-post-thumbnail"],"yoast_head":"<!-- This site is optimized with the Yoast SEO plugin v25.3.1 - https:\/\/yoast.com\/wordpress\/plugins\/seo\/ -->\n<title>Wie kann ich ein Ladeger\u00e4t \u00fcber die V2C Cloud App freigeben | V2C<\/title>\n<meta name=\"description\" content=\"Wenn Sie Ihr Ladeger\u00e4t mit einer anderen Person teilen m\u00f6chten, k\u00f6nnen Sie dies \u00fcber die V2C Cloud App tun. So geht&#039;s:\" \/>\n<meta name=\"robots\" content=\"index, follow, max-snippet:-1, max-image-preview:large, max-video-preview:-1\" \/>\n<link rel=\"canonical\" href=\"https:\/\/v2charge.com\/de\/wie-kann-ich-ein-ladegerat-uber-die-v2c-cloud-app-freigeben\/\" \/>\n<meta property=\"og:locale\" content=\"de_DE\" \/>\n<meta property=\"og:type\" content=\"article\" \/>\n<meta property=\"og:title\" content=\"Wie kann ich ein Ladeger\u00e4t \u00fcber die V2C Cloud App freigeben | V2C\" \/>\n<meta property=\"og:description\" content=\"Wenn Sie Ihr Ladeger\u00e4t mit einer anderen Person teilen m\u00f6chten, k\u00f6nnen Sie dies \u00fcber die V2C Cloud App tun. So geht&#039;s:\" \/>\n<meta property=\"og:url\" content=\"https:\/\/v2charge.com\/de\/wie-kann-ich-ein-ladegerat-uber-die-v2c-cloud-app-freigeben\/\" \/>\n<meta property=\"og:site_name\" content=\"V2C\" \/>\n<meta property=\"article:publisher\" content=\"https:\/\/www.facebook.com\/V2C.Charge\" \/>\n<meta property=\"article:modified_time\" content=\"2023-05-04T06:23:53+00:00\" \/>\n<meta property=\"og:image\" content=\"https:\/\/v2charge.com\/wp-content\/uploads\/2022\/10\/Compartir-cargador-DE-1-731x1024.jpg\" \/>\n<meta name=\"twitter:card\" content=\"summary_large_image\" \/>\n<meta name=\"twitter:site\" content=\"@V2C_Charge\" \/>\n<meta name=\"twitter:label1\" content=\"Gesch\u00e4tzte Lesezeit\" \/>\n\t<meta name=\"twitter:data1\" content=\"2\u00a0Minuten\" \/>\n<script type=\"application\/ld+json\" class=\"yoast-schema-graph\">{\"@context\":\"https:\/\/schema.org\",\"@graph\":[{\"@type\":\"WebPage\",\"@id\":\"https:\/\/v2charge.com\/de\/wie-kann-ich-ein-ladegerat-uber-die-v2c-cloud-app-freigeben\/\",\"url\":\"https:\/\/v2charge.com\/de\/wie-kann-ich-ein-ladegerat-uber-die-v2c-cloud-app-freigeben\/\",\"name\":\"Wie kann ich ein Ladeger\u00e4t \u00fcber die V2C Cloud App freigeben | V2C\",\"isPartOf\":{\"@id\":\"https:\/\/v2charge.com\/de\/#website\"},\"primaryImageOfPage\":{\"@id\":\"https:\/\/v2charge.com\/de\/wie-kann-ich-ein-ladegerat-uber-die-v2c-cloud-app-freigeben\/#primaryimage\"},\"image\":{\"@id\":\"https:\/\/v2charge.com\/de\/wie-kann-ich-ein-ladegerat-uber-die-v2c-cloud-app-freigeben\/#primaryimage\"},\"thumbnailUrl\":\"https:\/\/v2charge.com\/wp-content\/uploads\/2024\/07\/v2c-electric-chargers.jpg\",\"datePublished\":\"2022-10-11T10:37:31+00:00\",\"dateModified\":\"2023-05-04T06:23:53+00:00\",\"description\":\"Wenn Sie Ihr Ladeger\u00e4t mit einer anderen Person teilen m\u00f6chten, k\u00f6nnen Sie dies \u00fcber die V2C Cloud App tun. So geht's:\",\"breadcrumb\":{\"@id\":\"https:\/\/v2charge.com\/de\/wie-kann-ich-ein-ladegerat-uber-die-v2c-cloud-app-freigeben\/#breadcrumb\"},\"inLanguage\":\"de\",\"potentialAction\":[{\"@type\":\"ReadAction\",\"target\":[\"https:\/\/v2charge.com\/de\/wie-kann-ich-ein-ladegerat-uber-die-v2c-cloud-app-freigeben\/\"]}]},{\"@type\":\"ImageObject\",\"inLanguage\":\"de\",\"@id\":\"https:\/\/v2charge.com\/de\/wie-kann-ich-ein-ladegerat-uber-die-v2c-cloud-app-freigeben\/#primaryimage\",\"url\":\"https:\/\/v2charge.com\/wp-content\/uploads\/2024\/07\/v2c-electric-chargers.jpg\",\"contentUrl\":\"https:\/\/v2charge.com\/wp-content\/uploads\/2024\/07\/v2c-electric-chargers.jpg\",\"width\":1200,\"height\":675,\"caption\":\"V2C Electric Chargers\"},{\"@type\":\"BreadcrumbList\",\"@id\":\"https:\/\/v2charge.com\/de\/wie-kann-ich-ein-ladegerat-uber-die-v2c-cloud-app-freigeben\/#breadcrumb\",\"itemListElement\":[{\"@type\":\"ListItem\",\"position\":1,\"name\":\"V2C\",\"item\":\"https:\/\/v2charge.com\/de\/\"},{\"@type\":\"ListItem\",\"position\":2,\"name\":\"Wie kann ich ein Ladeger\u00e4t \u00fcber die V2C Cloud App freigeben?\"}]},{\"@type\":\"WebSite\",\"@id\":\"https:\/\/v2charge.com\/de\/#website\",\"url\":\"https:\/\/v2charge.com\/de\/\",\"name\":\"V2C\",\"description\":\"#CargandoElMa\u00f1ana\",\"publisher\":{\"@id\":\"https:\/\/v2charge.com\/de\/#organization\"},\"potentialAction\":[{\"@type\":\"SearchAction\",\"target\":{\"@type\":\"EntryPoint\",\"urlTemplate\":\"https:\/\/v2charge.com\/de\/?s={search_term_string}\"},\"query-input\":{\"@type\":\"PropertyValueSpecification\",\"valueRequired\":true,\"valueName\":\"search_term_string\"}}],\"inLanguage\":\"de\"},{\"@type\":\"Organization\",\"@id\":\"https:\/\/v2charge.com\/de\/#organization\",\"name\":\"V2C\",\"url\":\"https:\/\/v2charge.com\/de\/\",\"logo\":{\"@type\":\"ImageObject\",\"inLanguage\":\"de\",\"@id\":\"https:\/\/v2charge.com\/de\/#\/schema\/logo\/image\/\",\"url\":\"https:\/\/v2charge.com\/wp-content\/uploads\/2024\/11\/cropped-v2c-charge-logo-menu.png\",\"contentUrl\":\"https:\/\/v2charge.com\/wp-content\/uploads\/2024\/11\/cropped-v2c-charge-logo-menu.png\",\"width\":984,\"height\":431,\"caption\":\"V2C\"},\"image\":{\"@id\":\"https:\/\/v2charge.com\/de\/#\/schema\/logo\/image\/\"},\"sameAs\":[\"https:\/\/www.facebook.com\/V2C.Charge\",\"https:\/\/x.com\/V2C_Charge\",\"https:\/\/www.instagram.com\/v2c.charge\/\",\"https:\/\/www.youtube.com\/@V2C\",\"https:\/\/www.linkedin.com\/company\/v2c-chargers\/\"]}]}<\/script>\n<!-- \/ Yoast SEO plugin. -->","yoast_head_json":{"title":"Wie kann ich ein Ladeger\u00e4t \u00fcber die V2C Cloud App freigeben | V2C","description":"Wenn Sie Ihr Ladeger\u00e4t mit einer anderen Person teilen m\u00f6chten, k\u00f6nnen Sie dies \u00fcber die V2C Cloud App tun. So geht's:","robots":{"index":"index","follow":"follow","max-snippet":"max-snippet:-1","max-image-preview":"max-image-preview:large","max-video-preview":"max-video-preview:-1"},"canonical":"https:\/\/v2charge.com\/de\/wie-kann-ich-ein-ladegerat-uber-die-v2c-cloud-app-freigeben\/","og_locale":"de_DE","og_type":"article","og_title":"Wie kann ich ein Ladeger\u00e4t \u00fcber die V2C Cloud App freigeben | V2C","og_description":"Wenn Sie Ihr Ladeger\u00e4t mit einer anderen Person teilen m\u00f6chten, k\u00f6nnen Sie dies \u00fcber die V2C Cloud App tun. So geht's:","og_url":"https:\/\/v2charge.com\/de\/wie-kann-ich-ein-ladegerat-uber-die-v2c-cloud-app-freigeben\/","og_site_name":"V2C","article_publisher":"https:\/\/www.facebook.com\/V2C.Charge","article_modified_time":"2023-05-04T06:23:53+00:00","og_image":[{"url":"https:\/\/v2charge.com\/wp-content\/uploads\/2022\/10\/Compartir-cargador-DE-1-731x1024.jpg","type":"","width":"","height":""}],"twitter_card":"summary_large_image","twitter_site":"@V2C_Charge","twitter_misc":{"Gesch\u00e4tzte Lesezeit":"2\u00a0Minuten"},"schema":{"@context":"https:\/\/schema.org","@graph":[{"@type":"WebPage","@id":"https:\/\/v2charge.com\/de\/wie-kann-ich-ein-ladegerat-uber-die-v2c-cloud-app-freigeben\/","url":"https:\/\/v2charge.com\/de\/wie-kann-ich-ein-ladegerat-uber-die-v2c-cloud-app-freigeben\/","name":"Wie kann ich ein Ladeger\u00e4t \u00fcber die V2C Cloud App freigeben | V2C","isPartOf":{"@id":"https:\/\/v2charge.com\/de\/#website"},"primaryImageOfPage":{"@id":"https:\/\/v2charge.com\/de\/wie-kann-ich-ein-ladegerat-uber-die-v2c-cloud-app-freigeben\/#primaryimage"},"image":{"@id":"https:\/\/v2charge.com\/de\/wie-kann-ich-ein-ladegerat-uber-die-v2c-cloud-app-freigeben\/#primaryimage"},"thumbnailUrl":"https:\/\/v2charge.com\/wp-content\/uploads\/2024\/07\/v2c-electric-chargers.jpg","datePublished":"2022-10-11T10:37:31+00:00","dateModified":"2023-05-04T06:23:53+00:00","description":"Wenn Sie Ihr Ladeger\u00e4t mit einer anderen Person teilen m\u00f6chten, k\u00f6nnen Sie dies \u00fcber die V2C Cloud App tun. So geht's:","breadcrumb":{"@id":"https:\/\/v2charge.com\/de\/wie-kann-ich-ein-ladegerat-uber-die-v2c-cloud-app-freigeben\/#breadcrumb"},"inLanguage":"de","potentialAction":[{"@type":"ReadAction","target":["https:\/\/v2charge.com\/de\/wie-kann-ich-ein-ladegerat-uber-die-v2c-cloud-app-freigeben\/"]}]},{"@type":"ImageObject","inLanguage":"de","@id":"https:\/\/v2charge.com\/de\/wie-kann-ich-ein-ladegerat-uber-die-v2c-cloud-app-freigeben\/#primaryimage","url":"https:\/\/v2charge.com\/wp-content\/uploads\/2024\/07\/v2c-electric-chargers.jpg","contentUrl":"https:\/\/v2charge.com\/wp-content\/uploads\/2024\/07\/v2c-electric-chargers.jpg","width":1200,"height":675,"caption":"V2C Electric Chargers"},{"@type":"BreadcrumbList","@id":"https:\/\/v2charge.com\/de\/wie-kann-ich-ein-ladegerat-uber-die-v2c-cloud-app-freigeben\/#breadcrumb","itemListElement":[{"@type":"ListItem","position":1,"name":"V2C","item":"https:\/\/v2charge.com\/de\/"},{"@type":"ListItem","position":2,"name":"Wie kann ich ein Ladeger\u00e4t \u00fcber die V2C Cloud App freigeben?"}]},{"@type":"WebSite","@id":"https:\/\/v2charge.com\/de\/#website","url":"https:\/\/v2charge.com\/de\/","name":"V2C","description":"#CargandoElMa\u00f1ana","publisher":{"@id":"https:\/\/v2charge.com\/de\/#organization"},"potentialAction":[{"@type":"SearchAction","target":{"@type":"EntryPoint","urlTemplate":"https:\/\/v2charge.com\/de\/?s={search_term_string}"},"query-input":{"@type":"PropertyValueSpecification","valueRequired":true,"valueName":"search_term_string"}}],"inLanguage":"de"},{"@type":"Organization","@id":"https:\/\/v2charge.com\/de\/#organization","name":"V2C","url":"https:\/\/v2charge.com\/de\/","logo":{"@type":"ImageObject","inLanguage":"de","@id":"https:\/\/v2charge.com\/de\/#\/schema\/logo\/image\/","url":"https:\/\/v2charge.com\/wp-content\/uploads\/2024\/11\/cropped-v2c-charge-logo-menu.png","contentUrl":"https:\/\/v2charge.com\/wp-content\/uploads\/2024\/11\/cropped-v2c-charge-logo-menu.png","width":984,"height":431,"caption":"V2C"},"image":{"@id":"https:\/\/v2charge.com\/de\/#\/schema\/logo\/image\/"},"sameAs":["https:\/\/www.facebook.com\/V2C.Charge","https:\/\/x.com\/V2C_Charge","https:\/\/www.instagram.com\/v2c.charge\/","https:\/\/www.youtube.com\/@V2C","https:\/\/www.linkedin.com\/company\/v2c-chargers\/"]}]}},"uagb_featured_image_src":{"full":["https:\/\/v2charge.com\/wp-content\/uploads\/2024\/07\/v2c-electric-chargers.jpg",1200,675,false],"thumbnail":["https:\/\/v2charge.com\/wp-content\/uploads\/2024\/07\/v2c-electric-chargers-150x150.jpg",150,150,true],"medium":["https:\/\/v2charge.com\/wp-content\/uploads\/2024\/07\/v2c-electric-chargers-300x169.jpg",300,169,true],"medium_large":["https:\/\/v2charge.com\/wp-content\/uploads\/2024\/07\/v2c-electric-chargers-768x432.jpg",768,432,true],"large":["https:\/\/v2charge.com\/wp-content\/uploads\/2024\/07\/v2c-electric-chargers-1024x576.jpg",1024,576,true],"gs-tiny":["https:\/\/v2charge.com\/wp-content\/uploads\/2024\/07\/v2c-electric-chargers.jpg",50,28,false],"xl":["https:\/\/v2charge.com\/wp-content\/uploads\/2024\/07\/v2c-electric-chargers.jpg",1200,675,false],"xxl":["https:\/\/v2charge.com\/wp-content\/uploads\/2024\/07\/v2c-electric-chargers.jpg",1200,675,false],"xxxl":["https:\/\/v2charge.com\/wp-content\/uploads\/2024\/07\/v2c-electric-chargers.jpg",1200,675,false],"xxxxl":["https:\/\/v2charge.com\/wp-content\/uploads\/2024\/07\/v2c-electric-chargers.jpg",1200,675,false],"xxxxxl":["https:\/\/v2charge.com\/wp-content\/uploads\/2024\/07\/v2c-electric-chargers.jpg",1200,675,false],"1536x1536":["https:\/\/v2charge.com\/wp-content\/uploads\/2024\/07\/v2c-electric-chargers.jpg",1200,675,false],"2048x2048":["https:\/\/v2charge.com\/wp-content\/uploads\/2024\/07\/v2c-electric-chargers.jpg",1200,675,false]},"uagb_author_info":{"display_name":"V2C","author_link":"https:\/\/v2charge.com\/de\/author\/root_k4eu7ki8\/"},"uagb_comment_info":0,"uagb_excerpt":"Wie kann ich ein Ladeger\u00e4t \u00fcber die V2C Cloud App freigeben? Wenn Sie ein Ladeger\u00e4t f\u00fcr ein Familienmitglied oder einen Dritten freigeben m\u00f6chten, m\u00fcssen Sie dies \u00fcber die App tun, nicht \u00fcber die V2C Cloud-Plattform. Melden Sie sich bei der App an. W\u00e4hlen Sie das Ladeger\u00e4t aus, das Sie freigeben m\u00f6chten. Klicken Sie auf den&hellip;","_links":{"self":[{"href":"https:\/\/v2charge.com\/de\/wp-json\/wp\/v2\/pages\/85478","targetHints":{"allow":["GET"]}}],"collection":[{"href":"https:\/\/v2charge.com\/de\/wp-json\/wp\/v2\/pages"}],"about":[{"href":"https:\/\/v2charge.com\/de\/wp-json\/wp\/v2\/types\/page"}],"author":[{"embeddable":true,"href":"https:\/\/v2charge.com\/de\/wp-json\/wp\/v2\/users\/1"}],"replies":[{"embeddable":true,"href":"https:\/\/v2charge.com\/de\/wp-json\/wp\/v2\/comments?post=85478"}],"version-history":[{"count":0,"href":"https:\/\/v2charge.com\/de\/wp-json\/wp\/v2\/pages\/85478\/revisions"}],"wp:featuredmedia":[{"embeddable":true,"href":"https:\/\/v2charge.com\/de\/wp-json\/wp\/v2\/media\/170350"}],"wp:attachment":[{"href":"https:\/\/v2charge.com\/de\/wp-json\/wp\/v2\/media?parent=85478"}],"curies":[{"name":"wp","href":"https:\/\/api.w.org\/{rel}","templated":true}]}}