{"id":87751,"date":"2022-09-11T18:46:25","date_gmt":"2022-09-11T18:46:25","guid":{"rendered":"https:\/\/v2charge.com\/conectar-trydan-con-medidor-de-energia-wibeee\/"},"modified":"2026-02-18T13:35:09","modified_gmt":"2026-02-18T11:35:09","slug":"wibeee-energiezahler","status":"publish","type":"page","link":"https:\/\/v2charge.com\/de\/support\/leistungssteuerung\/dynamisches-lastmanagement\/wibeee-energiezahler\/","title":{"rendered":"Trydan mit dem Wibeee-Energiez\u00e4hler verbinden"},"content":{"rendered":"\n<div class=\"wp-block-uagb-container uagb-block-ab7cfef6 alignfull uagb-is-root-container\"><div class=\"uagb-container-inner-blocks-wrap\"><div class=\"yoast-breadcrumbs\"><span><span><a href=\"https:\/\/v2charge.com\/de\/\">V2C<\/a><\/span> \u00bb <span><a href=\"https:\/\/v2charge.com\/de\/support\/\">Support<\/a><\/span> \u00bb <span><a href=\"https:\/\/v2charge.com\/de\/support\/leistungssteuerung\/\">Leistungssteuerung<\/a><\/span> \u00bb <span><a href=\"https:\/\/v2charge.com\/de\/support\/leistungssteuerung\/dynamisches-lastmanagement\/\">Dynamisches Lastmanagement<\/a><\/span> \u00bb <span class=\"breadcrumb_last\" aria-current=\"page\">Trydan mit dem Wibeee-Energiez\u00e4hler verbinden<\/span><\/span><\/div>\n\n\n<div class=\"wp-block-uagb-advanced-heading uagb-block-b32c4bfc\"><h1 class=\"uagb-heading-text\">Trydan mit dem Wibeee-Energiez\u00e4hler verbinden<\/h1><\/div>\n<\/div><\/div>\n\n\n\n<div class=\"wp-block-uagb-container uagb-block-d1d57cfd alignfull uagb-is-root-container\"><div class=\"uagb-container-inner-blocks-wrap\">\n<div class=\"wp-block-uagb-container uagb-block-1d926316 alignfull uagb-is-root-container\"><div class=\"uagb-container-inner-blocks-wrap\">\n<div class=\"wp-block-uagb-container uagb-block-3769988c\">\n<div class=\"wp-block-uagb-image aligncenter uagb-block-dd804c57 wp-block-uagb-image--layout-default wp-block-uagb-image--effect-static wp-block-uagb-image--align-center\"><figure class=\"wp-block-uagb-image__figure\"><img decoding=\"async\" srcset=\"https:\/\/v2charge.com\/wp-content\/uploads\/2023\/12\/wibee-logo.png ,https:\/\/v2charge.com\/wp-content\/uploads\/2023\/12\/wibee-logo.png 780w, https:\/\/v2charge.com\/wp-content\/uploads\/2023\/12\/wibee-logo.png 360w\" sizes=\"auto, (max-width: 480px) 150px\" src=\"https:\/\/v2charge.com\/wp-content\/uploads\/2023\/12\/wibee-logo.png\" alt=\"\" class=\"uag-image-130122\" width=\"400\" height=\"124\" title=\"\" loading=\"lazy\" role=\"img\"\/><\/figure><\/div>\n<\/div>\n\n\n\n<div class=\"wp-block-uagb-container uagb-block-a2bfc09c\">\n<div class=\"wp-block-uagb-advanced-heading uagb-block-892dcedd\"><p class=\"uagb-heading-text\"><strong>Trydan <\/strong>ist mit dem Wibeee-Energiemesser von <strong>Smilics Technologies<\/strong> kompatibel, sowohl in der photovoltaischen als auch in der einphasigen Version.<br><br>Die kompatiblen Ger\u00e4te sind der <strong>Wibeee Box<\/strong>, ein \u00e4u\u00dferst vielseitiger Z\u00e4hler, der haupts\u00e4chlich f\u00fcr Photovoltaikanlagen verwendet wird, und der <strong>Wibeee Home<\/strong>. F\u00fcr den Anschluss an ein Photovoltaiksystem sollte Klemme 1 mit dem Gesamtverbrauch und Klemme 2 mit dem Photovoltaik-Wechselrichter verbunden werden.<\/p><\/div>\n<\/div>\n<\/div><\/div>\n\n\n\n<div class=\"wp-block-uagb-container uagb-block-333fb119 alignfull uagb-is-root-container\"><div class=\"uagb-container-inner-blocks-wrap\">\n<div class=\"wp-block-uagb-container uagb-block-2ff110d0 default uagb-is-root-container\">\n<div class=\"wp-block-uagb-container uagb-block-cd442c87\">\n<div class=\"wp-block-uagb-image aligncenter uagb-block-4bb46c59 wp-block-uagb-image--layout-default wp-block-uagb-image--effect-static wp-block-uagb-image--align-center\"><figure class=\"wp-block-uagb-image__figure\"><img decoding=\"async\" srcset=\"https:\/\/v2charge.com\/wp-content\/uploads\/2023\/11\/icon-important.png ,https:\/\/v2charge.com\/wp-content\/uploads\/2023\/11\/icon-important.png 780w, https:\/\/v2charge.com\/wp-content\/uploads\/2023\/11\/icon-important.png 360w\" sizes=\"auto, (max-width: 480px) 150px\" src=\"https:\/\/v2charge.com\/wp-content\/uploads\/2023\/11\/icon-important.png\" alt=\"\" class=\"uag-image-125013\" width=\"50\" height=\"50\" title=\"\" loading=\"lazy\" role=\"img\"\/><\/figure><\/div>\n<\/div>\n\n\n\n<div class=\"wp-block-uagb-container uagb-block-38de7166\">\n<div class=\"wp-block-uagb-advanced-heading uagb-block-37ab01f0\"><p class=\"uagb-heading-text\">Die Verwendung von <strong>Wi-Fi-Repeatern<\/strong> oder <strong>Mesh-Netzwerken<\/strong> kann die ordnungsgem\u00e4\u00dfe Funktion des Systems beeintr\u00e4chtigen. Wir empfehlen die Nutzung eines <strong>stabilen<\/strong> und <strong>direkten Wi-Fi-Netzwerks<\/strong>, um eine optimale verbindung zwischen dem ladeger\u00e4t und dem messger\u00e4te zu gew\u00e4hrleisten.<\/p><\/div>\n<\/div>\n<\/div>\n\n\n\n<div style=\"height:5px\" aria-hidden=\"true\" class=\"wp-block-spacer\"><\/div>\n<\/div><\/div>\n\n\n\n<div class=\"wp-block-uagb-separator uagb-block-824a65ea\"><div class=\"wp-block-uagb-separator__inner\" style=\"--my-background-image:\"><\/div><\/div>\n\n\n\n<div class=\"wp-block-uagb-advanced-heading uagb-block-bead9183\"><h2 class=\"uagb-heading-text\">Schritte zum Verbinden des Wibeee-Messger\u00e4ts mit dem Wi-fi<\/h2><\/div>\n\n\n\n<div class=\"wp-block-uagb-container uagb-block-18eeea3d alignfull uagb-is-root-container\"><div class=\"uagb-container-inner-blocks-wrap\">\n<div class=\"wp-block-uagb-info-box uagb-block-bb6a2ad9 uagb-infobox__content-wrap  uagb-infobox-icon-left uagb-infobox-left uagb-infobox-stacked-tablet uagb-infobox-image-valign-top\"><div class=\"uagb-ifb-image-content\"><img decoding=\"async\" src=\"https:\/\/v2charge.com\/wp-content\/uploads\/2023\/11\/numero-uno.png\" alt=\"\" width=\"38\" height=\"38\" loading=\"lazy\"\/><\/div><div class=\"uagb-ifb-content\"><div class=\"uagb-ifb-title-wrap\"><\/div><p class=\"uagb-ifb-desc\">In der <strong>Wibeee Next<\/strong> App, entweder auf dem Computer oder mobil, finden Sie die <strong>IP-Adresse<\/strong> des Wibeee.<\/p><\/div><\/div>\n\n\n\n<div class=\"wp-block-uagb-image aligncenter uagb-block-0ede07ef wp-block-uagb-image--layout-default wp-block-uagb-image--effect-static wp-block-uagb-image--align-center\"><figure class=\"wp-block-uagb-image__figure\"><img decoding=\"async\" srcset=\"https:\/\/v2charge.com\/wp-content\/uploads\/2024\/01\/conexion-wifi-wibee-trydan.jpg ,https:\/\/v2charge.com\/wp-content\/uploads\/2024\/01\/conexion-wifi-wibee-trydan.jpg 780w, https:\/\/v2charge.com\/wp-content\/uploads\/2024\/01\/conexion-wifi-wibee-trydan.jpg 360w\" sizes=\"auto, (max-width: 480px) 150px\" src=\"https:\/\/v2charge.com\/wp-content\/uploads\/2024\/01\/conexion-wifi-wibee-trydan.jpg\" alt=\"\" class=\"uag-image-131292\" width=\"750\" height=\"257\" title=\"\" loading=\"lazy\" role=\"img\"\/><\/figure><\/div>\n<\/div><\/div>\n\n\n\n<div class=\"wp-block-uagb-separator uagb-block-1f4e5f80\"><div class=\"wp-block-uagb-separator__inner\" style=\"--my-background-image:\"><\/div><\/div>\n\n\n\n<div class=\"wp-block-uagb-container uagb-block-bf18b7b8 alignfull uagb-is-root-container\"><div class=\"uagb-container-inner-blocks-wrap\">\n<div class=\"wp-block-uagb-container uagb-block-63fc9fe5\">\n<div class=\"wp-block-uagb-advanced-heading uagb-block-17704ad3\"><h2 class=\"uagb-heading-text\">Konfiguration des Wibeee-Messger\u00e4ts in der V2C Cloud App<\/h2><\/div>\n\n\n\n<p>\u00d6ffnen Sie die V2C Cloud App, w\u00e4hlen Sie den Ladepunkt aus und gehen Sie dann zum Einstellungsbereich.<br><br>Greifen Sie auf den Bereich zur dynamischen Leistungssteuerung zu, w\u00e4hlen Sie im Tab \u201eGer\u00e4tetyp\u201c \u201eZ\u00e4hler\u201c und w\u00e4hlen Sie unter \u201eZ\u00e4hlertyp\u201c Wibeee aus.<br><br>W\u00e4hlen Sie au\u00dferdem die passende Installationsart aus.<br><br><strong>Speichern Sie die Konfiguration, um die korrekte Funktion der dynamischen Leistungssteuerung sicherzustellen. Passen Sie sie anschlie\u00dfend an, um Ihr Ladeerlebnis an Ihre Bed\u00fcrfnisse anzupassen.<\/strong><\/p>\n<\/div>\n\n\n\n<div class=\"wp-block-uagb-container uagb-block-071ab2ad\">\n<div class=\"wp-block-uagb-image uagb-block-861583ee wp-block-uagb-image--layout-default wp-block-uagb-image--effect-static wp-block-uagb-image--align-none\"><figure class=\"wp-block-uagb-image__figure\"><img decoding=\"async\" srcset=\"https:\/\/v2charge.com\/wp-content\/uploads\/2024\/05\/geratetyp-messgerat-wibeee.jpg ,https:\/\/v2charge.com\/wp-content\/uploads\/2024\/05\/geratetyp-messgerat-wibeee.jpg 780w, https:\/\/v2charge.com\/wp-content\/uploads\/2024\/05\/geratetyp-messgerat-wibeee.jpg 360w\" sizes=\"auto, (max-width: 480px) 150px\" src=\"https:\/\/v2charge.com\/wp-content\/uploads\/2024\/05\/geratetyp-messgerat-wibeee.jpg\" alt=\"\" class=\"uag-image-157247\" width=\"731\" height=\"1024\" title=\"geratetyp-messgerat-wibeee\" loading=\"lazy\" role=\"img\"\/><\/figure><\/div>\n<\/div>\n<\/div><\/div>\n\n\n\n<div style=\"height:40px\" aria-hidden=\"true\" class=\"wp-block-spacer\"><\/div>\n<\/div><\/div>\n\n\n\n<div class=\"wp-block-uagb-container uagb-block-90b2a72a alignfull uagb-is-root-container\"><div class=\"uagb-container-inner-blocks-wrap\">\n<div class=\"wp-block-uagb-advanced-heading uagb-block-d1532691\"><h2 class=\"uagb-heading-text\"><strong><strong>Support kontaktieren<\/strong><\/strong><\/h2><\/div>\n\n\n\n<div class=\"wp-block-uagb-advanced-heading uagb-block-cf54a6d3\"><p class=\"uagb-heading-text\">Erstellen Sie eine Anfrage im Technical Support Centre und wir werden Sie so schnell wie m\u00f6glich kontaktieren, um Ihnen die beste L\u00f6sung anzubieten.<\/p><\/div>\n\n\n\n<div class=\"wp-block-uagb-buttons uagb-buttons__outer-wrap uagb-btn__default-btn uagb-btn-tablet__default-btn uagb-btn-mobile__default-btn uagb-block-1192f8a7\"><div class=\"uagb-buttons__wrap uagb-buttons-layout-wrap \">\n<div class=\"wp-block-uagb-buttons-child uagb-buttons__outer-wrap uagb-block-752a0de6 wp-block-button\"><div class=\"uagb-button__wrapper\"><a class=\"uagb-buttons-repeater wp-block-button__link\" aria-label=\"\" href=\"https:\/\/v2charge.atlassian.net\/servicedesk\/customer\/portal\/3\" rel=\"follow noopener\" target=\"_self\" role=\"button\"><div class=\"uagb-button__link\">Zum technischen Support<\/div><\/a><\/div><\/div>\n<\/div><\/div>\n<\/div><\/div>\n","protected":false},"excerpt":{"rendered":"<p>Trydan mit dem Wibeee-Energiez\u00e4hler verbinden Trydan ist mit dem Wibeee-Energiemesser von Smilics Technologies kompatibel, sowohl in der photovoltaischen als auch in der einphasigen Version. Die kompatiblen Ger\u00e4te sind der Wibeee Box, ein \u00e4u\u00dferst vielseitiger Z\u00e4hler, der haupts\u00e4chlich f\u00fcr Photovoltaikanlagen verwendet wird, und der Wibeee Home. F\u00fcr den Anschluss an ein Photovoltaiksystem sollte Klemme 1 mit &#8230; <a title=\"Trydan mit dem Wibeee-Energiez\u00e4hler verbinden\" class=\"read-more\" href=\"https:\/\/v2charge.com\/de\/support\/leistungssteuerung\/dynamisches-lastmanagement\/wibeee-energiezahler\/\" aria-label=\"Mehr Informationen \u00fcber Trydan mit dem Wibeee-Energiez\u00e4hler verbinden\">Weiterlesen<\/a><\/p>\n","protected":false},"author":1,"featured_media":170350,"parent":190542,"menu_order":0,"comment_status":"closed","ping_status":"closed","template":"","meta":{"_eb_attr":"","content-type":"","_uag_custom_page_level_css":"","footnotes":""},"class_list":["post-87751","page","type-page","status-publish","has-post-thumbnail"],"yoast_head":"<!-- This site is optimized with the Yoast SEO plugin v25.3.1 - https:\/\/yoast.com\/wordpress\/plugins\/seo\/ -->\n<title>Verbindung zwischen Trydan-Ladeger\u00e4t und Wibeee Energy Meter<\/title>\n<meta name=\"description\" content=\"Erfahren Sie, wie Sie Ihren Trydan mit dem Wibeee Energy Meter verbinden k\u00f6nnen. Fangen Sie noch heute an, Ihren elektrischen Ladeprozess zu optimieren!\" \/>\n<meta name=\"robots\" content=\"index, follow, max-snippet:-1, max-image-preview:large, max-video-preview:-1\" \/>\n<link rel=\"canonical\" href=\"https:\/\/v2charge.com\/de\/support\/leistungssteuerung\/dynamisches-lastmanagement\/wibeee-energiezahler\/\" \/>\n<meta property=\"og:locale\" content=\"de_DE\" \/>\n<meta property=\"og:type\" content=\"article\" \/>\n<meta property=\"og:title\" content=\"Verbindung zwischen Trydan-Ladeger\u00e4t und Wibeee Energy Meter\" \/>\n<meta property=\"og:description\" content=\"Erfahren Sie, wie Sie Ihren Trydan mit dem Wibeee Energy Meter verbinden k\u00f6nnen. Fangen Sie noch heute an, Ihren elektrischen Ladeprozess zu optimieren!\" \/>\n<meta property=\"og:url\" content=\"https:\/\/v2charge.com\/de\/support\/leistungssteuerung\/dynamisches-lastmanagement\/wibeee-energiezahler\/\" \/>\n<meta property=\"og:site_name\" content=\"V2C\" \/>\n<meta property=\"article:publisher\" content=\"https:\/\/www.facebook.com\/V2C.Charge\" \/>\n<meta property=\"article:modified_time\" content=\"2026-02-18T11:35:09+00:00\" \/>\n<meta property=\"og:image\" content=\"https:\/\/v2charge.com\/wp-content\/uploads\/2024\/07\/v2c-electric-chargers.jpg\" \/>\n\t<meta property=\"og:image:width\" content=\"1200\" \/>\n\t<meta property=\"og:image:height\" content=\"675\" \/>\n\t<meta property=\"og:image:type\" content=\"image\/jpeg\" \/>\n<meta name=\"twitter:card\" content=\"summary_large_image\" \/>\n<meta name=\"twitter:site\" content=\"@V2C_Charge\" \/>\n<meta name=\"twitter:label1\" content=\"Gesch\u00e4tzte Lesezeit\" \/>\n\t<meta name=\"twitter:data1\" content=\"3\u00a0Minuten\" \/>\n<script type=\"application\/ld+json\" class=\"yoast-schema-graph\">{\"@context\":\"https:\/\/schema.org\",\"@graph\":[{\"@type\":\"WebPage\",\"@id\":\"https:\/\/v2charge.com\/de\/support\/leistungssteuerung\/dynamisches-lastmanagement\/wibeee-energiezahler\/\",\"url\":\"https:\/\/v2charge.com\/de\/support\/leistungssteuerung\/dynamisches-lastmanagement\/wibeee-energiezahler\/\",\"name\":\"Verbindung zwischen Trydan-Ladeger\u00e4t und Wibeee Energy Meter\",\"isPartOf\":{\"@id\":\"https:\/\/v2charge.com\/de\/#website\"},\"primaryImageOfPage\":{\"@id\":\"https:\/\/v2charge.com\/de\/support\/leistungssteuerung\/dynamisches-lastmanagement\/wibeee-energiezahler\/#primaryimage\"},\"image\":{\"@id\":\"https:\/\/v2charge.com\/de\/support\/leistungssteuerung\/dynamisches-lastmanagement\/wibeee-energiezahler\/#primaryimage\"},\"thumbnailUrl\":\"https:\/\/v2charge.com\/wp-content\/uploads\/2024\/07\/v2c-electric-chargers.jpg\",\"datePublished\":\"2022-09-11T18:46:25+00:00\",\"dateModified\":\"2026-02-18T11:35:09+00:00\",\"description\":\"Erfahren Sie, wie Sie Ihren Trydan mit dem Wibeee Energy Meter verbinden k\u00f6nnen. Fangen Sie noch heute an, Ihren elektrischen Ladeprozess zu optimieren!\",\"breadcrumb\":{\"@id\":\"https:\/\/v2charge.com\/de\/support\/leistungssteuerung\/dynamisches-lastmanagement\/wibeee-energiezahler\/#breadcrumb\"},\"inLanguage\":\"de\",\"potentialAction\":[{\"@type\":\"ReadAction\",\"target\":[\"https:\/\/v2charge.com\/de\/support\/leistungssteuerung\/dynamisches-lastmanagement\/wibeee-energiezahler\/\"]}]},{\"@type\":\"ImageObject\",\"inLanguage\":\"de\",\"@id\":\"https:\/\/v2charge.com\/de\/support\/leistungssteuerung\/dynamisches-lastmanagement\/wibeee-energiezahler\/#primaryimage\",\"url\":\"https:\/\/v2charge.com\/wp-content\/uploads\/2024\/07\/v2c-electric-chargers.jpg\",\"contentUrl\":\"https:\/\/v2charge.com\/wp-content\/uploads\/2024\/07\/v2c-electric-chargers.jpg\",\"width\":1200,\"height\":675,\"caption\":\"V2C Electric Chargers\"},{\"@type\":\"BreadcrumbList\",\"@id\":\"https:\/\/v2charge.com\/de\/support\/leistungssteuerung\/dynamisches-lastmanagement\/wibeee-energiezahler\/#breadcrumb\",\"itemListElement\":[{\"@type\":\"ListItem\",\"position\":1,\"name\":\"V2C\",\"item\":\"https:\/\/v2charge.com\/de\/\"},{\"@type\":\"ListItem\",\"position\":2,\"name\":\"Support\",\"item\":\"https:\/\/v2charge.com\/de\/support\/\"},{\"@type\":\"ListItem\",\"position\":3,\"name\":\"Leistungssteuerung\",\"item\":\"https:\/\/v2charge.com\/de\/support\/leistungssteuerung\/\"},{\"@type\":\"ListItem\",\"position\":4,\"name\":\"Dynamisches Lastmanagement\",\"item\":\"https:\/\/v2charge.com\/de\/support\/leistungssteuerung\/dynamisches-lastmanagement\/\"},{\"@type\":\"ListItem\",\"position\":5,\"name\":\"Trydan mit dem Wibeee-Energiez\u00e4hler verbinden\"}]},{\"@type\":\"WebSite\",\"@id\":\"https:\/\/v2charge.com\/de\/#website\",\"url\":\"https:\/\/v2charge.com\/de\/\",\"name\":\"V2C\",\"description\":\"#CargandoElMa\u00f1ana\",\"publisher\":{\"@id\":\"https:\/\/v2charge.com\/de\/#organization\"},\"potentialAction\":[{\"@type\":\"SearchAction\",\"target\":{\"@type\":\"EntryPoint\",\"urlTemplate\":\"https:\/\/v2charge.com\/de\/?s={search_term_string}\"},\"query-input\":{\"@type\":\"PropertyValueSpecification\",\"valueRequired\":true,\"valueName\":\"search_term_string\"}}],\"inLanguage\":\"de\"},{\"@type\":\"Organization\",\"@id\":\"https:\/\/v2charge.com\/de\/#organization\",\"name\":\"V2C\",\"url\":\"https:\/\/v2charge.com\/de\/\",\"logo\":{\"@type\":\"ImageObject\",\"inLanguage\":\"de\",\"@id\":\"https:\/\/v2charge.com\/de\/#\/schema\/logo\/image\/\",\"url\":\"https:\/\/v2charge.com\/wp-content\/uploads\/2024\/11\/cropped-v2c-charge-logo-menu.png\",\"contentUrl\":\"https:\/\/v2charge.com\/wp-content\/uploads\/2024\/11\/cropped-v2c-charge-logo-menu.png\",\"width\":984,\"height\":431,\"caption\":\"V2C\"},\"image\":{\"@id\":\"https:\/\/v2charge.com\/de\/#\/schema\/logo\/image\/\"},\"sameAs\":[\"https:\/\/www.facebook.com\/V2C.Charge\",\"https:\/\/x.com\/V2C_Charge\",\"https:\/\/www.instagram.com\/v2c.charge\/\",\"https:\/\/www.youtube.com\/@V2C\",\"https:\/\/www.linkedin.com\/company\/v2c-chargers\/\"]}]}<\/script>\n<!-- \/ Yoast SEO plugin. -->","yoast_head_json":{"title":"Verbindung zwischen Trydan-Ladeger\u00e4t und Wibeee Energy Meter","description":"Erfahren Sie, wie Sie Ihren Trydan mit dem Wibeee Energy Meter verbinden k\u00f6nnen. Fangen Sie noch heute an, Ihren elektrischen Ladeprozess zu optimieren!","robots":{"index":"index","follow":"follow","max-snippet":"max-snippet:-1","max-image-preview":"max-image-preview:large","max-video-preview":"max-video-preview:-1"},"canonical":"https:\/\/v2charge.com\/de\/support\/leistungssteuerung\/dynamisches-lastmanagement\/wibeee-energiezahler\/","og_locale":"de_DE","og_type":"article","og_title":"Verbindung zwischen Trydan-Ladeger\u00e4t und Wibeee Energy Meter","og_description":"Erfahren Sie, wie Sie Ihren Trydan mit dem Wibeee Energy Meter verbinden k\u00f6nnen. Fangen Sie noch heute an, Ihren elektrischen Ladeprozess zu optimieren!","og_url":"https:\/\/v2charge.com\/de\/support\/leistungssteuerung\/dynamisches-lastmanagement\/wibeee-energiezahler\/","og_site_name":"V2C","article_publisher":"https:\/\/www.facebook.com\/V2C.Charge","article_modified_time":"2026-02-18T11:35:09+00:00","og_image":[{"width":1200,"height":675,"url":"https:\/\/v2charge.com\/wp-content\/uploads\/2024\/07\/v2c-electric-chargers.jpg","type":"image\/jpeg"}],"twitter_card":"summary_large_image","twitter_site":"@V2C_Charge","twitter_misc":{"Gesch\u00e4tzte Lesezeit":"3\u00a0Minuten"},"schema":{"@context":"https:\/\/schema.org","@graph":[{"@type":"WebPage","@id":"https:\/\/v2charge.com\/de\/support\/leistungssteuerung\/dynamisches-lastmanagement\/wibeee-energiezahler\/","url":"https:\/\/v2charge.com\/de\/support\/leistungssteuerung\/dynamisches-lastmanagement\/wibeee-energiezahler\/","name":"Verbindung zwischen Trydan-Ladeger\u00e4t und Wibeee Energy Meter","isPartOf":{"@id":"https:\/\/v2charge.com\/de\/#website"},"primaryImageOfPage":{"@id":"https:\/\/v2charge.com\/de\/support\/leistungssteuerung\/dynamisches-lastmanagement\/wibeee-energiezahler\/#primaryimage"},"image":{"@id":"https:\/\/v2charge.com\/de\/support\/leistungssteuerung\/dynamisches-lastmanagement\/wibeee-energiezahler\/#primaryimage"},"thumbnailUrl":"https:\/\/v2charge.com\/wp-content\/uploads\/2024\/07\/v2c-electric-chargers.jpg","datePublished":"2022-09-11T18:46:25+00:00","dateModified":"2026-02-18T11:35:09+00:00","description":"Erfahren Sie, wie Sie Ihren Trydan mit dem Wibeee Energy Meter verbinden k\u00f6nnen. Fangen Sie noch heute an, Ihren elektrischen Ladeprozess zu optimieren!","breadcrumb":{"@id":"https:\/\/v2charge.com\/de\/support\/leistungssteuerung\/dynamisches-lastmanagement\/wibeee-energiezahler\/#breadcrumb"},"inLanguage":"de","potentialAction":[{"@type":"ReadAction","target":["https:\/\/v2charge.com\/de\/support\/leistungssteuerung\/dynamisches-lastmanagement\/wibeee-energiezahler\/"]}]},{"@type":"ImageObject","inLanguage":"de","@id":"https:\/\/v2charge.com\/de\/support\/leistungssteuerung\/dynamisches-lastmanagement\/wibeee-energiezahler\/#primaryimage","url":"https:\/\/v2charge.com\/wp-content\/uploads\/2024\/07\/v2c-electric-chargers.jpg","contentUrl":"https:\/\/v2charge.com\/wp-content\/uploads\/2024\/07\/v2c-electric-chargers.jpg","width":1200,"height":675,"caption":"V2C Electric Chargers"},{"@type":"BreadcrumbList","@id":"https:\/\/v2charge.com\/de\/support\/leistungssteuerung\/dynamisches-lastmanagement\/wibeee-energiezahler\/#breadcrumb","itemListElement":[{"@type":"ListItem","position":1,"name":"V2C","item":"https:\/\/v2charge.com\/de\/"},{"@type":"ListItem","position":2,"name":"Support","item":"https:\/\/v2charge.com\/de\/support\/"},{"@type":"ListItem","position":3,"name":"Leistungssteuerung","item":"https:\/\/v2charge.com\/de\/support\/leistungssteuerung\/"},{"@type":"ListItem","position":4,"name":"Dynamisches Lastmanagement","item":"https:\/\/v2charge.com\/de\/support\/leistungssteuerung\/dynamisches-lastmanagement\/"},{"@type":"ListItem","position":5,"name":"Trydan mit dem Wibeee-Energiez\u00e4hler verbinden"}]},{"@type":"WebSite","@id":"https:\/\/v2charge.com\/de\/#website","url":"https:\/\/v2charge.com\/de\/","name":"V2C","description":"#CargandoElMa\u00f1ana","publisher":{"@id":"https:\/\/v2charge.com\/de\/#organization"},"potentialAction":[{"@type":"SearchAction","target":{"@type":"EntryPoint","urlTemplate":"https:\/\/v2charge.com\/de\/?s={search_term_string}"},"query-input":{"@type":"PropertyValueSpecification","valueRequired":true,"valueName":"search_term_string"}}],"inLanguage":"de"},{"@type":"Organization","@id":"https:\/\/v2charge.com\/de\/#organization","name":"V2C","url":"https:\/\/v2charge.com\/de\/","logo":{"@type":"ImageObject","inLanguage":"de","@id":"https:\/\/v2charge.com\/de\/#\/schema\/logo\/image\/","url":"https:\/\/v2charge.com\/wp-content\/uploads\/2024\/11\/cropped-v2c-charge-logo-menu.png","contentUrl":"https:\/\/v2charge.com\/wp-content\/uploads\/2024\/11\/cropped-v2c-charge-logo-menu.png","width":984,"height":431,"caption":"V2C"},"image":{"@id":"https:\/\/v2charge.com\/de\/#\/schema\/logo\/image\/"},"sameAs":["https:\/\/www.facebook.com\/V2C.Charge","https:\/\/x.com\/V2C_Charge","https:\/\/www.instagram.com\/v2c.charge\/","https:\/\/www.youtube.com\/@V2C","https:\/\/www.linkedin.com\/company\/v2c-chargers\/"]}]}},"uagb_featured_image_src":{"full":["https:\/\/v2charge.com\/wp-content\/uploads\/2024\/07\/v2c-electric-chargers.jpg",1200,675,false],"thumbnail":["https:\/\/v2charge.com\/wp-content\/uploads\/2024\/07\/v2c-electric-chargers-150x150.jpg",150,150,true],"medium":["https:\/\/v2charge.com\/wp-content\/uploads\/2024\/07\/v2c-electric-chargers-300x169.jpg",300,169,true],"medium_large":["https:\/\/v2charge.com\/wp-content\/uploads\/2024\/07\/v2c-electric-chargers-768x432.jpg",768,432,true],"large":["https:\/\/v2charge.com\/wp-content\/uploads\/2024\/07\/v2c-electric-chargers-1024x576.jpg",1024,576,true],"gs-tiny":["https:\/\/v2charge.com\/wp-content\/uploads\/2024\/07\/v2c-electric-chargers.jpg",50,28,false],"xl":["https:\/\/v2charge.com\/wp-content\/uploads\/2024\/07\/v2c-electric-chargers.jpg",1200,675,false],"xxl":["https:\/\/v2charge.com\/wp-content\/uploads\/2024\/07\/v2c-electric-chargers.jpg",1200,675,false],"xxxl":["https:\/\/v2charge.com\/wp-content\/uploads\/2024\/07\/v2c-electric-chargers.jpg",1200,675,false],"xxxxl":["https:\/\/v2charge.com\/wp-content\/uploads\/2024\/07\/v2c-electric-chargers.jpg",1200,675,false],"xxxxxl":["https:\/\/v2charge.com\/wp-content\/uploads\/2024\/07\/v2c-electric-chargers.jpg",1200,675,false],"1536x1536":["https:\/\/v2charge.com\/wp-content\/uploads\/2024\/07\/v2c-electric-chargers.jpg",1200,675,false],"2048x2048":["https:\/\/v2charge.com\/wp-content\/uploads\/2024\/07\/v2c-electric-chargers.jpg",1200,675,false]},"uagb_author_info":{"display_name":"V2C","author_link":"https:\/\/v2charge.com\/de\/author\/root_k4eu7ki8\/"},"uagb_comment_info":0,"uagb_excerpt":"Trydan mit dem Wibeee-Energiez\u00e4hler verbinden Trydan ist mit dem Wibeee-Energiemesser von Smilics Technologies kompatibel, sowohl in der photovoltaischen als auch in der einphasigen Version. Die kompatiblen Ger\u00e4te sind der Wibeee Box, ein \u00e4u\u00dferst vielseitiger Z\u00e4hler, der haupts\u00e4chlich f\u00fcr Photovoltaikanlagen verwendet wird, und der Wibeee Home. F\u00fcr den Anschluss an ein Photovoltaiksystem sollte Klemme 1 mit&hellip;","_links":{"self":[{"href":"https:\/\/v2charge.com\/de\/wp-json\/wp\/v2\/pages\/87751","targetHints":{"allow":["GET"]}}],"collection":[{"href":"https:\/\/v2charge.com\/de\/wp-json\/wp\/v2\/pages"}],"about":[{"href":"https:\/\/v2charge.com\/de\/wp-json\/wp\/v2\/types\/page"}],"author":[{"embeddable":true,"href":"https:\/\/v2charge.com\/de\/wp-json\/wp\/v2\/users\/1"}],"replies":[{"embeddable":true,"href":"https:\/\/v2charge.com\/de\/wp-json\/wp\/v2\/comments?post=87751"}],"version-history":[{"count":3,"href":"https:\/\/v2charge.com\/de\/wp-json\/wp\/v2\/pages\/87751\/revisions"}],"predecessor-version":[{"id":301123,"href":"https:\/\/v2charge.com\/de\/wp-json\/wp\/v2\/pages\/87751\/revisions\/301123"}],"up":[{"embeddable":true,"href":"https:\/\/v2charge.com\/de\/wp-json\/wp\/v2\/pages\/190542"}],"wp:featuredmedia":[{"embeddable":true,"href":"https:\/\/v2charge.com\/de\/wp-json\/wp\/v2\/media\/170350"}],"wp:attachment":[{"href":"https:\/\/v2charge.com\/de\/wp-json\/wp\/v2\/media?parent=87751"}],"curies":[{"name":"wp","href":"https:\/\/api.w.org\/{rel}","templated":true}]}}