{"id":92832,"date":"2023-02-01T11:47:32","date_gmt":"2023-02-01T11:47:32","guid":{"rendered":"https:\/\/v2charge.com\/conexion-de-kostal-ksem-con-trydan\/"},"modified":"2025-07-21T09:25:53","modified_gmt":"2025-07-21T07:25:53","slug":"zahler-kostal-ksem","status":"publish","type":"page","link":"https:\/\/v2charge.com\/de\/support\/leistungssteuerung\/dynamisches-lastmanagement\/zahler-kostal-ksem\/","title":{"rendered":"Kostal KSEM Verbindung mit Trydan"},"content":{"rendered":"\n<div class=\"wp-block-uagb-container uagb-block-3abc244a alignfull uagb-is-root-container\"><div class=\"uagb-container-inner-blocks-wrap\"><div class=\"yoast-breadcrumbs\"><span><span><a href=\"https:\/\/v2charge.com\/de\/\">V2C<\/a><\/span> \u00bb <span><a href=\"https:\/\/v2charge.com\/de\/support\/\">Support<\/a><\/span> \u00bb <span><a href=\"https:\/\/v2charge.com\/de\/support\/leistungssteuerung\/\">Leistungssteuerung<\/a><\/span> \u00bb <span><a href=\"https:\/\/v2charge.com\/de\/support\/leistungssteuerung\/dynamisches-lastmanagement\/\">Dynamisches Lastmanagement<\/a><\/span> \u00bb <span class=\"breadcrumb_last\" aria-current=\"page\">Kostal KSEM Verbindung mit Trydan<\/span><\/span><\/div>\n\n\n<h1 class=\"wp-block-heading\">Kostal KSEM Verbindung mit Trydan<\/h1>\n\n\n\n<div class=\"wp-block-uagb-container uagb-block-94b2f0a4 alignfull uagb-is-root-container\"><div class=\"uagb-container-inner-blocks-wrap\">\n<div class=\"wp-block-uagb-container uagb-block-c65863b3\">\n<p><strong>Kostal-Wechselrichter k\u00f6nnen direkt \u00fcber den KSEM<\/strong> (Kostal Smart Energy Meter) per Modbus TCP-Kommunikation mit Trydan verbunden werden.<\/p>\n<\/div>\n\n\n\n<div class=\"wp-block-uagb-container uagb-block-260fae18\">\n<div class=\"wp-block-uagb-image uagb-block-9078e420 wp-block-uagb-image--layout-default wp-block-uagb-image--effect-static wp-block-uagb-image--align-none\"><figure class=\"wp-block-uagb-image__figure\"><img decoding=\"async\" srcset=\"https:\/\/v2charge.com\/wp-content\/uploads\/2023\/12\/kostal-logo.png ,https:\/\/v2charge.com\/wp-content\/uploads\/2023\/12\/kostal-logo.png 780w, https:\/\/v2charge.com\/wp-content\/uploads\/2023\/12\/kostal-logo.png 360w\" sizes=\"auto, (max-width: 480px) 150px\" src=\"https:\/\/v2charge.com\/wp-content\/uploads\/2023\/12\/kostal-logo.png\" alt=\"\" class=\"uag-image-128994\" width=\"250\" height=\"65\" title=\"\" loading=\"lazy\" role=\"img\"\/><\/figure><\/div>\n<\/div>\n<\/div><\/div>\n<\/div><\/div>\n\n\n\n<div class=\"wp-block-uagb-container uagb-block-333fb119 alignfull uagb-is-root-container\"><div class=\"uagb-container-inner-blocks-wrap\">\n<div class=\"wp-block-uagb-container uagb-block-2ff110d0 default uagb-is-root-container\">\n<div class=\"wp-block-uagb-container uagb-block-cd442c87\">\n<div class=\"wp-block-uagb-image aligncenter uagb-block-4bb46c59 wp-block-uagb-image--layout-default wp-block-uagb-image--effect-static wp-block-uagb-image--align-center\"><figure class=\"wp-block-uagb-image__figure\"><img decoding=\"async\" srcset=\"https:\/\/v2charge.com\/wp-content\/uploads\/2023\/11\/icon-important.png ,https:\/\/v2charge.com\/wp-content\/uploads\/2023\/11\/icon-important.png 780w, https:\/\/v2charge.com\/wp-content\/uploads\/2023\/11\/icon-important.png 360w\" sizes=\"auto, (max-width: 480px) 150px\" src=\"https:\/\/v2charge.com\/wp-content\/uploads\/2023\/11\/icon-important.png\" alt=\"\" class=\"uag-image-125013\" width=\"50\" height=\"50\" title=\"\" loading=\"lazy\" role=\"img\"\/><\/figure><\/div>\n<\/div>\n\n\n\n<div class=\"wp-block-uagb-container uagb-block-38de7166\">\n<div class=\"wp-block-uagb-advanced-heading uagb-block-37ab01f0\"><p class=\"uagb-heading-text\">Die Verwendung von <strong>Wi-Fi-Repeatern<\/strong> oder <strong>Mesh-Netzwerken<\/strong> kann die ordnungsgem\u00e4\u00dfe Funktion des Systems beeintr\u00e4chtigen. Wir empfehlen die Nutzung eines <strong>stabilen<\/strong> und <strong>direkten Wi-Fi-Netzwerks<\/strong>, um eine optimale verbindung zwischen dem ladeger\u00e4t und dem wechselrichter zu gew\u00e4hrleisten.<\/p><\/div>\n<\/div>\n<\/div>\n\n\n\n<div style=\"height:5px\" aria-hidden=\"true\" class=\"wp-block-spacer\"><\/div>\n<\/div><\/div>\n\n\n\n<div class=\"wp-block-uagb-container uagb-block-02b83e17 alignfull uagb-is-root-container\"><div class=\"uagb-container-inner-blocks-wrap\">\n<div class=\"wp-block-uagb-separator uagb-block-674a6466\"><div class=\"wp-block-uagb-separator__inner\" style=\"--my-background-image:\"><\/div><\/div>\n\n\n\n<h2 class=\"wp-block-heading\">So stellen Sie die Verbindung her<\/h2>\n\n\n\n<p>Um die Verbindung herzustellen, m\u00fcssen Sie zun\u00e4chst die <strong>Modbus-TCP<\/strong>-Kommunikation aktivieren. Dazu greifen Sie auf die IP-Adresse des KSEM-Z\u00e4hlers zu, die Sie entweder im Router oder \u00fcber Anwendungen finden k\u00f6nnen, die lokale IP-Adressen ermitteln. Anschlie\u00dfend aktivieren Sie den TCP-Slave im Bereich Modbus-Konfiguration.<\/p>\n\n\n\n<div class=\"wp-block-uagb-buttons uagb-buttons__outer-wrap uagb-btn__default-btn uagb-btn-tablet__default-btn uagb-btn-mobile__default-btn uagb-block-cff7e0d9\"><div class=\"uagb-buttons__wrap uagb-buttons-layout-wrap \">\n<div class=\"wp-block-uagb-buttons-child uagb-buttons__outer-wrap uagb-block-b3b0e0d0 wp-block-button\"><div class=\"uagb-button__wrapper\"><a class=\"uagb-buttons-repeater wp-block-button__link\" aria-label=\"\" href=\"https:\/\/v2charge.com\/de\/wie-finde-ich-die-ip-der-gerate-die-mit-meinem-lokalen-netzwerk-verbunden-sind\/\" rel=\"follow noopener\" target=\"_self\" role=\"button\"><div class=\"uagb-button__link\">Wie finde ich die IP-Adresse der Ger\u00e4te in meinem lokalen Netzwerk?<\/div><\/a><\/div><\/div>\n<\/div><\/div>\n\n\n\n<div class=\"wp-block-uagb-image aligncenter uagb-block-a8077fef wp-block-uagb-image--layout-default wp-block-uagb-image--effect-static wp-block-uagb-image--align-center\"><figure class=\"wp-block-uagb-image__figure\"><img decoding=\"async\" srcset=\"https:\/\/v2charge.com\/wp-content\/uploads\/2023\/12\/configuracion-modbus.jpg ,https:\/\/v2charge.com\/wp-content\/uploads\/2023\/12\/configuracion-modbus.jpg 780w, https:\/\/v2charge.com\/wp-content\/uploads\/2023\/12\/configuracion-modbus.jpg 360w\" sizes=\"auto, (max-width: 480px) 150px\" src=\"https:\/\/v2charge.com\/wp-content\/uploads\/2023\/12\/configuracion-modbus.jpg\" alt=\"\" class=\"uag-image-129027\" width=\"1024\" height=\"692\" title=\"\" loading=\"lazy\" role=\"img\"\/><\/figure><\/div>\n\n\n\n<hr class=\"wp-block-separator has-alpha-channel-opacity\"\/>\n\n\n\n<h2 class=\"wp-block-heading\">Konfiguration des Kostal-Wechselrichters mit dem KSEM-Z\u00e4hler in der V2C Cloud-App<\/h2>\n<\/div><\/div>\n\n\n\n<div class=\"wp-block-uagb-container uagb-block-22ddbea3 alignfull uagb-is-root-container\"><div class=\"uagb-container-inner-blocks-wrap\">\n<div class=\"wp-block-uagb-container uagb-block-5a4283f6\">\n<p>\u00d6ffnen Sie die V2C Cloud-App, w\u00e4hlen Sie die Ladestation aus und gehen Sie in den Bereich Einstellungen. Navigieren Sie zu Dynamische Leistungssteuerung und w\u00e4hlen Sie Kostal KSEM im Bereich Z\u00e4hler aus.<br><\/p>\n\n\n\n<p>Die IP-Adresse entspricht derjenigen, die Sie zuvor f\u00fcr den Zugriff auf den KSEM-Z\u00e4hler \u00fcber den Webbrowser ermittelt haben. Achten Sie darauf, dass das Ger\u00e4t mit demselben lokalen WLAN-Netzwerk verbunden ist.<\/p>\n\n\n\n<p><em>Hinweis: Mit dieser Verbindungsart wird die Photovoltaik-Erzeugung nicht in der V2C-App angezeigt, jedoch funktionieren alle Lademodi wie gewohnt.<\/em><\/p>\n<\/div>\n\n\n\n<div class=\"wp-block-uagb-container uagb-block-10d2a092\">\n<div class=\"wp-block-uagb-image aligncenter uagb-block-9be1b062 wp-block-uagb-image--layout-default wp-block-uagb-image--effect-static wp-block-uagb-image--align-center\"><figure class=\"wp-block-uagb-image__figure\"><img decoding=\"async\" srcset=\"https:\/\/v2charge.com\/wp-content\/uploads\/2024\/01\/kostal-ksem-inversor.jpg ,https:\/\/v2charge.com\/wp-content\/uploads\/2024\/01\/kostal-ksem-inversor.jpg 780w, https:\/\/v2charge.com\/wp-content\/uploads\/2024\/01\/kostal-ksem-inversor.jpg 360w\" sizes=\"auto, (max-width: 480px) 150px\" src=\"https:\/\/v2charge.com\/wp-content\/uploads\/2024\/01\/kostal-ksem-inversor.jpg\" alt=\"\" class=\"uag-image-133272\" width=\"400\" height=\"684\" title=\"\" loading=\"lazy\" role=\"img\"\/><\/figure><\/div>\n<\/div>\n<\/div><\/div>\n\n\n\n<div class=\"wp-block-uagb-container uagb-block-860227a1 alignfull uagb-is-root-container\"><div class=\"uagb-container-inner-blocks-wrap\">\n<div class=\"wp-block-uagb-advanced-heading uagb-block-c54c2bb2\"><h2 class=\"uagb-heading-text\"><strong>Ben\u00f6tigen Sie technische Unterst\u00fctzung?<\/strong><\/h2><\/div>\n\n\n\n<div class=\"wp-block-uagb-advanced-heading uagb-block-72d16322\"><p class=\"uagb-heading-text\">Erstellen Sie eine Anfrage im Technical Support Centre und wir werden Sie so schnell wie m\u00f6glich kontaktieren, um Ihnen die beste L\u00f6sung anzubieten.<\/p><\/div>\n\n\n\n<div class=\"wp-block-uagb-buttons uagb-buttons__outer-wrap uagb-btn__default-btn uagb-btn-tablet__default-btn uagb-btn-mobile__default-btn uagb-block-0aea4416\"><div class=\"uagb-buttons__wrap uagb-buttons-layout-wrap \">\n<div class=\"wp-block-uagb-buttons-child uagb-buttons__outer-wrap uagb-block-b0066fba wp-block-button\"><div class=\"uagb-button__wrapper\"><a class=\"uagb-buttons-repeater wp-block-button__link\" aria-label=\"\" href=\"https:\/\/v2charge.atlassian.net\/servicedesk\/customer\/portal\/3\" rel=\"follow noopener\" target=\"_self\" role=\"button\"><div class=\"uagb-button__link\">Kontakt zum technischen Support<\/div><\/a><\/div><\/div>\n<\/div><\/div>\n<\/div><\/div>\n","protected":false},"excerpt":{"rendered":"<p>Kostal KSEM Verbindung mit Trydan Kostal-Wechselrichter k\u00f6nnen direkt \u00fcber den KSEM (Kostal Smart Energy Meter) per Modbus TCP-Kommunikation mit Trydan verbunden werden. Die Verwendung von Wi-Fi-Repeatern oder Mesh-Netzwerken kann die ordnungsgem\u00e4\u00dfe Funktion des Systems beeintr\u00e4chtigen. Wir empfehlen die Nutzung eines stabilen und direkten Wi-Fi-Netzwerks, um eine optimale verbindung zwischen dem ladeger\u00e4t und dem wechselrichter zu &#8230; <a title=\"Kostal KSEM Verbindung mit Trydan\" class=\"read-more\" href=\"https:\/\/v2charge.com\/de\/support\/leistungssteuerung\/dynamisches-lastmanagement\/zahler-kostal-ksem\/\" aria-label=\"Mehr Informationen \u00fcber Kostal KSEM Verbindung mit Trydan\">Weiterlesen<\/a><\/p>\n","protected":false},"author":1,"featured_media":0,"parent":190542,"menu_order":0,"comment_status":"closed","ping_status":"closed","template":"","meta":{"_eb_attr":"","content-type":"","_uag_custom_page_level_css":"","footnotes":""},"class_list":["post-92832","page","type-page","status-publish"],"yoast_head":"<!-- This site is optimized with the Yoast SEO plugin v25.3.1 - https:\/\/yoast.com\/wordpress\/plugins\/seo\/ -->\n<title>Kostal KSEM Verbindung mit Trydan | V2C \u00ae<\/title>\n<meta name=\"description\" content=\"Kostal-Wechselrichter k\u00f6nnen direkt \u00fcber den KSEM-Energiez\u00e4hler per Modbus-TCP-Kommunikation mit Trydan verbunden werden.\" \/>\n<meta name=\"robots\" content=\"index, follow, max-snippet:-1, max-image-preview:large, max-video-preview:-1\" \/>\n<link rel=\"canonical\" href=\"https:\/\/v2charge.com\/de\/kostal-ksem-verbindung-mit-trydan\/\" \/>\n<meta property=\"og:locale\" content=\"de_DE\" \/>\n<meta property=\"og:type\" content=\"article\" \/>\n<meta property=\"og:title\" content=\"Kostal KSEM Verbindung mit Trydan | V2C \u00ae\" \/>\n<meta property=\"og:description\" content=\"Kostal-Wechselrichter k\u00f6nnen direkt \u00fcber den KSEM-Energiez\u00e4hler per Modbus-TCP-Kommunikation mit Trydan verbunden werden.\" \/>\n<meta property=\"og:url\" content=\"https:\/\/v2charge.com\/de\/kostal-ksem-verbindung-mit-trydan\/\" \/>\n<meta property=\"og:site_name\" content=\"V2C\" \/>\n<meta property=\"article:publisher\" content=\"https:\/\/www.facebook.com\/V2C.Charge\" \/>\n<meta property=\"article:modified_time\" content=\"2025-07-21T07:25:53+00:00\" \/>\n<meta property=\"og:image\" content=\"https:\/\/v2charge.com\/wp-content\/uploads\/2023\/12\/kostal-logo.png\" \/>\n<meta name=\"twitter:card\" content=\"summary_large_image\" \/>\n<meta name=\"twitter:site\" content=\"@V2C_Charge\" \/>\n<meta name=\"twitter:label1\" content=\"Gesch\u00e4tzte Lesezeit\" \/>\n\t<meta name=\"twitter:data1\" content=\"2\u00a0Minuten\" \/>\n<script type=\"application\/ld+json\" class=\"yoast-schema-graph\">{\"@context\":\"https:\/\/schema.org\",\"@graph\":[{\"@type\":\"WebPage\",\"@id\":\"https:\/\/v2charge.com\/de\/support\/leistungssteuerung\/dynamisches-lastmanagement\/zahler-kostal-ksem\/\",\"url\":\"https:\/\/v2charge.com\/de\/kostal-ksem-verbindung-mit-trydan\/\",\"name\":\"Kostal KSEM Verbindung mit Trydan | V2C \u00ae\",\"isPartOf\":{\"@id\":\"https:\/\/v2charge.com\/de\/#website\"},\"primaryImageOfPage\":{\"@id\":\"https:\/\/v2charge.com\/de\/kostal-ksem-verbindung-mit-trydan\/#primaryimage\"},\"image\":{\"@id\":\"https:\/\/v2charge.com\/de\/kostal-ksem-verbindung-mit-trydan\/#primaryimage\"},\"thumbnailUrl\":\"https:\/\/v2charge.com\/wp-content\/uploads\/2023\/12\/kostal-logo.png\",\"datePublished\":\"2023-02-01T11:47:32+00:00\",\"dateModified\":\"2025-07-21T07:25:53+00:00\",\"description\":\"Kostal-Wechselrichter k\u00f6nnen direkt \u00fcber den KSEM-Energiez\u00e4hler per Modbus-TCP-Kommunikation mit Trydan verbunden werden.\",\"breadcrumb\":{\"@id\":\"https:\/\/v2charge.com\/de\/kostal-ksem-verbindung-mit-trydan\/#breadcrumb\"},\"inLanguage\":\"de\",\"potentialAction\":[{\"@type\":\"ReadAction\",\"target\":[\"https:\/\/v2charge.com\/de\/kostal-ksem-verbindung-mit-trydan\/\"]}]},{\"@type\":\"ImageObject\",\"inLanguage\":\"de\",\"@id\":\"https:\/\/v2charge.com\/de\/kostal-ksem-verbindung-mit-trydan\/#primaryimage\",\"url\":\"https:\/\/v2charge.com\/wp-content\/uploads\/2023\/12\/kostal-logo.png\",\"contentUrl\":\"https:\/\/v2charge.com\/wp-content\/uploads\/2023\/12\/kostal-logo.png\"},{\"@type\":\"BreadcrumbList\",\"@id\":\"https:\/\/v2charge.com\/de\/kostal-ksem-verbindung-mit-trydan\/#breadcrumb\",\"itemListElement\":[{\"@type\":\"ListItem\",\"position\":1,\"name\":\"V2C\",\"item\":\"https:\/\/v2charge.com\/de\/\"},{\"@type\":\"ListItem\",\"position\":2,\"name\":\"Support\",\"item\":\"https:\/\/v2charge.com\/de\/support\/\"},{\"@type\":\"ListItem\",\"position\":3,\"name\":\"Leistungssteuerung\",\"item\":\"https:\/\/v2charge.com\/de\/support\/leistungssteuerung\/\"},{\"@type\":\"ListItem\",\"position\":4,\"name\":\"Dynamisches Lastmanagement\",\"item\":\"https:\/\/v2charge.com\/de\/support\/leistungssteuerung\/dynamisches-lastmanagement\/\"},{\"@type\":\"ListItem\",\"position\":5,\"name\":\"Kostal KSEM Verbindung mit Trydan\"}]},{\"@type\":\"WebSite\",\"@id\":\"https:\/\/v2charge.com\/de\/#website\",\"url\":\"https:\/\/v2charge.com\/de\/\",\"name\":\"V2C\",\"description\":\"#CargandoElMa\u00f1ana\",\"publisher\":{\"@id\":\"https:\/\/v2charge.com\/de\/#organization\"},\"potentialAction\":[{\"@type\":\"SearchAction\",\"target\":{\"@type\":\"EntryPoint\",\"urlTemplate\":\"https:\/\/v2charge.com\/de\/?s={search_term_string}\"},\"query-input\":{\"@type\":\"PropertyValueSpecification\",\"valueRequired\":true,\"valueName\":\"search_term_string\"}}],\"inLanguage\":\"de\"},{\"@type\":\"Organization\",\"@id\":\"https:\/\/v2charge.com\/de\/#organization\",\"name\":\"V2C\",\"url\":\"https:\/\/v2charge.com\/de\/\",\"logo\":{\"@type\":\"ImageObject\",\"inLanguage\":\"de\",\"@id\":\"https:\/\/v2charge.com\/de\/#\/schema\/logo\/image\/\",\"url\":\"https:\/\/v2charge.com\/wp-content\/uploads\/2024\/11\/cropped-v2c-charge-logo-menu.png\",\"contentUrl\":\"https:\/\/v2charge.com\/wp-content\/uploads\/2024\/11\/cropped-v2c-charge-logo-menu.png\",\"width\":984,\"height\":431,\"caption\":\"V2C\"},\"image\":{\"@id\":\"https:\/\/v2charge.com\/de\/#\/schema\/logo\/image\/\"},\"sameAs\":[\"https:\/\/www.facebook.com\/V2C.Charge\",\"https:\/\/x.com\/V2C_Charge\",\"https:\/\/www.instagram.com\/v2c.charge\/\",\"https:\/\/www.youtube.com\/@V2C\",\"https:\/\/www.linkedin.com\/company\/v2c-chargers\/\"]}]}<\/script>\n<!-- \/ Yoast SEO plugin. -->","yoast_head_json":{"title":"Kostal KSEM Verbindung mit Trydan | V2C \u00ae","description":"Kostal-Wechselrichter k\u00f6nnen direkt \u00fcber den KSEM-Energiez\u00e4hler per Modbus-TCP-Kommunikation mit Trydan verbunden werden.","robots":{"index":"index","follow":"follow","max-snippet":"max-snippet:-1","max-image-preview":"max-image-preview:large","max-video-preview":"max-video-preview:-1"},"canonical":"https:\/\/v2charge.com\/de\/kostal-ksem-verbindung-mit-trydan\/","og_locale":"de_DE","og_type":"article","og_title":"Kostal KSEM Verbindung mit Trydan | V2C \u00ae","og_description":"Kostal-Wechselrichter k\u00f6nnen direkt \u00fcber den KSEM-Energiez\u00e4hler per Modbus-TCP-Kommunikation mit Trydan verbunden werden.","og_url":"https:\/\/v2charge.com\/de\/kostal-ksem-verbindung-mit-trydan\/","og_site_name":"V2C","article_publisher":"https:\/\/www.facebook.com\/V2C.Charge","article_modified_time":"2025-07-21T07:25:53+00:00","og_image":[{"url":"https:\/\/v2charge.com\/wp-content\/uploads\/2023\/12\/kostal-logo.png","type":"","width":"","height":""}],"twitter_card":"summary_large_image","twitter_site":"@V2C_Charge","twitter_misc":{"Gesch\u00e4tzte Lesezeit":"2\u00a0Minuten"},"schema":{"@context":"https:\/\/schema.org","@graph":[{"@type":"WebPage","@id":"https:\/\/v2charge.com\/de\/support\/leistungssteuerung\/dynamisches-lastmanagement\/zahler-kostal-ksem\/","url":"https:\/\/v2charge.com\/de\/kostal-ksem-verbindung-mit-trydan\/","name":"Kostal KSEM Verbindung mit Trydan | V2C \u00ae","isPartOf":{"@id":"https:\/\/v2charge.com\/de\/#website"},"primaryImageOfPage":{"@id":"https:\/\/v2charge.com\/de\/kostal-ksem-verbindung-mit-trydan\/#primaryimage"},"image":{"@id":"https:\/\/v2charge.com\/de\/kostal-ksem-verbindung-mit-trydan\/#primaryimage"},"thumbnailUrl":"https:\/\/v2charge.com\/wp-content\/uploads\/2023\/12\/kostal-logo.png","datePublished":"2023-02-01T11:47:32+00:00","dateModified":"2025-07-21T07:25:53+00:00","description":"Kostal-Wechselrichter k\u00f6nnen direkt \u00fcber den KSEM-Energiez\u00e4hler per Modbus-TCP-Kommunikation mit Trydan verbunden werden.","breadcrumb":{"@id":"https:\/\/v2charge.com\/de\/kostal-ksem-verbindung-mit-trydan\/#breadcrumb"},"inLanguage":"de","potentialAction":[{"@type":"ReadAction","target":["https:\/\/v2charge.com\/de\/kostal-ksem-verbindung-mit-trydan\/"]}]},{"@type":"ImageObject","inLanguage":"de","@id":"https:\/\/v2charge.com\/de\/kostal-ksem-verbindung-mit-trydan\/#primaryimage","url":"https:\/\/v2charge.com\/wp-content\/uploads\/2023\/12\/kostal-logo.png","contentUrl":"https:\/\/v2charge.com\/wp-content\/uploads\/2023\/12\/kostal-logo.png"},{"@type":"BreadcrumbList","@id":"https:\/\/v2charge.com\/de\/kostal-ksem-verbindung-mit-trydan\/#breadcrumb","itemListElement":[{"@type":"ListItem","position":1,"name":"V2C","item":"https:\/\/v2charge.com\/de\/"},{"@type":"ListItem","position":2,"name":"Support","item":"https:\/\/v2charge.com\/de\/support\/"},{"@type":"ListItem","position":3,"name":"Leistungssteuerung","item":"https:\/\/v2charge.com\/de\/support\/leistungssteuerung\/"},{"@type":"ListItem","position":4,"name":"Dynamisches Lastmanagement","item":"https:\/\/v2charge.com\/de\/support\/leistungssteuerung\/dynamisches-lastmanagement\/"},{"@type":"ListItem","position":5,"name":"Kostal KSEM Verbindung mit Trydan"}]},{"@type":"WebSite","@id":"https:\/\/v2charge.com\/de\/#website","url":"https:\/\/v2charge.com\/de\/","name":"V2C","description":"#CargandoElMa\u00f1ana","publisher":{"@id":"https:\/\/v2charge.com\/de\/#organization"},"potentialAction":[{"@type":"SearchAction","target":{"@type":"EntryPoint","urlTemplate":"https:\/\/v2charge.com\/de\/?s={search_term_string}"},"query-input":{"@type":"PropertyValueSpecification","valueRequired":true,"valueName":"search_term_string"}}],"inLanguage":"de"},{"@type":"Organization","@id":"https:\/\/v2charge.com\/de\/#organization","name":"V2C","url":"https:\/\/v2charge.com\/de\/","logo":{"@type":"ImageObject","inLanguage":"de","@id":"https:\/\/v2charge.com\/de\/#\/schema\/logo\/image\/","url":"https:\/\/v2charge.com\/wp-content\/uploads\/2024\/11\/cropped-v2c-charge-logo-menu.png","contentUrl":"https:\/\/v2charge.com\/wp-content\/uploads\/2024\/11\/cropped-v2c-charge-logo-menu.png","width":984,"height":431,"caption":"V2C"},"image":{"@id":"https:\/\/v2charge.com\/de\/#\/schema\/logo\/image\/"},"sameAs":["https:\/\/www.facebook.com\/V2C.Charge","https:\/\/x.com\/V2C_Charge","https:\/\/www.instagram.com\/v2c.charge\/","https:\/\/www.youtube.com\/@V2C","https:\/\/www.linkedin.com\/company\/v2c-chargers\/"]}]}},"uagb_featured_image_src":{"full":false,"thumbnail":false,"medium":false,"medium_large":false,"large":false,"gs-tiny":false,"xl":false,"xxl":false,"xxxl":false,"xxxxl":false,"xxxxxl":false,"1536x1536":false,"2048x2048":false},"uagb_author_info":{"display_name":"V2C","author_link":"https:\/\/v2charge.com\/de\/author\/root_k4eu7ki8\/"},"uagb_comment_info":0,"uagb_excerpt":"Kostal KSEM Verbindung mit Trydan Kostal-Wechselrichter k\u00f6nnen direkt \u00fcber den KSEM (Kostal Smart Energy Meter) per Modbus TCP-Kommunikation mit Trydan verbunden werden. Die Verwendung von Wi-Fi-Repeatern oder Mesh-Netzwerken kann die ordnungsgem\u00e4\u00dfe Funktion des Systems beeintr\u00e4chtigen. Wir empfehlen die Nutzung eines stabilen und direkten Wi-Fi-Netzwerks, um eine optimale verbindung zwischen dem ladeger\u00e4t und dem wechselrichter zu&hellip;","_links":{"self":[{"href":"https:\/\/v2charge.com\/de\/wp-json\/wp\/v2\/pages\/92832","targetHints":{"allow":["GET"]}}],"collection":[{"href":"https:\/\/v2charge.com\/de\/wp-json\/wp\/v2\/pages"}],"about":[{"href":"https:\/\/v2charge.com\/de\/wp-json\/wp\/v2\/types\/page"}],"author":[{"embeddable":true,"href":"https:\/\/v2charge.com\/de\/wp-json\/wp\/v2\/users\/1"}],"replies":[{"embeddable":true,"href":"https:\/\/v2charge.com\/de\/wp-json\/wp\/v2\/comments?post=92832"}],"version-history":[{"count":5,"href":"https:\/\/v2charge.com\/de\/wp-json\/wp\/v2\/pages\/92832\/revisions"}],"predecessor-version":[{"id":239086,"href":"https:\/\/v2charge.com\/de\/wp-json\/wp\/v2\/pages\/92832\/revisions\/239086"}],"up":[{"embeddable":true,"href":"https:\/\/v2charge.com\/de\/wp-json\/wp\/v2\/pages\/190542"}],"wp:attachment":[{"href":"https:\/\/v2charge.com\/de\/wp-json\/wp\/v2\/media?parent=92832"}],"curies":[{"name":"wp","href":"https:\/\/api.w.org\/{rel}","templated":true}]}}