{"id":92868,"date":"2023-02-01T11:41:24","date_gmt":"2023-02-01T11:41:24","guid":{"rendered":"https:\/\/v2charge.com\/como-buscar-la-ip-de-los-dispositivos-conectados-a-mi-red-local\/"},"modified":"2023-07-20T14:13:50","modified_gmt":"2023-07-20T14:13:50","slug":"wie-finde-ich-die-ip-der-gerate-die-mit-meinem-lokalen-netzwerk-verbunden-sind","status":"publish","type":"page","link":"https:\/\/v2charge.com\/de\/wie-finde-ich-die-ip-der-gerate-die-mit-meinem-lokalen-netzwerk-verbunden-sind\/","title":{"rendered":"Wie finde ich die IP der Ger\u00e4te, die mit meinem lokalen Netzwerk verbunden sind?"},"content":{"rendered":"<ol>\n<li>\u00dcber Ihren Router<\/li>\n<p>Die meisten Router auf dem Markt geben Listen von Ger\u00e4ten, die sowohl per WLAN als auch per Kabel verbunden sind. Greifen Sie mit der IP-Adresse, dem Benutzernamen und dem Passwort, die Sie von Ihrem Unternehmen erhalten haben, auf das Gateway zu.<\/p>\n<li>Mit einem PC<\/li>\n<p>Scannen Sie mit dem Angry IP-Programm (<a href=\"https:\/\/github.com\/angryip\/ipscan\/releases\/download\/3.9.0\/ipscan-3.9.0-setup.exe\">hier herunterladen<\/a>) alle IPs, und Sie k\u00f6nnen sie normalerweise anhand der Ger\u00e4te-ID oder des Herstellers finden.<\/p>\n<li>Mit der APP \u201eNetwork Ip Scanner\u201c bei Google Play<\/li>\n<p>Laden Sie die Network IP Scanner APP herunter und verbinden Sie sich mit dem WLAN Ihres Hauses.<\/p>\n<figure class=\"wp-block-image aligncenter size-large is-resized\"><img decoding=\"async\" src=\"https:\/\/v2charge.com\/wp-content\/uploads\/2023\/02\/app-wifi-576x1024.webp\" alt=\"\" class=\"wp-image-92737\" width=\"280\" height=\"498\" srcset=\"https:\/\/v2charge.com\/wp-content\/uploads\/2023\/02\/app-wifi-576x1024.webp 576w, https:\/\/v2charge.com\/wp-content\/uploads\/2023\/02\/app-wifi-169x300.webp 169w, https:\/\/v2charge.com\/wp-content\/uploads\/2023\/02\/app-wifi-768x1365.webp 768w, https:\/\/v2charge.com\/wp-content\/uploads\/2023\/02\/app-wifi.webp 810w\" sizes=\"(max-width: 280px) 100vw, 280px\" \/><\/figure>\n<li>Mit der APP \u201eIP Scanner\u201c auf Iphone, MAC und iPad<\/li>\n<p>Laden Sie die APP im <a href=\"https:\/\/apps.apple.com\/co\/app\/ip-scanner\/id6443819966?platform=iphone\" target=\"_blank\" rel=\"noreferrer noopener nofollow\">Apple Store<\/a> herunter.<\/p>\n<figure class=\"wp-block-image aligncenter size-full\"><img decoding=\"async\" width=\"300\" height=\"649\" src=\"https:\/\/v2charge.com\/wp-content\/uploads\/2023\/02\/300x0w.webp\" alt=\"\" class=\"wp-image-92745\" srcset=\"https:\/\/v2charge.com\/wp-content\/uploads\/2023\/02\/300x0w.webp 300w, https:\/\/v2charge.com\/wp-content\/uploads\/2023\/02\/300x0w-139x300.webp 139w\" sizes=\"(max-width: 300px) 100vw, 300px\" \/><\/figure>\n<\/ol>\n","protected":false},"excerpt":{"rendered":"<p>\u00dcber Ihren Router Die meisten Router auf dem Markt geben Listen von Ger\u00e4ten, die sowohl per WLAN als auch per Kabel verbunden sind. Greifen Sie mit der IP-Adresse, dem Benutzernamen und dem Passwort, die Sie von Ihrem Unternehmen erhalten haben, auf das Gateway zu. Mit einem PC Scannen Sie mit dem Angry IP-Programm (hier herunterladen) &#8230; <a title=\"Wie finde ich die IP der Ger\u00e4te, die mit meinem lokalen Netzwerk verbunden sind?\" class=\"read-more\" href=\"https:\/\/v2charge.com\/de\/wie-finde-ich-die-ip-der-gerate-die-mit-meinem-lokalen-netzwerk-verbunden-sind\/\" aria-label=\"Mehr Informationen \u00fcber Wie finde ich die IP der Ger\u00e4te, die mit meinem lokalen Netzwerk verbunden sind?\">Weiterlesen<\/a><\/p>\n","protected":false},"author":1,"featured_media":0,"parent":0,"menu_order":0,"comment_status":"closed","ping_status":"closed","template":"","meta":{"_eb_attr":"","content-type":"","_uag_custom_page_level_css":"","footnotes":""},"class_list":["post-92868","page","type-page","status-publish"],"yoast_head":"<!-- This site is optimized with the Yoast SEO plugin v25.3.1 - https:\/\/yoast.com\/wordpress\/plugins\/seo\/ -->\n<title>An Ihr Netzwerk angeschlossene Ger\u00e4te: Finden Sie deren IP<\/title>\n<meta name=\"description\" content=\"Wir erkl\u00e4ren Ihnen, wie Sie die IP der Ger\u00e4te, die an Ihr lokales Netzwerk angeschlossen sind, auf verschiedene Weise ermitteln k\u00f6nnen. V2C Support-Bereich.\" \/>\n<meta name=\"robots\" content=\"index, follow, max-snippet:-1, max-image-preview:large, max-video-preview:-1\" \/>\n<link rel=\"canonical\" href=\"https:\/\/v2charge.com\/de\/wie-finde-ich-die-ip-der-gerate-die-mit-meinem-lokalen-netzwerk-verbunden-sind\/\" \/>\n<meta property=\"og:locale\" content=\"de_DE\" \/>\n<meta property=\"og:type\" content=\"article\" \/>\n<meta property=\"og:title\" content=\"An Ihr Netzwerk angeschlossene Ger\u00e4te: Finden Sie deren IP\" \/>\n<meta property=\"og:description\" content=\"Wir erkl\u00e4ren Ihnen, wie Sie die IP der Ger\u00e4te, die an Ihr lokales Netzwerk angeschlossen sind, auf verschiedene Weise ermitteln k\u00f6nnen. V2C Support-Bereich.\" \/>\n<meta property=\"og:url\" content=\"https:\/\/v2charge.com\/de\/wie-finde-ich-die-ip-der-gerate-die-mit-meinem-lokalen-netzwerk-verbunden-sind\/\" \/>\n<meta property=\"og:site_name\" content=\"V2C\" \/>\n<meta property=\"article:publisher\" content=\"https:\/\/www.facebook.com\/V2C.Charge\" \/>\n<meta property=\"article:modified_time\" content=\"2023-07-20T14:13:50+00:00\" \/>\n<meta property=\"og:image\" content=\"https:\/\/v2charge.com\/wp-content\/uploads\/2023\/02\/app-wifi-576x1024.webp\" \/>\n<meta name=\"twitter:card\" content=\"summary_large_image\" \/>\n<meta name=\"twitter:site\" content=\"@V2C_Charge\" \/>\n<meta name=\"twitter:label1\" content=\"Gesch\u00e4tzte Lesezeit\" \/>\n\t<meta name=\"twitter:data1\" content=\"1\u00a0Minute\" \/>\n<script type=\"application\/ld+json\" class=\"yoast-schema-graph\">{\"@context\":\"https:\/\/schema.org\",\"@graph\":[{\"@type\":\"WebPage\",\"@id\":\"https:\/\/v2charge.com\/de\/wie-finde-ich-die-ip-der-gerate-die-mit-meinem-lokalen-netzwerk-verbunden-sind\/\",\"url\":\"https:\/\/v2charge.com\/de\/wie-finde-ich-die-ip-der-gerate-die-mit-meinem-lokalen-netzwerk-verbunden-sind\/\",\"name\":\"An Ihr Netzwerk angeschlossene Ger\u00e4te: Finden Sie deren IP\",\"isPartOf\":{\"@id\":\"https:\/\/v2charge.com\/de\/#website\"},\"primaryImageOfPage\":{\"@id\":\"https:\/\/v2charge.com\/de\/wie-finde-ich-die-ip-der-gerate-die-mit-meinem-lokalen-netzwerk-verbunden-sind\/#primaryimage\"},\"image\":{\"@id\":\"https:\/\/v2charge.com\/de\/wie-finde-ich-die-ip-der-gerate-die-mit-meinem-lokalen-netzwerk-verbunden-sind\/#primaryimage\"},\"thumbnailUrl\":\"https:\/\/v2charge.com\/wp-content\/uploads\/2023\/02\/app-wifi-576x1024.webp\",\"datePublished\":\"2023-02-01T11:41:24+00:00\",\"dateModified\":\"2023-07-20T14:13:50+00:00\",\"description\":\"Wir erkl\u00e4ren Ihnen, wie Sie die IP der Ger\u00e4te, die an Ihr lokales Netzwerk angeschlossen sind, auf verschiedene Weise ermitteln k\u00f6nnen. V2C Support-Bereich.\",\"breadcrumb\":{\"@id\":\"https:\/\/v2charge.com\/de\/wie-finde-ich-die-ip-der-gerate-die-mit-meinem-lokalen-netzwerk-verbunden-sind\/#breadcrumb\"},\"inLanguage\":\"de\",\"potentialAction\":[{\"@type\":\"ReadAction\",\"target\":[\"https:\/\/v2charge.com\/de\/wie-finde-ich-die-ip-der-gerate-die-mit-meinem-lokalen-netzwerk-verbunden-sind\/\"]}]},{\"@type\":\"ImageObject\",\"inLanguage\":\"de\",\"@id\":\"https:\/\/v2charge.com\/de\/wie-finde-ich-die-ip-der-gerate-die-mit-meinem-lokalen-netzwerk-verbunden-sind\/#primaryimage\",\"url\":\"https:\/\/v2charge.com\/wp-content\/uploads\/2023\/02\/app-wifi-576x1024.webp\",\"contentUrl\":\"https:\/\/v2charge.com\/wp-content\/uploads\/2023\/02\/app-wifi-576x1024.webp\"},{\"@type\":\"BreadcrumbList\",\"@id\":\"https:\/\/v2charge.com\/de\/wie-finde-ich-die-ip-der-gerate-die-mit-meinem-lokalen-netzwerk-verbunden-sind\/#breadcrumb\",\"itemListElement\":[{\"@type\":\"ListItem\",\"position\":1,\"name\":\"V2C\",\"item\":\"https:\/\/v2charge.com\/de\/\"},{\"@type\":\"ListItem\",\"position\":2,\"name\":\"Wie finde ich die IP der Ger\u00e4te, die mit meinem lokalen Netzwerk verbunden sind?\"}]},{\"@type\":\"WebSite\",\"@id\":\"https:\/\/v2charge.com\/de\/#website\",\"url\":\"https:\/\/v2charge.com\/de\/\",\"name\":\"V2C\",\"description\":\"#CargandoElMa\u00f1ana\",\"publisher\":{\"@id\":\"https:\/\/v2charge.com\/de\/#organization\"},\"potentialAction\":[{\"@type\":\"SearchAction\",\"target\":{\"@type\":\"EntryPoint\",\"urlTemplate\":\"https:\/\/v2charge.com\/de\/?s={search_term_string}\"},\"query-input\":{\"@type\":\"PropertyValueSpecification\",\"valueRequired\":true,\"valueName\":\"search_term_string\"}}],\"inLanguage\":\"de\"},{\"@type\":\"Organization\",\"@id\":\"https:\/\/v2charge.com\/de\/#organization\",\"name\":\"V2C\",\"url\":\"https:\/\/v2charge.com\/de\/\",\"logo\":{\"@type\":\"ImageObject\",\"inLanguage\":\"de\",\"@id\":\"https:\/\/v2charge.com\/de\/#\/schema\/logo\/image\/\",\"url\":\"https:\/\/v2charge.com\/wp-content\/uploads\/2024\/11\/cropped-v2c-charge-logo-menu.png\",\"contentUrl\":\"https:\/\/v2charge.com\/wp-content\/uploads\/2024\/11\/cropped-v2c-charge-logo-menu.png\",\"width\":984,\"height\":431,\"caption\":\"V2C\"},\"image\":{\"@id\":\"https:\/\/v2charge.com\/de\/#\/schema\/logo\/image\/\"},\"sameAs\":[\"https:\/\/www.facebook.com\/V2C.Charge\",\"https:\/\/x.com\/V2C_Charge\",\"https:\/\/www.instagram.com\/v2c.charge\/\",\"https:\/\/www.youtube.com\/@V2C\",\"https:\/\/www.linkedin.com\/company\/v2c-chargers\/\"]}]}<\/script>\n<!-- \/ Yoast SEO plugin. -->","yoast_head_json":{"title":"An Ihr Netzwerk angeschlossene Ger\u00e4te: Finden Sie deren IP","description":"Wir erkl\u00e4ren Ihnen, wie Sie die IP der Ger\u00e4te, die an Ihr lokales Netzwerk angeschlossen sind, auf verschiedene Weise ermitteln k\u00f6nnen. V2C Support-Bereich.","robots":{"index":"index","follow":"follow","max-snippet":"max-snippet:-1","max-image-preview":"max-image-preview:large","max-video-preview":"max-video-preview:-1"},"canonical":"https:\/\/v2charge.com\/de\/wie-finde-ich-die-ip-der-gerate-die-mit-meinem-lokalen-netzwerk-verbunden-sind\/","og_locale":"de_DE","og_type":"article","og_title":"An Ihr Netzwerk angeschlossene Ger\u00e4te: Finden Sie deren IP","og_description":"Wir erkl\u00e4ren Ihnen, wie Sie die IP der Ger\u00e4te, die an Ihr lokales Netzwerk angeschlossen sind, auf verschiedene Weise ermitteln k\u00f6nnen. V2C Support-Bereich.","og_url":"https:\/\/v2charge.com\/de\/wie-finde-ich-die-ip-der-gerate-die-mit-meinem-lokalen-netzwerk-verbunden-sind\/","og_site_name":"V2C","article_publisher":"https:\/\/www.facebook.com\/V2C.Charge","article_modified_time":"2023-07-20T14:13:50+00:00","og_image":[{"url":"https:\/\/v2charge.com\/wp-content\/uploads\/2023\/02\/app-wifi-576x1024.webp","type":"","width":"","height":""}],"twitter_card":"summary_large_image","twitter_site":"@V2C_Charge","twitter_misc":{"Gesch\u00e4tzte Lesezeit":"1\u00a0Minute"},"schema":{"@context":"https:\/\/schema.org","@graph":[{"@type":"WebPage","@id":"https:\/\/v2charge.com\/de\/wie-finde-ich-die-ip-der-gerate-die-mit-meinem-lokalen-netzwerk-verbunden-sind\/","url":"https:\/\/v2charge.com\/de\/wie-finde-ich-die-ip-der-gerate-die-mit-meinem-lokalen-netzwerk-verbunden-sind\/","name":"An Ihr Netzwerk angeschlossene Ger\u00e4te: Finden Sie deren IP","isPartOf":{"@id":"https:\/\/v2charge.com\/de\/#website"},"primaryImageOfPage":{"@id":"https:\/\/v2charge.com\/de\/wie-finde-ich-die-ip-der-gerate-die-mit-meinem-lokalen-netzwerk-verbunden-sind\/#primaryimage"},"image":{"@id":"https:\/\/v2charge.com\/de\/wie-finde-ich-die-ip-der-gerate-die-mit-meinem-lokalen-netzwerk-verbunden-sind\/#primaryimage"},"thumbnailUrl":"https:\/\/v2charge.com\/wp-content\/uploads\/2023\/02\/app-wifi-576x1024.webp","datePublished":"2023-02-01T11:41:24+00:00","dateModified":"2023-07-20T14:13:50+00:00","description":"Wir erkl\u00e4ren Ihnen, wie Sie die IP der Ger\u00e4te, die an Ihr lokales Netzwerk angeschlossen sind, auf verschiedene Weise ermitteln k\u00f6nnen. V2C Support-Bereich.","breadcrumb":{"@id":"https:\/\/v2charge.com\/de\/wie-finde-ich-die-ip-der-gerate-die-mit-meinem-lokalen-netzwerk-verbunden-sind\/#breadcrumb"},"inLanguage":"de","potentialAction":[{"@type":"ReadAction","target":["https:\/\/v2charge.com\/de\/wie-finde-ich-die-ip-der-gerate-die-mit-meinem-lokalen-netzwerk-verbunden-sind\/"]}]},{"@type":"ImageObject","inLanguage":"de","@id":"https:\/\/v2charge.com\/de\/wie-finde-ich-die-ip-der-gerate-die-mit-meinem-lokalen-netzwerk-verbunden-sind\/#primaryimage","url":"https:\/\/v2charge.com\/wp-content\/uploads\/2023\/02\/app-wifi-576x1024.webp","contentUrl":"https:\/\/v2charge.com\/wp-content\/uploads\/2023\/02\/app-wifi-576x1024.webp"},{"@type":"BreadcrumbList","@id":"https:\/\/v2charge.com\/de\/wie-finde-ich-die-ip-der-gerate-die-mit-meinem-lokalen-netzwerk-verbunden-sind\/#breadcrumb","itemListElement":[{"@type":"ListItem","position":1,"name":"V2C","item":"https:\/\/v2charge.com\/de\/"},{"@type":"ListItem","position":2,"name":"Wie finde ich die IP der Ger\u00e4te, die mit meinem lokalen Netzwerk verbunden sind?"}]},{"@type":"WebSite","@id":"https:\/\/v2charge.com\/de\/#website","url":"https:\/\/v2charge.com\/de\/","name":"V2C","description":"#CargandoElMa\u00f1ana","publisher":{"@id":"https:\/\/v2charge.com\/de\/#organization"},"potentialAction":[{"@type":"SearchAction","target":{"@type":"EntryPoint","urlTemplate":"https:\/\/v2charge.com\/de\/?s={search_term_string}"},"query-input":{"@type":"PropertyValueSpecification","valueRequired":true,"valueName":"search_term_string"}}],"inLanguage":"de"},{"@type":"Organization","@id":"https:\/\/v2charge.com\/de\/#organization","name":"V2C","url":"https:\/\/v2charge.com\/de\/","logo":{"@type":"ImageObject","inLanguage":"de","@id":"https:\/\/v2charge.com\/de\/#\/schema\/logo\/image\/","url":"https:\/\/v2charge.com\/wp-content\/uploads\/2024\/11\/cropped-v2c-charge-logo-menu.png","contentUrl":"https:\/\/v2charge.com\/wp-content\/uploads\/2024\/11\/cropped-v2c-charge-logo-menu.png","width":984,"height":431,"caption":"V2C"},"image":{"@id":"https:\/\/v2charge.com\/de\/#\/schema\/logo\/image\/"},"sameAs":["https:\/\/www.facebook.com\/V2C.Charge","https:\/\/x.com\/V2C_Charge","https:\/\/www.instagram.com\/v2c.charge\/","https:\/\/www.youtube.com\/@V2C","https:\/\/www.linkedin.com\/company\/v2c-chargers\/"]}]}},"uagb_featured_image_src":{"full":false,"thumbnail":false,"medium":false,"medium_large":false,"large":false,"gs-tiny":false,"xl":false,"xxl":false,"xxxl":false,"xxxxl":false,"xxxxxl":false,"1536x1536":false,"2048x2048":false},"uagb_author_info":{"display_name":"V2C","author_link":"https:\/\/v2charge.com\/de\/author\/root_k4eu7ki8\/"},"uagb_comment_info":0,"uagb_excerpt":"\u00dcber Ihren Router Die meisten Router auf dem Markt geben Listen von Ger\u00e4ten, die sowohl per WLAN als auch per Kabel verbunden sind. Greifen Sie mit der IP-Adresse, dem Benutzernamen und dem Passwort, die Sie von Ihrem Unternehmen erhalten haben, auf das Gateway zu. Mit einem PC Scannen Sie mit dem Angry IP-Programm (hier herunterladen)&hellip;","_links":{"self":[{"href":"https:\/\/v2charge.com\/de\/wp-json\/wp\/v2\/pages\/92868","targetHints":{"allow":["GET"]}}],"collection":[{"href":"https:\/\/v2charge.com\/de\/wp-json\/wp\/v2\/pages"}],"about":[{"href":"https:\/\/v2charge.com\/de\/wp-json\/wp\/v2\/types\/page"}],"author":[{"embeddable":true,"href":"https:\/\/v2charge.com\/de\/wp-json\/wp\/v2\/users\/1"}],"replies":[{"embeddable":true,"href":"https:\/\/v2charge.com\/de\/wp-json\/wp\/v2\/comments?post=92868"}],"version-history":[{"count":0,"href":"https:\/\/v2charge.com\/de\/wp-json\/wp\/v2\/pages\/92868\/revisions"}],"wp:attachment":[{"href":"https:\/\/v2charge.com\/de\/wp-json\/wp\/v2\/media?parent=92868"}],"curies":[{"name":"wp","href":"https:\/\/api.w.org\/{rel}","templated":true}]}}