{"id":110492,"date":"2023-07-12T13:58:30","date_gmt":"2023-07-12T13:58:30","guid":{"rendered":"https:\/\/v2charge.com\/?page_id=110492"},"modified":"2023-07-14T11:18:58","modified_gmt":"2023-07-14T11:18:58","slug":"vincular-google-home-cargador","status":"publish","type":"page","link":"https:\/\/v2charge.com\/es\/vincular-google-home-cargador\/","title":{"rendered":"Vincula Google Home con tu cargador"},"content":{"rendered":"\n<div style=\"height:60px\" aria-hidden=\"true\" class=\"wp-block-spacer\"><\/div>\n\n\n\n<h1 class=\"wp-block-heading\">Vincula Google Home con tu cargador<\/h1>\n\n\n\n<p>El punto de recarga Trydan&nbsp;es capaz de conectarse a dispositivos inteligentes como Google Home. <\/p>\n\n\n\n<h2 class=\"wp-block-heading\">Pasos previos<\/h2>\n\n\n\n<p>Antes de vincular tu cargador con tu dispositivo Google Home, debes tener instalada la aplicaci\u00f3n de Google Home en tu m\u00f3vil. Accede a App Store (iOS) o a Google Play (Android) y busca &#8216;Google Home&#8217; para descargarte la aplicaci\u00f3n.<\/p>\n\n\n\n<div class=\"wp-block-uagb-container uagb-block-4e29f302 alignfull uagb-is-root-container\"><div class=\"uagb-container-inner-blocks-wrap\">\n<div class=\"wp-block-uagb-container uagb-block-906101be\">\n<div class=\"wp-block-uagb-image aligncenter uagb-block-63d2556d wp-block-uagb-image--layout-default wp-block-uagb-image--effect-static wp-block-uagb-image--align-center\"><figure class=\"wp-block-uagb-image__figure\"><img decoding=\"async\" srcset=\"https:\/\/v2charge.com\/wp-content\/uploads\/2023\/07\/descarga-google-home.jpg \" sizes=\"auto, (max-width: 480px) 150px\" src=\"https:\/\/v2charge.com\/wp-content\/uploads\/2023\/07\/descarga-google-home.jpg\" alt=\"\" class=\"uag-image-110536\" width=\"400\" height=\"560\" title=\"\" loading=\"lazy\"\/><figcaption class=\"uagb-image-caption\">Busca la aplicaci\u00f3n y pulsa &#8216;obtener&#8217;.<\/figcaption><\/figure><\/div>\n<\/div>\n<\/div><\/div>\n\n\n\n<div style=\"height:50px\" aria-hidden=\"true\" class=\"wp-block-spacer\"><\/div>\n\n\n\n<h2 class=\"wp-block-heading\">Vincula tu cuenta V2C Cloud con Google Home<\/h2>\n\n\n\n<div class=\"wp-block-uagb-container uagb-block-94cd315b alignfull uagb-is-root-container\"><div class=\"uagb-container-inner-blocks-wrap\">\n<div class=\"wp-block-uagb-container uagb-block-2746b2b1\">\n<div class=\"wp-block-uagb-image uagb-block-9d22b119 wp-block-uagb-image--layout-default wp-block-uagb-image--effect-static wp-block-uagb-image--align-none\"><figure class=\"wp-block-uagb-image__figure\"><img decoding=\"async\" srcset=\"https:\/\/v2charge.com\/wp-content\/uploads\/2023\/07\/anadir-dispositivo-google-home.jpg \" sizes=\"auto, (max-width: 480px) 150px\" src=\"https:\/\/v2charge.com\/wp-content\/uploads\/2023\/07\/anadir-dispositivo-google-home.jpg\" alt=\"\" class=\"uag-image-110568\" width=\"400\" height=\"560\" title=\"\" loading=\"lazy\"\/><figcaption class=\"uagb-image-caption\">1. Ve a la pesta\u00f1a &#8216;Dispositivos&#8217; <br>de abajo y pulsa &#8216;A\u00f1adir&#8217;.<\/figcaption><\/figure><\/div>\n<\/div>\n\n\n\n<div class=\"wp-block-uagb-container uagb-block-d5f68e50\">\n<div class=\"wp-block-uagb-image uagb-block-c0ed680a wp-block-uagb-image--layout-default wp-block-uagb-image--effect-static wp-block-uagb-image--align-none\"><figure class=\"wp-block-uagb-image__figure\"><img decoding=\"async\" srcset=\"https:\/\/v2charge.com\/wp-content\/uploads\/2023\/07\/configurar-dispositivo-google-home.jpg \" sizes=\"auto, (max-width: 480px) 150px\" src=\"https:\/\/v2charge.com\/wp-content\/uploads\/2023\/07\/configurar-dispositivo-google-home.jpg\" alt=\"\" class=\"uag-image-110577\" width=\"400\" height=\"560\" title=\"\" loading=\"lazy\"\/><figcaption class=\"uagb-image-caption\">2. Selecciona la opci\u00f3n<br> &#8216;Funciona con Google&#8217;.<\/figcaption><\/figure><\/div>\n<\/div>\n\n\n\n<div class=\"wp-block-uagb-container uagb-block-6c252685\">\n<div class=\"wp-block-uagb-image uagb-block-ebec98cb wp-block-uagb-image--layout-default wp-block-uagb-image--effect-static wp-block-uagb-image--align-none\"><figure class=\"wp-block-uagb-image__figure\"><img decoding=\"async\" srcset=\"https:\/\/v2charge.com\/wp-content\/uploads\/2023\/07\/v2c.jpg \" sizes=\"auto, (max-width: 480px) 150px\" src=\"https:\/\/v2charge.com\/wp-content\/uploads\/2023\/07\/v2c.jpg\" alt=\"\" class=\"uag-image-113442\" width=\"400\" height=\"560\" title=\"\" loading=\"lazy\"\/><figcaption class=\"uagb-image-caption\">3. Escribe &#8216;V2C&#8217; en <br>el buscador.<\/figcaption><\/figure><\/div>\n<\/div>\n<\/div><\/div>\n\n\n\n<div class=\"wp-block-uagb-container uagb-block-3e52c1b3 alignfull uagb-is-root-container\"><div class=\"uagb-container-inner-blocks-wrap\">\n<div class=\"wp-block-uagb-container uagb-block-32573786\">\n<div class=\"wp-block-uagb-image uagb-block-a0188092 wp-block-uagb-image--layout-default wp-block-uagb-image--effect-static wp-block-uagb-image--align-none\"><figure class=\"wp-block-uagb-image__figure\"><img decoding=\"async\" srcset=\"https:\/\/v2charge.com\/wp-content\/uploads\/2023\/07\/vincular-v2c-google-home.jpg \" sizes=\"auto, (max-width: 480px) 150px\" src=\"https:\/\/v2charge.com\/wp-content\/uploads\/2023\/07\/vincular-v2c-google-home.jpg\" alt=\"\" class=\"uag-image-110595\" width=\"400\" height=\"560\" title=\"\" loading=\"lazy\"\/><figcaption class=\"uagb-image-caption\">4. Inicia sesi\u00f3n con la <br>misma cuenta <br>de V2C Cloud.<\/figcaption><\/figure><\/div>\n<\/div>\n\n\n\n<div class=\"wp-block-uagb-container uagb-block-8100ad2c\">\n<div class=\"wp-block-uagb-image uagb-block-a346fd8a wp-block-uagb-image--layout-default wp-block-uagb-image--effect-static wp-block-uagb-image--align-none\"><figure class=\"wp-block-uagb-image__figure\"><img decoding=\"async\" srcset=\"https:\/\/v2charge.com\/wp-content\/uploads\/2023\/07\/dispositivos-google-home.jpg \" sizes=\"auto, (max-width: 480px) 150px\" src=\"https:\/\/v2charge.com\/wp-content\/uploads\/2023\/07\/dispositivos-google-home.jpg\" alt=\"\" class=\"uag-image-110604\" width=\"400\" height=\"560\" title=\"\" loading=\"lazy\"\/><figcaption class=\"uagb-image-caption\">5. Vuelve a la pesta\u00f1a de &#8216;Dispositivos&#8217; y <br>comprueba que se haya vinculado correctamente.<\/figcaption><\/figure><\/div>\n<\/div>\n<\/div><\/div>\n\n\n\n<p>Ahora que ya has realizado la vinculaci\u00f3n, conoce los <a href=\"https:\/\/v2charge.com\/es\/comandos-funcionales-google-home\/\">comandos funcionales de Google Home para controlar tu cargador.<\/a><\/p>\n\n\n\n<div style=\"height:100px\" aria-hidden=\"true\" class=\"wp-block-spacer\"><\/div>\n","protected":false},"excerpt":{"rendered":"<p>Vincula Google Home con tu cargador El punto de recarga Trydan&nbsp;es capaz de conectarse a dispositivos inteligentes como Google Home. Pasos previos Antes de vincular tu cargador con tu dispositivo Google Home, debes tener instalada la aplicaci\u00f3n de Google Home en tu m\u00f3vil. Accede a App Store (iOS) o a Google Play (Android) y busca &#8230; <a title=\"Vincula Google Home con tu cargador\" class=\"read-more\" href=\"https:\/\/v2charge.com\/es\/vincular-google-home-cargador\/\" aria-label=\"Leer m\u00e1s sobre Vincula Google Home con tu cargador\">Leer m\u00e1s<\/a><\/p>\n","protected":false},"author":400,"featured_media":170354,"parent":0,"menu_order":0,"comment_status":"closed","ping_status":"closed","template":"","meta":{"_eb_attr":"","content-type":"","_uag_custom_page_level_css":"","footnotes":""},"class_list":["post-110492","page","type-page","status-publish","has-post-thumbnail"],"yoast_head":"<!-- This site is optimized with the Yoast SEO plugin v25.3.1 - https:\/\/yoast.com\/wordpress\/plugins\/seo\/ -->\n<title>Vincula tu cargador con Google Home - Conectividad | V2C<\/title>\n<meta name=\"description\" content=\"El punto de recarga Trydan\u00a0es capaz de conectarse a dispositivos inteligentes como Google Home. Vincula tu cargador y controla tu e-Charger.\" \/>\n<meta name=\"robots\" content=\"index, follow, max-snippet:-1, max-image-preview:large, max-video-preview:-1\" \/>\n<link rel=\"canonical\" href=\"https:\/\/v2charge.com\/es\/modos-de-funcionamiento-fotovoltaico\/\" \/>\n<meta property=\"og:locale\" content=\"es_ES\" \/>\n<meta property=\"og:type\" content=\"article\" \/>\n<meta property=\"og:title\" content=\"Vincula tu cargador con Google Home - Conectividad | V2C\" \/>\n<meta property=\"og:description\" content=\"El punto de recarga Trydan\u00a0es capaz de conectarse a dispositivos inteligentes como Google Home. Vincula tu cargador y controla tu e-Charger.\" \/>\n<meta property=\"og:url\" content=\"https:\/\/v2charge.com\/es\/modos-de-funcionamiento-fotovoltaico\/\" \/>\n<meta property=\"og:site_name\" content=\"V2C\" \/>\n<meta property=\"article:publisher\" content=\"https:\/\/www.facebook.com\/V2C.Charge\" \/>\n<meta property=\"article:modified_time\" content=\"2023-07-14T11:18:58+00:00\" \/>\n<meta property=\"og:image\" content=\"https:\/\/v2charge.com\/wp-content\/uploads\/2023\/07\/descarga-google-home.jpg\" \/>\n<meta name=\"twitter:card\" content=\"summary_large_image\" \/>\n<meta name=\"twitter:site\" content=\"@V2C_Charge\" \/>\n<meta name=\"twitter:label1\" content=\"Tiempo de lectura\" \/>\n\t<meta name=\"twitter:data1\" content=\"2 minutos\" \/>\n<script type=\"application\/ld+json\" class=\"yoast-schema-graph\">{\"@context\":\"https:\/\/schema.org\",\"@graph\":[{\"@type\":\"WebPage\",\"@id\":\"https:\/\/v2charge.com\/es\/vincular-google-home-cargador\/\",\"url\":\"https:\/\/v2charge.com\/es\/modos-de-funcionamiento-fotovoltaico\/\",\"name\":\"Vincula tu cargador con Google Home - Conectividad | V2C\",\"isPartOf\":{\"@id\":\"https:\/\/v2charge.com\/es\/#website\"},\"primaryImageOfPage\":{\"@id\":\"https:\/\/v2charge.com\/es\/modos-de-funcionamiento-fotovoltaico\/#primaryimage\"},\"image\":{\"@id\":\"https:\/\/v2charge.com\/es\/modos-de-funcionamiento-fotovoltaico\/#primaryimage\"},\"thumbnailUrl\":\"https:\/\/v2charge.com\/wp-content\/uploads\/2024\/07\/v2c-electric-chargers.jpg\",\"datePublished\":\"2023-07-12T13:58:30+00:00\",\"dateModified\":\"2023-07-14T11:18:58+00:00\",\"description\":\"El punto de recarga Trydan\u00a0es capaz de conectarse a dispositivos inteligentes como Google Home. Vincula tu cargador y controla tu e-Charger.\",\"breadcrumb\":{\"@id\":\"https:\/\/v2charge.com\/es\/modos-de-funcionamiento-fotovoltaico\/#breadcrumb\"},\"inLanguage\":\"es\",\"potentialAction\":[{\"@type\":\"ReadAction\",\"target\":[\"https:\/\/v2charge.com\/es\/modos-de-funcionamiento-fotovoltaico\/\"]}]},{\"@type\":\"ImageObject\",\"inLanguage\":\"es\",\"@id\":\"https:\/\/v2charge.com\/es\/modos-de-funcionamiento-fotovoltaico\/#primaryimage\",\"url\":\"https:\/\/v2charge.com\/wp-content\/uploads\/2024\/07\/v2c-electric-chargers.jpg\",\"contentUrl\":\"https:\/\/v2charge.com\/wp-content\/uploads\/2024\/07\/v2c-electric-chargers.jpg\",\"width\":1200,\"height\":675,\"caption\":\"V2C Electric Chargers\"},{\"@type\":\"BreadcrumbList\",\"@id\":\"https:\/\/v2charge.com\/es\/modos-de-funcionamiento-fotovoltaico\/#breadcrumb\",\"itemListElement\":[{\"@type\":\"ListItem\",\"position\":1,\"name\":\"V2C\",\"item\":\"https:\/\/v2charge.com\/es\/\"},{\"@type\":\"ListItem\",\"position\":2,\"name\":\"Vincula Google Home con tu cargador\"}]},{\"@type\":\"WebSite\",\"@id\":\"https:\/\/v2charge.com\/es\/#website\",\"url\":\"https:\/\/v2charge.com\/es\/\",\"name\":\"V2C\",\"description\":\"#CargandoElMa\u00f1ana\",\"publisher\":{\"@id\":\"https:\/\/v2charge.com\/es\/#organization\"},\"potentialAction\":[{\"@type\":\"SearchAction\",\"target\":{\"@type\":\"EntryPoint\",\"urlTemplate\":\"https:\/\/v2charge.com\/es\/?s={search_term_string}\"},\"query-input\":{\"@type\":\"PropertyValueSpecification\",\"valueRequired\":true,\"valueName\":\"search_term_string\"}}],\"inLanguage\":\"es\"},{\"@type\":\"Organization\",\"@id\":\"https:\/\/v2charge.com\/es\/#organization\",\"name\":\"V2C\",\"url\":\"https:\/\/v2charge.com\/es\/\",\"logo\":{\"@type\":\"ImageObject\",\"inLanguage\":\"es\",\"@id\":\"https:\/\/v2charge.com\/es\/#\/schema\/logo\/image\/\",\"url\":\"https:\/\/v2charge.com\/wp-content\/uploads\/2024\/11\/cropped-v2c-charge-logo-menu.png\",\"contentUrl\":\"https:\/\/v2charge.com\/wp-content\/uploads\/2024\/11\/cropped-v2c-charge-logo-menu.png\",\"width\":984,\"height\":431,\"caption\":\"V2C\"},\"image\":{\"@id\":\"https:\/\/v2charge.com\/es\/#\/schema\/logo\/image\/\"},\"sameAs\":[\"https:\/\/www.facebook.com\/V2C.Charge\",\"https:\/\/x.com\/V2C_Charge\",\"https:\/\/www.instagram.com\/v2c.charge\/\",\"https:\/\/www.youtube.com\/@V2C\",\"https:\/\/www.linkedin.com\/company\/v2c-chargers\/\"]}]}<\/script>\n<!-- \/ Yoast SEO plugin. -->","yoast_head_json":{"title":"Vincula tu cargador con Google Home - Conectividad | V2C","description":"El punto de recarga Trydan\u00a0es capaz de conectarse a dispositivos inteligentes como Google Home. Vincula tu cargador y controla tu e-Charger.","robots":{"index":"index","follow":"follow","max-snippet":"max-snippet:-1","max-image-preview":"max-image-preview:large","max-video-preview":"max-video-preview:-1"},"canonical":"https:\/\/v2charge.com\/es\/modos-de-funcionamiento-fotovoltaico\/","og_locale":"es_ES","og_type":"article","og_title":"Vincula tu cargador con Google Home - Conectividad | V2C","og_description":"El punto de recarga Trydan\u00a0es capaz de conectarse a dispositivos inteligentes como Google Home. Vincula tu cargador y controla tu e-Charger.","og_url":"https:\/\/v2charge.com\/es\/modos-de-funcionamiento-fotovoltaico\/","og_site_name":"V2C","article_publisher":"https:\/\/www.facebook.com\/V2C.Charge","article_modified_time":"2023-07-14T11:18:58+00:00","og_image":[{"url":"https:\/\/v2charge.com\/wp-content\/uploads\/2023\/07\/descarga-google-home.jpg","type":"","width":"","height":""}],"twitter_card":"summary_large_image","twitter_site":"@V2C_Charge","twitter_misc":{"Tiempo de lectura":"2 minutos"},"schema":{"@context":"https:\/\/schema.org","@graph":[{"@type":"WebPage","@id":"https:\/\/v2charge.com\/es\/vincular-google-home-cargador\/","url":"https:\/\/v2charge.com\/es\/modos-de-funcionamiento-fotovoltaico\/","name":"Vincula tu cargador con Google Home - Conectividad | V2C","isPartOf":{"@id":"https:\/\/v2charge.com\/es\/#website"},"primaryImageOfPage":{"@id":"https:\/\/v2charge.com\/es\/modos-de-funcionamiento-fotovoltaico\/#primaryimage"},"image":{"@id":"https:\/\/v2charge.com\/es\/modos-de-funcionamiento-fotovoltaico\/#primaryimage"},"thumbnailUrl":"https:\/\/v2charge.com\/wp-content\/uploads\/2024\/07\/v2c-electric-chargers.jpg","datePublished":"2023-07-12T13:58:30+00:00","dateModified":"2023-07-14T11:18:58+00:00","description":"El punto de recarga Trydan\u00a0es capaz de conectarse a dispositivos inteligentes como Google Home. Vincula tu cargador y controla tu e-Charger.","breadcrumb":{"@id":"https:\/\/v2charge.com\/es\/modos-de-funcionamiento-fotovoltaico\/#breadcrumb"},"inLanguage":"es","potentialAction":[{"@type":"ReadAction","target":["https:\/\/v2charge.com\/es\/modos-de-funcionamiento-fotovoltaico\/"]}]},{"@type":"ImageObject","inLanguage":"es","@id":"https:\/\/v2charge.com\/es\/modos-de-funcionamiento-fotovoltaico\/#primaryimage","url":"https:\/\/v2charge.com\/wp-content\/uploads\/2024\/07\/v2c-electric-chargers.jpg","contentUrl":"https:\/\/v2charge.com\/wp-content\/uploads\/2024\/07\/v2c-electric-chargers.jpg","width":1200,"height":675,"caption":"V2C Electric Chargers"},{"@type":"BreadcrumbList","@id":"https:\/\/v2charge.com\/es\/modos-de-funcionamiento-fotovoltaico\/#breadcrumb","itemListElement":[{"@type":"ListItem","position":1,"name":"V2C","item":"https:\/\/v2charge.com\/es\/"},{"@type":"ListItem","position":2,"name":"Vincula Google Home con tu cargador"}]},{"@type":"WebSite","@id":"https:\/\/v2charge.com\/es\/#website","url":"https:\/\/v2charge.com\/es\/","name":"V2C","description":"#CargandoElMa\u00f1ana","publisher":{"@id":"https:\/\/v2charge.com\/es\/#organization"},"potentialAction":[{"@type":"SearchAction","target":{"@type":"EntryPoint","urlTemplate":"https:\/\/v2charge.com\/es\/?s={search_term_string}"},"query-input":{"@type":"PropertyValueSpecification","valueRequired":true,"valueName":"search_term_string"}}],"inLanguage":"es"},{"@type":"Organization","@id":"https:\/\/v2charge.com\/es\/#organization","name":"V2C","url":"https:\/\/v2charge.com\/es\/","logo":{"@type":"ImageObject","inLanguage":"es","@id":"https:\/\/v2charge.com\/es\/#\/schema\/logo\/image\/","url":"https:\/\/v2charge.com\/wp-content\/uploads\/2024\/11\/cropped-v2c-charge-logo-menu.png","contentUrl":"https:\/\/v2charge.com\/wp-content\/uploads\/2024\/11\/cropped-v2c-charge-logo-menu.png","width":984,"height":431,"caption":"V2C"},"image":{"@id":"https:\/\/v2charge.com\/es\/#\/schema\/logo\/image\/"},"sameAs":["https:\/\/www.facebook.com\/V2C.Charge","https:\/\/x.com\/V2C_Charge","https:\/\/www.instagram.com\/v2c.charge\/","https:\/\/www.youtube.com\/@V2C","https:\/\/www.linkedin.com\/company\/v2c-chargers\/"]}]}},"uagb_featured_image_src":{"full":["https:\/\/v2charge.com\/wp-content\/uploads\/2024\/07\/v2c-electric-chargers.jpg",1200,675,false],"thumbnail":["https:\/\/v2charge.com\/wp-content\/uploads\/2024\/07\/v2c-electric-chargers-150x150.jpg",150,150,true],"medium":["https:\/\/v2charge.com\/wp-content\/uploads\/2024\/07\/v2c-electric-chargers-300x169.jpg",300,169,true],"medium_large":["https:\/\/v2charge.com\/wp-content\/uploads\/2024\/07\/v2c-electric-chargers-768x432.jpg",768,432,true],"large":["https:\/\/v2charge.com\/wp-content\/uploads\/2024\/07\/v2c-electric-chargers-1024x576.jpg",1024,576,true],"gs-tiny":["https:\/\/v2charge.com\/wp-content\/uploads\/2024\/07\/v2c-electric-chargers.jpg",50,28,false],"xl":["https:\/\/v2charge.com\/wp-content\/uploads\/2024\/07\/v2c-electric-chargers.jpg",1200,675,false],"xxl":["https:\/\/v2charge.com\/wp-content\/uploads\/2024\/07\/v2c-electric-chargers.jpg",1200,675,false],"xxxl":["https:\/\/v2charge.com\/wp-content\/uploads\/2024\/07\/v2c-electric-chargers.jpg",1200,675,false],"xxxxl":["https:\/\/v2charge.com\/wp-content\/uploads\/2024\/07\/v2c-electric-chargers.jpg",1200,675,false],"xxxxxl":["https:\/\/v2charge.com\/wp-content\/uploads\/2024\/07\/v2c-electric-chargers.jpg",1200,675,false],"1536x1536":["https:\/\/v2charge.com\/wp-content\/uploads\/2024\/07\/v2c-electric-chargers.jpg",1200,675,false],"2048x2048":["https:\/\/v2charge.com\/wp-content\/uploads\/2024\/07\/v2c-electric-chargers.jpg",1200,675,false]},"uagb_author_info":{"display_name":"V2C","author_link":"https:\/\/v2charge.com\/es\/author\/marketing\/"},"uagb_comment_info":0,"uagb_excerpt":"Vincula Google Home con tu cargador El punto de recarga Trydan&nbsp;es capaz de conectarse a dispositivos inteligentes como Google Home. Pasos previos Antes de vincular tu cargador con tu dispositivo Google Home, debes tener instalada la aplicaci\u00f3n de Google Home en tu m\u00f3vil. Accede a App Store (iOS) o a Google Play (Android) y busca&hellip;","_links":{"self":[{"href":"https:\/\/v2charge.com\/es\/wp-json\/wp\/v2\/pages\/110492","targetHints":{"allow":["GET"]}}],"collection":[{"href":"https:\/\/v2charge.com\/es\/wp-json\/wp\/v2\/pages"}],"about":[{"href":"https:\/\/v2charge.com\/es\/wp-json\/wp\/v2\/types\/page"}],"author":[{"embeddable":true,"href":"https:\/\/v2charge.com\/es\/wp-json\/wp\/v2\/users\/400"}],"replies":[{"embeddable":true,"href":"https:\/\/v2charge.com\/es\/wp-json\/wp\/v2\/comments?post=110492"}],"version-history":[{"count":0,"href":"https:\/\/v2charge.com\/es\/wp-json\/wp\/v2\/pages\/110492\/revisions"}],"wp:featuredmedia":[{"embeddable":true,"href":"https:\/\/v2charge.com\/es\/wp-json\/wp\/v2\/media\/170354"}],"wp:attachment":[{"href":"https:\/\/v2charge.com\/es\/wp-json\/wp\/v2\/media?parent=110492"}],"curies":[{"name":"wp","href":"https:\/\/api.w.org\/{rel}","templated":true}]}}