{"id":114110,"date":"2023-07-18T14:22:35","date_gmt":"2023-07-18T14:22:35","guid":{"rendered":"https:\/\/v2charge.com\/?page_id=114110"},"modified":"2026-01-09T16:50:05","modified_gmt":"2026-01-09T14:50:05","slug":"indicaciones-iluminacion-led","status":"publish","type":"page","link":"https:\/\/v2charge.com\/es\/soporte\/trydan\/indicaciones-iluminacion-led\/","title":{"rendered":"Indicaciones de los colores LED del logo"},"content":{"rendered":"\n<div class=\"wp-block-uagb-container uagb-block-17e1a3db alignfull uagb-is-root-container\"><div class=\"uagb-container-inner-blocks-wrap\"><div class=\"yoast-breadcrumbs\"><span><span><a href=\"https:\/\/v2charge.com\/es\/\">V2C<\/a><\/span> \u00bb <span><a href=\"https:\/\/v2charge.com\/es\/soporte\/\">\u00c1rea de Soporte<\/a><\/span> \u00bb <span><a href=\"https:\/\/v2charge.com\/es\/soporte\/trydan\/\">Soporte para Trydan<\/a><\/span> \u00bb <span class=\"breadcrumb_last\" aria-current=\"page\">Indicaciones de los colores LED del logo<\/span><\/span><\/div>\n\n\n<h1 class=\"wp-block-heading\">Indicaciones de los colores LED del logo<\/h1>\n<\/div><\/div>\n\n\n\n<div class=\"wp-block-uagb-container uagb-block-c483af30 alignfull uagb-is-root-container\"><div class=\"uagb-container-inner-blocks-wrap\">\n<div class=\"wp-block-uagb-container uagb-block-9d0ad235\">\n<div class=\"wp-block-uagb-image uagb-block-4833ea13 wp-block-uagb-image--layout-default wp-block-uagb-image--effect-static wp-block-uagb-image--align-none\"><figure class=\"wp-block-uagb-image__figure\"><img decoding=\"async\" srcset=\"https:\/\/v2charge.com\/wp-content\/uploads\/2023\/07\/logo-v2c-blanco.jpg ,https:\/\/v2charge.com\/wp-content\/uploads\/2023\/07\/logo-v2c-blanco.jpg 780w, https:\/\/v2charge.com\/wp-content\/uploads\/2023\/07\/logo-v2c-blanco.jpg 360w\" sizes=\"auto, (max-width: 480px) 150px\" src=\"https:\/\/v2charge.com\/wp-content\/uploads\/2023\/07\/logo-v2c-blanco.jpg\" alt=\"\" class=\"uag-image-114299\" width=\"303\" height=\"300\" title=\"\" loading=\"lazy\" role=\"img\"\/><\/figure><\/div>\n<\/div>\n\n\n\n<div class=\"wp-block-uagb-container uagb-block-01c41ba6\">\n<p><strong>Blanco:<\/strong>&nbsp;el veh\u00edculo no est\u00e1 conectado.<br><br><strong>Blanco con parpadeo:<\/strong>&nbsp;la rutina de conexi\u00f3n o reconexi\u00f3n WiFi est\u00e1 activa. Es decir, se est\u00e1 procesando la conexi\u00f3n via WiFi.<\/p>\n<\/div>\n<\/div><\/div>\n\n\n\n<div class=\"wp-block-uagb-container uagb-block-bfb0e86e alignfull uagb-is-root-container\"><div class=\"uagb-container-inner-blocks-wrap\">\n<div class=\"wp-block-uagb-container uagb-block-abca8cd0\">\n<div class=\"wp-block-uagb-image uagb-block-9bfa1a97 wp-block-uagb-image--layout-default wp-block-uagb-image--effect-static wp-block-uagb-image--align-none\"><figure class=\"wp-block-uagb-image__figure\"><img decoding=\"async\" srcset=\"https:\/\/v2charge.com\/wp-content\/uploads\/2023\/07\/logo-v2c-azul-oscuro.jpg ,https:\/\/v2charge.com\/wp-content\/uploads\/2023\/07\/logo-v2c-azul-oscuro.jpg 780w, https:\/\/v2charge.com\/wp-content\/uploads\/2023\/07\/logo-v2c-azul-oscuro.jpg 360w\" sizes=\"auto, (max-width: 480px) 150px\" src=\"https:\/\/v2charge.com\/wp-content\/uploads\/2023\/07\/logo-v2c-azul-oscuro.jpg\" alt=\"\" class=\"uag-image-114309\" width=\"303\" height=\"300\" title=\"\" loading=\"lazy\" role=\"img\"\/><\/figure><\/div>\n<\/div>\n\n\n\n<div class=\"wp-block-uagb-container uagb-block-37a9717e\">\n<p><strong>Azul oscuro con parpadeo:<\/strong>&nbsp;el veh\u00edculo est\u00e1 cargando. La velocidad del parpadeo est\u00e1 directamente relacionada con la intensidad de la carga.<\/p>\n<\/div>\n<\/div><\/div>\n\n\n\n<div class=\"wp-block-uagb-container uagb-block-781ad5e9 alignfull uagb-is-root-container\"><div class=\"uagb-container-inner-blocks-wrap\">\n<div class=\"wp-block-uagb-container uagb-block-4aed571f\">\n<div class=\"wp-block-uagb-image uagb-block-4c1296d9 wp-block-uagb-image--layout-default wp-block-uagb-image--effect-static wp-block-uagb-image--align-none\"><figure class=\"wp-block-uagb-image__figure\"><img decoding=\"async\" srcset=\"https:\/\/v2charge.com\/wp-content\/uploads\/2023\/07\/logo-v2c-azul-claro.jpg ,https:\/\/v2charge.com\/wp-content\/uploads\/2023\/07\/logo-v2c-azul-claro.jpg 780w, https:\/\/v2charge.com\/wp-content\/uploads\/2023\/07\/logo-v2c-azul-claro.jpg 360w\" sizes=\"auto, (max-width: 480px) 150px\" src=\"https:\/\/v2charge.com\/wp-content\/uploads\/2023\/07\/logo-v2c-azul-claro.jpg\" alt=\"\" class=\"uag-image-114318\" width=\"303\" height=\"300\" title=\"\" loading=\"lazy\" role=\"img\"\/><\/figure><\/div>\n<\/div>\n\n\n\n<div class=\"wp-block-uagb-container uagb-block-e4f870ad\">\n<p><strong>Azul claro:&nbsp;<\/strong>temporizador activado, es decir, hay una carga programada.<\/p>\n<\/div>\n<\/div><\/div>\n\n\n\n<div class=\"wp-block-uagb-container uagb-block-075bcc5a alignfull uagb-is-root-container\"><div class=\"uagb-container-inner-blocks-wrap\">\n<div class=\"wp-block-uagb-container uagb-block-7fb073e2\">\n<div class=\"wp-block-uagb-image uagb-block-905fe628 wp-block-uagb-image--layout-default wp-block-uagb-image--effect-static wp-block-uagb-image--align-none\"><figure class=\"wp-block-uagb-image__figure\"><img decoding=\"async\" srcset=\"https:\/\/v2charge.com\/wp-content\/uploads\/2023\/07\/verde.jpg ,https:\/\/v2charge.com\/wp-content\/uploads\/2023\/07\/verde.jpg 780w, https:\/\/v2charge.com\/wp-content\/uploads\/2023\/07\/verde.jpg 360w\" sizes=\"auto, (max-width: 480px) 150px\" src=\"https:\/\/v2charge.com\/wp-content\/uploads\/2023\/07\/verde.jpg\" alt=\"\" class=\"uag-image-114129\" width=\"303\" height=\"300\" title=\"\" loading=\"lazy\" role=\"img\"\/><\/figure><\/div>\n<\/div>\n\n\n\n<div class=\"wp-block-uagb-container uagb-block-50027222\">\n<p><strong>Verde:<\/strong>&nbsp;la carga del veh\u00edculo est\u00e1 completa.<br><br><strong>Verde con parpadeo:<\/strong>&nbsp;el cargador se ha conectado correctamente a la red WiFi. El parpadeo dura un segundo.<\/p>\n<\/div>\n<\/div><\/div>\n\n\n\n<div class=\"wp-block-uagb-container uagb-block-8b504286 alignfull uagb-is-root-container\"><div class=\"uagb-container-inner-blocks-wrap\">\n<div class=\"wp-block-uagb-container uagb-block-022e5896\">\n<div class=\"wp-block-uagb-image uagb-block-5d05a7d8 wp-block-uagb-image--layout-default wp-block-uagb-image--effect-static wp-block-uagb-image--align-none\"><figure class=\"wp-block-uagb-image__figure\"><img decoding=\"async\" srcset=\"https:\/\/v2charge.com\/wp-content\/uploads\/2023\/07\/logo-v2c-rojo.jpg ,https:\/\/v2charge.com\/wp-content\/uploads\/2023\/07\/logo-v2c-rojo.jpg 780w, https:\/\/v2charge.com\/wp-content\/uploads\/2023\/07\/logo-v2c-rojo.jpg 360w\" sizes=\"auto, (max-width: 480px) 150px\" src=\"https:\/\/v2charge.com\/wp-content\/uploads\/2023\/07\/logo-v2c-rojo.jpg\" alt=\"\" class=\"uag-image-114327\" width=\"303\" height=\"300\" title=\"\" loading=\"lazy\" role=\"img\"\/><\/figure><\/div>\n<\/div>\n\n\n\n<div class=\"wp-block-uagb-container uagb-block-05c65a2d\">\n<p><strong>Rojo:<\/strong>&nbsp;Error.<br><br>En el display aparecer\u00e1 un c\u00f3digo del error y una peque\u00f1a descripci\u00f3n del mismo. El c\u00f3digo de errores tiene la siguiente estructura (5 cifras): XX YYY.<br><br>En este link puedes consultar&nbsp;la <a href=\"https:\/\/v2charge.com\/es\/soporte\/control-potencia\/dinamico\/solucion-errores\/\"><strong>soluci\u00f3n a los errores de conexi\u00f3n<\/strong><\/a>.<\/p>\n<\/div>\n<\/div><\/div>\n\n\n\n<div class=\"wp-block-uagb-container uagb-block-8e3e2e11 alignfull uagb-is-root-container\"><div class=\"uagb-container-inner-blocks-wrap\">\n<div class=\"wp-block-uagb-container uagb-block-cd20456f\">\n<div class=\"wp-block-uagb-image uagb-block-c12dea5f wp-block-uagb-image--layout-default wp-block-uagb-image--effect-static wp-block-uagb-image--align-none\"><figure class=\"wp-block-uagb-image__figure\"><img decoding=\"async\" srcset=\"https:\/\/v2charge.com\/wp-content\/uploads\/2023\/07\/logo-v2c-azul-amarillo.jpg ,https:\/\/v2charge.com\/wp-content\/uploads\/2023\/07\/logo-v2c-azul-amarillo.jpg 780w, https:\/\/v2charge.com\/wp-content\/uploads\/2023\/07\/logo-v2c-azul-amarillo.jpg 360w\" sizes=\"auto, (max-width: 480px) 150px\" src=\"https:\/\/v2charge.com\/wp-content\/uploads\/2023\/07\/logo-v2c-azul-amarillo.jpg\" alt=\"\" class=\"uag-image-114336\" width=\"303\" height=\"300\" title=\"\" loading=\"lazy\" role=\"img\"\/><\/figure><\/div>\n<\/div>\n\n\n\n<div class=\"wp-block-uagb-container uagb-block-6e38a28e\">\n<p><strong>Amarillo:&nbsp;<\/strong>Error Control Pilot (error de comunicaci\u00f3n del coche) o falta potencia para poder cargar con control din\u00e1mico.<\/p>\n<\/div>\n<\/div><\/div>\n\n\n\n<div class=\"wp-block-uagb-container uagb-block-947db374 alignfull uagb-is-root-container\"><div class=\"uagb-container-inner-blocks-wrap\">\n<div class=\"wp-block-uagb-container uagb-block-eeb7c9f6\">\n<div class=\"wp-block-uagb-image uagb-block-bd485835 wp-block-uagb-image--layout-default wp-block-uagb-image--effect-static wp-block-uagb-image--align-none\"><figure class=\"wp-block-uagb-image__figure\"><img decoding=\"async\" srcset=\"https:\/\/v2charge.com\/wp-content\/uploads\/2023\/07\/logo-v2c-azul-rosa.jpg ,https:\/\/v2charge.com\/wp-content\/uploads\/2023\/07\/logo-v2c-azul-rosa.jpg 780w, https:\/\/v2charge.com\/wp-content\/uploads\/2023\/07\/logo-v2c-azul-rosa.jpg 360w\" sizes=\"auto, (max-width: 480px) 150px\" src=\"https:\/\/v2charge.com\/wp-content\/uploads\/2023\/07\/logo-v2c-azul-rosa.jpg\" alt=\"\" class=\"uag-image-114370\" width=\"303\" height=\"300\" title=\"\" loading=\"lazy\" role=\"img\"\/><\/figure><\/div>\n<\/div>\n\n\n\n<div class=\"wp-block-uagb-container uagb-block-217c8c38\">\n<p><strong>Rosa:<\/strong>&nbsp;el e-Charger se est\u00e1 actualizando.<\/p>\n<\/div>\n<\/div><\/div>\n\n\n\n<div class=\"wp-block-uagb-container uagb-block-c6f38013 alignfull uagb-is-root-container\"><div class=\"uagb-container-inner-blocks-wrap\">\n<div class=\"wp-block-uagb-advanced-heading uagb-block-6963d70c\"><h2 class=\"uagb-heading-text\"><strong>\u00bfNecesitas soporte t\u00e9cnico?<\/strong><\/h2><\/div>\n\n\n\n<div class=\"wp-block-uagb-advanced-heading uagb-block-408243eb\"><p class=\"uagb-heading-text\">Resuelve tu incidencia al instante a trav\u00e9s de nuestro Chat con IA. Si no se resuelve, genera una solicitud en el Centro de Soporte T\u00e9cnico y nos pondremos en contacto contigo lo antes posible para ofrecerte la mejor soluci\u00f3n.<\/p><\/div>\n\n\n\n<div class=\"wp-block-uagb-info-box uagb-block-12e3cf1c uagb-infobox__content-wrap  uagb-infobox-icon-left uagb-infobox-left uagb-infobox-image-valign-top wp-block-uagb-info-box--has-margin ai-chatbot-button\"><div class=\"uagb-infobox-margin-wrapper\"><div class=\"uagb-ifb-image-content\"><img decoding=\"async\" src=\"https:\/\/v2charge.com\/wp-content\/uploads\/2026\/01\/support-ai-chatbot.png\" alt=\"\" width=\"20\" height=\"19\" loading=\"lazy\"\/><\/div><div class=\"uagb-ifb-content\"><div class=\"uagb-ifb-title-wrap\"><\/div><div class=\"uagb-ifb-button-wrapper wp-block-button\"><a href=\"https:\/\/v2charge.com\/v2c-support-web\/\" class=\"uagb-infobox-cta-link wp-block-button__link\" target=\"_blank\" rel=\"noopener noreferrer\" onclick=\"return true;\"><span class=\"uagb-inline-editing\">Pregunta a nuestro Chat con IA<\/span><\/a><\/div><\/div><\/div><\/div>\n\n\n\n<div class=\"wp-block-uagb-buttons uagb-buttons__outer-wrap uagb-btn__default-btn uagb-btn-tablet__default-btn uagb-btn-mobile__default-btn uagb-block-ba1e67d1\"><div class=\"uagb-buttons__wrap uagb-buttons-layout-wrap \">\n<div class=\"wp-block-uagb-buttons-child uagb-buttons__outer-wrap uagb-block-23cfb623 wp-block-button\"><div class=\"uagb-button__wrapper\"><a class=\"uagb-buttons-repeater wp-block-button__link\" aria-label=\"\" href=\"https:\/\/v2charge.atlassian.net\/servicedesk\/customer\/portal\/3\" rel=\"follow noopener\" target=\"_blank\" role=\"button\"><div class=\"uagb-button__link\">Contacta con Soporte T\u00e9cnico<\/div><\/a><\/div><\/div>\n<\/div><\/div>\n<\/div><\/div>\n","protected":false},"excerpt":{"rendered":"<p>Indicaciones de los colores LED del logo Blanco:&nbsp;el veh\u00edculo no est\u00e1 conectado. Blanco con parpadeo:&nbsp;la rutina de conexi\u00f3n o reconexi\u00f3n WiFi est\u00e1 activa. Es decir, se est\u00e1 procesando la conexi\u00f3n via WiFi. Azul oscuro con parpadeo:&nbsp;el veh\u00edculo est\u00e1 cargando. La velocidad del parpadeo est\u00e1 directamente relacionada con la intensidad de la carga. Azul claro:&nbsp;temporizador activado, &#8230; <a title=\"Indicaciones de los colores LED del logo\" class=\"read-more\" href=\"https:\/\/v2charge.com\/es\/soporte\/trydan\/indicaciones-iluminacion-led\/\" aria-label=\"Leer m\u00e1s sobre Indicaciones de los colores LED del logo\">Leer m\u00e1s<\/a><\/p>\n","protected":false},"author":400,"featured_media":170354,"parent":71836,"menu_order":0,"comment_status":"closed","ping_status":"closed","template":"","meta":{"_eb_attr":"","content-type":"","_uag_custom_page_level_css":"","footnotes":""},"class_list":["post-114110","page","type-page","status-publish","has-post-thumbnail"],"yoast_head":"<!-- This site is optimized with the Yoast SEO plugin v25.3.1 - https:\/\/yoast.com\/wordpress\/plugins\/seo\/ -->\n<title>Indicaciones de los colores LED del logo - Trydan<\/title>\n<meta name=\"description\" content=\"El logo de V2C situado en la parte frontal de Trydan se ilumina seg\u00fan el estado de carga. Conoce los diferentes significados.\" \/>\n<meta name=\"robots\" content=\"index, follow, max-snippet:-1, max-image-preview:large, max-video-preview:-1\" \/>\n<link rel=\"canonical\" href=\"https:\/\/v2charge.com\/es\/soporte\/trydan\/indicaciones-iluminacion-led\/\" \/>\n<meta property=\"og:locale\" content=\"es_ES\" \/>\n<meta property=\"og:type\" content=\"article\" \/>\n<meta property=\"og:title\" content=\"Indicaciones de los colores LED del logo - Trydan\" \/>\n<meta property=\"og:description\" content=\"El logo de V2C situado en la parte frontal de Trydan se ilumina seg\u00fan el estado de carga. Conoce los diferentes significados.\" \/>\n<meta property=\"og:url\" content=\"https:\/\/v2charge.com\/es\/soporte\/trydan\/indicaciones-iluminacion-led\/\" \/>\n<meta property=\"og:site_name\" content=\"V2C\" \/>\n<meta property=\"article:publisher\" content=\"https:\/\/www.facebook.com\/V2C.Charge\" \/>\n<meta property=\"article:modified_time\" content=\"2026-01-09T14:50:05+00:00\" \/>\n<meta property=\"og:image\" content=\"https:\/\/v2charge.com\/wp-content\/uploads\/2024\/07\/v2c-electric-chargers.jpg\" \/>\n\t<meta property=\"og:image:width\" content=\"1200\" \/>\n\t<meta property=\"og:image:height\" content=\"675\" \/>\n\t<meta property=\"og:image:type\" content=\"image\/jpeg\" \/>\n<meta name=\"twitter:card\" content=\"summary_large_image\" \/>\n<meta name=\"twitter:site\" content=\"@V2C_Charge\" \/>\n<meta name=\"twitter:label1\" content=\"Tiempo de lectura\" \/>\n\t<meta name=\"twitter:data1\" content=\"3 minutos\" \/>\n<script type=\"application\/ld+json\" class=\"yoast-schema-graph\">{\"@context\":\"https:\/\/schema.org\",\"@graph\":[{\"@type\":\"WebPage\",\"@id\":\"https:\/\/v2charge.com\/es\/soporte\/trydan\/indicaciones-iluminacion-led\/\",\"url\":\"https:\/\/v2charge.com\/es\/soporte\/trydan\/indicaciones-iluminacion-led\/\",\"name\":\"Indicaciones de los colores LED del logo - Trydan\",\"isPartOf\":{\"@id\":\"https:\/\/v2charge.com\/es\/#website\"},\"primaryImageOfPage\":{\"@id\":\"https:\/\/v2charge.com\/es\/soporte\/trydan\/indicaciones-iluminacion-led\/#primaryimage\"},\"image\":{\"@id\":\"https:\/\/v2charge.com\/es\/soporte\/trydan\/indicaciones-iluminacion-led\/#primaryimage\"},\"thumbnailUrl\":\"https:\/\/v2charge.com\/wp-content\/uploads\/2024\/07\/v2c-electric-chargers.jpg\",\"datePublished\":\"2023-07-18T14:22:35+00:00\",\"dateModified\":\"2026-01-09T14:50:05+00:00\",\"description\":\"El logo de V2C situado en la parte frontal de Trydan se ilumina seg\u00fan el estado de carga. Conoce los diferentes significados.\",\"breadcrumb\":{\"@id\":\"https:\/\/v2charge.com\/es\/soporte\/trydan\/indicaciones-iluminacion-led\/#breadcrumb\"},\"inLanguage\":\"es\",\"potentialAction\":[{\"@type\":\"ReadAction\",\"target\":[\"https:\/\/v2charge.com\/es\/soporte\/trydan\/indicaciones-iluminacion-led\/\"]}]},{\"@type\":\"ImageObject\",\"inLanguage\":\"es\",\"@id\":\"https:\/\/v2charge.com\/es\/soporte\/trydan\/indicaciones-iluminacion-led\/#primaryimage\",\"url\":\"https:\/\/v2charge.com\/wp-content\/uploads\/2024\/07\/v2c-electric-chargers.jpg\",\"contentUrl\":\"https:\/\/v2charge.com\/wp-content\/uploads\/2024\/07\/v2c-electric-chargers.jpg\",\"width\":1200,\"height\":675,\"caption\":\"V2C Electric Chargers\"},{\"@type\":\"BreadcrumbList\",\"@id\":\"https:\/\/v2charge.com\/es\/soporte\/trydan\/indicaciones-iluminacion-led\/#breadcrumb\",\"itemListElement\":[{\"@type\":\"ListItem\",\"position\":1,\"name\":\"V2C\",\"item\":\"https:\/\/v2charge.com\/es\/\"},{\"@type\":\"ListItem\",\"position\":2,\"name\":\"\u00c1rea de Soporte\",\"item\":\"https:\/\/v2charge.com\/es\/soporte\/\"},{\"@type\":\"ListItem\",\"position\":3,\"name\":\"Soporte para Trydan\",\"item\":\"https:\/\/v2charge.com\/es\/soporte\/trydan\/\"},{\"@type\":\"ListItem\",\"position\":4,\"name\":\"Indicaciones de los colores LED del logo\"}]},{\"@type\":\"WebSite\",\"@id\":\"https:\/\/v2charge.com\/es\/#website\",\"url\":\"https:\/\/v2charge.com\/es\/\",\"name\":\"V2C\",\"description\":\"#CargandoElMa\u00f1ana\",\"publisher\":{\"@id\":\"https:\/\/v2charge.com\/es\/#organization\"},\"potentialAction\":[{\"@type\":\"SearchAction\",\"target\":{\"@type\":\"EntryPoint\",\"urlTemplate\":\"https:\/\/v2charge.com\/es\/?s={search_term_string}\"},\"query-input\":{\"@type\":\"PropertyValueSpecification\",\"valueRequired\":true,\"valueName\":\"search_term_string\"}}],\"inLanguage\":\"es\"},{\"@type\":\"Organization\",\"@id\":\"https:\/\/v2charge.com\/es\/#organization\",\"name\":\"V2C\",\"url\":\"https:\/\/v2charge.com\/es\/\",\"logo\":{\"@type\":\"ImageObject\",\"inLanguage\":\"es\",\"@id\":\"https:\/\/v2charge.com\/es\/#\/schema\/logo\/image\/\",\"url\":\"https:\/\/v2charge.com\/wp-content\/uploads\/2024\/11\/cropped-v2c-charge-logo-menu.png\",\"contentUrl\":\"https:\/\/v2charge.com\/wp-content\/uploads\/2024\/11\/cropped-v2c-charge-logo-menu.png\",\"width\":984,\"height\":431,\"caption\":\"V2C\"},\"image\":{\"@id\":\"https:\/\/v2charge.com\/es\/#\/schema\/logo\/image\/\"},\"sameAs\":[\"https:\/\/www.facebook.com\/V2C.Charge\",\"https:\/\/x.com\/V2C_Charge\",\"https:\/\/www.instagram.com\/v2c.charge\/\",\"https:\/\/www.youtube.com\/@V2C\",\"https:\/\/www.linkedin.com\/company\/v2c-chargers\/\"]}]}<\/script>\n<!-- \/ Yoast SEO plugin. -->","yoast_head_json":{"title":"Indicaciones de los colores LED del logo - Trydan","description":"El logo de V2C situado en la parte frontal de Trydan se ilumina seg\u00fan el estado de carga. Conoce los diferentes significados.","robots":{"index":"index","follow":"follow","max-snippet":"max-snippet:-1","max-image-preview":"max-image-preview:large","max-video-preview":"max-video-preview:-1"},"canonical":"https:\/\/v2charge.com\/es\/soporte\/trydan\/indicaciones-iluminacion-led\/","og_locale":"es_ES","og_type":"article","og_title":"Indicaciones de los colores LED del logo - Trydan","og_description":"El logo de V2C situado en la parte frontal de Trydan se ilumina seg\u00fan el estado de carga. Conoce los diferentes significados.","og_url":"https:\/\/v2charge.com\/es\/soporte\/trydan\/indicaciones-iluminacion-led\/","og_site_name":"V2C","article_publisher":"https:\/\/www.facebook.com\/V2C.Charge","article_modified_time":"2026-01-09T14:50:05+00:00","og_image":[{"width":1200,"height":675,"url":"https:\/\/v2charge.com\/wp-content\/uploads\/2024\/07\/v2c-electric-chargers.jpg","type":"image\/jpeg"}],"twitter_card":"summary_large_image","twitter_site":"@V2C_Charge","twitter_misc":{"Tiempo de lectura":"3 minutos"},"schema":{"@context":"https:\/\/schema.org","@graph":[{"@type":"WebPage","@id":"https:\/\/v2charge.com\/es\/soporte\/trydan\/indicaciones-iluminacion-led\/","url":"https:\/\/v2charge.com\/es\/soporte\/trydan\/indicaciones-iluminacion-led\/","name":"Indicaciones de los colores LED del logo - Trydan","isPartOf":{"@id":"https:\/\/v2charge.com\/es\/#website"},"primaryImageOfPage":{"@id":"https:\/\/v2charge.com\/es\/soporte\/trydan\/indicaciones-iluminacion-led\/#primaryimage"},"image":{"@id":"https:\/\/v2charge.com\/es\/soporte\/trydan\/indicaciones-iluminacion-led\/#primaryimage"},"thumbnailUrl":"https:\/\/v2charge.com\/wp-content\/uploads\/2024\/07\/v2c-electric-chargers.jpg","datePublished":"2023-07-18T14:22:35+00:00","dateModified":"2026-01-09T14:50:05+00:00","description":"El logo de V2C situado en la parte frontal de Trydan se ilumina seg\u00fan el estado de carga. Conoce los diferentes significados.","breadcrumb":{"@id":"https:\/\/v2charge.com\/es\/soporte\/trydan\/indicaciones-iluminacion-led\/#breadcrumb"},"inLanguage":"es","potentialAction":[{"@type":"ReadAction","target":["https:\/\/v2charge.com\/es\/soporte\/trydan\/indicaciones-iluminacion-led\/"]}]},{"@type":"ImageObject","inLanguage":"es","@id":"https:\/\/v2charge.com\/es\/soporte\/trydan\/indicaciones-iluminacion-led\/#primaryimage","url":"https:\/\/v2charge.com\/wp-content\/uploads\/2024\/07\/v2c-electric-chargers.jpg","contentUrl":"https:\/\/v2charge.com\/wp-content\/uploads\/2024\/07\/v2c-electric-chargers.jpg","width":1200,"height":675,"caption":"V2C Electric Chargers"},{"@type":"BreadcrumbList","@id":"https:\/\/v2charge.com\/es\/soporte\/trydan\/indicaciones-iluminacion-led\/#breadcrumb","itemListElement":[{"@type":"ListItem","position":1,"name":"V2C","item":"https:\/\/v2charge.com\/es\/"},{"@type":"ListItem","position":2,"name":"\u00c1rea de Soporte","item":"https:\/\/v2charge.com\/es\/soporte\/"},{"@type":"ListItem","position":3,"name":"Soporte para Trydan","item":"https:\/\/v2charge.com\/es\/soporte\/trydan\/"},{"@type":"ListItem","position":4,"name":"Indicaciones de los colores LED del logo"}]},{"@type":"WebSite","@id":"https:\/\/v2charge.com\/es\/#website","url":"https:\/\/v2charge.com\/es\/","name":"V2C","description":"#CargandoElMa\u00f1ana","publisher":{"@id":"https:\/\/v2charge.com\/es\/#organization"},"potentialAction":[{"@type":"SearchAction","target":{"@type":"EntryPoint","urlTemplate":"https:\/\/v2charge.com\/es\/?s={search_term_string}"},"query-input":{"@type":"PropertyValueSpecification","valueRequired":true,"valueName":"search_term_string"}}],"inLanguage":"es"},{"@type":"Organization","@id":"https:\/\/v2charge.com\/es\/#organization","name":"V2C","url":"https:\/\/v2charge.com\/es\/","logo":{"@type":"ImageObject","inLanguage":"es","@id":"https:\/\/v2charge.com\/es\/#\/schema\/logo\/image\/","url":"https:\/\/v2charge.com\/wp-content\/uploads\/2024\/11\/cropped-v2c-charge-logo-menu.png","contentUrl":"https:\/\/v2charge.com\/wp-content\/uploads\/2024\/11\/cropped-v2c-charge-logo-menu.png","width":984,"height":431,"caption":"V2C"},"image":{"@id":"https:\/\/v2charge.com\/es\/#\/schema\/logo\/image\/"},"sameAs":["https:\/\/www.facebook.com\/V2C.Charge","https:\/\/x.com\/V2C_Charge","https:\/\/www.instagram.com\/v2c.charge\/","https:\/\/www.youtube.com\/@V2C","https:\/\/www.linkedin.com\/company\/v2c-chargers\/"]}]}},"uagb_featured_image_src":{"full":["https:\/\/v2charge.com\/wp-content\/uploads\/2024\/07\/v2c-electric-chargers.jpg",1200,675,false],"thumbnail":["https:\/\/v2charge.com\/wp-content\/uploads\/2024\/07\/v2c-electric-chargers-150x150.jpg",150,150,true],"medium":["https:\/\/v2charge.com\/wp-content\/uploads\/2024\/07\/v2c-electric-chargers-300x169.jpg",300,169,true],"medium_large":["https:\/\/v2charge.com\/wp-content\/uploads\/2024\/07\/v2c-electric-chargers-768x432.jpg",768,432,true],"large":["https:\/\/v2charge.com\/wp-content\/uploads\/2024\/07\/v2c-electric-chargers-1024x576.jpg",1024,576,true],"gs-tiny":["https:\/\/v2charge.com\/wp-content\/uploads\/2024\/07\/v2c-electric-chargers.jpg",50,28,false],"xl":["https:\/\/v2charge.com\/wp-content\/uploads\/2024\/07\/v2c-electric-chargers.jpg",1200,675,false],"xxl":["https:\/\/v2charge.com\/wp-content\/uploads\/2024\/07\/v2c-electric-chargers.jpg",1200,675,false],"xxxl":["https:\/\/v2charge.com\/wp-content\/uploads\/2024\/07\/v2c-electric-chargers.jpg",1200,675,false],"xxxxl":["https:\/\/v2charge.com\/wp-content\/uploads\/2024\/07\/v2c-electric-chargers.jpg",1200,675,false],"xxxxxl":["https:\/\/v2charge.com\/wp-content\/uploads\/2024\/07\/v2c-electric-chargers.jpg",1200,675,false],"1536x1536":["https:\/\/v2charge.com\/wp-content\/uploads\/2024\/07\/v2c-electric-chargers.jpg",1200,675,false],"2048x2048":["https:\/\/v2charge.com\/wp-content\/uploads\/2024\/07\/v2c-electric-chargers.jpg",1200,675,false]},"uagb_author_info":{"display_name":"V2C","author_link":"https:\/\/v2charge.com\/es\/author\/marketing\/"},"uagb_comment_info":0,"uagb_excerpt":"Indicaciones de los colores LED del logo Blanco:&nbsp;el veh\u00edculo no est\u00e1 conectado. Blanco con parpadeo:&nbsp;la rutina de conexi\u00f3n o reconexi\u00f3n WiFi est\u00e1 activa. Es decir, se est\u00e1 procesando la conexi\u00f3n via WiFi. Azul oscuro con parpadeo:&nbsp;el veh\u00edculo est\u00e1 cargando. La velocidad del parpadeo est\u00e1 directamente relacionada con la intensidad de la carga. Azul claro:&nbsp;temporizador activado,&hellip;","_links":{"self":[{"href":"https:\/\/v2charge.com\/es\/wp-json\/wp\/v2\/pages\/114110","targetHints":{"allow":["GET"]}}],"collection":[{"href":"https:\/\/v2charge.com\/es\/wp-json\/wp\/v2\/pages"}],"about":[{"href":"https:\/\/v2charge.com\/es\/wp-json\/wp\/v2\/types\/page"}],"author":[{"embeddable":true,"href":"https:\/\/v2charge.com\/es\/wp-json\/wp\/v2\/users\/400"}],"replies":[{"embeddable":true,"href":"https:\/\/v2charge.com\/es\/wp-json\/wp\/v2\/comments?post=114110"}],"version-history":[{"count":4,"href":"https:\/\/v2charge.com\/es\/wp-json\/wp\/v2\/pages\/114110\/revisions"}],"predecessor-version":[{"id":294833,"href":"https:\/\/v2charge.com\/es\/wp-json\/wp\/v2\/pages\/114110\/revisions\/294833"}],"up":[{"embeddable":true,"href":"https:\/\/v2charge.com\/es\/wp-json\/wp\/v2\/pages\/71836"}],"wp:featuredmedia":[{"embeddable":true,"href":"https:\/\/v2charge.com\/es\/wp-json\/wp\/v2\/media\/170354"}],"wp:attachment":[{"href":"https:\/\/v2charge.com\/es\/wp-json\/wp\/v2\/media?parent=114110"}],"curies":[{"name":"wp","href":"https:\/\/api.w.org\/{rel}","templated":true}]}}