{"id":120059,"date":"2023-09-11T19:00:06","date_gmt":"2023-09-11T17:00:06","guid":{"rendered":"https:\/\/v2charge.com\/?page_id=120059"},"modified":"2023-09-12T08:52:17","modified_gmt":"2023-09-12T06:52:17","slug":"funcionamiento-punto-recarga-trydan-instalaciones-aisladas-solares-fotovoltaicas","status":"publish","type":"page","link":"https:\/\/v2charge.com\/es\/funcionamiento-punto-recarga-trydan-instalaciones-aisladas-solares-fotovoltaicas\/","title":{"rendered":"Funcionamiento de Punto de Recarga Trydan con Instalaciones Aisladas Solares fotovoltaicas"},"content":{"rendered":"\n<p>El Trydan puede funcionar con instalaciones solares Aisladas siempre y cuando se cumplan estos requisitos, y poder cargar con energ\u00eda solar. <\/p>\n\n\n\n<ul class=\"wp-block-list\">\n<li>Exista conexi\u00f3n directa con el inversor y se pueda leer el par\u00e1metro bater\u00eda. <a href=\"https:\/\/docs.google.com\/spreadsheets\/u\/2\/d\/e\/2PACX-1vRQhkUJ9xtuh6NpmFMmu5lc8WvXcZNdArvjyiktAr1JTnZIWsxxPTpYBczdAml2ojB2Kxv-Dc0LaNTp\/pubhtml?gid=817354572&amp;single=true\" target=\"_blank\" rel=\"noreferrer noopener nofollow\">Ver lista de inversores aqu\u00ed.<\/a><\/li>\n\n\n\n<li>Este sistema tambi\u00e9n funcionar\u00e1 en caso de que se tenga activado el par\u00e1metro \u00abinyecci\u00f3n cero\u00bb.<\/li>\n<\/ul>\n\n\n\n<p>Para configurar el funcionamiento, en los tramos de control din\u00e1mico de potencia, tienes que seleccionar, en la aplicaci\u00f3n este modo as\u00ed como la franja horaria. <\/p>\n\n\n<div class=\"wp-block-image\">\n<figure class=\"aligncenter size-full is-resized\"><img decoding=\"async\" src=\"https:\/\/v2charge.com\/wp-content\/uploads\/2023\/09\/tramo-potencias.jpeg\" alt=\"\" class=\"wp-image-120082\" width=\"257\" height=\"583\"\/><\/figure>\n<\/div>\n\n<div class=\"wp-block-image\">\n<figure class=\"aligncenter size-full is-resized\"><img decoding=\"async\" src=\"https:\/\/v2charge.com\/wp-content\/uploads\/2023\/09\/modo-funcionamiento.jpeg\" alt=\"\" class=\"wp-image-120092\" width=\"257\" height=\"583\"\/><\/figure>\n<\/div>\n\n\n<p>El sistema algoritmo funciona que descarga de la bater\u00eda siempre 260 Watt (1 amperio), de tal forma que se usa el 100% de energ\u00eda solar disponible en ese momento. Si se quisiera forzar m\u00e1s descargar, se podr\u00eda seleccionar en la configuraci\u00f3n. En caso de que para funcionar el coche, debamos descargar m\u00e1s la bater\u00eda, se parar\u00eda la recarga. <\/p>\n","protected":false},"excerpt":{"rendered":"<p>El Trydan puede funcionar con instalaciones solares Aisladas siempre y cuando se cumplan estos requisitos, y poder cargar con energ\u00eda solar. Para configurar el funcionamiento, en los tramos de control din\u00e1mico de potencia, tienes que seleccionar, en la aplicaci\u00f3n este modo as\u00ed como la franja horaria. El sistema algoritmo funciona que descarga de la bater\u00eda &#8230; <a title=\"Funcionamiento de Punto de Recarga Trydan con Instalaciones Aisladas Solares fotovoltaicas\" class=\"read-more\" href=\"https:\/\/v2charge.com\/es\/funcionamiento-punto-recarga-trydan-instalaciones-aisladas-solares-fotovoltaicas\/\" aria-label=\"Leer m\u00e1s sobre Funcionamiento de Punto de Recarga Trydan con Instalaciones Aisladas Solares fotovoltaicas\">Leer m\u00e1s<\/a><\/p>\n","protected":false},"author":1,"featured_media":170354,"parent":0,"menu_order":0,"comment_status":"closed","ping_status":"closed","template":"","meta":{"_eb_attr":"","content-type":"","_uag_custom_page_level_css":"","footnotes":""},"class_list":["post-120059","page","type-page","status-publish","has-post-thumbnail"],"yoast_head":"<!-- This site is optimized with the Yoast SEO plugin v25.3.1 - https:\/\/yoast.com\/wordpress\/plugins\/seo\/ -->\n<title>Funcionamiento de Punto de Recarga Trydan con Instalaciones Aisladas Solares fotovoltaicas - V2C<\/title>\n<meta name=\"robots\" content=\"index, follow, max-snippet:-1, max-image-preview:large, max-video-preview:-1\" \/>\n<link rel=\"canonical\" href=\"https:\/\/v2charge.com\/es\/funcionamiento-punto-recarga-trydan-instalaciones-aisladas-solares-fotovoltaicas\/\" \/>\n<meta property=\"og:locale\" content=\"es_ES\" \/>\n<meta property=\"og:type\" content=\"article\" \/>\n<meta property=\"og:title\" content=\"Funcionamiento de Punto de Recarga Trydan con Instalaciones Aisladas Solares fotovoltaicas - V2C\" \/>\n<meta property=\"og:description\" content=\"El Trydan puede funcionar con instalaciones solares Aisladas siempre y cuando se cumplan estos requisitos, y poder cargar con energ\u00eda solar. Para configurar el funcionamiento, en los tramos de control din\u00e1mico de potencia, tienes que seleccionar, en la aplicaci\u00f3n este modo as\u00ed como la franja horaria. El sistema algoritmo funciona que descarga de la bater\u00eda ... Leer m\u00e1s\" \/>\n<meta property=\"og:url\" content=\"https:\/\/v2charge.com\/es\/funcionamiento-punto-recarga-trydan-instalaciones-aisladas-solares-fotovoltaicas\/\" \/>\n<meta property=\"og:site_name\" content=\"V2C\" \/>\n<meta property=\"article:publisher\" content=\"https:\/\/www.facebook.com\/V2C.Charge\" \/>\n<meta property=\"article:modified_time\" content=\"2023-09-12T06:52:17+00:00\" \/>\n<meta property=\"og:image\" content=\"https:\/\/v2charge.com\/wp-content\/uploads\/2023\/09\/tramo-potencias.jpeg\" \/>\n<meta name=\"twitter:card\" content=\"summary_large_image\" \/>\n<meta name=\"twitter:site\" content=\"@V2C_Charge\" \/>\n<meta name=\"twitter:label1\" content=\"Tiempo de lectura\" \/>\n\t<meta name=\"twitter:data1\" content=\"2 minutos\" \/>\n<script type=\"application\/ld+json\" class=\"yoast-schema-graph\">{\"@context\":\"https:\/\/schema.org\",\"@graph\":[{\"@type\":\"WebPage\",\"@id\":\"https:\/\/v2charge.com\/es\/funcionamiento-punto-recarga-trydan-instalaciones-aisladas-solares-fotovoltaicas\/\",\"url\":\"https:\/\/v2charge.com\/es\/funcionamiento-punto-recarga-trydan-instalaciones-aisladas-solares-fotovoltaicas\/\",\"name\":\"Funcionamiento de Punto de Recarga Trydan con Instalaciones Aisladas Solares fotovoltaicas - V2C\",\"isPartOf\":{\"@id\":\"https:\/\/v2charge.com\/es\/#website\"},\"primaryImageOfPage\":{\"@id\":\"https:\/\/v2charge.com\/es\/funcionamiento-punto-recarga-trydan-instalaciones-aisladas-solares-fotovoltaicas\/#primaryimage\"},\"image\":{\"@id\":\"https:\/\/v2charge.com\/es\/funcionamiento-punto-recarga-trydan-instalaciones-aisladas-solares-fotovoltaicas\/#primaryimage\"},\"thumbnailUrl\":\"https:\/\/v2charge.com\/wp-content\/uploads\/2024\/07\/v2c-electric-chargers.jpg\",\"datePublished\":\"2023-09-11T17:00:06+00:00\",\"dateModified\":\"2023-09-12T06:52:17+00:00\",\"breadcrumb\":{\"@id\":\"https:\/\/v2charge.com\/es\/funcionamiento-punto-recarga-trydan-instalaciones-aisladas-solares-fotovoltaicas\/#breadcrumb\"},\"inLanguage\":\"es\",\"potentialAction\":[{\"@type\":\"ReadAction\",\"target\":[\"https:\/\/v2charge.com\/es\/funcionamiento-punto-recarga-trydan-instalaciones-aisladas-solares-fotovoltaicas\/\"]}]},{\"@type\":\"ImageObject\",\"inLanguage\":\"es\",\"@id\":\"https:\/\/v2charge.com\/es\/funcionamiento-punto-recarga-trydan-instalaciones-aisladas-solares-fotovoltaicas\/#primaryimage\",\"url\":\"https:\/\/v2charge.com\/wp-content\/uploads\/2024\/07\/v2c-electric-chargers.jpg\",\"contentUrl\":\"https:\/\/v2charge.com\/wp-content\/uploads\/2024\/07\/v2c-electric-chargers.jpg\",\"width\":1200,\"height\":675,\"caption\":\"V2C Electric Chargers\"},{\"@type\":\"BreadcrumbList\",\"@id\":\"https:\/\/v2charge.com\/es\/funcionamiento-punto-recarga-trydan-instalaciones-aisladas-solares-fotovoltaicas\/#breadcrumb\",\"itemListElement\":[{\"@type\":\"ListItem\",\"position\":1,\"name\":\"V2C\",\"item\":\"https:\/\/v2charge.com\/es\/\"},{\"@type\":\"ListItem\",\"position\":2,\"name\":\"Funcionamiento de Punto de Recarga Trydan con Instalaciones Aisladas Solares fotovoltaicas\"}]},{\"@type\":\"WebSite\",\"@id\":\"https:\/\/v2charge.com\/es\/#website\",\"url\":\"https:\/\/v2charge.com\/es\/\",\"name\":\"V2C\",\"description\":\"#CargandoElMa\u00f1ana\",\"publisher\":{\"@id\":\"https:\/\/v2charge.com\/es\/#organization\"},\"potentialAction\":[{\"@type\":\"SearchAction\",\"target\":{\"@type\":\"EntryPoint\",\"urlTemplate\":\"https:\/\/v2charge.com\/es\/?s={search_term_string}\"},\"query-input\":{\"@type\":\"PropertyValueSpecification\",\"valueRequired\":true,\"valueName\":\"search_term_string\"}}],\"inLanguage\":\"es\"},{\"@type\":\"Organization\",\"@id\":\"https:\/\/v2charge.com\/es\/#organization\",\"name\":\"V2C\",\"url\":\"https:\/\/v2charge.com\/es\/\",\"logo\":{\"@type\":\"ImageObject\",\"inLanguage\":\"es\",\"@id\":\"https:\/\/v2charge.com\/es\/#\/schema\/logo\/image\/\",\"url\":\"https:\/\/v2charge.com\/wp-content\/uploads\/2024\/11\/cropped-v2c-charge-logo-menu.png\",\"contentUrl\":\"https:\/\/v2charge.com\/wp-content\/uploads\/2024\/11\/cropped-v2c-charge-logo-menu.png\",\"width\":984,\"height\":431,\"caption\":\"V2C\"},\"image\":{\"@id\":\"https:\/\/v2charge.com\/es\/#\/schema\/logo\/image\/\"},\"sameAs\":[\"https:\/\/www.facebook.com\/V2C.Charge\",\"https:\/\/x.com\/V2C_Charge\",\"https:\/\/www.instagram.com\/v2c.charge\/\",\"https:\/\/www.youtube.com\/@V2C\",\"https:\/\/www.linkedin.com\/company\/v2c-chargers\/\"]}]}<\/script>\n<!-- \/ Yoast SEO plugin. -->","yoast_head_json":{"title":"Funcionamiento de Punto de Recarga Trydan con Instalaciones Aisladas Solares fotovoltaicas - V2C","robots":{"index":"index","follow":"follow","max-snippet":"max-snippet:-1","max-image-preview":"max-image-preview:large","max-video-preview":"max-video-preview:-1"},"canonical":"https:\/\/v2charge.com\/es\/funcionamiento-punto-recarga-trydan-instalaciones-aisladas-solares-fotovoltaicas\/","og_locale":"es_ES","og_type":"article","og_title":"Funcionamiento de Punto de Recarga Trydan con Instalaciones Aisladas Solares fotovoltaicas - V2C","og_description":"El Trydan puede funcionar con instalaciones solares Aisladas siempre y cuando se cumplan estos requisitos, y poder cargar con energ\u00eda solar. Para configurar el funcionamiento, en los tramos de control din\u00e1mico de potencia, tienes que seleccionar, en la aplicaci\u00f3n este modo as\u00ed como la franja horaria. El sistema algoritmo funciona que descarga de la bater\u00eda ... Leer m\u00e1s","og_url":"https:\/\/v2charge.com\/es\/funcionamiento-punto-recarga-trydan-instalaciones-aisladas-solares-fotovoltaicas\/","og_site_name":"V2C","article_publisher":"https:\/\/www.facebook.com\/V2C.Charge","article_modified_time":"2023-09-12T06:52:17+00:00","og_image":[{"url":"https:\/\/v2charge.com\/wp-content\/uploads\/2023\/09\/tramo-potencias.jpeg","type":"","width":"","height":""}],"twitter_card":"summary_large_image","twitter_site":"@V2C_Charge","twitter_misc":{"Tiempo de lectura":"2 minutos"},"schema":{"@context":"https:\/\/schema.org","@graph":[{"@type":"WebPage","@id":"https:\/\/v2charge.com\/es\/funcionamiento-punto-recarga-trydan-instalaciones-aisladas-solares-fotovoltaicas\/","url":"https:\/\/v2charge.com\/es\/funcionamiento-punto-recarga-trydan-instalaciones-aisladas-solares-fotovoltaicas\/","name":"Funcionamiento de Punto de Recarga Trydan con Instalaciones Aisladas Solares fotovoltaicas - V2C","isPartOf":{"@id":"https:\/\/v2charge.com\/es\/#website"},"primaryImageOfPage":{"@id":"https:\/\/v2charge.com\/es\/funcionamiento-punto-recarga-trydan-instalaciones-aisladas-solares-fotovoltaicas\/#primaryimage"},"image":{"@id":"https:\/\/v2charge.com\/es\/funcionamiento-punto-recarga-trydan-instalaciones-aisladas-solares-fotovoltaicas\/#primaryimage"},"thumbnailUrl":"https:\/\/v2charge.com\/wp-content\/uploads\/2024\/07\/v2c-electric-chargers.jpg","datePublished":"2023-09-11T17:00:06+00:00","dateModified":"2023-09-12T06:52:17+00:00","breadcrumb":{"@id":"https:\/\/v2charge.com\/es\/funcionamiento-punto-recarga-trydan-instalaciones-aisladas-solares-fotovoltaicas\/#breadcrumb"},"inLanguage":"es","potentialAction":[{"@type":"ReadAction","target":["https:\/\/v2charge.com\/es\/funcionamiento-punto-recarga-trydan-instalaciones-aisladas-solares-fotovoltaicas\/"]}]},{"@type":"ImageObject","inLanguage":"es","@id":"https:\/\/v2charge.com\/es\/funcionamiento-punto-recarga-trydan-instalaciones-aisladas-solares-fotovoltaicas\/#primaryimage","url":"https:\/\/v2charge.com\/wp-content\/uploads\/2024\/07\/v2c-electric-chargers.jpg","contentUrl":"https:\/\/v2charge.com\/wp-content\/uploads\/2024\/07\/v2c-electric-chargers.jpg","width":1200,"height":675,"caption":"V2C Electric Chargers"},{"@type":"BreadcrumbList","@id":"https:\/\/v2charge.com\/es\/funcionamiento-punto-recarga-trydan-instalaciones-aisladas-solares-fotovoltaicas\/#breadcrumb","itemListElement":[{"@type":"ListItem","position":1,"name":"V2C","item":"https:\/\/v2charge.com\/es\/"},{"@type":"ListItem","position":2,"name":"Funcionamiento de Punto de Recarga Trydan con Instalaciones Aisladas Solares fotovoltaicas"}]},{"@type":"WebSite","@id":"https:\/\/v2charge.com\/es\/#website","url":"https:\/\/v2charge.com\/es\/","name":"V2C","description":"#CargandoElMa\u00f1ana","publisher":{"@id":"https:\/\/v2charge.com\/es\/#organization"},"potentialAction":[{"@type":"SearchAction","target":{"@type":"EntryPoint","urlTemplate":"https:\/\/v2charge.com\/es\/?s={search_term_string}"},"query-input":{"@type":"PropertyValueSpecification","valueRequired":true,"valueName":"search_term_string"}}],"inLanguage":"es"},{"@type":"Organization","@id":"https:\/\/v2charge.com\/es\/#organization","name":"V2C","url":"https:\/\/v2charge.com\/es\/","logo":{"@type":"ImageObject","inLanguage":"es","@id":"https:\/\/v2charge.com\/es\/#\/schema\/logo\/image\/","url":"https:\/\/v2charge.com\/wp-content\/uploads\/2024\/11\/cropped-v2c-charge-logo-menu.png","contentUrl":"https:\/\/v2charge.com\/wp-content\/uploads\/2024\/11\/cropped-v2c-charge-logo-menu.png","width":984,"height":431,"caption":"V2C"},"image":{"@id":"https:\/\/v2charge.com\/es\/#\/schema\/logo\/image\/"},"sameAs":["https:\/\/www.facebook.com\/V2C.Charge","https:\/\/x.com\/V2C_Charge","https:\/\/www.instagram.com\/v2c.charge\/","https:\/\/www.youtube.com\/@V2C","https:\/\/www.linkedin.com\/company\/v2c-chargers\/"]}]}},"uagb_featured_image_src":{"full":["https:\/\/v2charge.com\/wp-content\/uploads\/2024\/07\/v2c-electric-chargers.jpg",1200,675,false],"thumbnail":["https:\/\/v2charge.com\/wp-content\/uploads\/2024\/07\/v2c-electric-chargers-150x150.jpg",150,150,true],"medium":["https:\/\/v2charge.com\/wp-content\/uploads\/2024\/07\/v2c-electric-chargers-300x169.jpg",300,169,true],"medium_large":["https:\/\/v2charge.com\/wp-content\/uploads\/2024\/07\/v2c-electric-chargers-768x432.jpg",768,432,true],"large":["https:\/\/v2charge.com\/wp-content\/uploads\/2024\/07\/v2c-electric-chargers-1024x576.jpg",1024,576,true],"gs-tiny":["https:\/\/v2charge.com\/wp-content\/uploads\/2024\/07\/v2c-electric-chargers.jpg",50,28,false],"xl":["https:\/\/v2charge.com\/wp-content\/uploads\/2024\/07\/v2c-electric-chargers.jpg",1200,675,false],"xxl":["https:\/\/v2charge.com\/wp-content\/uploads\/2024\/07\/v2c-electric-chargers.jpg",1200,675,false],"xxxl":["https:\/\/v2charge.com\/wp-content\/uploads\/2024\/07\/v2c-electric-chargers.jpg",1200,675,false],"xxxxl":["https:\/\/v2charge.com\/wp-content\/uploads\/2024\/07\/v2c-electric-chargers.jpg",1200,675,false],"xxxxxl":["https:\/\/v2charge.com\/wp-content\/uploads\/2024\/07\/v2c-electric-chargers.jpg",1200,675,false],"1536x1536":["https:\/\/v2charge.com\/wp-content\/uploads\/2024\/07\/v2c-electric-chargers.jpg",1200,675,false],"2048x2048":["https:\/\/v2charge.com\/wp-content\/uploads\/2024\/07\/v2c-electric-chargers.jpg",1200,675,false]},"uagb_author_info":{"display_name":"V2C","author_link":"https:\/\/v2charge.com\/es\/author\/root_k4eu7ki8\/"},"uagb_comment_info":0,"uagb_excerpt":"El Trydan puede funcionar con instalaciones solares Aisladas siempre y cuando se cumplan estos requisitos, y poder cargar con energ\u00eda solar. Para configurar el funcionamiento, en los tramos de control din\u00e1mico de potencia, tienes que seleccionar, en la aplicaci\u00f3n este modo as\u00ed como la franja horaria. El sistema algoritmo funciona que descarga de la bater\u00eda&hellip;","_links":{"self":[{"href":"https:\/\/v2charge.com\/es\/wp-json\/wp\/v2\/pages\/120059","targetHints":{"allow":["GET"]}}],"collection":[{"href":"https:\/\/v2charge.com\/es\/wp-json\/wp\/v2\/pages"}],"about":[{"href":"https:\/\/v2charge.com\/es\/wp-json\/wp\/v2\/types\/page"}],"author":[{"embeddable":true,"href":"https:\/\/v2charge.com\/es\/wp-json\/wp\/v2\/users\/1"}],"replies":[{"embeddable":true,"href":"https:\/\/v2charge.com\/es\/wp-json\/wp\/v2\/comments?post=120059"}],"version-history":[{"count":0,"href":"https:\/\/v2charge.com\/es\/wp-json\/wp\/v2\/pages\/120059\/revisions"}],"wp:featuredmedia":[{"embeddable":true,"href":"https:\/\/v2charge.com\/es\/wp-json\/wp\/v2\/media\/170354"}],"wp:attachment":[{"href":"https:\/\/v2charge.com\/es\/wp-json\/wp\/v2\/media?parent=120059"}],"curies":[{"name":"wp","href":"https:\/\/api.w.org\/{rel}","templated":true}]}}