{"id":155516,"date":"2024-05-21T09:18:35","date_gmt":"2024-05-21T07:18:35","guid":{"rendered":"https:\/\/v2charge.com\/?page_id=155516"},"modified":"2026-01-09T15:07:25","modified_gmt":"2026-01-09T13:07:25","slug":"toscano","status":"publish","type":"page","link":"https:\/\/v2charge.com\/es\/soporte\/trydan\/protecciones-electricas\/toscano\/","title":{"rendered":"Rearme de protecciones Toscano"},"content":{"rendered":"\n<div class=\"wp-block-uagb-container uagb-block-4e29f302 alignfull uagb-is-root-container\"><div class=\"uagb-container-inner-blocks-wrap\">\n<div style=\"height:30px\" aria-hidden=\"true\" class=\"wp-block-spacer\"><\/div>\n\n\n<div class=\"yoast-breadcrumbs\"><span><span><a href=\"https:\/\/v2charge.com\/es\/\">V2C<\/a><\/span> \u00bb <span><a href=\"https:\/\/v2charge.com\/es\/soporte\/\">\u00c1rea de Soporte<\/a><\/span> \u00bb <span><a href=\"https:\/\/v2charge.com\/es\/soporte\/trydan\/\">Soporte para Trydan<\/a><\/span> \u00bb <span><a href=\"https:\/\/v2charge.com\/es\/soporte\/trydan\/protecciones-electricas\/\">Protecciones el\u00e9ctricas<\/a><\/span> \u00bb <span class=\"breadcrumb_last\" aria-current=\"page\">Rearme de protecciones Toscano<\/span><\/span><\/div>\n\n\n<div style=\"height:10px\" aria-hidden=\"true\" class=\"wp-block-spacer\"><\/div>\n\n\n\n<div class=\"wp-block-uagb-advanced-heading uagb-block-eb8d37cd\"><h1 class=\"uagb-heading-text\">\u00bfC\u00f3mo rearmar el bloque de protecciones Toscano?<\/h1><\/div>\n<\/div><\/div>\n\n\n\n<div style=\"height:30px\" aria-hidden=\"true\" class=\"wp-block-spacer\"><\/div>\n\n\n\n<div class=\"wp-block-uagb-container uagb-block-c3de7388 alignfull uagb-is-root-container\"><div class=\"uagb-container-inner-blocks-wrap\">\n<p>Cuando el COMBI-MINI-TDA experimenta un disparo debido a un fallo t\u00e9rmico o una diferencia a tierra, <strong>la maneta de control queda suelta<\/strong>. Para proceder al rearme del equipo, es necesario <strong>presionar todas manetas hacia abajo hasta escuchar un &#8216;clic&#8217; <\/strong>y, posteriormente, volver a levantarlas.<\/p>\n\n\n\n<div class=\"wp-block-uagb-container uagb-block-2b63b67b alignfull uagb-is-root-container\"><div class=\"uagb-container-inner-blocks-wrap\">\n<div class=\"wp-block-uagb-container uagb-block-f31a0580\">\n<div class=\"wp-block-uagb-image aligncenter uagb-block-e6203d43 wp-block-uagb-image--layout-default wp-block-uagb-image--effect-static wp-block-uagb-image--align-center\"><figure class=\"wp-block-uagb-image__figure\"><img decoding=\"async\" srcset=\"https:\/\/v2charge.com\/wp-content\/uploads\/2024\/05\/presionar.jpg ,https:\/\/v2charge.com\/wp-content\/uploads\/2024\/05\/presionar.jpg 780w, https:\/\/v2charge.com\/wp-content\/uploads\/2024\/05\/presionar.jpg 360w\" sizes=\"auto, (max-width: 480px) 150px\" src=\"https:\/\/v2charge.com\/wp-content\/uploads\/2024\/05\/presionar.jpg\" alt=\"\" class=\"uag-image-155273\" width=\"368\" height=\"355\" title=\"presionar\" loading=\"lazy\" role=\"img\"\/><figcaption class=\"uagb-image-caption\"><strong>1.<\/strong> Presionar las manetas<\/figcaption><\/figure><\/div>\n<\/div>\n\n\n\n<div class=\"wp-block-uagb-container uagb-block-76301d6e\">\n<div class=\"wp-block-uagb-image aligncenter uagb-block-0fb7d9a4 wp-block-uagb-image--layout-default wp-block-uagb-image--effect-static wp-block-uagb-image--align-center\"><figure class=\"wp-block-uagb-image__figure\"><img decoding=\"async\" srcset=\"https:\/\/v2charge.com\/wp-content\/uploads\/2024\/06\/subir-protecciones.jpg ,https:\/\/v2charge.com\/wp-content\/uploads\/2024\/06\/subir-protecciones.jpg 780w, https:\/\/v2charge.com\/wp-content\/uploads\/2024\/06\/subir-protecciones.jpg 360w\" sizes=\"auto, (max-width: 480px) 150px\" src=\"https:\/\/v2charge.com\/wp-content\/uploads\/2024\/06\/subir-protecciones.jpg\" alt=\"\" class=\"uag-image-160920\" width=\"357\" height=\"354\" title=\"subir-protecciones\" loading=\"lazy\" role=\"img\"\/><figcaption class=\"uagb-image-caption\"><strong>2.<\/strong> Subir todas las manetas<\/figcaption><\/figure><\/div>\n<\/div>\n<\/div><\/div>\n<\/div><\/div>\n\n\n\n<figure class=\"wp-block-embed is-type-video is-provider-youtube wp-block-embed-youtube wp-embed-aspect-16-9 wp-has-aspect-ratio\"><div class=\"wp-block-embed__wrapper\">\n<iframe title=\"Rearmar las protecciones de Trydan y Trydan Pro\" width=\"1200\" height=\"675\" src=\"https:\/\/www.youtube.com\/embed\/valXG2gRRt0?feature=oembed\" frameborder=\"0\" allow=\"accelerometer; autoplay; clipboard-write; encrypted-media; gyroscope; picture-in-picture; web-share\" referrerpolicy=\"strict-origin-when-cross-origin\" allowfullscreen><\/iframe>\n<\/div><\/figure>\n\n\n\n<div style=\"height:30px\" aria-hidden=\"true\" class=\"wp-block-spacer\"><\/div>\n\n\n\n<div class=\"wp-block-uagb-container uagb-block-40525cf9 alignfull uagb-is-root-container\"><div class=\"uagb-container-inner-blocks-wrap\"><\/div><\/div>\n\n\n\n<div style=\"height:50px\" aria-hidden=\"true\" class=\"wp-block-spacer\"><\/div>\n\n\n\n<div style=\"height:50px\" aria-hidden=\"true\" class=\"wp-block-spacer\"><\/div>\n\n\n\n<div class=\"wp-block-uagb-container uagb-block-c6f38013 alignfull uagb-is-root-container\"><div class=\"uagb-container-inner-blocks-wrap\">\n<div class=\"wp-block-uagb-advanced-heading uagb-block-6963d70c\"><h2 class=\"uagb-heading-text\"><strong>\u00bfNecesitas soporte t\u00e9cnico?<\/strong><\/h2><\/div>\n\n\n\n<div class=\"wp-block-uagb-advanced-heading uagb-block-408243eb\"><p class=\"uagb-heading-text\">Resuelve tu incidencia al instante a trav\u00e9s de nuestro Chat con IA. Si no se resuelve, genera una solicitud en el Centro de Soporte T\u00e9cnico y nos pondremos en contacto contigo lo antes posible para ofrecerte la mejor soluci\u00f3n.<\/p><\/div>\n\n\n\n<div class=\"wp-block-uagb-info-box uagb-block-12e3cf1c uagb-infobox__content-wrap  uagb-infobox-icon-left uagb-infobox-left uagb-infobox-image-valign-top wp-block-uagb-info-box--has-margin ai-chatbot-button\"><div class=\"uagb-infobox-margin-wrapper\"><div class=\"uagb-ifb-image-content\"><img decoding=\"async\" src=\"https:\/\/v2charge.com\/wp-content\/uploads\/2026\/01\/support-ai-chatbot.png\" alt=\"\" width=\"20\" height=\"19\" loading=\"lazy\"\/><\/div><div class=\"uagb-ifb-content\"><div class=\"uagb-ifb-title-wrap\"><\/div><div class=\"uagb-ifb-button-wrapper wp-block-button\"><a href=\"https:\/\/v2charge.com\/v2c-support-web\/\" class=\"uagb-infobox-cta-link wp-block-button__link\" target=\"_blank\" rel=\"noopener noreferrer\" onclick=\"return true;\"><span class=\"uagb-inline-editing\">Pregunta a nuestro Chat con IA<\/span><\/a><\/div><\/div><\/div><\/div>\n\n\n\n<div class=\"wp-block-uagb-buttons uagb-buttons__outer-wrap uagb-btn__default-btn uagb-btn-tablet__default-btn uagb-btn-mobile__default-btn uagb-block-ba1e67d1\"><div class=\"uagb-buttons__wrap uagb-buttons-layout-wrap \">\n<div class=\"wp-block-uagb-buttons-child uagb-buttons__outer-wrap uagb-block-23cfb623 wp-block-button\"><div class=\"uagb-button__wrapper\"><a class=\"uagb-buttons-repeater wp-block-button__link\" aria-label=\"\" href=\"https:\/\/v2charge.atlassian.net\/servicedesk\/customer\/portal\/3\" rel=\"follow noopener\" target=\"_blank\" role=\"button\"><div class=\"uagb-button__link\">Contacta con Soporte T\u00e9cnico<\/div><\/a><\/div><\/div>\n<\/div><\/div>\n<\/div><\/div>\n","protected":false},"excerpt":{"rendered":"<p>\u00bfC\u00f3mo rearmar el bloque de protecciones Toscano? Cuando el COMBI-MINI-TDA experimenta un disparo debido a un fallo t\u00e9rmico o una diferencia a tierra, la maneta de control queda suelta. Para proceder al rearme del equipo, es necesario presionar todas manetas hacia abajo hasta escuchar un &#8216;clic&#8217; y, posteriormente, volver a levantarlas. \u00bfNecesitas soporte t\u00e9cnico? Resuelve &#8230; <a title=\"Rearme de protecciones Toscano\" class=\"read-more\" href=\"https:\/\/v2charge.com\/es\/soporte\/trydan\/protecciones-electricas\/toscano\/\" aria-label=\"Leer m\u00e1s sobre Rearme de protecciones Toscano\">Leer m\u00e1s<\/a><\/p>\n","protected":false},"author":400,"featured_media":170354,"parent":155112,"menu_order":0,"comment_status":"closed","ping_status":"closed","template":"","meta":{"_eb_attr":"","content-type":"","_uag_custom_page_level_css":"","footnotes":""},"class_list":["post-155516","page","type-page","status-publish","has-post-thumbnail"],"yoast_head":"<!-- This site is optimized with the Yoast SEO plugin v25.3.1 - https:\/\/yoast.com\/wordpress\/plugins\/seo\/ -->\n<title>Rearme autom\u00e1tico de Protecciones Toscano - V2C Trydan<\/title>\n<meta name=\"description\" content=\"C\u00f3mo hacer el rearme autom\u00e1tico de las protecciones Toscano en el Cargador V2C Trydan | Paso a Paso - Soporte V2C\" \/>\n<meta name=\"robots\" content=\"index, follow, max-snippet:-1, max-image-preview:large, max-video-preview:-1\" \/>\n<link rel=\"canonical\" href=\"https:\/\/v2charge.com\/es\/soporte\/trydan\/protecciones-electricas\/toscano\/\" \/>\n<meta property=\"og:locale\" content=\"es_ES\" \/>\n<meta property=\"og:type\" content=\"article\" \/>\n<meta property=\"og:title\" content=\"Rearme autom\u00e1tico de Protecciones Toscano - V2C Trydan\" \/>\n<meta property=\"og:description\" content=\"C\u00f3mo hacer el rearme autom\u00e1tico de las protecciones Toscano en el Cargador V2C Trydan | Paso a Paso - Soporte V2C\" \/>\n<meta property=\"og:url\" content=\"https:\/\/v2charge.com\/es\/soporte\/trydan\/protecciones-electricas\/toscano\/\" \/>\n<meta property=\"og:site_name\" content=\"V2C\" \/>\n<meta property=\"article:publisher\" content=\"https:\/\/www.facebook.com\/V2C.Charge\" \/>\n<meta property=\"article:modified_time\" content=\"2026-01-09T13:07:25+00:00\" \/>\n<meta property=\"og:image\" content=\"https:\/\/v2charge.com\/wp-content\/uploads\/2024\/07\/v2c-electric-chargers.jpg\" \/>\n\t<meta property=\"og:image:width\" content=\"1200\" \/>\n\t<meta property=\"og:image:height\" content=\"675\" \/>\n\t<meta property=\"og:image:type\" content=\"image\/jpeg\" \/>\n<meta name=\"twitter:card\" content=\"summary_large_image\" \/>\n<meta name=\"twitter:site\" content=\"@V2C_Charge\" \/>\n<meta name=\"twitter:label1\" content=\"Tiempo de lectura\" \/>\n\t<meta name=\"twitter:data1\" content=\"2 minutos\" \/>\n<script type=\"application\/ld+json\" class=\"yoast-schema-graph\">{\"@context\":\"https:\/\/schema.org\",\"@graph\":[{\"@type\":\"WebPage\",\"@id\":\"https:\/\/v2charge.com\/es\/soporte\/trydan\/protecciones-electricas\/toscano\/\",\"url\":\"https:\/\/v2charge.com\/es\/soporte\/trydan\/protecciones-electricas\/toscano\/\",\"name\":\"Rearme autom\u00e1tico de Protecciones Toscano - V2C Trydan\",\"isPartOf\":{\"@id\":\"https:\/\/v2charge.com\/es\/#website\"},\"primaryImageOfPage\":{\"@id\":\"https:\/\/v2charge.com\/es\/soporte\/trydan\/protecciones-electricas\/toscano\/#primaryimage\"},\"image\":{\"@id\":\"https:\/\/v2charge.com\/es\/soporte\/trydan\/protecciones-electricas\/toscano\/#primaryimage\"},\"thumbnailUrl\":\"https:\/\/v2charge.com\/wp-content\/uploads\/2024\/07\/v2c-electric-chargers.jpg\",\"datePublished\":\"2024-05-21T07:18:35+00:00\",\"dateModified\":\"2026-01-09T13:07:25+00:00\",\"description\":\"C\u00f3mo hacer el rearme autom\u00e1tico de las protecciones Toscano en el Cargador V2C Trydan | Paso a Paso - Soporte V2C\",\"breadcrumb\":{\"@id\":\"https:\/\/v2charge.com\/es\/soporte\/trydan\/protecciones-electricas\/toscano\/#breadcrumb\"},\"inLanguage\":\"es\",\"potentialAction\":[{\"@type\":\"ReadAction\",\"target\":[\"https:\/\/v2charge.com\/es\/soporte\/trydan\/protecciones-electricas\/toscano\/\"]}]},{\"@type\":\"ImageObject\",\"inLanguage\":\"es\",\"@id\":\"https:\/\/v2charge.com\/es\/soporte\/trydan\/protecciones-electricas\/toscano\/#primaryimage\",\"url\":\"https:\/\/v2charge.com\/wp-content\/uploads\/2024\/07\/v2c-electric-chargers.jpg\",\"contentUrl\":\"https:\/\/v2charge.com\/wp-content\/uploads\/2024\/07\/v2c-electric-chargers.jpg\",\"width\":1200,\"height\":675,\"caption\":\"V2C Electric Chargers\"},{\"@type\":\"BreadcrumbList\",\"@id\":\"https:\/\/v2charge.com\/es\/soporte\/trydan\/protecciones-electricas\/toscano\/#breadcrumb\",\"itemListElement\":[{\"@type\":\"ListItem\",\"position\":1,\"name\":\"V2C\",\"item\":\"https:\/\/v2charge.com\/es\/\"},{\"@type\":\"ListItem\",\"position\":2,\"name\":\"\u00c1rea de Soporte\",\"item\":\"https:\/\/v2charge.com\/es\/soporte\/\"},{\"@type\":\"ListItem\",\"position\":3,\"name\":\"Soporte para Trydan\",\"item\":\"https:\/\/v2charge.com\/es\/soporte\/trydan\/\"},{\"@type\":\"ListItem\",\"position\":4,\"name\":\"Protecciones el\u00e9ctricas\",\"item\":\"https:\/\/v2charge.com\/es\/soporte\/trydan\/protecciones-electricas\/\"},{\"@type\":\"ListItem\",\"position\":5,\"name\":\"Rearme de protecciones Toscano\"}]},{\"@type\":\"WebSite\",\"@id\":\"https:\/\/v2charge.com\/es\/#website\",\"url\":\"https:\/\/v2charge.com\/es\/\",\"name\":\"V2C\",\"description\":\"#CargandoElMa\u00f1ana\",\"publisher\":{\"@id\":\"https:\/\/v2charge.com\/es\/#organization\"},\"potentialAction\":[{\"@type\":\"SearchAction\",\"target\":{\"@type\":\"EntryPoint\",\"urlTemplate\":\"https:\/\/v2charge.com\/es\/?s={search_term_string}\"},\"query-input\":{\"@type\":\"PropertyValueSpecification\",\"valueRequired\":true,\"valueName\":\"search_term_string\"}}],\"inLanguage\":\"es\"},{\"@type\":\"Organization\",\"@id\":\"https:\/\/v2charge.com\/es\/#organization\",\"name\":\"V2C\",\"url\":\"https:\/\/v2charge.com\/es\/\",\"logo\":{\"@type\":\"ImageObject\",\"inLanguage\":\"es\",\"@id\":\"https:\/\/v2charge.com\/es\/#\/schema\/logo\/image\/\",\"url\":\"https:\/\/v2charge.com\/wp-content\/uploads\/2024\/11\/cropped-v2c-charge-logo-menu.png\",\"contentUrl\":\"https:\/\/v2charge.com\/wp-content\/uploads\/2024\/11\/cropped-v2c-charge-logo-menu.png\",\"width\":984,\"height\":431,\"caption\":\"V2C\"},\"image\":{\"@id\":\"https:\/\/v2charge.com\/es\/#\/schema\/logo\/image\/\"},\"sameAs\":[\"https:\/\/www.facebook.com\/V2C.Charge\",\"https:\/\/x.com\/V2C_Charge\",\"https:\/\/www.instagram.com\/v2c.charge\/\",\"https:\/\/www.youtube.com\/@V2C\",\"https:\/\/www.linkedin.com\/company\/v2c-chargers\/\"]}]}<\/script>\n<!-- \/ Yoast SEO plugin. -->","yoast_head_json":{"title":"Rearme autom\u00e1tico de Protecciones Toscano - V2C Trydan","description":"C\u00f3mo hacer el rearme autom\u00e1tico de las protecciones Toscano en el Cargador V2C Trydan | Paso a Paso - Soporte V2C","robots":{"index":"index","follow":"follow","max-snippet":"max-snippet:-1","max-image-preview":"max-image-preview:large","max-video-preview":"max-video-preview:-1"},"canonical":"https:\/\/v2charge.com\/es\/soporte\/trydan\/protecciones-electricas\/toscano\/","og_locale":"es_ES","og_type":"article","og_title":"Rearme autom\u00e1tico de Protecciones Toscano - V2C Trydan","og_description":"C\u00f3mo hacer el rearme autom\u00e1tico de las protecciones Toscano en el Cargador V2C Trydan | Paso a Paso - Soporte V2C","og_url":"https:\/\/v2charge.com\/es\/soporte\/trydan\/protecciones-electricas\/toscano\/","og_site_name":"V2C","article_publisher":"https:\/\/www.facebook.com\/V2C.Charge","article_modified_time":"2026-01-09T13:07:25+00:00","og_image":[{"width":1200,"height":675,"url":"https:\/\/v2charge.com\/wp-content\/uploads\/2024\/07\/v2c-electric-chargers.jpg","type":"image\/jpeg"}],"twitter_card":"summary_large_image","twitter_site":"@V2C_Charge","twitter_misc":{"Tiempo de lectura":"2 minutos"},"schema":{"@context":"https:\/\/schema.org","@graph":[{"@type":"WebPage","@id":"https:\/\/v2charge.com\/es\/soporte\/trydan\/protecciones-electricas\/toscano\/","url":"https:\/\/v2charge.com\/es\/soporte\/trydan\/protecciones-electricas\/toscano\/","name":"Rearme autom\u00e1tico de Protecciones Toscano - V2C Trydan","isPartOf":{"@id":"https:\/\/v2charge.com\/es\/#website"},"primaryImageOfPage":{"@id":"https:\/\/v2charge.com\/es\/soporte\/trydan\/protecciones-electricas\/toscano\/#primaryimage"},"image":{"@id":"https:\/\/v2charge.com\/es\/soporte\/trydan\/protecciones-electricas\/toscano\/#primaryimage"},"thumbnailUrl":"https:\/\/v2charge.com\/wp-content\/uploads\/2024\/07\/v2c-electric-chargers.jpg","datePublished":"2024-05-21T07:18:35+00:00","dateModified":"2026-01-09T13:07:25+00:00","description":"C\u00f3mo hacer el rearme autom\u00e1tico de las protecciones Toscano en el Cargador V2C Trydan | Paso a Paso - Soporte V2C","breadcrumb":{"@id":"https:\/\/v2charge.com\/es\/soporte\/trydan\/protecciones-electricas\/toscano\/#breadcrumb"},"inLanguage":"es","potentialAction":[{"@type":"ReadAction","target":["https:\/\/v2charge.com\/es\/soporte\/trydan\/protecciones-electricas\/toscano\/"]}]},{"@type":"ImageObject","inLanguage":"es","@id":"https:\/\/v2charge.com\/es\/soporte\/trydan\/protecciones-electricas\/toscano\/#primaryimage","url":"https:\/\/v2charge.com\/wp-content\/uploads\/2024\/07\/v2c-electric-chargers.jpg","contentUrl":"https:\/\/v2charge.com\/wp-content\/uploads\/2024\/07\/v2c-electric-chargers.jpg","width":1200,"height":675,"caption":"V2C Electric Chargers"},{"@type":"BreadcrumbList","@id":"https:\/\/v2charge.com\/es\/soporte\/trydan\/protecciones-electricas\/toscano\/#breadcrumb","itemListElement":[{"@type":"ListItem","position":1,"name":"V2C","item":"https:\/\/v2charge.com\/es\/"},{"@type":"ListItem","position":2,"name":"\u00c1rea de Soporte","item":"https:\/\/v2charge.com\/es\/soporte\/"},{"@type":"ListItem","position":3,"name":"Soporte para Trydan","item":"https:\/\/v2charge.com\/es\/soporte\/trydan\/"},{"@type":"ListItem","position":4,"name":"Protecciones el\u00e9ctricas","item":"https:\/\/v2charge.com\/es\/soporte\/trydan\/protecciones-electricas\/"},{"@type":"ListItem","position":5,"name":"Rearme de protecciones Toscano"}]},{"@type":"WebSite","@id":"https:\/\/v2charge.com\/es\/#website","url":"https:\/\/v2charge.com\/es\/","name":"V2C","description":"#CargandoElMa\u00f1ana","publisher":{"@id":"https:\/\/v2charge.com\/es\/#organization"},"potentialAction":[{"@type":"SearchAction","target":{"@type":"EntryPoint","urlTemplate":"https:\/\/v2charge.com\/es\/?s={search_term_string}"},"query-input":{"@type":"PropertyValueSpecification","valueRequired":true,"valueName":"search_term_string"}}],"inLanguage":"es"},{"@type":"Organization","@id":"https:\/\/v2charge.com\/es\/#organization","name":"V2C","url":"https:\/\/v2charge.com\/es\/","logo":{"@type":"ImageObject","inLanguage":"es","@id":"https:\/\/v2charge.com\/es\/#\/schema\/logo\/image\/","url":"https:\/\/v2charge.com\/wp-content\/uploads\/2024\/11\/cropped-v2c-charge-logo-menu.png","contentUrl":"https:\/\/v2charge.com\/wp-content\/uploads\/2024\/11\/cropped-v2c-charge-logo-menu.png","width":984,"height":431,"caption":"V2C"},"image":{"@id":"https:\/\/v2charge.com\/es\/#\/schema\/logo\/image\/"},"sameAs":["https:\/\/www.facebook.com\/V2C.Charge","https:\/\/x.com\/V2C_Charge","https:\/\/www.instagram.com\/v2c.charge\/","https:\/\/www.youtube.com\/@V2C","https:\/\/www.linkedin.com\/company\/v2c-chargers\/"]}]}},"uagb_featured_image_src":{"full":["https:\/\/v2charge.com\/wp-content\/uploads\/2024\/07\/v2c-electric-chargers.jpg",1200,675,false],"thumbnail":["https:\/\/v2charge.com\/wp-content\/uploads\/2024\/07\/v2c-electric-chargers-150x150.jpg",150,150,true],"medium":["https:\/\/v2charge.com\/wp-content\/uploads\/2024\/07\/v2c-electric-chargers-300x169.jpg",300,169,true],"medium_large":["https:\/\/v2charge.com\/wp-content\/uploads\/2024\/07\/v2c-electric-chargers-768x432.jpg",768,432,true],"large":["https:\/\/v2charge.com\/wp-content\/uploads\/2024\/07\/v2c-electric-chargers-1024x576.jpg",1024,576,true],"gs-tiny":["https:\/\/v2charge.com\/wp-content\/uploads\/2024\/07\/v2c-electric-chargers.jpg",50,28,false],"xl":["https:\/\/v2charge.com\/wp-content\/uploads\/2024\/07\/v2c-electric-chargers.jpg",1200,675,false],"xxl":["https:\/\/v2charge.com\/wp-content\/uploads\/2024\/07\/v2c-electric-chargers.jpg",1200,675,false],"xxxl":["https:\/\/v2charge.com\/wp-content\/uploads\/2024\/07\/v2c-electric-chargers.jpg",1200,675,false],"xxxxl":["https:\/\/v2charge.com\/wp-content\/uploads\/2024\/07\/v2c-electric-chargers.jpg",1200,675,false],"xxxxxl":["https:\/\/v2charge.com\/wp-content\/uploads\/2024\/07\/v2c-electric-chargers.jpg",1200,675,false],"1536x1536":["https:\/\/v2charge.com\/wp-content\/uploads\/2024\/07\/v2c-electric-chargers.jpg",1200,675,false],"2048x2048":["https:\/\/v2charge.com\/wp-content\/uploads\/2024\/07\/v2c-electric-chargers.jpg",1200,675,false]},"uagb_author_info":{"display_name":"V2C","author_link":"https:\/\/v2charge.com\/es\/author\/marketing\/"},"uagb_comment_info":0,"uagb_excerpt":"\u00bfC\u00f3mo rearmar el bloque de protecciones Toscano? Cuando el COMBI-MINI-TDA experimenta un disparo debido a un fallo t\u00e9rmico o una diferencia a tierra, la maneta de control queda suelta. Para proceder al rearme del equipo, es necesario presionar todas manetas hacia abajo hasta escuchar un &#8216;clic&#8217; y, posteriormente, volver a levantarlas. \u00bfNecesitas soporte t\u00e9cnico? Resuelve&hellip;","_links":{"self":[{"href":"https:\/\/v2charge.com\/es\/wp-json\/wp\/v2\/pages\/155516","targetHints":{"allow":["GET"]}}],"collection":[{"href":"https:\/\/v2charge.com\/es\/wp-json\/wp\/v2\/pages"}],"about":[{"href":"https:\/\/v2charge.com\/es\/wp-json\/wp\/v2\/types\/page"}],"author":[{"embeddable":true,"href":"https:\/\/v2charge.com\/es\/wp-json\/wp\/v2\/users\/400"}],"replies":[{"embeddable":true,"href":"https:\/\/v2charge.com\/es\/wp-json\/wp\/v2\/comments?post=155516"}],"version-history":[{"count":1,"href":"https:\/\/v2charge.com\/es\/wp-json\/wp\/v2\/pages\/155516\/revisions"}],"predecessor-version":[{"id":294677,"href":"https:\/\/v2charge.com\/es\/wp-json\/wp\/v2\/pages\/155516\/revisions\/294677"}],"up":[{"embeddable":true,"href":"https:\/\/v2charge.com\/es\/wp-json\/wp\/v2\/pages\/155112"}],"wp:featuredmedia":[{"embeddable":true,"href":"https:\/\/v2charge.com\/es\/wp-json\/wp\/v2\/media\/170354"}],"wp:attachment":[{"href":"https:\/\/v2charge.com\/es\/wp-json\/wp\/v2\/media?parent=155516"}],"curies":[{"name":"wp","href":"https:\/\/api.w.org\/{rel}","templated":true}]}}