{"id":240942,"date":"2025-08-01T12:58:14","date_gmt":"2025-08-01T10:58:14","guid":{"rendered":"https:\/\/v2charge.com\/?page_id=240942"},"modified":"2026-01-09T17:44:52","modified_gmt":"2026-01-09T15:44:52","slug":"medidor-mid","status":"publish","type":"page","link":"https:\/\/v2charge.com\/es\/soporte\/trydan\/medidor-mid\/","title":{"rendered":"Medidor MID"},"content":{"rendered":"\n<div class=\"wp-block-uagb-container uagb-block-4e29f302 alignfull uagb-is-root-container\"><div class=\"uagb-container-inner-blocks-wrap\"><div class=\"yoast-breadcrumbs\"><span><span><a href=\"https:\/\/v2charge.com\/es\/\">V2C<\/a><\/span> \u00bb <span><a href=\"https:\/\/v2charge.com\/es\/soporte\/\">\u00c1rea de Soporte<\/a><\/span> \u00bb <span><a href=\"https:\/\/v2charge.com\/es\/soporte\/trydan\/\">Soporte para Trydan<\/a><\/span> \u00bb <span class=\"breadcrumb_last\" aria-current=\"page\">Medidor MID<\/span><\/span><\/div>\n\n\n<div class=\"wp-block-uagb-advanced-heading uagb-block-eb8d37cd\"><h1 class=\"uagb-heading-text\">Medidor<strong> MID<\/strong><\/h1><\/div>\n\n\n\n<p>El <strong>medidor MID<\/strong> es un <strong>dispositivo de medici\u00f3n<\/strong> el\u00e9ctrica que cumple con los requisitos establecidos por la Directiva Europea 2014\/32\/UE, conocida como Directiva MID (Measuring Instruments Directive). <\/p>\n\n\n\n<p>Los medidores MID permiten <strong>registrar de manera exacta la energ\u00eda consumida<\/strong> durante las recargas de veh\u00edculos el\u00e9ctricos, especialmente cuando se requiere una medici\u00f3n certificada para fines de cobro. Gracias a su certificaci\u00f3n MID, estos medidores permiten a operadores, empresas y particulares asegurar la transparencia en la facturaci\u00f3n del consumo el\u00e9ctrico.<\/p>\n\n\n\n<p>Adem\u00e1s de su uso en cargadores de veh\u00edculos el\u00e9ctricos, los medidores MID se emplean en <strong>instalaciones industriales, comerciales y residenciales<\/strong> donde la precisi\u00f3n y la trazabilidad de los datos energ\u00e9ticos son cruciales.<\/p>\n\n\n\n<hr class=\"wp-block-separator has-alpha-channel-opacity\"\/>\n<\/div><\/div>\n\n\n\n<div class=\"wp-block-uagb-advanced-heading uagb-block-f436cc25\"><h1 class=\"uagb-heading-text\">C\u00f3mo conectar el medidor<strong> MID<\/strong><\/h1><\/div>\n\n\n\n<p>El <strong>medidor MID<\/strong> se alimenta <strong>con la fase que inyecta del bloque de protecciones.<\/strong> Como se ve en la imagen, el Neutro (cable azul) entra y sale en los conectores de arriba del medidor, mientras que la Fase 1, entra y sale desde los conectores de abajo. <br><\/p>\n\n\n\n<div class=\"wp-block-uagb-container uagb-block-a856e430 alignwide uagb-is-root-container\">\n<div class=\"wp-block-uagb-container uagb-block-1c381015\">\n<div class=\"wp-block-uagb-image uagb-block-88976d01 wp-block-uagb-image--layout-default wp-block-uagb-image--effect-zoomin wp-block-uagb-image--align-none\"><figure class=\"wp-block-uagb-image__figure\"><img decoding=\"async\" srcset=\"https:\/\/v2charge.com\/wp-content\/uploads\/2025\/08\/medidor-mid.jpg ,https:\/\/v2charge.com\/wp-content\/uploads\/2025\/08\/medidor-mid.jpg 780w, https:\/\/v2charge.com\/wp-content\/uploads\/2025\/08\/medidor-mid.jpg 360w\" sizes=\"auto, (max-width: 480px) 150px\" src=\"https:\/\/v2charge.com\/wp-content\/uploads\/2025\/08\/medidor-mid.jpg\" alt=\"\" class=\"uag-image-240966\" width=\"842\" height=\"610\" title=\"medidor-mid\" loading=\"lazy\" role=\"img\"\/><\/figure><\/div>\n<\/div>\n\n\n\n<div class=\"wp-block-uagb-container margen-acordeon uagb-block-02f02898\">\n<div class=\"wp-block-uagb-info-box uagb-block-b2701ecb uagb-infobox__content-wrap  uagb-infobox-icon-left uagb-infobox-left uagb-infobox-stacked-tablet uagb-infobox-image-valign-top\"><div class=\"uagb-ifb-image-content\"><img decoding=\"async\" src=\"https:\/\/v2charge.com\/wp-content\/uploads\/2023\/11\/numero-uno.png\" alt=\"\" width=\"25\" height=\"25\" loading=\"lazy\"\/><\/div><div class=\"uagb-ifb-content\"><div class=\"uagb-ifb-title-wrap\"><\/div><p class=\"uagb-ifb-desc\">Instalaci\u00f3n monof\u00e1sica<\/p><\/div><\/div>\n\n\n\n<div class=\"wp-block-uagb-info-box uagb-block-84c1f95e uagb-infobox__content-wrap  uagb-infobox-icon-left uagb-infobox-left uagb-infobox-stacked-tablet uagb-infobox-image-valign-top\"><div class=\"uagb-ifb-image-content\"><img decoding=\"async\" src=\"https:\/\/v2charge.com\/wp-content\/uploads\/2023\/11\/numero-dos.png\" alt=\"\" width=\"25\" height=\"25\" loading=\"lazy\"\/><\/div><div class=\"uagb-ifb-content\"><div class=\"uagb-ifb-title-wrap\"><\/div><p class=\"uagb-ifb-desc\">Medidor MID<\/p><\/div><\/div>\n\n\n\n<div class=\"wp-block-uagb-info-box uagb-block-d2b382d2 uagb-infobox__content-wrap  uagb-infobox-icon-left uagb-infobox-left uagb-infobox-stacked-tablet uagb-infobox-image-valign-top\"><div class=\"uagb-ifb-image-content\"><img decoding=\"async\" src=\"https:\/\/v2charge.com\/wp-content\/uploads\/2023\/11\/numero-tres.png\" alt=\"\" width=\"25\" height=\"25\" loading=\"lazy\"\/><\/div><div class=\"uagb-ifb-content\"><div class=\"uagb-ifb-title-wrap\"><\/div><p class=\"uagb-ifb-desc\">Placa de potencia<\/p><\/div><\/div>\n\n\n\n<div class=\"wp-block-uagb-info-box uagb-block-510c4db1 uagb-infobox__content-wrap  uagb-infobox-icon-left uagb-infobox-left uagb-infobox-stacked-tablet uagb-infobox-image-valign-top\"><div class=\"uagb-ifb-image-content\"><img decoding=\"async\" src=\"https:\/\/v2charge.com\/wp-content\/uploads\/2023\/11\/numero-cuatro.png\" alt=\"\" width=\"25\" height=\"25\" loading=\"lazy\"\/><\/div><div class=\"uagb-ifb-content\"><div class=\"uagb-ifb-title-wrap\"><\/div><p class=\"uagb-ifb-desc\">CON6 (A y B)<\/p><\/div><\/div>\n\n\n\n<div class=\"wp-block-uagb-info-box uagb-block-1b65eb79 uagb-infobox__content-wrap  uagb-infobox-icon-left uagb-infobox-left uagb-infobox-stacked-tablet uagb-infobox-image-valign-top\"><div class=\"uagb-ifb-image-content\"><img decoding=\"async\" src=\"https:\/\/v2charge.com\/wp-content\/uploads\/2023\/11\/numero-cinco.png\" alt=\"\" width=\"25\" height=\"25\" loading=\"lazy\"\/><\/div><div class=\"uagb-ifb-content\"><div class=\"uagb-ifb-title-wrap\"><\/div><p class=\"uagb-ifb-desc\">Manguera de carga<\/p><\/div><\/div>\n\n\n\n<div class=\"wp-block-uagb-info-box uagb-block-617adc4f uagb-infobox__content-wrap  uagb-infobox-icon-left uagb-infobox-left uagb-infobox-stacked-tablet uagb-infobox-image-valign-top\"><div class=\"uagb-ifb-image-content\"><img decoding=\"async\" src=\"https:\/\/v2charge.com\/wp-content\/uploads\/2023\/12\/numero-seis.png\" alt=\"\" width=\"25\" height=\"25\" loading=\"lazy\"\/><\/div><div class=\"uagb-ifb-content\"><div class=\"uagb-ifb-title-wrap\"><\/div><p class=\"uagb-ifb-desc\">Carcasa e-Charger<\/p><\/div><\/div>\n<\/div>\n<\/div>\n\n\n\n<hr class=\"wp-block-separator has-alpha-channel-opacity\"\/>\n\n\n\n<div class=\"wp-block-uagb-advanced-heading uagb-block-3510d36a\"><h1 class=\"uagb-heading-text\">C\u00f3mo configurar el medidor<strong> MID<\/strong><\/h1><\/div>\n\n\n\n<p>El medidor MID se configura desde la<strong> <a href=\"https:\/\/v2charge.com\/es\/soporte\/trydan\/botones-navegacion-display\/\">botonera del cargador Trydan.<\/a><\/strong> Para ello, se accede a la configuraci\u00f3n <strong>&#8216;Adicional&#8217;, <\/strong>despu\u00e9s a la secci\u00f3n <strong>&#8216;Medidor MID&#8217; <\/strong>y por \u00faltimo selecciona<strong> &#8216;Monof\u00e1sico&#8217; o &#8216;Trif\u00e1sico&#8217;. <br><\/strong><br>En caso de no tener este medidor, debe estar seleccionada la opci\u00f3n &#8216;No&#8217;.<br><\/p>\n\n\n\n<div class=\"wp-block-uagb-container uagb-block-d7888932 default uagb-is-root-container\">\n<div class=\"wp-block-uagb-container uagb-block-51c979ca\">\n<div class=\"wp-block-uagb-image uagb-block-522c59ec wp-block-uagb-image--layout-default wp-block-uagb-image--effect-static wp-block-uagb-image--align-none\"><figure class=\"wp-block-uagb-image__figure\"><img decoding=\"async\" srcset=\"https:\/\/v2charge.com\/wp-content\/uploads\/2024\/05\/medidor-mid-monofasico.png ,https:\/\/v2charge.com\/wp-content\/uploads\/2024\/05\/medidor-mid-monofasico.png 780w, https:\/\/v2charge.com\/wp-content\/uploads\/2024\/05\/medidor-mid-monofasico.png 360w\" sizes=\"auto, (max-width: 480px) 150px\" src=\"https:\/\/v2charge.com\/wp-content\/uploads\/2024\/05\/medidor-mid-monofasico.png\" alt=\"\" class=\"uag-image-157128\" width=\"685\" height=\"166\" title=\"medidor-mid-monofasico\" loading=\"lazy\" role=\"img\"\/><\/figure><\/div>\n<\/div>\n\n\n\n<div class=\"wp-block-uagb-container uagb-block-c2a9fa26\">\n<div class=\"wp-block-uagb-image uagb-block-1dd3bb79 wp-block-uagb-image--layout-default wp-block-uagb-image--effect-static wp-block-uagb-image--align-none\"><figure class=\"wp-block-uagb-image__figure\"><img decoding=\"async\" srcset=\"https:\/\/v2charge.com\/wp-content\/uploads\/2024\/05\/medidor-mid-no.png ,https:\/\/v2charge.com\/wp-content\/uploads\/2024\/05\/medidor-mid-no.png 780w, https:\/\/v2charge.com\/wp-content\/uploads\/2024\/05\/medidor-mid-no.png 360w\" sizes=\"auto, (max-width: 480px) 150px\" src=\"https:\/\/v2charge.com\/wp-content\/uploads\/2024\/05\/medidor-mid-no.png\" alt=\"\" class=\"uag-image-157138\" width=\"685\" height=\"166\" title=\"medidor-mid-no\" loading=\"lazy\" role=\"img\"\/><\/figure><\/div>\n<\/div>\n\n\n\n<div class=\"wp-block-uagb-container uagb-block-971804f3\">\n<div class=\"wp-block-uagb-image uagb-block-8e1dc988 wp-block-uagb-image--layout-default wp-block-uagb-image--effect-static wp-block-uagb-image--align-none\"><figure class=\"wp-block-uagb-image__figure\"><img decoding=\"async\" srcset=\"https:\/\/v2charge.com\/wp-content\/uploads\/2024\/05\/medidor-mid-trifasico.png ,https:\/\/v2charge.com\/wp-content\/uploads\/2024\/05\/medidor-mid-trifasico.png 780w, https:\/\/v2charge.com\/wp-content\/uploads\/2024\/05\/medidor-mid-trifasico.png 360w\" sizes=\"auto, (max-width: 480px) 150px\" src=\"https:\/\/v2charge.com\/wp-content\/uploads\/2024\/05\/medidor-mid-trifasico.png\" alt=\"\" class=\"uag-image-157148\" width=\"685\" height=\"166\" title=\"medidor-mid-trifasico\" loading=\"lazy\" role=\"img\"\/><\/figure><\/div>\n<\/div>\n<\/div>\n\n\n\n<div style=\"height:30px\" aria-hidden=\"true\" class=\"wp-block-spacer uag-hide-mob\"><\/div>\n\n\n\n<div style=\"height:50px\" aria-hidden=\"true\" class=\"wp-block-spacer\"><\/div>\n\n\n\n<div class=\"wp-block-uagb-container uagb-block-c6f38013 alignfull uagb-is-root-container\"><div class=\"uagb-container-inner-blocks-wrap\">\n<div class=\"wp-block-uagb-advanced-heading uagb-block-6963d70c\"><h2 class=\"uagb-heading-text\"><strong>\u00bfNecesitas soporte t\u00e9cnico?<\/strong><\/h2><\/div>\n\n\n\n<div class=\"wp-block-uagb-advanced-heading uagb-block-408243eb\"><p class=\"uagb-heading-text\">Resuelve tu incidencia al instante a trav\u00e9s de nuestro Chat con IA. Si no se resuelve, genera una solicitud en el Centro de Soporte T\u00e9cnico y nos pondremos en contacto contigo lo antes posible para ofrecerte la mejor soluci\u00f3n.<\/p><\/div>\n\n\n\n<div class=\"wp-block-uagb-info-box uagb-block-12e3cf1c uagb-infobox__content-wrap  uagb-infobox-icon-left uagb-infobox-left uagb-infobox-image-valign-top wp-block-uagb-info-box--has-margin ai-chatbot-button\"><div class=\"uagb-infobox-margin-wrapper\"><div class=\"uagb-ifb-image-content\"><img decoding=\"async\" src=\"https:\/\/v2charge.com\/wp-content\/uploads\/2026\/01\/support-ai-chatbot.png\" alt=\"\" width=\"20\" height=\"19\" loading=\"lazy\"\/><\/div><div class=\"uagb-ifb-content\"><div class=\"uagb-ifb-title-wrap\"><\/div><div class=\"uagb-ifb-button-wrapper wp-block-button\"><a href=\"https:\/\/v2charge.com\/v2c-support-web\/\" class=\"uagb-infobox-cta-link wp-block-button__link\" target=\"_blank\" rel=\"noopener noreferrer\" onclick=\"return true;\"><span class=\"uagb-inline-editing\">Pregunta a nuestro Chat con IA<\/span><\/a><\/div><\/div><\/div><\/div>\n\n\n\n<div class=\"wp-block-uagb-buttons uagb-buttons__outer-wrap uagb-btn__default-btn uagb-btn-tablet__default-btn uagb-btn-mobile__default-btn uagb-block-ba1e67d1\"><div class=\"uagb-buttons__wrap uagb-buttons-layout-wrap \">\n<div class=\"wp-block-uagb-buttons-child uagb-buttons__outer-wrap uagb-block-23cfb623 wp-block-button\"><div class=\"uagb-button__wrapper\"><a class=\"uagb-buttons-repeater wp-block-button__link\" aria-label=\"\" href=\"https:\/\/v2charge.atlassian.net\/servicedesk\/customer\/portal\/3\" rel=\"follow noopener\" target=\"_blank\" role=\"button\"><div class=\"uagb-button__link\">Contacta con Soporte T\u00e9cnico<\/div><\/a><\/div><\/div>\n<\/div><\/div>\n<\/div><\/div>\n","protected":false},"excerpt":{"rendered":"<p>Medidor MID El medidor MID es un dispositivo de medici\u00f3n el\u00e9ctrica que cumple con los requisitos establecidos por la Directiva Europea 2014\/32\/UE, conocida como Directiva MID (Measuring Instruments Directive). Los medidores MID permiten registrar de manera exacta la energ\u00eda consumida durante las recargas de veh\u00edculos el\u00e9ctricos, especialmente cuando se requiere una medici\u00f3n certificada para fines &#8230; <a title=\"Medidor MID\" class=\"read-more\" href=\"https:\/\/v2charge.com\/es\/soporte\/trydan\/medidor-mid\/\" aria-label=\"Leer m\u00e1s sobre Medidor MID\">Leer m\u00e1s<\/a><\/p>\n","protected":false},"author":400,"featured_media":0,"parent":71836,"menu_order":0,"comment_status":"closed","ping_status":"closed","template":"","meta":{"_eb_attr":"","content-type":"","_uag_custom_page_level_css":"","footnotes":""},"class_list":["post-240942","page","type-page","status-publish"],"yoast_head":"<!-- This site is optimized with the Yoast SEO plugin v25.3.1 - https:\/\/yoast.com\/wordpress\/plugins\/seo\/ -->\n<title>Medidor MID - V2C<\/title>\n<meta name=\"description\" content=\"Descubre c\u00f3mo conectar y configurar el medidor MID, un dispositivo que registra de forma exacta la energ\u00eda consumida en las recargas de VE.\" \/>\n<meta name=\"robots\" content=\"index, follow, max-snippet:-1, max-image-preview:large, max-video-preview:-1\" \/>\n<link rel=\"canonical\" href=\"https:\/\/v2charge.com\/es\/soporte\/trydan\/medidor-mid\/\" \/>\n<meta property=\"og:locale\" content=\"es_ES\" \/>\n<meta property=\"og:type\" content=\"article\" \/>\n<meta property=\"og:title\" content=\"Medidor MID - V2C\" \/>\n<meta property=\"og:description\" content=\"Descubre c\u00f3mo conectar y configurar el medidor MID, un dispositivo que registra de forma exacta la energ\u00eda consumida en las recargas de VE.\" \/>\n<meta property=\"og:url\" content=\"https:\/\/v2charge.com\/es\/soporte\/trydan\/medidor-mid\/\" \/>\n<meta property=\"og:site_name\" content=\"V2C\" \/>\n<meta property=\"article:publisher\" content=\"https:\/\/www.facebook.com\/V2C.Charge\" \/>\n<meta property=\"article:modified_time\" content=\"2026-01-09T15:44:52+00:00\" \/>\n<meta property=\"og:image\" content=\"https:\/\/v2charge.com\/wp-content\/uploads\/2025\/08\/medidor-mid.jpg\" \/>\n<meta name=\"twitter:card\" content=\"summary_large_image\" \/>\n<meta name=\"twitter:site\" content=\"@V2C_Charge\" \/>\n<meta name=\"twitter:label1\" content=\"Tiempo de lectura\" \/>\n\t<meta name=\"twitter:data1\" content=\"4 minutos\" \/>\n<script type=\"application\/ld+json\" class=\"yoast-schema-graph\">{\"@context\":\"https:\/\/schema.org\",\"@graph\":[{\"@type\":\"WebPage\",\"@id\":\"https:\/\/v2charge.com\/es\/soporte\/trydan\/medidor-mid\/\",\"url\":\"https:\/\/v2charge.com\/es\/soporte\/trydan\/medidor-mid\/\",\"name\":\"Medidor MID - V2C\",\"isPartOf\":{\"@id\":\"https:\/\/v2charge.com\/es\/#website\"},\"primaryImageOfPage\":{\"@id\":\"https:\/\/v2charge.com\/es\/soporte\/trydan\/medidor-mid\/#primaryimage\"},\"image\":{\"@id\":\"https:\/\/v2charge.com\/es\/soporte\/trydan\/medidor-mid\/#primaryimage\"},\"thumbnailUrl\":\"https:\/\/v2charge.com\/wp-content\/uploads\/2025\/08\/medidor-mid.jpg\",\"datePublished\":\"2025-08-01T10:58:14+00:00\",\"dateModified\":\"2026-01-09T15:44:52+00:00\",\"description\":\"Descubre c\u00f3mo conectar y configurar el medidor MID, un dispositivo que registra de forma exacta la energ\u00eda consumida en las recargas de VE.\",\"breadcrumb\":{\"@id\":\"https:\/\/v2charge.com\/es\/soporte\/trydan\/medidor-mid\/#breadcrumb\"},\"inLanguage\":\"es\",\"potentialAction\":[{\"@type\":\"ReadAction\",\"target\":[\"https:\/\/v2charge.com\/es\/soporte\/trydan\/medidor-mid\/\"]}]},{\"@type\":\"ImageObject\",\"inLanguage\":\"es\",\"@id\":\"https:\/\/v2charge.com\/es\/soporte\/trydan\/medidor-mid\/#primaryimage\",\"url\":\"https:\/\/v2charge.com\/wp-content\/uploads\/2025\/08\/medidor-mid.jpg\",\"contentUrl\":\"https:\/\/v2charge.com\/wp-content\/uploads\/2025\/08\/medidor-mid.jpg\"},{\"@type\":\"BreadcrumbList\",\"@id\":\"https:\/\/v2charge.com\/es\/soporte\/trydan\/medidor-mid\/#breadcrumb\",\"itemListElement\":[{\"@type\":\"ListItem\",\"position\":1,\"name\":\"V2C\",\"item\":\"https:\/\/v2charge.com\/es\/\"},{\"@type\":\"ListItem\",\"position\":2,\"name\":\"\u00c1rea de Soporte\",\"item\":\"https:\/\/v2charge.com\/es\/soporte\/\"},{\"@type\":\"ListItem\",\"position\":3,\"name\":\"Soporte para Trydan\",\"item\":\"https:\/\/v2charge.com\/es\/soporte\/trydan\/\"},{\"@type\":\"ListItem\",\"position\":4,\"name\":\"Medidor MID\"}]},{\"@type\":\"WebSite\",\"@id\":\"https:\/\/v2charge.com\/es\/#website\",\"url\":\"https:\/\/v2charge.com\/es\/\",\"name\":\"V2C\",\"description\":\"#CargandoElMa\u00f1ana\",\"publisher\":{\"@id\":\"https:\/\/v2charge.com\/es\/#organization\"},\"potentialAction\":[{\"@type\":\"SearchAction\",\"target\":{\"@type\":\"EntryPoint\",\"urlTemplate\":\"https:\/\/v2charge.com\/es\/?s={search_term_string}\"},\"query-input\":{\"@type\":\"PropertyValueSpecification\",\"valueRequired\":true,\"valueName\":\"search_term_string\"}}],\"inLanguage\":\"es\"},{\"@type\":\"Organization\",\"@id\":\"https:\/\/v2charge.com\/es\/#organization\",\"name\":\"V2C\",\"url\":\"https:\/\/v2charge.com\/es\/\",\"logo\":{\"@type\":\"ImageObject\",\"inLanguage\":\"es\",\"@id\":\"https:\/\/v2charge.com\/es\/#\/schema\/logo\/image\/\",\"url\":\"https:\/\/v2charge.com\/wp-content\/uploads\/2024\/11\/cropped-v2c-charge-logo-menu.png\",\"contentUrl\":\"https:\/\/v2charge.com\/wp-content\/uploads\/2024\/11\/cropped-v2c-charge-logo-menu.png\",\"width\":984,\"height\":431,\"caption\":\"V2C\"},\"image\":{\"@id\":\"https:\/\/v2charge.com\/es\/#\/schema\/logo\/image\/\"},\"sameAs\":[\"https:\/\/www.facebook.com\/V2C.Charge\",\"https:\/\/x.com\/V2C_Charge\",\"https:\/\/www.instagram.com\/v2c.charge\/\",\"https:\/\/www.youtube.com\/@V2C\",\"https:\/\/www.linkedin.com\/company\/v2c-chargers\/\"]}]}<\/script>\n<!-- \/ Yoast SEO plugin. -->","yoast_head_json":{"title":"Medidor MID - V2C","description":"Descubre c\u00f3mo conectar y configurar el medidor MID, un dispositivo que registra de forma exacta la energ\u00eda consumida en las recargas de VE.","robots":{"index":"index","follow":"follow","max-snippet":"max-snippet:-1","max-image-preview":"max-image-preview:large","max-video-preview":"max-video-preview:-1"},"canonical":"https:\/\/v2charge.com\/es\/soporte\/trydan\/medidor-mid\/","og_locale":"es_ES","og_type":"article","og_title":"Medidor MID - V2C","og_description":"Descubre c\u00f3mo conectar y configurar el medidor MID, un dispositivo que registra de forma exacta la energ\u00eda consumida en las recargas de VE.","og_url":"https:\/\/v2charge.com\/es\/soporte\/trydan\/medidor-mid\/","og_site_name":"V2C","article_publisher":"https:\/\/www.facebook.com\/V2C.Charge","article_modified_time":"2026-01-09T15:44:52+00:00","og_image":[{"url":"https:\/\/v2charge.com\/wp-content\/uploads\/2025\/08\/medidor-mid.jpg","type":"","width":"","height":""}],"twitter_card":"summary_large_image","twitter_site":"@V2C_Charge","twitter_misc":{"Tiempo de lectura":"4 minutos"},"schema":{"@context":"https:\/\/schema.org","@graph":[{"@type":"WebPage","@id":"https:\/\/v2charge.com\/es\/soporte\/trydan\/medidor-mid\/","url":"https:\/\/v2charge.com\/es\/soporte\/trydan\/medidor-mid\/","name":"Medidor MID - V2C","isPartOf":{"@id":"https:\/\/v2charge.com\/es\/#website"},"primaryImageOfPage":{"@id":"https:\/\/v2charge.com\/es\/soporte\/trydan\/medidor-mid\/#primaryimage"},"image":{"@id":"https:\/\/v2charge.com\/es\/soporte\/trydan\/medidor-mid\/#primaryimage"},"thumbnailUrl":"https:\/\/v2charge.com\/wp-content\/uploads\/2025\/08\/medidor-mid.jpg","datePublished":"2025-08-01T10:58:14+00:00","dateModified":"2026-01-09T15:44:52+00:00","description":"Descubre c\u00f3mo conectar y configurar el medidor MID, un dispositivo que registra de forma exacta la energ\u00eda consumida en las recargas de VE.","breadcrumb":{"@id":"https:\/\/v2charge.com\/es\/soporte\/trydan\/medidor-mid\/#breadcrumb"},"inLanguage":"es","potentialAction":[{"@type":"ReadAction","target":["https:\/\/v2charge.com\/es\/soporte\/trydan\/medidor-mid\/"]}]},{"@type":"ImageObject","inLanguage":"es","@id":"https:\/\/v2charge.com\/es\/soporte\/trydan\/medidor-mid\/#primaryimage","url":"https:\/\/v2charge.com\/wp-content\/uploads\/2025\/08\/medidor-mid.jpg","contentUrl":"https:\/\/v2charge.com\/wp-content\/uploads\/2025\/08\/medidor-mid.jpg"},{"@type":"BreadcrumbList","@id":"https:\/\/v2charge.com\/es\/soporte\/trydan\/medidor-mid\/#breadcrumb","itemListElement":[{"@type":"ListItem","position":1,"name":"V2C","item":"https:\/\/v2charge.com\/es\/"},{"@type":"ListItem","position":2,"name":"\u00c1rea de Soporte","item":"https:\/\/v2charge.com\/es\/soporte\/"},{"@type":"ListItem","position":3,"name":"Soporte para Trydan","item":"https:\/\/v2charge.com\/es\/soporte\/trydan\/"},{"@type":"ListItem","position":4,"name":"Medidor MID"}]},{"@type":"WebSite","@id":"https:\/\/v2charge.com\/es\/#website","url":"https:\/\/v2charge.com\/es\/","name":"V2C","description":"#CargandoElMa\u00f1ana","publisher":{"@id":"https:\/\/v2charge.com\/es\/#organization"},"potentialAction":[{"@type":"SearchAction","target":{"@type":"EntryPoint","urlTemplate":"https:\/\/v2charge.com\/es\/?s={search_term_string}"},"query-input":{"@type":"PropertyValueSpecification","valueRequired":true,"valueName":"search_term_string"}}],"inLanguage":"es"},{"@type":"Organization","@id":"https:\/\/v2charge.com\/es\/#organization","name":"V2C","url":"https:\/\/v2charge.com\/es\/","logo":{"@type":"ImageObject","inLanguage":"es","@id":"https:\/\/v2charge.com\/es\/#\/schema\/logo\/image\/","url":"https:\/\/v2charge.com\/wp-content\/uploads\/2024\/11\/cropped-v2c-charge-logo-menu.png","contentUrl":"https:\/\/v2charge.com\/wp-content\/uploads\/2024\/11\/cropped-v2c-charge-logo-menu.png","width":984,"height":431,"caption":"V2C"},"image":{"@id":"https:\/\/v2charge.com\/es\/#\/schema\/logo\/image\/"},"sameAs":["https:\/\/www.facebook.com\/V2C.Charge","https:\/\/x.com\/V2C_Charge","https:\/\/www.instagram.com\/v2c.charge\/","https:\/\/www.youtube.com\/@V2C","https:\/\/www.linkedin.com\/company\/v2c-chargers\/"]}]}},"uagb_featured_image_src":{"full":false,"thumbnail":false,"medium":false,"medium_large":false,"large":false,"gs-tiny":false,"xl":false,"xxl":false,"xxxl":false,"xxxxl":false,"xxxxxl":false,"1536x1536":false,"2048x2048":false},"uagb_author_info":{"display_name":"V2C","author_link":"https:\/\/v2charge.com\/es\/author\/marketing\/"},"uagb_comment_info":0,"uagb_excerpt":"Medidor MID El medidor MID es un dispositivo de medici\u00f3n el\u00e9ctrica que cumple con los requisitos establecidos por la Directiva Europea 2014\/32\/UE, conocida como Directiva MID (Measuring Instruments Directive). Los medidores MID permiten registrar de manera exacta la energ\u00eda consumida durante las recargas de veh\u00edculos el\u00e9ctricos, especialmente cuando se requiere una medici\u00f3n certificada para fines&hellip;","_links":{"self":[{"href":"https:\/\/v2charge.com\/es\/wp-json\/wp\/v2\/pages\/240942","targetHints":{"allow":["GET"]}}],"collection":[{"href":"https:\/\/v2charge.com\/es\/wp-json\/wp\/v2\/pages"}],"about":[{"href":"https:\/\/v2charge.com\/es\/wp-json\/wp\/v2\/types\/page"}],"author":[{"embeddable":true,"href":"https:\/\/v2charge.com\/es\/wp-json\/wp\/v2\/users\/400"}],"replies":[{"embeddable":true,"href":"https:\/\/v2charge.com\/es\/wp-json\/wp\/v2\/comments?post=240942"}],"version-history":[{"count":12,"href":"https:\/\/v2charge.com\/es\/wp-json\/wp\/v2\/pages\/240942\/revisions"}],"predecessor-version":[{"id":294946,"href":"https:\/\/v2charge.com\/es\/wp-json\/wp\/v2\/pages\/240942\/revisions\/294946"}],"up":[{"embeddable":true,"href":"https:\/\/v2charge.com\/es\/wp-json\/wp\/v2\/pages\/71836"}],"wp:attachment":[{"href":"https:\/\/v2charge.com\/es\/wp-json\/wp\/v2\/media?parent=240942"}],"curies":[{"name":"wp","href":"https:\/\/api.w.org\/{rel}","templated":true}]}}