{"id":291996,"date":"2025-12-22T10:08:32","date_gmt":"2025-12-22T08:08:32","guid":{"rendered":"https:\/\/v2charge.com\/?page_id=291996"},"modified":"2025-12-22T10:17:31","modified_gmt":"2025-12-22T08:17:31","slug":"actualizaciones-denka","status":"publish","type":"page","link":"https:\/\/v2charge.com\/es\/actualizaciones-denka\/","title":{"rendered":"Actualizaciones Denka"},"content":{"rendered":"\n<div class=\"wp-block-uagb-container uagb-block-014a4d52 alignfull uagb-is-root-container\"><div class=\"uagb-container-inner-blocks-wrap\">\n<div class=\"wp-block-uagb-advanced-heading uagb-block-a5e384fe\"><h1 class=\"uagb-heading-text\">Actualizaciones Denka<\/h1><\/div>\n\n\n\n<p>Trabajamos constantemente para optimizar el rendimiento y las prestaciones de Denka. En este apartado puedes consultar la versi\u00f3n m\u00e1s actual de nuestro e-Charger, as\u00ed como las mejoras y actualizaciones m\u00e1s recientes implementadas.<\/p>\n\n\n\n<h2 class=\"wp-block-heading\">Consulta todas las actualizaciones del e-Charger<\/h2>\n\n\n<div class=\"cbxchangelog_wrapper cbxchangelog_wrapper_classic_plain\"><div class=\"cbxchangelog_release\" id=\"cbxchangelog_release_291995_1\"><div class=\"cbxchangelog_release_header\"><div class=\"cbxchangelog_version\">0.14.4<\/div><div class=\"cbxchangelog_date\"><small>enero 20, 2026<\/small><\/div><\/div><div class=\"cbxchangelog_release_inner\"><div class=\"cbxchangelog_features\"> <div class=\"cbxchangelog_log\"><div class=\"cbxchangelog_log-label cbxchangelog_log_label_added\">Added<\/div><div class=\"cbxchangelog_feature\">Mostrar el estado de carga en el panel del instalador.<\/div><\/div> <div class=\"cbxchangelog_log\"><div class=\"cbxchangelog_log-label cbxchangelog_log_label_improved\">Improved<\/div><div class=\"cbxchangelog_feature\">Carga inteligente: control deslizante de potencia en el panel del instalador.<\/div><\/div> <div class=\"cbxchangelog_log\"><div class=\"cbxchangelog_log-label cbxchangelog_log_label_improved\">Improved<\/div><div class=\"cbxchangelog_feature\">Mejoras generales en la estabilidad y fiabilidad del sistema.<\/div><\/div> <div class=\"cbxchangelog_log\"><div class=\"cbxchangelog_log-label cbxchangelog_log_label_improved\">Improved<\/div><div class=\"cbxchangelog_feature\">Mejoras generales en el funcionamiento y la estabilidad.<\/div><\/div> <div class=\"cbxchangelog_log\"><div class=\"cbxchangelog_log-label cbxchangelog_log_label_fixed\">Fixed<\/div><div class=\"cbxchangelog_feature\">Correcciones en el comportamiento de la carga inteligente OCPP.<\/div><\/div> <div class=\"cbxchangelog_log\"><div class=\"cbxchangelog_log-label cbxchangelog_log_label_fixed\">Fixed<\/div><div class=\"cbxchangelog_feature\">Correcci\u00f3n de problemas en la gesti\u00f3n y recuperaci\u00f3n de alarmas del sistema.<\/div><\/div><\/div><div class=\"cbxchangelog_features_url\"><img decoding=\"async\" src=\"data:image\/png;base64,iVBORw0KGgoAAAANSUhEUgAAABoAAAAaCAYAAACpSkzOAAAABmJLR0QA\/wD\/AP+gvaeTAAAB30lEQVRIia3Wv2sUQRjG8c\/dRUQbRawVogYUjHp97LUQFMTO\/AliGXKEJApaKFgKEkgsxMYfWNgIFoJFRKNRLGyvE5MyYHGixdyR2WF3cuvlhYHded95v\/vOPvPuNoxuLVzFZUygh3U8xrtdyE8\/8Vf8rRgr2DsqpI3NDGQwlqExAuQNDkVzH\/FSqGAaRyLf+f+FpJXcEd7VwA6jG\/kf7QZkviJ2MYpZbdaAHMAVYXu+9OcWMqA\/0XWrImYoO5XxjWHNdkVPxoZI2MBFXBLk\/Fs4JyuZNbdxLrp\/sRPkGD4ol22vnzDd\/rkkbq0kpmBtbFRA4nE9WtNJfBs4vhMkVdc67glS3Yrmb\/TXzCbxm4rbNxRkUVE548KJv499mCmp5GxdyAz244EggPEovoVbSfwvnKkLme37bkZzW1jqV\/OtBDKZg0yUQDqRfzrxlY2fOJ2DtIQXHS+aS2KagpR7FZD3OJqDwLVk0d1M7Emhgb7GWzzEBUN+BZ5GkE\/yfSnXdrLWxIno\/pViM4xtHt+FhrokVH6wDmzVdkULGUh6GNt1IISTPkjQFT5aA2sJTz4yBKaSRF3hEHYUW\/1IkIEtK5ftrkIIPxQ52GdF0dS2VP9TQheYxB78wHM8U63GoewfAo7YbZrQf6sAAAAASUVORK5CYII=\"\/><a href=\"https:\/\/v2cstorageaccount.blob.core.windows.net\/dccodule-versions\/dc-codule_v0.14.4.zip\"  target=\"_blank\" >More details about this release<\/a><\/div><\/div><\/div><div class=\"cbxchangelog_release\" id=\"cbxchangelog_release_291995_2\"><div class=\"cbxchangelog_release_header\"><div class=\"cbxchangelog_version\">0.14.1<\/div><div class=\"cbxchangelog_date\"><small>diciembre 18, 2025<\/small><\/div><\/div><div class=\"cbxchangelog_release_inner\"><div class=\"cbxchangelog_features\"> <div class=\"cbxchangelog_log\"><div class=\"cbxchangelog_log-label cbxchangelog_log_label_added\">Added<\/div><div class=\"cbxchangelog_feature\">Indicador de Target SoC superado.<\/div><\/div> <div class=\"cbxchangelog_log\"><div class=\"cbxchangelog_log-label cbxchangelog_log_label_added\">Added<\/div><div class=\"cbxchangelog_feature\">Parada de carga a un SoC espec\u00edfico<\/div><\/div> <div class=\"cbxchangelog_log\"><div class=\"cbxchangelog_log-label cbxchangelog_log_label_added\">Added<\/div><div class=\"cbxchangelog_feature\">Reporte del estado del bot\u00f3n de emergencia.<\/div><\/div> <div class=\"cbxchangelog_log\"><div class=\"cbxchangelog_log-label cbxchangelog_log_label_added\">Added<\/div><div class=\"cbxchangelog_feature\">Elemento slider en el webserver.<\/div><\/div> <div class=\"cbxchangelog_log\"><div class=\"cbxchangelog_log-label cbxchangelog_log_label_added\">Added<\/div><div class=\"cbxchangelog_feature\">Reporte del SoC del veh\u00edculo y protocolo al backend.<\/div><\/div> <div class=\"cbxchangelog_log\"><div class=\"cbxchangelog_log-label cbxchangelog_log_label_added\">Added<\/div><div class=\"cbxchangelog_feature\">M\u00e9todo directo `currentcharge` ahora devuelve el tiempo restante para el SoC bulk y completo.<\/div><\/div> <div class=\"cbxchangelog_log\"><div class=\"cbxchangelog_log-label cbxchangelog_log_label_added\">Added<\/div><div class=\"cbxchangelog_feature\">M\u00e9todo directo para reiniciar el servicio `autossh`.<\/div><\/div> <div class=\"cbxchangelog_log\"><div class=\"cbxchangelog_log-label cbxchangelog_log_label_added\">Added<\/div><div class=\"cbxchangelog_feature\">Configuraci\u00f3n del modo IP (p\u00fablica\/privada) para la conexi\u00f3n 4G.<\/div><\/div> <div class=\"cbxchangelog_log\"><div class=\"cbxchangelog_log-label cbxchangelog_log_label_improved\">Improved<\/div><div class=\"cbxchangelog_feature\">Carga inteligente OCPP.<\/div><\/div> <div class=\"cbxchangelog_log\"><div class=\"cbxchangelog_log-label cbxchangelog_log_label_improved\">Improved<\/div><div class=\"cbxchangelog_feature\">Mejoras de rendimiento.<\/div><\/div> <div class=\"cbxchangelog_log\"><div class=\"cbxchangelog_log-label cbxchangelog_log_label_improved\">Improved<\/div><div class=\"cbxchangelog_feature\">Arranque del m\u00f3dulo WiFi.<\/div><\/div> <div class=\"cbxchangelog_log\"><div class=\"cbxchangelog_log-label cbxchangelog_log_label_improved\">Improved<\/div><div class=\"cbxchangelog_feature\">Migraci\u00f3n del servidor HTTP.<\/div><\/div> <div class=\"cbxchangelog_log\"><div class=\"cbxchangelog_log-label cbxchangelog_log_label_fixed\">Fixed<\/div><div class=\"cbxchangelog_feature\">Correcci\u00f3n de errores en la configuraci\u00f3n de arranque.<\/div><\/div> <div class=\"cbxchangelog_log\"><div class=\"cbxchangelog_log-label cbxchangelog_log_label_fixed\">Fixed<\/div><div class=\"cbxchangelog_feature\">Correcci\u00f3n de errores en la carga inteligente de OCPP.<\/div><\/div> <div class=\"cbxchangelog_log\"><div class=\"cbxchangelog_log-label cbxchangelog_log_label_fixed\">Fixed<\/div><div class=\"cbxchangelog_feature\">Correcci\u00f3n de errores en el webserver y la comunicaci\u00f3n con el hardware.<\/div><\/div><\/div><div class=\"cbxchangelog_features_url\"><img decoding=\"async\" src=\"data:image\/png;base64,iVBORw0KGgoAAAANSUhEUgAAABoAAAAaCAYAAACpSkzOAAAABmJLR0QA\/wD\/AP+gvaeTAAAB30lEQVRIia3Wv2sUQRjG8c\/dRUQbRawVogYUjHp97LUQFMTO\/AliGXKEJApaKFgKEkgsxMYfWNgIFoJFRKNRLGyvE5MyYHGixdyR2WF3cuvlhYHded95v\/vOPvPuNoxuLVzFZUygh3U8xrtdyE8\/8Vf8rRgr2DsqpI3NDGQwlqExAuQNDkVzH\/FSqGAaRyLf+f+FpJXcEd7VwA6jG\/kf7QZkviJ2MYpZbdaAHMAVYXu+9OcWMqA\/0XWrImYoO5XxjWHNdkVPxoZI2MBFXBLk\/Fs4JyuZNbdxLrp\/sRPkGD4ol22vnzDd\/rkkbq0kpmBtbFRA4nE9WtNJfBs4vhMkVdc67glS3Yrmb\/TXzCbxm4rbNxRkUVE548KJv499mCmp5GxdyAz244EggPEovoVbSfwvnKkLme37bkZzW1jqV\/OtBDKZg0yUQDqRfzrxlY2fOJ2DtIQXHS+aS2KagpR7FZD3OJqDwLVk0d1M7Emhgb7GWzzEBUN+BZ5GkE\/yfSnXdrLWxIno\/pViM4xtHt+FhrokVH6wDmzVdkULGUh6GNt1IISTPkjQFT5aA2sJTz4yBKaSRF3hEHYUW\/1IkIEtK5ftrkIIPxQ52GdF0dS2VP9TQheYxB78wHM8U63GoewfAo7YbZrQf6sAAAAASUVORK5CYII=\"\/><a href=\"https:\/\/v2cstorageaccount.blob.core.windows.net\/dccodule-versions\/dc-codule_v0.14.1.zip\"  target=\"_blank\" >More details about this release<\/a><\/div><\/div><\/div><div class=\"cbxchangelog_release\" id=\"cbxchangelog_release_291995_3\"><div class=\"cbxchangelog_release_header\"><div class=\"cbxchangelog_version\">0.13.4<\/div><div class=\"cbxchangelog_date\"><small>octubre 30, 2025<\/small><\/div><\/div><div class=\"cbxchangelog_release_inner\"><div class=\"cbxchangelog_features\"> <div class=\"cbxchangelog_log\"><div class=\"cbxchangelog_log-label cbxchangelog_log_label_added\">Added<\/div><div class=\"cbxchangelog_feature\">Deshabilitaci\u00f3n de Wi-Fi en el panel de instalaci\u00f3n.<\/div><\/div> <div class=\"cbxchangelog_log\"><div class=\"cbxchangelog_log-label cbxchangelog_log_label_improved\">Improved<\/div><div class=\"cbxchangelog_feature\">Mejora del rendimiento del env\u00edo de par\u00e1metros DC.<\/div><\/div> <div class=\"cbxchangelog_log\"><div class=\"cbxchangelog_log-label cbxchangelog_log_label_fixed\">Fixed<\/div><div class=\"cbxchangelog_feature\">Arreglado el bloqueo de SPI.<\/div><\/div> <div class=\"cbxchangelog_log\"><div class=\"cbxchangelog_log-label cbxchangelog_log_label_fixed\">Fixed<\/div><div class=\"cbxchangelog_feature\">Bug en `TimerHandler` con `n_connectors`.<\/div><\/div><\/div><div class=\"cbxchangelog_features_url\"><img decoding=\"async\" src=\"data:image\/png;base64,iVBORw0KGgoAAAANSUhEUgAAABoAAAAaCAYAAACpSkzOAAAABmJLR0QA\/wD\/AP+gvaeTAAAB30lEQVRIia3Wv2sUQRjG8c\/dRUQbRawVogYUjHp97LUQFMTO\/AliGXKEJApaKFgKEkgsxMYfWNgIFoJFRKNRLGyvE5MyYHGixdyR2WF3cuvlhYHded95v\/vOPvPuNoxuLVzFZUygh3U8xrtdyE8\/8Vf8rRgr2DsqpI3NDGQwlqExAuQNDkVzH\/FSqGAaRyLf+f+FpJXcEd7VwA6jG\/kf7QZkviJ2MYpZbdaAHMAVYXu+9OcWMqA\/0XWrImYoO5XxjWHNdkVPxoZI2MBFXBLk\/Fs4JyuZNbdxLrp\/sRPkGD4ol22vnzDd\/rkkbq0kpmBtbFRA4nE9WtNJfBs4vhMkVdc67glS3Yrmb\/TXzCbxm4rbNxRkUVE548KJv499mCmp5GxdyAz244EggPEovoVbSfwvnKkLme37bkZzW1jqV\/OtBDKZg0yUQDqRfzrxlY2fOJ2DtIQXHS+aS2KagpR7FZD3OJqDwLVk0d1M7Emhgb7GWzzEBUN+BZ5GkE\/yfSnXdrLWxIno\/pViM4xtHt+FhrokVH6wDmzVdkULGUh6GNt1IISTPkjQFT5aA2sJTz4yBKaSRF3hEHYUW\/1IkIEtK5ftrkIIPxQ52GdF0dS2VP9TQheYxB78wHM8U63GoewfAo7YbZrQf6sAAAAASUVORK5CYII=\"\/><a href=\"https:\/\/v2cstorageaccount.blob.core.windows.net\/dccodule-versions\/dc-codule_v0.13.4.zip\"  target=\"_blank\" >More details about this release<\/a><\/div><\/div><\/div><div class=\"cbxchangelog_release\" id=\"cbxchangelog_release_291995_4\"><div class=\"cbxchangelog_release_header\"><div class=\"cbxchangelog_version\">0.11.3<\/div><div class=\"cbxchangelog_date\"><small>octubre 7, 2025<\/small><\/div><\/div><div class=\"cbxchangelog_release_inner\"><div class=\"cbxchangelog_features\"> <div class=\"cbxchangelog_log\"><div class=\"cbxchangelog_log-label cbxchangelog_log_label_added\">Added<\/div><div class=\"cbxchangelog_feature\">Reporte de tags.<\/div><\/div> <div class=\"cbxchangelog_log\"><div class=\"cbxchangelog_log-label cbxchangelog_log_label_added\">Added<\/div><div class=\"cbxchangelog_feature\">Integraci\u00f3n de cambios en las propiedades reportadas.<\/div><\/div> <div class=\"cbxchangelog_log\"><div class=\"cbxchangelog_log-label cbxchangelog_log_label_added\">Added<\/div><div class=\"cbxchangelog_feature\">Ajuste de la calibraci\u00f3n de RFID desde el panel de instalaci\u00f3n.<\/div><\/div> <div class=\"cbxchangelog_log\"><div class=\"cbxchangelog_log-label cbxchangelog_log_label_added\">Added<\/div><div class=\"cbxchangelog_feature\">Integraci\u00f3n de la propiedad observada de la librer\u00eda compartida.<\/div><\/div> <div class=\"cbxchangelog_log\"><div class=\"cbxchangelog_log-label cbxchangelog_log_label_added\">Added<\/div><div class=\"cbxchangelog_feature\">Parada de carga a un SoC espec\u00edfico.<\/div><\/div> <div class=\"cbxchangelog_log\"><div class=\"cbxchangelog_log-label cbxchangelog_log_label_added\">Added<\/div><div class=\"cbxchangelog_feature\">Lista blanca de carga por MAC.<\/div><\/div> <div class=\"cbxchangelog_log\"><div class=\"cbxchangelog_log-label cbxchangelog_log_label_fixed\">Fixed<\/div><div class=\"cbxchangelog_feature\">Bug en `TimerHandler` con `n_connectors`.<\/div><\/div> <div class=\"cbxchangelog_log\"><div class=\"cbxchangelog_log-label cbxchangelog_log_label_fixed\">Fixed<\/div><div class=\"cbxchangelog_feature\">Hotfix para el incremento de mensajes enviados.<\/div><\/div><\/div><div class=\"cbxchangelog_features_url\"><img decoding=\"async\" src=\"data:image\/png;base64,iVBORw0KGgoAAAANSUhEUgAAABoAAAAaCAYAAACpSkzOAAAABmJLR0QA\/wD\/AP+gvaeTAAAB30lEQVRIia3Wv2sUQRjG8c\/dRUQbRawVogYUjHp97LUQFMTO\/AliGXKEJApaKFgKEkgsxMYfWNgIFoJFRKNRLGyvE5MyYHGixdyR2WF3cuvlhYHded95v\/vOPvPuNoxuLVzFZUygh3U8xrtdyE8\/8Vf8rRgr2DsqpI3NDGQwlqExAuQNDkVzH\/FSqGAaRyLf+f+FpJXcEd7VwA6jG\/kf7QZkviJ2MYpZbdaAHMAVYXu+9OcWMqA\/0XWrImYoO5XxjWHNdkVPxoZI2MBFXBLk\/Fs4JyuZNbdxLrp\/sRPkGD4ol22vnzDd\/rkkbq0kpmBtbFRA4nE9WtNJfBs4vhMkVdc67glS3Yrmb\/TXzCbxm4rbNxRkUVE548KJv499mCmp5GxdyAz244EggPEovoVbSfwvnKkLme37bkZzW1jqV\/OtBDKZg0yUQDqRfzrxlY2fOJ2DtIQXHS+aS2KagpR7FZD3OJqDwLVk0d1M7Emhgb7GWzzEBUN+BZ5GkE\/yfSnXdrLWxIno\/pViM4xtHt+FhrokVH6wDmzVdkULGUh6GNt1IISTPkjQFT5aA2sJTz4yBKaSRF3hEHYUW\/1IkIEtK5ftrkIIPxQ52GdF0dS2VP9TQheYxB78wHM8U63GoewfAo7YbZrQf6sAAAAASUVORK5CYII=\"\/><a href=\"https:\/\/v2cstorageaccount.blob.core.windows.net\/dccodule-versions\/dc-codule_v0.11.3.zip\"  target=\"_blank\" >More details about this release<\/a><\/div><\/div><\/div><\/div>\n<\/div><\/div>\n","protected":false},"excerpt":{"rendered":"<p>Actualizaciones Denka Trabajamos constantemente para optimizar el rendimiento y las prestaciones de Denka. En este apartado puedes consultar la versi\u00f3n m\u00e1s actual de nuestro e-Charger, as\u00ed como las mejoras y actualizaciones m\u00e1s recientes implementadas. Consulta todas las actualizaciones del e-Charger<\/p>\n","protected":false},"author":400,"featured_media":170354,"parent":0,"menu_order":0,"comment_status":"closed","ping_status":"closed","template":"","meta":{"_eb_attr":"","content-type":"","_uag_custom_page_level_css":"","footnotes":""},"class_list":["post-291996","page","type-page","status-publish","has-post-thumbnail"],"yoast_head":"<!-- This site is optimized with the Yoast SEO plugin v25.3.1 - https:\/\/yoast.com\/wordpress\/plugins\/seo\/ -->\n<title>Actualizaciones Denka \u2013 Novedades del e-Charger | V2C<\/title>\n<meta name=\"description\" content=\"Descubre las \u00faltimas mejoras y actualizaciones de Denka, el cargador de coche el\u00e9ctrico r\u00e1pido de V2C. Innovaci\u00f3n y rendimiento optimizados.\" \/>\n<meta name=\"robots\" content=\"index, follow, max-snippet:-1, max-image-preview:large, max-video-preview:-1\" \/>\n<link rel=\"canonical\" href=\"https:\/\/v2charge.com\/es\/actualizaciones-denka\/\" \/>\n<meta property=\"og:locale\" content=\"es_ES\" \/>\n<meta property=\"og:type\" content=\"article\" \/>\n<meta property=\"og:title\" content=\"Actualizaciones Denka \u2013 Novedades del e-Charger | V2C\" \/>\n<meta property=\"og:description\" content=\"Descubre las \u00faltimas mejoras y actualizaciones de Denka, el cargador de coche el\u00e9ctrico r\u00e1pido de V2C. Innovaci\u00f3n y rendimiento optimizados.\" \/>\n<meta property=\"og:url\" content=\"https:\/\/v2charge.com\/es\/actualizaciones-denka\/\" \/>\n<meta property=\"og:site_name\" content=\"V2C\" \/>\n<meta property=\"article:publisher\" content=\"https:\/\/www.facebook.com\/V2C.Charge\" \/>\n<meta property=\"article:modified_time\" content=\"2025-12-22T08:17:31+00:00\" \/>\n<meta property=\"og:image\" content=\"https:\/\/v2charge.com\/wp-content\/uploads\/2024\/07\/v2c-electric-chargers.jpg\" \/>\n\t<meta property=\"og:image:width\" content=\"1200\" \/>\n\t<meta property=\"og:image:height\" content=\"675\" \/>\n\t<meta property=\"og:image:type\" content=\"image\/jpeg\" \/>\n<meta name=\"twitter:card\" content=\"summary_large_image\" \/>\n<meta name=\"twitter:site\" content=\"@V2C_Charge\" \/>\n<meta name=\"twitter:label1\" content=\"Tiempo de lectura\" \/>\n\t<meta name=\"twitter:data1\" content=\"1 minuto\" \/>\n<script type=\"application\/ld+json\" class=\"yoast-schema-graph\">{\"@context\":\"https:\/\/schema.org\",\"@graph\":[{\"@type\":\"WebPage\",\"@id\":\"https:\/\/v2charge.com\/es\/actualizaciones-denka\/\",\"url\":\"https:\/\/v2charge.com\/es\/actualizaciones-denka\/\",\"name\":\"Actualizaciones Denka \u2013 Novedades del e-Charger | V2C\",\"isPartOf\":{\"@id\":\"https:\/\/v2charge.com\/es\/#website\"},\"primaryImageOfPage\":{\"@id\":\"https:\/\/v2charge.com\/es\/actualizaciones-denka\/#primaryimage\"},\"image\":{\"@id\":\"https:\/\/v2charge.com\/es\/actualizaciones-denka\/#primaryimage\"},\"thumbnailUrl\":\"https:\/\/v2charge.com\/wp-content\/uploads\/2024\/07\/v2c-electric-chargers.jpg\",\"datePublished\":\"2025-12-22T08:08:32+00:00\",\"dateModified\":\"2025-12-22T08:17:31+00:00\",\"description\":\"Descubre las \u00faltimas mejoras y actualizaciones de Denka, el cargador de coche el\u00e9ctrico r\u00e1pido de V2C. Innovaci\u00f3n y rendimiento optimizados.\",\"breadcrumb\":{\"@id\":\"https:\/\/v2charge.com\/es\/actualizaciones-denka\/#breadcrumb\"},\"inLanguage\":\"es\",\"potentialAction\":[{\"@type\":\"ReadAction\",\"target\":[\"https:\/\/v2charge.com\/es\/actualizaciones-denka\/\"]}]},{\"@type\":\"ImageObject\",\"inLanguage\":\"es\",\"@id\":\"https:\/\/v2charge.com\/es\/actualizaciones-denka\/#primaryimage\",\"url\":\"https:\/\/v2charge.com\/wp-content\/uploads\/2024\/07\/v2c-electric-chargers.jpg\",\"contentUrl\":\"https:\/\/v2charge.com\/wp-content\/uploads\/2024\/07\/v2c-electric-chargers.jpg\",\"width\":1200,\"height\":675,\"caption\":\"V2C Electric Chargers\"},{\"@type\":\"BreadcrumbList\",\"@id\":\"https:\/\/v2charge.com\/es\/actualizaciones-denka\/#breadcrumb\",\"itemListElement\":[{\"@type\":\"ListItem\",\"position\":1,\"name\":\"V2C\",\"item\":\"https:\/\/v2charge.com\/es\/\"},{\"@type\":\"ListItem\",\"position\":2,\"name\":\"Actualizaciones Denka\"}]},{\"@type\":\"WebSite\",\"@id\":\"https:\/\/v2charge.com\/es\/#website\",\"url\":\"https:\/\/v2charge.com\/es\/\",\"name\":\"V2C\",\"description\":\"#CargandoElMa\u00f1ana\",\"publisher\":{\"@id\":\"https:\/\/v2charge.com\/es\/#organization\"},\"potentialAction\":[{\"@type\":\"SearchAction\",\"target\":{\"@type\":\"EntryPoint\",\"urlTemplate\":\"https:\/\/v2charge.com\/es\/?s={search_term_string}\"},\"query-input\":{\"@type\":\"PropertyValueSpecification\",\"valueRequired\":true,\"valueName\":\"search_term_string\"}}],\"inLanguage\":\"es\"},{\"@type\":\"Organization\",\"@id\":\"https:\/\/v2charge.com\/es\/#organization\",\"name\":\"V2C\",\"url\":\"https:\/\/v2charge.com\/es\/\",\"logo\":{\"@type\":\"ImageObject\",\"inLanguage\":\"es\",\"@id\":\"https:\/\/v2charge.com\/es\/#\/schema\/logo\/image\/\",\"url\":\"https:\/\/v2charge.com\/wp-content\/uploads\/2024\/11\/cropped-v2c-charge-logo-menu.png\",\"contentUrl\":\"https:\/\/v2charge.com\/wp-content\/uploads\/2024\/11\/cropped-v2c-charge-logo-menu.png\",\"width\":984,\"height\":431,\"caption\":\"V2C\"},\"image\":{\"@id\":\"https:\/\/v2charge.com\/es\/#\/schema\/logo\/image\/\"},\"sameAs\":[\"https:\/\/www.facebook.com\/V2C.Charge\",\"https:\/\/x.com\/V2C_Charge\",\"https:\/\/www.instagram.com\/v2c.charge\/\",\"https:\/\/www.youtube.com\/@V2C\",\"https:\/\/www.linkedin.com\/company\/v2c-chargers\/\"]}]}<\/script>\n<!-- \/ Yoast SEO plugin. -->","yoast_head_json":{"title":"Actualizaciones Denka \u2013 Novedades del e-Charger | V2C","description":"Descubre las \u00faltimas mejoras y actualizaciones de Denka, el cargador de coche el\u00e9ctrico r\u00e1pido de V2C. Innovaci\u00f3n y rendimiento optimizados.","robots":{"index":"index","follow":"follow","max-snippet":"max-snippet:-1","max-image-preview":"max-image-preview:large","max-video-preview":"max-video-preview:-1"},"canonical":"https:\/\/v2charge.com\/es\/actualizaciones-denka\/","og_locale":"es_ES","og_type":"article","og_title":"Actualizaciones Denka \u2013 Novedades del e-Charger | V2C","og_description":"Descubre las \u00faltimas mejoras y actualizaciones de Denka, el cargador de coche el\u00e9ctrico r\u00e1pido de V2C. Innovaci\u00f3n y rendimiento optimizados.","og_url":"https:\/\/v2charge.com\/es\/actualizaciones-denka\/","og_site_name":"V2C","article_publisher":"https:\/\/www.facebook.com\/V2C.Charge","article_modified_time":"2025-12-22T08:17:31+00:00","og_image":[{"width":1200,"height":675,"url":"https:\/\/v2charge.com\/wp-content\/uploads\/2024\/07\/v2c-electric-chargers.jpg","type":"image\/jpeg"}],"twitter_card":"summary_large_image","twitter_site":"@V2C_Charge","twitter_misc":{"Tiempo de lectura":"1 minuto"},"schema":{"@context":"https:\/\/schema.org","@graph":[{"@type":"WebPage","@id":"https:\/\/v2charge.com\/es\/actualizaciones-denka\/","url":"https:\/\/v2charge.com\/es\/actualizaciones-denka\/","name":"Actualizaciones Denka \u2013 Novedades del e-Charger | V2C","isPartOf":{"@id":"https:\/\/v2charge.com\/es\/#website"},"primaryImageOfPage":{"@id":"https:\/\/v2charge.com\/es\/actualizaciones-denka\/#primaryimage"},"image":{"@id":"https:\/\/v2charge.com\/es\/actualizaciones-denka\/#primaryimage"},"thumbnailUrl":"https:\/\/v2charge.com\/wp-content\/uploads\/2024\/07\/v2c-electric-chargers.jpg","datePublished":"2025-12-22T08:08:32+00:00","dateModified":"2025-12-22T08:17:31+00:00","description":"Descubre las \u00faltimas mejoras y actualizaciones de Denka, el cargador de coche el\u00e9ctrico r\u00e1pido de V2C. Innovaci\u00f3n y rendimiento optimizados.","breadcrumb":{"@id":"https:\/\/v2charge.com\/es\/actualizaciones-denka\/#breadcrumb"},"inLanguage":"es","potentialAction":[{"@type":"ReadAction","target":["https:\/\/v2charge.com\/es\/actualizaciones-denka\/"]}]},{"@type":"ImageObject","inLanguage":"es","@id":"https:\/\/v2charge.com\/es\/actualizaciones-denka\/#primaryimage","url":"https:\/\/v2charge.com\/wp-content\/uploads\/2024\/07\/v2c-electric-chargers.jpg","contentUrl":"https:\/\/v2charge.com\/wp-content\/uploads\/2024\/07\/v2c-electric-chargers.jpg","width":1200,"height":675,"caption":"V2C Electric Chargers"},{"@type":"BreadcrumbList","@id":"https:\/\/v2charge.com\/es\/actualizaciones-denka\/#breadcrumb","itemListElement":[{"@type":"ListItem","position":1,"name":"V2C","item":"https:\/\/v2charge.com\/es\/"},{"@type":"ListItem","position":2,"name":"Actualizaciones Denka"}]},{"@type":"WebSite","@id":"https:\/\/v2charge.com\/es\/#website","url":"https:\/\/v2charge.com\/es\/","name":"V2C","description":"#CargandoElMa\u00f1ana","publisher":{"@id":"https:\/\/v2charge.com\/es\/#organization"},"potentialAction":[{"@type":"SearchAction","target":{"@type":"EntryPoint","urlTemplate":"https:\/\/v2charge.com\/es\/?s={search_term_string}"},"query-input":{"@type":"PropertyValueSpecification","valueRequired":true,"valueName":"search_term_string"}}],"inLanguage":"es"},{"@type":"Organization","@id":"https:\/\/v2charge.com\/es\/#organization","name":"V2C","url":"https:\/\/v2charge.com\/es\/","logo":{"@type":"ImageObject","inLanguage":"es","@id":"https:\/\/v2charge.com\/es\/#\/schema\/logo\/image\/","url":"https:\/\/v2charge.com\/wp-content\/uploads\/2024\/11\/cropped-v2c-charge-logo-menu.png","contentUrl":"https:\/\/v2charge.com\/wp-content\/uploads\/2024\/11\/cropped-v2c-charge-logo-menu.png","width":984,"height":431,"caption":"V2C"},"image":{"@id":"https:\/\/v2charge.com\/es\/#\/schema\/logo\/image\/"},"sameAs":["https:\/\/www.facebook.com\/V2C.Charge","https:\/\/x.com\/V2C_Charge","https:\/\/www.instagram.com\/v2c.charge\/","https:\/\/www.youtube.com\/@V2C","https:\/\/www.linkedin.com\/company\/v2c-chargers\/"]}]}},"uagb_featured_image_src":{"full":["https:\/\/v2charge.com\/wp-content\/uploads\/2024\/07\/v2c-electric-chargers.jpg",1200,675,false],"thumbnail":["https:\/\/v2charge.com\/wp-content\/uploads\/2024\/07\/v2c-electric-chargers-150x150.jpg",150,150,true],"medium":["https:\/\/v2charge.com\/wp-content\/uploads\/2024\/07\/v2c-electric-chargers-300x169.jpg",300,169,true],"medium_large":["https:\/\/v2charge.com\/wp-content\/uploads\/2024\/07\/v2c-electric-chargers-768x432.jpg",768,432,true],"large":["https:\/\/v2charge.com\/wp-content\/uploads\/2024\/07\/v2c-electric-chargers-1024x576.jpg",1024,576,true],"gs-tiny":["https:\/\/v2charge.com\/wp-content\/uploads\/2024\/07\/v2c-electric-chargers.jpg",50,28,false],"xl":["https:\/\/v2charge.com\/wp-content\/uploads\/2024\/07\/v2c-electric-chargers.jpg",1200,675,false],"xxl":["https:\/\/v2charge.com\/wp-content\/uploads\/2024\/07\/v2c-electric-chargers.jpg",1200,675,false],"xxxl":["https:\/\/v2charge.com\/wp-content\/uploads\/2024\/07\/v2c-electric-chargers.jpg",1200,675,false],"xxxxl":["https:\/\/v2charge.com\/wp-content\/uploads\/2024\/07\/v2c-electric-chargers.jpg",1200,675,false],"xxxxxl":["https:\/\/v2charge.com\/wp-content\/uploads\/2024\/07\/v2c-electric-chargers.jpg",1200,675,false],"1536x1536":["https:\/\/v2charge.com\/wp-content\/uploads\/2024\/07\/v2c-electric-chargers.jpg",1200,675,false],"2048x2048":["https:\/\/v2charge.com\/wp-content\/uploads\/2024\/07\/v2c-electric-chargers.jpg",1200,675,false]},"uagb_author_info":{"display_name":"V2C","author_link":"https:\/\/v2charge.com\/es\/author\/marketing\/"},"uagb_comment_info":0,"uagb_excerpt":"Actualizaciones Denka Trabajamos constantemente para optimizar el rendimiento y las prestaciones de Denka. En este apartado puedes consultar la versi\u00f3n m\u00e1s actual de nuestro e-Charger, as\u00ed como las mejoras y actualizaciones m\u00e1s recientes implementadas. Consulta todas las actualizaciones del e-Charger","_links":{"self":[{"href":"https:\/\/v2charge.com\/es\/wp-json\/wp\/v2\/pages\/291996","targetHints":{"allow":["GET"]}}],"collection":[{"href":"https:\/\/v2charge.com\/es\/wp-json\/wp\/v2\/pages"}],"about":[{"href":"https:\/\/v2charge.com\/es\/wp-json\/wp\/v2\/types\/page"}],"author":[{"embeddable":true,"href":"https:\/\/v2charge.com\/es\/wp-json\/wp\/v2\/users\/400"}],"replies":[{"embeddable":true,"href":"https:\/\/v2charge.com\/es\/wp-json\/wp\/v2\/comments?post=291996"}],"version-history":[{"count":3,"href":"https:\/\/v2charge.com\/es\/wp-json\/wp\/v2\/pages\/291996\/revisions"}],"predecessor-version":[{"id":291999,"href":"https:\/\/v2charge.com\/es\/wp-json\/wp\/v2\/pages\/291996\/revisions\/291999"}],"wp:featuredmedia":[{"embeddable":true,"href":"https:\/\/v2charge.com\/es\/wp-json\/wp\/v2\/media\/170354"}],"wp:attachment":[{"href":"https:\/\/v2charge.com\/es\/wp-json\/wp\/v2\/media?parent=291996"}],"curies":[{"name":"wp","href":"https:\/\/api.w.org\/{rel}","templated":true}]}}