{"id":6496,"date":"2021-04-28T10:48:17","date_gmt":"2021-04-28T10:48:17","guid":{"rendered":"https:\/\/v2c2.puntoderecargacocheelectrico.com\/control-dinamico-de-potencia\/"},"modified":"2025-12-31T19:00:56","modified_gmt":"2025-12-31T17:00:56","slug":"control-dinamico-de-potencia","status":"publish","type":"page","link":"https:\/\/v2charge.com\/es\/control-dinamico-de-potencia\/","title":{"rendered":"Control din\u00e1mico de la potencia"},"content":{"rendered":"\n<div class=\"wp-block-uagb-container uagb-block-bd58cebc alignfull uagb-is-root-container\"><div class=\"uagb-container-inner-blocks-wrap\">\n<div class=\"wp-block-uagb-container uagb-block-7b418547\">\n<div class=\"wp-block-uagb-container uagb-block-8291aab2\">\n<div class=\"wp-block-uagb-advanced-heading uagb-block-34fa328c\"><h1 class=\"uagb-heading-text\">Control din\u00e1mico de la potencia<\/h1><\/div>\n\n\n\n<div class=\"wp-block-uagb-advanced-heading uagb-block-1abc2395\"><h2 class=\"uagb-heading-text\">M\u00e1s informaci\u00f3n sobre las ventajas de <strong>la recarga inteligente<\/strong><\/h2><\/div>\n<\/div>\n\n\n\n<div class=\"wp-block-uagb-container uagb-block-3aa21f7c\"><\/div>\n<\/div>\n\n\n\n<div class=\"wp-block-uagb-container uagb-block-0ed6dfdd\">\n<div class=\"wp-block-uagb-container uagb-block-77bdb36b\">\n<div class=\"wp-block-uagb-image aligncenter uagb-block-e153a1d9 wp-block-uagb-image--layout-default wp-block-uagb-image--effect-static wp-block-uagb-image--align-center\"><figure class=\"wp-block-uagb-image__figure\"><img decoding=\"async\" srcset=\"https:\/\/v2charge.com\/wp-content\/uploads\/2021\/11\/grafica-control-dinamico-de-potencia-5.png\n \" sizes=\"auto, (max-width: 480px) 150px\" src=\"https:\/\/v2charge.com\/wp-content\/uploads\/2021\/11\/grafica-control-dinamico-de-potencia-5.png\" alt=\"\" class=\"uag-image-60214\" width=\"631\" height=\"392\" title=\"\" loading=\"lazy\" role=\"img\"><\/figure><\/div>\n<\/div>\n\n\n\n<div class=\"wp-block-uagb-container uagb-block-b681848b\">\n<p class=\"has-base-3-color has-text-color\">El control din\u00e1mico es un sensor inteligente que mide la potencia de la instalaci\u00f3n, las necesidades de los electrodom\u00e9sticos de la casa y del veh\u00edculo el\u00e9ctrico para regular la carga entre ellos.<\/p>\n\n\n\n<p class=\"has-base-3-color has-text-color\">De esta forma, no es necesario aumentar la potencia contratada para alimentar todos tus dispositivos.&nbsp;<\/p>\n\n\n\n<p class=\"has-base-3-color has-text-color\"><strong><strong>Carga inteligente. Sin preocupaciones. Sin cortes de luz.  <\/strong><\/strong><\/p>\n<\/div>\n<\/div>\n<\/div><\/div>\n\n\n\n<div class=\"wp-block-uagb-container uagb-block-bf0bb0e8 alignfull uagb-is-root-container\"><div class=\"uagb-container-inner-blocks-wrap\">\n<div class=\"wp-block-uagb-container uagb-block-601b3a85\">\n<div class=\"wp-block-uagb-container uagb-block-61d08f9f\">\n<div class=\"wp-block-uagb-image aligncenter uagb-block-dc4b1ae6 wp-block-uagb-image--layout-default wp-block-uagb-image--effect-static wp-block-uagb-image--align-center\"><figure class=\"wp-block-uagb-image__figure\"><img decoding=\"async\" srcset=\"https:\/\/v2charge.com\/wp-content\/uploads\/2023\/07\/seguridad-icono.png\n \" sizes=\"auto, (max-width: 480px) 150px\" src=\"https:\/\/v2charge.com\/wp-content\/uploads\/2023\/07\/seguridad-icono.png\" alt=\"\" class=\"uag-image-109348\" width=\"81\" height=\"95\" title=\"\" loading=\"lazy\" role=\"img\"><\/figure><\/div>\n\n\n\n<div class=\"wp-block-uagb-advanced-heading uagb-block-edfd7583\"><h2 class=\"uagb-heading-text\">Seguridad<\/h2><\/div>\n\n\n\n<div class=\"wp-block-uagb-advanced-heading uagb-block-b29ae060\"><p class=\"uagb-heading-text\">La autorregulaci\u00f3n evita que las sobretensiones provoquen cortes de electricidad.<\/p><\/div>\n<\/div>\n\n\n\n<div class=\"wp-block-uagb-container uagb-block-93242c66\">\n<div class=\"wp-block-uagb-image aligncenter uagb-block-a0f9af05 wp-block-uagb-image--layout-default wp-block-uagb-image--effect-static wp-block-uagb-image--align-center\"><figure class=\"wp-block-uagb-image__figure\"><img decoding=\"async\" srcset=\"https:\/\/v2charge.com\/wp-content\/uploads\/2021\/11\/euroahorro-1.png\n \" sizes=\"auto, (max-width: 480px) 150px\" src=\"https:\/\/v2charge.com\/wp-content\/uploads\/2021\/11\/euroahorro-1.png\" alt=\"\" class=\"uag-image-60937\" width=\"95\" height=\"95\" title=\"\" loading=\"lazy\" role=\"img\"><\/figure><\/div>\n\n\n\n<div class=\"wp-block-uagb-advanced-heading uagb-block-98865490\"><h2 class=\"uagb-heading-text\">Econ\u00f3mico<\/h2><\/div>\n\n\n\n<div class=\"wp-block-uagb-advanced-heading uagb-block-ffd145f1\"><p class=\"uagb-heading-text\">Le permite ahorrar dinero en su consumo energ\u00e9tico sin aumentar la potencia contratada.<\/p><\/div>\n<\/div>\n\n\n\n<div class=\"wp-block-uagb-container uagb-block-0b1f0cfb\">\n<div class=\"wp-block-uagb-image aligncenter uagb-block-1853f296 wp-block-uagb-image--layout-default wp-block-uagb-image--effect-static wp-block-uagb-image--align-center\"><figure class=\"wp-block-uagb-image__figure\"><img decoding=\"async\" srcset=\"https:\/\/v2charge.com\/wp-content\/uploads\/2021\/11\/Balance-4.png\n \" sizes=\"auto, (max-width: 480px) 150px\" src=\"https:\/\/v2charge.com\/wp-content\/uploads\/2021\/11\/Balance-4.png\" alt=\"\" class=\"uag-image-60501\" width=\"96\" height=\"96\" title=\"\" loading=\"lazy\" role=\"img\"><\/figure><\/div>\n\n\n\n<div class=\"wp-block-uagb-advanced-heading uagb-block-b2e9e184\"><h2 class=\"uagb-heading-text\">Saldo<\/h2><\/div>\n\n\n\n<div class=\"wp-block-uagb-advanced-heading uagb-block-f24fa052\"><p class=\"uagb-heading-text\">La energ\u00eda restante de tu casa se utilizar\u00e1 para cargar tu veh\u00edculo.&nbsp;<\/p><\/div>\n<\/div>\n<\/div>\n<\/div><\/div>\n\n\n\n<div class=\"wp-block-uagb-container uagb-block-f9f348ab alignfull uagb-is-root-container\"><div class=\"uagb-container-inner-blocks-wrap\">\n<div class=\"wp-block-uagb-container uagb-block-f80d8aaa\">\n<div class=\"wp-block-uagb-container uagb-block-fd669160\">\n<div class=\"flourish-embed\" data-src=\"visualisation\/323987\"><\/div>\n<script src=\"https:\/\/public.flourish.studio\/resources\/embed.js\"><\/script>\n<\/div>\n\n\n\n<div class=\"wp-block-uagb-container uagb-block-a108b8d6\">\n<div class=\"flourish-embed flourish-chart\" data-src=\"visualisation\/323949\"><\/div>\n<script src=\"https:\/\/public.flourish.studio\/resources\/embed.js\"><\/script>\n<\/div>\n<\/div>\n<\/div><\/div>\n\n\n\n<div class=\"wp-block-uagb-container uagb-block-b7db42c8 alignfull uagb-is-root-container\"><div class=\"uagb-container-inner-blocks-wrap\">\n<div class=\"wp-block-uagb-container uagb-block-ef635077\">\n<div class=\"wp-block-uagb-container uagb-block-46751910\">\n<div class=\"wp-block-uagb-advanced-heading uagb-block-949d91de\"><h2 class=\"uagb-heading-text\">MODELOS <strong>TRYDAN<\/strong> INTEGRADOS<\/h2><\/div>\n\n\n\n<div class=\"wp-block-uagb-buttons uagb-buttons__outer-wrap uagb-btn__default-btn uagb-btn-tablet__default-btn uagb-btn-mobile__default-btn uagb-block-b9e71ae1\"><div class=\"uagb-buttons__wrap uagb-buttons-layout-wrap \">\n<div class=\"wp-block-uagb-buttons-child uagb-buttons__outer-wrap uagb-block-18b86a55 wp-block-button\"><div class=\"uagb-button__wrapper\"><a class=\"uagb-buttons-repeater wp-block-button__link\" aria-label=\"\" href=\"https:\/\/v2charge.com\/es\/trydan\/\" rel=\"follow noopener\" target=\"_self\"><div class=\"uagb-button__link\"><a href=\"https:\/\/v2charge.com\/es\/trydan\/\" target=\"_blank\" rel=\"noreferrer noopener\">VER CARGADOR TRYDAN<\/a><\/div><\/a><\/div><\/div>\n<\/div><\/div>\n<\/div>\n\n\n\n<div class=\"wp-block-uagb-container uagb-block-71f2d1ac\">\n<div class=\"wp-block-uagb-image uagb-block-9c88c3c2 wp-block-uagb-image--layout-default wp-block-uagb-image--effect-static wp-block-uagb-image--align-none\"><figure class=\"wp-block-uagb-image__figure\"><img decoding=\"async\" srcset=\"https:\/\/v2charge.com\/wp-content\/uploads\/2021\/12\/trydan.jpg\n \" sizes=\"auto, (max-width: 480px) 150px\" src=\"https:\/\/v2charge.com\/wp-content\/uploads\/2021\/12\/trydan.jpg\" alt=\"\" class=\"uag-image-67172\" width=\"500\" height=\"500\" title=\"\" loading=\"lazy\" role=\"img\"><\/figure><\/div>\n<\/div>\n<\/div>\n\n\n\n<div class=\"wp-block-uagb-buttons uagb-buttons__outer-wrap uagb-btn__default-btn uagb-btn-tablet__default-btn uagb-btn-mobile__default-btn uagb-block-720fafdd\"><div class=\"uagb-buttons__wrap uagb-buttons-layout-wrap \">\n<div class=\"wp-block-uagb-buttons-child uagb-buttons__outer-wrap uagb-block-68856505 wp-block-button\"><div class=\"uagb-button__wrapper\"><a class=\"uagb-buttons-repeater wp-block-button__link\" aria-label=\"\" href=\"https:\/\/v2charge.com\/support\/trydan\/dynamic-power-control\/\" rel=\"follow noopener\" target=\"_self\"><div class=\"uagb-button__link\">Ver ajustes de control din\u00e1mico de potencia<\/div><\/a><\/div><\/div>\n<\/div><\/div>\n<\/div><\/div>\n","protected":false},"excerpt":{"rendered":"<p>Control din\u00e1mico de la potencia M\u00e1s informaci\u00f3n sobre las ventajas de la recarga inteligente El control din\u00e1mico es un sensor inteligente que mide la potencia de la instalaci\u00f3n, las necesidades de los electrodom\u00e9sticos de la casa y del veh\u00edculo el\u00e9ctrico para regular la carga entre ellos. De esta forma, no es necesario aumentar la potencia &#8230; <a title=\"Control din\u00e1mico de la potencia\" class=\"read-more\" href=\"https:\/\/v2charge.com\/es\/control-dinamico-de-potencia\/\" aria-label=\"Leer m\u00e1s sobre Control din\u00e1mico de la potencia\">Leer m\u00e1s<\/a><\/p>\n","protected":false},"author":1,"featured_media":170354,"parent":0,"menu_order":0,"comment_status":"closed","ping_status":"closed","template":"","meta":{"_eb_attr":"","content-type":"","_uag_custom_page_level_css":"","footnotes":""},"class_list":["post-6496","page","type-page","status-publish","has-post-thumbnail"],"yoast_head":"<!-- This site is optimized with the Yoast SEO plugin v25.3.1 - https:\/\/yoast.com\/wordpress\/plugins\/seo\/ -->\n<title>Control Din\u00e1mico de Potencia: Qu\u00e9 es y c\u00f3mo funciona | V2C<\/title>\n<meta name=\"description\" content=\"El control din\u00e1mico de potencia le permite regular la potencia contratada entre los distintos aparatos electr\u00f3nicos de su hogar. M\u00e1s informaci\u00f3n.\" \/>\n<meta name=\"robots\" content=\"index, follow, max-snippet:-1, max-image-preview:large, max-video-preview:-1\" \/>\n<link rel=\"canonical\" href=\"https:\/\/v2charge.com\/es\/soporte\/trydan\/control-dinamico-potencia\/\" \/>\n<meta property=\"og:locale\" content=\"es_ES\" \/>\n<meta property=\"og:type\" content=\"article\" \/>\n<meta property=\"og:title\" content=\"Control Din\u00e1mico de Potencia: Qu\u00e9 es y c\u00f3mo funciona | V2C\" \/>\n<meta property=\"og:description\" content=\"El control din\u00e1mico de potencia le permite regular la potencia contratada entre los distintos aparatos electr\u00f3nicos de su hogar. M\u00e1s informaci\u00f3n.\" \/>\n<meta property=\"og:url\" content=\"https:\/\/v2charge.com\/es\/soporte\/trydan\/control-dinamico-potencia\/\" \/>\n<meta property=\"og:site_name\" content=\"V2C\" \/>\n<meta property=\"article:publisher\" content=\"https:\/\/www.facebook.com\/V2C.Charge\" \/>\n<meta property=\"article:modified_time\" content=\"2025-12-31T17:00:56+00:00\" \/>\n<meta property=\"og:image\" content=\"https:\/\/v2charge.com\/wp-content\/uploads\/2024\/07\/v2c-electric-chargers.jpg\" \/>\n\t<meta property=\"og:image:width\" content=\"1200\" \/>\n\t<meta property=\"og:image:height\" content=\"675\" \/>\n\t<meta property=\"og:image:type\" content=\"image\/jpeg\" \/>\n<meta name=\"twitter:card\" content=\"summary_large_image\" \/>\n<meta name=\"twitter:site\" content=\"@V2C_Charge\" \/>\n<meta name=\"twitter:label1\" content=\"Tiempo de lectura\" \/>\n\t<meta name=\"twitter:data1\" content=\"2 minutos\" \/>\n<script type=\"application\/ld+json\" class=\"yoast-schema-graph\">{\"@context\":\"https:\/\/schema.org\",\"@graph\":[{\"@type\":\"WebPage\",\"@id\":\"https:\/\/v2charge.com\/es\/control-dinamico-de-potencia\/\",\"url\":\"https:\/\/v2charge.com\/es\/soporte\/trydan\/control-dinamico-potencia\/\",\"name\":\"Control Din\u00e1mico de Potencia: Qu\u00e9 es y c\u00f3mo funciona | V2C\",\"isPartOf\":{\"@id\":\"https:\/\/v2charge.com\/es\/#website\"},\"primaryImageOfPage\":{\"@id\":\"https:\/\/v2charge.com\/es\/soporte\/trydan\/control-dinamico-potencia\/#primaryimage\"},\"image\":{\"@id\":\"https:\/\/v2charge.com\/es\/soporte\/trydan\/control-dinamico-potencia\/#primaryimage\"},\"thumbnailUrl\":\"https:\/\/v2charge.com\/wp-content\/uploads\/2024\/07\/v2c-electric-chargers.jpg\",\"datePublished\":\"2021-04-28T10:48:17+00:00\",\"dateModified\":\"2025-12-31T17:00:56+00:00\",\"description\":\"El control din\u00e1mico de potencia le permite regular la potencia contratada entre los distintos aparatos electr\u00f3nicos de su hogar. M\u00e1s informaci\u00f3n.\",\"breadcrumb\":{\"@id\":\"https:\/\/v2charge.com\/es\/soporte\/trydan\/control-dinamico-potencia\/#breadcrumb\"},\"inLanguage\":\"es\",\"potentialAction\":[{\"@type\":\"ReadAction\",\"target\":[\"https:\/\/v2charge.com\/es\/soporte\/trydan\/control-dinamico-potencia\/\"]}]},{\"@type\":\"ImageObject\",\"inLanguage\":\"es\",\"@id\":\"https:\/\/v2charge.com\/es\/soporte\/trydan\/control-dinamico-potencia\/#primaryimage\",\"url\":\"https:\/\/v2charge.com\/wp-content\/uploads\/2024\/07\/v2c-electric-chargers.jpg\",\"contentUrl\":\"https:\/\/v2charge.com\/wp-content\/uploads\/2024\/07\/v2c-electric-chargers.jpg\",\"width\":1200,\"height\":675,\"caption\":\"V2C Electric Chargers\"},{\"@type\":\"BreadcrumbList\",\"@id\":\"https:\/\/v2charge.com\/es\/soporte\/trydan\/control-dinamico-potencia\/#breadcrumb\",\"itemListElement\":[{\"@type\":\"ListItem\",\"position\":1,\"name\":\"V2C\",\"item\":\"https:\/\/v2charge.com\/es\/\"},{\"@type\":\"ListItem\",\"position\":2,\"name\":\"Control din\u00e1mico de la potencia\"}]},{\"@type\":\"WebSite\",\"@id\":\"https:\/\/v2charge.com\/es\/#website\",\"url\":\"https:\/\/v2charge.com\/es\/\",\"name\":\"V2C\",\"description\":\"#CargandoElMa\u00f1ana\",\"publisher\":{\"@id\":\"https:\/\/v2charge.com\/es\/#organization\"},\"potentialAction\":[{\"@type\":\"SearchAction\",\"target\":{\"@type\":\"EntryPoint\",\"urlTemplate\":\"https:\/\/v2charge.com\/es\/?s={search_term_string}\"},\"query-input\":{\"@type\":\"PropertyValueSpecification\",\"valueRequired\":true,\"valueName\":\"search_term_string\"}}],\"inLanguage\":\"es\"},{\"@type\":\"Organization\",\"@id\":\"https:\/\/v2charge.com\/es\/#organization\",\"name\":\"V2C\",\"url\":\"https:\/\/v2charge.com\/es\/\",\"logo\":{\"@type\":\"ImageObject\",\"inLanguage\":\"es\",\"@id\":\"https:\/\/v2charge.com\/es\/#\/schema\/logo\/image\/\",\"url\":\"https:\/\/v2charge.com\/wp-content\/uploads\/2024\/11\/cropped-v2c-charge-logo-menu.png\",\"contentUrl\":\"https:\/\/v2charge.com\/wp-content\/uploads\/2024\/11\/cropped-v2c-charge-logo-menu.png\",\"width\":984,\"height\":431,\"caption\":\"V2C\"},\"image\":{\"@id\":\"https:\/\/v2charge.com\/es\/#\/schema\/logo\/image\/\"},\"sameAs\":[\"https:\/\/www.facebook.com\/V2C.Charge\",\"https:\/\/x.com\/V2C_Charge\",\"https:\/\/www.instagram.com\/v2c.charge\/\",\"https:\/\/www.youtube.com\/@V2C\",\"https:\/\/www.linkedin.com\/company\/v2c-chargers\/\"]}]}<\/script>\n<!-- \/ Yoast SEO plugin. -->","yoast_head_json":{"title":"Control Din\u00e1mico de Potencia: Qu\u00e9 es y c\u00f3mo funciona | V2C","description":"El control din\u00e1mico de potencia le permite regular la potencia contratada entre los distintos aparatos electr\u00f3nicos de su hogar. M\u00e1s informaci\u00f3n.","robots":{"index":"index","follow":"follow","max-snippet":"max-snippet:-1","max-image-preview":"max-image-preview:large","max-video-preview":"max-video-preview:-1"},"canonical":"https:\/\/v2charge.com\/es\/soporte\/trydan\/control-dinamico-potencia\/","og_locale":"es_ES","og_type":"article","og_title":"Control Din\u00e1mico de Potencia: Qu\u00e9 es y c\u00f3mo funciona | V2C","og_description":"El control din\u00e1mico de potencia le permite regular la potencia contratada entre los distintos aparatos electr\u00f3nicos de su hogar. M\u00e1s informaci\u00f3n.","og_url":"https:\/\/v2charge.com\/es\/soporte\/trydan\/control-dinamico-potencia\/","og_site_name":"V2C","article_publisher":"https:\/\/www.facebook.com\/V2C.Charge","article_modified_time":"2025-12-31T17:00:56+00:00","og_image":[{"width":1200,"height":675,"url":"https:\/\/v2charge.com\/wp-content\/uploads\/2024\/07\/v2c-electric-chargers.jpg","type":"image\/jpeg"}],"twitter_card":"summary_large_image","twitter_site":"@V2C_Charge","twitter_misc":{"Tiempo de lectura":"2 minutos"},"schema":{"@context":"https:\/\/schema.org","@graph":[{"@type":"WebPage","@id":"https:\/\/v2charge.com\/es\/control-dinamico-de-potencia\/","url":"https:\/\/v2charge.com\/es\/soporte\/trydan\/control-dinamico-potencia\/","name":"Control Din\u00e1mico de Potencia: Qu\u00e9 es y c\u00f3mo funciona | V2C","isPartOf":{"@id":"https:\/\/v2charge.com\/es\/#website"},"primaryImageOfPage":{"@id":"https:\/\/v2charge.com\/es\/soporte\/trydan\/control-dinamico-potencia\/#primaryimage"},"image":{"@id":"https:\/\/v2charge.com\/es\/soporte\/trydan\/control-dinamico-potencia\/#primaryimage"},"thumbnailUrl":"https:\/\/v2charge.com\/wp-content\/uploads\/2024\/07\/v2c-electric-chargers.jpg","datePublished":"2021-04-28T10:48:17+00:00","dateModified":"2025-12-31T17:00:56+00:00","description":"El control din\u00e1mico de potencia le permite regular la potencia contratada entre los distintos aparatos electr\u00f3nicos de su hogar. M\u00e1s informaci\u00f3n.","breadcrumb":{"@id":"https:\/\/v2charge.com\/es\/soporte\/trydan\/control-dinamico-potencia\/#breadcrumb"},"inLanguage":"es","potentialAction":[{"@type":"ReadAction","target":["https:\/\/v2charge.com\/es\/soporte\/trydan\/control-dinamico-potencia\/"]}]},{"@type":"ImageObject","inLanguage":"es","@id":"https:\/\/v2charge.com\/es\/soporte\/trydan\/control-dinamico-potencia\/#primaryimage","url":"https:\/\/v2charge.com\/wp-content\/uploads\/2024\/07\/v2c-electric-chargers.jpg","contentUrl":"https:\/\/v2charge.com\/wp-content\/uploads\/2024\/07\/v2c-electric-chargers.jpg","width":1200,"height":675,"caption":"V2C Electric Chargers"},{"@type":"BreadcrumbList","@id":"https:\/\/v2charge.com\/es\/soporte\/trydan\/control-dinamico-potencia\/#breadcrumb","itemListElement":[{"@type":"ListItem","position":1,"name":"V2C","item":"https:\/\/v2charge.com\/es\/"},{"@type":"ListItem","position":2,"name":"Control din\u00e1mico de la potencia"}]},{"@type":"WebSite","@id":"https:\/\/v2charge.com\/es\/#website","url":"https:\/\/v2charge.com\/es\/","name":"V2C","description":"#CargandoElMa\u00f1ana","publisher":{"@id":"https:\/\/v2charge.com\/es\/#organization"},"potentialAction":[{"@type":"SearchAction","target":{"@type":"EntryPoint","urlTemplate":"https:\/\/v2charge.com\/es\/?s={search_term_string}"},"query-input":{"@type":"PropertyValueSpecification","valueRequired":true,"valueName":"search_term_string"}}],"inLanguage":"es"},{"@type":"Organization","@id":"https:\/\/v2charge.com\/es\/#organization","name":"V2C","url":"https:\/\/v2charge.com\/es\/","logo":{"@type":"ImageObject","inLanguage":"es","@id":"https:\/\/v2charge.com\/es\/#\/schema\/logo\/image\/","url":"https:\/\/v2charge.com\/wp-content\/uploads\/2024\/11\/cropped-v2c-charge-logo-menu.png","contentUrl":"https:\/\/v2charge.com\/wp-content\/uploads\/2024\/11\/cropped-v2c-charge-logo-menu.png","width":984,"height":431,"caption":"V2C"},"image":{"@id":"https:\/\/v2charge.com\/es\/#\/schema\/logo\/image\/"},"sameAs":["https:\/\/www.facebook.com\/V2C.Charge","https:\/\/x.com\/V2C_Charge","https:\/\/www.instagram.com\/v2c.charge\/","https:\/\/www.youtube.com\/@V2C","https:\/\/www.linkedin.com\/company\/v2c-chargers\/"]}]}},"uagb_featured_image_src":{"full":["https:\/\/v2charge.com\/wp-content\/uploads\/2024\/07\/v2c-electric-chargers.jpg",1200,675,false],"thumbnail":["https:\/\/v2charge.com\/wp-content\/uploads\/2024\/07\/v2c-electric-chargers-150x150.jpg",150,150,true],"medium":["https:\/\/v2charge.com\/wp-content\/uploads\/2024\/07\/v2c-electric-chargers-300x169.jpg",300,169,true],"medium_large":["https:\/\/v2charge.com\/wp-content\/uploads\/2024\/07\/v2c-electric-chargers-768x432.jpg",768,432,true],"large":["https:\/\/v2charge.com\/wp-content\/uploads\/2024\/07\/v2c-electric-chargers-1024x576.jpg",1024,576,true],"gs-tiny":["https:\/\/v2charge.com\/wp-content\/uploads\/2024\/07\/v2c-electric-chargers.jpg",50,28,false],"xl":["https:\/\/v2charge.com\/wp-content\/uploads\/2024\/07\/v2c-electric-chargers.jpg",1200,675,false],"xxl":["https:\/\/v2charge.com\/wp-content\/uploads\/2024\/07\/v2c-electric-chargers.jpg",1200,675,false],"xxxl":["https:\/\/v2charge.com\/wp-content\/uploads\/2024\/07\/v2c-electric-chargers.jpg",1200,675,false],"xxxxl":["https:\/\/v2charge.com\/wp-content\/uploads\/2024\/07\/v2c-electric-chargers.jpg",1200,675,false],"xxxxxl":["https:\/\/v2charge.com\/wp-content\/uploads\/2024\/07\/v2c-electric-chargers.jpg",1200,675,false],"1536x1536":["https:\/\/v2charge.com\/wp-content\/uploads\/2024\/07\/v2c-electric-chargers.jpg",1200,675,false],"2048x2048":["https:\/\/v2charge.com\/wp-content\/uploads\/2024\/07\/v2c-electric-chargers.jpg",1200,675,false]},"uagb_author_info":{"display_name":"V2C","author_link":"https:\/\/v2charge.com\/es\/author\/root_k4eu7ki8\/"},"uagb_comment_info":0,"uagb_excerpt":"Control din\u00e1mico de la potencia M\u00e1s informaci\u00f3n sobre las ventajas de la recarga inteligente El control din\u00e1mico es un sensor inteligente que mide la potencia de la instalaci\u00f3n, las necesidades de los electrodom\u00e9sticos de la casa y del veh\u00edculo el\u00e9ctrico para regular la carga entre ellos. De esta forma, no es necesario aumentar la potencia&hellip;","_links":{"self":[{"href":"https:\/\/v2charge.com\/es\/wp-json\/wp\/v2\/pages\/6496","targetHints":{"allow":["GET"]}}],"collection":[{"href":"https:\/\/v2charge.com\/es\/wp-json\/wp\/v2\/pages"}],"about":[{"href":"https:\/\/v2charge.com\/es\/wp-json\/wp\/v2\/types\/page"}],"author":[{"embeddable":true,"href":"https:\/\/v2charge.com\/es\/wp-json\/wp\/v2\/users\/1"}],"replies":[{"embeddable":true,"href":"https:\/\/v2charge.com\/es\/wp-json\/wp\/v2\/comments?post=6496"}],"version-history":[{"count":1,"href":"https:\/\/v2charge.com\/es\/wp-json\/wp\/v2\/pages\/6496\/revisions"}],"predecessor-version":[{"id":293796,"href":"https:\/\/v2charge.com\/es\/wp-json\/wp\/v2\/pages\/6496\/revisions\/293796"}],"wp:featuredmedia":[{"embeddable":true,"href":"https:\/\/v2charge.com\/es\/wp-json\/wp\/v2\/media\/170354"}],"wp:attachment":[{"href":"https:\/\/v2charge.com\/es\/wp-json\/wp\/v2\/media?parent=6496"}],"curies":[{"name":"wp","href":"https:\/\/api.w.org\/{rel}","templated":true}]}}