{"id":6499,"date":"2021-10-11T07:44:05","date_gmt":"2021-10-11T07:44:05","guid":{"rendered":"https:\/\/v2c2.puntoderecargacocheelectrico.com\/e-chargers\/"},"modified":"2026-02-18T16:36:15","modified_gmt":"2026-02-18T14:36:15","slug":"e-chargers","status":"publish","type":"page","link":"https:\/\/v2charge.com\/es\/e-chargers\/","title":{"rendered":"e-Chargers"},"content":{"rendered":"\n<div class=\"wp-block-uagb-container uagb-block-870fcc98 alignfull uagb-is-root-container\"><div class=\"uagb-container-inner-blocks-wrap\">\n<div class=\"wp-block-uagb-advanced-heading uagb-block-09b57f63\"><h1 class=\"uagb-heading-text\">Descubre nuestros cargadores V2C<\/h1><\/div>\n\n\n\n<div class=\"wp-block-uagb-advanced-heading uagb-block-b48c4bd6\"><h2 class=\"uagb-heading-text\">Encuentra el e-Charger que m\u00e1s se adapta a tus necesidades<\/h2><\/div>\n<\/div><\/div>\n\n\n\n<div class=\"wp-block-uagb-container uagb-block-85a94585 alignfull uagb-is-root-container\">\n<div class=\"wp-block-uagb-container uagb-block-fa2e9636\">\n<div class=\"wp-block-uagb-container uagb-block-c67883f2\"><\/div>\n<\/div>\n\n\n\n<div class=\"wp-block-uagb-container uagb-block-46f98641\">\n<div class=\"wp-block-uagb-advanced-heading uagb-block-9ea634ef\"><h2 class=\"uagb-heading-text\">TRYDAN<\/h2><\/div>\n\n\n\n<div class=\"wp-block-uagb-advanced-heading uagb-block-05e9209c\"><h3 class=\"uagb-heading-text\">Inteligencia y el m\u00e1ximo control a tu alcance<\/h3><\/div>\n\n\n\n<p class=\"has-base-3-color has-text-color\">Trydan te acerca a descubrir una nueva forma de carga: la m\u00e1s innovadora e inteligente conocida hasta ahora.<\/p>\n\n\n\n<p class=\"has-base-3-color has-text-color\">Un dise\u00f1o revolucionario con car\u00e1cter vanguardista que integra elegancia y funcionalidad.<\/p>\n\n\n\n<div class=\"wp-block-uagb-buttons uagb-buttons__outer-wrap uagb-btn__default-btn uagb-btn-tablet__default-btn uagb-btn-mobile__default-btn uagb-block-f7832a7b\"><div class=\"uagb-buttons__wrap uagb-buttons-layout-wrap \">\n<div class=\"wp-block-uagb-buttons-child uagb-buttons__outer-wrap uagb-block-e701662b wp-block-button is-style-outline\"><div class=\"uagb-button__wrapper\"><a class=\"uagb-buttons-repeater wp-block-button__link\" aria-label=\"\" href=\"https:\/\/v2charge.com\/es\/trydan\/\" rel=\"follow noopener\" target=\"_self\" role=\"button\"><div class=\"uagb-button__link\">Ver Trydan<\/div><\/a><\/div><\/div>\n<\/div><\/div>\n<\/div>\n<\/div>\n\n\n\n<div class=\"wp-block-uagb-container uagb-block-8d83ad62 alignfull uagb-is-root-container\">\n<div class=\"wp-block-uagb-container uagb-block-df871797\">\n<div class=\"wp-block-uagb-advanced-heading uagb-block-62e0970a\"><h2 class=\"uagb-heading-text\">TRYDAN PRO<\/h2><\/div>\n\n\n\n<div class=\"wp-block-uagb-advanced-heading uagb-block-b03b3d2c\"><h3 class=\"uagb-heading-text\">La evoluci\u00f3n perfecta con conectividad total<\/h3><\/div>\n\n\n\n<p>Mantente siempre conectado con Trydan Pro. Tecnolog\u00eda 4G y Ethernet para disfrutar de acceso a Internet al instante y sin interrupciones.<\/p>\n\n\n\n<p>Identifica a m\u00faltiples usuarios y garantiza una carga accesible y segura gracias a su lector RFID\/NFC.<\/p>\n\n\n\n<div class=\"wp-block-uagb-buttons uagb-buttons__outer-wrap uagb-btn__default-btn uagb-btn-tablet__default-btn uagb-btn-mobile__default-btn uagb-block-7008c05c\"><div class=\"uagb-buttons__wrap uagb-buttons-layout-wrap \">\n<div class=\"wp-block-uagb-buttons-child uagb-buttons__outer-wrap uagb-block-1b818de0 wp-block-button is-style-outline\"><div class=\"uagb-button__wrapper\"><a class=\"uagb-buttons-repeater wp-block-button__link\" aria-label=\"\" href=\"https:\/\/v2charge.com\/es\/trydan-pro\/\" rel=\"follow noopener\" target=\"_self\" role=\"button\"><div class=\"uagb-button__link\">Ver Trydan Pro<\/div><\/a><\/div><\/div>\n<\/div><\/div>\n<\/div>\n\n\n\n<div class=\"wp-block-uagb-container uagb-block-efb230ef\">\n<div class=\"wp-block-uagb-container uagb-block-15439cb3\"><\/div>\n<\/div>\n<\/div>\n\n\n\n<div class=\"wp-block-uagb-container uagb-block-d92173e3 alignfull uagb-is-root-container\">\n<div class=\"wp-block-uagb-container uagb-block-b879d392\">\n<div class=\"wp-block-uagb-container uagb-block-a2cfcc60\"><\/div>\n<\/div>\n\n\n\n<div class=\"wp-block-uagb-container uagb-block-13d3f525\">\n<div class=\"wp-block-uagb-advanced-heading uagb-block-ee015bad\"><h2 class=\"uagb-heading-text\">POLE PRO<\/h2><\/div>\n\n\n\n<div class=\"wp-block-uagb-advanced-heading uagb-block-fdb8051a\"><h3 class=\"uagb-heading-text\">La soluci\u00f3n de carga compartida m\u00e1s inteligente y rentable<\/h3><\/div>\n\n\n\n<p class=\"has-base-3-color has-text-color\">Pole Pro integra la \u00faltima tecnolog\u00eda para ofrecer la carga m\u00e1s inteligente por m\u00faltiples usuarios en espacios p\u00fablicos y privados.<\/p>\n\n\n\n<p class=\"has-base-3-color has-text-color\">Un dise\u00f1o elegante, s\u00f3lido y con la mejor conectividad para los entornos m\u00e1s exigentes en sus dos versiones, suelo o pared.<\/p>\n\n\n\n<div class=\"wp-block-uagb-buttons uagb-buttons__outer-wrap uagb-btn__default-btn uagb-btn-tablet__default-btn uagb-btn-mobile__default-btn uagb-block-1991fdb1\"><div class=\"uagb-buttons__wrap uagb-buttons-layout-wrap \">\n<div class=\"wp-block-uagb-buttons-child uagb-buttons__outer-wrap uagb-block-3b5e5735 wp-block-button is-style-outline\"><div class=\"uagb-button__wrapper\"><a class=\"uagb-buttons-repeater wp-block-button__link\" aria-label=\"\" href=\"https:\/\/v2charge.com\/es\/pole\/\" rel=\"follow noopener\" target=\"_self\" role=\"button\"><div class=\"uagb-button__link\">Ver Pole Pro<\/div><\/a><\/div><\/div>\n<\/div><\/div>\n<\/div>\n<\/div>\n\n\n\n<div class=\"wp-block-uagb-container uagb-block-bb89d55d alignfull uagb-is-root-container\">\n<div class=\"wp-block-uagb-container uagb-block-03544c89\">\n<div class=\"wp-block-uagb-advanced-heading uagb-block-ae32fdcf\"><h2 class=\"uagb-heading-text\">DENKA<\/h2><\/div>\n\n\n\n<div class=\"wp-block-uagb-advanced-heading uagb-block-ba6ea7bd\"><h3 class=\"uagb-heading-text\">El cargador r\u00e1pido m\u00e1s ultracompacto de su gama<\/h3><\/div>\n\n\n\n<p class=\"has-contrast-color has-text-color\">Denka est\u00e1 dise\u00f1ado para ofrecer el m\u00e1ximo rendimiento en el menor espacio. Permite cargar hasta 140 km en solo 30 minutos, combinando potencia y eficiencia en cada uso.<\/p>\n\n\n\n<p class=\"has-contrast-color has-text-color\">Disponible en versiones de 20 kW y 40 kW.<\/p>\n\n\n\n<div class=\"wp-block-uagb-buttons uagb-buttons__outer-wrap uagb-btn__default-btn uagb-btn-tablet__default-btn uagb-btn-mobile__default-btn uagb-block-b87795b8\"><div class=\"uagb-buttons__wrap uagb-buttons-layout-wrap \">\n<div class=\"wp-block-uagb-buttons-child uagb-buttons__outer-wrap uagb-block-f94af162 wp-block-button is-style-outline\"><div class=\"uagb-button__wrapper\"><a class=\"uagb-buttons-repeater wp-block-button__link\" aria-label=\"\" href=\"https:\/\/v2charge.com\/es\/denka\/\" rel=\"follow noopener\" target=\"_self\" role=\"button\"><div class=\"uagb-button__link\">Ver Denka<\/div><\/a><\/div><\/div>\n<\/div><\/div>\n<\/div>\n\n\n\n<div class=\"wp-block-uagb-container uagb-block-fa0686a4\">\n<div class=\"wp-block-uagb-container uagb-block-7299d301\"><\/div>\n<\/div>\n<\/div>\n\n\n\n<div class=\"wp-block-uagb-container uagb-block-26ae079b alignfull uagb-is-root-container\">\n<div class=\"wp-block-uagb-container uagb-block-b554521b\">\n<div class=\"wp-block-uagb-container uagb-block-9a000845\"><\/div>\n<\/div>\n\n\n\n<div class=\"wp-block-uagb-container uagb-block-a90475c3\">\n<div class=\"wp-block-uagb-advanced-heading uagb-block-c2bdcf5e\"><h2 class=\"uagb-heading-text\">SCREEN<\/h2><\/div>\n\n\n\n<div class=\"wp-block-uagb-advanced-heading uagb-block-517ae055\"><h3 class=\"uagb-heading-text\">El primer y \u00fanico e-Charger con publicidad integrada<\/h3><\/div>\n\n\n\n<p class=\"has-base-3-color has-text-color\">Con una tecnolog\u00eda nunca antes vista, Screen es el \u00fanico cargador del mercado que combina la carga de veh\u00edculos con la comercializaci\u00f3n publicitaria.<\/p>\n\n\n\n<p class=\"has-base-3-color has-text-color\">Se caracteriza por la contundente presencia de su pantalla de 43 pulgadas.<\/p>\n\n\n\n<div class=\"wp-block-uagb-buttons uagb-buttons__outer-wrap uagb-btn__default-btn uagb-btn-tablet__default-btn uagb-btn-mobile__default-btn uagb-block-76d98a3d\"><div class=\"uagb-buttons__wrap uagb-buttons-layout-wrap \">\n<div class=\"wp-block-uagb-buttons-child uagb-buttons__outer-wrap uagb-block-10d6f73f wp-block-button is-style-outline\"><div class=\"uagb-button__wrapper\"><a class=\"uagb-buttons-repeater wp-block-button__link\" aria-label=\"\" href=\"https:\/\/v2charge.com\/es\/screen\/\" rel=\"follow noopener\" target=\"_self\" role=\"button\"><div class=\"uagb-button__link\">Ver Screen<\/div><\/a><\/div><\/div>\n<\/div><\/div>\n<\/div>\n<\/div>\n\n\n\n<div class=\"wp-block-uagb-container uagb-block-0095458a alignfull uagb-is-root-container\">\n<div class=\"wp-block-uagb-container uagb-block-5361863f\">\n<div class=\"wp-block-uagb-advanced-heading uagb-block-fae95d4b\"><h2 class=\"uagb-heading-text\">EV PORTABLE<\/h2><\/div>\n\n\n\n<div class=\"wp-block-uagb-advanced-heading uagb-block-2258c590\"><h3 class=\"uagb-heading-text\">Ligereza y dise\u00f1o all\u00e1 donde vayas<\/h3><\/div>\n\n\n\n<p class=\"has-contrast-color has-text-color\">Ya puedes viajar sin cambiar la ruta. EV Portable es un e-Charger ligero, compacto y f\u00e1cil de transportar.<\/p>\n\n\n\n<p class=\"has-contrast-color has-text-color\">Sus peque\u00f1as dimensiones y su m\u00e1xima potencia de carga ser\u00e1n tu mejor aliado durante cualquier viaje.<\/p>\n\n\n\n<div class=\"wp-block-uagb-buttons uagb-buttons__outer-wrap uagb-btn__default-btn uagb-btn-tablet__default-btn uagb-btn-mobile__default-btn uagb-block-a428d7ff\"><div class=\"uagb-buttons__wrap uagb-buttons-layout-wrap \">\n<div class=\"wp-block-uagb-buttons-child uagb-buttons__outer-wrap uagb-block-ec608a32 wp-block-button is-style-outline\"><div class=\"uagb-button__wrapper\"><a class=\"uagb-buttons-repeater wp-block-button__link\" aria-label=\"\" href=\"https:\/\/v2charge.com\/es\/ev-portable\/\" rel=\"follow noopener\" target=\"_self\" role=\"button\"><div class=\"uagb-button__link\">Ver EV Portable<\/div><\/a><\/div><\/div>\n<\/div><\/div>\n<\/div>\n\n\n\n<div class=\"wp-block-uagb-container uagb-block-7d76ad5b\">\n<div class=\"wp-block-uagb-container uagb-block-4cb2e33a\"><\/div>\n<\/div>\n<\/div>\n\n\n\n<div class=\"wp-block-uagb-container uagb-block-5b548101 alignfull uagb-is-root-container\"><div class=\"uagb-container-inner-blocks-wrap\">\n<div class=\"wp-block-uagb-advanced-heading uagb-block-cda468fa\"><h2 class=\"uagb-heading-text\"><strong>Consulta el cat\u00e1logo de nuestros cargadores V2C<\/strong><\/h2><\/div>\n\n\n\n<div class=\"wp-block-uagb-buttons uagb-buttons__outer-wrap uagb-btn__default-btn uagb-btn-tablet__default-btn uagb-btn-mobile__default-btn uagb-block-1846dace\"><div class=\"uagb-buttons__wrap uagb-buttons-layout-wrap \">\n<div class=\"wp-block-uagb-buttons-child uagb-buttons__outer-wrap uagb-block-34f2bffb wp-block-button is-style-outline\"><div class=\"uagb-button__wrapper\"><a class=\"uagb-buttons-repeater wp-block-button__link\" aria-label=\"\" href=\"https:\/\/v2charge.com\/es\/catalogos\/\" rel=\"follow noopener\" target=\"_self\" role=\"button\"><div class=\"uagb-button__link\">Consultar cat\u00e1logos<\/div><\/a><\/div><\/div>\n<\/div><\/div>\n<\/div><\/div>\n\n\n\n<p><\/p>\n","protected":false},"excerpt":{"rendered":"<p>Descubre nuestros cargadores V2C Encuentra el e-Charger que m\u00e1s se adapta a tus necesidades TRYDAN Inteligencia y el m\u00e1ximo control a tu alcance Trydan te acerca a descubrir una nueva forma de carga: la m\u00e1s innovadora e inteligente conocida hasta ahora. Un dise\u00f1o revolucionario con car\u00e1cter vanguardista que integra elegancia y funcionalidad. TRYDAN PRO La &#8230; <a title=\"e-Chargers\" class=\"read-more\" href=\"https:\/\/v2charge.com\/es\/e-chargers\/\" aria-label=\"Leer m\u00e1s sobre e-Chargers\">Leer m\u00e1s<\/a><\/p>\n","protected":false},"author":1,"featured_media":170354,"parent":0,"menu_order":0,"comment_status":"closed","ping_status":"closed","template":"","meta":{"_eb_attr":"","content-type":"","_uag_custom_page_level_css":"","footnotes":""},"class_list":["post-6499","page","type-page","status-publish","has-post-thumbnail"],"yoast_head":"<!-- This site is optimized with the Yoast SEO plugin v25.3.1 - https:\/\/yoast.com\/wordpress\/plugins\/seo\/ -->\n<title>Cargadores V2C \u25b7 Descubre los mejores e-Chargers del Mercado<\/title>\n<meta name=\"description\" content=\"Descubre nuestra gama de e-Chargers, los cargadores V2C que te llevar\u00e1n al futuro, sostenibilidad e innovaci\u00f3n a trav\u00e9s de la carga el\u00e9ctrica.\" \/>\n<meta name=\"robots\" content=\"index, follow, max-snippet:-1, max-image-preview:large, max-video-preview:-1\" \/>\n<link rel=\"canonical\" href=\"https:\/\/v2charge.com\/es\/e-chargers\/\" \/>\n<meta property=\"og:locale\" content=\"es_ES\" \/>\n<meta property=\"og:type\" content=\"article\" \/>\n<meta property=\"og:title\" content=\"Cargadores V2C \u25b7 Descubre los mejores e-Chargers del Mercado\" \/>\n<meta property=\"og:description\" content=\"Descubre nuestra gama de e-Chargers, los cargadores V2C que te llevar\u00e1n al futuro, sostenibilidad e innovaci\u00f3n a trav\u00e9s de la carga el\u00e9ctrica.\" \/>\n<meta property=\"og:url\" content=\"https:\/\/v2charge.com\/es\/e-chargers\/\" \/>\n<meta property=\"og:site_name\" content=\"V2C\" \/>\n<meta property=\"article:publisher\" content=\"https:\/\/www.facebook.com\/V2C.Charge\" \/>\n<meta property=\"article:modified_time\" content=\"2026-02-18T14:36:15+00:00\" \/>\n<meta property=\"og:image\" content=\"https:\/\/v2charge.com\/wp-content\/uploads\/2024\/07\/v2c-electric-chargers.jpg\" \/>\n\t<meta property=\"og:image:width\" content=\"1200\" \/>\n\t<meta property=\"og:image:height\" content=\"675\" \/>\n\t<meta property=\"og:image:type\" content=\"image\/jpeg\" \/>\n<meta name=\"twitter:card\" content=\"summary_large_image\" \/>\n<meta name=\"twitter:site\" content=\"@V2C_Charge\" \/>\n<meta name=\"twitter:label1\" content=\"Tiempo de lectura\" \/>\n\t<meta name=\"twitter:data1\" content=\"2 minutos\" \/>\n<script type=\"application\/ld+json\" class=\"yoast-schema-graph\">{\"@context\":\"https:\/\/schema.org\",\"@graph\":[{\"@type\":\"WebPage\",\"@id\":\"https:\/\/v2charge.com\/es\/e-chargers\/\",\"url\":\"https:\/\/v2charge.com\/es\/e-chargers\/\",\"name\":\"Cargadores V2C \u25b7 Descubre los mejores e-Chargers del Mercado\",\"isPartOf\":{\"@id\":\"https:\/\/v2charge.com\/es\/#website\"},\"primaryImageOfPage\":{\"@id\":\"https:\/\/v2charge.com\/es\/e-chargers\/#primaryimage\"},\"image\":{\"@id\":\"https:\/\/v2charge.com\/es\/e-chargers\/#primaryimage\"},\"thumbnailUrl\":\"https:\/\/v2charge.com\/wp-content\/uploads\/2024\/07\/v2c-electric-chargers.jpg\",\"datePublished\":\"2021-10-11T07:44:05+00:00\",\"dateModified\":\"2026-02-18T14:36:15+00:00\",\"description\":\"Descubre nuestra gama de e-Chargers, los cargadores V2C que te llevar\u00e1n al futuro, sostenibilidad e innovaci\u00f3n a trav\u00e9s de la carga el\u00e9ctrica.\",\"breadcrumb\":{\"@id\":\"https:\/\/v2charge.com\/es\/e-chargers\/#breadcrumb\"},\"inLanguage\":\"es\",\"potentialAction\":[{\"@type\":\"ReadAction\",\"target\":[\"https:\/\/v2charge.com\/es\/e-chargers\/\"]}]},{\"@type\":\"ImageObject\",\"inLanguage\":\"es\",\"@id\":\"https:\/\/v2charge.com\/es\/e-chargers\/#primaryimage\",\"url\":\"https:\/\/v2charge.com\/wp-content\/uploads\/2024\/07\/v2c-electric-chargers.jpg\",\"contentUrl\":\"https:\/\/v2charge.com\/wp-content\/uploads\/2024\/07\/v2c-electric-chargers.jpg\",\"width\":1200,\"height\":675,\"caption\":\"V2C Electric Chargers\"},{\"@type\":\"BreadcrumbList\",\"@id\":\"https:\/\/v2charge.com\/es\/e-chargers\/#breadcrumb\",\"itemListElement\":[{\"@type\":\"ListItem\",\"position\":1,\"name\":\"V2C\",\"item\":\"https:\/\/v2charge.com\/es\/\"},{\"@type\":\"ListItem\",\"position\":2,\"name\":\"e-Chargers\"}]},{\"@type\":\"WebSite\",\"@id\":\"https:\/\/v2charge.com\/es\/#website\",\"url\":\"https:\/\/v2charge.com\/es\/\",\"name\":\"V2C\",\"description\":\"#CargandoElMa\u00f1ana\",\"publisher\":{\"@id\":\"https:\/\/v2charge.com\/es\/#organization\"},\"potentialAction\":[{\"@type\":\"SearchAction\",\"target\":{\"@type\":\"EntryPoint\",\"urlTemplate\":\"https:\/\/v2charge.com\/es\/?s={search_term_string}\"},\"query-input\":{\"@type\":\"PropertyValueSpecification\",\"valueRequired\":true,\"valueName\":\"search_term_string\"}}],\"inLanguage\":\"es\"},{\"@type\":\"Organization\",\"@id\":\"https:\/\/v2charge.com\/es\/#organization\",\"name\":\"V2C\",\"url\":\"https:\/\/v2charge.com\/es\/\",\"logo\":{\"@type\":\"ImageObject\",\"inLanguage\":\"es\",\"@id\":\"https:\/\/v2charge.com\/es\/#\/schema\/logo\/image\/\",\"url\":\"https:\/\/v2charge.com\/wp-content\/uploads\/2024\/11\/cropped-v2c-charge-logo-menu.png\",\"contentUrl\":\"https:\/\/v2charge.com\/wp-content\/uploads\/2024\/11\/cropped-v2c-charge-logo-menu.png\",\"width\":984,\"height\":431,\"caption\":\"V2C\"},\"image\":{\"@id\":\"https:\/\/v2charge.com\/es\/#\/schema\/logo\/image\/\"},\"sameAs\":[\"https:\/\/www.facebook.com\/V2C.Charge\",\"https:\/\/x.com\/V2C_Charge\",\"https:\/\/www.instagram.com\/v2c.charge\/\",\"https:\/\/www.youtube.com\/@V2C\",\"https:\/\/www.linkedin.com\/company\/v2c-chargers\/\"]}]}<\/script>\n<!-- \/ Yoast SEO plugin. -->","yoast_head_json":{"title":"Cargadores V2C \u25b7 Descubre los mejores e-Chargers del Mercado","description":"Descubre nuestra gama de e-Chargers, los cargadores V2C que te llevar\u00e1n al futuro, sostenibilidad e innovaci\u00f3n a trav\u00e9s de la carga el\u00e9ctrica.","robots":{"index":"index","follow":"follow","max-snippet":"max-snippet:-1","max-image-preview":"max-image-preview:large","max-video-preview":"max-video-preview:-1"},"canonical":"https:\/\/v2charge.com\/es\/e-chargers\/","og_locale":"es_ES","og_type":"article","og_title":"Cargadores V2C \u25b7 Descubre los mejores e-Chargers del Mercado","og_description":"Descubre nuestra gama de e-Chargers, los cargadores V2C que te llevar\u00e1n al futuro, sostenibilidad e innovaci\u00f3n a trav\u00e9s de la carga el\u00e9ctrica.","og_url":"https:\/\/v2charge.com\/es\/e-chargers\/","og_site_name":"V2C","article_publisher":"https:\/\/www.facebook.com\/V2C.Charge","article_modified_time":"2026-02-18T14:36:15+00:00","og_image":[{"width":1200,"height":675,"url":"https:\/\/v2charge.com\/wp-content\/uploads\/2024\/07\/v2c-electric-chargers.jpg","type":"image\/jpeg"}],"twitter_card":"summary_large_image","twitter_site":"@V2C_Charge","twitter_misc":{"Tiempo de lectura":"2 minutos"},"schema":{"@context":"https:\/\/schema.org","@graph":[{"@type":"WebPage","@id":"https:\/\/v2charge.com\/es\/e-chargers\/","url":"https:\/\/v2charge.com\/es\/e-chargers\/","name":"Cargadores V2C \u25b7 Descubre los mejores e-Chargers del Mercado","isPartOf":{"@id":"https:\/\/v2charge.com\/es\/#website"},"primaryImageOfPage":{"@id":"https:\/\/v2charge.com\/es\/e-chargers\/#primaryimage"},"image":{"@id":"https:\/\/v2charge.com\/es\/e-chargers\/#primaryimage"},"thumbnailUrl":"https:\/\/v2charge.com\/wp-content\/uploads\/2024\/07\/v2c-electric-chargers.jpg","datePublished":"2021-10-11T07:44:05+00:00","dateModified":"2026-02-18T14:36:15+00:00","description":"Descubre nuestra gama de e-Chargers, los cargadores V2C que te llevar\u00e1n al futuro, sostenibilidad e innovaci\u00f3n a trav\u00e9s de la carga el\u00e9ctrica.","breadcrumb":{"@id":"https:\/\/v2charge.com\/es\/e-chargers\/#breadcrumb"},"inLanguage":"es","potentialAction":[{"@type":"ReadAction","target":["https:\/\/v2charge.com\/es\/e-chargers\/"]}]},{"@type":"ImageObject","inLanguage":"es","@id":"https:\/\/v2charge.com\/es\/e-chargers\/#primaryimage","url":"https:\/\/v2charge.com\/wp-content\/uploads\/2024\/07\/v2c-electric-chargers.jpg","contentUrl":"https:\/\/v2charge.com\/wp-content\/uploads\/2024\/07\/v2c-electric-chargers.jpg","width":1200,"height":675,"caption":"V2C Electric Chargers"},{"@type":"BreadcrumbList","@id":"https:\/\/v2charge.com\/es\/e-chargers\/#breadcrumb","itemListElement":[{"@type":"ListItem","position":1,"name":"V2C","item":"https:\/\/v2charge.com\/es\/"},{"@type":"ListItem","position":2,"name":"e-Chargers"}]},{"@type":"WebSite","@id":"https:\/\/v2charge.com\/es\/#website","url":"https:\/\/v2charge.com\/es\/","name":"V2C","description":"#CargandoElMa\u00f1ana","publisher":{"@id":"https:\/\/v2charge.com\/es\/#organization"},"potentialAction":[{"@type":"SearchAction","target":{"@type":"EntryPoint","urlTemplate":"https:\/\/v2charge.com\/es\/?s={search_term_string}"},"query-input":{"@type":"PropertyValueSpecification","valueRequired":true,"valueName":"search_term_string"}}],"inLanguage":"es"},{"@type":"Organization","@id":"https:\/\/v2charge.com\/es\/#organization","name":"V2C","url":"https:\/\/v2charge.com\/es\/","logo":{"@type":"ImageObject","inLanguage":"es","@id":"https:\/\/v2charge.com\/es\/#\/schema\/logo\/image\/","url":"https:\/\/v2charge.com\/wp-content\/uploads\/2024\/11\/cropped-v2c-charge-logo-menu.png","contentUrl":"https:\/\/v2charge.com\/wp-content\/uploads\/2024\/11\/cropped-v2c-charge-logo-menu.png","width":984,"height":431,"caption":"V2C"},"image":{"@id":"https:\/\/v2charge.com\/es\/#\/schema\/logo\/image\/"},"sameAs":["https:\/\/www.facebook.com\/V2C.Charge","https:\/\/x.com\/V2C_Charge","https:\/\/www.instagram.com\/v2c.charge\/","https:\/\/www.youtube.com\/@V2C","https:\/\/www.linkedin.com\/company\/v2c-chargers\/"]}]}},"uagb_featured_image_src":{"full":["https:\/\/v2charge.com\/wp-content\/uploads\/2024\/07\/v2c-electric-chargers.jpg",1200,675,false],"thumbnail":["https:\/\/v2charge.com\/wp-content\/uploads\/2024\/07\/v2c-electric-chargers-150x150.jpg",150,150,true],"medium":["https:\/\/v2charge.com\/wp-content\/uploads\/2024\/07\/v2c-electric-chargers-300x169.jpg",300,169,true],"medium_large":["https:\/\/v2charge.com\/wp-content\/uploads\/2024\/07\/v2c-electric-chargers-768x432.jpg",768,432,true],"large":["https:\/\/v2charge.com\/wp-content\/uploads\/2024\/07\/v2c-electric-chargers-1024x576.jpg",1024,576,true],"gs-tiny":["https:\/\/v2charge.com\/wp-content\/uploads\/2024\/07\/v2c-electric-chargers.jpg",50,28,false],"xl":["https:\/\/v2charge.com\/wp-content\/uploads\/2024\/07\/v2c-electric-chargers.jpg",1200,675,false],"xxl":["https:\/\/v2charge.com\/wp-content\/uploads\/2024\/07\/v2c-electric-chargers.jpg",1200,675,false],"xxxl":["https:\/\/v2charge.com\/wp-content\/uploads\/2024\/07\/v2c-electric-chargers.jpg",1200,675,false],"xxxxl":["https:\/\/v2charge.com\/wp-content\/uploads\/2024\/07\/v2c-electric-chargers.jpg",1200,675,false],"xxxxxl":["https:\/\/v2charge.com\/wp-content\/uploads\/2024\/07\/v2c-electric-chargers.jpg",1200,675,false],"1536x1536":["https:\/\/v2charge.com\/wp-content\/uploads\/2024\/07\/v2c-electric-chargers.jpg",1200,675,false],"2048x2048":["https:\/\/v2charge.com\/wp-content\/uploads\/2024\/07\/v2c-electric-chargers.jpg",1200,675,false]},"uagb_author_info":{"display_name":"V2C","author_link":"https:\/\/v2charge.com\/es\/author\/root_k4eu7ki8\/"},"uagb_comment_info":0,"uagb_excerpt":"Descubre nuestros cargadores V2C Encuentra el e-Charger que m\u00e1s se adapta a tus necesidades TRYDAN Inteligencia y el m\u00e1ximo control a tu alcance Trydan te acerca a descubrir una nueva forma de carga: la m\u00e1s innovadora e inteligente conocida hasta ahora. Un dise\u00f1o revolucionario con car\u00e1cter vanguardista que integra elegancia y funcionalidad. TRYDAN PRO La&hellip;","_links":{"self":[{"href":"https:\/\/v2charge.com\/es\/wp-json\/wp\/v2\/pages\/6499","targetHints":{"allow":["GET"]}}],"collection":[{"href":"https:\/\/v2charge.com\/es\/wp-json\/wp\/v2\/pages"}],"about":[{"href":"https:\/\/v2charge.com\/es\/wp-json\/wp\/v2\/types\/page"}],"author":[{"embeddable":true,"href":"https:\/\/v2charge.com\/es\/wp-json\/wp\/v2\/users\/1"}],"replies":[{"embeddable":true,"href":"https:\/\/v2charge.com\/es\/wp-json\/wp\/v2\/comments?post=6499"}],"version-history":[{"count":7,"href":"https:\/\/v2charge.com\/es\/wp-json\/wp\/v2\/pages\/6499\/revisions"}],"predecessor-version":[{"id":301247,"href":"https:\/\/v2charge.com\/es\/wp-json\/wp\/v2\/pages\/6499\/revisions\/301247"}],"wp:featuredmedia":[{"embeddable":true,"href":"https:\/\/v2charge.com\/es\/wp-json\/wp\/v2\/media\/170354"}],"wp:attachment":[{"href":"https:\/\/v2charge.com\/es\/wp-json\/wp\/v2\/media?parent=6499"}],"curies":[{"name":"wp","href":"https:\/\/api.w.org\/{rel}","templated":true}]}}