{"id":71490,"date":"2021-12-31T13:08:13","date_gmt":"2021-12-31T13:08:13","guid":{"rendered":"https:\/\/v2charge.com\/?page_id=71490"},"modified":"2023-10-02T13:21:33","modified_gmt":"2023-10-02T11:21:33","slug":"como-conectar-mi-punto-de-recarga-v2c-a-la-wifi","status":"publish","type":"page","link":"https:\/\/v2charge.com\/es\/como-conectar-mi-punto-de-recarga-v2c-a-la-wifi\/","title":{"rendered":"\u00bfC\u00f3mo conectar mi Punto de Recarga V2C a la wifi?"},"content":{"rendered":"\n<div style=\"height:60px\" aria-hidden=\"true\" class=\"wp-block-spacer\"><\/div>\n\n\n<h1>\u00bfC\u00f3mo conectar mi Punto de Recarga V2C a la wifi?<\/h1>\n\n\n<p>Dependiendo el modelo que disponga el proceso se har\u00e1 de una forma u otra. No obstante todos tienen com\u00fan que se debe hacer a trav\u00e9s de la aplicaci\u00f3n m\u00f3vil, y deber\u00e1 estar habilitado el Bluetooth. <\/p>\n\n\n\n<blockquote class=\"wp-block-quote is-layout-flow wp-block-quote-is-layout-flow\">\n<p>El uso del Bluetooth, requiere la habilitaci\u00f3n de la localizaci\u00f3n en la mayor\u00eda de dispositivos Android. <\/p>\n<\/blockquote>\n\n\n\n<p>La conexi\u00f3n entre el punto de recarga y la aplicaci\u00f3n se hace a trav\u00e9s de Bluetooth, <\/p>\n\n\n\n<ol class=\"wp-block-list\">\n<li>La primera opci\u00f3n es ponerlo durante el emparejamiento del dispositivo, (deber\u00e1 tener el bluetooth activado y situarse a unos metros de el). Si el emparejamiento no lo hace al lado del dispositivo o no tiene el Bluetooth activado en ese momento puede omitirlo para hacerlo m\u00e1s tarde). <\/li>\n\n\n\n<li>La segunda opci\u00f3n es a trav\u00e9s del menu.<\/li>\n<\/ol>\n\n\n\n<p>Si el punto de recarga esta conectado a internet en la aplicaci\u00f3n saldr\u00e1 unas se\u00f1ales en forma de onda. Si la conexi\u00f3n con bluetooth es posible, nos saldr\u00e1 el s\u00edmbolo de bluetooth en la aplicaci\u00f3n.<\/p>\n\n\n<div class=\"wp-block-image\">\n<figure class=\"aligncenter size-large is-resized\"><img decoding=\"async\" src=\"https:\/\/v2charge.com\/wp-content\/uploads\/2022\/12\/v2c-internet-bluetooth-731x1024.jpg\" alt=\"V2C APP Conexiones\" class=\"wp-image-90736\" width=\"366\" height=\"512\" srcset=\"https:\/\/v2charge.com\/wp-content\/uploads\/2022\/12\/v2c-internet-bluetooth-731x1024.jpg 731w, https:\/\/v2charge.com\/wp-content\/uploads\/2022\/12\/v2c-internet-bluetooth-214x300.jpg 214w, https:\/\/v2charge.com\/wp-content\/uploads\/2022\/12\/v2c-internet-bluetooth-768x1075.jpg 768w, https:\/\/v2charge.com\/wp-content\/uploads\/2022\/12\/v2c-internet-bluetooth-1097x1536.jpg 1097w, https:\/\/v2charge.com\/wp-content\/uploads\/2022\/12\/v2c-internet-bluetooth.jpg 1385w\" sizes=\"(max-width: 366px) 100vw, 366px\" \/><\/figure>\n<\/div>\n\n\n<p>Si tenemos conexi\u00f3n a bluetooth podemos acceder al equipo en su pantalla principal. Entraremos al punto de recarga en modo bluetooth. Acceder a la pesta\u00f1a configuraci\u00f3n. <\/p>\n\n\n\n<blockquote class=\"is-layout-flow wp-block-quote-is-layout-flow\"><p>Los equipos que no se puede utilizar por bluetooth, directamente acceder\u00e1n a la p\u00e1gina de configuraci\u00f3n de Wifi. <\/p><\/blockquote>\n\n\n\n<figure><img decoding=\"async\" src=\"https:\/\/v2charge.com\/wp-content\/uploads\/2022\/12\/v2c-app-ajustes-731x1024.jpg\" alt=\"Ajustes V2C App\" width=\"366\" height=\"512\"\/><\/figure>\n\n\n\n<p>Accediendo al men\u00fa configuraci\u00f3n en la parte de abajo podemos seleccionar la configuraci\u00f3n WIFI. <\/p>\n\n\n\n<figure><img decoding=\"async\" src=\"https:\/\/v2charge.com\/wp-content\/uploads\/2022\/12\/configuracio\u0301n-app-v2c-731x1024.jpg\" alt=\"Configuraci\u00f3n App\" width=\"366\" height=\"512\"\/><\/figure>\n\n\n\n<figure><img decoding=\"async\" src=\"https:\/\/v2charge.com\/wp-content\/uploads\/2022\/12\/v2c-app-wifi-conectar-731x1024.jpg\" alt=\"V2C App Wi-Fi\" width=\"366\" height=\"512\"\/><\/figure>\n\n\n\n<p>En los dispositivos Android, si tienes la Wifi activada autom\u00e1ticamente te mostrar\u00e1 las disponibles, en caso contrario hay que escribir el nombre de la Wifi SSID, tal y como viene en el router (respetando may\u00fasculas y min\u00fasculas). Indicar la contrase\u00f1a. <\/p>\n\n\n\n<p>Dependiendo el equipo, proceder\u00e1 a reiniciarse en ese momento. Pasados unos minutos del reinicio deber\u00eda salirnos el punto de recarga con conexi\u00f3n a internet en la aplicaci\u00f3n. Si no fuera el caso comprobar que la contrase\u00f1a es correcta. Tendr\u00e1s m\u00e1s informaci\u00f3n sobre como saber si me equipo esta conectado en el manual del punto de recarga. <\/p>\n\n\n\n<blockquote class=\"is-layout-flow wp-block-quote-is-layout-flow\"><p>Conecte siempre el dispositivo a una red wifi que llegue con una se\u00f1al correcta o instale un repetidor wifi, de no ser as\u00ed tendr\u00e1 problemas de desconexi\u00f3n o de mal funcionamiento. <\/p><p>Las redes Wifi con alg\u00fan tipo de protecci\u00f3n de seguridad (firewall), bloqueo DHCP, cierre de puertos, etc&#8230; normalmente relacionadas con empresas, esta configuraci\u00f3n deber\u00e1 realizarse con el responsable t\u00e9cnico de la misma. Para m\u00e1s informaci\u00f3n dir\u00edjase a nuestro servicio de soporte. <\/p><\/blockquote>\n\n\n\n<div style=\"height:60px\" aria-hidden=\"true\" class=\"wp-block-spacer\"><\/div>\n","protected":false},"excerpt":{"rendered":"<p>\u00bfC\u00f3mo conectar mi Punto de Recarga V2C a la wifi? Dependiendo el modelo que disponga el proceso se har\u00e1 de una forma u otra. No obstante todos tienen com\u00fan que se debe hacer a trav\u00e9s de la aplicaci\u00f3n m\u00f3vil, y deber\u00e1 estar habilitado el Bluetooth. El uso del Bluetooth, requiere la habilitaci\u00f3n de la localizaci\u00f3n &#8230; <a title=\"\u00bfC\u00f3mo conectar mi Punto de Recarga V2C a la wifi?\" class=\"read-more\" href=\"https:\/\/v2charge.com\/es\/como-conectar-mi-punto-de-recarga-v2c-a-la-wifi\/\" aria-label=\"Leer m\u00e1s sobre \u00bfC\u00f3mo conectar mi Punto de Recarga V2C a la wifi?\">Leer m\u00e1s<\/a><\/p>\n","protected":false},"author":1,"featured_media":170354,"parent":0,"menu_order":0,"comment_status":"closed","ping_status":"closed","template":"","meta":{"_eb_attr":"","content-type":"","_uag_custom_page_level_css":"","footnotes":""},"class_list":["post-71490","page","type-page","status-publish","has-post-thumbnail"],"yoast_head":"<!-- This site is optimized with the Yoast SEO plugin v25.3.1 - https:\/\/yoast.com\/wordpress\/plugins\/seo\/ -->\n<title>\u00bfC\u00f3mo conectar mi Punto de Carga El\u00e9ctrico a la Wifi? | V2C<\/title>\n<meta name=\"description\" content=\"Te explicamos c\u00f3mo se conecta tu punto de recarga el\u00e9ctrico de V2C a la Wifi. Disfruta de la \u00faltima tecnolog\u00eda con nuestros e-Chargers.\" \/>\n<meta name=\"robots\" content=\"index, follow, max-snippet:-1, max-image-preview:large, max-video-preview:-1\" \/>\n<link rel=\"canonical\" href=\"https:\/\/v2charge.com\/es\/como-conectar-mi-punto-de-recarga-v2c-a-la-wifi\/\" \/>\n<meta property=\"og:locale\" content=\"es_ES\" \/>\n<meta property=\"og:type\" content=\"article\" \/>\n<meta property=\"og:title\" content=\"\u00bfC\u00f3mo conectar mi Punto de Carga El\u00e9ctrico a la Wifi? | V2C\" \/>\n<meta property=\"og:description\" content=\"Te explicamos c\u00f3mo se conecta tu punto de recarga el\u00e9ctrico de V2C a la Wifi. Disfruta de la \u00faltima tecnolog\u00eda con nuestros e-Chargers.\" \/>\n<meta property=\"og:url\" content=\"https:\/\/v2charge.com\/es\/como-conectar-mi-punto-de-recarga-v2c-a-la-wifi\/\" \/>\n<meta property=\"og:site_name\" content=\"V2C\" \/>\n<meta property=\"article:publisher\" content=\"https:\/\/www.facebook.com\/V2C.Charge\" \/>\n<meta property=\"article:modified_time\" content=\"2023-10-02T11:21:33+00:00\" \/>\n<meta property=\"og:image\" content=\"https:\/\/v2charge.com\/wp-content\/uploads\/2022\/12\/v2c-internet-bluetooth-731x1024.jpg\" \/>\n<meta name=\"twitter:card\" content=\"summary_large_image\" \/>\n<meta name=\"twitter:site\" content=\"@V2C_Charge\" \/>\n<meta name=\"twitter:label1\" content=\"Tiempo de lectura\" \/>\n\t<meta name=\"twitter:data1\" content=\"3 minutos\" \/>\n<script type=\"application\/ld+json\" class=\"yoast-schema-graph\">{\"@context\":\"https:\/\/schema.org\",\"@graph\":[{\"@type\":\"WebPage\",\"@id\":\"https:\/\/v2charge.com\/es\/como-conectar-mi-punto-de-recarga-v2c-a-la-wifi\/\",\"url\":\"https:\/\/v2charge.com\/es\/como-conectar-mi-punto-de-recarga-v2c-a-la-wifi\/\",\"name\":\"\u00bfC\u00f3mo conectar mi Punto de Carga El\u00e9ctrico a la Wifi? | V2C\",\"isPartOf\":{\"@id\":\"https:\/\/v2charge.com\/es\/#website\"},\"primaryImageOfPage\":{\"@id\":\"https:\/\/v2charge.com\/es\/como-conectar-mi-punto-de-recarga-v2c-a-la-wifi\/#primaryimage\"},\"image\":{\"@id\":\"https:\/\/v2charge.com\/es\/como-conectar-mi-punto-de-recarga-v2c-a-la-wifi\/#primaryimage\"},\"thumbnailUrl\":\"https:\/\/v2charge.com\/wp-content\/uploads\/2024\/07\/v2c-electric-chargers.jpg\",\"datePublished\":\"2021-12-31T13:08:13+00:00\",\"dateModified\":\"2023-10-02T11:21:33+00:00\",\"description\":\"Te explicamos c\u00f3mo se conecta tu punto de recarga el\u00e9ctrico de V2C a la Wifi. Disfruta de la \u00faltima tecnolog\u00eda con nuestros e-Chargers.\",\"breadcrumb\":{\"@id\":\"https:\/\/v2charge.com\/es\/como-conectar-mi-punto-de-recarga-v2c-a-la-wifi\/#breadcrumb\"},\"inLanguage\":\"es\",\"potentialAction\":[{\"@type\":\"ReadAction\",\"target\":[\"https:\/\/v2charge.com\/es\/como-conectar-mi-punto-de-recarga-v2c-a-la-wifi\/\"]}]},{\"@type\":\"ImageObject\",\"inLanguage\":\"es\",\"@id\":\"https:\/\/v2charge.com\/es\/como-conectar-mi-punto-de-recarga-v2c-a-la-wifi\/#primaryimage\",\"url\":\"https:\/\/v2charge.com\/wp-content\/uploads\/2024\/07\/v2c-electric-chargers.jpg\",\"contentUrl\":\"https:\/\/v2charge.com\/wp-content\/uploads\/2024\/07\/v2c-electric-chargers.jpg\",\"width\":1200,\"height\":675,\"caption\":\"V2C Electric Chargers\"},{\"@type\":\"BreadcrumbList\",\"@id\":\"https:\/\/v2charge.com\/es\/como-conectar-mi-punto-de-recarga-v2c-a-la-wifi\/#breadcrumb\",\"itemListElement\":[{\"@type\":\"ListItem\",\"position\":1,\"name\":\"V2C\",\"item\":\"https:\/\/v2charge.com\/es\/\"},{\"@type\":\"ListItem\",\"position\":2,\"name\":\"\u00bfC\u00f3mo conectar mi Punto de Recarga V2C a la wifi?\"}]},{\"@type\":\"WebSite\",\"@id\":\"https:\/\/v2charge.com\/es\/#website\",\"url\":\"https:\/\/v2charge.com\/es\/\",\"name\":\"V2C\",\"description\":\"#CargandoElMa\u00f1ana\",\"publisher\":{\"@id\":\"https:\/\/v2charge.com\/es\/#organization\"},\"potentialAction\":[{\"@type\":\"SearchAction\",\"target\":{\"@type\":\"EntryPoint\",\"urlTemplate\":\"https:\/\/v2charge.com\/es\/?s={search_term_string}\"},\"query-input\":{\"@type\":\"PropertyValueSpecification\",\"valueRequired\":true,\"valueName\":\"search_term_string\"}}],\"inLanguage\":\"es\"},{\"@type\":\"Organization\",\"@id\":\"https:\/\/v2charge.com\/es\/#organization\",\"name\":\"V2C\",\"url\":\"https:\/\/v2charge.com\/es\/\",\"logo\":{\"@type\":\"ImageObject\",\"inLanguage\":\"es\",\"@id\":\"https:\/\/v2charge.com\/es\/#\/schema\/logo\/image\/\",\"url\":\"https:\/\/v2charge.com\/wp-content\/uploads\/2024\/11\/cropped-v2c-charge-logo-menu.png\",\"contentUrl\":\"https:\/\/v2charge.com\/wp-content\/uploads\/2024\/11\/cropped-v2c-charge-logo-menu.png\",\"width\":984,\"height\":431,\"caption\":\"V2C\"},\"image\":{\"@id\":\"https:\/\/v2charge.com\/es\/#\/schema\/logo\/image\/\"},\"sameAs\":[\"https:\/\/www.facebook.com\/V2C.Charge\",\"https:\/\/x.com\/V2C_Charge\",\"https:\/\/www.instagram.com\/v2c.charge\/\",\"https:\/\/www.youtube.com\/@V2C\",\"https:\/\/www.linkedin.com\/company\/v2c-chargers\/\"]}]}<\/script>\n<!-- \/ Yoast SEO plugin. -->","yoast_head_json":{"title":"\u00bfC\u00f3mo conectar mi Punto de Carga El\u00e9ctrico a la Wifi? | V2C","description":"Te explicamos c\u00f3mo se conecta tu punto de recarga el\u00e9ctrico de V2C a la Wifi. Disfruta de la \u00faltima tecnolog\u00eda con nuestros e-Chargers.","robots":{"index":"index","follow":"follow","max-snippet":"max-snippet:-1","max-image-preview":"max-image-preview:large","max-video-preview":"max-video-preview:-1"},"canonical":"https:\/\/v2charge.com\/es\/como-conectar-mi-punto-de-recarga-v2c-a-la-wifi\/","og_locale":"es_ES","og_type":"article","og_title":"\u00bfC\u00f3mo conectar mi Punto de Carga El\u00e9ctrico a la Wifi? | V2C","og_description":"Te explicamos c\u00f3mo se conecta tu punto de recarga el\u00e9ctrico de V2C a la Wifi. Disfruta de la \u00faltima tecnolog\u00eda con nuestros e-Chargers.","og_url":"https:\/\/v2charge.com\/es\/como-conectar-mi-punto-de-recarga-v2c-a-la-wifi\/","og_site_name":"V2C","article_publisher":"https:\/\/www.facebook.com\/V2C.Charge","article_modified_time":"2023-10-02T11:21:33+00:00","og_image":[{"url":"https:\/\/v2charge.com\/wp-content\/uploads\/2022\/12\/v2c-internet-bluetooth-731x1024.jpg","type":"","width":"","height":""}],"twitter_card":"summary_large_image","twitter_site":"@V2C_Charge","twitter_misc":{"Tiempo de lectura":"3 minutos"},"schema":{"@context":"https:\/\/schema.org","@graph":[{"@type":"WebPage","@id":"https:\/\/v2charge.com\/es\/como-conectar-mi-punto-de-recarga-v2c-a-la-wifi\/","url":"https:\/\/v2charge.com\/es\/como-conectar-mi-punto-de-recarga-v2c-a-la-wifi\/","name":"\u00bfC\u00f3mo conectar mi Punto de Carga El\u00e9ctrico a la Wifi? | V2C","isPartOf":{"@id":"https:\/\/v2charge.com\/es\/#website"},"primaryImageOfPage":{"@id":"https:\/\/v2charge.com\/es\/como-conectar-mi-punto-de-recarga-v2c-a-la-wifi\/#primaryimage"},"image":{"@id":"https:\/\/v2charge.com\/es\/como-conectar-mi-punto-de-recarga-v2c-a-la-wifi\/#primaryimage"},"thumbnailUrl":"https:\/\/v2charge.com\/wp-content\/uploads\/2024\/07\/v2c-electric-chargers.jpg","datePublished":"2021-12-31T13:08:13+00:00","dateModified":"2023-10-02T11:21:33+00:00","description":"Te explicamos c\u00f3mo se conecta tu punto de recarga el\u00e9ctrico de V2C a la Wifi. Disfruta de la \u00faltima tecnolog\u00eda con nuestros e-Chargers.","breadcrumb":{"@id":"https:\/\/v2charge.com\/es\/como-conectar-mi-punto-de-recarga-v2c-a-la-wifi\/#breadcrumb"},"inLanguage":"es","potentialAction":[{"@type":"ReadAction","target":["https:\/\/v2charge.com\/es\/como-conectar-mi-punto-de-recarga-v2c-a-la-wifi\/"]}]},{"@type":"ImageObject","inLanguage":"es","@id":"https:\/\/v2charge.com\/es\/como-conectar-mi-punto-de-recarga-v2c-a-la-wifi\/#primaryimage","url":"https:\/\/v2charge.com\/wp-content\/uploads\/2024\/07\/v2c-electric-chargers.jpg","contentUrl":"https:\/\/v2charge.com\/wp-content\/uploads\/2024\/07\/v2c-electric-chargers.jpg","width":1200,"height":675,"caption":"V2C Electric Chargers"},{"@type":"BreadcrumbList","@id":"https:\/\/v2charge.com\/es\/como-conectar-mi-punto-de-recarga-v2c-a-la-wifi\/#breadcrumb","itemListElement":[{"@type":"ListItem","position":1,"name":"V2C","item":"https:\/\/v2charge.com\/es\/"},{"@type":"ListItem","position":2,"name":"\u00bfC\u00f3mo conectar mi Punto de Recarga V2C a la wifi?"}]},{"@type":"WebSite","@id":"https:\/\/v2charge.com\/es\/#website","url":"https:\/\/v2charge.com\/es\/","name":"V2C","description":"#CargandoElMa\u00f1ana","publisher":{"@id":"https:\/\/v2charge.com\/es\/#organization"},"potentialAction":[{"@type":"SearchAction","target":{"@type":"EntryPoint","urlTemplate":"https:\/\/v2charge.com\/es\/?s={search_term_string}"},"query-input":{"@type":"PropertyValueSpecification","valueRequired":true,"valueName":"search_term_string"}}],"inLanguage":"es"},{"@type":"Organization","@id":"https:\/\/v2charge.com\/es\/#organization","name":"V2C","url":"https:\/\/v2charge.com\/es\/","logo":{"@type":"ImageObject","inLanguage":"es","@id":"https:\/\/v2charge.com\/es\/#\/schema\/logo\/image\/","url":"https:\/\/v2charge.com\/wp-content\/uploads\/2024\/11\/cropped-v2c-charge-logo-menu.png","contentUrl":"https:\/\/v2charge.com\/wp-content\/uploads\/2024\/11\/cropped-v2c-charge-logo-menu.png","width":984,"height":431,"caption":"V2C"},"image":{"@id":"https:\/\/v2charge.com\/es\/#\/schema\/logo\/image\/"},"sameAs":["https:\/\/www.facebook.com\/V2C.Charge","https:\/\/x.com\/V2C_Charge","https:\/\/www.instagram.com\/v2c.charge\/","https:\/\/www.youtube.com\/@V2C","https:\/\/www.linkedin.com\/company\/v2c-chargers\/"]}]}},"uagb_featured_image_src":{"full":["https:\/\/v2charge.com\/wp-content\/uploads\/2024\/07\/v2c-electric-chargers.jpg",1200,675,false],"thumbnail":["https:\/\/v2charge.com\/wp-content\/uploads\/2024\/07\/v2c-electric-chargers-150x150.jpg",150,150,true],"medium":["https:\/\/v2charge.com\/wp-content\/uploads\/2024\/07\/v2c-electric-chargers-300x169.jpg",300,169,true],"medium_large":["https:\/\/v2charge.com\/wp-content\/uploads\/2024\/07\/v2c-electric-chargers-768x432.jpg",768,432,true],"large":["https:\/\/v2charge.com\/wp-content\/uploads\/2024\/07\/v2c-electric-chargers-1024x576.jpg",1024,576,true],"gs-tiny":["https:\/\/v2charge.com\/wp-content\/uploads\/2024\/07\/v2c-electric-chargers.jpg",50,28,false],"xl":["https:\/\/v2charge.com\/wp-content\/uploads\/2024\/07\/v2c-electric-chargers.jpg",1200,675,false],"xxl":["https:\/\/v2charge.com\/wp-content\/uploads\/2024\/07\/v2c-electric-chargers.jpg",1200,675,false],"xxxl":["https:\/\/v2charge.com\/wp-content\/uploads\/2024\/07\/v2c-electric-chargers.jpg",1200,675,false],"xxxxl":["https:\/\/v2charge.com\/wp-content\/uploads\/2024\/07\/v2c-electric-chargers.jpg",1200,675,false],"xxxxxl":["https:\/\/v2charge.com\/wp-content\/uploads\/2024\/07\/v2c-electric-chargers.jpg",1200,675,false],"1536x1536":["https:\/\/v2charge.com\/wp-content\/uploads\/2024\/07\/v2c-electric-chargers.jpg",1200,675,false],"2048x2048":["https:\/\/v2charge.com\/wp-content\/uploads\/2024\/07\/v2c-electric-chargers.jpg",1200,675,false]},"uagb_author_info":{"display_name":"V2C","author_link":"https:\/\/v2charge.com\/es\/author\/root_k4eu7ki8\/"},"uagb_comment_info":0,"uagb_excerpt":"\u00bfC\u00f3mo conectar mi Punto de Recarga V2C a la wifi? Dependiendo el modelo que disponga el proceso se har\u00e1 de una forma u otra. No obstante todos tienen com\u00fan que se debe hacer a trav\u00e9s de la aplicaci\u00f3n m\u00f3vil, y deber\u00e1 estar habilitado el Bluetooth. El uso del Bluetooth, requiere la habilitaci\u00f3n de la localizaci\u00f3n&hellip;","_links":{"self":[{"href":"https:\/\/v2charge.com\/es\/wp-json\/wp\/v2\/pages\/71490","targetHints":{"allow":["GET"]}}],"collection":[{"href":"https:\/\/v2charge.com\/es\/wp-json\/wp\/v2\/pages"}],"about":[{"href":"https:\/\/v2charge.com\/es\/wp-json\/wp\/v2\/types\/page"}],"author":[{"embeddable":true,"href":"https:\/\/v2charge.com\/es\/wp-json\/wp\/v2\/users\/1"}],"replies":[{"embeddable":true,"href":"https:\/\/v2charge.com\/es\/wp-json\/wp\/v2\/comments?post=71490"}],"version-history":[{"count":0,"href":"https:\/\/v2charge.com\/es\/wp-json\/wp\/v2\/pages\/71490\/revisions"}],"wp:featuredmedia":[{"embeddable":true,"href":"https:\/\/v2charge.com\/es\/wp-json\/wp\/v2\/media\/170354"}],"wp:attachment":[{"href":"https:\/\/v2charge.com\/es\/wp-json\/wp\/v2\/media?parent=71490"}],"curies":[{"name":"wp","href":"https:\/\/api.w.org\/{rel}","templated":true}]}}