{"id":73360,"date":"2022-01-24T22:41:04","date_gmt":"2022-01-24T22:41:04","guid":{"rendered":"https:\/\/v2charge.com\/?page_id=73360"},"modified":"2026-01-09T17:53:46","modified_gmt":"2026-01-09T15:53:46","slug":"obtener-token-api-rest-cloud","status":"publish","type":"page","link":"https:\/\/v2charge.com\/es\/soporte\/v2c-cloud\/obtener-token-api-rest-cloud\/","title":{"rendered":"\u00bfC\u00f3mo obtener mi identificador Token para usar la API Rest cloud?"},"content":{"rendered":"\n<div style=\"height:60px\" aria-hidden=\"true\" class=\"wp-block-spacer\"><\/div>\n\n\n\n<div class=\"wp-block-uagb-container uagb-block-173ce3d2 alignfull uagb-is-root-container\"><div class=\"uagb-container-inner-blocks-wrap\">\n<div class=\"wp-block-uagb-container uagb-block-adf624a3\"><div class=\"yoast-breadcrumbs\"><span><span><a href=\"https:\/\/v2charge.com\/es\/\">V2C<\/a><\/span> \u00bb <span><a href=\"https:\/\/v2charge.com\/es\/soporte\/\">\u00c1rea de Soporte<\/a><\/span> \u00bb <span><a href=\"https:\/\/v2charge.com\/es\/soporte\/v2c-cloud\/\">Soporte V2C Cloud<\/a><\/span> \u00bb <span class=\"breadcrumb_last\" aria-current=\"page\">\u00bfC\u00f3mo obtener mi identificador Token para usar la API Rest cloud?<\/span><\/span><\/div><\/div>\n\n\n\n<div class=\"wp-block-uagb-advanced-heading uagb-block-cad85ca1\"><h1 class=\"uagb-heading-text\">\u00bfC\u00f3mo obtener mi identificador Token para usar la API Rest cloud?<\/h1><\/div>\n\n\n\n<p>Una API de REST, o API de RESTful, es una <strong>interfaz de programaci\u00f3n de aplicaciones<\/strong> (API o API web) que se ajusta a los l\u00edmites de la arquitectura REST y permite la interacci\u00f3n con los servicios web de RESTful.<br><br>Con la API podr\u00e1s <strong>usar el e-Charger a trav\u00e9s de aplicaciones\/servicios creados por ti mismo<\/strong> sin necesidad de usar las app oficiales. Te permitir\u00e1 crear automatizaciones o servicios interesantes en nuestros cargadores a trav\u00e9s de programaci\u00f3n.<br><br>Para m\u00e1s informaci\u00f3n dir\u00edgete a la&nbsp;<a href=\"https:\/\/api.v2charge.com\/\" target=\"_blank\" rel=\"noreferrer noopener\">documentaci\u00f3n API Rest Cloud<\/a>.<br><\/p>\n\n\n\n<div class=\"wp-block-uagb-container uagb-block-65029332\">\n<div class=\"wp-block-uagb-slider uagb-block-3b42e577 uagb-slider-container\"><div class=\"uagb-slides uagb-swiper\"><div class=\"swiper-wrapper\">\n<div class=\"wp-block-uagb-slider-child uagb-slider-child-wrap swiper-slide uagb-block-4cae72c6\"><div class=\"swiper-content\">\n<div class=\"wp-block-uagb-container uagb-block-ad496432\">\n<div class=\"wp-block-uagb-info-box uagb-block-95d92034 uagb-infobox__content-wrap  uagb-infobox-icon-above-title uagb-infobox-image-valign-top\"><div class=\"uagb-ifb-content\"><div class=\"uagb-ifb-image-content\"><img decoding=\"async\" src=\"https:\/\/v2charge.com\/wp-content\/uploads\/2023\/11\/numero-uno.png\" alt=\"\" width=\"30\" height=\"30\" loading=\"lazy\"\/><\/div><div class=\"uagb-ifb-title-wrap\"><\/div><p class=\"uagb-ifb-desc\">Inicia sesi\u00f3n en la plataforma <a href=\"https:\/\/www.v2c.cloud\/\">v2c.cloud<\/a> y haz clic en &#8216;Usuario&#8217;, situado en la parte superior izquierda<\/p><\/div><\/div>\n\n\n\n<div class=\"wp-block-uagb-image aligncenter uagb-block-5929cf85 wp-block-uagb-image--layout-default wp-block-uagb-image--effect-static wp-block-uagb-image--align-center\"><figure class=\"wp-block-uagb-image__figure\"><img decoding=\"async\" srcset=\"https:\/\/v2charge.com\/wp-content\/uploads\/2025\/10\/usuario-web.png ,https:\/\/v2charge.com\/wp-content\/uploads\/2025\/10\/usuario-web.png 780w, https:\/\/v2charge.com\/wp-content\/uploads\/2025\/10\/usuario-web.png 360w\" sizes=\"auto, (max-width: 480px) 150px\" src=\"https:\/\/v2charge.com\/wp-content\/uploads\/2025\/10\/usuario-web.png\" alt=\"\" class=\"uag-image-265294\" width=\"800\" height=\"470\" title=\"usuario-web\" loading=\"lazy\" role=\"img\"\/><\/figure><\/div>\n<\/div>\n<\/div><\/div>\n\n\n\n<div class=\"wp-block-uagb-slider-child uagb-slider-child-wrap swiper-slide uagb-block-87ab5b82\"><div class=\"swiper-content\">\n<div class=\"wp-block-uagb-container uagb-block-8fda0342\">\n<div class=\"wp-block-uagb-info-box uagb-block-68437ed9 uagb-infobox__content-wrap  uagb-infobox-icon-above-title uagb-infobox-image-valign-top\"><div class=\"uagb-ifb-content\"><div class=\"uagb-ifb-image-content\"><img decoding=\"async\" src=\"https:\/\/v2charge.com\/wp-content\/uploads\/2023\/11\/numero-dos.png\" alt=\"\" width=\"30\" height=\"30\" loading=\"lazy\"\/><\/div><div class=\"uagb-ifb-title-wrap\"><\/div><p class=\"uagb-ifb-desc\">Haz clic en el apartado &#8216;API&#8217; del men\u00fa<\/p><\/div><\/div>\n\n\n\n<div class=\"wp-block-uagb-image aligncenter uagb-block-aedf30c6 wp-block-uagb-image--layout-default wp-block-uagb-image--effect-static wp-block-uagb-image--align-center\"><figure class=\"wp-block-uagb-image__figure\"><img decoding=\"async\" srcset=\"https:\/\/v2charge.com\/wp-content\/uploads\/2025\/10\/api-web.png ,https:\/\/v2charge.com\/wp-content\/uploads\/2025\/10\/api-web.png 780w, https:\/\/v2charge.com\/wp-content\/uploads\/2025\/10\/api-web.png 360w\" sizes=\"auto, (max-width: 480px) 150px\" src=\"https:\/\/v2charge.com\/wp-content\/uploads\/2025\/10\/api-web.png\" alt=\"\" class=\"uag-image-265305\" width=\"800\" height=\"470\" title=\"api-web\" loading=\"lazy\" role=\"img\"\/><\/figure><\/div>\n<\/div>\n<\/div><\/div>\n\n\n\n<div class=\"wp-block-uagb-slider-child uagb-slider-child-wrap swiper-slide uagb-block-ea46eed7\"><div class=\"swiper-content\">\n<div class=\"wp-block-uagb-container uagb-block-020e2cb0\">\n<div class=\"wp-block-uagb-info-box uagb-block-37093105 uagb-infobox__content-wrap  uagb-infobox-icon-above-title uagb-infobox-image-valign-top\"><div class=\"uagb-ifb-content\"><div class=\"uagb-ifb-image-content\"><img decoding=\"async\" src=\"https:\/\/v2charge.com\/wp-content\/uploads\/2023\/11\/numero-tres.png\" alt=\"\" width=\"30\" height=\"30\" loading=\"lazy\"\/><\/div><div class=\"uagb-ifb-title-wrap\"><\/div><p class=\"uagb-ifb-desc\">Haz clic en el bot\u00f3n &#8216;Obtener token&#8217;<\/p><\/div><\/div>\n\n\n\n<div class=\"wp-block-uagb-image aligncenter uagb-block-b47ca29e wp-block-uagb-image--layout-default wp-block-uagb-image--effect-static wp-block-uagb-image--align-center\"><figure class=\"wp-block-uagb-image__figure\"><img decoding=\"async\" srcset=\"https:\/\/v2charge.com\/wp-content\/uploads\/2025\/10\/obtener-token.png ,https:\/\/v2charge.com\/wp-content\/uploads\/2025\/10\/obtener-token.png 780w, https:\/\/v2charge.com\/wp-content\/uploads\/2025\/10\/obtener-token.png 360w\" sizes=\"auto, (max-width: 480px) 150px\" src=\"https:\/\/v2charge.com\/wp-content\/uploads\/2025\/10\/obtener-token.png\" alt=\"\" class=\"uag-image-265316\" width=\"800\" height=\"470\" title=\"obtener-token\" loading=\"lazy\" role=\"img\"\/><\/figure><\/div>\n<\/div>\n<\/div><\/div>\n<\/div><\/div><div class=\"swiper-pagination\"><\/div><div class=\"swiper-button-prev\"><\/div><div class=\"swiper-button-next\"><\/div><\/div>\n<\/div>\n\n\n\n<div style=\"height:40px\" aria-hidden=\"true\" class=\"wp-block-spacer\"><\/div>\n<\/div><\/div>\n\n\n\n<div class=\"wp-block-uagb-container uagb-block-c6f38013 alignfull uagb-is-root-container\"><div class=\"uagb-container-inner-blocks-wrap\">\n<div class=\"wp-block-uagb-advanced-heading uagb-block-6963d70c\"><h2 class=\"uagb-heading-text\"><strong>\u00bfNecesitas soporte t\u00e9cnico?<\/strong><\/h2><\/div>\n\n\n\n<div class=\"wp-block-uagb-advanced-heading uagb-block-408243eb\"><p class=\"uagb-heading-text\">Resuelve tu incidencia al instante a trav\u00e9s de nuestro Chat con IA. Si no se resuelve, genera una solicitud en el Centro de Soporte T\u00e9cnico y nos pondremos en contacto contigo lo antes posible para ofrecerte la mejor soluci\u00f3n.<\/p><\/div>\n\n\n\n<div class=\"wp-block-uagb-info-box uagb-block-12e3cf1c uagb-infobox__content-wrap  uagb-infobox-icon-left uagb-infobox-left uagb-infobox-image-valign-top wp-block-uagb-info-box--has-margin ai-chatbot-button\"><div class=\"uagb-infobox-margin-wrapper\"><div class=\"uagb-ifb-image-content\"><img decoding=\"async\" src=\"https:\/\/v2charge.com\/wp-content\/uploads\/2026\/01\/support-ai-chatbot.png\" alt=\"\" width=\"20\" height=\"19\" loading=\"lazy\"\/><\/div><div class=\"uagb-ifb-content\"><div class=\"uagb-ifb-title-wrap\"><\/div><div class=\"uagb-ifb-button-wrapper wp-block-button\"><a href=\"https:\/\/v2charge.com\/v2c-support-web\/\" class=\"uagb-infobox-cta-link wp-block-button__link\" target=\"_blank\" rel=\"noopener noreferrer\" onclick=\"return true;\"><span class=\"uagb-inline-editing\">Pregunta a nuestro Chat con IA<\/span><\/a><\/div><\/div><\/div><\/div>\n\n\n\n<div class=\"wp-block-uagb-buttons uagb-buttons__outer-wrap uagb-btn__default-btn uagb-btn-tablet__default-btn uagb-btn-mobile__default-btn uagb-block-ba1e67d1\"><div class=\"uagb-buttons__wrap uagb-buttons-layout-wrap \">\n<div class=\"wp-block-uagb-buttons-child uagb-buttons__outer-wrap uagb-block-23cfb623 wp-block-button\"><div class=\"uagb-button__wrapper\"><a class=\"uagb-buttons-repeater wp-block-button__link\" aria-label=\"\" href=\"https:\/\/v2charge.atlassian.net\/servicedesk\/customer\/portal\/3\" rel=\"follow noopener\" target=\"_blank\" role=\"button\"><div class=\"uagb-button__link\">Contacta con Soporte T\u00e9cnico<\/div><\/a><\/div><\/div>\n<\/div><\/div>\n<\/div><\/div>\n","protected":false},"excerpt":{"rendered":"<p>\u00bfC\u00f3mo obtener mi identificador Token para usar la API Rest cloud? Una API de REST, o API de RESTful, es una interfaz de programaci\u00f3n de aplicaciones (API o API web) que se ajusta a los l\u00edmites de la arquitectura REST y permite la interacci\u00f3n con los servicios web de RESTful. Con la API podr\u00e1s usar &#8230; <a title=\"\u00bfC\u00f3mo obtener mi identificador Token para usar la API Rest cloud?\" class=\"read-more\" href=\"https:\/\/v2charge.com\/es\/soporte\/v2c-cloud\/obtener-token-api-rest-cloud\/\" aria-label=\"Leer m\u00e1s sobre \u00bfC\u00f3mo obtener mi identificador Token para usar la API Rest cloud?\">Leer m\u00e1s<\/a><\/p>\n","protected":false},"author":1,"featured_media":170354,"parent":79135,"menu_order":0,"comment_status":"closed","ping_status":"closed","template":"","meta":{"_eb_attr":"","content-type":"","_uag_custom_page_level_css":"","footnotes":""},"class_list":["post-73360","page","type-page","status-publish","has-post-thumbnail"],"yoast_head":"<!-- This site is optimized with the Yoast SEO plugin v25.3.1 - https:\/\/yoast.com\/wordpress\/plugins\/seo\/ -->\n<title>\u00bfC\u00f3mo obtener mi identificador Token para usar la API Rest cloud? - V2C<\/title>\n<meta name=\"description\" content=\"Con la API podr\u00e1s usar el punto de recarga a trav\u00e9s de aplicaciones\/ servicios creados por ti mismo sin necesidad de usar las app oficiales. As\u00ed se obtiene.\" \/>\n<meta name=\"robots\" content=\"index, follow, max-snippet:-1, max-image-preview:large, max-video-preview:-1\" \/>\n<link rel=\"canonical\" href=\"https:\/\/v2charge.com\/es\/soporte\/v2c-cloud\/obtener-token-api-rest-cloud\/\" \/>\n<meta property=\"og:locale\" content=\"es_ES\" \/>\n<meta property=\"og:type\" content=\"article\" \/>\n<meta property=\"og:title\" content=\"\u00bfC\u00f3mo obtener mi identificador Token para usar la API Rest cloud? - V2C\" \/>\n<meta property=\"og:description\" content=\"Con la API podr\u00e1s usar el punto de recarga a trav\u00e9s de aplicaciones\/ servicios creados por ti mismo sin necesidad de usar las app oficiales. As\u00ed se obtiene.\" \/>\n<meta property=\"og:url\" content=\"https:\/\/v2charge.com\/es\/soporte\/v2c-cloud\/obtener-token-api-rest-cloud\/\" \/>\n<meta property=\"og:site_name\" content=\"V2C\" \/>\n<meta property=\"article:publisher\" content=\"https:\/\/www.facebook.com\/V2C.Charge\" \/>\n<meta property=\"article:modified_time\" content=\"2026-01-09T15:53:46+00:00\" \/>\n<meta property=\"og:image\" content=\"https:\/\/v2charge.com\/wp-content\/uploads\/2024\/07\/v2c-electric-chargers.jpg\" \/>\n\t<meta property=\"og:image:width\" content=\"1200\" \/>\n\t<meta property=\"og:image:height\" content=\"675\" \/>\n\t<meta property=\"og:image:type\" content=\"image\/jpeg\" \/>\n<meta name=\"twitter:card\" content=\"summary_large_image\" \/>\n<meta name=\"twitter:site\" content=\"@V2C_Charge\" \/>\n<meta name=\"twitter:label1\" content=\"Tiempo de lectura\" \/>\n\t<meta name=\"twitter:data1\" content=\"2 minutos\" \/>\n<script type=\"application\/ld+json\" class=\"yoast-schema-graph\">{\"@context\":\"https:\/\/schema.org\",\"@graph\":[{\"@type\":\"WebPage\",\"@id\":\"https:\/\/v2charge.com\/es\/soporte\/v2c-cloud\/obtener-token-api-rest-cloud\/\",\"url\":\"https:\/\/v2charge.com\/es\/soporte\/v2c-cloud\/obtener-token-api-rest-cloud\/\",\"name\":\"\u00bfC\u00f3mo obtener mi identificador Token para usar la API Rest cloud? - V2C\",\"isPartOf\":{\"@id\":\"https:\/\/v2charge.com\/es\/#website\"},\"primaryImageOfPage\":{\"@id\":\"https:\/\/v2charge.com\/es\/soporte\/v2c-cloud\/obtener-token-api-rest-cloud\/#primaryimage\"},\"image\":{\"@id\":\"https:\/\/v2charge.com\/es\/soporte\/v2c-cloud\/obtener-token-api-rest-cloud\/#primaryimage\"},\"thumbnailUrl\":\"https:\/\/v2charge.com\/wp-content\/uploads\/2024\/07\/v2c-electric-chargers.jpg\",\"datePublished\":\"2022-01-24T22:41:04+00:00\",\"dateModified\":\"2026-01-09T15:53:46+00:00\",\"description\":\"Con la API podr\u00e1s usar el punto de recarga a trav\u00e9s de aplicaciones\/ servicios creados por ti mismo sin necesidad de usar las app oficiales. As\u00ed se obtiene.\",\"breadcrumb\":{\"@id\":\"https:\/\/v2charge.com\/es\/soporte\/v2c-cloud\/obtener-token-api-rest-cloud\/#breadcrumb\"},\"inLanguage\":\"es\",\"potentialAction\":[{\"@type\":\"ReadAction\",\"target\":[\"https:\/\/v2charge.com\/es\/soporte\/v2c-cloud\/obtener-token-api-rest-cloud\/\"]}]},{\"@type\":\"ImageObject\",\"inLanguage\":\"es\",\"@id\":\"https:\/\/v2charge.com\/es\/soporte\/v2c-cloud\/obtener-token-api-rest-cloud\/#primaryimage\",\"url\":\"https:\/\/v2charge.com\/wp-content\/uploads\/2024\/07\/v2c-electric-chargers.jpg\",\"contentUrl\":\"https:\/\/v2charge.com\/wp-content\/uploads\/2024\/07\/v2c-electric-chargers.jpg\",\"width\":1200,\"height\":675,\"caption\":\"V2C Electric Chargers\"},{\"@type\":\"BreadcrumbList\",\"@id\":\"https:\/\/v2charge.com\/es\/soporte\/v2c-cloud\/obtener-token-api-rest-cloud\/#breadcrumb\",\"itemListElement\":[{\"@type\":\"ListItem\",\"position\":1,\"name\":\"V2C\",\"item\":\"https:\/\/v2charge.com\/es\/\"},{\"@type\":\"ListItem\",\"position\":2,\"name\":\"\u00c1rea de Soporte\",\"item\":\"https:\/\/v2charge.com\/es\/soporte\/\"},{\"@type\":\"ListItem\",\"position\":3,\"name\":\"Soporte V2C Cloud\",\"item\":\"https:\/\/v2charge.com\/es\/soporte\/v2c-cloud\/\"},{\"@type\":\"ListItem\",\"position\":4,\"name\":\"\u00bfC\u00f3mo obtener mi identificador Token para usar la API Rest cloud?\"}]},{\"@type\":\"WebSite\",\"@id\":\"https:\/\/v2charge.com\/es\/#website\",\"url\":\"https:\/\/v2charge.com\/es\/\",\"name\":\"V2C\",\"description\":\"#CargandoElMa\u00f1ana\",\"publisher\":{\"@id\":\"https:\/\/v2charge.com\/es\/#organization\"},\"potentialAction\":[{\"@type\":\"SearchAction\",\"target\":{\"@type\":\"EntryPoint\",\"urlTemplate\":\"https:\/\/v2charge.com\/es\/?s={search_term_string}\"},\"query-input\":{\"@type\":\"PropertyValueSpecification\",\"valueRequired\":true,\"valueName\":\"search_term_string\"}}],\"inLanguage\":\"es\"},{\"@type\":\"Organization\",\"@id\":\"https:\/\/v2charge.com\/es\/#organization\",\"name\":\"V2C\",\"url\":\"https:\/\/v2charge.com\/es\/\",\"logo\":{\"@type\":\"ImageObject\",\"inLanguage\":\"es\",\"@id\":\"https:\/\/v2charge.com\/es\/#\/schema\/logo\/image\/\",\"url\":\"https:\/\/v2charge.com\/wp-content\/uploads\/2024\/11\/cropped-v2c-charge-logo-menu.png\",\"contentUrl\":\"https:\/\/v2charge.com\/wp-content\/uploads\/2024\/11\/cropped-v2c-charge-logo-menu.png\",\"width\":984,\"height\":431,\"caption\":\"V2C\"},\"image\":{\"@id\":\"https:\/\/v2charge.com\/es\/#\/schema\/logo\/image\/\"},\"sameAs\":[\"https:\/\/www.facebook.com\/V2C.Charge\",\"https:\/\/x.com\/V2C_Charge\",\"https:\/\/www.instagram.com\/v2c.charge\/\",\"https:\/\/www.youtube.com\/@V2C\",\"https:\/\/www.linkedin.com\/company\/v2c-chargers\/\"]}]}<\/script>\n<!-- \/ Yoast SEO plugin. -->","yoast_head_json":{"title":"\u00bfC\u00f3mo obtener mi identificador Token para usar la API Rest cloud? - V2C","description":"Con la API podr\u00e1s usar el punto de recarga a trav\u00e9s de aplicaciones\/ servicios creados por ti mismo sin necesidad de usar las app oficiales. As\u00ed se obtiene.","robots":{"index":"index","follow":"follow","max-snippet":"max-snippet:-1","max-image-preview":"max-image-preview:large","max-video-preview":"max-video-preview:-1"},"canonical":"https:\/\/v2charge.com\/es\/soporte\/v2c-cloud\/obtener-token-api-rest-cloud\/","og_locale":"es_ES","og_type":"article","og_title":"\u00bfC\u00f3mo obtener mi identificador Token para usar la API Rest cloud? - V2C","og_description":"Con la API podr\u00e1s usar el punto de recarga a trav\u00e9s de aplicaciones\/ servicios creados por ti mismo sin necesidad de usar las app oficiales. As\u00ed se obtiene.","og_url":"https:\/\/v2charge.com\/es\/soporte\/v2c-cloud\/obtener-token-api-rest-cloud\/","og_site_name":"V2C","article_publisher":"https:\/\/www.facebook.com\/V2C.Charge","article_modified_time":"2026-01-09T15:53:46+00:00","og_image":[{"width":1200,"height":675,"url":"https:\/\/v2charge.com\/wp-content\/uploads\/2024\/07\/v2c-electric-chargers.jpg","type":"image\/jpeg"}],"twitter_card":"summary_large_image","twitter_site":"@V2C_Charge","twitter_misc":{"Tiempo de lectura":"2 minutos"},"schema":{"@context":"https:\/\/schema.org","@graph":[{"@type":"WebPage","@id":"https:\/\/v2charge.com\/es\/soporte\/v2c-cloud\/obtener-token-api-rest-cloud\/","url":"https:\/\/v2charge.com\/es\/soporte\/v2c-cloud\/obtener-token-api-rest-cloud\/","name":"\u00bfC\u00f3mo obtener mi identificador Token para usar la API Rest cloud? - V2C","isPartOf":{"@id":"https:\/\/v2charge.com\/es\/#website"},"primaryImageOfPage":{"@id":"https:\/\/v2charge.com\/es\/soporte\/v2c-cloud\/obtener-token-api-rest-cloud\/#primaryimage"},"image":{"@id":"https:\/\/v2charge.com\/es\/soporte\/v2c-cloud\/obtener-token-api-rest-cloud\/#primaryimage"},"thumbnailUrl":"https:\/\/v2charge.com\/wp-content\/uploads\/2024\/07\/v2c-electric-chargers.jpg","datePublished":"2022-01-24T22:41:04+00:00","dateModified":"2026-01-09T15:53:46+00:00","description":"Con la API podr\u00e1s usar el punto de recarga a trav\u00e9s de aplicaciones\/ servicios creados por ti mismo sin necesidad de usar las app oficiales. As\u00ed se obtiene.","breadcrumb":{"@id":"https:\/\/v2charge.com\/es\/soporte\/v2c-cloud\/obtener-token-api-rest-cloud\/#breadcrumb"},"inLanguage":"es","potentialAction":[{"@type":"ReadAction","target":["https:\/\/v2charge.com\/es\/soporte\/v2c-cloud\/obtener-token-api-rest-cloud\/"]}]},{"@type":"ImageObject","inLanguage":"es","@id":"https:\/\/v2charge.com\/es\/soporte\/v2c-cloud\/obtener-token-api-rest-cloud\/#primaryimage","url":"https:\/\/v2charge.com\/wp-content\/uploads\/2024\/07\/v2c-electric-chargers.jpg","contentUrl":"https:\/\/v2charge.com\/wp-content\/uploads\/2024\/07\/v2c-electric-chargers.jpg","width":1200,"height":675,"caption":"V2C Electric Chargers"},{"@type":"BreadcrumbList","@id":"https:\/\/v2charge.com\/es\/soporte\/v2c-cloud\/obtener-token-api-rest-cloud\/#breadcrumb","itemListElement":[{"@type":"ListItem","position":1,"name":"V2C","item":"https:\/\/v2charge.com\/es\/"},{"@type":"ListItem","position":2,"name":"\u00c1rea de Soporte","item":"https:\/\/v2charge.com\/es\/soporte\/"},{"@type":"ListItem","position":3,"name":"Soporte V2C Cloud","item":"https:\/\/v2charge.com\/es\/soporte\/v2c-cloud\/"},{"@type":"ListItem","position":4,"name":"\u00bfC\u00f3mo obtener mi identificador Token para usar la API Rest cloud?"}]},{"@type":"WebSite","@id":"https:\/\/v2charge.com\/es\/#website","url":"https:\/\/v2charge.com\/es\/","name":"V2C","description":"#CargandoElMa\u00f1ana","publisher":{"@id":"https:\/\/v2charge.com\/es\/#organization"},"potentialAction":[{"@type":"SearchAction","target":{"@type":"EntryPoint","urlTemplate":"https:\/\/v2charge.com\/es\/?s={search_term_string}"},"query-input":{"@type":"PropertyValueSpecification","valueRequired":true,"valueName":"search_term_string"}}],"inLanguage":"es"},{"@type":"Organization","@id":"https:\/\/v2charge.com\/es\/#organization","name":"V2C","url":"https:\/\/v2charge.com\/es\/","logo":{"@type":"ImageObject","inLanguage":"es","@id":"https:\/\/v2charge.com\/es\/#\/schema\/logo\/image\/","url":"https:\/\/v2charge.com\/wp-content\/uploads\/2024\/11\/cropped-v2c-charge-logo-menu.png","contentUrl":"https:\/\/v2charge.com\/wp-content\/uploads\/2024\/11\/cropped-v2c-charge-logo-menu.png","width":984,"height":431,"caption":"V2C"},"image":{"@id":"https:\/\/v2charge.com\/es\/#\/schema\/logo\/image\/"},"sameAs":["https:\/\/www.facebook.com\/V2C.Charge","https:\/\/x.com\/V2C_Charge","https:\/\/www.instagram.com\/v2c.charge\/","https:\/\/www.youtube.com\/@V2C","https:\/\/www.linkedin.com\/company\/v2c-chargers\/"]}]}},"uagb_featured_image_src":{"full":["https:\/\/v2charge.com\/wp-content\/uploads\/2024\/07\/v2c-electric-chargers.jpg",1200,675,false],"thumbnail":["https:\/\/v2charge.com\/wp-content\/uploads\/2024\/07\/v2c-electric-chargers-150x150.jpg",150,150,true],"medium":["https:\/\/v2charge.com\/wp-content\/uploads\/2024\/07\/v2c-electric-chargers-300x169.jpg",300,169,true],"medium_large":["https:\/\/v2charge.com\/wp-content\/uploads\/2024\/07\/v2c-electric-chargers-768x432.jpg",768,432,true],"large":["https:\/\/v2charge.com\/wp-content\/uploads\/2024\/07\/v2c-electric-chargers-1024x576.jpg",1024,576,true],"gs-tiny":["https:\/\/v2charge.com\/wp-content\/uploads\/2024\/07\/v2c-electric-chargers.jpg",50,28,false],"xl":["https:\/\/v2charge.com\/wp-content\/uploads\/2024\/07\/v2c-electric-chargers.jpg",1200,675,false],"xxl":["https:\/\/v2charge.com\/wp-content\/uploads\/2024\/07\/v2c-electric-chargers.jpg",1200,675,false],"xxxl":["https:\/\/v2charge.com\/wp-content\/uploads\/2024\/07\/v2c-electric-chargers.jpg",1200,675,false],"xxxxl":["https:\/\/v2charge.com\/wp-content\/uploads\/2024\/07\/v2c-electric-chargers.jpg",1200,675,false],"xxxxxl":["https:\/\/v2charge.com\/wp-content\/uploads\/2024\/07\/v2c-electric-chargers.jpg",1200,675,false],"1536x1536":["https:\/\/v2charge.com\/wp-content\/uploads\/2024\/07\/v2c-electric-chargers.jpg",1200,675,false],"2048x2048":["https:\/\/v2charge.com\/wp-content\/uploads\/2024\/07\/v2c-electric-chargers.jpg",1200,675,false]},"uagb_author_info":{"display_name":"V2C","author_link":"https:\/\/v2charge.com\/es\/author\/root_k4eu7ki8\/"},"uagb_comment_info":0,"uagb_excerpt":"\u00bfC\u00f3mo obtener mi identificador Token para usar la API Rest cloud? Una API de REST, o API de RESTful, es una interfaz de programaci\u00f3n de aplicaciones (API o API web) que se ajusta a los l\u00edmites de la arquitectura REST y permite la interacci\u00f3n con los servicios web de RESTful. Con la API podr\u00e1s usar&hellip;","_links":{"self":[{"href":"https:\/\/v2charge.com\/es\/wp-json\/wp\/v2\/pages\/73360","targetHints":{"allow":["GET"]}}],"collection":[{"href":"https:\/\/v2charge.com\/es\/wp-json\/wp\/v2\/pages"}],"about":[{"href":"https:\/\/v2charge.com\/es\/wp-json\/wp\/v2\/types\/page"}],"author":[{"embeddable":true,"href":"https:\/\/v2charge.com\/es\/wp-json\/wp\/v2\/users\/1"}],"replies":[{"embeddable":true,"href":"https:\/\/v2charge.com\/es\/wp-json\/wp\/v2\/comments?post=73360"}],"version-history":[{"count":5,"href":"https:\/\/v2charge.com\/es\/wp-json\/wp\/v2\/pages\/73360\/revisions"}],"predecessor-version":[{"id":294965,"href":"https:\/\/v2charge.com\/es\/wp-json\/wp\/v2\/pages\/73360\/revisions\/294965"}],"up":[{"embeddable":true,"href":"https:\/\/v2charge.com\/es\/wp-json\/wp\/v2\/pages\/79135"}],"wp:featuredmedia":[{"embeddable":true,"href":"https:\/\/v2charge.com\/es\/wp-json\/wp\/v2\/media\/170354"}],"wp:attachment":[{"href":"https:\/\/v2charge.com\/es\/wp-json\/wp\/v2\/media?parent=73360"}],"curies":[{"name":"wp","href":"https:\/\/api.w.org\/{rel}","templated":true}]}}