{"id":76366,"date":"2022-02-22T18:25:29","date_gmt":"2022-02-22T18:25:29","guid":{"rendered":"https:\/\/v2charge.com\/?page_id=76366"},"modified":"2023-06-12T11:08:31","modified_gmt":"2023-06-12T11:08:31","slug":"punto-de-recarga-impedancia-infinita","status":"publish","type":"page","link":"https:\/\/v2charge.com\/es\/punto-de-recarga-impedancia-infinita\/","title":{"rendered":"Punto de Recarga Trydan con impedancia infinita para esquema 2 de ITC BT 52"},"content":{"rendered":"\n<div style=\"height:60px\" aria-hidden=\"true\" class=\"wp-block-spacer\"><\/div>\n\n\n\n<h1 class=\"wp-block-heading\">Punto de Recarga Trydan con impedancia infinita para esquema 2 de ITC BT 52<\/h1>\n\n\n\n<p>La normativa espa\u00f1ola ITC BT 52 establece en el esquema 2 de instalaci\u00f3n de puntos de recarga para coches el\u00e9ctricos la necesidad de poder<strong> rearmar el contador desde la propia vivienda<\/strong> (rearmador). Se trata de un tema de comodidad, m\u00e1s que de seguridad, pero as\u00ed viene descrito en la normativa. <\/p>\n\n\n\n<blockquote class=\"is-layout-flow wp-block-quote-is-layout-flow\"><p>Para el esquema 2 [&#8230;]. La funci\u00f3n de control de potencia contratada por el cliente ser\u00e1 realizada por el contador principal, sin necesidad de instalar un ICP independiente. En caso de actuaci\u00f3n de la funci\u00f3n de control de potencia, su rearme se realizar\u00e1 directamente desde la vivienda.<\/p><\/blockquote>\n\n\n\n<p>Eso quiere decir que tienes que ser capaz de poder rearmar el contador desde la propia vivienda. El e-Charger <a href=\"https:\/\/v2charge.com\/es\/trydan\/\">Trydan<\/a>, en su versi\u00f3n con protecciones incluidas, dispone autom\u00e1ticamente de <strong>impedancia infinita<\/strong> (llamada tambi\u00e9n impedancia cero), que permite que el contador no detecte el punto de recarga. Eso quiere decir que de forma autom\u00e1tica, bajando y subiendo el autom\u00e1tico general de nuestras viviendas (o antiguo ICP), rearmaremos la instalaci\u00f3n. <\/p>\n\n\n\n<p>La impedancia infinita es una <strong>tecnolog\u00eda desarrollada por V2C<\/strong>, que permite que el contador no vea el propio punto de recarga. <\/p>\n\n\n\n<p>El punto de recarga Trydan dispone de la \u00faltima tecnolog\u00eda, permitiendo a los instaladores\/clientes <strong>ahorre de costes en su instalaci\u00f3n<\/strong>. Con este punto de recarga evitar\u00e1s tener que instalar un costoso rearmador, rel\u00e9, etc. <\/p>\n\n\n\n<div style=\"height:60px\" aria-hidden=\"true\" class=\"wp-block-spacer\"><\/div>\n","protected":false},"excerpt":{"rendered":"<p>Punto de Recarga Trydan con impedancia infinita para esquema 2 de ITC BT 52 La normativa espa\u00f1ola ITC BT 52 establece en el esquema 2 de instalaci\u00f3n de puntos de recarga para coches el\u00e9ctricos la necesidad de poder rearmar el contador desde la propia vivienda (rearmador). Se trata de un tema de comodidad, m\u00e1s que &#8230; <a title=\"Punto de Recarga Trydan con impedancia infinita para esquema 2 de ITC BT 52\" class=\"read-more\" href=\"https:\/\/v2charge.com\/es\/punto-de-recarga-impedancia-infinita\/\" aria-label=\"Leer m\u00e1s sobre Punto de Recarga Trydan con impedancia infinita para esquema 2 de ITC BT 52\">Leer m\u00e1s<\/a><\/p>\n","protected":false},"author":1,"featured_media":170354,"parent":0,"menu_order":0,"comment_status":"closed","ping_status":"closed","template":"","meta":{"_eb_attr":"","content-type":"","_uag_custom_page_level_css":"","footnotes":""},"class_list":["post-76366","page","type-page","status-publish","has-post-thumbnail"],"yoast_head":"<!-- This site is optimized with the Yoast SEO plugin v25.3.1 - https:\/\/yoast.com\/wordpress\/plugins\/seo\/ -->\n<title>Impedancia infinita en puntos de recarga<\/title>\n<meta name=\"description\" content=\"Punto de Recarga para veh\u00edculos el\u00e9ctricos con impedancia infinita | Rearma el cargador desde la vivienda | V2C\" \/>\n<meta name=\"robots\" content=\"index, follow, max-snippet:-1, max-image-preview:large, max-video-preview:-1\" \/>\n<link rel=\"canonical\" href=\"https:\/\/v2charge.com\/es\/punto-de-recarga-impedancia-infinita\/\" \/>\n<meta property=\"og:locale\" content=\"es_ES\" \/>\n<meta property=\"og:type\" content=\"article\" \/>\n<meta property=\"og:title\" content=\"Impedancia infinita en puntos de recarga\" \/>\n<meta property=\"og:description\" content=\"Punto de Recarga para veh\u00edculos el\u00e9ctricos con impedancia infinita | Rearma el cargador desde la vivienda | V2C\" \/>\n<meta property=\"og:url\" content=\"https:\/\/v2charge.com\/es\/punto-de-recarga-impedancia-infinita\/\" \/>\n<meta property=\"og:site_name\" content=\"V2C\" \/>\n<meta property=\"article:publisher\" content=\"https:\/\/www.facebook.com\/V2C.Charge\" \/>\n<meta property=\"article:modified_time\" content=\"2023-06-12T11:08:31+00:00\" \/>\n<meta property=\"og:image\" content=\"https:\/\/v2charge.com\/wp-content\/uploads\/2024\/07\/v2c-electric-chargers.jpg\" \/>\n\t<meta property=\"og:image:width\" content=\"1200\" \/>\n\t<meta property=\"og:image:height\" content=\"675\" \/>\n\t<meta property=\"og:image:type\" content=\"image\/jpeg\" \/>\n<meta name=\"twitter:card\" content=\"summary_large_image\" \/>\n<meta name=\"twitter:site\" content=\"@V2C_Charge\" \/>\n<meta name=\"twitter:label1\" content=\"Tiempo de lectura\" \/>\n\t<meta name=\"twitter:data1\" content=\"2 minutos\" \/>\n<script type=\"application\/ld+json\" class=\"yoast-schema-graph\">{\"@context\":\"https:\/\/schema.org\",\"@graph\":[{\"@type\":\"WebPage\",\"@id\":\"https:\/\/v2charge.com\/es\/punto-de-recarga-impedancia-infinita\/\",\"url\":\"https:\/\/v2charge.com\/es\/punto-de-recarga-impedancia-infinita\/\",\"name\":\"Impedancia infinita en puntos de recarga\",\"isPartOf\":{\"@id\":\"https:\/\/v2charge.com\/es\/#website\"},\"primaryImageOfPage\":{\"@id\":\"https:\/\/v2charge.com\/es\/punto-de-recarga-impedancia-infinita\/#primaryimage\"},\"image\":{\"@id\":\"https:\/\/v2charge.com\/es\/punto-de-recarga-impedancia-infinita\/#primaryimage\"},\"thumbnailUrl\":\"https:\/\/v2charge.com\/wp-content\/uploads\/2024\/07\/v2c-electric-chargers.jpg\",\"datePublished\":\"2022-02-22T18:25:29+00:00\",\"dateModified\":\"2023-06-12T11:08:31+00:00\",\"description\":\"Punto de Recarga para veh\u00edculos el\u00e9ctricos con impedancia infinita | Rearma el cargador desde la vivienda | V2C\",\"breadcrumb\":{\"@id\":\"https:\/\/v2charge.com\/es\/punto-de-recarga-impedancia-infinita\/#breadcrumb\"},\"inLanguage\":\"es\",\"potentialAction\":[{\"@type\":\"ReadAction\",\"target\":[\"https:\/\/v2charge.com\/es\/punto-de-recarga-impedancia-infinita\/\"]}]},{\"@type\":\"ImageObject\",\"inLanguage\":\"es\",\"@id\":\"https:\/\/v2charge.com\/es\/punto-de-recarga-impedancia-infinita\/#primaryimage\",\"url\":\"https:\/\/v2charge.com\/wp-content\/uploads\/2024\/07\/v2c-electric-chargers.jpg\",\"contentUrl\":\"https:\/\/v2charge.com\/wp-content\/uploads\/2024\/07\/v2c-electric-chargers.jpg\",\"width\":1200,\"height\":675,\"caption\":\"V2C Electric Chargers\"},{\"@type\":\"BreadcrumbList\",\"@id\":\"https:\/\/v2charge.com\/es\/punto-de-recarga-impedancia-infinita\/#breadcrumb\",\"itemListElement\":[{\"@type\":\"ListItem\",\"position\":1,\"name\":\"V2C\",\"item\":\"https:\/\/v2charge.com\/es\/\"},{\"@type\":\"ListItem\",\"position\":2,\"name\":\"Punto de Recarga Trydan con impedancia infinita para esquema 2 de ITC BT 52\"}]},{\"@type\":\"WebSite\",\"@id\":\"https:\/\/v2charge.com\/es\/#website\",\"url\":\"https:\/\/v2charge.com\/es\/\",\"name\":\"V2C\",\"description\":\"#CargandoElMa\u00f1ana\",\"publisher\":{\"@id\":\"https:\/\/v2charge.com\/es\/#organization\"},\"potentialAction\":[{\"@type\":\"SearchAction\",\"target\":{\"@type\":\"EntryPoint\",\"urlTemplate\":\"https:\/\/v2charge.com\/es\/?s={search_term_string}\"},\"query-input\":{\"@type\":\"PropertyValueSpecification\",\"valueRequired\":true,\"valueName\":\"search_term_string\"}}],\"inLanguage\":\"es\"},{\"@type\":\"Organization\",\"@id\":\"https:\/\/v2charge.com\/es\/#organization\",\"name\":\"V2C\",\"url\":\"https:\/\/v2charge.com\/es\/\",\"logo\":{\"@type\":\"ImageObject\",\"inLanguage\":\"es\",\"@id\":\"https:\/\/v2charge.com\/es\/#\/schema\/logo\/image\/\",\"url\":\"https:\/\/v2charge.com\/wp-content\/uploads\/2024\/11\/cropped-v2c-charge-logo-menu.png\",\"contentUrl\":\"https:\/\/v2charge.com\/wp-content\/uploads\/2024\/11\/cropped-v2c-charge-logo-menu.png\",\"width\":984,\"height\":431,\"caption\":\"V2C\"},\"image\":{\"@id\":\"https:\/\/v2charge.com\/es\/#\/schema\/logo\/image\/\"},\"sameAs\":[\"https:\/\/www.facebook.com\/V2C.Charge\",\"https:\/\/x.com\/V2C_Charge\",\"https:\/\/www.instagram.com\/v2c.charge\/\",\"https:\/\/www.youtube.com\/@V2C\",\"https:\/\/www.linkedin.com\/company\/v2c-chargers\/\"]}]}<\/script>\n<!-- \/ Yoast SEO plugin. -->","yoast_head_json":{"title":"Impedancia infinita en puntos de recarga","description":"Punto de Recarga para veh\u00edculos el\u00e9ctricos con impedancia infinita | Rearma el cargador desde la vivienda | V2C","robots":{"index":"index","follow":"follow","max-snippet":"max-snippet:-1","max-image-preview":"max-image-preview:large","max-video-preview":"max-video-preview:-1"},"canonical":"https:\/\/v2charge.com\/es\/punto-de-recarga-impedancia-infinita\/","og_locale":"es_ES","og_type":"article","og_title":"Impedancia infinita en puntos de recarga","og_description":"Punto de Recarga para veh\u00edculos el\u00e9ctricos con impedancia infinita | Rearma el cargador desde la vivienda | V2C","og_url":"https:\/\/v2charge.com\/es\/punto-de-recarga-impedancia-infinita\/","og_site_name":"V2C","article_publisher":"https:\/\/www.facebook.com\/V2C.Charge","article_modified_time":"2023-06-12T11:08:31+00:00","og_image":[{"width":1200,"height":675,"url":"https:\/\/v2charge.com\/wp-content\/uploads\/2024\/07\/v2c-electric-chargers.jpg","type":"image\/jpeg"}],"twitter_card":"summary_large_image","twitter_site":"@V2C_Charge","twitter_misc":{"Tiempo de lectura":"2 minutos"},"schema":{"@context":"https:\/\/schema.org","@graph":[{"@type":"WebPage","@id":"https:\/\/v2charge.com\/es\/punto-de-recarga-impedancia-infinita\/","url":"https:\/\/v2charge.com\/es\/punto-de-recarga-impedancia-infinita\/","name":"Impedancia infinita en puntos de recarga","isPartOf":{"@id":"https:\/\/v2charge.com\/es\/#website"},"primaryImageOfPage":{"@id":"https:\/\/v2charge.com\/es\/punto-de-recarga-impedancia-infinita\/#primaryimage"},"image":{"@id":"https:\/\/v2charge.com\/es\/punto-de-recarga-impedancia-infinita\/#primaryimage"},"thumbnailUrl":"https:\/\/v2charge.com\/wp-content\/uploads\/2024\/07\/v2c-electric-chargers.jpg","datePublished":"2022-02-22T18:25:29+00:00","dateModified":"2023-06-12T11:08:31+00:00","description":"Punto de Recarga para veh\u00edculos el\u00e9ctricos con impedancia infinita | Rearma el cargador desde la vivienda | V2C","breadcrumb":{"@id":"https:\/\/v2charge.com\/es\/punto-de-recarga-impedancia-infinita\/#breadcrumb"},"inLanguage":"es","potentialAction":[{"@type":"ReadAction","target":["https:\/\/v2charge.com\/es\/punto-de-recarga-impedancia-infinita\/"]}]},{"@type":"ImageObject","inLanguage":"es","@id":"https:\/\/v2charge.com\/es\/punto-de-recarga-impedancia-infinita\/#primaryimage","url":"https:\/\/v2charge.com\/wp-content\/uploads\/2024\/07\/v2c-electric-chargers.jpg","contentUrl":"https:\/\/v2charge.com\/wp-content\/uploads\/2024\/07\/v2c-electric-chargers.jpg","width":1200,"height":675,"caption":"V2C Electric Chargers"},{"@type":"BreadcrumbList","@id":"https:\/\/v2charge.com\/es\/punto-de-recarga-impedancia-infinita\/#breadcrumb","itemListElement":[{"@type":"ListItem","position":1,"name":"V2C","item":"https:\/\/v2charge.com\/es\/"},{"@type":"ListItem","position":2,"name":"Punto de Recarga Trydan con impedancia infinita para esquema 2 de ITC BT 52"}]},{"@type":"WebSite","@id":"https:\/\/v2charge.com\/es\/#website","url":"https:\/\/v2charge.com\/es\/","name":"V2C","description":"#CargandoElMa\u00f1ana","publisher":{"@id":"https:\/\/v2charge.com\/es\/#organization"},"potentialAction":[{"@type":"SearchAction","target":{"@type":"EntryPoint","urlTemplate":"https:\/\/v2charge.com\/es\/?s={search_term_string}"},"query-input":{"@type":"PropertyValueSpecification","valueRequired":true,"valueName":"search_term_string"}}],"inLanguage":"es"},{"@type":"Organization","@id":"https:\/\/v2charge.com\/es\/#organization","name":"V2C","url":"https:\/\/v2charge.com\/es\/","logo":{"@type":"ImageObject","inLanguage":"es","@id":"https:\/\/v2charge.com\/es\/#\/schema\/logo\/image\/","url":"https:\/\/v2charge.com\/wp-content\/uploads\/2024\/11\/cropped-v2c-charge-logo-menu.png","contentUrl":"https:\/\/v2charge.com\/wp-content\/uploads\/2024\/11\/cropped-v2c-charge-logo-menu.png","width":984,"height":431,"caption":"V2C"},"image":{"@id":"https:\/\/v2charge.com\/es\/#\/schema\/logo\/image\/"},"sameAs":["https:\/\/www.facebook.com\/V2C.Charge","https:\/\/x.com\/V2C_Charge","https:\/\/www.instagram.com\/v2c.charge\/","https:\/\/www.youtube.com\/@V2C","https:\/\/www.linkedin.com\/company\/v2c-chargers\/"]}]}},"uagb_featured_image_src":{"full":["https:\/\/v2charge.com\/wp-content\/uploads\/2024\/07\/v2c-electric-chargers.jpg",1200,675,false],"thumbnail":["https:\/\/v2charge.com\/wp-content\/uploads\/2024\/07\/v2c-electric-chargers-150x150.jpg",150,150,true],"medium":["https:\/\/v2charge.com\/wp-content\/uploads\/2024\/07\/v2c-electric-chargers-300x169.jpg",300,169,true],"medium_large":["https:\/\/v2charge.com\/wp-content\/uploads\/2024\/07\/v2c-electric-chargers-768x432.jpg",768,432,true],"large":["https:\/\/v2charge.com\/wp-content\/uploads\/2024\/07\/v2c-electric-chargers-1024x576.jpg",1024,576,true],"gs-tiny":["https:\/\/v2charge.com\/wp-content\/uploads\/2024\/07\/v2c-electric-chargers.jpg",50,28,false],"xl":["https:\/\/v2charge.com\/wp-content\/uploads\/2024\/07\/v2c-electric-chargers.jpg",1200,675,false],"xxl":["https:\/\/v2charge.com\/wp-content\/uploads\/2024\/07\/v2c-electric-chargers.jpg",1200,675,false],"xxxl":["https:\/\/v2charge.com\/wp-content\/uploads\/2024\/07\/v2c-electric-chargers.jpg",1200,675,false],"xxxxl":["https:\/\/v2charge.com\/wp-content\/uploads\/2024\/07\/v2c-electric-chargers.jpg",1200,675,false],"xxxxxl":["https:\/\/v2charge.com\/wp-content\/uploads\/2024\/07\/v2c-electric-chargers.jpg",1200,675,false],"1536x1536":["https:\/\/v2charge.com\/wp-content\/uploads\/2024\/07\/v2c-electric-chargers.jpg",1200,675,false],"2048x2048":["https:\/\/v2charge.com\/wp-content\/uploads\/2024\/07\/v2c-electric-chargers.jpg",1200,675,false]},"uagb_author_info":{"display_name":"V2C","author_link":"https:\/\/v2charge.com\/es\/author\/root_k4eu7ki8\/"},"uagb_comment_info":0,"uagb_excerpt":"Punto de Recarga Trydan con impedancia infinita para esquema 2 de ITC BT 52 La normativa espa\u00f1ola ITC BT 52 establece en el esquema 2 de instalaci\u00f3n de puntos de recarga para coches el\u00e9ctricos la necesidad de poder rearmar el contador desde la propia vivienda (rearmador). Se trata de un tema de comodidad, m\u00e1s que&hellip;","_links":{"self":[{"href":"https:\/\/v2charge.com\/es\/wp-json\/wp\/v2\/pages\/76366","targetHints":{"allow":["GET"]}}],"collection":[{"href":"https:\/\/v2charge.com\/es\/wp-json\/wp\/v2\/pages"}],"about":[{"href":"https:\/\/v2charge.com\/es\/wp-json\/wp\/v2\/types\/page"}],"author":[{"embeddable":true,"href":"https:\/\/v2charge.com\/es\/wp-json\/wp\/v2\/users\/1"}],"replies":[{"embeddable":true,"href":"https:\/\/v2charge.com\/es\/wp-json\/wp\/v2\/comments?post=76366"}],"version-history":[{"count":0,"href":"https:\/\/v2charge.com\/es\/wp-json\/wp\/v2\/pages\/76366\/revisions"}],"wp:featuredmedia":[{"embeddable":true,"href":"https:\/\/v2charge.com\/es\/wp-json\/wp\/v2\/media\/170354"}],"wp:attachment":[{"href":"https:\/\/v2charge.com\/es\/wp-json\/wp\/v2\/media?parent=76366"}],"curies":[{"name":"wp","href":"https:\/\/api.w.org\/{rel}","templated":true}]}}