{"id":76882,"date":"2022-03-02T12:26:43","date_gmt":"2022-03-02T12:26:43","guid":{"rendered":"https:\/\/v2charge.com\/?page_id=76882"},"modified":"2025-01-23T11:32:58","modified_gmt":"2025-01-23T09:32:58","slug":"comandos-funcionales-de-alexa","status":"publish","type":"page","link":"https:\/\/v2charge.com\/es\/comandos-funcionales-de-alexa\/","title":{"rendered":"Comandos funcionales de Alexa"},"content":{"rendered":"\n<div class=\"wp-block-uagb-container uagb-block-c29b15eb alignfull uagb-is-root-container\"><div class=\"uagb-container-inner-blocks-wrap\">\n<div class=\"wp-block-uagb-container uagb-block-6846d829\">\n<div class=\"wp-block-uagb-container uagb-block-8a2137db\"><\/div>\n\n\n\n<div class=\"wp-block-uagb-container uagb-block-5ccae1ed\">\n<div class=\"wp-block-uagb-advanced-heading uagb-block-572af4b3\"><h1 class=\"uagb-heading-text\">Comandos Funcionales de Alexa<\/h1><\/div>\n\n\n\n<div class=\"wp-block-uagb-advanced-heading uagb-block-008d543e\"><h2 class=\"uagb-heading-text\">Sum\u00e9rgete en una<br>experiencia tecnol\u00f3gica<\/h2><\/div>\n\n\n\n<p class=\"has-text-color\" style=\"color:#c2c0c0;font-size:16px\">Domina todos los comandos funcionales de Alexa para controlar el e-Charger mediante tu voz. Innovaci\u00f3n, inmediatez y comodidad para vivir una carga \u00fanica.<\/p>\n\n\n\n<div class=\"wp-block-uagb-buttons uagb-buttons__outer-wrap uagb-btn__default-btn uagb-btn-tablet__default-btn uagb-btn-mobile__default-btn uagb-block-1b92109e\"><div class=\"uagb-buttons__wrap uagb-buttons-layout-wrap \">\n<div class=\"wp-block-uagb-buttons-child uagb-buttons__outer-wrap uagb-block-3c83cb05 wp-block-button is-style-outline\"><div class=\"uagb-button__wrapper\"><a class=\"uagb-buttons-repeater wp-block-button__link\" href=\"https:\/\/v2charge.com\/wp-content\/uploads\/2022\/05\/Vincular-Alexa.pdf\" title=\"vincular alexa con v2c\" onclick=\"return true;\" rel=\"follow noopener\" target=\"_blank\"><div class=\"uagb-button__link\">Vincula tu e-Charger con Alexa<\/div><\/a><\/div><\/div>\n<\/div><\/div>\n<\/div>\n<\/div>\n<\/div><\/div>\n\n\n\n<div style=\"height:49px\" aria-hidden=\"true\" class=\"wp-block-spacer\"><\/div>\n\n\n\n<div class=\"wp-block-uagb-container uagb-block-5bf65f41 alignfull uagb-is-root-container\"><div class=\"uagb-container-inner-blocks-wrap\">\n<div class=\"wp-block-uagb-advanced-heading uagb-block-9316649b\"><h2 class=\"uagb-heading-text\">Conoce el estado actual de tu e-Charger<\/h2><\/div>\n\n\n\n<p>\u00abAlexa, dime el estado de (nombre del cargador)\u00bb<\/p>\n\n\n\n<p>\u00abAlexa, dime el estado actual de (nombre del cargador)\u00bb<\/p>\n\n\n\n<p>\u00abAlexa, el estado de (nombre del cargador)\u00bb<\/p>\n<\/div><\/div>\n\n\n\n<div style=\"height:40px\" aria-hidden=\"true\" class=\"wp-block-spacer\"><\/div>\n\n\n\n<div class=\"wp-block-uagb-container uagb-block-9ac41ac8 alignfull uagb-is-root-container\"><div class=\"uagb-container-inner-blocks-wrap\">\n<div class=\"wp-block-uagb-advanced-heading uagb-block-0287eec7\"><h2 class=\"uagb-heading-text\">Conoce el consumo actual de tu e-Charger<\/h2><\/div>\n\n\n\n<p>\u00abAlexa, dime el consumo de (nombre del cargador)\u00bb<\/p>\n\n\n\n<p>\u00abAlexa, dime cu\u00e1l es el consumo de (nombre del cargador)\u00bb<\/p>\n\n\n\n<p>\u00abAlexa, el consumo actual de (nombre del cargador)\u00bb<\/p>\n<\/div><\/div>\n\n\n\n<div style=\"height:40px\" aria-hidden=\"true\" class=\"wp-block-spacer\"><\/div>\n\n\n\n<div class=\"wp-block-uagb-container uagb-block-10fa5e64 alignfull uagb-is-root-container\"><div class=\"uagb-container-inner-blocks-wrap\">\n<div class=\"wp-block-uagb-advanced-heading uagb-block-d62318d2\"><h2 class=\"uagb-heading-text\">Conoce la intensidad actual de tu e-Charger<\/h2><\/div>\n\n\n\n<p>\u00abAlexa, dime la intensidad de (nombre del cargador)\u00bb<\/p>\n\n\n\n<p>\u00abAlexa, dime la intensidad en (nombre del cargador)\u00bb<\/p>\n\n\n\n<p>\u00abAlexa, la intensidad actual de (nombre del cargador)\u00bb<\/p>\n\n\n\n<p>\u00abAlexa, la intensidad actual en (nombre del cargador)\u00bb<\/p>\n<\/div><\/div>\n\n\n\n<div style=\"height:40px\" aria-hidden=\"true\" class=\"wp-block-spacer\"><\/div>\n\n\n\n<div class=\"wp-block-uagb-container uagb-block-59c2256a alignfull uagb-is-root-container\"><div class=\"uagb-container-inner-blocks-wrap\">\n<div class=\"wp-block-uagb-advanced-heading uagb-block-bb56ec01\"><h2 class=\"uagb-heading-text\">Modifica el modo<\/h2><\/div>\n\n\n\n<div class=\"wp-block-uagb-advanced-heading uagb-block-177d2ae6\"><h3 class=\"uagb-heading-text\">Modo de bloqueo<\/h3><\/div>\n\n\n\n<p>\u00abAlexa, modo bloquear en (nombre del cargador)\u00bb<\/p>\n\n\n\n<p>\u00abAlexa, modo bloquea en (nombre del cargador)\u00bb<\/p>\n\n\n\n<p>\u00abAlexa, modo casa en (nombre del cargador)\u00bb<\/p>\n\n\n\n<div class=\"wp-block-uagb-advanced-heading uagb-block-152b4289\"><h3 class=\"uagb-heading-text\">Modo de desbloqueo<\/h3><\/div>\n\n\n\n<p>\u00abAlexa, modo desbloquear en (nombre del cargador)\u00bb<\/p>\n\n\n\n<p>\u00abAlexa, modo desbloquea en (nombre del cargador)\u00bb<\/p>\n\n\n\n<div class=\"wp-block-uagb-advanced-heading uagb-block-604ab313\"><h3 class=\"uagb-heading-text\">Modo de pausa<\/h3><\/div>\n\n\n\n<p>\u00abAlexa, modo pausa en (nombre del cargador)\u00bb<\/p>\n\n\n\n<p>\u00abAlexa, modo pausa la carga en (nombre del cargador)\u00bb<\/p>\n\n\n\n<p>\u00abAlexa, modo pausar carga en (nombre del cargador)\u00bb<\/p>\n\n\n\n<p>\u00abAlexa, modo para carga de (nombre del cargador)\u00bb<\/p>\n\n\n\n<p>\u00abAlexa, modo parar la carga de (nombre del cargador)\u00bb<\/p>\n\n\n\n<p>\u00abAlexa, modo pausar en (nombre del cargador)\u00bb<\/p>\n\n\n\n<p>\u00abAlexa, modo pausa el (nombre del cargador)\u00bb<\/p>\n\n\n\n<p>\u00abAlexa, modo pausar el (nombre del cargador)\u00bb<\/p>\n\n\n\n<p>\u00abAlexa, modo en pausa en (nombre del cargador)\u00bb<\/p>\n\n\n\n<div class=\"wp-block-uagb-advanced-heading uagb-block-b5677a65\"><h3 class=\"uagb-heading-text\">Modo de reanudar<\/h3><\/div>\n\n\n\n<p>\u00abAlexa, modo reanudar en (nombre del cargador)\u00bb<\/p>\n\n\n\n<p>\u00abAlexa, modo reanuda en (nombre del cargador)\u00bb<\/p>\n\n\n\n<p>\u00abAlexa, modo reanuda el (nombre del cargador)\u00bb<\/p>\n\n\n\n<p>\u00abAlexa, modo reanudar&nbsp;el (nombre del cargador)\u00bb<\/p>\n\n\n\n<p>\u00abAlexa, modo reanuda la carga en (nombre del cargador)\u00bb<\/p>\n\n\n\n<p>\u00abAlexa, modo reanudar carga en (nombre del cargador)\u00bb<\/p>\n\n\n\n<p>\u00abAlexa, modo rean\u00fadame en (nombre del cargador)\u00bb<\/p>\n\n\n\n<p>\u00abAlexa, modo reanudar la carga en (nombre del cargador)\u00bb<\/p>\n\n\n\n<p>\u00abAlexa, modo rean\u00fadala en (nombre del cargador)\u00bb<\/p>\n<\/div><\/div>\n\n\n\n<div style=\"height:49px\" aria-hidden=\"true\" class=\"wp-block-spacer\"><\/div>\n","protected":false},"excerpt":{"rendered":"<p>Comandos Funcionales de Alexa Sum\u00e9rgete en unaexperiencia tecnol\u00f3gica Domina todos los comandos funcionales de Alexa para controlar el e-Charger mediante tu voz. Innovaci\u00f3n, inmediatez y comodidad para vivir una carga \u00fanica. Conoce el estado actual de tu e-Charger \u00abAlexa, dime el estado de (nombre del cargador)\u00bb \u00abAlexa, dime el estado actual de (nombre del cargador)\u00bb &#8230; <a title=\"Comandos funcionales de Alexa\" class=\"read-more\" href=\"https:\/\/v2charge.com\/es\/comandos-funcionales-de-alexa\/\" aria-label=\"Leer m\u00e1s sobre Comandos funcionales de Alexa\">Leer m\u00e1s<\/a><\/p>\n","protected":false},"author":1,"featured_media":170354,"parent":0,"menu_order":0,"comment_status":"closed","ping_status":"closed","template":"","meta":{"_eb_attr":"","content-type":"","_uag_custom_page_level_css":"","footnotes":""},"class_list":["post-76882","page","type-page","status-publish","has-post-thumbnail"],"yoast_head":"<!-- This site is optimized with the Yoast SEO plugin v25.3.1 - https:\/\/yoast.com\/wordpress\/plugins\/seo\/ -->\n<title>Comandos Funcionales de Alexa para V2C Cloud | V2C \u00ae<\/title>\n<meta name=\"description\" content=\"Conoce los comandos funcionales de Alexa para tu cargador el\u00e9ctrico V2C y empieza a gestionar la carga de tu veh\u00edculo en tiempo real.\" \/>\n<meta name=\"robots\" content=\"index, follow, max-snippet:-1, max-image-preview:large, max-video-preview:-1\" \/>\n<link rel=\"canonical\" href=\"https:\/\/v2charge.com\/es\/comandos-funcionales-de-alexa\/\" \/>\n<meta property=\"og:locale\" content=\"es_ES\" \/>\n<meta property=\"og:type\" content=\"article\" \/>\n<meta property=\"og:title\" content=\"Comandos Funcionales de Alexa para V2C Cloud | V2C \u00ae\" \/>\n<meta property=\"og:description\" content=\"Conoce los comandos funcionales de Alexa para tu cargador el\u00e9ctrico V2C y empieza a gestionar la carga de tu veh\u00edculo en tiempo real.\" \/>\n<meta property=\"og:url\" content=\"https:\/\/v2charge.com\/es\/comandos-funcionales-de-alexa\/\" \/>\n<meta property=\"og:site_name\" content=\"V2C\" \/>\n<meta property=\"article:publisher\" content=\"https:\/\/www.facebook.com\/V2C.Charge\" \/>\n<meta property=\"article:modified_time\" content=\"2025-01-23T09:32:58+00:00\" \/>\n<meta property=\"og:image\" content=\"https:\/\/v2charge.com\/wp-content\/uploads\/2024\/07\/v2c-electric-chargers.jpg\" \/>\n\t<meta property=\"og:image:width\" content=\"1200\" \/>\n\t<meta property=\"og:image:height\" content=\"675\" \/>\n\t<meta property=\"og:image:type\" content=\"image\/jpeg\" \/>\n<meta name=\"twitter:card\" content=\"summary_large_image\" \/>\n<meta name=\"twitter:site\" content=\"@V2C_Charge\" \/>\n<meta name=\"twitter:label1\" content=\"Tiempo de lectura\" \/>\n\t<meta name=\"twitter:data1\" content=\"2 minutos\" \/>\n<script type=\"application\/ld+json\" class=\"yoast-schema-graph\">{\"@context\":\"https:\/\/schema.org\",\"@graph\":[{\"@type\":\"WebPage\",\"@id\":\"https:\/\/v2charge.com\/es\/comandos-funcionales-de-alexa\/\",\"url\":\"https:\/\/v2charge.com\/es\/comandos-funcionales-de-alexa\/\",\"name\":\"Comandos Funcionales de Alexa para V2C Cloud | V2C \u00ae\",\"isPartOf\":{\"@id\":\"https:\/\/v2charge.com\/es\/#website\"},\"primaryImageOfPage\":{\"@id\":\"https:\/\/v2charge.com\/es\/comandos-funcionales-de-alexa\/#primaryimage\"},\"image\":{\"@id\":\"https:\/\/v2charge.com\/es\/comandos-funcionales-de-alexa\/#primaryimage\"},\"thumbnailUrl\":\"https:\/\/v2charge.com\/wp-content\/uploads\/2024\/07\/v2c-electric-chargers.jpg\",\"datePublished\":\"2022-03-02T12:26:43+00:00\",\"dateModified\":\"2025-01-23T09:32:58+00:00\",\"description\":\"Conoce los comandos funcionales de Alexa para tu cargador el\u00e9ctrico V2C y empieza a gestionar la carga de tu veh\u00edculo en tiempo real.\",\"breadcrumb\":{\"@id\":\"https:\/\/v2charge.com\/es\/comandos-funcionales-de-alexa\/#breadcrumb\"},\"inLanguage\":\"es\",\"potentialAction\":[{\"@type\":\"ReadAction\",\"target\":[\"https:\/\/v2charge.com\/es\/comandos-funcionales-de-alexa\/\"]}]},{\"@type\":\"ImageObject\",\"inLanguage\":\"es\",\"@id\":\"https:\/\/v2charge.com\/es\/comandos-funcionales-de-alexa\/#primaryimage\",\"url\":\"https:\/\/v2charge.com\/wp-content\/uploads\/2024\/07\/v2c-electric-chargers.jpg\",\"contentUrl\":\"https:\/\/v2charge.com\/wp-content\/uploads\/2024\/07\/v2c-electric-chargers.jpg\",\"width\":1200,\"height\":675,\"caption\":\"V2C Electric Chargers\"},{\"@type\":\"BreadcrumbList\",\"@id\":\"https:\/\/v2charge.com\/es\/comandos-funcionales-de-alexa\/#breadcrumb\",\"itemListElement\":[{\"@type\":\"ListItem\",\"position\":1,\"name\":\"V2C\",\"item\":\"https:\/\/v2charge.com\/es\/\"},{\"@type\":\"ListItem\",\"position\":2,\"name\":\"Comandos funcionales de Alexa\"}]},{\"@type\":\"WebSite\",\"@id\":\"https:\/\/v2charge.com\/es\/#website\",\"url\":\"https:\/\/v2charge.com\/es\/\",\"name\":\"V2C\",\"description\":\"#CargandoElMa\u00f1ana\",\"publisher\":{\"@id\":\"https:\/\/v2charge.com\/es\/#organization\"},\"potentialAction\":[{\"@type\":\"SearchAction\",\"target\":{\"@type\":\"EntryPoint\",\"urlTemplate\":\"https:\/\/v2charge.com\/es\/?s={search_term_string}\"},\"query-input\":{\"@type\":\"PropertyValueSpecification\",\"valueRequired\":true,\"valueName\":\"search_term_string\"}}],\"inLanguage\":\"es\"},{\"@type\":\"Organization\",\"@id\":\"https:\/\/v2charge.com\/es\/#organization\",\"name\":\"V2C\",\"url\":\"https:\/\/v2charge.com\/es\/\",\"logo\":{\"@type\":\"ImageObject\",\"inLanguage\":\"es\",\"@id\":\"https:\/\/v2charge.com\/es\/#\/schema\/logo\/image\/\",\"url\":\"https:\/\/v2charge.com\/wp-content\/uploads\/2024\/11\/cropped-v2c-charge-logo-menu.png\",\"contentUrl\":\"https:\/\/v2charge.com\/wp-content\/uploads\/2024\/11\/cropped-v2c-charge-logo-menu.png\",\"width\":984,\"height\":431,\"caption\":\"V2C\"},\"image\":{\"@id\":\"https:\/\/v2charge.com\/es\/#\/schema\/logo\/image\/\"},\"sameAs\":[\"https:\/\/www.facebook.com\/V2C.Charge\",\"https:\/\/x.com\/V2C_Charge\",\"https:\/\/www.instagram.com\/v2c.charge\/\",\"https:\/\/www.youtube.com\/@V2C\",\"https:\/\/www.linkedin.com\/company\/v2c-chargers\/\"]}]}<\/script>\n<!-- \/ Yoast SEO plugin. -->","yoast_head_json":{"title":"Comandos Funcionales de Alexa para V2C Cloud | V2C \u00ae","description":"Conoce los comandos funcionales de Alexa para tu cargador el\u00e9ctrico V2C y empieza a gestionar la carga de tu veh\u00edculo en tiempo real.","robots":{"index":"index","follow":"follow","max-snippet":"max-snippet:-1","max-image-preview":"max-image-preview:large","max-video-preview":"max-video-preview:-1"},"canonical":"https:\/\/v2charge.com\/es\/comandos-funcionales-de-alexa\/","og_locale":"es_ES","og_type":"article","og_title":"Comandos Funcionales de Alexa para V2C Cloud | V2C \u00ae","og_description":"Conoce los comandos funcionales de Alexa para tu cargador el\u00e9ctrico V2C y empieza a gestionar la carga de tu veh\u00edculo en tiempo real.","og_url":"https:\/\/v2charge.com\/es\/comandos-funcionales-de-alexa\/","og_site_name":"V2C","article_publisher":"https:\/\/www.facebook.com\/V2C.Charge","article_modified_time":"2025-01-23T09:32:58+00:00","og_image":[{"width":1200,"height":675,"url":"https:\/\/v2charge.com\/wp-content\/uploads\/2024\/07\/v2c-electric-chargers.jpg","type":"image\/jpeg"}],"twitter_card":"summary_large_image","twitter_site":"@V2C_Charge","twitter_misc":{"Tiempo de lectura":"2 minutos"},"schema":{"@context":"https:\/\/schema.org","@graph":[{"@type":"WebPage","@id":"https:\/\/v2charge.com\/es\/comandos-funcionales-de-alexa\/","url":"https:\/\/v2charge.com\/es\/comandos-funcionales-de-alexa\/","name":"Comandos Funcionales de Alexa para V2C Cloud | V2C \u00ae","isPartOf":{"@id":"https:\/\/v2charge.com\/es\/#website"},"primaryImageOfPage":{"@id":"https:\/\/v2charge.com\/es\/comandos-funcionales-de-alexa\/#primaryimage"},"image":{"@id":"https:\/\/v2charge.com\/es\/comandos-funcionales-de-alexa\/#primaryimage"},"thumbnailUrl":"https:\/\/v2charge.com\/wp-content\/uploads\/2024\/07\/v2c-electric-chargers.jpg","datePublished":"2022-03-02T12:26:43+00:00","dateModified":"2025-01-23T09:32:58+00:00","description":"Conoce los comandos funcionales de Alexa para tu cargador el\u00e9ctrico V2C y empieza a gestionar la carga de tu veh\u00edculo en tiempo real.","breadcrumb":{"@id":"https:\/\/v2charge.com\/es\/comandos-funcionales-de-alexa\/#breadcrumb"},"inLanguage":"es","potentialAction":[{"@type":"ReadAction","target":["https:\/\/v2charge.com\/es\/comandos-funcionales-de-alexa\/"]}]},{"@type":"ImageObject","inLanguage":"es","@id":"https:\/\/v2charge.com\/es\/comandos-funcionales-de-alexa\/#primaryimage","url":"https:\/\/v2charge.com\/wp-content\/uploads\/2024\/07\/v2c-electric-chargers.jpg","contentUrl":"https:\/\/v2charge.com\/wp-content\/uploads\/2024\/07\/v2c-electric-chargers.jpg","width":1200,"height":675,"caption":"V2C Electric Chargers"},{"@type":"BreadcrumbList","@id":"https:\/\/v2charge.com\/es\/comandos-funcionales-de-alexa\/#breadcrumb","itemListElement":[{"@type":"ListItem","position":1,"name":"V2C","item":"https:\/\/v2charge.com\/es\/"},{"@type":"ListItem","position":2,"name":"Comandos funcionales de Alexa"}]},{"@type":"WebSite","@id":"https:\/\/v2charge.com\/es\/#website","url":"https:\/\/v2charge.com\/es\/","name":"V2C","description":"#CargandoElMa\u00f1ana","publisher":{"@id":"https:\/\/v2charge.com\/es\/#organization"},"potentialAction":[{"@type":"SearchAction","target":{"@type":"EntryPoint","urlTemplate":"https:\/\/v2charge.com\/es\/?s={search_term_string}"},"query-input":{"@type":"PropertyValueSpecification","valueRequired":true,"valueName":"search_term_string"}}],"inLanguage":"es"},{"@type":"Organization","@id":"https:\/\/v2charge.com\/es\/#organization","name":"V2C","url":"https:\/\/v2charge.com\/es\/","logo":{"@type":"ImageObject","inLanguage":"es","@id":"https:\/\/v2charge.com\/es\/#\/schema\/logo\/image\/","url":"https:\/\/v2charge.com\/wp-content\/uploads\/2024\/11\/cropped-v2c-charge-logo-menu.png","contentUrl":"https:\/\/v2charge.com\/wp-content\/uploads\/2024\/11\/cropped-v2c-charge-logo-menu.png","width":984,"height":431,"caption":"V2C"},"image":{"@id":"https:\/\/v2charge.com\/es\/#\/schema\/logo\/image\/"},"sameAs":["https:\/\/www.facebook.com\/V2C.Charge","https:\/\/x.com\/V2C_Charge","https:\/\/www.instagram.com\/v2c.charge\/","https:\/\/www.youtube.com\/@V2C","https:\/\/www.linkedin.com\/company\/v2c-chargers\/"]}]}},"uagb_featured_image_src":{"full":["https:\/\/v2charge.com\/wp-content\/uploads\/2024\/07\/v2c-electric-chargers.jpg",1200,675,false],"thumbnail":["https:\/\/v2charge.com\/wp-content\/uploads\/2024\/07\/v2c-electric-chargers-150x150.jpg",150,150,true],"medium":["https:\/\/v2charge.com\/wp-content\/uploads\/2024\/07\/v2c-electric-chargers-300x169.jpg",300,169,true],"medium_large":["https:\/\/v2charge.com\/wp-content\/uploads\/2024\/07\/v2c-electric-chargers-768x432.jpg",768,432,true],"large":["https:\/\/v2charge.com\/wp-content\/uploads\/2024\/07\/v2c-electric-chargers-1024x576.jpg",1024,576,true],"gs-tiny":["https:\/\/v2charge.com\/wp-content\/uploads\/2024\/07\/v2c-electric-chargers.jpg",50,28,false],"xl":["https:\/\/v2charge.com\/wp-content\/uploads\/2024\/07\/v2c-electric-chargers.jpg",1200,675,false],"xxl":["https:\/\/v2charge.com\/wp-content\/uploads\/2024\/07\/v2c-electric-chargers.jpg",1200,675,false],"xxxl":["https:\/\/v2charge.com\/wp-content\/uploads\/2024\/07\/v2c-electric-chargers.jpg",1200,675,false],"xxxxl":["https:\/\/v2charge.com\/wp-content\/uploads\/2024\/07\/v2c-electric-chargers.jpg",1200,675,false],"xxxxxl":["https:\/\/v2charge.com\/wp-content\/uploads\/2024\/07\/v2c-electric-chargers.jpg",1200,675,false],"1536x1536":["https:\/\/v2charge.com\/wp-content\/uploads\/2024\/07\/v2c-electric-chargers.jpg",1200,675,false],"2048x2048":["https:\/\/v2charge.com\/wp-content\/uploads\/2024\/07\/v2c-electric-chargers.jpg",1200,675,false]},"uagb_author_info":{"display_name":"V2C","author_link":"https:\/\/v2charge.com\/es\/author\/root_k4eu7ki8\/"},"uagb_comment_info":0,"uagb_excerpt":"Comandos Funcionales de Alexa Sum\u00e9rgete en unaexperiencia tecnol\u00f3gica Domina todos los comandos funcionales de Alexa para controlar el e-Charger mediante tu voz. Innovaci\u00f3n, inmediatez y comodidad para vivir una carga \u00fanica. Conoce el estado actual de tu e-Charger \u00abAlexa, dime el estado de (nombre del cargador)\u00bb \u00abAlexa, dime el estado actual de (nombre del cargador)\u00bb&hellip;","_links":{"self":[{"href":"https:\/\/v2charge.com\/es\/wp-json\/wp\/v2\/pages\/76882","targetHints":{"allow":["GET"]}}],"collection":[{"href":"https:\/\/v2charge.com\/es\/wp-json\/wp\/v2\/pages"}],"about":[{"href":"https:\/\/v2charge.com\/es\/wp-json\/wp\/v2\/types\/page"}],"author":[{"embeddable":true,"href":"https:\/\/v2charge.com\/es\/wp-json\/wp\/v2\/users\/1"}],"replies":[{"embeddable":true,"href":"https:\/\/v2charge.com\/es\/wp-json\/wp\/v2\/comments?post=76882"}],"version-history":[{"count":1,"href":"https:\/\/v2charge.com\/es\/wp-json\/wp\/v2\/pages\/76882\/revisions"}],"predecessor-version":[{"id":202771,"href":"https:\/\/v2charge.com\/es\/wp-json\/wp\/v2\/pages\/76882\/revisions\/202771"}],"wp:featuredmedia":[{"embeddable":true,"href":"https:\/\/v2charge.com\/es\/wp-json\/wp\/v2\/media\/170354"}],"wp:attachment":[{"href":"https:\/\/v2charge.com\/es\/wp-json\/wp\/v2\/media?parent=76882"}],"curies":[{"name":"wp","href":"https:\/\/api.w.org\/{rel}","templated":true}]}}