{"id":83984,"date":"2022-11-18T07:03:45","date_gmt":"2022-11-18T07:03:45","guid":{"rendered":"https:\/\/v2charge.com\/?page_id=83984"},"modified":"2023-05-03T13:26:49","modified_gmt":"2023-05-03T13:26:49","slug":"particulares","status":"publish","type":"page","link":"https:\/\/v2charge.com\/es\/particulares\/","title":{"rendered":"Particulares"},"content":{"rendered":"<h1>\u00c1rea para Particulares<\/h1>\n<p>\u00danete al viaje del <em>e-mobility<em><\/em><\/em><\/p>\n<p><em><em>                      <img decoding=\"async\" src=\"https:\/\/v2charge.com\/wp-content\/uploads\/2022\/10\/v2c-store.jpg\" alt=\"img\"><\/p>\n<h2>Compra tu<br \/>\ne-Charger en V2C Store<\/h2>\n<p>Accede a la Store oficial de V2C para adquirir un e-Charger inteligente e innovador. Personal\u00edzalo seg\u00fan tus necesidades y rec\u00edbelo en 24\/48 horas.<\/p>\n<p><a href=\"https:\/\/v2charge.com\/store\/\" target=\"_blank\" rel=\"noopener\">M\u00e1s informaci\u00f3n<\/a><br \/>\n<img decoding=\"async\" src=\"https:\/\/v2charge.com\/wp-content\/uploads\/2022\/10\/recursos-v2c.jpg\" alt=\"img\"><\/p>\n<h2>Consulta todos los recursos<\/h2>\n<p>\u00bfQuieres conocer todos los detalles de un e-Charger? Consulta aqu\u00ed los cat\u00e1logos, fichas t\u00e9cnicas, manuales de usuario y las \u00faltimas actualizaciones de cada cargador.<\/p>\n<p><a href=\"\/es\/recursos\/\" target=\"_self\" rel=\"noopener\">M\u00e1s informaci\u00f3n<\/a><br \/>\n<img decoding=\"async\" src=\"https:\/\/v2charge.com\/wp-content\/uploads\/2022\/10\/comunidad-v2c.png\" alt=\"img\"><\/p>\n<h2>Forma parte de la Comunidad V2C<\/h2>\n<p>El viaje del e-mobility es todo un movimiento: el de una comunidad que nace en Valencia y que se dirige al resto del mundo. \u00bfNos acompa\u00f1as?<\/p>\n<p><a href=\"\/es\/comunidad\/\" target=\"_self\" rel=\"noopener\">M\u00e1s informaci\u00f3n<\/a><br \/>\n<img decoding=\"async\" src=\"https:\/\/v2charge.com\/wp-content\/uploads\/2022\/10\/instaladores-v2c.jpg\" alt=\"img\"><\/p>\n<h2>Encuentra tu instalador autorizado<\/h2>\n<p>Solicita la instalaci\u00f3n de un e-Charger V2C. Ponemos a tu disposici\u00f3n una amplia red de instaladores cualificados.<\/p>\n<p><a href=\"\/es\/encuentra-tu-instalador\/\" target=\"_self\" rel=\"noopener\">M\u00e1s informaci\u00f3n<\/a><\/p>\n<p><\/em><\/em><\/p>\n","protected":false},"excerpt":{"rendered":"<p>\u00c1rea para Particulares \u00danete al viaje del e-mobility Compra tu e-Charger en V2C Store Accede a la Store oficial de V2C para adquirir un e-Charger inteligente e innovador. Personal\u00edzalo seg\u00fan tus necesidades y rec\u00edbelo en 24\/48 horas. M\u00e1s informaci\u00f3n Consulta todos los recursos \u00bfQuieres conocer todos los detalles de un e-Charger? Consulta aqu\u00ed los cat\u00e1logos, &#8230; <a title=\"Particulares\" class=\"read-more\" href=\"https:\/\/v2charge.com\/es\/particulares\/\" aria-label=\"Leer m\u00e1s sobre Particulares\">Leer m\u00e1s<\/a><\/p>\n","protected":false},"author":1,"featured_media":170354,"parent":0,"menu_order":0,"comment_status":"closed","ping_status":"closed","template":"elementor_header_footer","meta":{"_eb_attr":"","content-type":"","_uag_custom_page_level_css":"","footnotes":""},"class_list":["post-83984","page","type-page","status-publish","has-post-thumbnail"],"yoast_head":"<!-- This site is optimized with the Yoast SEO plugin v25.3.1 - https:\/\/yoast.com\/wordpress\/plugins\/seo\/ -->\n<title>\u00c1rea Particulares \u25b7 Tienda Online + Recursos | V2C<\/title>\n<meta name=\"description\" content=\"Consulta la tienda online de V2C y todos los recursos en el \u00e1rea para particulares. Encuentra el mejor cargador para tu coche el\u00e9ctrico. \u2705\" \/>\n<meta name=\"robots\" content=\"index, follow, max-snippet:-1, max-image-preview:large, max-video-preview:-1\" \/>\n<link rel=\"canonical\" href=\"https:\/\/v2charge.com\/es\/particulares\/\" \/>\n<meta property=\"og:locale\" content=\"es_ES\" \/>\n<meta property=\"og:type\" content=\"article\" \/>\n<meta property=\"og:title\" content=\"\u00c1rea Particulares \u25b7 Tienda Online + Recursos | V2C\" \/>\n<meta property=\"og:description\" content=\"Consulta la tienda online de V2C y todos los recursos en el \u00e1rea para particulares. Encuentra el mejor cargador para tu coche el\u00e9ctrico. \u2705\" \/>\n<meta property=\"og:url\" content=\"https:\/\/v2charge.com\/es\/particulares\/\" \/>\n<meta property=\"og:site_name\" content=\"V2C\" \/>\n<meta property=\"article:publisher\" content=\"https:\/\/www.facebook.com\/V2C.Charge\" \/>\n<meta property=\"article:modified_time\" content=\"2023-05-03T13:26:49+00:00\" \/>\n<meta property=\"og:image\" content=\"https:\/\/v2charge.com\/wp-content\/uploads\/2022\/10\/v2c-store.jpg\" \/>\n<meta name=\"twitter:card\" content=\"summary_large_image\" \/>\n<meta name=\"twitter:site\" content=\"@V2C_Charge\" \/>\n<meta name=\"twitter:label1\" content=\"Tiempo de lectura\" \/>\n\t<meta name=\"twitter:data1\" content=\"2 minutos\" \/>\n<script type=\"application\/ld+json\" class=\"yoast-schema-graph\">{\"@context\":\"https:\/\/schema.org\",\"@graph\":[{\"@type\":\"WebPage\",\"@id\":\"https:\/\/v2charge.com\/es\/particulares\/\",\"url\":\"https:\/\/v2charge.com\/es\/particulares\/\",\"name\":\"\u00c1rea Particulares \u25b7 Tienda Online + Recursos | V2C\",\"isPartOf\":{\"@id\":\"https:\/\/v2charge.com\/es\/#website\"},\"primaryImageOfPage\":{\"@id\":\"https:\/\/v2charge.com\/es\/particulares\/#primaryimage\"},\"image\":{\"@id\":\"https:\/\/v2charge.com\/es\/particulares\/#primaryimage\"},\"thumbnailUrl\":\"https:\/\/v2charge.com\/wp-content\/uploads\/2024\/07\/v2c-electric-chargers.jpg\",\"datePublished\":\"2022-11-18T07:03:45+00:00\",\"dateModified\":\"2023-05-03T13:26:49+00:00\",\"description\":\"Consulta la tienda online de V2C y todos los recursos en el \u00e1rea para particulares. Encuentra el mejor cargador para tu coche el\u00e9ctrico. \u2705\",\"breadcrumb\":{\"@id\":\"https:\/\/v2charge.com\/es\/particulares\/#breadcrumb\"},\"inLanguage\":\"es\",\"potentialAction\":[{\"@type\":\"ReadAction\",\"target\":[\"https:\/\/v2charge.com\/es\/particulares\/\"]}]},{\"@type\":\"ImageObject\",\"inLanguage\":\"es\",\"@id\":\"https:\/\/v2charge.com\/es\/particulares\/#primaryimage\",\"url\":\"https:\/\/v2charge.com\/wp-content\/uploads\/2024\/07\/v2c-electric-chargers.jpg\",\"contentUrl\":\"https:\/\/v2charge.com\/wp-content\/uploads\/2024\/07\/v2c-electric-chargers.jpg\",\"width\":1200,\"height\":675,\"caption\":\"V2C Electric Chargers\"},{\"@type\":\"BreadcrumbList\",\"@id\":\"https:\/\/v2charge.com\/es\/particulares\/#breadcrumb\",\"itemListElement\":[{\"@type\":\"ListItem\",\"position\":1,\"name\":\"V2C\",\"item\":\"https:\/\/v2charge.com\/es\/\"},{\"@type\":\"ListItem\",\"position\":2,\"name\":\"Particulares\"}]},{\"@type\":\"WebSite\",\"@id\":\"https:\/\/v2charge.com\/es\/#website\",\"url\":\"https:\/\/v2charge.com\/es\/\",\"name\":\"V2C\",\"description\":\"#CargandoElMa\u00f1ana\",\"publisher\":{\"@id\":\"https:\/\/v2charge.com\/es\/#organization\"},\"potentialAction\":[{\"@type\":\"SearchAction\",\"target\":{\"@type\":\"EntryPoint\",\"urlTemplate\":\"https:\/\/v2charge.com\/es\/?s={search_term_string}\"},\"query-input\":{\"@type\":\"PropertyValueSpecification\",\"valueRequired\":true,\"valueName\":\"search_term_string\"}}],\"inLanguage\":\"es\"},{\"@type\":\"Organization\",\"@id\":\"https:\/\/v2charge.com\/es\/#organization\",\"name\":\"V2C\",\"url\":\"https:\/\/v2charge.com\/es\/\",\"logo\":{\"@type\":\"ImageObject\",\"inLanguage\":\"es\",\"@id\":\"https:\/\/v2charge.com\/es\/#\/schema\/logo\/image\/\",\"url\":\"https:\/\/v2charge.com\/wp-content\/uploads\/2024\/11\/cropped-v2c-charge-logo-menu.png\",\"contentUrl\":\"https:\/\/v2charge.com\/wp-content\/uploads\/2024\/11\/cropped-v2c-charge-logo-menu.png\",\"width\":984,\"height\":431,\"caption\":\"V2C\"},\"image\":{\"@id\":\"https:\/\/v2charge.com\/es\/#\/schema\/logo\/image\/\"},\"sameAs\":[\"https:\/\/www.facebook.com\/V2C.Charge\",\"https:\/\/x.com\/V2C_Charge\",\"https:\/\/www.instagram.com\/v2c.charge\/\",\"https:\/\/www.youtube.com\/@V2C\",\"https:\/\/www.linkedin.com\/company\/v2c-chargers\/\"]}]}<\/script>\n<!-- \/ Yoast SEO plugin. -->","yoast_head_json":{"title":"\u00c1rea Particulares \u25b7 Tienda Online + Recursos | V2C","description":"Consulta la tienda online de V2C y todos los recursos en el \u00e1rea para particulares. Encuentra el mejor cargador para tu coche el\u00e9ctrico. \u2705","robots":{"index":"index","follow":"follow","max-snippet":"max-snippet:-1","max-image-preview":"max-image-preview:large","max-video-preview":"max-video-preview:-1"},"canonical":"https:\/\/v2charge.com\/es\/particulares\/","og_locale":"es_ES","og_type":"article","og_title":"\u00c1rea Particulares \u25b7 Tienda Online + Recursos | V2C","og_description":"Consulta la tienda online de V2C y todos los recursos en el \u00e1rea para particulares. Encuentra el mejor cargador para tu coche el\u00e9ctrico. \u2705","og_url":"https:\/\/v2charge.com\/es\/particulares\/","og_site_name":"V2C","article_publisher":"https:\/\/www.facebook.com\/V2C.Charge","article_modified_time":"2023-05-03T13:26:49+00:00","og_image":[{"url":"https:\/\/v2charge.com\/wp-content\/uploads\/2022\/10\/v2c-store.jpg","type":"","width":"","height":""}],"twitter_card":"summary_large_image","twitter_site":"@V2C_Charge","twitter_misc":{"Tiempo de lectura":"2 minutos"},"schema":{"@context":"https:\/\/schema.org","@graph":[{"@type":"WebPage","@id":"https:\/\/v2charge.com\/es\/particulares\/","url":"https:\/\/v2charge.com\/es\/particulares\/","name":"\u00c1rea Particulares \u25b7 Tienda Online + Recursos | V2C","isPartOf":{"@id":"https:\/\/v2charge.com\/es\/#website"},"primaryImageOfPage":{"@id":"https:\/\/v2charge.com\/es\/particulares\/#primaryimage"},"image":{"@id":"https:\/\/v2charge.com\/es\/particulares\/#primaryimage"},"thumbnailUrl":"https:\/\/v2charge.com\/wp-content\/uploads\/2024\/07\/v2c-electric-chargers.jpg","datePublished":"2022-11-18T07:03:45+00:00","dateModified":"2023-05-03T13:26:49+00:00","description":"Consulta la tienda online de V2C y todos los recursos en el \u00e1rea para particulares. Encuentra el mejor cargador para tu coche el\u00e9ctrico. \u2705","breadcrumb":{"@id":"https:\/\/v2charge.com\/es\/particulares\/#breadcrumb"},"inLanguage":"es","potentialAction":[{"@type":"ReadAction","target":["https:\/\/v2charge.com\/es\/particulares\/"]}]},{"@type":"ImageObject","inLanguage":"es","@id":"https:\/\/v2charge.com\/es\/particulares\/#primaryimage","url":"https:\/\/v2charge.com\/wp-content\/uploads\/2024\/07\/v2c-electric-chargers.jpg","contentUrl":"https:\/\/v2charge.com\/wp-content\/uploads\/2024\/07\/v2c-electric-chargers.jpg","width":1200,"height":675,"caption":"V2C Electric Chargers"},{"@type":"BreadcrumbList","@id":"https:\/\/v2charge.com\/es\/particulares\/#breadcrumb","itemListElement":[{"@type":"ListItem","position":1,"name":"V2C","item":"https:\/\/v2charge.com\/es\/"},{"@type":"ListItem","position":2,"name":"Particulares"}]},{"@type":"WebSite","@id":"https:\/\/v2charge.com\/es\/#website","url":"https:\/\/v2charge.com\/es\/","name":"V2C","description":"#CargandoElMa\u00f1ana","publisher":{"@id":"https:\/\/v2charge.com\/es\/#organization"},"potentialAction":[{"@type":"SearchAction","target":{"@type":"EntryPoint","urlTemplate":"https:\/\/v2charge.com\/es\/?s={search_term_string}"},"query-input":{"@type":"PropertyValueSpecification","valueRequired":true,"valueName":"search_term_string"}}],"inLanguage":"es"},{"@type":"Organization","@id":"https:\/\/v2charge.com\/es\/#organization","name":"V2C","url":"https:\/\/v2charge.com\/es\/","logo":{"@type":"ImageObject","inLanguage":"es","@id":"https:\/\/v2charge.com\/es\/#\/schema\/logo\/image\/","url":"https:\/\/v2charge.com\/wp-content\/uploads\/2024\/11\/cropped-v2c-charge-logo-menu.png","contentUrl":"https:\/\/v2charge.com\/wp-content\/uploads\/2024\/11\/cropped-v2c-charge-logo-menu.png","width":984,"height":431,"caption":"V2C"},"image":{"@id":"https:\/\/v2charge.com\/es\/#\/schema\/logo\/image\/"},"sameAs":["https:\/\/www.facebook.com\/V2C.Charge","https:\/\/x.com\/V2C_Charge","https:\/\/www.instagram.com\/v2c.charge\/","https:\/\/www.youtube.com\/@V2C","https:\/\/www.linkedin.com\/company\/v2c-chargers\/"]}]}},"uagb_featured_image_src":{"full":["https:\/\/v2charge.com\/wp-content\/uploads\/2024\/07\/v2c-electric-chargers.jpg",1200,675,false],"thumbnail":["https:\/\/v2charge.com\/wp-content\/uploads\/2024\/07\/v2c-electric-chargers-150x150.jpg",150,150,true],"medium":["https:\/\/v2charge.com\/wp-content\/uploads\/2024\/07\/v2c-electric-chargers-300x169.jpg",300,169,true],"medium_large":["https:\/\/v2charge.com\/wp-content\/uploads\/2024\/07\/v2c-electric-chargers-768x432.jpg",768,432,true],"large":["https:\/\/v2charge.com\/wp-content\/uploads\/2024\/07\/v2c-electric-chargers-1024x576.jpg",1024,576,true],"gs-tiny":["https:\/\/v2charge.com\/wp-content\/uploads\/2024\/07\/v2c-electric-chargers.jpg",50,28,false],"xl":["https:\/\/v2charge.com\/wp-content\/uploads\/2024\/07\/v2c-electric-chargers.jpg",1200,675,false],"xxl":["https:\/\/v2charge.com\/wp-content\/uploads\/2024\/07\/v2c-electric-chargers.jpg",1200,675,false],"xxxl":["https:\/\/v2charge.com\/wp-content\/uploads\/2024\/07\/v2c-electric-chargers.jpg",1200,675,false],"xxxxl":["https:\/\/v2charge.com\/wp-content\/uploads\/2024\/07\/v2c-electric-chargers.jpg",1200,675,false],"xxxxxl":["https:\/\/v2charge.com\/wp-content\/uploads\/2024\/07\/v2c-electric-chargers.jpg",1200,675,false],"1536x1536":["https:\/\/v2charge.com\/wp-content\/uploads\/2024\/07\/v2c-electric-chargers.jpg",1200,675,false],"2048x2048":["https:\/\/v2charge.com\/wp-content\/uploads\/2024\/07\/v2c-electric-chargers.jpg",1200,675,false]},"uagb_author_info":{"display_name":"V2C","author_link":"https:\/\/v2charge.com\/es\/author\/root_k4eu7ki8\/"},"uagb_comment_info":0,"uagb_excerpt":"\u00c1rea para Particulares \u00danete al viaje del e-mobility Compra tu e-Charger en V2C Store Accede a la Store oficial de V2C para adquirir un e-Charger inteligente e innovador. Personal\u00edzalo seg\u00fan tus necesidades y rec\u00edbelo en 24\/48 horas. M\u00e1s informaci\u00f3n Consulta todos los recursos \u00bfQuieres conocer todos los detalles de un e-Charger? Consulta aqu\u00ed los cat\u00e1logos,&hellip;","_links":{"self":[{"href":"https:\/\/v2charge.com\/es\/wp-json\/wp\/v2\/pages\/83984","targetHints":{"allow":["GET"]}}],"collection":[{"href":"https:\/\/v2charge.com\/es\/wp-json\/wp\/v2\/pages"}],"about":[{"href":"https:\/\/v2charge.com\/es\/wp-json\/wp\/v2\/types\/page"}],"author":[{"embeddable":true,"href":"https:\/\/v2charge.com\/es\/wp-json\/wp\/v2\/users\/1"}],"replies":[{"embeddable":true,"href":"https:\/\/v2charge.com\/es\/wp-json\/wp\/v2\/comments?post=83984"}],"version-history":[{"count":0,"href":"https:\/\/v2charge.com\/es\/wp-json\/wp\/v2\/pages\/83984\/revisions"}],"wp:featuredmedia":[{"embeddable":true,"href":"https:\/\/v2charge.com\/es\/wp-json\/wp\/v2\/media\/170354"}],"wp:attachment":[{"href":"https:\/\/v2charge.com\/es\/wp-json\/wp\/v2\/media?parent=83984"}],"curies":[{"name":"wp","href":"https:\/\/api.w.org\/{rel}","templated":true}]}}