{"id":85526,"date":"2022-10-11T16:50:05","date_gmt":"2022-10-11T16:50:05","guid":{"rendered":"https:\/\/v2charge.com\/?page_id=85526"},"modified":"2026-01-09T17:25:05","modified_gmt":"2026-01-09T15:25:05","slug":"inversor-victron","status":"publish","type":"page","link":"https:\/\/v2charge.com\/es\/soporte\/control-potencia\/dinamico\/fotovoltaica\/inversor-victron\/","title":{"rendered":"Conexi\u00f3n Trydan con Victron"},"content":{"rendered":"\n<div class=\"wp-block-uagb-container uagb-block-917b89c6 alignfull uagb-is-root-container\"><div class=\"uagb-container-inner-blocks-wrap\"><div class=\"yoast-breadcrumbs\"><span><span><a href=\"https:\/\/v2charge.com\/es\/\">V2C<\/a><\/span> \u00bb <span><a href=\"https:\/\/v2charge.com\/es\/soporte\/\">\u00c1rea de Soporte<\/a><\/span> \u00bb <span><a href=\"https:\/\/v2charge.com\/es\/soporte\/control-potencia\/\">Control de potencia<\/a><\/span> \u00bb <span><a href=\"https:\/\/v2charge.com\/es\/soporte\/control-potencia\/dinamico\/\">Din\u00e1mico<\/a><\/span> \u00bb <span><a href=\"https:\/\/v2charge.com\/es\/soporte\/control-potencia\/dinamico\/fotovoltaica\/\">Fotovoltaica<\/a><\/span> \u00bb <span class=\"breadcrumb_last\" aria-current=\"page\">Conexi\u00f3n Trydan con Victron<\/span><\/span><\/div>\n\n\n<h1 class=\"wp-block-heading\">Conexi\u00f3n Trydan con Victron<\/h1>\n\n\n\n<div class=\"wp-block-uagb-container uagb-block-6ff3315e alignfull uagb-is-root-container\"><div class=\"uagb-container-inner-blocks-wrap\">\n<div class=\"wp-block-uagb-container uagb-block-d07bdd19\">\n<p>Mediante la conexi\u00f3n de tu punto de recarga Trydan con el inversor Victron puedes conectar directamente tu punto de recarga para usar las funciones smart de control din\u00e1mico.<\/p>\n<\/div>\n\n\n\n<div class=\"wp-block-uagb-container uagb-block-56f0a249\">\n<div class=\"wp-block-uagb-image uagb-block-a6b3aa91 wp-block-uagb-image--layout-default wp-block-uagb-image--effect-static wp-block-uagb-image--align-none\"><figure class=\"wp-block-uagb-image__figure\"><img decoding=\"async\" srcset=\"https:\/\/v2charge.com\/wp-content\/uploads\/2023\/12\/inversor-victron-logo.jpg ,https:\/\/v2charge.com\/wp-content\/uploads\/2023\/12\/inversor-victron-logo.jpg 780w, https:\/\/v2charge.com\/wp-content\/uploads\/2023\/12\/inversor-victron-logo.jpg 360w\" sizes=\"auto, (max-width: 480px) 150px\" src=\"https:\/\/v2charge.com\/wp-content\/uploads\/2023\/12\/inversor-victron-logo.jpg\" alt=\"\" class=\"uag-image-129142\" width=\"250\" height=\"47\" title=\"\" loading=\"lazy\" role=\"img\"\/><\/figure><\/div>\n<\/div>\n<\/div><\/div>\n\n\n\n<div class=\"wp-block-uagb-container uagb-block-333fb119 alignfull uagb-is-root-container\"><div class=\"uagb-container-inner-blocks-wrap\">\n<div class=\"wp-block-uagb-container uagb-block-2ff110d0 default uagb-is-root-container\">\n<div class=\"wp-block-uagb-container uagb-block-cd442c87\">\n<div class=\"wp-block-uagb-image aligncenter uagb-block-4bb46c59 wp-block-uagb-image--layout-default wp-block-uagb-image--effect-static wp-block-uagb-image--align-center\"><figure class=\"wp-block-uagb-image__figure\"><img decoding=\"async\" srcset=\"https:\/\/v2charge.com\/wp-content\/uploads\/2023\/11\/icon-important.png ,https:\/\/v2charge.com\/wp-content\/uploads\/2023\/11\/icon-important.png 780w, https:\/\/v2charge.com\/wp-content\/uploads\/2023\/11\/icon-important.png 360w\" sizes=\"auto, (max-width: 480px) 150px\" src=\"https:\/\/v2charge.com\/wp-content\/uploads\/2023\/11\/icon-important.png\" alt=\"\" class=\"uag-image-125013\" width=\"50\" height=\"50\" title=\"\" loading=\"lazy\" role=\"img\"\/><\/figure><\/div>\n<\/div>\n\n\n\n<div class=\"wp-block-uagb-container uagb-block-38de7166\">\n<div class=\"wp-block-uagb-advanced-heading uagb-block-37ab01f0\"><p class=\"uagb-heading-text\">El uso de&nbsp;<strong>repetidores Wi-Fi<\/strong>&nbsp;o&nbsp;<strong>redes mesh<\/strong>&nbsp;puede afectar al correcto funcionamiento del sistema. Recomendamos utilizar una&nbsp;<strong>red Wi-Fi estable <\/strong>y<strong> directa<\/strong>&nbsp;para garantizar una conexi\u00f3n \u00f3ptima entre el cargador y el inversor.<\/p><\/div>\n<\/div>\n<\/div>\n\n\n\n<div style=\"height:5px\" aria-hidden=\"true\" class=\"wp-block-spacer\"><\/div>\n<\/div><\/div>\n\n\n\n<div class=\"wp-block-uagb-separator uagb-block-37d1f752\"><div class=\"wp-block-uagb-separator__inner\" style=\"--my-background-image:\"><\/div><\/div>\n\n\n\n<h2 class=\"wp-block-heading\">C\u00f3mo conectar el inversor al equipo<\/h2>\n\n\n\n<p>La conexi\u00f3n al equipo es muy sencilla. Para el funcionamiento tienes que tener instalado el inversor Victron Cerbo GX. En la configuraci\u00f3n de Cerbo GX debes activar el RS Modbus 485 TCP. Se puede hacer desde la pantalla o desde la IP a trav\u00e9s de un ordenador de Cerbo GX. La ip del Victron es localizable desde varios lugares (la propia pantalla, la aplicaci\u00f3n bluetooth\u2026).<\/p>\n\n\n\n<p>Selecciona el apartado configuraci\u00f3n y deja el RS485 Modbus en <em>Enabled<\/em>.<\/p>\n\n\n\n<div class=\"wp-block-uagb-buttons uagb-buttons__outer-wrap uagb-btn__medium-btn uagb-btn-tablet__default-btn uagb-btn-mobile__default-btn uagb-block-45c5baf0\"><div class=\"uagb-buttons__wrap uagb-buttons-layout-wrap \">\n<div class=\"wp-block-uagb-buttons-child uagb-buttons__outer-wrap uagb-block-9f1c2648 wp-block-button\"><div class=\"uagb-button__wrapper\"><a class=\"uagb-buttons-repeater wp-block-button__link\" aria-label=\"\" href=\"https:\/\/youtube.com\/shorts\/UY4wZ1ynKHo?si=oxo1lFP1_6NZGQdy\" rel=\"follow noopener\" target=\"_self\" role=\"button\"><div class=\"uagb-button__link\">Ver v\u00eddeo<\/div><\/a><\/div><\/div>\n<\/div><\/div>\n\n\n\n<div class=\"wp-block-uagb-image aligncenter uagb-block-5d46d4c2 wp-block-uagb-image--layout-default wp-block-uagb-image--effect-static wp-block-uagb-image--align-center\"><figure class=\"wp-block-uagb-image__figure\"><img decoding=\"async\" srcset=\"https:\/\/v2charge.com\/wp-content\/uploads\/2022\/10\/modbus-tcp-victron.png ,https:\/\/v2charge.com\/wp-content\/uploads\/2022\/10\/modbus-tcp-victron.png 780w, https:\/\/v2charge.com\/wp-content\/uploads\/2022\/10\/modbus-tcp-victron.png 360w\" sizes=\"auto, (max-width: 480px) 150px\" src=\"https:\/\/v2charge.com\/wp-content\/uploads\/2022\/10\/modbus-tcp-victron.png\" alt=\"\" class=\"uag-image-85532\" width=\"1642\" height=\"704\" title=\"\" loading=\"lazy\" role=\"img\"\/><\/figure><\/div>\n<\/div><\/div>\n\n\n\n<div class=\"wp-block-uagb-container uagb-block-1fb723ac alignfull uagb-is-root-container\"><div class=\"uagb-container-inner-blocks-wrap\">\n<div class=\"wp-block-uagb-container uagb-block-f9070278\">\n<p>En la aplicaci\u00f3n, sigue el manual para&nbsp;activar el <a href=\"https:\/\/v2charge.com\/es\/soporte\/trydan\/control-dinamico-potencia\/\">Control Din\u00e1mico de Potencia<\/a>&nbsp;y en el inversor <strong>selecciona Victron<\/strong>.<\/p>\n<\/div>\n\n\n\n<div class=\"wp-block-uagb-container uagb-block-bf7d8139\">\n<div class=\"wp-block-uagb-image aligncenter uagb-block-bfeb1bc2 wp-block-uagb-image--layout-default wp-block-uagb-image--effect-static wp-block-uagb-image--align-center\"><figure class=\"wp-block-uagb-image__figure\"><img decoding=\"async\" srcset=\"https:\/\/v2charge.com\/wp-content\/uploads\/2024\/01\/victron-inversor.jpg ,https:\/\/v2charge.com\/wp-content\/uploads\/2024\/01\/victron-inversor.jpg 780w, https:\/\/v2charge.com\/wp-content\/uploads\/2024\/01\/victron-inversor.jpg 360w\" sizes=\"auto, (max-width: 480px) 150px\" src=\"https:\/\/v2charge.com\/wp-content\/uploads\/2024\/01\/victron-inversor.jpg\" alt=\"\" class=\"uag-image-133304\" width=\"468\" height=\"800\" title=\"\" loading=\"lazy\" role=\"img\"\/><\/figure><\/div>\n<\/div>\n<\/div><\/div>\n\n\n\n<div class=\"wp-block-uagb-container uagb-block-c6f38013 alignfull uagb-is-root-container\"><div class=\"uagb-container-inner-blocks-wrap\">\n<div class=\"wp-block-uagb-advanced-heading uagb-block-6963d70c\"><h2 class=\"uagb-heading-text\"><strong>\u00bfNecesitas soporte t\u00e9cnico?<\/strong><\/h2><\/div>\n\n\n\n<div class=\"wp-block-uagb-advanced-heading uagb-block-408243eb\"><p class=\"uagb-heading-text\">Resuelve tu incidencia al instante a trav\u00e9s de nuestro Chat con IA. Si no se resuelve, genera una solicitud en el Centro de Soporte T\u00e9cnico y nos pondremos en contacto contigo lo antes posible para ofrecerte la mejor soluci\u00f3n.<\/p><\/div>\n\n\n\n<div class=\"wp-block-uagb-info-box uagb-block-12e3cf1c uagb-infobox__content-wrap  uagb-infobox-icon-left uagb-infobox-left uagb-infobox-image-valign-top wp-block-uagb-info-box--has-margin ai-chatbot-button\"><div class=\"uagb-infobox-margin-wrapper\"><div class=\"uagb-ifb-image-content\"><img decoding=\"async\" src=\"https:\/\/v2charge.com\/wp-content\/uploads\/2026\/01\/support-ai-chatbot.png\" alt=\"\" width=\"20\" height=\"19\" loading=\"lazy\"\/><\/div><div class=\"uagb-ifb-content\"><div class=\"uagb-ifb-title-wrap\"><\/div><div class=\"uagb-ifb-button-wrapper wp-block-button\"><a href=\"https:\/\/v2charge.com\/v2c-support-web\/\" class=\"uagb-infobox-cta-link wp-block-button__link\" target=\"_blank\" rel=\"noopener noreferrer\" onclick=\"return true;\"><span class=\"uagb-inline-editing\">Pregunta a nuestro Chat con IA<\/span><\/a><\/div><\/div><\/div><\/div>\n\n\n\n<div class=\"wp-block-uagb-buttons uagb-buttons__outer-wrap uagb-btn__default-btn uagb-btn-tablet__default-btn uagb-btn-mobile__default-btn uagb-block-ba1e67d1\"><div class=\"uagb-buttons__wrap uagb-buttons-layout-wrap \">\n<div class=\"wp-block-uagb-buttons-child uagb-buttons__outer-wrap uagb-block-23cfb623 wp-block-button\"><div class=\"uagb-button__wrapper\"><a class=\"uagb-buttons-repeater wp-block-button__link\" aria-label=\"\" href=\"https:\/\/v2charge.atlassian.net\/servicedesk\/customer\/portal\/3\" rel=\"follow noopener\" target=\"_blank\" role=\"button\"><div class=\"uagb-button__link\">Contacta con Soporte T\u00e9cnico<\/div><\/a><\/div><\/div>\n<\/div><\/div>\n<\/div><\/div>\n","protected":false},"excerpt":{"rendered":"<p>Conexi\u00f3n Trydan con Victron Mediante la conexi\u00f3n de tu punto de recarga Trydan con el inversor Victron puedes conectar directamente tu punto de recarga para usar las funciones smart de control din\u00e1mico. El uso de&nbsp;repetidores Wi-Fi&nbsp;o&nbsp;redes mesh&nbsp;puede afectar al correcto funcionamiento del sistema. Recomendamos utilizar una&nbsp;red Wi-Fi estable y directa&nbsp;para garantizar una conexi\u00f3n \u00f3ptima entre &#8230; <a title=\"Conexi\u00f3n Trydan con Victron\" class=\"read-more\" href=\"https:\/\/v2charge.com\/es\/soporte\/control-potencia\/dinamico\/fotovoltaica\/inversor-victron\/\" aria-label=\"Leer m\u00e1s sobre Conexi\u00f3n Trydan con Victron\">Leer m\u00e1s<\/a><\/p>\n","protected":false},"author":1,"featured_media":170354,"parent":128089,"menu_order":0,"comment_status":"closed","ping_status":"closed","template":"","meta":{"_eb_attr":"","content-type":"","_uag_custom_page_level_css":"","footnotes":""},"class_list":["post-85526","page","type-page","status-publish","has-post-thumbnail"],"yoast_head":"<!-- This site is optimized with the Yoast SEO plugin v25.3.1 - https:\/\/yoast.com\/wordpress\/plugins\/seo\/ -->\n<title>Conecte Trydan al inversor Victron [Paso a Paso] | V2C Soporte<\/title>\n<meta name=\"description\" content=\"Conecta el inversor Victron a Trydan y utiliza las funciones smart de control din\u00e1micol. Te explicamos c\u00f3mo hacerlo. \u2714\" \/>\n<meta name=\"robots\" content=\"index, follow, max-snippet:-1, max-image-preview:large, max-video-preview:-1\" \/>\n<link rel=\"canonical\" href=\"https:\/\/v2charge.com\/es\/soporte\/control-potencia\/dinamico\/fotovoltaica\/inversor-victron\/\" \/>\n<meta property=\"og:locale\" content=\"es_ES\" \/>\n<meta property=\"og:type\" content=\"article\" \/>\n<meta property=\"og:title\" content=\"Conecte Trydan al inversor Victron [Paso a Paso] | V2C Soporte\" \/>\n<meta property=\"og:description\" content=\"Conecta el inversor Victron a Trydan y utiliza las funciones smart de control din\u00e1micol. Te explicamos c\u00f3mo hacerlo. \u2714\" \/>\n<meta property=\"og:url\" content=\"https:\/\/v2charge.com\/es\/soporte\/control-potencia\/dinamico\/fotovoltaica\/inversor-victron\/\" \/>\n<meta property=\"og:site_name\" content=\"V2C\" \/>\n<meta property=\"article:publisher\" content=\"https:\/\/www.facebook.com\/V2C.Charge\" \/>\n<meta property=\"article:modified_time\" content=\"2026-01-09T15:25:05+00:00\" \/>\n<meta property=\"og:image\" content=\"https:\/\/v2charge.com\/wp-content\/uploads\/2024\/07\/v2c-electric-chargers.jpg\" \/>\n\t<meta property=\"og:image:width\" content=\"1200\" \/>\n\t<meta property=\"og:image:height\" content=\"675\" \/>\n\t<meta property=\"og:image:type\" content=\"image\/jpeg\" \/>\n<meta name=\"twitter:card\" content=\"summary_large_image\" \/>\n<meta name=\"twitter:site\" content=\"@V2C_Charge\" \/>\n<meta name=\"twitter:label1\" content=\"Tiempo de lectura\" \/>\n\t<meta name=\"twitter:data1\" content=\"3 minutos\" \/>\n<script type=\"application\/ld+json\" class=\"yoast-schema-graph\">{\"@context\":\"https:\/\/schema.org\",\"@graph\":[{\"@type\":\"WebPage\",\"@id\":\"https:\/\/v2charge.com\/es\/soporte\/control-potencia\/dinamico\/fotovoltaica\/inversor-victron\/\",\"url\":\"https:\/\/v2charge.com\/es\/soporte\/control-potencia\/dinamico\/fotovoltaica\/inversor-victron\/\",\"name\":\"Conecte Trydan al inversor Victron [Paso a Paso] | V2C Soporte\",\"isPartOf\":{\"@id\":\"https:\/\/v2charge.com\/es\/#website\"},\"primaryImageOfPage\":{\"@id\":\"https:\/\/v2charge.com\/es\/soporte\/control-potencia\/dinamico\/fotovoltaica\/inversor-victron\/#primaryimage\"},\"image\":{\"@id\":\"https:\/\/v2charge.com\/es\/soporte\/control-potencia\/dinamico\/fotovoltaica\/inversor-victron\/#primaryimage\"},\"thumbnailUrl\":\"https:\/\/v2charge.com\/wp-content\/uploads\/2024\/07\/v2c-electric-chargers.jpg\",\"datePublished\":\"2022-10-11T16:50:05+00:00\",\"dateModified\":\"2026-01-09T15:25:05+00:00\",\"description\":\"Conecta el inversor Victron a Trydan y utiliza las funciones smart de control din\u00e1micol. Te explicamos c\u00f3mo hacerlo. \u2714\",\"breadcrumb\":{\"@id\":\"https:\/\/v2charge.com\/es\/soporte\/control-potencia\/dinamico\/fotovoltaica\/inversor-victron\/#breadcrumb\"},\"inLanguage\":\"es\",\"potentialAction\":[{\"@type\":\"ReadAction\",\"target\":[\"https:\/\/v2charge.com\/es\/soporte\/control-potencia\/dinamico\/fotovoltaica\/inversor-victron\/\"]}]},{\"@type\":\"ImageObject\",\"inLanguage\":\"es\",\"@id\":\"https:\/\/v2charge.com\/es\/soporte\/control-potencia\/dinamico\/fotovoltaica\/inversor-victron\/#primaryimage\",\"url\":\"https:\/\/v2charge.com\/wp-content\/uploads\/2024\/07\/v2c-electric-chargers.jpg\",\"contentUrl\":\"https:\/\/v2charge.com\/wp-content\/uploads\/2024\/07\/v2c-electric-chargers.jpg\",\"width\":1200,\"height\":675,\"caption\":\"V2C Electric Chargers\"},{\"@type\":\"BreadcrumbList\",\"@id\":\"https:\/\/v2charge.com\/es\/soporte\/control-potencia\/dinamico\/fotovoltaica\/inversor-victron\/#breadcrumb\",\"itemListElement\":[{\"@type\":\"ListItem\",\"position\":1,\"name\":\"V2C\",\"item\":\"https:\/\/v2charge.com\/es\/\"},{\"@type\":\"ListItem\",\"position\":2,\"name\":\"\u00c1rea de Soporte\",\"item\":\"https:\/\/v2charge.com\/es\/soporte\/\"},{\"@type\":\"ListItem\",\"position\":3,\"name\":\"Control de potencia\",\"item\":\"https:\/\/v2charge.com\/es\/soporte\/control-potencia\/\"},{\"@type\":\"ListItem\",\"position\":4,\"name\":\"Din\u00e1mico\",\"item\":\"https:\/\/v2charge.com\/es\/soporte\/control-potencia\/dinamico\/\"},{\"@type\":\"ListItem\",\"position\":5,\"name\":\"Fotovoltaica\",\"item\":\"https:\/\/v2charge.com\/es\/soporte\/control-potencia\/dinamico\/fotovoltaica\/\"},{\"@type\":\"ListItem\",\"position\":6,\"name\":\"Conexi\u00f3n Trydan con Victron\"}]},{\"@type\":\"WebSite\",\"@id\":\"https:\/\/v2charge.com\/es\/#website\",\"url\":\"https:\/\/v2charge.com\/es\/\",\"name\":\"V2C\",\"description\":\"#CargandoElMa\u00f1ana\",\"publisher\":{\"@id\":\"https:\/\/v2charge.com\/es\/#organization\"},\"potentialAction\":[{\"@type\":\"SearchAction\",\"target\":{\"@type\":\"EntryPoint\",\"urlTemplate\":\"https:\/\/v2charge.com\/es\/?s={search_term_string}\"},\"query-input\":{\"@type\":\"PropertyValueSpecification\",\"valueRequired\":true,\"valueName\":\"search_term_string\"}}],\"inLanguage\":\"es\"},{\"@type\":\"Organization\",\"@id\":\"https:\/\/v2charge.com\/es\/#organization\",\"name\":\"V2C\",\"url\":\"https:\/\/v2charge.com\/es\/\",\"logo\":{\"@type\":\"ImageObject\",\"inLanguage\":\"es\",\"@id\":\"https:\/\/v2charge.com\/es\/#\/schema\/logo\/image\/\",\"url\":\"https:\/\/v2charge.com\/wp-content\/uploads\/2024\/11\/cropped-v2c-charge-logo-menu.png\",\"contentUrl\":\"https:\/\/v2charge.com\/wp-content\/uploads\/2024\/11\/cropped-v2c-charge-logo-menu.png\",\"width\":984,\"height\":431,\"caption\":\"V2C\"},\"image\":{\"@id\":\"https:\/\/v2charge.com\/es\/#\/schema\/logo\/image\/\"},\"sameAs\":[\"https:\/\/www.facebook.com\/V2C.Charge\",\"https:\/\/x.com\/V2C_Charge\",\"https:\/\/www.instagram.com\/v2c.charge\/\",\"https:\/\/www.youtube.com\/@V2C\",\"https:\/\/www.linkedin.com\/company\/v2c-chargers\/\"]}]}<\/script>\n<!-- \/ Yoast SEO plugin. -->","yoast_head_json":{"title":"Conecte Trydan al inversor Victron [Paso a Paso] | V2C Soporte","description":"Conecta el inversor Victron a Trydan y utiliza las funciones smart de control din\u00e1micol. Te explicamos c\u00f3mo hacerlo. \u2714","robots":{"index":"index","follow":"follow","max-snippet":"max-snippet:-1","max-image-preview":"max-image-preview:large","max-video-preview":"max-video-preview:-1"},"canonical":"https:\/\/v2charge.com\/es\/soporte\/control-potencia\/dinamico\/fotovoltaica\/inversor-victron\/","og_locale":"es_ES","og_type":"article","og_title":"Conecte Trydan al inversor Victron [Paso a Paso] | V2C Soporte","og_description":"Conecta el inversor Victron a Trydan y utiliza las funciones smart de control din\u00e1micol. Te explicamos c\u00f3mo hacerlo. \u2714","og_url":"https:\/\/v2charge.com\/es\/soporte\/control-potencia\/dinamico\/fotovoltaica\/inversor-victron\/","og_site_name":"V2C","article_publisher":"https:\/\/www.facebook.com\/V2C.Charge","article_modified_time":"2026-01-09T15:25:05+00:00","og_image":[{"width":1200,"height":675,"url":"https:\/\/v2charge.com\/wp-content\/uploads\/2024\/07\/v2c-electric-chargers.jpg","type":"image\/jpeg"}],"twitter_card":"summary_large_image","twitter_site":"@V2C_Charge","twitter_misc":{"Tiempo de lectura":"3 minutos"},"schema":{"@context":"https:\/\/schema.org","@graph":[{"@type":"WebPage","@id":"https:\/\/v2charge.com\/es\/soporte\/control-potencia\/dinamico\/fotovoltaica\/inversor-victron\/","url":"https:\/\/v2charge.com\/es\/soporte\/control-potencia\/dinamico\/fotovoltaica\/inversor-victron\/","name":"Conecte Trydan al inversor Victron [Paso a Paso] | V2C Soporte","isPartOf":{"@id":"https:\/\/v2charge.com\/es\/#website"},"primaryImageOfPage":{"@id":"https:\/\/v2charge.com\/es\/soporte\/control-potencia\/dinamico\/fotovoltaica\/inversor-victron\/#primaryimage"},"image":{"@id":"https:\/\/v2charge.com\/es\/soporte\/control-potencia\/dinamico\/fotovoltaica\/inversor-victron\/#primaryimage"},"thumbnailUrl":"https:\/\/v2charge.com\/wp-content\/uploads\/2024\/07\/v2c-electric-chargers.jpg","datePublished":"2022-10-11T16:50:05+00:00","dateModified":"2026-01-09T15:25:05+00:00","description":"Conecta el inversor Victron a Trydan y utiliza las funciones smart de control din\u00e1micol. Te explicamos c\u00f3mo hacerlo. \u2714","breadcrumb":{"@id":"https:\/\/v2charge.com\/es\/soporte\/control-potencia\/dinamico\/fotovoltaica\/inversor-victron\/#breadcrumb"},"inLanguage":"es","potentialAction":[{"@type":"ReadAction","target":["https:\/\/v2charge.com\/es\/soporte\/control-potencia\/dinamico\/fotovoltaica\/inversor-victron\/"]}]},{"@type":"ImageObject","inLanguage":"es","@id":"https:\/\/v2charge.com\/es\/soporte\/control-potencia\/dinamico\/fotovoltaica\/inversor-victron\/#primaryimage","url":"https:\/\/v2charge.com\/wp-content\/uploads\/2024\/07\/v2c-electric-chargers.jpg","contentUrl":"https:\/\/v2charge.com\/wp-content\/uploads\/2024\/07\/v2c-electric-chargers.jpg","width":1200,"height":675,"caption":"V2C Electric Chargers"},{"@type":"BreadcrumbList","@id":"https:\/\/v2charge.com\/es\/soporte\/control-potencia\/dinamico\/fotovoltaica\/inversor-victron\/#breadcrumb","itemListElement":[{"@type":"ListItem","position":1,"name":"V2C","item":"https:\/\/v2charge.com\/es\/"},{"@type":"ListItem","position":2,"name":"\u00c1rea de Soporte","item":"https:\/\/v2charge.com\/es\/soporte\/"},{"@type":"ListItem","position":3,"name":"Control de potencia","item":"https:\/\/v2charge.com\/es\/soporte\/control-potencia\/"},{"@type":"ListItem","position":4,"name":"Din\u00e1mico","item":"https:\/\/v2charge.com\/es\/soporte\/control-potencia\/dinamico\/"},{"@type":"ListItem","position":5,"name":"Fotovoltaica","item":"https:\/\/v2charge.com\/es\/soporte\/control-potencia\/dinamico\/fotovoltaica\/"},{"@type":"ListItem","position":6,"name":"Conexi\u00f3n Trydan con Victron"}]},{"@type":"WebSite","@id":"https:\/\/v2charge.com\/es\/#website","url":"https:\/\/v2charge.com\/es\/","name":"V2C","description":"#CargandoElMa\u00f1ana","publisher":{"@id":"https:\/\/v2charge.com\/es\/#organization"},"potentialAction":[{"@type":"SearchAction","target":{"@type":"EntryPoint","urlTemplate":"https:\/\/v2charge.com\/es\/?s={search_term_string}"},"query-input":{"@type":"PropertyValueSpecification","valueRequired":true,"valueName":"search_term_string"}}],"inLanguage":"es"},{"@type":"Organization","@id":"https:\/\/v2charge.com\/es\/#organization","name":"V2C","url":"https:\/\/v2charge.com\/es\/","logo":{"@type":"ImageObject","inLanguage":"es","@id":"https:\/\/v2charge.com\/es\/#\/schema\/logo\/image\/","url":"https:\/\/v2charge.com\/wp-content\/uploads\/2024\/11\/cropped-v2c-charge-logo-menu.png","contentUrl":"https:\/\/v2charge.com\/wp-content\/uploads\/2024\/11\/cropped-v2c-charge-logo-menu.png","width":984,"height":431,"caption":"V2C"},"image":{"@id":"https:\/\/v2charge.com\/es\/#\/schema\/logo\/image\/"},"sameAs":["https:\/\/www.facebook.com\/V2C.Charge","https:\/\/x.com\/V2C_Charge","https:\/\/www.instagram.com\/v2c.charge\/","https:\/\/www.youtube.com\/@V2C","https:\/\/www.linkedin.com\/company\/v2c-chargers\/"]}]}},"uagb_featured_image_src":{"full":["https:\/\/v2charge.com\/wp-content\/uploads\/2024\/07\/v2c-electric-chargers.jpg",1200,675,false],"thumbnail":["https:\/\/v2charge.com\/wp-content\/uploads\/2024\/07\/v2c-electric-chargers-150x150.jpg",150,150,true],"medium":["https:\/\/v2charge.com\/wp-content\/uploads\/2024\/07\/v2c-electric-chargers-300x169.jpg",300,169,true],"medium_large":["https:\/\/v2charge.com\/wp-content\/uploads\/2024\/07\/v2c-electric-chargers-768x432.jpg",768,432,true],"large":["https:\/\/v2charge.com\/wp-content\/uploads\/2024\/07\/v2c-electric-chargers-1024x576.jpg",1024,576,true],"gs-tiny":["https:\/\/v2charge.com\/wp-content\/uploads\/2024\/07\/v2c-electric-chargers.jpg",50,28,false],"xl":["https:\/\/v2charge.com\/wp-content\/uploads\/2024\/07\/v2c-electric-chargers.jpg",1200,675,false],"xxl":["https:\/\/v2charge.com\/wp-content\/uploads\/2024\/07\/v2c-electric-chargers.jpg",1200,675,false],"xxxl":["https:\/\/v2charge.com\/wp-content\/uploads\/2024\/07\/v2c-electric-chargers.jpg",1200,675,false],"xxxxl":["https:\/\/v2charge.com\/wp-content\/uploads\/2024\/07\/v2c-electric-chargers.jpg",1200,675,false],"xxxxxl":["https:\/\/v2charge.com\/wp-content\/uploads\/2024\/07\/v2c-electric-chargers.jpg",1200,675,false],"1536x1536":["https:\/\/v2charge.com\/wp-content\/uploads\/2024\/07\/v2c-electric-chargers.jpg",1200,675,false],"2048x2048":["https:\/\/v2charge.com\/wp-content\/uploads\/2024\/07\/v2c-electric-chargers.jpg",1200,675,false]},"uagb_author_info":{"display_name":"V2C","author_link":"https:\/\/v2charge.com\/es\/author\/root_k4eu7ki8\/"},"uagb_comment_info":0,"uagb_excerpt":"Conexi\u00f3n Trydan con Victron Mediante la conexi\u00f3n de tu punto de recarga Trydan con el inversor Victron puedes conectar directamente tu punto de recarga para usar las funciones smart de control din\u00e1mico. El uso de&nbsp;repetidores Wi-Fi&nbsp;o&nbsp;redes mesh&nbsp;puede afectar al correcto funcionamiento del sistema. Recomendamos utilizar una&nbsp;red Wi-Fi estable y directa&nbsp;para garantizar una conexi\u00f3n \u00f3ptima entre&hellip;","_links":{"self":[{"href":"https:\/\/v2charge.com\/es\/wp-json\/wp\/v2\/pages\/85526","targetHints":{"allow":["GET"]}}],"collection":[{"href":"https:\/\/v2charge.com\/es\/wp-json\/wp\/v2\/pages"}],"about":[{"href":"https:\/\/v2charge.com\/es\/wp-json\/wp\/v2\/types\/page"}],"author":[{"embeddable":true,"href":"https:\/\/v2charge.com\/es\/wp-json\/wp\/v2\/users\/1"}],"replies":[{"embeddable":true,"href":"https:\/\/v2charge.com\/es\/wp-json\/wp\/v2\/comments?post=85526"}],"version-history":[{"count":5,"href":"https:\/\/v2charge.com\/es\/wp-json\/wp\/v2\/pages\/85526\/revisions"}],"predecessor-version":[{"id":294912,"href":"https:\/\/v2charge.com\/es\/wp-json\/wp\/v2\/pages\/85526\/revisions\/294912"}],"up":[{"embeddable":true,"href":"https:\/\/v2charge.com\/es\/wp-json\/wp\/v2\/pages\/128089"}],"wp:featuredmedia":[{"embeddable":true,"href":"https:\/\/v2charge.com\/es\/wp-json\/wp\/v2\/media\/170354"}],"wp:attachment":[{"href":"https:\/\/v2charge.com\/es\/wp-json\/wp\/v2\/media?parent=85526"}],"curies":[{"name":"wp","href":"https:\/\/api.w.org\/{rel}","templated":true}]}}