{"id":9063,"date":"2018-05-31T15:46:08","date_gmt":"2018-05-31T15:46:08","guid":{"rendered":"https:\/\/www.wallboxok.com\/?page_id=9063"},"modified":"2023-07-14T08:11:48","modified_gmt":"2023-07-14T08:11:48","slug":"aviso-legal-y-politica-de-privacidad","status":"publish","type":"page","link":"https:\/\/v2charge.com\/es\/aviso-legal-y-politica-de-privacidad\/","title":{"rendered":"Aviso legal y pol\u00edtica de privacidad"},"content":{"rendered":"<p><strong>Pol\u00edtica de privacidad, Uso de cookies y m\u00e1s informaci\u00f3n<\/strong><\/p>\n<p>Pol\u00edtica de Privacidad de V2Charge (V2C). Este sitio web es titularidad de NEGOCIOS INTELIGENTES 7EXPERIENCE S.L. (en adelante \u201cV2C\u201d), con domicilio en Avenida Cam\u00ed Nou 268 Xirivella (Valencia), provista de CIF N\u00ba B98496706.<br \/>\nEn cumplimiento de la Ley 15\/99 de 13 de diciembre de protecci\u00f3n de datos te informamos que todos tus datos forman parte de un fichero titularidad de NEGOCIOS INTELIGENTES 7 EXPERIENCE S.L. con la finalidad de resolver cualquier consulta que nos plantee, gestionar la relaci\u00f3n comercial y remitirle novedades sobre los productos y servicios de la Compa\u00f1\u00eda por cualquier medio incluido el electr\u00f3nico.<\/p>\n<p>No almacenamos datos de tarjeta de cr\u00e9dito ni compartimos los datos personales de los usuarios con terceros. No vendemos, alquilamos o cedemos datos de car\u00e1cter personal que puedan identificarte, ni lo haremos en el futuro, a terceros sin tu consentimiento. Sin embargo, en algunos casos podemos utilizar proveedores, colaboradores o agencias para procesar tu informaci\u00f3n personal en nuestro nombre, siempre siguiendo nuestras instrucciones y exigiendo el cumplimiento de los m\u00e1s estrictos est\u00e1ndares de seguridad.<\/p>\n<p>Si en el futuro lanzamos nuevos negocios que dependan de nuestra compa\u00f1\u00eda (NEGOCIOS INTELIGENTES 7EXPERIENCE S.L.) o de otras compa\u00f1\u00edas participadas por \u00e9sta y que est\u00e9n relacionados con los productos y servicios proporcionados por V2C, utilizaremos tus datos personales para comunicarte su lanzamiento y para facilitarte el uso o contrataci\u00f3n de los mismos. En ese caso, te lo indicaremos con antelaci\u00f3n para que puedas, en su caso, cancelar tus datos en dichos servicios.<\/p>\n<p>Cuando te des de alta o contactes con nosotros a trav\u00e9s de nuestro sitio web, recogeremos dos tipos de informaci\u00f3n:1) Informaci\u00f3n personal como tu nombre, direcci\u00f3n, n\u00famero de tel\u00e9fono y direcci\u00f3n de correo electr\u00f3nico que nos facilites voluntariamente. 2) La direcci\u00f3n IP de tu ordenador y la informaci\u00f3n an\u00f3nima recogida por las cookies cuando navegues por nuestro sitio web para ayudarnos a entender c\u00f3mo mejorar nuestro sitio web y servicios. Si quieres saber m\u00e1s sobre c\u00f3mo utilizamos nuestras cookies, por favor, visita el sitio web \/es\/Legal\/Cookies\u00bb.<\/p>\n<p><strong>Tus derechos<\/strong><\/p>\n<p>La normativa de protecci\u00f3n de datos exige, entre otras cosas, que tus datos personales sean tratados de manera leal, apropiada, exacta y de forma no excesiva. Los datos de car\u00e1cter personal deber\u00e1n mantenerse actualizados y conservarse durante un per\u00edodo de tiempo que no sea m\u00e1s largo de lo necesario. Asimismo, deben ser mantenidos de forma segura para evitar un acceso no autorizado por otras personas y tienes el derecho de conocer qu\u00e9 informaci\u00f3n tenemos sobre ti y de corregir los datos incorrectos. En cualquier momento puedes ejercer tus derechos de acceso, rectificaci\u00f3n, oposici\u00f3n o cancelaci\u00f3n remitiendo tu solicitud info@v2charge.com o a trav\u00e9s de correo postal a NEGOCIOS INTELIGENTES 7EXPERIENCE S.L., Avenida Cam\u00ed Nou 268 Xirivella 46950, adjuntando una copia de tu Documento Nacional de Identidad (DNI) o documentaci\u00f3n equivalente.\u00bb<\/p>\n<p><strong>Cookies<\/strong><\/p>\n<p>En ocasiones utilizamos una funcionalidad de tu navegador de Internet denominada \u201ccookie\u201d en el sitio web de V2C. Una \u201ccookie\u201d es un archivo de texto muy peque\u00f1o que tu navegador coloca en el disco duro de tu ordenador, que nos permite sacar el m\u00e1ximo partido de tu visita a nuestra p\u00e1gina web y mejorar la experiencia de usuario. Una \u201ccookie\u201d puede ser considerada como una tarjeta de identificaci\u00f3n que le comunica a un sitio web cuando has regresado.<\/p>\n<p>V2C trata toda la informaci\u00f3n con el m\u00e1ximo cuidado y seguridad. En ning\u00fan momento almacenamos o trataremos tus datos bancarios o de tarjeta de cr\u00e9dito, sino que esta informaci\u00f3n ser\u00e1 directamente gestionada por nuestros proveedores de medios de pago, que cumplen con todos los requisitos de seguridad y legales m\u00e1s extendidos. Por favor, recuerda que s\u00f3lo contactaremos contigo para pedirte confirmaci\u00f3n sobre detalles de tu cuenta cuando tu tarjeta sea rechazada en el momento del pago. Cuando contactemos contigo nunca te pediremos tu contrase\u00f1a ni tu PIN de tarjeta. Te aconsejamos que nunca introduzcas tu n\u00famero de cuenta o tu contrase\u00f1a en un e-mail o despu\u00e9s de hacer click en un enlace proveniente de un e-mail.<\/p>\n<p><strong>Modificaci\u00f3n de la pol\u00edtica de privacidad<\/strong><\/p>\n<p>La actualizaci\u00f3n y modificaci\u00f3n de esta pol\u00edtica de privacidad se regir\u00e1 por las normas previstas en las condiciones de uso para la actualizaci\u00f3n y modificaci\u00f3n de las mismas.<\/p>\n","protected":false},"excerpt":{"rendered":"<p>Pol\u00edtica de privacidad, Uso de cookies y m\u00e1s informaci\u00f3n Pol\u00edtica de Privacidad de V2Charge (V2C). Este sitio web es titularidad de NEGOCIOS INTELIGENTES 7EXPERIENCE S.L. (en adelante \u201cV2C\u201d), con domicilio en Avenida Cam\u00ed Nou 268 Xirivella (Valencia), provista de CIF N\u00ba B98496706. En cumplimiento de la Ley 15\/99 de 13 de diciembre de protecci\u00f3n de &#8230; <a title=\"Aviso legal y pol\u00edtica de privacidad\" class=\"read-more\" href=\"https:\/\/v2charge.com\/es\/aviso-legal-y-politica-de-privacidad\/\" aria-label=\"Leer m\u00e1s sobre Aviso legal y pol\u00edtica de privacidad\">Leer m\u00e1s<\/a><\/p>\n","protected":false},"author":1,"featured_media":170354,"parent":0,"menu_order":0,"comment_status":"closed","ping_status":"closed","template":"","meta":{"_eb_attr":"","content-type":"","_uag_custom_page_level_css":"","footnotes":""},"class_list":["post-9063","page","type-page","status-publish","has-post-thumbnail"],"yoast_head":"<!-- This site is optimized with the Yoast SEO plugin v25.3.1 - https:\/\/yoast.com\/wordpress\/plugins\/seo\/ -->\n<title>Aviso legal y pol\u00edtica de privacidad - V2C Puntos de Recarga<\/title>\n<meta name=\"robots\" content=\"noindex, follow\" \/>\n<meta property=\"og:locale\" content=\"es_ES\" \/>\n<meta property=\"og:type\" content=\"article\" \/>\n<meta property=\"og:title\" content=\"Aviso legal y pol\u00edtica de privacidad - V2C Puntos de Recarga\" \/>\n<meta property=\"og:description\" content=\"Pol\u00edtica de privacidad, Uso de cookies y m\u00e1s informaci\u00f3n Pol\u00edtica de Privacidad de V2Charge (V2C). Este sitio web es titularidad de NEGOCIOS INTELIGENTES 7EXPERIENCE S.L. (en adelante \u201cV2C\u201d), con domicilio en Avenida Cam\u00ed Nou 268 Xirivella (Valencia), provista de CIF N\u00ba B98496706. En cumplimiento de la Ley 15\/99 de 13 de diciembre de protecci\u00f3n de ... Leer m\u00e1s\" \/>\n<meta property=\"og:url\" content=\"https:\/\/v2charge.com\/es\/aviso-legal-y-politica-de-privacidad\/\" \/>\n<meta property=\"og:site_name\" content=\"V2C\" \/>\n<meta property=\"article:publisher\" content=\"https:\/\/www.facebook.com\/V2C.Charge\" \/>\n<meta property=\"article:modified_time\" content=\"2023-07-14T08:11:48+00:00\" \/>\n<meta property=\"og:image\" content=\"https:\/\/v2charge.com\/wp-content\/uploads\/2024\/07\/v2c-electric-chargers.jpg\" \/>\n\t<meta property=\"og:image:width\" content=\"1200\" \/>\n\t<meta property=\"og:image:height\" content=\"675\" \/>\n\t<meta property=\"og:image:type\" content=\"image\/jpeg\" \/>\n<meta name=\"twitter:card\" content=\"summary_large_image\" \/>\n<meta name=\"twitter:site\" content=\"@V2C_Charge\" \/>\n<meta name=\"twitter:label1\" content=\"Tiempo de lectura\" \/>\n\t<meta name=\"twitter:data1\" content=\"4 minutos\" \/>\n<script type=\"application\/ld+json\" class=\"yoast-schema-graph\">{\"@context\":\"https:\/\/schema.org\",\"@graph\":[{\"@type\":\"WebPage\",\"@id\":\"https:\/\/v2charge.com\/es\/aviso-legal-y-politica-de-privacidad\/\",\"url\":\"https:\/\/v2charge.com\/es\/aviso-legal-y-politica-de-privacidad\/\",\"name\":\"Aviso legal y pol\u00edtica de privacidad - V2C Puntos de Recarga\",\"isPartOf\":{\"@id\":\"https:\/\/v2charge.com\/es\/#website\"},\"primaryImageOfPage\":{\"@id\":\"https:\/\/v2charge.com\/es\/aviso-legal-y-politica-de-privacidad\/#primaryimage\"},\"image\":{\"@id\":\"https:\/\/v2charge.com\/es\/aviso-legal-y-politica-de-privacidad\/#primaryimage\"},\"thumbnailUrl\":\"https:\/\/v2charge.com\/wp-content\/uploads\/2024\/07\/v2c-electric-chargers.jpg\",\"datePublished\":\"2018-05-31T15:46:08+00:00\",\"dateModified\":\"2023-07-14T08:11:48+00:00\",\"breadcrumb\":{\"@id\":\"https:\/\/v2charge.com\/es\/aviso-legal-y-politica-de-privacidad\/#breadcrumb\"},\"inLanguage\":\"es\",\"potentialAction\":[{\"@type\":\"ReadAction\",\"target\":[\"https:\/\/v2charge.com\/es\/aviso-legal-y-politica-de-privacidad\/\"]}]},{\"@type\":\"ImageObject\",\"inLanguage\":\"es\",\"@id\":\"https:\/\/v2charge.com\/es\/aviso-legal-y-politica-de-privacidad\/#primaryimage\",\"url\":\"https:\/\/v2charge.com\/wp-content\/uploads\/2024\/07\/v2c-electric-chargers.jpg\",\"contentUrl\":\"https:\/\/v2charge.com\/wp-content\/uploads\/2024\/07\/v2c-electric-chargers.jpg\",\"width\":1200,\"height\":675,\"caption\":\"V2C Electric Chargers\"},{\"@type\":\"BreadcrumbList\",\"@id\":\"https:\/\/v2charge.com\/es\/aviso-legal-y-politica-de-privacidad\/#breadcrumb\",\"itemListElement\":[{\"@type\":\"ListItem\",\"position\":1,\"name\":\"V2C\",\"item\":\"https:\/\/v2charge.com\/es\/\"},{\"@type\":\"ListItem\",\"position\":2,\"name\":\"Aviso legal y pol\u00edtica de privacidad\"}]},{\"@type\":\"WebSite\",\"@id\":\"https:\/\/v2charge.com\/es\/#website\",\"url\":\"https:\/\/v2charge.com\/es\/\",\"name\":\"V2C\",\"description\":\"#CargandoElMa\u00f1ana\",\"publisher\":{\"@id\":\"https:\/\/v2charge.com\/es\/#organization\"},\"potentialAction\":[{\"@type\":\"SearchAction\",\"target\":{\"@type\":\"EntryPoint\",\"urlTemplate\":\"https:\/\/v2charge.com\/es\/?s={search_term_string}\"},\"query-input\":{\"@type\":\"PropertyValueSpecification\",\"valueRequired\":true,\"valueName\":\"search_term_string\"}}],\"inLanguage\":\"es\"},{\"@type\":\"Organization\",\"@id\":\"https:\/\/v2charge.com\/es\/#organization\",\"name\":\"V2C\",\"url\":\"https:\/\/v2charge.com\/es\/\",\"logo\":{\"@type\":\"ImageObject\",\"inLanguage\":\"es\",\"@id\":\"https:\/\/v2charge.com\/es\/#\/schema\/logo\/image\/\",\"url\":\"https:\/\/v2charge.com\/wp-content\/uploads\/2024\/11\/cropped-v2c-charge-logo-menu.png\",\"contentUrl\":\"https:\/\/v2charge.com\/wp-content\/uploads\/2024\/11\/cropped-v2c-charge-logo-menu.png\",\"width\":984,\"height\":431,\"caption\":\"V2C\"},\"image\":{\"@id\":\"https:\/\/v2charge.com\/es\/#\/schema\/logo\/image\/\"},\"sameAs\":[\"https:\/\/www.facebook.com\/V2C.Charge\",\"https:\/\/x.com\/V2C_Charge\",\"https:\/\/www.instagram.com\/v2c.charge\/\",\"https:\/\/www.youtube.com\/@V2C\",\"https:\/\/www.linkedin.com\/company\/v2c-chargers\/\"]}]}<\/script>\n<!-- \/ Yoast SEO plugin. -->","yoast_head_json":{"title":"Aviso legal y pol\u00edtica de privacidad - V2C Puntos de Recarga","robots":{"index":"noindex","follow":"follow"},"og_locale":"es_ES","og_type":"article","og_title":"Aviso legal y pol\u00edtica de privacidad - V2C Puntos de Recarga","og_description":"Pol\u00edtica de privacidad, Uso de cookies y m\u00e1s informaci\u00f3n Pol\u00edtica de Privacidad de V2Charge (V2C). Este sitio web es titularidad de NEGOCIOS INTELIGENTES 7EXPERIENCE S.L. (en adelante \u201cV2C\u201d), con domicilio en Avenida Cam\u00ed Nou 268 Xirivella (Valencia), provista de CIF N\u00ba B98496706. En cumplimiento de la Ley 15\/99 de 13 de diciembre de protecci\u00f3n de ... Leer m\u00e1s","og_url":"https:\/\/v2charge.com\/es\/aviso-legal-y-politica-de-privacidad\/","og_site_name":"V2C","article_publisher":"https:\/\/www.facebook.com\/V2C.Charge","article_modified_time":"2023-07-14T08:11:48+00:00","og_image":[{"width":1200,"height":675,"url":"https:\/\/v2charge.com\/wp-content\/uploads\/2024\/07\/v2c-electric-chargers.jpg","type":"image\/jpeg"}],"twitter_card":"summary_large_image","twitter_site":"@V2C_Charge","twitter_misc":{"Tiempo de lectura":"4 minutos"},"schema":{"@context":"https:\/\/schema.org","@graph":[{"@type":"WebPage","@id":"https:\/\/v2charge.com\/es\/aviso-legal-y-politica-de-privacidad\/","url":"https:\/\/v2charge.com\/es\/aviso-legal-y-politica-de-privacidad\/","name":"Aviso legal y pol\u00edtica de privacidad - V2C Puntos de Recarga","isPartOf":{"@id":"https:\/\/v2charge.com\/es\/#website"},"primaryImageOfPage":{"@id":"https:\/\/v2charge.com\/es\/aviso-legal-y-politica-de-privacidad\/#primaryimage"},"image":{"@id":"https:\/\/v2charge.com\/es\/aviso-legal-y-politica-de-privacidad\/#primaryimage"},"thumbnailUrl":"https:\/\/v2charge.com\/wp-content\/uploads\/2024\/07\/v2c-electric-chargers.jpg","datePublished":"2018-05-31T15:46:08+00:00","dateModified":"2023-07-14T08:11:48+00:00","breadcrumb":{"@id":"https:\/\/v2charge.com\/es\/aviso-legal-y-politica-de-privacidad\/#breadcrumb"},"inLanguage":"es","potentialAction":[{"@type":"ReadAction","target":["https:\/\/v2charge.com\/es\/aviso-legal-y-politica-de-privacidad\/"]}]},{"@type":"ImageObject","inLanguage":"es","@id":"https:\/\/v2charge.com\/es\/aviso-legal-y-politica-de-privacidad\/#primaryimage","url":"https:\/\/v2charge.com\/wp-content\/uploads\/2024\/07\/v2c-electric-chargers.jpg","contentUrl":"https:\/\/v2charge.com\/wp-content\/uploads\/2024\/07\/v2c-electric-chargers.jpg","width":1200,"height":675,"caption":"V2C Electric Chargers"},{"@type":"BreadcrumbList","@id":"https:\/\/v2charge.com\/es\/aviso-legal-y-politica-de-privacidad\/#breadcrumb","itemListElement":[{"@type":"ListItem","position":1,"name":"V2C","item":"https:\/\/v2charge.com\/es\/"},{"@type":"ListItem","position":2,"name":"Aviso legal y pol\u00edtica de privacidad"}]},{"@type":"WebSite","@id":"https:\/\/v2charge.com\/es\/#website","url":"https:\/\/v2charge.com\/es\/","name":"V2C","description":"#CargandoElMa\u00f1ana","publisher":{"@id":"https:\/\/v2charge.com\/es\/#organization"},"potentialAction":[{"@type":"SearchAction","target":{"@type":"EntryPoint","urlTemplate":"https:\/\/v2charge.com\/es\/?s={search_term_string}"},"query-input":{"@type":"PropertyValueSpecification","valueRequired":true,"valueName":"search_term_string"}}],"inLanguage":"es"},{"@type":"Organization","@id":"https:\/\/v2charge.com\/es\/#organization","name":"V2C","url":"https:\/\/v2charge.com\/es\/","logo":{"@type":"ImageObject","inLanguage":"es","@id":"https:\/\/v2charge.com\/es\/#\/schema\/logo\/image\/","url":"https:\/\/v2charge.com\/wp-content\/uploads\/2024\/11\/cropped-v2c-charge-logo-menu.png","contentUrl":"https:\/\/v2charge.com\/wp-content\/uploads\/2024\/11\/cropped-v2c-charge-logo-menu.png","width":984,"height":431,"caption":"V2C"},"image":{"@id":"https:\/\/v2charge.com\/es\/#\/schema\/logo\/image\/"},"sameAs":["https:\/\/www.facebook.com\/V2C.Charge","https:\/\/x.com\/V2C_Charge","https:\/\/www.instagram.com\/v2c.charge\/","https:\/\/www.youtube.com\/@V2C","https:\/\/www.linkedin.com\/company\/v2c-chargers\/"]}]}},"uagb_featured_image_src":{"full":["https:\/\/v2charge.com\/wp-content\/uploads\/2024\/07\/v2c-electric-chargers.jpg",1200,675,false],"thumbnail":["https:\/\/v2charge.com\/wp-content\/uploads\/2024\/07\/v2c-electric-chargers-150x150.jpg",150,150,true],"medium":["https:\/\/v2charge.com\/wp-content\/uploads\/2024\/07\/v2c-electric-chargers-300x169.jpg",300,169,true],"medium_large":["https:\/\/v2charge.com\/wp-content\/uploads\/2024\/07\/v2c-electric-chargers-768x432.jpg",768,432,true],"large":["https:\/\/v2charge.com\/wp-content\/uploads\/2024\/07\/v2c-electric-chargers-1024x576.jpg",1024,576,true],"gs-tiny":["https:\/\/v2charge.com\/wp-content\/uploads\/2024\/07\/v2c-electric-chargers.jpg",50,28,false],"xl":["https:\/\/v2charge.com\/wp-content\/uploads\/2024\/07\/v2c-electric-chargers.jpg",1200,675,false],"xxl":["https:\/\/v2charge.com\/wp-content\/uploads\/2024\/07\/v2c-electric-chargers.jpg",1200,675,false],"xxxl":["https:\/\/v2charge.com\/wp-content\/uploads\/2024\/07\/v2c-electric-chargers.jpg",1200,675,false],"xxxxl":["https:\/\/v2charge.com\/wp-content\/uploads\/2024\/07\/v2c-electric-chargers.jpg",1200,675,false],"xxxxxl":["https:\/\/v2charge.com\/wp-content\/uploads\/2024\/07\/v2c-electric-chargers.jpg",1200,675,false],"1536x1536":["https:\/\/v2charge.com\/wp-content\/uploads\/2024\/07\/v2c-electric-chargers.jpg",1200,675,false],"2048x2048":["https:\/\/v2charge.com\/wp-content\/uploads\/2024\/07\/v2c-electric-chargers.jpg",1200,675,false]},"uagb_author_info":{"display_name":"V2C","author_link":"https:\/\/v2charge.com\/es\/author\/root_k4eu7ki8\/"},"uagb_comment_info":0,"uagb_excerpt":"Pol\u00edtica de privacidad, Uso de cookies y m\u00e1s informaci\u00f3n Pol\u00edtica de Privacidad de V2Charge (V2C). Este sitio web es titularidad de NEGOCIOS INTELIGENTES 7EXPERIENCE S.L. (en adelante \u201cV2C\u201d), con domicilio en Avenida Cam\u00ed Nou 268 Xirivella (Valencia), provista de CIF N\u00ba B98496706. En cumplimiento de la Ley 15\/99 de 13 de diciembre de protecci\u00f3n de&hellip;","_links":{"self":[{"href":"https:\/\/v2charge.com\/es\/wp-json\/wp\/v2\/pages\/9063","targetHints":{"allow":["GET"]}}],"collection":[{"href":"https:\/\/v2charge.com\/es\/wp-json\/wp\/v2\/pages"}],"about":[{"href":"https:\/\/v2charge.com\/es\/wp-json\/wp\/v2\/types\/page"}],"author":[{"embeddable":true,"href":"https:\/\/v2charge.com\/es\/wp-json\/wp\/v2\/users\/1"}],"replies":[{"embeddable":true,"href":"https:\/\/v2charge.com\/es\/wp-json\/wp\/v2\/comments?post=9063"}],"version-history":[{"count":0,"href":"https:\/\/v2charge.com\/es\/wp-json\/wp\/v2\/pages\/9063\/revisions"}],"wp:featuredmedia":[{"embeddable":true,"href":"https:\/\/v2charge.com\/es\/wp-json\/wp\/v2\/media\/170354"}],"wp:attachment":[{"href":"https:\/\/v2charge.com\/es\/wp-json\/wp\/v2\/media?parent=9063"}],"curies":[{"name":"wp","href":"https:\/\/api.w.org\/{rel}","templated":true}]}}