{"id":9067,"date":"2018-06-01T09:43:28","date_gmt":"2018-06-01T09:43:28","guid":{"rendered":"https:\/\/www.wallboxok.com\/?page_id=9067"},"modified":"2023-05-24T10:41:00","modified_gmt":"2023-05-24T10:41:00","slug":"cookies-politica","status":"publish","type":"page","link":"https:\/\/v2charge.com\/es\/cookies-politica\/","title":{"rendered":"Pol\u00edtica de cookies"},"content":{"rendered":"<p>Esta p\u00e1gina web es propiedad de NEGOCIOS INTELIGENTES 7 EXPERIENCE S.L.. El hecho de acceder a esta p\u00e1gina implica el conocimiento y aceptaci\u00f3n de la pol\u00edtica de privacidad. En cumplimiento del art\u00edculo 10 de la Ley 34\/2002, de 11 de julio, de Servicios de la Sociedad de la Informaci\u00f3n y Comercio Electr\u00f3nico (LSSI) se exponen los datos identificativos.\u00bb<\/p>\n<h2>\u00bfQu\u00e9 son las cookies?<\/h2>\n<p>Una cookie es un fichero que se descarga en tu ordenador o terminal al acceder a nuestra p\u00e1gina web. Las cookies nos permiten, entre otras cosas, almacenar y recuperar informaci\u00f3n sobre los h\u00e1bitos de navegaci\u00f3n de un usuario o de su equipo y, dependiendo de la informaci\u00f3n que contengan y de la forma en que utilice su equipo, pueden utilizarse para reconocer al usuario.<\/p>\n<h2>\u00bfQu\u00e9 tipos de cookies utiliza nuestra p\u00e1gina web?<\/h2>\n<p>Cookies propias: Son aqu\u00e9llas que enviamos a tu ordenador o terminal desde nuestra p\u00e1gina web.<br \/>Cookies de tercero: Son aqu\u00e9llas que se env\u00edan a tu ordenador o terminal desde un dominio o una pagina web que no es gestionada por nosotros, sino por otra entidad que trata los datos obtenidos trav\u00e9s de las cookies.<br \/>Cookies de an\u00e1lisis: Son aqu\u00e9llas que bien tratadas por nosotros o por terceros, nos permiten cuantificar el n\u00famero de usuarios y realizar la medici\u00f3n y an\u00e1lisis estad\u00edstico de la utilizaci\u00f3n que hacen los usuarios de nuestra web. Para ello analizamos la navegaci\u00f3n en nuestra p\u00e1gina web con el fin de mejorar la oferta de productos o servicios que ofrecemos<\/p>\n<h2>Las cookies utilizadas en www.v2charge.com son:<\/h2>\n<p>Cookies estrictamente necesarias como por ejemplo, aquellas que sirven para una correcta navegaci\u00f3n y aseguran que el contenido de la p\u00e1gina web se carga eficazmente. PHPSESSID SESION \u2013 Esta cookie se usa para establecer la sesi\u00f3n del usuario que visita alguna de nuestras Web\u00b4s. Es una manera de identificar y gestionar el estado \u2013 las variables de sesi\u00f3n \u2013 para un usuario concreto, y poder mover esa informaci\u00f3n a trav\u00e9s de las p\u00e1ginas de nuestras Web\u00b4s. WordPress_test_cookie SESION \u2013 Esta cookie se usa para que el gestor de contenidos WordPress compruebe si el navegador tiene las cookies activadas. Wp-settings-{time}-`{`UID`}` \u2013 El UID situado al final del nombre de la cookie contiene el ID de usuario almacenado en la base de datos de WordPress. Se usa para almacenar el aspecto de la interfaz de administraci\u00f3n y puede ser usada para almacenar el aspecto del sitio principal. WordPress_logged_in_`{`hash`}` \u2013 Despu\u00e9s del login, WordPress activa la cookie wordpress_logged_in_`{`hash`}`, que indica cuando te has conectado y qui\u00e9n eres, siendo usado para la interfaz de WordPress. WordPress_`{`hash`}` \u2013 Esta cookie se activa durante el login y guarda los detalles de autentificaci\u00f3n. Su uso est\u00e1 limitado al \u00e1rea de administraci\u00f3n, \/wp-config\/\u00bb<\/p>\n<p>Cookies de terceros como por ejemplo, las usadas por las redes sociales, o por complementos externos de contenido como google maps. _NID, _PREF \u2013 Estas cookies de Google Maps registran el origen del usuario, as\u00ed como las keywords. HSID, SSID, APISID, SAPISID, BEAT, OTZ, BEAT, \u2013 Permiten compartir contenido en las redes sociales. __ga, __utma, __utmb, __utmc, __utmv, __utmz, _twitter_sess, external_referer, guest_id \u2013 Estas cookies son las que instala Twitter para hacer remarketing, seguimiento de usuarios y anal\u00edtica de los usuarios.<\/p>\n<p>Cookies anal\u00edticas, son cookies utilizadas por Google Analitycs para el an\u00e1lisis, investigaci\u00f3n o estad\u00edsticas con el fin de mejorar la experiencia del sitio web. Mediante el uso de estas cookies se puede mostrar informaci\u00f3n m\u00e1s relevante a los visitantes. __hstc, hubspotutk, __hssc, __hssrc, __hs_opt_out, __hs_do_not_track, __hs_testcookie, hsPagesViewedThisSession, hsfirstvisit: cookies de Hubspot, herramienta de an\u00e1litica web, Marketing online para an\u00e1lisis de uso y de medici\u00f3n de nuestra web para mejorar nuestros servicios. _utma, _utmb, _utmz, _utmc, _utmt: La finalidad principal es identificar el n\u00famero de visitas, el per\u00edodo de consultas, el buscador utilizado para acceder al sitio web, las palabras clave utilizadas, la ubicaci\u00f3n global del visitante, los contenidos visitados en el sitio web, as\u00ed como otros par\u00e1metros del tr\u00e1fico en el sitio web, siempre desde el anonimato. Google almacena esta informaci\u00f3n recogida por las cookies de manera que no se identifica a ning\u00fan usuario. _hjIncludedInSample y _hjUserId: cookies de Hotjar, herramienta de an\u00e1litica web ,para an\u00e1lisis de uso y de medici\u00f3n de nuestra web para mejorar nuestros servicios.<\/p>\n<p>Cookies anal\u00edticas, son cookies utilizadas por Google Analitycs para el an\u00e1lisis, investigaci\u00f3n o estad\u00edsticas con el fin de mejorar la experiencia del sitio web. Mediante el uso de estas cookies se puede mostrar informaci\u00f3n m\u00e1s relevante a los visitantes. __hstc, hubspotutk, __hssc, __hssrc, __hs_opt_out, __hs_do_not_track, __hs_testcookie, hsPagesViewedThisSession, hsfirstvisit: cookies de Hubspot, herramienta de an\u00e1litica web, Marketing online para an\u00e1lisis de uso y de medici\u00f3n de nuestra web para mejorar nuestros servicios. _utma, _utmb, _utmz, _utmc, _utmt: La finalidad principal es identificar el n\u00famero de visitas, el per\u00edodo de consultas, el buscador utilizado para acceder al sitio web, las palabras clave utilizadas, la ubicaci\u00f3n global del visitante, los contenidos visitados en el sitio web, as\u00ed como otros par\u00e1metros del tr\u00e1fico en el sitio web, siempre desde el anonimato. Google almacena esta informaci\u00f3n recogida por las cookies de manera que no se identifica a ning\u00fan usuario. _hjIncludedInSample y _hjUserId: cookies de Hotjar, herramienta de an\u00e1litica web ,para an\u00e1lisis de uso y de medici\u00f3n de nuestra web para mejorar nuestros servicios.<\/p>\n<p>A partir de la opci\u00f3n que tome acerca del uso de cookies en este sitio web, se le enviar\u00e1 una cookie adicional para salvaguardar su elecci\u00f3n y que no tenga que aceptar el uso de cookies cada vez que acceda a nuestra web. El objetivo de esta lista de cookies es ayudarle a reconocer las cookies almacenadas en su navegador cuando visita nuestra web o cuando ve nuestros anuncios en otros sitios. Hemos intentado incluir todas las cookies que utilizamos tanto nosotros como nuestros socios tecnol\u00f3gicos, pero tenga en cuenta que a veces podemos retrasarnos al actualizar la lista. Si observa alguna discrepancia o cree que falta alguna cookie, no dude en dec\u00edrnoslo.<\/p>\n<h2>\u00bfQu\u00e9 son las cookies?<\/h2>\n<p>Una cookie es un fichero que se descarga en tu ordenador o terminal al acceder a nuestra p\u00e1gina web. Las cookies nos permiten, entre otras cosas, almacenar y recuperar informaci\u00f3n sobre los h\u00e1bitos de navegaci\u00f3n de un usuario o de su equipo y, dependiendo de la informaci\u00f3n que contengan y de la forma en que utilice su equipo, pueden utilizarse para reconocer al usuario.<\/p>\n<h2>\u00bfQu\u00e9 tipos de cookies utiliza nuestra p\u00e1gina web?<\/h2>\n<ul>\n<li>Cookies propias: Son aqu\u00e9llas que enviamos a tu ordenador o terminal desde nuestra p\u00e1gina web.<\/li>\n<li>Cookies de tercero: Son aqu\u00e9llas que se env\u00edan a tu ordenador o terminal desde un dominio o una pagina web que no es gestionada por nosotros, sino por otra entidad que trata los datos obtenidos trav\u00e9s de las cookies.<\/li>\n<li>Cookies de an\u00e1lisis: Son aqu\u00e9llas que bien tratadas por nosotros o por terceros, nos permiten cuantificar el n\u00famero de usuarios y realizar la medici\u00f3n y an\u00e1lisis estad\u00edstico de la utilizaci\u00f3n que hacen los usuarios de nuestra web. Para ello analizamos la navegaci\u00f3n en nuestra p\u00e1gina web con el fin de mejorar la oferta de productos o servicios que ofrecemos<\/li>\n<\/ul>\n<h2>Las cookies utilizadas en www.v2charge.com son:<\/h2>\n<p>Cookies estrictamente necesarias como por ejemplo, aquellas que sirven para una correcta navegaci\u00f3n y aseguran que el contenido de la p\u00e1gina web se carga eficazmente. PHPSESSID SESION \u2013 Esta cookie se usa para establecer la sesi\u00f3n del usuario que visita alguna de nuestras Web\u00b4s. Es una manera de identificar y gestionar el estado \u2013 las variables de sesi\u00f3n \u2013 para un usuario concreto, y poder mover esa informaci\u00f3n a trav\u00e9s de las p\u00e1ginas de nuestras Web\u00b4s. WordPress_test_cookie SESION \u2013 Esta cookie se usa para que el gestor de contenidos WordPress compruebe si el navegador tiene las cookies activadas. Wp-settings-{time}-`{`UID`}` \u2013 El UID situado al final del nombre de la cookie contiene el ID de usuario almacenado en la base de datos de WordPress. Se usa para almacenar el aspecto de la interfaz de administraci\u00f3n y puede ser usada para almacenar el aspecto del sitio principal. WordPress_logged_in_`{`hash`}` \u2013 Despu\u00e9s del login, WordPress activa la cookie wordpress_logged_in_`{`hash`}`, que indica cuando te has conectado y qui\u00e9n eres, siendo usado para la interfaz de WordPress. WordPress_`{`hash`}` \u2013 Esta cookie se activa durante el login y guarda los detalles de autentificaci\u00f3n. Su uso est\u00e1 limitado al \u00e1rea de administraci\u00f3n, \/wp-config\/\u00bb<\/p>\n<p>Cookies de terceros como por ejemplo, las usadas por las redes sociales, o por complementos externos de contenido como google maps. _NID, _PREF \u2013 Estas cookies de Google Maps registran el origen del usuario, as\u00ed como las keywords. HSID, SSID, APISID, SAPISID, BEAT, OTZ, BEAT, \u2013 Permiten compartir contenido en las redes sociales. __ga, __utma, __utmb, __utmc, __utmv, __utmz, _twitter_sess, external_referer, guest_id \u2013 Estas cookies son las que instala Twitter para hacer remarketing, seguimiento de usuarios y anal\u00edtica de los usuarios.<\/p>\n<p>Cookies anal\u00edticas, son cookies utilizadas por Google Analitycs para el an\u00e1lisis, investigaci\u00f3n o estad\u00edsticas con el fin de mejorar la experiencia del sitio web. Mediante el uso de estas cookies se puede mostrar informaci\u00f3n m\u00e1s relevante a los visitantes. __hstc, hubspotutk, __hssc, __hssrc, __hs_opt_out, __hs_do_not_track, __hs_testcookie, hsPagesViewedThisSession, hsfirstvisit: cookies de Hubspot, herramienta de an\u00e1litica web, Marketing online para an\u00e1lisis de uso y de medici\u00f3n de nuestra web para mejorar nuestros servicios. _utma, _utmb, _utmz, _utmc, _utmt: La finalidad principal es identificar el n\u00famero de visitas, el per\u00edodo de consultas, el buscador utilizado para acceder al sitio web, las palabras clave utilizadas, la ubicaci\u00f3n global del visitante, los contenidos visitados en el sitio web, as\u00ed como otros par\u00e1metros del tr\u00e1fico en el sitio web, siempre desde el anonimato. Google almacena esta informaci\u00f3n recogida por las cookies de manera que no se identifica a ning\u00fan usuario. _hjIncludedInSample y _hjUserId: cookies de Hotjar, herramienta de an\u00e1litica web ,para an\u00e1lisis de uso y de medici\u00f3n de nuestra web para mejorar nuestros servicios.<\/p>\n<p>Cookies anal\u00edticas, son cookies utilizadas por Google Analitycs para el an\u00e1lisis, investigaci\u00f3n o estad\u00edsticas con el fin de mejorar la experiencia del sitio web. Mediante el uso de estas cookies se puede mostrar informaci\u00f3n m\u00e1s relevante a los visitantes. __hstc, hubspotutk, __hssc, __hssrc, __hs_opt_out, __hs_do_not_track, __hs_testcookie, hsPagesViewedThisSession, hsfirstvisit: cookies de Hubspot, herramienta de an\u00e1litica web, Marketing online para an\u00e1lisis de uso y de medici\u00f3n de nuestra web para mejorar nuestros servicios. _utma, _utmb, _utmz, _utmc, _utmt: La finalidad principal es identificar el n\u00famero de visitas, el per\u00edodo de consultas, el buscador utilizado para acceder al sitio web, las palabras clave utilizadas, la ubicaci\u00f3n global del visitante, los contenidos visitados en el sitio web, as\u00ed como otros par\u00e1metros del tr\u00e1fico en el sitio web, siempre desde el anonimato. Google almacena esta informaci\u00f3n recogida por las cookies de manera que no se identifica a ning\u00fan usuario. _hjIncludedInSample y _hjUserId: cookies de Hotjar, herramienta de an\u00e1litica web ,para an\u00e1lisis de uso y de medici\u00f3n de nuestra web para mejorar nuestros servicios.<\/p>\n<p>A partir de la opci\u00f3n que tome acerca del uso de cookies en este sitio web, se le enviar\u00e1 una cookie adicional para salvaguardar su elecci\u00f3n y que no tenga que aceptar el uso de cookies cada vez que acceda a nuestra web. El objetivo de esta lista de cookies es ayudarle a reconocer las cookies almacenadas en su navegador cuando visita nuestra web o cuando ve nuestros anuncios en otros sitios. Hemos intentado incluir todas las cookies que utilizamos tanto nosotros como nuestros socios tecnol\u00f3gicos, pero tenga en cuenta que a veces podemos retrasarnos al actualizar la lista. Si observa alguna discrepancia o cree que falta alguna cookie, no dude en dec\u00edrnoslo.<\/p>\n\n\n<div style=\"height:100px\" aria-hidden=\"true\" class=\"wp-block-spacer\"><\/div>\n","protected":false},"excerpt":{"rendered":"<p>Esta p\u00e1gina web es propiedad de NEGOCIOS INTELIGENTES 7 EXPERIENCE S.L.. El hecho de acceder a esta p\u00e1gina implica el conocimiento y aceptaci\u00f3n de la pol\u00edtica de privacidad. En cumplimiento del art\u00edculo 10 de la Ley 34\/2002, de 11 de julio, de Servicios de la Sociedad de la Informaci\u00f3n y Comercio Electr\u00f3nico (LSSI) se exponen &#8230; <a title=\"Pol\u00edtica de cookies\" class=\"read-more\" href=\"https:\/\/v2charge.com\/es\/cookies-politica\/\" aria-label=\"Leer m\u00e1s sobre Pol\u00edtica de cookies\">Leer m\u00e1s<\/a><\/p>\n","protected":false},"author":1,"featured_media":170354,"parent":0,"menu_order":0,"comment_status":"closed","ping_status":"closed","template":"","meta":{"_eb_attr":"","content-type":"","_uag_custom_page_level_css":"","footnotes":""},"class_list":["post-9067","page","type-page","status-publish","has-post-thumbnail"],"yoast_head":"<!-- This site is optimized with the Yoast SEO plugin v25.3.1 - https:\/\/yoast.com\/wordpress\/plugins\/seo\/ -->\n<title>Cookies | V2C Puntos de Recarga para Veh\u00edculos El\u00e9ctricos<\/title>\n<meta name=\"robots\" content=\"noindex, follow\" \/>\n<meta property=\"og:locale\" content=\"es_ES\" \/>\n<meta property=\"og:type\" content=\"article\" \/>\n<meta property=\"og:title\" content=\"Cookies | V2C Puntos de Recarga para Veh\u00edculos El\u00e9ctricos\" \/>\n<meta property=\"og:description\" content=\"Esta p\u00e1gina web es propiedad de NEGOCIOS INTELIGENTES 7 EXPERIENCE S.L.. El hecho de acceder a esta p\u00e1gina implica el conocimiento y aceptaci\u00f3n de la pol\u00edtica de privacidad. En cumplimiento del art\u00edculo 10 de la Ley 34\/2002, de 11 de julio, de Servicios de la Sociedad de la Informaci\u00f3n y Comercio Electr\u00f3nico (LSSI) se exponen ... Leer m\u00e1s\" \/>\n<meta property=\"og:url\" content=\"https:\/\/v2charge.com\/es\/cookies-politica\/\" \/>\n<meta property=\"og:site_name\" content=\"V2C\" \/>\n<meta property=\"article:publisher\" content=\"https:\/\/www.facebook.com\/V2C.Charge\" \/>\n<meta property=\"article:modified_time\" content=\"2023-05-24T10:41:00+00:00\" \/>\n<meta property=\"og:image\" content=\"https:\/\/v2charge.com\/wp-content\/uploads\/2024\/07\/v2c-electric-chargers.jpg\" \/>\n\t<meta property=\"og:image:width\" content=\"1200\" \/>\n\t<meta property=\"og:image:height\" content=\"675\" \/>\n\t<meta property=\"og:image:type\" content=\"image\/jpeg\" \/>\n<meta name=\"twitter:card\" content=\"summary_large_image\" \/>\n<meta name=\"twitter:site\" content=\"@V2C_Charge\" \/>\n<meta name=\"twitter:label1\" content=\"Tiempo de lectura\" \/>\n\t<meta name=\"twitter:data1\" content=\"9 minutos\" \/>\n<script type=\"application\/ld+json\" class=\"yoast-schema-graph\">{\"@context\":\"https:\/\/schema.org\",\"@graph\":[{\"@type\":\"WebPage\",\"@id\":\"https:\/\/v2charge.com\/es\/cookies-politica\/\",\"url\":\"https:\/\/v2charge.com\/es\/cookies-politica\/\",\"name\":\"Cookies | V2C Puntos de Recarga para Veh\u00edculos El\u00e9ctricos\",\"isPartOf\":{\"@id\":\"https:\/\/v2charge.com\/es\/#website\"},\"primaryImageOfPage\":{\"@id\":\"https:\/\/v2charge.com\/es\/cookies-politica\/#primaryimage\"},\"image\":{\"@id\":\"https:\/\/v2charge.com\/es\/cookies-politica\/#primaryimage\"},\"thumbnailUrl\":\"https:\/\/v2charge.com\/wp-content\/uploads\/2024\/07\/v2c-electric-chargers.jpg\",\"datePublished\":\"2018-06-01T09:43:28+00:00\",\"dateModified\":\"2023-05-24T10:41:00+00:00\",\"breadcrumb\":{\"@id\":\"https:\/\/v2charge.com\/es\/cookies-politica\/#breadcrumb\"},\"inLanguage\":\"es\",\"potentialAction\":[{\"@type\":\"ReadAction\",\"target\":[\"https:\/\/v2charge.com\/es\/cookies-politica\/\"]}]},{\"@type\":\"ImageObject\",\"inLanguage\":\"es\",\"@id\":\"https:\/\/v2charge.com\/es\/cookies-politica\/#primaryimage\",\"url\":\"https:\/\/v2charge.com\/wp-content\/uploads\/2024\/07\/v2c-electric-chargers.jpg\",\"contentUrl\":\"https:\/\/v2charge.com\/wp-content\/uploads\/2024\/07\/v2c-electric-chargers.jpg\",\"width\":1200,\"height\":675,\"caption\":\"V2C Electric Chargers\"},{\"@type\":\"BreadcrumbList\",\"@id\":\"https:\/\/v2charge.com\/es\/cookies-politica\/#breadcrumb\",\"itemListElement\":[{\"@type\":\"ListItem\",\"position\":1,\"name\":\"V2C\",\"item\":\"https:\/\/v2charge.com\/es\/\"},{\"@type\":\"ListItem\",\"position\":2,\"name\":\"Pol\u00edtica de cookies\"}]},{\"@type\":\"WebSite\",\"@id\":\"https:\/\/v2charge.com\/es\/#website\",\"url\":\"https:\/\/v2charge.com\/es\/\",\"name\":\"V2C\",\"description\":\"#CargandoElMa\u00f1ana\",\"publisher\":{\"@id\":\"https:\/\/v2charge.com\/es\/#organization\"},\"potentialAction\":[{\"@type\":\"SearchAction\",\"target\":{\"@type\":\"EntryPoint\",\"urlTemplate\":\"https:\/\/v2charge.com\/es\/?s={search_term_string}\"},\"query-input\":{\"@type\":\"PropertyValueSpecification\",\"valueRequired\":true,\"valueName\":\"search_term_string\"}}],\"inLanguage\":\"es\"},{\"@type\":\"Organization\",\"@id\":\"https:\/\/v2charge.com\/es\/#organization\",\"name\":\"V2C\",\"url\":\"https:\/\/v2charge.com\/es\/\",\"logo\":{\"@type\":\"ImageObject\",\"inLanguage\":\"es\",\"@id\":\"https:\/\/v2charge.com\/es\/#\/schema\/logo\/image\/\",\"url\":\"https:\/\/v2charge.com\/wp-content\/uploads\/2024\/11\/cropped-v2c-charge-logo-menu.png\",\"contentUrl\":\"https:\/\/v2charge.com\/wp-content\/uploads\/2024\/11\/cropped-v2c-charge-logo-menu.png\",\"width\":984,\"height\":431,\"caption\":\"V2C\"},\"image\":{\"@id\":\"https:\/\/v2charge.com\/es\/#\/schema\/logo\/image\/\"},\"sameAs\":[\"https:\/\/www.facebook.com\/V2C.Charge\",\"https:\/\/x.com\/V2C_Charge\",\"https:\/\/www.instagram.com\/v2c.charge\/\",\"https:\/\/www.youtube.com\/@V2C\",\"https:\/\/www.linkedin.com\/company\/v2c-chargers\/\"]}]}<\/script>\n<!-- \/ Yoast SEO plugin. -->","yoast_head_json":{"title":"Cookies | V2C Puntos de Recarga para Veh\u00edculos El\u00e9ctricos","robots":{"index":"noindex","follow":"follow"},"og_locale":"es_ES","og_type":"article","og_title":"Cookies | V2C Puntos de Recarga para Veh\u00edculos El\u00e9ctricos","og_description":"Esta p\u00e1gina web es propiedad de NEGOCIOS INTELIGENTES 7 EXPERIENCE S.L.. El hecho de acceder a esta p\u00e1gina implica el conocimiento y aceptaci\u00f3n de la pol\u00edtica de privacidad. En cumplimiento del art\u00edculo 10 de la Ley 34\/2002, de 11 de julio, de Servicios de la Sociedad de la Informaci\u00f3n y Comercio Electr\u00f3nico (LSSI) se exponen ... Leer m\u00e1s","og_url":"https:\/\/v2charge.com\/es\/cookies-politica\/","og_site_name":"V2C","article_publisher":"https:\/\/www.facebook.com\/V2C.Charge","article_modified_time":"2023-05-24T10:41:00+00:00","og_image":[{"width":1200,"height":675,"url":"https:\/\/v2charge.com\/wp-content\/uploads\/2024\/07\/v2c-electric-chargers.jpg","type":"image\/jpeg"}],"twitter_card":"summary_large_image","twitter_site":"@V2C_Charge","twitter_misc":{"Tiempo de lectura":"9 minutos"},"schema":{"@context":"https:\/\/schema.org","@graph":[{"@type":"WebPage","@id":"https:\/\/v2charge.com\/es\/cookies-politica\/","url":"https:\/\/v2charge.com\/es\/cookies-politica\/","name":"Cookies | V2C Puntos de Recarga para Veh\u00edculos El\u00e9ctricos","isPartOf":{"@id":"https:\/\/v2charge.com\/es\/#website"},"primaryImageOfPage":{"@id":"https:\/\/v2charge.com\/es\/cookies-politica\/#primaryimage"},"image":{"@id":"https:\/\/v2charge.com\/es\/cookies-politica\/#primaryimage"},"thumbnailUrl":"https:\/\/v2charge.com\/wp-content\/uploads\/2024\/07\/v2c-electric-chargers.jpg","datePublished":"2018-06-01T09:43:28+00:00","dateModified":"2023-05-24T10:41:00+00:00","breadcrumb":{"@id":"https:\/\/v2charge.com\/es\/cookies-politica\/#breadcrumb"},"inLanguage":"es","potentialAction":[{"@type":"ReadAction","target":["https:\/\/v2charge.com\/es\/cookies-politica\/"]}]},{"@type":"ImageObject","inLanguage":"es","@id":"https:\/\/v2charge.com\/es\/cookies-politica\/#primaryimage","url":"https:\/\/v2charge.com\/wp-content\/uploads\/2024\/07\/v2c-electric-chargers.jpg","contentUrl":"https:\/\/v2charge.com\/wp-content\/uploads\/2024\/07\/v2c-electric-chargers.jpg","width":1200,"height":675,"caption":"V2C Electric Chargers"},{"@type":"BreadcrumbList","@id":"https:\/\/v2charge.com\/es\/cookies-politica\/#breadcrumb","itemListElement":[{"@type":"ListItem","position":1,"name":"V2C","item":"https:\/\/v2charge.com\/es\/"},{"@type":"ListItem","position":2,"name":"Pol\u00edtica de cookies"}]},{"@type":"WebSite","@id":"https:\/\/v2charge.com\/es\/#website","url":"https:\/\/v2charge.com\/es\/","name":"V2C","description":"#CargandoElMa\u00f1ana","publisher":{"@id":"https:\/\/v2charge.com\/es\/#organization"},"potentialAction":[{"@type":"SearchAction","target":{"@type":"EntryPoint","urlTemplate":"https:\/\/v2charge.com\/es\/?s={search_term_string}"},"query-input":{"@type":"PropertyValueSpecification","valueRequired":true,"valueName":"search_term_string"}}],"inLanguage":"es"},{"@type":"Organization","@id":"https:\/\/v2charge.com\/es\/#organization","name":"V2C","url":"https:\/\/v2charge.com\/es\/","logo":{"@type":"ImageObject","inLanguage":"es","@id":"https:\/\/v2charge.com\/es\/#\/schema\/logo\/image\/","url":"https:\/\/v2charge.com\/wp-content\/uploads\/2024\/11\/cropped-v2c-charge-logo-menu.png","contentUrl":"https:\/\/v2charge.com\/wp-content\/uploads\/2024\/11\/cropped-v2c-charge-logo-menu.png","width":984,"height":431,"caption":"V2C"},"image":{"@id":"https:\/\/v2charge.com\/es\/#\/schema\/logo\/image\/"},"sameAs":["https:\/\/www.facebook.com\/V2C.Charge","https:\/\/x.com\/V2C_Charge","https:\/\/www.instagram.com\/v2c.charge\/","https:\/\/www.youtube.com\/@V2C","https:\/\/www.linkedin.com\/company\/v2c-chargers\/"]}]}},"uagb_featured_image_src":{"full":["https:\/\/v2charge.com\/wp-content\/uploads\/2024\/07\/v2c-electric-chargers.jpg",1200,675,false],"thumbnail":["https:\/\/v2charge.com\/wp-content\/uploads\/2024\/07\/v2c-electric-chargers-150x150.jpg",150,150,true],"medium":["https:\/\/v2charge.com\/wp-content\/uploads\/2024\/07\/v2c-electric-chargers-300x169.jpg",300,169,true],"medium_large":["https:\/\/v2charge.com\/wp-content\/uploads\/2024\/07\/v2c-electric-chargers-768x432.jpg",768,432,true],"large":["https:\/\/v2charge.com\/wp-content\/uploads\/2024\/07\/v2c-electric-chargers-1024x576.jpg",1024,576,true],"gs-tiny":["https:\/\/v2charge.com\/wp-content\/uploads\/2024\/07\/v2c-electric-chargers.jpg",50,28,false],"xl":["https:\/\/v2charge.com\/wp-content\/uploads\/2024\/07\/v2c-electric-chargers.jpg",1200,675,false],"xxl":["https:\/\/v2charge.com\/wp-content\/uploads\/2024\/07\/v2c-electric-chargers.jpg",1200,675,false],"xxxl":["https:\/\/v2charge.com\/wp-content\/uploads\/2024\/07\/v2c-electric-chargers.jpg",1200,675,false],"xxxxl":["https:\/\/v2charge.com\/wp-content\/uploads\/2024\/07\/v2c-electric-chargers.jpg",1200,675,false],"xxxxxl":["https:\/\/v2charge.com\/wp-content\/uploads\/2024\/07\/v2c-electric-chargers.jpg",1200,675,false],"1536x1536":["https:\/\/v2charge.com\/wp-content\/uploads\/2024\/07\/v2c-electric-chargers.jpg",1200,675,false],"2048x2048":["https:\/\/v2charge.com\/wp-content\/uploads\/2024\/07\/v2c-electric-chargers.jpg",1200,675,false]},"uagb_author_info":{"display_name":"V2C","author_link":"https:\/\/v2charge.com\/es\/author\/root_k4eu7ki8\/"},"uagb_comment_info":0,"uagb_excerpt":"Esta p\u00e1gina web es propiedad de NEGOCIOS INTELIGENTES 7 EXPERIENCE S.L.. El hecho de acceder a esta p\u00e1gina implica el conocimiento y aceptaci\u00f3n de la pol\u00edtica de privacidad. En cumplimiento del art\u00edculo 10 de la Ley 34\/2002, de 11 de julio, de Servicios de la Sociedad de la Informaci\u00f3n y Comercio Electr\u00f3nico (LSSI) se exponen&hellip;","_links":{"self":[{"href":"https:\/\/v2charge.com\/es\/wp-json\/wp\/v2\/pages\/9067","targetHints":{"allow":["GET"]}}],"collection":[{"href":"https:\/\/v2charge.com\/es\/wp-json\/wp\/v2\/pages"}],"about":[{"href":"https:\/\/v2charge.com\/es\/wp-json\/wp\/v2\/types\/page"}],"author":[{"embeddable":true,"href":"https:\/\/v2charge.com\/es\/wp-json\/wp\/v2\/users\/1"}],"replies":[{"embeddable":true,"href":"https:\/\/v2charge.com\/es\/wp-json\/wp\/v2\/comments?post=9067"}],"version-history":[{"count":0,"href":"https:\/\/v2charge.com\/es\/wp-json\/wp\/v2\/pages\/9067\/revisions"}],"wp:featuredmedia":[{"embeddable":true,"href":"https:\/\/v2charge.com\/es\/wp-json\/wp\/v2\/media\/170354"}],"wp:attachment":[{"href":"https:\/\/v2charge.com\/es\/wp-json\/wp\/v2\/media?parent=9067"}],"curies":[{"name":"wp","href":"https:\/\/api.w.org\/{rel}","templated":true}]}}