{"id":90844,"date":"2023-01-02T07:54:32","date_gmt":"2023-01-02T07:54:32","guid":{"rendered":"https:\/\/v2charge.com\/?page_id=90844"},"modified":"2023-01-02T07:54:36","modified_gmt":"2023-01-02T07:54:36","slug":"modbus-tcp-client","status":"publish","type":"page","link":"https:\/\/v2charge.com\/es\/modbus-tcp-client\/","title":{"rendered":"ModBus TCP Client"},"content":{"rendered":"\n<p>Uso de APP Modbus TCP Client. <a href=\"https:\/\/play.google.com\/store\/apps\/details?id=com.digitmund.modbustcpclient&amp;hl=es&amp;gl=US\" target=\"_blank\" rel=\"noreferrer noopener\">Desc\u00e1rgala; <\/a><\/p>\n\n\n\n<p>Configure el dispositivo con la ip indicada, como puerto suele ser el 502<\/p>\n\n\n<div class=\"wp-block-image\">\n<figure class=\"aligncenter size-large is-resized\"><img decoding=\"async\" src=\"https:\/\/v2charge.com\/wp-content\/uploads\/2023\/01\/WhatsApp-Image-2023-01-02-at-08.51.23-461x1024.jpeg\" alt=\"\" class=\"wp-image-90845\" width=\"275\" height=\"611\" srcset=\"https:\/\/v2charge.com\/wp-content\/uploads\/2023\/01\/WhatsApp-Image-2023-01-02-at-08.51.23-461x1024.jpeg 461w, https:\/\/v2charge.com\/wp-content\/uploads\/2023\/01\/WhatsApp-Image-2023-01-02-at-08.51.23-135x300.jpeg 135w, https:\/\/v2charge.com\/wp-content\/uploads\/2023\/01\/WhatsApp-Image-2023-01-02-at-08.51.23-691x1536.jpeg 691w, https:\/\/v2charge.com\/wp-content\/uploads\/2023\/01\/WhatsApp-Image-2023-01-02-at-08.51.23.jpeg 720w\" sizes=\"(max-width: 275px) 100vw, 275px\" \/><\/figure>\n<\/div>\n\n\n<p>Abre el socket con el bot\u00f3n open y configura la siguiente pantalla as\u00ed:<\/p>\n\n\n\n<p><\/p>\n\n\n<div class=\"wp-block-image\">\n<figure class=\"aligncenter size-large is-resized\"><img decoding=\"async\" src=\"https:\/\/v2charge.com\/wp-content\/uploads\/2023\/01\/WhatsApp-Image-2023-01-02-at-08.51.16-1-461x1024.jpeg\" alt=\"\" class=\"wp-image-90853\" width=\"288\" height=\"640\" srcset=\"https:\/\/v2charge.com\/wp-content\/uploads\/2023\/01\/WhatsApp-Image-2023-01-02-at-08.51.16-1-461x1024.jpeg 461w, https:\/\/v2charge.com\/wp-content\/uploads\/2023\/01\/WhatsApp-Image-2023-01-02-at-08.51.16-1-135x300.jpeg 135w, https:\/\/v2charge.com\/wp-content\/uploads\/2023\/01\/WhatsApp-Image-2023-01-02-at-08.51.16-1-691x1536.jpeg 691w, https:\/\/v2charge.com\/wp-content\/uploads\/2023\/01\/WhatsApp-Image-2023-01-02-at-08.51.16-1.jpeg 720w\" sizes=\"(max-width: 288px) 100vw, 288px\" \/><\/figure>\n<\/div>","protected":false},"excerpt":{"rendered":"<p>Uso de APP Modbus TCP Client. Desc\u00e1rgala; Configure el dispositivo con la ip indicada, como puerto suele ser el 502 Abre el socket con el bot\u00f3n open y configura la siguiente pantalla as\u00ed:<\/p>\n","protected":false},"author":1,"featured_media":170354,"parent":0,"menu_order":0,"comment_status":"closed","ping_status":"closed","template":"","meta":{"_eb_attr":"","content-type":"","_uag_custom_page_level_css":"","footnotes":""},"class_list":["post-90844","page","type-page","status-publish","has-post-thumbnail"],"yoast_head":"<!-- This site is optimized with the Yoast SEO plugin v25.3.1 - https:\/\/yoast.com\/wordpress\/plugins\/seo\/ -->\n<title>ModBus TCP Client - V2C<\/title>\n<meta name=\"robots\" content=\"index, follow, max-snippet:-1, max-image-preview:large, max-video-preview:-1\" \/>\n<link rel=\"canonical\" href=\"https:\/\/v2charge.com\/es\/modbus-tcp-client\/\" \/>\n<meta property=\"og:locale\" content=\"es_ES\" \/>\n<meta property=\"og:type\" content=\"article\" \/>\n<meta property=\"og:title\" content=\"ModBus TCP Client - V2C\" \/>\n<meta property=\"og:description\" content=\"Uso de APP Modbus TCP Client. Desc\u00e1rgala; Configure el dispositivo con la ip indicada, como puerto suele ser el 502 Abre el socket con el bot\u00f3n open y configura la siguiente pantalla as\u00ed:\" \/>\n<meta property=\"og:url\" content=\"https:\/\/v2charge.com\/es\/modbus-tcp-client\/\" \/>\n<meta property=\"og:site_name\" content=\"V2C\" \/>\n<meta property=\"article:publisher\" content=\"https:\/\/www.facebook.com\/V2C.Charge\" \/>\n<meta property=\"article:modified_time\" content=\"2023-01-02T07:54:36+00:00\" \/>\n<meta property=\"og:image\" content=\"https:\/\/v2charge.com\/wp-content\/uploads\/2023\/01\/WhatsApp-Image-2023-01-02-at-08.51.23-461x1024.jpeg\" \/>\n<meta name=\"twitter:card\" content=\"summary_large_image\" \/>\n<meta name=\"twitter:site\" content=\"@V2C_Charge\" \/>\n<meta name=\"twitter:label1\" content=\"Tiempo de lectura\" \/>\n\t<meta name=\"twitter:data1\" content=\"1 minuto\" \/>\n<script type=\"application\/ld+json\" class=\"yoast-schema-graph\">{\"@context\":\"https:\/\/schema.org\",\"@graph\":[{\"@type\":\"WebPage\",\"@id\":\"https:\/\/v2charge.com\/es\/modbus-tcp-client\/\",\"url\":\"https:\/\/v2charge.com\/es\/modbus-tcp-client\/\",\"name\":\"ModBus TCP Client - V2C\",\"isPartOf\":{\"@id\":\"https:\/\/v2charge.com\/es\/#website\"},\"primaryImageOfPage\":{\"@id\":\"https:\/\/v2charge.com\/es\/modbus-tcp-client\/#primaryimage\"},\"image\":{\"@id\":\"https:\/\/v2charge.com\/es\/modbus-tcp-client\/#primaryimage\"},\"thumbnailUrl\":\"https:\/\/v2charge.com\/wp-content\/uploads\/2024\/07\/v2c-electric-chargers.jpg\",\"datePublished\":\"2023-01-02T07:54:32+00:00\",\"dateModified\":\"2023-01-02T07:54:36+00:00\",\"breadcrumb\":{\"@id\":\"https:\/\/v2charge.com\/es\/modbus-tcp-client\/#breadcrumb\"},\"inLanguage\":\"es\",\"potentialAction\":[{\"@type\":\"ReadAction\",\"target\":[\"https:\/\/v2charge.com\/es\/modbus-tcp-client\/\"]}]},{\"@type\":\"ImageObject\",\"inLanguage\":\"es\",\"@id\":\"https:\/\/v2charge.com\/es\/modbus-tcp-client\/#primaryimage\",\"url\":\"https:\/\/v2charge.com\/wp-content\/uploads\/2024\/07\/v2c-electric-chargers.jpg\",\"contentUrl\":\"https:\/\/v2charge.com\/wp-content\/uploads\/2024\/07\/v2c-electric-chargers.jpg\",\"width\":1200,\"height\":675,\"caption\":\"V2C Electric Chargers\"},{\"@type\":\"BreadcrumbList\",\"@id\":\"https:\/\/v2charge.com\/es\/modbus-tcp-client\/#breadcrumb\",\"itemListElement\":[{\"@type\":\"ListItem\",\"position\":1,\"name\":\"V2C\",\"item\":\"https:\/\/v2charge.com\/es\/\"},{\"@type\":\"ListItem\",\"position\":2,\"name\":\"ModBus TCP Client\"}]},{\"@type\":\"WebSite\",\"@id\":\"https:\/\/v2charge.com\/es\/#website\",\"url\":\"https:\/\/v2charge.com\/es\/\",\"name\":\"V2C\",\"description\":\"#CargandoElMa\u00f1ana\",\"publisher\":{\"@id\":\"https:\/\/v2charge.com\/es\/#organization\"},\"potentialAction\":[{\"@type\":\"SearchAction\",\"target\":{\"@type\":\"EntryPoint\",\"urlTemplate\":\"https:\/\/v2charge.com\/es\/?s={search_term_string}\"},\"query-input\":{\"@type\":\"PropertyValueSpecification\",\"valueRequired\":true,\"valueName\":\"search_term_string\"}}],\"inLanguage\":\"es\"},{\"@type\":\"Organization\",\"@id\":\"https:\/\/v2charge.com\/es\/#organization\",\"name\":\"V2C\",\"url\":\"https:\/\/v2charge.com\/es\/\",\"logo\":{\"@type\":\"ImageObject\",\"inLanguage\":\"es\",\"@id\":\"https:\/\/v2charge.com\/es\/#\/schema\/logo\/image\/\",\"url\":\"https:\/\/v2charge.com\/wp-content\/uploads\/2024\/11\/cropped-v2c-charge-logo-menu.png\",\"contentUrl\":\"https:\/\/v2charge.com\/wp-content\/uploads\/2024\/11\/cropped-v2c-charge-logo-menu.png\",\"width\":984,\"height\":431,\"caption\":\"V2C\"},\"image\":{\"@id\":\"https:\/\/v2charge.com\/es\/#\/schema\/logo\/image\/\"},\"sameAs\":[\"https:\/\/www.facebook.com\/V2C.Charge\",\"https:\/\/x.com\/V2C_Charge\",\"https:\/\/www.instagram.com\/v2c.charge\/\",\"https:\/\/www.youtube.com\/@V2C\",\"https:\/\/www.linkedin.com\/company\/v2c-chargers\/\"]}]}<\/script>\n<!-- \/ Yoast SEO plugin. -->","yoast_head_json":{"title":"ModBus TCP Client - V2C","robots":{"index":"index","follow":"follow","max-snippet":"max-snippet:-1","max-image-preview":"max-image-preview:large","max-video-preview":"max-video-preview:-1"},"canonical":"https:\/\/v2charge.com\/es\/modbus-tcp-client\/","og_locale":"es_ES","og_type":"article","og_title":"ModBus TCP Client - V2C","og_description":"Uso de APP Modbus TCP Client. Desc\u00e1rgala; Configure el dispositivo con la ip indicada, como puerto suele ser el 502 Abre el socket con el bot\u00f3n open y configura la siguiente pantalla as\u00ed:","og_url":"https:\/\/v2charge.com\/es\/modbus-tcp-client\/","og_site_name":"V2C","article_publisher":"https:\/\/www.facebook.com\/V2C.Charge","article_modified_time":"2023-01-02T07:54:36+00:00","og_image":[{"url":"https:\/\/v2charge.com\/wp-content\/uploads\/2023\/01\/WhatsApp-Image-2023-01-02-at-08.51.23-461x1024.jpeg","type":"","width":"","height":""}],"twitter_card":"summary_large_image","twitter_site":"@V2C_Charge","twitter_misc":{"Tiempo de lectura":"1 minuto"},"schema":{"@context":"https:\/\/schema.org","@graph":[{"@type":"WebPage","@id":"https:\/\/v2charge.com\/es\/modbus-tcp-client\/","url":"https:\/\/v2charge.com\/es\/modbus-tcp-client\/","name":"ModBus TCP Client - V2C","isPartOf":{"@id":"https:\/\/v2charge.com\/es\/#website"},"primaryImageOfPage":{"@id":"https:\/\/v2charge.com\/es\/modbus-tcp-client\/#primaryimage"},"image":{"@id":"https:\/\/v2charge.com\/es\/modbus-tcp-client\/#primaryimage"},"thumbnailUrl":"https:\/\/v2charge.com\/wp-content\/uploads\/2024\/07\/v2c-electric-chargers.jpg","datePublished":"2023-01-02T07:54:32+00:00","dateModified":"2023-01-02T07:54:36+00:00","breadcrumb":{"@id":"https:\/\/v2charge.com\/es\/modbus-tcp-client\/#breadcrumb"},"inLanguage":"es","potentialAction":[{"@type":"ReadAction","target":["https:\/\/v2charge.com\/es\/modbus-tcp-client\/"]}]},{"@type":"ImageObject","inLanguage":"es","@id":"https:\/\/v2charge.com\/es\/modbus-tcp-client\/#primaryimage","url":"https:\/\/v2charge.com\/wp-content\/uploads\/2024\/07\/v2c-electric-chargers.jpg","contentUrl":"https:\/\/v2charge.com\/wp-content\/uploads\/2024\/07\/v2c-electric-chargers.jpg","width":1200,"height":675,"caption":"V2C Electric Chargers"},{"@type":"BreadcrumbList","@id":"https:\/\/v2charge.com\/es\/modbus-tcp-client\/#breadcrumb","itemListElement":[{"@type":"ListItem","position":1,"name":"V2C","item":"https:\/\/v2charge.com\/es\/"},{"@type":"ListItem","position":2,"name":"ModBus TCP Client"}]},{"@type":"WebSite","@id":"https:\/\/v2charge.com\/es\/#website","url":"https:\/\/v2charge.com\/es\/","name":"V2C","description":"#CargandoElMa\u00f1ana","publisher":{"@id":"https:\/\/v2charge.com\/es\/#organization"},"potentialAction":[{"@type":"SearchAction","target":{"@type":"EntryPoint","urlTemplate":"https:\/\/v2charge.com\/es\/?s={search_term_string}"},"query-input":{"@type":"PropertyValueSpecification","valueRequired":true,"valueName":"search_term_string"}}],"inLanguage":"es"},{"@type":"Organization","@id":"https:\/\/v2charge.com\/es\/#organization","name":"V2C","url":"https:\/\/v2charge.com\/es\/","logo":{"@type":"ImageObject","inLanguage":"es","@id":"https:\/\/v2charge.com\/es\/#\/schema\/logo\/image\/","url":"https:\/\/v2charge.com\/wp-content\/uploads\/2024\/11\/cropped-v2c-charge-logo-menu.png","contentUrl":"https:\/\/v2charge.com\/wp-content\/uploads\/2024\/11\/cropped-v2c-charge-logo-menu.png","width":984,"height":431,"caption":"V2C"},"image":{"@id":"https:\/\/v2charge.com\/es\/#\/schema\/logo\/image\/"},"sameAs":["https:\/\/www.facebook.com\/V2C.Charge","https:\/\/x.com\/V2C_Charge","https:\/\/www.instagram.com\/v2c.charge\/","https:\/\/www.youtube.com\/@V2C","https:\/\/www.linkedin.com\/company\/v2c-chargers\/"]}]}},"uagb_featured_image_src":{"full":["https:\/\/v2charge.com\/wp-content\/uploads\/2024\/07\/v2c-electric-chargers.jpg",1200,675,false],"thumbnail":["https:\/\/v2charge.com\/wp-content\/uploads\/2024\/07\/v2c-electric-chargers-150x150.jpg",150,150,true],"medium":["https:\/\/v2charge.com\/wp-content\/uploads\/2024\/07\/v2c-electric-chargers-300x169.jpg",300,169,true],"medium_large":["https:\/\/v2charge.com\/wp-content\/uploads\/2024\/07\/v2c-electric-chargers-768x432.jpg",768,432,true],"large":["https:\/\/v2charge.com\/wp-content\/uploads\/2024\/07\/v2c-electric-chargers-1024x576.jpg",1024,576,true],"gs-tiny":["https:\/\/v2charge.com\/wp-content\/uploads\/2024\/07\/v2c-electric-chargers.jpg",50,28,false],"xl":["https:\/\/v2charge.com\/wp-content\/uploads\/2024\/07\/v2c-electric-chargers.jpg",1200,675,false],"xxl":["https:\/\/v2charge.com\/wp-content\/uploads\/2024\/07\/v2c-electric-chargers.jpg",1200,675,false],"xxxl":["https:\/\/v2charge.com\/wp-content\/uploads\/2024\/07\/v2c-electric-chargers.jpg",1200,675,false],"xxxxl":["https:\/\/v2charge.com\/wp-content\/uploads\/2024\/07\/v2c-electric-chargers.jpg",1200,675,false],"xxxxxl":["https:\/\/v2charge.com\/wp-content\/uploads\/2024\/07\/v2c-electric-chargers.jpg",1200,675,false],"1536x1536":["https:\/\/v2charge.com\/wp-content\/uploads\/2024\/07\/v2c-electric-chargers.jpg",1200,675,false],"2048x2048":["https:\/\/v2charge.com\/wp-content\/uploads\/2024\/07\/v2c-electric-chargers.jpg",1200,675,false]},"uagb_author_info":{"display_name":"V2C","author_link":"https:\/\/v2charge.com\/es\/author\/root_k4eu7ki8\/"},"uagb_comment_info":0,"uagb_excerpt":"Uso de APP Modbus TCP Client. Desc\u00e1rgala; Configure el dispositivo con la ip indicada, como puerto suele ser el 502 Abre el socket con el bot\u00f3n open y configura la siguiente pantalla as\u00ed:","_links":{"self":[{"href":"https:\/\/v2charge.com\/es\/wp-json\/wp\/v2\/pages\/90844","targetHints":{"allow":["GET"]}}],"collection":[{"href":"https:\/\/v2charge.com\/es\/wp-json\/wp\/v2\/pages"}],"about":[{"href":"https:\/\/v2charge.com\/es\/wp-json\/wp\/v2\/types\/page"}],"author":[{"embeddable":true,"href":"https:\/\/v2charge.com\/es\/wp-json\/wp\/v2\/users\/1"}],"replies":[{"embeddable":true,"href":"https:\/\/v2charge.com\/es\/wp-json\/wp\/v2\/comments?post=90844"}],"version-history":[{"count":0,"href":"https:\/\/v2charge.com\/es\/wp-json\/wp\/v2\/pages\/90844\/revisions"}],"wp:featuredmedia":[{"embeddable":true,"href":"https:\/\/v2charge.com\/es\/wp-json\/wp\/v2\/media\/170354"}],"wp:attachment":[{"href":"https:\/\/v2charge.com\/es\/wp-json\/wp\/v2\/media?parent=90844"}],"curies":[{"name":"wp","href":"https:\/\/api.w.org\/{rel}","templated":true}]}}