{"id":92792,"date":"2023-02-01T11:47:32","date_gmt":"2023-02-01T09:47:32","guid":{"rendered":"https:\/\/v2charge.com\/conexion-de-kostal-ksem-con-trydan\/"},"modified":"2025-07-18T13:57:38","modified_gmt":"2025-07-18T11:57:38","slug":"medidor-kostal-ksem","status":"publish","type":"page","link":"https:\/\/v2charge.com\/es\/soporte\/control-potencia\/dinamico\/medidor-kostal-ksem\/","title":{"rendered":"Conexi\u00f3n de Kostal KSEM con Trydan"},"content":{"rendered":"\n<div class=\"wp-block-uagb-container uagb-block-3abc244a alignfull uagb-is-root-container\"><div class=\"uagb-container-inner-blocks-wrap\"><div class=\"yoast-breadcrumbs\"><span><span><a href=\"https:\/\/v2charge.com\/es\/\">V2C<\/a><\/span> \u00bb <span><a href=\"https:\/\/v2charge.com\/es\/soporte\/\">\u00c1rea de Soporte<\/a><\/span> \u00bb <span><a href=\"https:\/\/v2charge.com\/es\/soporte\/control-potencia\/\">Control de potencia<\/a><\/span> \u00bb <span><a href=\"https:\/\/v2charge.com\/es\/soporte\/control-potencia\/dinamico\/\">Din\u00e1mico<\/a><\/span> \u00bb <span class=\"breadcrumb_last\" aria-current=\"page\">Conexi\u00f3n de Kostal KSEM con Trydan<\/span><\/span><\/div>\n\n\n<h1 class=\"wp-block-heading\">Conexi\u00f3n de Kostal KSEM con Trydan<\/h1>\n\n\n\n<div class=\"wp-block-uagb-container uagb-block-94b2f0a4 alignfull uagb-is-root-container\"><div class=\"uagb-container-inner-blocks-wrap\">\n<div class=\"wp-block-uagb-container uagb-block-c65863b3\">\n<p>Los inversores<strong> Kostal pueden conectarse a Trydan directamente a trav\u00e9s del medidor de energ\u00eda KSEM<\/strong> (Kostal Smart Energy Meter) por comunicaci\u00f3n Modbus TCP.<\/p>\n<\/div>\n\n\n\n<div class=\"wp-block-uagb-container uagb-block-260fae18\">\n<div class=\"wp-block-uagb-image uagb-block-9078e420 wp-block-uagb-image--layout-default wp-block-uagb-image--effect-static wp-block-uagb-image--align-none\"><figure class=\"wp-block-uagb-image__figure\"><img decoding=\"async\" srcset=\"https:\/\/v2charge.com\/wp-content\/uploads\/2023\/12\/kostal-logo.png ,https:\/\/v2charge.com\/wp-content\/uploads\/2023\/12\/kostal-logo.png 780w, https:\/\/v2charge.com\/wp-content\/uploads\/2023\/12\/kostal-logo.png 360w\" sizes=\"auto, (max-width: 480px) 150px\" src=\"https:\/\/v2charge.com\/wp-content\/uploads\/2023\/12\/kostal-logo.png\" alt=\"\" class=\"uag-image-128994\" width=\"250\" height=\"65\" title=\"\" loading=\"lazy\" role=\"img\"\/><\/figure><\/div>\n<\/div>\n<\/div><\/div>\n\n\n\n<div class=\"wp-block-uagb-container uagb-block-333fb119 alignfull uagb-is-root-container\"><div class=\"uagb-container-inner-blocks-wrap\">\n<div class=\"wp-block-uagb-container uagb-block-2ff110d0 default uagb-is-root-container\">\n<div class=\"wp-block-uagb-container uagb-block-cd442c87\">\n<div class=\"wp-block-uagb-image aligncenter uagb-block-4bb46c59 wp-block-uagb-image--layout-default wp-block-uagb-image--effect-static wp-block-uagb-image--align-center\"><figure class=\"wp-block-uagb-image__figure\"><img decoding=\"async\" srcset=\"https:\/\/v2charge.com\/wp-content\/uploads\/2023\/11\/icon-important.png ,https:\/\/v2charge.com\/wp-content\/uploads\/2023\/11\/icon-important.png 780w, https:\/\/v2charge.com\/wp-content\/uploads\/2023\/11\/icon-important.png 360w\" sizes=\"auto, (max-width: 480px) 150px\" src=\"https:\/\/v2charge.com\/wp-content\/uploads\/2023\/11\/icon-important.png\" alt=\"\" class=\"uag-image-125013\" width=\"50\" height=\"50\" title=\"\" loading=\"lazy\" role=\"img\"\/><\/figure><\/div>\n<\/div>\n\n\n\n<div class=\"wp-block-uagb-container uagb-block-38de7166\">\n<div class=\"wp-block-uagb-advanced-heading uagb-block-37ab01f0\"><p class=\"uagb-heading-text\">El uso de&nbsp;<strong>repetidores Wi-Fi<\/strong>&nbsp;o&nbsp;<strong>redes mesh<\/strong>&nbsp;puede afectar al correcto funcionamiento del sistema. Recomendamos utilizar una&nbsp;<strong>red Wi-Fi estable <\/strong>y<strong> directa<\/strong>&nbsp;para garantizar una conexi\u00f3n \u00f3ptima entre el cargador y el inversor.<\/p><\/div>\n<\/div>\n<\/div>\n\n\n\n<div style=\"height:5px\" aria-hidden=\"true\" class=\"wp-block-spacer\"><\/div>\n<\/div><\/div>\n<\/div><\/div>\n\n\n\n<div class=\"wp-block-uagb-container uagb-block-02b83e17 alignfull uagb-is-root-container\"><div class=\"uagb-container-inner-blocks-wrap\">\n<div class=\"wp-block-uagb-separator uagb-block-674a6466\"><div class=\"wp-block-uagb-separator__inner\" style=\"--my-background-image:\"><\/div><\/div>\n\n\n\n<h2 class=\"wp-block-heading\">C\u00f3mo realizar la conexi\u00f3n<\/h2>\n\n\n\n<p>Para realizar la conexi\u00f3n, primero habilitaremos la comunicaci\u00f3n <strong>Modbus TCP<\/strong>. Para ello, hay que acceder a la IP del medidor KSEM, que la podemos encontrar en el router o a trav\u00e9s de aplicaciones que permitan buscar las IP locales. Despu\u00e9s, activaremos el esclavo TCP en el apartado Configuraci\u00f3n Modbus:<\/p>\n\n\n\n<div class=\"wp-block-uagb-buttons uagb-buttons__outer-wrap uagb-btn__default-btn uagb-btn-tablet__default-btn uagb-btn-mobile__default-btn uagb-block-cff7e0d9\"><div class=\"uagb-buttons__wrap uagb-buttons-layout-wrap \">\n<div class=\"wp-block-uagb-buttons-child uagb-buttons__outer-wrap uagb-block-b3b0e0d0 wp-block-button\"><div class=\"uagb-button__wrapper\"><a class=\"uagb-buttons-repeater wp-block-button__link\" aria-label=\"\" href=\"https:\/\/v2charge.com\/es\/como-buscar-la-ip-de-los-dispositivos-conectados-a-mi-red-local\/\" rel=\"follow noopener\" target=\"_self\" role=\"button\"><div class=\"uagb-button__link\">\u00bfC\u00f3mo buscar la IP de los dispositivos conectados a mi red local?<\/div><\/a><\/div><\/div>\n<\/div><\/div>\n\n\n\n<div class=\"wp-block-uagb-image aligncenter uagb-block-a8077fef wp-block-uagb-image--layout-default wp-block-uagb-image--effect-static wp-block-uagb-image--align-center\"><figure class=\"wp-block-uagb-image__figure\"><img decoding=\"async\" srcset=\"https:\/\/v2charge.com\/wp-content\/uploads\/2023\/12\/configuracion-modbus.jpg ,https:\/\/v2charge.com\/wp-content\/uploads\/2023\/12\/configuracion-modbus.jpg 780w, https:\/\/v2charge.com\/wp-content\/uploads\/2023\/12\/configuracion-modbus.jpg 360w\" sizes=\"auto, (max-width: 480px) 150px\" src=\"https:\/\/v2charge.com\/wp-content\/uploads\/2023\/12\/configuracion-modbus.jpg\" alt=\"\" class=\"uag-image-129027\" width=\"1024\" height=\"692\" title=\"\" loading=\"lazy\" role=\"img\"\/><\/figure><\/div>\n\n\n\n<hr class=\"wp-block-separator has-alpha-channel-opacity\"\/>\n\n\n\n<h2 class=\"wp-block-heading\">Configuraci\u00f3n del inversor Kostal con medidor KSEM en la App V2C Cloud<\/h2>\n<\/div><\/div>\n\n\n\n<div class=\"wp-block-uagb-container uagb-block-22ddbea3 alignfull uagb-is-root-container\"><div class=\"uagb-container-inner-blocks-wrap\">\n<div class=\"wp-block-uagb-container uagb-block-5a4283f6\">\n<p>Entra a la App V2C Cloud, selecciona el punto de recarga, y luego accede al apartado de Configuraci\u00f3n. Entra en Control Din\u00e1mico de Potencia y selecciona Kostal KSEM en el apartado del medidor.<br><br><\/p>\n\n\n\n<p>La IP ser\u00e1 la misma que has buscado para conectarte al medidor KSEM v\u00eda web. Recuerda que tiene que estar en al misma red wifi local.<\/p>\n\n\n\n<p><em>Atenci\u00f3n: esta forma de conexi\u00f3n no mostrar\u00e1 en la APP de la aplicaci\u00f3n V2C la generaci\u00f3n fotovoltaica, pero todos los modos de recarga funcionar\u00e1n igual.<\/em><\/p>\n<\/div>\n\n\n\n<div class=\"wp-block-uagb-container uagb-block-10d2a092\">\n<div class=\"wp-block-uagb-image aligncenter uagb-block-9be1b062 wp-block-uagb-image--layout-default wp-block-uagb-image--effect-static wp-block-uagb-image--align-center\"><figure class=\"wp-block-uagb-image__figure\"><img decoding=\"async\" srcset=\"https:\/\/v2charge.com\/wp-content\/uploads\/2024\/01\/kostal-ksem-inversor.jpg ,https:\/\/v2charge.com\/wp-content\/uploads\/2024\/01\/kostal-ksem-inversor.jpg 780w, https:\/\/v2charge.com\/wp-content\/uploads\/2024\/01\/kostal-ksem-inversor.jpg 360w\" sizes=\"auto, (max-width: 480px) 150px\" src=\"https:\/\/v2charge.com\/wp-content\/uploads\/2024\/01\/kostal-ksem-inversor.jpg\" alt=\"\" class=\"uag-image-133272\" width=\"400\" height=\"684\" title=\"\" loading=\"lazy\" role=\"img\"\/><\/figure><\/div>\n<\/div>\n<\/div><\/div>\n\n\n\n<div class=\"wp-block-uagb-container uagb-block-c6f38013 alignfull uagb-is-root-container\"><div class=\"uagb-container-inner-blocks-wrap\">\n<div class=\"wp-block-uagb-advanced-heading uagb-block-6963d70c\"><h2 class=\"uagb-heading-text\"><strong>\u00bfNecesitas soporte t\u00e9cnico?<\/strong><\/h2><\/div>\n\n\n\n<div class=\"wp-block-uagb-advanced-heading uagb-block-408243eb\"><p class=\"uagb-heading-text\">Genera una solicitud en el Centro de Soporte T\u00e9cnico y nos pondremos en contacto contigo lo antes posible para ofrecerte la mejor soluci\u00f3n.<\/p><\/div>\n\n\n\n<div class=\"wp-block-uagb-buttons uagb-buttons__outer-wrap uagb-btn__default-btn uagb-btn-tablet__default-btn uagb-btn-mobile__default-btn uagb-block-ba1e67d1\"><div class=\"uagb-buttons__wrap uagb-buttons-layout-wrap \">\n<div class=\"wp-block-uagb-buttons-child uagb-buttons__outer-wrap uagb-block-23cfb623 wp-block-button\"><div class=\"uagb-button__wrapper\"><a class=\"uagb-buttons-repeater wp-block-button__link\" aria-label=\"\" href=\"https:\/\/v2charge.atlassian.net\/servicedesk\/customer\/portal\/3\" rel=\"follow noopener\" target=\"_self\" role=\"button\"><div class=\"uagb-button__link\">Contactar con Soporte T\u00e9cnico<\/div><\/a><\/div><\/div>\n<\/div><\/div>\n<\/div><\/div>\n","protected":false},"excerpt":{"rendered":"<p>Conexi\u00f3n de Kostal KSEM con Trydan Los inversores Kostal pueden conectarse a Trydan directamente a trav\u00e9s del medidor de energ\u00eda KSEM (Kostal Smart Energy Meter) por comunicaci\u00f3n Modbus TCP. El uso de&nbsp;repetidores Wi-Fi&nbsp;o&nbsp;redes mesh&nbsp;puede afectar al correcto funcionamiento del sistema. Recomendamos utilizar una&nbsp;red Wi-Fi estable y directa&nbsp;para garantizar una conexi\u00f3n \u00f3ptima entre el cargador y &#8230; <a title=\"Conexi\u00f3n de Kostal KSEM con Trydan\" class=\"read-more\" href=\"https:\/\/v2charge.com\/es\/soporte\/control-potencia\/dinamico\/medidor-kostal-ksem\/\" aria-label=\"Leer m\u00e1s sobre Conexi\u00f3n de Kostal KSEM con Trydan\">Leer m\u00e1s<\/a><\/p>\n","protected":false},"author":1,"featured_media":170354,"parent":117929,"menu_order":0,"comment_status":"closed","ping_status":"closed","template":"","meta":{"_eb_attr":"","content-type":"","_uag_custom_page_level_css":"","footnotes":""},"class_list":["post-92792","page","type-page","status-publish","has-post-thumbnail"],"yoast_head":"<!-- This site is optimized with the Yoast SEO plugin v25.3.1 - https:\/\/yoast.com\/wordpress\/plugins\/seo\/ -->\n<title>Conexi\u00f3n de Kostal KSEM con Trydan | V2C \u00ae<\/title>\n<meta name=\"description\" content=\"Los inversores Kostal pueden conectarse a Trydan directamente a trav\u00e9s del medidor de energ\u00eda KSEM por comunicaci\u00f3n Modbus TCP.\" \/>\n<meta name=\"robots\" content=\"index, follow, max-snippet:-1, max-image-preview:large, max-video-preview:-1\" \/>\n<link rel=\"canonical\" href=\"https:\/\/v2charge.com\/es\/soporte\/trydan\/integracion-fotovoltaica\/medidor-kostal-ksem\/\" \/>\n<meta property=\"og:locale\" content=\"es_ES\" \/>\n<meta property=\"og:type\" content=\"article\" \/>\n<meta property=\"og:title\" content=\"Conexi\u00f3n de Kostal KSEM con Trydan | V2C \u00ae\" \/>\n<meta property=\"og:description\" content=\"Los inversores Kostal pueden conectarse a Trydan directamente a trav\u00e9s del medidor de energ\u00eda KSEM por comunicaci\u00f3n Modbus TCP.\" \/>\n<meta property=\"og:url\" content=\"https:\/\/v2charge.com\/es\/soporte\/trydan\/integracion-fotovoltaica\/medidor-kostal-ksem\/\" \/>\n<meta property=\"og:site_name\" content=\"V2C\" \/>\n<meta property=\"article:publisher\" content=\"https:\/\/www.facebook.com\/V2C.Charge\" \/>\n<meta property=\"article:modified_time\" content=\"2025-07-18T11:57:38+00:00\" \/>\n<meta property=\"og:image\" content=\"https:\/\/v2charge.com\/wp-content\/uploads\/2024\/07\/v2c-electric-chargers.jpg\" \/>\n\t<meta property=\"og:image:width\" content=\"1200\" \/>\n\t<meta property=\"og:image:height\" content=\"675\" \/>\n\t<meta property=\"og:image:type\" content=\"image\/jpeg\" \/>\n<meta name=\"twitter:card\" content=\"summary_large_image\" \/>\n<meta name=\"twitter:site\" content=\"@V2C_Charge\" \/>\n<meta name=\"twitter:label1\" content=\"Tiempo de lectura\" \/>\n\t<meta name=\"twitter:data1\" content=\"3 minutos\" \/>\n<script type=\"application\/ld+json\" class=\"yoast-schema-graph\">{\"@context\":\"https:\/\/schema.org\",\"@graph\":[{\"@type\":\"WebPage\",\"@id\":\"https:\/\/v2charge.com\/es\/soporte\/control-potencia\/dinamico\/medidor-kostal-ksem\/\",\"url\":\"https:\/\/v2charge.com\/es\/soporte\/trydan\/integracion-fotovoltaica\/medidor-kostal-ksem\/\",\"name\":\"Conexi\u00f3n de Kostal KSEM con Trydan | V2C \u00ae\",\"isPartOf\":{\"@id\":\"https:\/\/v2charge.com\/es\/#website\"},\"primaryImageOfPage\":{\"@id\":\"https:\/\/v2charge.com\/es\/soporte\/trydan\/integracion-fotovoltaica\/medidor-kostal-ksem\/#primaryimage\"},\"image\":{\"@id\":\"https:\/\/v2charge.com\/es\/soporte\/trydan\/integracion-fotovoltaica\/medidor-kostal-ksem\/#primaryimage\"},\"thumbnailUrl\":\"https:\/\/v2charge.com\/wp-content\/uploads\/2024\/07\/v2c-electric-chargers.jpg\",\"datePublished\":\"2023-02-01T09:47:32+00:00\",\"dateModified\":\"2025-07-18T11:57:38+00:00\",\"description\":\"Los inversores Kostal pueden conectarse a Trydan directamente a trav\u00e9s del medidor de energ\u00eda KSEM por comunicaci\u00f3n Modbus TCP.\",\"breadcrumb\":{\"@id\":\"https:\/\/v2charge.com\/es\/soporte\/trydan\/integracion-fotovoltaica\/medidor-kostal-ksem\/#breadcrumb\"},\"inLanguage\":\"es\",\"potentialAction\":[{\"@type\":\"ReadAction\",\"target\":[\"https:\/\/v2charge.com\/es\/soporte\/trydan\/integracion-fotovoltaica\/medidor-kostal-ksem\/\"]}]},{\"@type\":\"ImageObject\",\"inLanguage\":\"es\",\"@id\":\"https:\/\/v2charge.com\/es\/soporte\/trydan\/integracion-fotovoltaica\/medidor-kostal-ksem\/#primaryimage\",\"url\":\"https:\/\/v2charge.com\/wp-content\/uploads\/2024\/07\/v2c-electric-chargers.jpg\",\"contentUrl\":\"https:\/\/v2charge.com\/wp-content\/uploads\/2024\/07\/v2c-electric-chargers.jpg\",\"width\":1200,\"height\":675,\"caption\":\"V2C Electric Chargers\"},{\"@type\":\"BreadcrumbList\",\"@id\":\"https:\/\/v2charge.com\/es\/soporte\/trydan\/integracion-fotovoltaica\/medidor-kostal-ksem\/#breadcrumb\",\"itemListElement\":[{\"@type\":\"ListItem\",\"position\":1,\"name\":\"V2C\",\"item\":\"https:\/\/v2charge.com\/es\/\"},{\"@type\":\"ListItem\",\"position\":2,\"name\":\"\u00c1rea de Soporte\",\"item\":\"https:\/\/v2charge.com\/es\/soporte\/\"},{\"@type\":\"ListItem\",\"position\":3,\"name\":\"Control de potencia\",\"item\":\"https:\/\/v2charge.com\/es\/soporte\/control-potencia\/\"},{\"@type\":\"ListItem\",\"position\":4,\"name\":\"Din\u00e1mico\",\"item\":\"https:\/\/v2charge.com\/es\/soporte\/control-potencia\/dinamico\/\"},{\"@type\":\"ListItem\",\"position\":5,\"name\":\"Conexi\u00f3n de Kostal KSEM con Trydan\"}]},{\"@type\":\"WebSite\",\"@id\":\"https:\/\/v2charge.com\/es\/#website\",\"url\":\"https:\/\/v2charge.com\/es\/\",\"name\":\"V2C\",\"description\":\"#CargandoElMa\u00f1ana\",\"publisher\":{\"@id\":\"https:\/\/v2charge.com\/es\/#organization\"},\"potentialAction\":[{\"@type\":\"SearchAction\",\"target\":{\"@type\":\"EntryPoint\",\"urlTemplate\":\"https:\/\/v2charge.com\/es\/?s={search_term_string}\"},\"query-input\":{\"@type\":\"PropertyValueSpecification\",\"valueRequired\":true,\"valueName\":\"search_term_string\"}}],\"inLanguage\":\"es\"},{\"@type\":\"Organization\",\"@id\":\"https:\/\/v2charge.com\/es\/#organization\",\"name\":\"V2C\",\"url\":\"https:\/\/v2charge.com\/es\/\",\"logo\":{\"@type\":\"ImageObject\",\"inLanguage\":\"es\",\"@id\":\"https:\/\/v2charge.com\/es\/#\/schema\/logo\/image\/\",\"url\":\"https:\/\/v2charge.com\/wp-content\/uploads\/2024\/11\/cropped-v2c-charge-logo-menu.png\",\"contentUrl\":\"https:\/\/v2charge.com\/wp-content\/uploads\/2024\/11\/cropped-v2c-charge-logo-menu.png\",\"width\":984,\"height\":431,\"caption\":\"V2C\"},\"image\":{\"@id\":\"https:\/\/v2charge.com\/es\/#\/schema\/logo\/image\/\"},\"sameAs\":[\"https:\/\/www.facebook.com\/V2C.Charge\",\"https:\/\/x.com\/V2C_Charge\",\"https:\/\/www.instagram.com\/v2c.charge\/\",\"https:\/\/www.youtube.com\/@V2C\",\"https:\/\/www.linkedin.com\/company\/v2c-chargers\/\"]}]}<\/script>\n<!-- \/ Yoast SEO plugin. -->","yoast_head_json":{"title":"Conexi\u00f3n de Kostal KSEM con Trydan | V2C \u00ae","description":"Los inversores Kostal pueden conectarse a Trydan directamente a trav\u00e9s del medidor de energ\u00eda KSEM por comunicaci\u00f3n Modbus TCP.","robots":{"index":"index","follow":"follow","max-snippet":"max-snippet:-1","max-image-preview":"max-image-preview:large","max-video-preview":"max-video-preview:-1"},"canonical":"https:\/\/v2charge.com\/es\/soporte\/trydan\/integracion-fotovoltaica\/medidor-kostal-ksem\/","og_locale":"es_ES","og_type":"article","og_title":"Conexi\u00f3n de Kostal KSEM con Trydan | V2C \u00ae","og_description":"Los inversores Kostal pueden conectarse a Trydan directamente a trav\u00e9s del medidor de energ\u00eda KSEM por comunicaci\u00f3n Modbus TCP.","og_url":"https:\/\/v2charge.com\/es\/soporte\/trydan\/integracion-fotovoltaica\/medidor-kostal-ksem\/","og_site_name":"V2C","article_publisher":"https:\/\/www.facebook.com\/V2C.Charge","article_modified_time":"2025-07-18T11:57:38+00:00","og_image":[{"width":1200,"height":675,"url":"https:\/\/v2charge.com\/wp-content\/uploads\/2024\/07\/v2c-electric-chargers.jpg","type":"image\/jpeg"}],"twitter_card":"summary_large_image","twitter_site":"@V2C_Charge","twitter_misc":{"Tiempo de lectura":"3 minutos"},"schema":{"@context":"https:\/\/schema.org","@graph":[{"@type":"WebPage","@id":"https:\/\/v2charge.com\/es\/soporte\/control-potencia\/dinamico\/medidor-kostal-ksem\/","url":"https:\/\/v2charge.com\/es\/soporte\/trydan\/integracion-fotovoltaica\/medidor-kostal-ksem\/","name":"Conexi\u00f3n de Kostal KSEM con Trydan | V2C \u00ae","isPartOf":{"@id":"https:\/\/v2charge.com\/es\/#website"},"primaryImageOfPage":{"@id":"https:\/\/v2charge.com\/es\/soporte\/trydan\/integracion-fotovoltaica\/medidor-kostal-ksem\/#primaryimage"},"image":{"@id":"https:\/\/v2charge.com\/es\/soporte\/trydan\/integracion-fotovoltaica\/medidor-kostal-ksem\/#primaryimage"},"thumbnailUrl":"https:\/\/v2charge.com\/wp-content\/uploads\/2024\/07\/v2c-electric-chargers.jpg","datePublished":"2023-02-01T09:47:32+00:00","dateModified":"2025-07-18T11:57:38+00:00","description":"Los inversores Kostal pueden conectarse a Trydan directamente a trav\u00e9s del medidor de energ\u00eda KSEM por comunicaci\u00f3n Modbus TCP.","breadcrumb":{"@id":"https:\/\/v2charge.com\/es\/soporte\/trydan\/integracion-fotovoltaica\/medidor-kostal-ksem\/#breadcrumb"},"inLanguage":"es","potentialAction":[{"@type":"ReadAction","target":["https:\/\/v2charge.com\/es\/soporte\/trydan\/integracion-fotovoltaica\/medidor-kostal-ksem\/"]}]},{"@type":"ImageObject","inLanguage":"es","@id":"https:\/\/v2charge.com\/es\/soporte\/trydan\/integracion-fotovoltaica\/medidor-kostal-ksem\/#primaryimage","url":"https:\/\/v2charge.com\/wp-content\/uploads\/2024\/07\/v2c-electric-chargers.jpg","contentUrl":"https:\/\/v2charge.com\/wp-content\/uploads\/2024\/07\/v2c-electric-chargers.jpg","width":1200,"height":675,"caption":"V2C Electric Chargers"},{"@type":"BreadcrumbList","@id":"https:\/\/v2charge.com\/es\/soporte\/trydan\/integracion-fotovoltaica\/medidor-kostal-ksem\/#breadcrumb","itemListElement":[{"@type":"ListItem","position":1,"name":"V2C","item":"https:\/\/v2charge.com\/es\/"},{"@type":"ListItem","position":2,"name":"\u00c1rea de Soporte","item":"https:\/\/v2charge.com\/es\/soporte\/"},{"@type":"ListItem","position":3,"name":"Control de potencia","item":"https:\/\/v2charge.com\/es\/soporte\/control-potencia\/"},{"@type":"ListItem","position":4,"name":"Din\u00e1mico","item":"https:\/\/v2charge.com\/es\/soporte\/control-potencia\/dinamico\/"},{"@type":"ListItem","position":5,"name":"Conexi\u00f3n de Kostal KSEM con Trydan"}]},{"@type":"WebSite","@id":"https:\/\/v2charge.com\/es\/#website","url":"https:\/\/v2charge.com\/es\/","name":"V2C","description":"#CargandoElMa\u00f1ana","publisher":{"@id":"https:\/\/v2charge.com\/es\/#organization"},"potentialAction":[{"@type":"SearchAction","target":{"@type":"EntryPoint","urlTemplate":"https:\/\/v2charge.com\/es\/?s={search_term_string}"},"query-input":{"@type":"PropertyValueSpecification","valueRequired":true,"valueName":"search_term_string"}}],"inLanguage":"es"},{"@type":"Organization","@id":"https:\/\/v2charge.com\/es\/#organization","name":"V2C","url":"https:\/\/v2charge.com\/es\/","logo":{"@type":"ImageObject","inLanguage":"es","@id":"https:\/\/v2charge.com\/es\/#\/schema\/logo\/image\/","url":"https:\/\/v2charge.com\/wp-content\/uploads\/2024\/11\/cropped-v2c-charge-logo-menu.png","contentUrl":"https:\/\/v2charge.com\/wp-content\/uploads\/2024\/11\/cropped-v2c-charge-logo-menu.png","width":984,"height":431,"caption":"V2C"},"image":{"@id":"https:\/\/v2charge.com\/es\/#\/schema\/logo\/image\/"},"sameAs":["https:\/\/www.facebook.com\/V2C.Charge","https:\/\/x.com\/V2C_Charge","https:\/\/www.instagram.com\/v2c.charge\/","https:\/\/www.youtube.com\/@V2C","https:\/\/www.linkedin.com\/company\/v2c-chargers\/"]}]}},"uagb_featured_image_src":{"full":["https:\/\/v2charge.com\/wp-content\/uploads\/2024\/07\/v2c-electric-chargers.jpg",1200,675,false],"thumbnail":["https:\/\/v2charge.com\/wp-content\/uploads\/2024\/07\/v2c-electric-chargers-150x150.jpg",150,150,true],"medium":["https:\/\/v2charge.com\/wp-content\/uploads\/2024\/07\/v2c-electric-chargers-300x169.jpg",300,169,true],"medium_large":["https:\/\/v2charge.com\/wp-content\/uploads\/2024\/07\/v2c-electric-chargers-768x432.jpg",768,432,true],"large":["https:\/\/v2charge.com\/wp-content\/uploads\/2024\/07\/v2c-electric-chargers-1024x576.jpg",1024,576,true],"gs-tiny":["https:\/\/v2charge.com\/wp-content\/uploads\/2024\/07\/v2c-electric-chargers.jpg",50,28,false],"xl":["https:\/\/v2charge.com\/wp-content\/uploads\/2024\/07\/v2c-electric-chargers.jpg",1200,675,false],"xxl":["https:\/\/v2charge.com\/wp-content\/uploads\/2024\/07\/v2c-electric-chargers.jpg",1200,675,false],"xxxl":["https:\/\/v2charge.com\/wp-content\/uploads\/2024\/07\/v2c-electric-chargers.jpg",1200,675,false],"xxxxl":["https:\/\/v2charge.com\/wp-content\/uploads\/2024\/07\/v2c-electric-chargers.jpg",1200,675,false],"xxxxxl":["https:\/\/v2charge.com\/wp-content\/uploads\/2024\/07\/v2c-electric-chargers.jpg",1200,675,false],"1536x1536":["https:\/\/v2charge.com\/wp-content\/uploads\/2024\/07\/v2c-electric-chargers.jpg",1200,675,false],"2048x2048":["https:\/\/v2charge.com\/wp-content\/uploads\/2024\/07\/v2c-electric-chargers.jpg",1200,675,false]},"uagb_author_info":{"display_name":"V2C","author_link":"https:\/\/v2charge.com\/es\/author\/root_k4eu7ki8\/"},"uagb_comment_info":0,"uagb_excerpt":"Conexi\u00f3n de Kostal KSEM con Trydan Los inversores Kostal pueden conectarse a Trydan directamente a trav\u00e9s del medidor de energ\u00eda KSEM (Kostal Smart Energy Meter) por comunicaci\u00f3n Modbus TCP. El uso de&nbsp;repetidores Wi-Fi&nbsp;o&nbsp;redes mesh&nbsp;puede afectar al correcto funcionamiento del sistema. Recomendamos utilizar una&nbsp;red Wi-Fi estable y directa&nbsp;para garantizar una conexi\u00f3n \u00f3ptima entre el cargador y&hellip;","_links":{"self":[{"href":"https:\/\/v2charge.com\/es\/wp-json\/wp\/v2\/pages\/92792","targetHints":{"allow":["GET"]}}],"collection":[{"href":"https:\/\/v2charge.com\/es\/wp-json\/wp\/v2\/pages"}],"about":[{"href":"https:\/\/v2charge.com\/es\/wp-json\/wp\/v2\/types\/page"}],"author":[{"embeddable":true,"href":"https:\/\/v2charge.com\/es\/wp-json\/wp\/v2\/users\/1"}],"replies":[{"embeddable":true,"href":"https:\/\/v2charge.com\/es\/wp-json\/wp\/v2\/comments?post=92792"}],"version-history":[{"count":4,"href":"https:\/\/v2charge.com\/es\/wp-json\/wp\/v2\/pages\/92792\/revisions"}],"predecessor-version":[{"id":238655,"href":"https:\/\/v2charge.com\/es\/wp-json\/wp\/v2\/pages\/92792\/revisions\/238655"}],"up":[{"embeddable":true,"href":"https:\/\/v2charge.com\/es\/wp-json\/wp\/v2\/pages\/117929"}],"wp:featuredmedia":[{"embeddable":true,"href":"https:\/\/v2charge.com\/es\/wp-json\/wp\/v2\/media\/170354"}],"wp:attachment":[{"href":"https:\/\/v2charge.com\/es\/wp-json\/wp\/v2\/media?parent=92792"}],"curies":[{"name":"wp","href":"https:\/\/api.w.org\/{rel}","templated":true}]}}