{"id":92909,"date":"2023-02-03T14:19:30","date_gmt":"2023-02-03T14:19:30","guid":{"rendered":"https:\/\/v2charge.com\/?page_id=92909"},"modified":"2023-06-12T13:51:56","modified_gmt":"2023-06-12T13:51:56","slug":"conexion-modbus-rtu-punto-de-recarga-trydan-para-medidor-como-esclavo","status":"publish","type":"page","link":"https:\/\/v2charge.com\/es\/conexion-modbus-rtu-punto-de-recarga-trydan-para-medidor-como-esclavo\/","title":{"rendered":"Conexi\u00f3n MODBUS RTU punto de recarga Trydan para medidor como esclavo"},"content":{"rendered":"\n<div style=\"height:60px\" aria-hidden=\"true\" class=\"wp-block-spacer\"><\/div>\n\n\n<h1>Conexi\u00f3n MODBUS RTU punto de recarga Trydan para medidor esclavo<\/h1>\n\n\n<p>El punto de recarga Trydan tiene conexi\u00f3n a trav\u00e9s del protocolo Modbus RTU, con dos finalidades. <\/p>\n\n\n\n<ol class=\"wp-block-list\"><li>Operar el punto de recarga en remoto. Usuarios Avanzados ver: <a href=\"https:\/\/docs.google.com\/spreadsheets\/d\/e\/2PACX-1vQGA_7Z4YaSMZeHRTnAP6z_82dVPmM33NxJhvsDBEFn8LyWjX-RX_fkR7KCErqAE4aGFvPrUufooHoM\/pubhtml?gid=0&amp;single=true\" target=\"_blank\" rel=\"noreferrer noopener\">Memoria MODBUS<\/a><\/li><li>Obtener datos de Smart Meters comerciales, para integraci\u00f3n como esclavo, con compatibilidad fotovoltaica. <\/li><\/ol>\n\n\n\n<h2 class=\"wp-block-heading\">Medidores compatibles<\/h2>\n\n\n\n<p>Se van a\u00f1adiendo medidores constantemente siendo la lista actual:<\/p>\n\n\n\n<ul class=\"wp-block-list\"><li>Chint DDSU666-H (normalmente usado en inversores Huawei, SAJ..)<\/li><li>Eastron (SDM120\/220\/320)<\/li><li>Phoneix Contact<\/li><li>Carlo Gavazzi<\/li><\/ul>\n\n\n\n<h2 class=\"wp-block-heading\">Conexi\u00f3n El\u00e9ctrica<\/h2>\n\n\n\n<p>Las conexiones MODBUS RTU se hacen a trav\u00e9s de dos cables. El medidor debe disponer de un puerto A y B. Y ese cable hay que llevarlo hasta nuestro punto de recarga. El medidor tiene que estar configurado en el address 1 y con un Baud Rate de 9600 (normalmente suele ser la configuraci\u00f3n por defecto y la mayor\u00eda de medidores de fotovoltaica usan esta configuraci\u00f3n por defecto). La conexi\u00f3n entra directamente en el conector RJ45, del punto de recarga. Siendo A y B los cables que salen abajo se\u00f1alados. El resto no hace falta ponerlos. 4 B y 5 A. El cable da igual el tipo aunque un cable ethernet es m\u00e1s barato y va apantallado. <\/p>\n\n\n\n<figure><img decoding=\"async\" src=\"https:\/\/v2charge.com\/wp-content\/uploads\/2023\/01\/conexion-trydan-solis-734x1024.jpg\" alt=\"\" width=\"274\" height=\"382\"\/><\/figure>\n\n\n\n<figure><img decoding=\"async\" src=\"https:\/\/v2charge.com\/wp-content\/uploads\/2023\/01\/image-3.png\" alt=\"\" width=\"476\" height=\"331\"\/><\/figure>\n\n\n\n<h2 class=\"wp-block-heading\">Seleccionar en la APP el medidor correspondiente<\/h2>\n\n\n\n<figure><img decoding=\"async\" src=\"https:\/\/v2charge.com\/wp-content\/uploads\/2023\/02\/WhatsApp-Image-2023-02-03-at-15.12.00_iphone13blue_portrait-548x1024.png\" alt=\"\" width=\"449\" height=\"839\"\/><\/figure>\n\n\n\n<p><em>Atenci\u00f3n en modo fotovoltaico, todos los modos de funcionamiento van a funcionar si bien el cliente no va a poder ver la generaci\u00f3n fotovoltaica en el punto de recarga. <\/em><\/p>\n\n\n\n<div style=\"height:60px\" aria-hidden=\"true\" class=\"wp-block-spacer\"><\/div>\n","protected":false},"excerpt":{"rendered":"<p>Conexi\u00f3n MODBUS RTU punto de recarga Trydan para medidor esclavo El punto de recarga Trydan tiene conexi\u00f3n a trav\u00e9s del protocolo Modbus RTU, con dos finalidades. Operar el punto de recarga en remoto. Usuarios Avanzados ver: Memoria MODBUS Obtener datos de Smart Meters comerciales, para integraci\u00f3n como esclavo, con compatibilidad fotovoltaica. Medidores compatibles Se van &#8230; <a title=\"Conexi\u00f3n MODBUS RTU punto de recarga Trydan para medidor como esclavo\" class=\"read-more\" href=\"https:\/\/v2charge.com\/es\/conexion-modbus-rtu-punto-de-recarga-trydan-para-medidor-como-esclavo\/\" aria-label=\"Leer m\u00e1s sobre Conexi\u00f3n MODBUS RTU punto de recarga Trydan para medidor como esclavo\">Leer m\u00e1s<\/a><\/p>\n","protected":false},"author":1,"featured_media":170354,"parent":0,"menu_order":0,"comment_status":"closed","ping_status":"closed","template":"","meta":{"_eb_attr":"","content-type":"","_uag_custom_page_level_css":"","footnotes":""},"class_list":["post-92909","page","type-page","status-publish","has-post-thumbnail"],"yoast_head":"<!-- This site is optimized with the Yoast SEO plugin v25.3.1 - https:\/\/yoast.com\/wordpress\/plugins\/seo\/ -->\n<title>Conexi\u00f3n MODBUS RTU punto de recarga Trydan para medidor como esclavo - V2C<\/title>\n<meta name=\"robots\" content=\"index, follow, max-snippet:-1, max-image-preview:large, max-video-preview:-1\" \/>\n<link rel=\"canonical\" href=\"https:\/\/v2charge.com\/es\/conexion-modbus-rtu-punto-de-recarga-trydan-para-medidor-como-esclavo\/\" \/>\n<meta property=\"og:locale\" content=\"es_ES\" \/>\n<meta property=\"og:type\" content=\"article\" \/>\n<meta property=\"og:title\" content=\"Conexi\u00f3n MODBUS RTU punto de recarga Trydan para medidor como esclavo - V2C\" \/>\n<meta property=\"og:description\" content=\"Conexi\u00f3n MODBUS RTU punto de recarga Trydan para medidor esclavo El punto de recarga Trydan tiene conexi\u00f3n a trav\u00e9s del protocolo Modbus RTU, con dos finalidades. Operar el punto de recarga en remoto. Usuarios Avanzados ver: Memoria MODBUS Obtener datos de Smart Meters comerciales, para integraci\u00f3n como esclavo, con compatibilidad fotovoltaica. Medidores compatibles Se van ... Leer m\u00e1s\" \/>\n<meta property=\"og:url\" content=\"https:\/\/v2charge.com\/es\/conexion-modbus-rtu-punto-de-recarga-trydan-para-medidor-como-esclavo\/\" \/>\n<meta property=\"og:site_name\" content=\"V2C\" \/>\n<meta property=\"article:publisher\" content=\"https:\/\/www.facebook.com\/V2C.Charge\" \/>\n<meta property=\"article:modified_time\" content=\"2023-06-12T13:51:56+00:00\" \/>\n<meta property=\"og:image\" content=\"https:\/\/v2charge.com\/wp-content\/uploads\/2023\/01\/conexion-trydan-solis-734x1024.jpg\" \/>\n<meta name=\"twitter:card\" content=\"summary_large_image\" \/>\n<meta name=\"twitter:site\" content=\"@V2C_Charge\" \/>\n<meta name=\"twitter:label1\" content=\"Tiempo de lectura\" \/>\n\t<meta name=\"twitter:data1\" content=\"2 minutos\" \/>\n<script type=\"application\/ld+json\" class=\"yoast-schema-graph\">{\"@context\":\"https:\/\/schema.org\",\"@graph\":[{\"@type\":\"WebPage\",\"@id\":\"https:\/\/v2charge.com\/es\/conexion-modbus-rtu-punto-de-recarga-trydan-para-medidor-como-esclavo\/\",\"url\":\"https:\/\/v2charge.com\/es\/conexion-modbus-rtu-punto-de-recarga-trydan-para-medidor-como-esclavo\/\",\"name\":\"Conexi\u00f3n MODBUS RTU punto de recarga Trydan para medidor como esclavo - V2C\",\"isPartOf\":{\"@id\":\"https:\/\/v2charge.com\/es\/#website\"},\"primaryImageOfPage\":{\"@id\":\"https:\/\/v2charge.com\/es\/conexion-modbus-rtu-punto-de-recarga-trydan-para-medidor-como-esclavo\/#primaryimage\"},\"image\":{\"@id\":\"https:\/\/v2charge.com\/es\/conexion-modbus-rtu-punto-de-recarga-trydan-para-medidor-como-esclavo\/#primaryimage\"},\"thumbnailUrl\":\"https:\/\/v2charge.com\/wp-content\/uploads\/2024\/07\/v2c-electric-chargers.jpg\",\"datePublished\":\"2023-02-03T14:19:30+00:00\",\"dateModified\":\"2023-06-12T13:51:56+00:00\",\"breadcrumb\":{\"@id\":\"https:\/\/v2charge.com\/es\/conexion-modbus-rtu-punto-de-recarga-trydan-para-medidor-como-esclavo\/#breadcrumb\"},\"inLanguage\":\"es\",\"potentialAction\":[{\"@type\":\"ReadAction\",\"target\":[\"https:\/\/v2charge.com\/es\/conexion-modbus-rtu-punto-de-recarga-trydan-para-medidor-como-esclavo\/\"]}]},{\"@type\":\"ImageObject\",\"inLanguage\":\"es\",\"@id\":\"https:\/\/v2charge.com\/es\/conexion-modbus-rtu-punto-de-recarga-trydan-para-medidor-como-esclavo\/#primaryimage\",\"url\":\"https:\/\/v2charge.com\/wp-content\/uploads\/2024\/07\/v2c-electric-chargers.jpg\",\"contentUrl\":\"https:\/\/v2charge.com\/wp-content\/uploads\/2024\/07\/v2c-electric-chargers.jpg\",\"width\":1200,\"height\":675,\"caption\":\"V2C Electric Chargers\"},{\"@type\":\"BreadcrumbList\",\"@id\":\"https:\/\/v2charge.com\/es\/conexion-modbus-rtu-punto-de-recarga-trydan-para-medidor-como-esclavo\/#breadcrumb\",\"itemListElement\":[{\"@type\":\"ListItem\",\"position\":1,\"name\":\"V2C\",\"item\":\"https:\/\/v2charge.com\/es\/\"},{\"@type\":\"ListItem\",\"position\":2,\"name\":\"Conexi\u00f3n MODBUS RTU punto de recarga Trydan para medidor como esclavo\"}]},{\"@type\":\"WebSite\",\"@id\":\"https:\/\/v2charge.com\/es\/#website\",\"url\":\"https:\/\/v2charge.com\/es\/\",\"name\":\"V2C\",\"description\":\"#CargandoElMa\u00f1ana\",\"publisher\":{\"@id\":\"https:\/\/v2charge.com\/es\/#organization\"},\"potentialAction\":[{\"@type\":\"SearchAction\",\"target\":{\"@type\":\"EntryPoint\",\"urlTemplate\":\"https:\/\/v2charge.com\/es\/?s={search_term_string}\"},\"query-input\":{\"@type\":\"PropertyValueSpecification\",\"valueRequired\":true,\"valueName\":\"search_term_string\"}}],\"inLanguage\":\"es\"},{\"@type\":\"Organization\",\"@id\":\"https:\/\/v2charge.com\/es\/#organization\",\"name\":\"V2C\",\"url\":\"https:\/\/v2charge.com\/es\/\",\"logo\":{\"@type\":\"ImageObject\",\"inLanguage\":\"es\",\"@id\":\"https:\/\/v2charge.com\/es\/#\/schema\/logo\/image\/\",\"url\":\"https:\/\/v2charge.com\/wp-content\/uploads\/2024\/11\/cropped-v2c-charge-logo-menu.png\",\"contentUrl\":\"https:\/\/v2charge.com\/wp-content\/uploads\/2024\/11\/cropped-v2c-charge-logo-menu.png\",\"width\":984,\"height\":431,\"caption\":\"V2C\"},\"image\":{\"@id\":\"https:\/\/v2charge.com\/es\/#\/schema\/logo\/image\/\"},\"sameAs\":[\"https:\/\/www.facebook.com\/V2C.Charge\",\"https:\/\/x.com\/V2C_Charge\",\"https:\/\/www.instagram.com\/v2c.charge\/\",\"https:\/\/www.youtube.com\/@V2C\",\"https:\/\/www.linkedin.com\/company\/v2c-chargers\/\"]}]}<\/script>\n<!-- \/ Yoast SEO plugin. -->","yoast_head_json":{"title":"Conexi\u00f3n MODBUS RTU punto de recarga Trydan para medidor como esclavo - V2C","robots":{"index":"index","follow":"follow","max-snippet":"max-snippet:-1","max-image-preview":"max-image-preview:large","max-video-preview":"max-video-preview:-1"},"canonical":"https:\/\/v2charge.com\/es\/conexion-modbus-rtu-punto-de-recarga-trydan-para-medidor-como-esclavo\/","og_locale":"es_ES","og_type":"article","og_title":"Conexi\u00f3n MODBUS RTU punto de recarga Trydan para medidor como esclavo - V2C","og_description":"Conexi\u00f3n MODBUS RTU punto de recarga Trydan para medidor esclavo El punto de recarga Trydan tiene conexi\u00f3n a trav\u00e9s del protocolo Modbus RTU, con dos finalidades. Operar el punto de recarga en remoto. Usuarios Avanzados ver: Memoria MODBUS Obtener datos de Smart Meters comerciales, para integraci\u00f3n como esclavo, con compatibilidad fotovoltaica. Medidores compatibles Se van ... Leer m\u00e1s","og_url":"https:\/\/v2charge.com\/es\/conexion-modbus-rtu-punto-de-recarga-trydan-para-medidor-como-esclavo\/","og_site_name":"V2C","article_publisher":"https:\/\/www.facebook.com\/V2C.Charge","article_modified_time":"2023-06-12T13:51:56+00:00","og_image":[{"url":"https:\/\/v2charge.com\/wp-content\/uploads\/2023\/01\/conexion-trydan-solis-734x1024.jpg","type":"","width":"","height":""}],"twitter_card":"summary_large_image","twitter_site":"@V2C_Charge","twitter_misc":{"Tiempo de lectura":"2 minutos"},"schema":{"@context":"https:\/\/schema.org","@graph":[{"@type":"WebPage","@id":"https:\/\/v2charge.com\/es\/conexion-modbus-rtu-punto-de-recarga-trydan-para-medidor-como-esclavo\/","url":"https:\/\/v2charge.com\/es\/conexion-modbus-rtu-punto-de-recarga-trydan-para-medidor-como-esclavo\/","name":"Conexi\u00f3n MODBUS RTU punto de recarga Trydan para medidor como esclavo - V2C","isPartOf":{"@id":"https:\/\/v2charge.com\/es\/#website"},"primaryImageOfPage":{"@id":"https:\/\/v2charge.com\/es\/conexion-modbus-rtu-punto-de-recarga-trydan-para-medidor-como-esclavo\/#primaryimage"},"image":{"@id":"https:\/\/v2charge.com\/es\/conexion-modbus-rtu-punto-de-recarga-trydan-para-medidor-como-esclavo\/#primaryimage"},"thumbnailUrl":"https:\/\/v2charge.com\/wp-content\/uploads\/2024\/07\/v2c-electric-chargers.jpg","datePublished":"2023-02-03T14:19:30+00:00","dateModified":"2023-06-12T13:51:56+00:00","breadcrumb":{"@id":"https:\/\/v2charge.com\/es\/conexion-modbus-rtu-punto-de-recarga-trydan-para-medidor-como-esclavo\/#breadcrumb"},"inLanguage":"es","potentialAction":[{"@type":"ReadAction","target":["https:\/\/v2charge.com\/es\/conexion-modbus-rtu-punto-de-recarga-trydan-para-medidor-como-esclavo\/"]}]},{"@type":"ImageObject","inLanguage":"es","@id":"https:\/\/v2charge.com\/es\/conexion-modbus-rtu-punto-de-recarga-trydan-para-medidor-como-esclavo\/#primaryimage","url":"https:\/\/v2charge.com\/wp-content\/uploads\/2024\/07\/v2c-electric-chargers.jpg","contentUrl":"https:\/\/v2charge.com\/wp-content\/uploads\/2024\/07\/v2c-electric-chargers.jpg","width":1200,"height":675,"caption":"V2C Electric Chargers"},{"@type":"BreadcrumbList","@id":"https:\/\/v2charge.com\/es\/conexion-modbus-rtu-punto-de-recarga-trydan-para-medidor-como-esclavo\/#breadcrumb","itemListElement":[{"@type":"ListItem","position":1,"name":"V2C","item":"https:\/\/v2charge.com\/es\/"},{"@type":"ListItem","position":2,"name":"Conexi\u00f3n MODBUS RTU punto de recarga Trydan para medidor como esclavo"}]},{"@type":"WebSite","@id":"https:\/\/v2charge.com\/es\/#website","url":"https:\/\/v2charge.com\/es\/","name":"V2C","description":"#CargandoElMa\u00f1ana","publisher":{"@id":"https:\/\/v2charge.com\/es\/#organization"},"potentialAction":[{"@type":"SearchAction","target":{"@type":"EntryPoint","urlTemplate":"https:\/\/v2charge.com\/es\/?s={search_term_string}"},"query-input":{"@type":"PropertyValueSpecification","valueRequired":true,"valueName":"search_term_string"}}],"inLanguage":"es"},{"@type":"Organization","@id":"https:\/\/v2charge.com\/es\/#organization","name":"V2C","url":"https:\/\/v2charge.com\/es\/","logo":{"@type":"ImageObject","inLanguage":"es","@id":"https:\/\/v2charge.com\/es\/#\/schema\/logo\/image\/","url":"https:\/\/v2charge.com\/wp-content\/uploads\/2024\/11\/cropped-v2c-charge-logo-menu.png","contentUrl":"https:\/\/v2charge.com\/wp-content\/uploads\/2024\/11\/cropped-v2c-charge-logo-menu.png","width":984,"height":431,"caption":"V2C"},"image":{"@id":"https:\/\/v2charge.com\/es\/#\/schema\/logo\/image\/"},"sameAs":["https:\/\/www.facebook.com\/V2C.Charge","https:\/\/x.com\/V2C_Charge","https:\/\/www.instagram.com\/v2c.charge\/","https:\/\/www.youtube.com\/@V2C","https:\/\/www.linkedin.com\/company\/v2c-chargers\/"]}]}},"uagb_featured_image_src":{"full":["https:\/\/v2charge.com\/wp-content\/uploads\/2024\/07\/v2c-electric-chargers.jpg",1200,675,false],"thumbnail":["https:\/\/v2charge.com\/wp-content\/uploads\/2024\/07\/v2c-electric-chargers-150x150.jpg",150,150,true],"medium":["https:\/\/v2charge.com\/wp-content\/uploads\/2024\/07\/v2c-electric-chargers-300x169.jpg",300,169,true],"medium_large":["https:\/\/v2charge.com\/wp-content\/uploads\/2024\/07\/v2c-electric-chargers-768x432.jpg",768,432,true],"large":["https:\/\/v2charge.com\/wp-content\/uploads\/2024\/07\/v2c-electric-chargers-1024x576.jpg",1024,576,true],"gs-tiny":["https:\/\/v2charge.com\/wp-content\/uploads\/2024\/07\/v2c-electric-chargers.jpg",50,28,false],"xl":["https:\/\/v2charge.com\/wp-content\/uploads\/2024\/07\/v2c-electric-chargers.jpg",1200,675,false],"xxl":["https:\/\/v2charge.com\/wp-content\/uploads\/2024\/07\/v2c-electric-chargers.jpg",1200,675,false],"xxxl":["https:\/\/v2charge.com\/wp-content\/uploads\/2024\/07\/v2c-electric-chargers.jpg",1200,675,false],"xxxxl":["https:\/\/v2charge.com\/wp-content\/uploads\/2024\/07\/v2c-electric-chargers.jpg",1200,675,false],"xxxxxl":["https:\/\/v2charge.com\/wp-content\/uploads\/2024\/07\/v2c-electric-chargers.jpg",1200,675,false],"1536x1536":["https:\/\/v2charge.com\/wp-content\/uploads\/2024\/07\/v2c-electric-chargers.jpg",1200,675,false],"2048x2048":["https:\/\/v2charge.com\/wp-content\/uploads\/2024\/07\/v2c-electric-chargers.jpg",1200,675,false]},"uagb_author_info":{"display_name":"V2C","author_link":"https:\/\/v2charge.com\/es\/author\/root_k4eu7ki8\/"},"uagb_comment_info":0,"uagb_excerpt":"Conexi\u00f3n MODBUS RTU punto de recarga Trydan para medidor esclavo El punto de recarga Trydan tiene conexi\u00f3n a trav\u00e9s del protocolo Modbus RTU, con dos finalidades. Operar el punto de recarga en remoto. Usuarios Avanzados ver: Memoria MODBUS Obtener datos de Smart Meters comerciales, para integraci\u00f3n como esclavo, con compatibilidad fotovoltaica. Medidores compatibles Se van&hellip;","_links":{"self":[{"href":"https:\/\/v2charge.com\/es\/wp-json\/wp\/v2\/pages\/92909","targetHints":{"allow":["GET"]}}],"collection":[{"href":"https:\/\/v2charge.com\/es\/wp-json\/wp\/v2\/pages"}],"about":[{"href":"https:\/\/v2charge.com\/es\/wp-json\/wp\/v2\/types\/page"}],"author":[{"embeddable":true,"href":"https:\/\/v2charge.com\/es\/wp-json\/wp\/v2\/users\/1"}],"replies":[{"embeddable":true,"href":"https:\/\/v2charge.com\/es\/wp-json\/wp\/v2\/comments?post=92909"}],"version-history":[{"count":1,"href":"https:\/\/v2charge.com\/es\/wp-json\/wp\/v2\/pages\/92909\/revisions"}],"predecessor-version":[{"id":293270,"href":"https:\/\/v2charge.com\/es\/wp-json\/wp\/v2\/pages\/92909\/revisions\/293270"}],"wp:featuredmedia":[{"embeddable":true,"href":"https:\/\/v2charge.com\/es\/wp-json\/wp\/v2\/media\/170354"}],"wp:attachment":[{"href":"https:\/\/v2charge.com\/es\/wp-json\/wp\/v2\/media?parent=92909"}],"curies":[{"name":"wp","href":"https:\/\/api.w.org\/{rel}","templated":true}]}}