{"id":98860,"date":"2023-04-27T14:11:02","date_gmt":"2023-04-27T14:11:02","guid":{"rendered":"https:\/\/v2charge.com\/?page_id=98860"},"modified":"2024-03-12T13:45:30","modified_gmt":"2024-03-12T11:45:30","slug":"manuales","status":"publish","type":"page","link":"https:\/\/v2charge.com\/es\/manuales\/","title":{"rendered":"Manuales de Instalaci\u00f3n"},"content":{"rendered":"\n<div class=\"wp-block-uagb-container uagb-block-20a4e411 alignfull uagb-is-root-container\"><div class=\"uagb-container-inner-blocks-wrap\">\n<div class=\"wp-block-uagb-advanced-heading uagb-block-bae886ab\"><h1 class=\"uagb-heading-text\">Manuales de nuestros cargadores V2C<\/h1><\/div>\n<\/div><\/div>\n\n\n\n<div class=\"wp-block-uagb-container uagb-block-6a6419b5 alignfull uagb-is-root-container\"><div class=\"uagb-container-inner-blocks-wrap\">\n<div class=\"wp-block-uagb-advanced-heading uagb-block-c5722d36\"><h2 class=\"uagb-heading-text\">Selecciona el manual del cargador el\u00e9ctrico que quieras descargar<\/h2><\/div>\n<\/div><\/div>\n\n\n\n<div class=\"wp-block-uagb-container uagb-block-6371923d alignfull uagb-is-root-container\"><div class=\"uagb-container-inner-blocks-wrap\">\n<div class=\"wp-block-uagb-tabs uagb-block-0a5be99d uagb-tabs__wrap uagb-tabs__hstyle1-desktop uagb-tabs__vstyle6-tablet uagb-tabs__stack1-mobile\" data-tab-active=\"0\"><ul class=\"uagb-tabs__panel uagb-tabs__align-left\" role=\"tablist\"><li class=\"uagb-tab uagb-tabs__active\" role=\"none\"><a href=\"#uagb-tabs__tab0\" class=\"uagb-tabs-list uagb-tabs__icon-position-left\" data-tab=\"0\" role=\"tab\">TRYDAN<\/a><\/li><li class=\"uagb-tab \" role=\"none\"><a href=\"#uagb-tabs__tab1\" class=\"uagb-tabs-list uagb-tabs__icon-position-left\" data-tab=\"1\" role=\"tab\">POLE PRO<\/a><\/li><li class=\"uagb-tab \" role=\"none\"><a href=\"#uagb-tabs__tab2\" class=\"uagb-tabs-list uagb-tabs__icon-position-left\" data-tab=\"2\" role=\"tab\">SCREEN<\/a><\/li><li class=\"uagb-tab \" role=\"none\"><a href=\"#uagb-tabs__tab3\" class=\"uagb-tabs-list uagb-tabs__icon-position-left\" data-tab=\"3\" role=\"tab\">EV PORTABLE<\/a><\/li><li class=\"uagb-tab \" role=\"none\"><a href=\"#uagb-tabs__tab4\" class=\"uagb-tabs-list uagb-tabs__icon-position-left\" data-tab=\"4\" role=\"tab\">V2C CLOUD<\/a><\/li><li class=\"uagb-tab \" role=\"none\"><a href=\"#uagb-tabs__tab5\" class=\"uagb-tabs-list uagb-tabs__icon-position-left\" data-tab=\"5\" role=\"tab\">CONTROL DIN\u00c1MICO DE POTENCIA<\/a><\/li><li class=\"uagb-tab \" role=\"none\"><a href=\"#uagb-tabs__tab6\" class=\"uagb-tabs-list uagb-tabs__icon-position-left\" data-tab=\"6\" role=\"tab\">FOTOVOLTAICA<\/a><\/li><li class=\"uagb-tab \" role=\"none\"><a href=\"#uagb-tabs__tab7\" class=\"uagb-tabs-list uagb-tabs__icon-position-left\" data-tab=\"7\" role=\"tab\">INVERSORES SOLARES<\/a><\/li><\/ul><div class=\"uagb-tabs__body-wrap\">\n<div class=\"wp-block-uagb-tabs-child uagb-tabs__body-container uagb-inner-tab-0\" aria-labelledby=\"uagb-tabs__tab0\">\n<p><a href=\"https:\/\/drive.google.com\/file\/d\/1t6hmD22pgw1IxUqp8P9RMLgEyCdFeay-\/view?usp=drive_link\" target=\"_blank\" rel=\"noreferrer noopener\">Espa\u00f1ol PDF<\/a> \/ <a href=\"https:\/\/v2charge.com\/es\/soporte\/trydan\/manual-instalacion\/\">Espa\u00f1ol Versi\u00f3n web<\/a><\/p>\n\n\n\n<p><a href=\"https:\/\/drive.google.com\/file\/d\/1t6hmD22pgw1IxUqp8P9RMLgEyCdFeay-\/view?usp=drive_link\" target=\"_blank\" rel=\"noreferrer noopener\">English<\/a> \/ <a href=\"https:\/\/v2charge.com\/support\/trydan\/installation-manual\/\">English Web Version<\/a><\/p>\n\n\n\n<p><a href=\"https:\/\/drive.google.com\/file\/d\/1t6hmD22pgw1IxUqp8P9RMLgEyCdFeay-\/view?usp=drive_link\" target=\"_blank\" rel=\"noreferrer noopener\">Portugu\u00eas<\/a> \/ <a href=\"https:\/\/v2charge.com\/pt-pt\/suporte\/trydan\/manual-de-instalacao\/\">Vers\u00e3o web Portugu\u00eas<\/a><\/p>\n\n\n\n<p><a href=\"https:\/\/drive.google.com\/file\/d\/1uaEouh1e-sUObGa7cG1vecZGpfDBl-XN\/view?usp=sharing\" target=\"_blank\" rel=\"noreferrer noopener\">Fran\u00e7ais<\/a> \/ <a href=\"https:\/\/v2charge.com\/fr\/support\/trydan\/manuel-dinstallation\/\">Version web Fran\u00e7ais<\/a><\/p>\n\n\n\n<p><a href=\"https:\/\/drive.google.com\/file\/d\/1uaEouh1e-sUObGa7cG1vecZGpfDBl-XN\/view?usp=sharing\" target=\"_blank\" rel=\"noreferrer noopener\">Italiano<\/a> \/ <a href=\"https:\/\/v2charge.com\/it\/supporto\/trydan\/manuale-di-installazione\/\">Version web Italiano<\/a><\/p>\n\n\n\n<p><a href=\"https:\/\/drive.google.com\/file\/d\/1uaEouh1e-sUObGa7cG1vecZGpfDBl-XN\/view?usp=sharing\" target=\"_blank\" rel=\"noreferrer noopener\">Deutsch<\/a> \/ <a href=\"https:\/\/v2charge.com\/de\/unterstutzung\/trydan\/installationshandbuch\/\">Deutsch Webversion<\/a><\/p>\n\n\n\n<p><a href=\"https:\/\/drive.google.com\/file\/d\/1d5tV1cH7MLoP5BlCzsSUwPZDDfXLJClz\/view?usp=share_link\" target=\"_blank\" rel=\"noreferrer noopener\">Nederlands<\/a><\/p>\n<\/div>\n\n\n\n<div class=\"wp-block-uagb-tabs-child uagb-tabs__body-container uagb-inner-tab-1\" aria-labelledby=\"uagb-tabs__tab1\">\n<p><a href=\"https:\/\/v2charge.com\/wp-content\/uploads\/2024\/02\/installation-manual-polepro.pdf\">Espa\u00f1ol<\/a><\/p>\n\n\n\n<p><a href=\"https:\/\/v2charge.com\/wp-content\/uploads\/2024\/02\/installation-manual-polepro.pdf\">English<\/a><\/p>\n\n\n\n<p><a href=\"https:\/\/v2charge.com\/wp-content\/uploads\/2024\/02\/installation-manual-polepro.pdf\">Portugu\u00eas<\/a><\/p>\n\n\n\n<p><a href=\"https:\/\/v2charge.com\/wp-content\/uploads\/2024\/02\/manuel-installation-polepro.pdf\">Fran\u00e7ais<\/a><\/p>\n\n\n\n<p><a href=\"https:\/\/v2charge.com\/wp-content\/uploads\/2024\/02\/manuel-installation-polepro.pdf\">Italiano<\/a><\/p>\n\n\n\n<p><a href=\"https:\/\/v2charge.com\/wp-content\/uploads\/2024\/02\/manuel-installation-polepro.pdf\">Deutch<\/a><\/p>\n<\/div>\n\n\n\n<div class=\"wp-block-uagb-tabs-child uagb-tabs__body-container uagb-inner-tab-2\" aria-labelledby=\"uagb-tabs__tab2\">\n<p><a href=\"https:\/\/v2charge.com\/wp-content\/uploads\/2021\/12\/SCREEN-Espan%CC%83ol.pdf\" target=\"_blank\" rel=\"noreferrer noopener\">Espa\u00f1ol<\/a><\/p>\n\n\n\n<p><a href=\"https:\/\/v2charge.com\/wp-content\/uploads\/2021\/12\/SCREEN-MANUAL.pdf\" target=\"_blank\" rel=\"noreferrer noopener\">English<\/a><\/p>\n<\/div>\n\n\n\n<div class=\"wp-block-uagb-tabs-child uagb-tabs__body-container uagb-inner-tab-3\" aria-labelledby=\"uagb-tabs__tab3\">\n<p><a href=\"https:\/\/www.v2charge.com\/wp-content\/uploads\/2020\/03\/EV-Portable-V2C.pdf\">Espa\u00f1ol<\/a><\/p>\n\n\n\n<p><a href=\"https:\/\/www.v2charge.com\/wp-content\/uploads\/2020\/03\/EV-portable-ENG-V2C.pdf\">English<\/a><\/p>\n\n\n\n<p><a href=\"https:\/\/www.v2charge.com\/wp-content\/uploads\/2020\/03\/EV-PORTABLE-PT-V2C.pdf\">Portugu\u00eas<\/a><\/p>\n<\/div>\n\n\n\n<div class=\"wp-block-uagb-tabs-child uagb-tabs__body-container uagb-inner-tab-4\" aria-labelledby=\"uagb-tabs__tab4\">\n<p><a href=\"https:\/\/drive.google.com\/file\/d\/15NlCrnEaS7zqkLnmYxY1IoR-a2iNQTNm\/view\">Espa\u00f1ol<\/a><\/p>\n<\/div>\n\n\n\n<div class=\"wp-block-uagb-tabs-child uagb-tabs__body-container uagb-inner-tab-5\" aria-labelledby=\"uagb-tabs__tab5\">\n<p><a href=\"https:\/\/drive.google.com\/uc?id=1OiuynER-IWhjRkk-whIaTgUYy-I2EY6q&amp;export=download\">Espa\u00f1ol<\/a><\/p>\n\n\n\n<p><a href=\"https:\/\/drive.google.com\/uc?id=1OiuynER-IWhjRkk-whIaTgUYy-I2EY6q&amp;export=download\">English<\/a><\/p>\n\n\n\n<p><a href=\"https:\/\/drive.google.com\/uc?id=1OiuynER-IWhjRkk-whIaTgUYy-I2EY6q&amp;export=download\" target=\"_blank\" rel=\"noreferrer noopener\">Portugu\u00eas<\/a><\/p>\n\n\n\n<p><a href=\"https:\/\/drive.google.com\/file\/d\/1RU8HBWq6INH9GRwS9nD85_0wBW3WTWLu\/view?usp=sharing\">Fran\u00e7ais<\/a><\/p>\n\n\n\n<p><a href=\"https:\/\/drive.google.com\/file\/d\/1RU8HBWq6INH9GRwS9nD85_0wBW3WTWLu\/view?usp=sharing\">Italiano<\/a><\/p>\n\n\n\n<p><a href=\"https:\/\/drive.google.com\/file\/d\/1RU8HBWq6INH9GRwS9nD85_0wBW3WTWLu\/view?usp=sharing\">Deutsch<\/a><\/p>\n<\/div>\n\n\n\n<div class=\"wp-block-uagb-tabs-child uagb-tabs__body-container uagb-inner-tab-6\" aria-labelledby=\"uagb-tabs__tab6\">\n<p><a href=\"https:\/\/www.v2charge.com\/wp-content\/uploads\/2021\/10\/Autoconsumo-fotovoltaico.pdf\">Espa\u00f1ol<\/a><\/p>\n<\/div>\n\n\n\n<div class=\"wp-block-uagb-tabs-child uagb-tabs__body-container uagb-inner-tab-7\" aria-labelledby=\"uagb-tabs__tab7\">\n<p><a href=\"https:\/\/v2charge.com\/es\/trydan-inversores-solares\/\">Espa\u00f1ol<\/a><\/p>\n\n\n\n<p><a href=\"https:\/\/v2charge.com\/trydan-solar-inverters\/\">English<\/a><\/p>\n<\/div>\n<\/div><\/div>\n<\/div><\/div>\n","protected":false},"excerpt":{"rendered":"<p>Manuales de nuestros cargadores V2C Selecciona el manual del cargador el\u00e9ctrico que quieras descargar<\/p>\n","protected":false},"author":1,"featured_media":170354,"parent":0,"menu_order":0,"comment_status":"closed","ping_status":"closed","template":"","meta":{"_eb_attr":"","content-type":"","_uag_custom_page_level_css":"","footnotes":""},"class_list":["post-98860","page","type-page","status-publish","has-post-thumbnail"],"yoast_head":"<!-- This site is optimized with the Yoast SEO plugin v25.3.1 - https:\/\/yoast.com\/wordpress\/plugins\/seo\/ -->\n<title>Manuales de Instalaci\u00f3n V2C | Descarga el Manual de tu e-Charger<\/title>\n<meta name=\"description\" content=\"Ponemos a tu disposici\u00f3n los manuales de instalaci\u00f3n de nuestros cargadores el\u00e9ctricos V2C. Consulta tu manual de instalaci\u00f3n.\" \/>\n<meta name=\"robots\" content=\"index, follow, max-snippet:-1, max-image-preview:large, max-video-preview:-1\" \/>\n<link rel=\"canonical\" href=\"https:\/\/v2charge.com\/es\/manuales\/\" \/>\n<meta property=\"og:locale\" content=\"es_ES\" \/>\n<meta property=\"og:type\" content=\"article\" \/>\n<meta property=\"og:title\" content=\"Manuales de Instalaci\u00f3n V2C | Descarga el Manual de tu e-Charger\" \/>\n<meta property=\"og:description\" content=\"Ponemos a tu disposici\u00f3n los manuales de instalaci\u00f3n de nuestros cargadores el\u00e9ctricos V2C. Consulta tu manual de instalaci\u00f3n.\" \/>\n<meta property=\"og:url\" content=\"https:\/\/v2charge.com\/es\/manuales\/\" \/>\n<meta property=\"og:site_name\" content=\"V2C\" \/>\n<meta property=\"article:publisher\" content=\"https:\/\/www.facebook.com\/V2C.Charge\" \/>\n<meta property=\"article:modified_time\" content=\"2024-03-12T11:45:30+00:00\" \/>\n<meta property=\"og:image\" content=\"https:\/\/v2charge.com\/wp-content\/uploads\/2024\/07\/v2c-electric-chargers.jpg\" \/>\n\t<meta property=\"og:image:width\" content=\"1200\" \/>\n\t<meta property=\"og:image:height\" content=\"675\" \/>\n\t<meta property=\"og:image:type\" content=\"image\/jpeg\" \/>\n<meta name=\"twitter:card\" content=\"summary_large_image\" \/>\n<meta name=\"twitter:site\" content=\"@V2C_Charge\" \/>\n<meta name=\"twitter:label1\" content=\"Tiempo de lectura\" \/>\n\t<meta name=\"twitter:data1\" content=\"1 minuto\" \/>\n<script type=\"application\/ld+json\" class=\"yoast-schema-graph\">{\"@context\":\"https:\/\/schema.org\",\"@graph\":[{\"@type\":\"WebPage\",\"@id\":\"https:\/\/v2charge.com\/es\/manuales\/\",\"url\":\"https:\/\/v2charge.com\/es\/manuales\/\",\"name\":\"Manuales de Instalaci\u00f3n V2C | Descarga el Manual de tu e-Charger\",\"isPartOf\":{\"@id\":\"https:\/\/v2charge.com\/es\/#website\"},\"primaryImageOfPage\":{\"@id\":\"https:\/\/v2charge.com\/es\/manuales\/#primaryimage\"},\"image\":{\"@id\":\"https:\/\/v2charge.com\/es\/manuales\/#primaryimage\"},\"thumbnailUrl\":\"https:\/\/v2charge.com\/wp-content\/uploads\/2024\/07\/v2c-electric-chargers.jpg\",\"datePublished\":\"2023-04-27T14:11:02+00:00\",\"dateModified\":\"2024-03-12T11:45:30+00:00\",\"description\":\"Ponemos a tu disposici\u00f3n los manuales de instalaci\u00f3n de nuestros cargadores el\u00e9ctricos V2C. Consulta tu manual de instalaci\u00f3n.\",\"breadcrumb\":{\"@id\":\"https:\/\/v2charge.com\/es\/manuales\/#breadcrumb\"},\"inLanguage\":\"es\",\"potentialAction\":[{\"@type\":\"ReadAction\",\"target\":[\"https:\/\/v2charge.com\/es\/manuales\/\"]}]},{\"@type\":\"ImageObject\",\"inLanguage\":\"es\",\"@id\":\"https:\/\/v2charge.com\/es\/manuales\/#primaryimage\",\"url\":\"https:\/\/v2charge.com\/wp-content\/uploads\/2024\/07\/v2c-electric-chargers.jpg\",\"contentUrl\":\"https:\/\/v2charge.com\/wp-content\/uploads\/2024\/07\/v2c-electric-chargers.jpg\",\"width\":1200,\"height\":675,\"caption\":\"V2C Electric Chargers\"},{\"@type\":\"BreadcrumbList\",\"@id\":\"https:\/\/v2charge.com\/es\/manuales\/#breadcrumb\",\"itemListElement\":[{\"@type\":\"ListItem\",\"position\":1,\"name\":\"V2C\",\"item\":\"https:\/\/v2charge.com\/es\/\"},{\"@type\":\"ListItem\",\"position\":2,\"name\":\"Manuales de Instalaci\u00f3n\"}]},{\"@type\":\"WebSite\",\"@id\":\"https:\/\/v2charge.com\/es\/#website\",\"url\":\"https:\/\/v2charge.com\/es\/\",\"name\":\"V2C\",\"description\":\"#CargandoElMa\u00f1ana\",\"publisher\":{\"@id\":\"https:\/\/v2charge.com\/es\/#organization\"},\"potentialAction\":[{\"@type\":\"SearchAction\",\"target\":{\"@type\":\"EntryPoint\",\"urlTemplate\":\"https:\/\/v2charge.com\/es\/?s={search_term_string}\"},\"query-input\":{\"@type\":\"PropertyValueSpecification\",\"valueRequired\":true,\"valueName\":\"search_term_string\"}}],\"inLanguage\":\"es\"},{\"@type\":\"Organization\",\"@id\":\"https:\/\/v2charge.com\/es\/#organization\",\"name\":\"V2C\",\"url\":\"https:\/\/v2charge.com\/es\/\",\"logo\":{\"@type\":\"ImageObject\",\"inLanguage\":\"es\",\"@id\":\"https:\/\/v2charge.com\/es\/#\/schema\/logo\/image\/\",\"url\":\"https:\/\/v2charge.com\/wp-content\/uploads\/2024\/11\/cropped-v2c-charge-logo-menu.png\",\"contentUrl\":\"https:\/\/v2charge.com\/wp-content\/uploads\/2024\/11\/cropped-v2c-charge-logo-menu.png\",\"width\":984,\"height\":431,\"caption\":\"V2C\"},\"image\":{\"@id\":\"https:\/\/v2charge.com\/es\/#\/schema\/logo\/image\/\"},\"sameAs\":[\"https:\/\/www.facebook.com\/V2C.Charge\",\"https:\/\/x.com\/V2C_Charge\",\"https:\/\/www.instagram.com\/v2c.charge\/\",\"https:\/\/www.youtube.com\/@V2C\",\"https:\/\/www.linkedin.com\/company\/v2c-chargers\/\"]}]}<\/script>\n<!-- \/ Yoast SEO plugin. -->","yoast_head_json":{"title":"Manuales de Instalaci\u00f3n V2C | Descarga el Manual de tu e-Charger","description":"Ponemos a tu disposici\u00f3n los manuales de instalaci\u00f3n de nuestros cargadores el\u00e9ctricos V2C. Consulta tu manual de instalaci\u00f3n.","robots":{"index":"index","follow":"follow","max-snippet":"max-snippet:-1","max-image-preview":"max-image-preview:large","max-video-preview":"max-video-preview:-1"},"canonical":"https:\/\/v2charge.com\/es\/manuales\/","og_locale":"es_ES","og_type":"article","og_title":"Manuales de Instalaci\u00f3n V2C | Descarga el Manual de tu e-Charger","og_description":"Ponemos a tu disposici\u00f3n los manuales de instalaci\u00f3n de nuestros cargadores el\u00e9ctricos V2C. Consulta tu manual de instalaci\u00f3n.","og_url":"https:\/\/v2charge.com\/es\/manuales\/","og_site_name":"V2C","article_publisher":"https:\/\/www.facebook.com\/V2C.Charge","article_modified_time":"2024-03-12T11:45:30+00:00","og_image":[{"width":1200,"height":675,"url":"https:\/\/v2charge.com\/wp-content\/uploads\/2024\/07\/v2c-electric-chargers.jpg","type":"image\/jpeg"}],"twitter_card":"summary_large_image","twitter_site":"@V2C_Charge","twitter_misc":{"Tiempo de lectura":"1 minuto"},"schema":{"@context":"https:\/\/schema.org","@graph":[{"@type":"WebPage","@id":"https:\/\/v2charge.com\/es\/manuales\/","url":"https:\/\/v2charge.com\/es\/manuales\/","name":"Manuales de Instalaci\u00f3n V2C | Descarga el Manual de tu e-Charger","isPartOf":{"@id":"https:\/\/v2charge.com\/es\/#website"},"primaryImageOfPage":{"@id":"https:\/\/v2charge.com\/es\/manuales\/#primaryimage"},"image":{"@id":"https:\/\/v2charge.com\/es\/manuales\/#primaryimage"},"thumbnailUrl":"https:\/\/v2charge.com\/wp-content\/uploads\/2024\/07\/v2c-electric-chargers.jpg","datePublished":"2023-04-27T14:11:02+00:00","dateModified":"2024-03-12T11:45:30+00:00","description":"Ponemos a tu disposici\u00f3n los manuales de instalaci\u00f3n de nuestros cargadores el\u00e9ctricos V2C. Consulta tu manual de instalaci\u00f3n.","breadcrumb":{"@id":"https:\/\/v2charge.com\/es\/manuales\/#breadcrumb"},"inLanguage":"es","potentialAction":[{"@type":"ReadAction","target":["https:\/\/v2charge.com\/es\/manuales\/"]}]},{"@type":"ImageObject","inLanguage":"es","@id":"https:\/\/v2charge.com\/es\/manuales\/#primaryimage","url":"https:\/\/v2charge.com\/wp-content\/uploads\/2024\/07\/v2c-electric-chargers.jpg","contentUrl":"https:\/\/v2charge.com\/wp-content\/uploads\/2024\/07\/v2c-electric-chargers.jpg","width":1200,"height":675,"caption":"V2C Electric Chargers"},{"@type":"BreadcrumbList","@id":"https:\/\/v2charge.com\/es\/manuales\/#breadcrumb","itemListElement":[{"@type":"ListItem","position":1,"name":"V2C","item":"https:\/\/v2charge.com\/es\/"},{"@type":"ListItem","position":2,"name":"Manuales de Instalaci\u00f3n"}]},{"@type":"WebSite","@id":"https:\/\/v2charge.com\/es\/#website","url":"https:\/\/v2charge.com\/es\/","name":"V2C","description":"#CargandoElMa\u00f1ana","publisher":{"@id":"https:\/\/v2charge.com\/es\/#organization"},"potentialAction":[{"@type":"SearchAction","target":{"@type":"EntryPoint","urlTemplate":"https:\/\/v2charge.com\/es\/?s={search_term_string}"},"query-input":{"@type":"PropertyValueSpecification","valueRequired":true,"valueName":"search_term_string"}}],"inLanguage":"es"},{"@type":"Organization","@id":"https:\/\/v2charge.com\/es\/#organization","name":"V2C","url":"https:\/\/v2charge.com\/es\/","logo":{"@type":"ImageObject","inLanguage":"es","@id":"https:\/\/v2charge.com\/es\/#\/schema\/logo\/image\/","url":"https:\/\/v2charge.com\/wp-content\/uploads\/2024\/11\/cropped-v2c-charge-logo-menu.png","contentUrl":"https:\/\/v2charge.com\/wp-content\/uploads\/2024\/11\/cropped-v2c-charge-logo-menu.png","width":984,"height":431,"caption":"V2C"},"image":{"@id":"https:\/\/v2charge.com\/es\/#\/schema\/logo\/image\/"},"sameAs":["https:\/\/www.facebook.com\/V2C.Charge","https:\/\/x.com\/V2C_Charge","https:\/\/www.instagram.com\/v2c.charge\/","https:\/\/www.youtube.com\/@V2C","https:\/\/www.linkedin.com\/company\/v2c-chargers\/"]}]}},"uagb_featured_image_src":{"full":["https:\/\/v2charge.com\/wp-content\/uploads\/2024\/07\/v2c-electric-chargers.jpg",1200,675,false],"thumbnail":["https:\/\/v2charge.com\/wp-content\/uploads\/2024\/07\/v2c-electric-chargers-150x150.jpg",150,150,true],"medium":["https:\/\/v2charge.com\/wp-content\/uploads\/2024\/07\/v2c-electric-chargers-300x169.jpg",300,169,true],"medium_large":["https:\/\/v2charge.com\/wp-content\/uploads\/2024\/07\/v2c-electric-chargers-768x432.jpg",768,432,true],"large":["https:\/\/v2charge.com\/wp-content\/uploads\/2024\/07\/v2c-electric-chargers-1024x576.jpg",1024,576,true],"gs-tiny":["https:\/\/v2charge.com\/wp-content\/uploads\/2024\/07\/v2c-electric-chargers.jpg",50,28,false],"xl":["https:\/\/v2charge.com\/wp-content\/uploads\/2024\/07\/v2c-electric-chargers.jpg",1200,675,false],"xxl":["https:\/\/v2charge.com\/wp-content\/uploads\/2024\/07\/v2c-electric-chargers.jpg",1200,675,false],"xxxl":["https:\/\/v2charge.com\/wp-content\/uploads\/2024\/07\/v2c-electric-chargers.jpg",1200,675,false],"xxxxl":["https:\/\/v2charge.com\/wp-content\/uploads\/2024\/07\/v2c-electric-chargers.jpg",1200,675,false],"xxxxxl":["https:\/\/v2charge.com\/wp-content\/uploads\/2024\/07\/v2c-electric-chargers.jpg",1200,675,false],"1536x1536":["https:\/\/v2charge.com\/wp-content\/uploads\/2024\/07\/v2c-electric-chargers.jpg",1200,675,false],"2048x2048":["https:\/\/v2charge.com\/wp-content\/uploads\/2024\/07\/v2c-electric-chargers.jpg",1200,675,false]},"uagb_author_info":{"display_name":"V2C","author_link":"https:\/\/v2charge.com\/es\/author\/root_k4eu7ki8\/"},"uagb_comment_info":0,"uagb_excerpt":"Manuales de nuestros cargadores V2C Selecciona el manual del cargador el\u00e9ctrico que quieras descargar","_links":{"self":[{"href":"https:\/\/v2charge.com\/es\/wp-json\/wp\/v2\/pages\/98860","targetHints":{"allow":["GET"]}}],"collection":[{"href":"https:\/\/v2charge.com\/es\/wp-json\/wp\/v2\/pages"}],"about":[{"href":"https:\/\/v2charge.com\/es\/wp-json\/wp\/v2\/types\/page"}],"author":[{"embeddable":true,"href":"https:\/\/v2charge.com\/es\/wp-json\/wp\/v2\/users\/1"}],"replies":[{"embeddable":true,"href":"https:\/\/v2charge.com\/es\/wp-json\/wp\/v2\/comments?post=98860"}],"version-history":[{"count":0,"href":"https:\/\/v2charge.com\/es\/wp-json\/wp\/v2\/pages\/98860\/revisions"}],"wp:featuredmedia":[{"embeddable":true,"href":"https:\/\/v2charge.com\/es\/wp-json\/wp\/v2\/media\/170354"}],"wp:attachment":[{"href":"https:\/\/v2charge.com\/es\/wp-json\/wp\/v2\/media?parent=98860"}],"curies":[{"name":"wp","href":"https:\/\/api.w.org\/{rel}","templated":true}]}}