{"id":302605,"date":"2026-02-23T19:23:12","date_gmt":"2026-02-23T19:23:12","guid":{"rendered":""},"modified":"2026-02-23T19:23:12","modified_gmt":"2026-02-23T19:23:12","slug":"cookie-politika","status":"publish","type":"page","link":"https:\/\/v2charge.com\/eu\/cookie-politika\/","title":{"rendered":"Cookie politika"},"content":{"rendered":"<p>Web orri hau NEGOCIOS INTELIGENTES 7 EXPERIENCE S.L. enpresa propietate da. Orri honetara sartzeak pribatutasun-politika ezagutzea eta onartzea dakar. 34\/2002 Legearen 10. artikuluaren arabera, Informazioaren Gizartearen eta Merkataritza Elektronikoaren Legea (LSSI) identifikazio-datuak aurkezten dira.<\/p>\n<h2>Zer dira cookie-ak?<\/h2>\n<p>Cookie bat zure ordenagailuan edo terminalean deskargatzen den fitxategi bat da gure web orrira sartzean. Cookie-ak, beste gauza batzuen artean, erabiltzaile baten edo bere ekipoko nabigazio-ohiturei buruzko informazioa gordetzea eta berreskuratzea ahalbidetzen digu, eta, edukitzen duten informazioaren eta erabiltzaileak bere ekipoa nola erabiltzen duen kontuan hartuta, erabiltzailea ezagutzeko erabil daitezke.<\/p>\n<h2>Zeintzuk cookie mota erabiltzen ditu gure web orriak?<\/h2>\n<p>Cookie propioak: Gure web orritik zure ordenagailura edo terminalera bidaltzen ditugun cookie-ak dira.<br \/>Hirugarrenen cookie-ak: Gure kudeaketapean ez dagoen domeinu edo web orritik zure ordenagailura edo terminalera bidaltzen diren cookie-ak dira, baizik eta cookie-ak erabiliz lortutako datuak tratatzen dituen beste entitate batek.<br \/>Analisi-cookie-ak: Guk edo hirugarrenek ondo tratatuta, erabiltzaileen kopurua kuantifikatzeko eta gure web orriaren erabileraren neurria eta analisia egiteko aukera ematen diguten cookie-ak dira. Horretarako, gure web orrian nabigazioa aztertzen dugu eskaintzen ditugun produktu edo zerbitzuen eskaintza hobetzeko.<\/p>\n<h2>www.v2charge.com-en erabiltzen diren cookie-ak hauek dira:<\/h2>\n<p>Beharrezko cookie-ak, adibidez, nabigazio egokia egiteko eta web orriaren edukia modu eraginkorrean kargatzeko balio dutenak. PHPSESSID SESION \u2013 Cookie hau erabiltzailearen saioa ezartzeko erabiltzen da gure Web-etan bisitatzen duen erabiltzailearentzat. Hori erabiltzaile zehatz baten egoera \u2013 saio-aldagaiak \u2013 identifikatzeko eta kudeatzeko modua da, eta informazioa gure Web-etan orrialdeen artean mugitzea ahalbidetzen du. WordPress_test_cookie SESION \u2013 Cookie hau WordPress edukien kudeatzaileak nabigatzailean cookie-ak aktibatuta dauden egiaztatzeko erabiltzen du. Wp-settings-{time}-`{`UID`}` \u2013 Cookie izenaren amaieran dagoen UID-k WordPress datu-basean gordetako erabiltzaile IDa du. Administrazio-interfazearen itxura gordetzeko erabiltzen da eta webgunearen itxura gordetzeko ere erabil daiteke. WordPress_logged_in_`{`hash`}` \u2013 Saioa hasi ondoren, WordPress-ek wordpress_logged_in_`{`hash`}` cookie-a aktibatzen du, zeinak noiz konektatu zaren eta nor zaren adierazten duen, WordPress-en interfazerako erabiltzen dena. WordPress_`{`hash`}` \u2013 Cookie hau saioa hasi denean aktibatzen da eta autentifikazio-datuak gordetzen ditu. Bere erabilera administrazio-eremura mugatuta dago, \/wp-config\/.<\/p>\n<p>Hirugarrenen cookie-ak, adibidez, sare sozialek edo google maps bezalako edukien osagarri eksternok erabiltzen dituztenak. _NID, _PREF \u2013 Google Maps-en cookie hauek erabiltzailearen jatorria eta keyword-ak erregistratzen dituzte. HSID, SSID, APISID, SAPISID, BEAT, OTZ, BEAT \u2013 Edukia sare sozialetan partekatzeko aukera ematen dute. __ga, __utma, __utmb, __utmc, __utmv, __utmz, _twitter_sess, external_referer, guest_id \u2013 Twitterrek erabiltzaileak jarraitzeko, remarketing egiteko eta analitika egiteko instalatzen dituen cookie-ak dira.<\/p>\n<p>Analisi-cookie-ak, Google Analitycs-ek webgunearen esperientzia hobetzeko analisi, ikerketa edo estatistiketarako erabiltzen dituen cookie-ak dira. Cookie hauek erabiliz, bisitariei informazio garrantzitsuagoa erakustea posible da. __hstc, hubspotutk, __hssc, __hssrc, __hs_opt_out, __hs_do_not_track, __hs_testcookie, hsPagesViewedThisSession, hsfirstvisit: Hubspot-en cookie-ak, web analitikako tresna, online marketinaren bidez gure webgunearen erabilera eta neurria aztertzeko eta gure zerbitzuak hobetzeko. _utma, _utmb, _utmz, _utmc, _utmt: Helburu nagusia bisita kopurua, kontsulta epea, webgunera sartzeko erabilitako bilatzailea, erabilitako keyword-ak, bisitariaren kokapen globala, webgunean bisitatu diren edukiak eta webguneko trafikoaren beste parametro batzuk identifikatzea da, beti anonimoan. Googlek cookie-en bidez bildutako informazioa gordetzen du, erabiltzaile bat identifikatu gabe. _hjIncludedInSample eta _hjUserId: Hotjar-en cookie-ak, web analitikako tresna, gure webgunearen erabilera eta neurria aztertzeko eta gure zerbitzuak hobetzeko.<\/p>\n<p>A partir de la opci\u00f3n que tome acerca del uso de cookies en este sitio web, se le enviar\u00e1 una cookie adicional para salvaguardar su elecci\u00f3n y que no tenga que aceptar el uso de cookies cada vez que acceda a nuestra web. El objetivo de esta lista de cookies es ayudarle a reconocer las cookies almacenadas en su navegador cuando visita nuestra web o cuando ve nuestros anuncios en otros sitios. Hemos intentado incluir todas las cookies que utilizamos tanto nosotros como nuestros socios tecnol\u00f3gicos, pero tenga en cuenta que a veces podemos retrasarnos al actualizar la lista. Si observa alguna discrepancia o cree que falta alguna cookie, no dude en dec\u00edrnoslo.<\/p>\n\n\n<div style=\"height:100px\" aria-hidden=\"true\" class=\"wp-block-spacer\"><\/div>\n","protected":false},"excerpt":{"rendered":"<p>Web orri hau NEGOCIOS INTELIGENTES 7 EXPERIENCE S.L. enpresa propietate da. Orri honetara sartzeak pribatutasun-politika ezagutzea eta onartzea dakar. 34\/2002 Legearen 10. artikuluaren arabera, Informazioaren Gizartearen eta Merkataritza Elektronikoaren Legea (LSSI) identifikazio-datuak aurkezten dira. Zer dira cookie-ak? Cookie bat zure ordenagailuan edo terminalean deskargatzen den fitxategi bat da gure web orrira sartzean. Cookie-ak, beste gauza &#8230; <a title=\"Cookie politika\" class=\"read-more\" href=\"https:\/\/v2charge.com\/eu\/cookie-politika\/\" aria-label=\"Read more about Cookie politika\">Read more<\/a><\/p>\n","protected":false},"author":1,"featured_media":170354,"parent":0,"menu_order":0,"comment_status":"closed","ping_status":"closed","template":"","meta":{"_eb_attr":"","content-type":"","_uag_custom_page_level_css":"","footnotes":""},"class_list":["post-302605","page","type-page","status-publish","has-post-thumbnail"],"yoast_head":"<!-- This site is optimized with the Yoast SEO plugin v25.3.1 - https:\/\/yoast.com\/wordpress\/plugins\/seo\/ -->\n<title>Cookie politika - V2C<\/title>\n<meta name=\"robots\" content=\"index, follow, max-snippet:-1, max-image-preview:large, max-video-preview:-1\" \/>\n<link rel=\"canonical\" href=\"https:\/\/v2charge.com\/eu\/cookie-politika\/\" \/>\n<meta property=\"og:locale\" content=\"eu_ES\" \/>\n<meta property=\"og:type\" content=\"article\" \/>\n<meta property=\"og:title\" content=\"Cookie politika - V2C\" \/>\n<meta property=\"og:description\" content=\"Web orri hau NEGOCIOS INTELIGENTES 7 EXPERIENCE S.L. enpresa propietate da. Orri honetara sartzeak pribatutasun-politika ezagutzea eta onartzea dakar. 34\/2002 Legearen 10. artikuluaren arabera, Informazioaren Gizartearen eta Merkataritza Elektronikoaren Legea (LSSI) identifikazio-datuak aurkezten dira. Zer dira cookie-ak? Cookie bat zure ordenagailuan edo terminalean deskargatzen den fitxategi bat da gure web orrira sartzean. Cookie-ak, beste gauza ... Read more\" \/>\n<meta property=\"og:url\" content=\"https:\/\/v2charge.com\/eu\/cookie-politika\/\" \/>\n<meta property=\"og:site_name\" content=\"V2C\" \/>\n<meta property=\"article:publisher\" content=\"https:\/\/www.facebook.com\/V2C.Charge\" \/>\n<meta property=\"og:image\" content=\"https:\/\/v2charge.com\/wp-content\/uploads\/2024\/07\/v2c-electric-chargers.jpg\" \/>\n\t<meta property=\"og:image:width\" content=\"1200\" \/>\n\t<meta property=\"og:image:height\" content=\"675\" \/>\n\t<meta property=\"og:image:type\" content=\"image\/jpeg\" \/>\n<meta name=\"twitter:card\" content=\"summary_large_image\" \/>\n<meta name=\"twitter:site\" content=\"@V2C_Charge\" \/>\n<meta name=\"twitter:label1\" content=\"Est. reading time\" \/>\n\t<meta name=\"twitter:data1\" content=\"3 minutes\" \/>\n<script type=\"application\/ld+json\" class=\"yoast-schema-graph\">{\"@context\":\"https:\/\/schema.org\",\"@graph\":[{\"@type\":\"WebPage\",\"@id\":\"https:\/\/v2charge.com\/eu\/cookie-politika\/\",\"url\":\"https:\/\/v2charge.com\/eu\/cookie-politika\/\",\"name\":\"Cookie politika - V2C\",\"isPartOf\":{\"@id\":\"https:\/\/v2charge.com\/eu\/#website\"},\"primaryImageOfPage\":{\"@id\":\"https:\/\/v2charge.com\/eu\/cookie-politika\/#primaryimage\"},\"image\":{\"@id\":\"https:\/\/v2charge.com\/eu\/cookie-politika\/#primaryimage\"},\"thumbnailUrl\":\"https:\/\/v2charge.com\/wp-content\/uploads\/2024\/07\/v2c-electric-chargers.jpg\",\"datePublished\":\"2026-02-23T19:23:12+00:00\",\"breadcrumb\":{\"@id\":\"https:\/\/v2charge.com\/eu\/cookie-politika\/#breadcrumb\"},\"inLanguage\":\"eu-ES\",\"potentialAction\":[{\"@type\":\"ReadAction\",\"target\":[\"https:\/\/v2charge.com\/eu\/cookie-politika\/\"]}]},{\"@type\":\"ImageObject\",\"inLanguage\":\"eu-ES\",\"@id\":\"https:\/\/v2charge.com\/eu\/cookie-politika\/#primaryimage\",\"url\":\"https:\/\/v2charge.com\/wp-content\/uploads\/2024\/07\/v2c-electric-chargers.jpg\",\"contentUrl\":\"https:\/\/v2charge.com\/wp-content\/uploads\/2024\/07\/v2c-electric-chargers.jpg\",\"width\":1200,\"height\":675,\"caption\":\"V2C Electric Chargers\"},{\"@type\":\"BreadcrumbList\",\"@id\":\"https:\/\/v2charge.com\/eu\/cookie-politika\/#breadcrumb\",\"itemListElement\":[{\"@type\":\"ListItem\",\"position\":1,\"name\":\"V2C\",\"item\":\"https:\/\/v2charge.com\/eu\/\"},{\"@type\":\"ListItem\",\"position\":2,\"name\":\"Cookie politika\"}]},{\"@type\":\"WebSite\",\"@id\":\"https:\/\/v2charge.com\/eu\/#website\",\"url\":\"https:\/\/v2charge.com\/eu\/\",\"name\":\"V2C\",\"description\":\"#CargandoElMa\u00f1ana\",\"publisher\":{\"@id\":\"https:\/\/v2charge.com\/eu\/#organization\"},\"potentialAction\":[{\"@type\":\"SearchAction\",\"target\":{\"@type\":\"EntryPoint\",\"urlTemplate\":\"https:\/\/v2charge.com\/eu\/?s={search_term_string}\"},\"query-input\":{\"@type\":\"PropertyValueSpecification\",\"valueRequired\":true,\"valueName\":\"search_term_string\"}}],\"inLanguage\":\"eu-ES\"},{\"@type\":\"Organization\",\"@id\":\"https:\/\/v2charge.com\/eu\/#organization\",\"name\":\"V2C\",\"url\":\"https:\/\/v2charge.com\/eu\/\",\"logo\":{\"@type\":\"ImageObject\",\"inLanguage\":\"eu-ES\",\"@id\":\"https:\/\/v2charge.com\/eu\/#\/schema\/logo\/image\/\",\"url\":\"https:\/\/v2charge.com\/wp-content\/uploads\/2024\/11\/cropped-v2c-charge-logo-menu.png\",\"contentUrl\":\"https:\/\/v2charge.com\/wp-content\/uploads\/2024\/11\/cropped-v2c-charge-logo-menu.png\",\"width\":984,\"height\":431,\"caption\":\"V2C\"},\"image\":{\"@id\":\"https:\/\/v2charge.com\/eu\/#\/schema\/logo\/image\/\"},\"sameAs\":[\"https:\/\/www.facebook.com\/V2C.Charge\",\"https:\/\/x.com\/V2C_Charge\",\"https:\/\/www.instagram.com\/v2c.charge\/\",\"https:\/\/www.youtube.com\/@V2C\",\"https:\/\/www.linkedin.com\/company\/v2c-chargers\/\"]}]}<\/script>\n<!-- \/ Yoast SEO plugin. -->","yoast_head_json":{"title":"Cookie politika - V2C","robots":{"index":"index","follow":"follow","max-snippet":"max-snippet:-1","max-image-preview":"max-image-preview:large","max-video-preview":"max-video-preview:-1"},"canonical":"https:\/\/v2charge.com\/eu\/cookie-politika\/","og_locale":"eu_ES","og_type":"article","og_title":"Cookie politika - V2C","og_description":"Web orri hau NEGOCIOS INTELIGENTES 7 EXPERIENCE S.L. enpresa propietate da. Orri honetara sartzeak pribatutasun-politika ezagutzea eta onartzea dakar. 34\/2002 Legearen 10. artikuluaren arabera, Informazioaren Gizartearen eta Merkataritza Elektronikoaren Legea (LSSI) identifikazio-datuak aurkezten dira. Zer dira cookie-ak? Cookie bat zure ordenagailuan edo terminalean deskargatzen den fitxategi bat da gure web orrira sartzean. Cookie-ak, beste gauza ... Read more","og_url":"https:\/\/v2charge.com\/eu\/cookie-politika\/","og_site_name":"V2C","article_publisher":"https:\/\/www.facebook.com\/V2C.Charge","og_image":[{"width":1200,"height":675,"url":"https:\/\/v2charge.com\/wp-content\/uploads\/2024\/07\/v2c-electric-chargers.jpg","type":"image\/jpeg"}],"twitter_card":"summary_large_image","twitter_site":"@V2C_Charge","twitter_misc":{"Est. reading time":"3 minutes"},"schema":{"@context":"https:\/\/schema.org","@graph":[{"@type":"WebPage","@id":"https:\/\/v2charge.com\/eu\/cookie-politika\/","url":"https:\/\/v2charge.com\/eu\/cookie-politika\/","name":"Cookie politika - V2C","isPartOf":{"@id":"https:\/\/v2charge.com\/eu\/#website"},"primaryImageOfPage":{"@id":"https:\/\/v2charge.com\/eu\/cookie-politika\/#primaryimage"},"image":{"@id":"https:\/\/v2charge.com\/eu\/cookie-politika\/#primaryimage"},"thumbnailUrl":"https:\/\/v2charge.com\/wp-content\/uploads\/2024\/07\/v2c-electric-chargers.jpg","datePublished":"2026-02-23T19:23:12+00:00","breadcrumb":{"@id":"https:\/\/v2charge.com\/eu\/cookie-politika\/#breadcrumb"},"inLanguage":"eu-ES","potentialAction":[{"@type":"ReadAction","target":["https:\/\/v2charge.com\/eu\/cookie-politika\/"]}]},{"@type":"ImageObject","inLanguage":"eu-ES","@id":"https:\/\/v2charge.com\/eu\/cookie-politika\/#primaryimage","url":"https:\/\/v2charge.com\/wp-content\/uploads\/2024\/07\/v2c-electric-chargers.jpg","contentUrl":"https:\/\/v2charge.com\/wp-content\/uploads\/2024\/07\/v2c-electric-chargers.jpg","width":1200,"height":675,"caption":"V2C Electric Chargers"},{"@type":"BreadcrumbList","@id":"https:\/\/v2charge.com\/eu\/cookie-politika\/#breadcrumb","itemListElement":[{"@type":"ListItem","position":1,"name":"V2C","item":"https:\/\/v2charge.com\/eu\/"},{"@type":"ListItem","position":2,"name":"Cookie politika"}]},{"@type":"WebSite","@id":"https:\/\/v2charge.com\/eu\/#website","url":"https:\/\/v2charge.com\/eu\/","name":"V2C","description":"#CargandoElMa\u00f1ana","publisher":{"@id":"https:\/\/v2charge.com\/eu\/#organization"},"potentialAction":[{"@type":"SearchAction","target":{"@type":"EntryPoint","urlTemplate":"https:\/\/v2charge.com\/eu\/?s={search_term_string}"},"query-input":{"@type":"PropertyValueSpecification","valueRequired":true,"valueName":"search_term_string"}}],"inLanguage":"eu-ES"},{"@type":"Organization","@id":"https:\/\/v2charge.com\/eu\/#organization","name":"V2C","url":"https:\/\/v2charge.com\/eu\/","logo":{"@type":"ImageObject","inLanguage":"eu-ES","@id":"https:\/\/v2charge.com\/eu\/#\/schema\/logo\/image\/","url":"https:\/\/v2charge.com\/wp-content\/uploads\/2024\/11\/cropped-v2c-charge-logo-menu.png","contentUrl":"https:\/\/v2charge.com\/wp-content\/uploads\/2024\/11\/cropped-v2c-charge-logo-menu.png","width":984,"height":431,"caption":"V2C"},"image":{"@id":"https:\/\/v2charge.com\/eu\/#\/schema\/logo\/image\/"},"sameAs":["https:\/\/www.facebook.com\/V2C.Charge","https:\/\/x.com\/V2C_Charge","https:\/\/www.instagram.com\/v2c.charge\/","https:\/\/www.youtube.com\/@V2C","https:\/\/www.linkedin.com\/company\/v2c-chargers\/"]}]}},"uagb_featured_image_src":{"full":["https:\/\/v2charge.com\/wp-content\/uploads\/2024\/07\/v2c-electric-chargers.jpg",1200,675,false],"thumbnail":["https:\/\/v2charge.com\/wp-content\/uploads\/2024\/07\/v2c-electric-chargers-150x150.jpg",150,150,true],"medium":["https:\/\/v2charge.com\/wp-content\/uploads\/2024\/07\/v2c-electric-chargers-300x169.jpg",300,169,true],"medium_large":["https:\/\/v2charge.com\/wp-content\/uploads\/2024\/07\/v2c-electric-chargers-768x432.jpg",768,432,true],"large":["https:\/\/v2charge.com\/wp-content\/uploads\/2024\/07\/v2c-electric-chargers-1024x576.jpg",1024,576,true],"gs-tiny":["https:\/\/v2charge.com\/wp-content\/uploads\/2024\/07\/v2c-electric-chargers.jpg",50,28,false],"xl":["https:\/\/v2charge.com\/wp-content\/uploads\/2024\/07\/v2c-electric-chargers.jpg",1200,675,false],"xxl":["https:\/\/v2charge.com\/wp-content\/uploads\/2024\/07\/v2c-electric-chargers.jpg",1200,675,false],"xxxl":["https:\/\/v2charge.com\/wp-content\/uploads\/2024\/07\/v2c-electric-chargers.jpg",1200,675,false],"xxxxl":["https:\/\/v2charge.com\/wp-content\/uploads\/2024\/07\/v2c-electric-chargers.jpg",1200,675,false],"xxxxxl":["https:\/\/v2charge.com\/wp-content\/uploads\/2024\/07\/v2c-electric-chargers.jpg",1200,675,false],"1536x1536":["https:\/\/v2charge.com\/wp-content\/uploads\/2024\/07\/v2c-electric-chargers.jpg",1200,675,false],"2048x2048":["https:\/\/v2charge.com\/wp-content\/uploads\/2024\/07\/v2c-electric-chargers.jpg",1200,675,false]},"uagb_author_info":{"display_name":"V2C","author_link":"https:\/\/v2charge.com\/eu\/author\/root_k4eu7ki8\/"},"uagb_comment_info":0,"uagb_excerpt":"Web orri hau NEGOCIOS INTELIGENTES 7 EXPERIENCE S.L. enpresa propietate da. Orri honetara sartzeak pribatutasun-politika ezagutzea eta onartzea dakar. 34\/2002 Legearen 10. artikuluaren arabera, Informazioaren Gizartearen eta Merkataritza Elektronikoaren Legea (LSSI) identifikazio-datuak aurkezten dira. Zer dira cookie-ak? Cookie bat zure ordenagailuan edo terminalean deskargatzen den fitxategi bat da gure web orrira sartzean. Cookie-ak, beste gauza&hellip;","_links":{"self":[{"href":"https:\/\/v2charge.com\/eu\/wp-json\/wp\/v2\/pages\/302605","targetHints":{"allow":["GET"]}}],"collection":[{"href":"https:\/\/v2charge.com\/eu\/wp-json\/wp\/v2\/pages"}],"about":[{"href":"https:\/\/v2charge.com\/eu\/wp-json\/wp\/v2\/types\/page"}],"author":[{"embeddable":true,"href":"https:\/\/v2charge.com\/eu\/wp-json\/wp\/v2\/users\/1"}],"replies":[{"embeddable":true,"href":"https:\/\/v2charge.com\/eu\/wp-json\/wp\/v2\/comments?post=302605"}],"version-history":[{"count":0,"href":"https:\/\/v2charge.com\/eu\/wp-json\/wp\/v2\/pages\/302605\/revisions"}],"wp:featuredmedia":[{"embeddable":true,"href":"https:\/\/v2charge.com\/eu\/wp-json\/wp\/v2\/media\/170354"}],"wp:attachment":[{"href":"https:\/\/v2charge.com\/eu\/wp-json\/wp\/v2\/media?parent=302605"}],"curies":[{"name":"wp","href":"https:\/\/api.w.org\/{rel}","templated":true}]}}