{"id":310456,"date":"2022-01-04T08:39:56","date_gmt":"2022-01-04T08:39:56","guid":{"rendered":""},"modified":"2025-11-27T15:56:43","modified_gmt":"2025-11-27T13:56:43","slug":"nola-jakin-nire-kargatzeko-puntuaren-internetera-konektatuta-dagoen","status":"publish","type":"page","link":"https:\/\/v2charge.com\/eu\/nola-jakin-nire-kargatzeko-puntuaren-internetera-konektatuta-dagoen\/","title":{"rendered":"Nola jakin nire kargatzeko puntuaren Internetera konektatuta dagoen?"},"content":{"rendered":"\n<div id=\"conexion-wifi\" class=\"wp-block-uagb-container uagb-block-879f262e alignfull uagb-is-root-container\"><div class=\"uagb-container-inner-blocks-wrap\"><div class=\"wp-block-uagb-advanced-heading uagb-block-af68f17d\"><h1 class=\"uagb-heading-text\">WiFi Konexioa<\/h1><\/div>\n\n\n<div class=\"wp-block-uagb-container uagb-block-1c2e71a6 alignfull uagb-is-root-container\"><div class=\"uagb-container-inner-blocks-wrap\">\n<div class=\"wp-block-uagb-container uagb-block-d7d735fd\">\t\t\t\t\t<div\n\t\t\t\t\t\tclass=\"wp-block-uagb-image-gallery uagb-block-d22892e5     \"\n\t\t\t\t\t\tstyle=\"\"\n\t\t\t\t\t>\n\t\t\t\t\t\t\t\t\t\t\t<div class=\"spectra-image-gallery spectra-image-gallery__layout--carousel\">\n\t\t\t\t\t\t\t\t<div class=\"uagb-slick-carousel uagb-block-d22892e5\">\n\t\t\t\t\t\t\t\t\t\t\t\t<div class='spectra-image-gallery__media-wrapper' data-spectra-gallery-image-id='263658'>\n\t\t\t\t\t\t\t<div class=\"spectra-image-gallery__media spectra-image-gallery__media--carousel\">\n\t\t\t\t<picture>\n\t\t\t\t\t<source media=\"(min-width: 1024px)\" srcset=\"https:\/\/v2charge.com\/wp-content\/uploads\/2025\/10\/cargador-sin-wifi.png\">\n\t\t\t\t\t<source media=\"(min-width: 768px)\" srcset=\"https:\/\/v2charge.com\/wp-content\/uploads\/2025\/10\/cargador-sin-wifi.png\">\n\t\t\t\t\t<img decoding=\"async\" class=\"spectra-image-gallery__media-thumbnail spectra-image-gallery__media-thumbnail--carousel\" src=\"https:\/\/v2charge.com\/wp-content\/uploads\/2025\/10\/cargador-sin-wifi.png\" alt=\"\" loading=\"lazy\" \/>\n\t\t\t\t<\/picture>\n\t\t\t\t<div class=\"spectra-image-gallery__media-thumbnail-blurrer\"><\/div>\n\t\t\t\t\t\t\t<\/div>\n\t\t\t\t\t\t\t\t<div class=\"spectra-image-gallery__media-thumbnail-caption-wrapper spectra-image-gallery__media-thumbnail-caption-wrapper--bar-outside\">\n\t\t\t\t\t\t\t\t\t\t<div class=\"spectra-image-gallery__media-thumbnail-caption spectra-image-gallery__media-thumbnail-caption--bar-outside\">\n\t\t\t\t\t<strong>PASO 1<br><\/strong>Accede al cargador\t\t\t\t<\/div>\n\t\t\t\t\t\t\t\t<\/div>\n\t\t\t\t\t\t\t<\/div>\n\t\t\t\t\t\t<div class='spectra-image-gallery__media-wrapper' data-spectra-gallery-image-id='262522'>\n\t\t\t\t\t\t\t<div class=\"spectra-image-gallery__media spectra-image-gallery__media--carousel\">\n\t\t\t\t<picture>\n\t\t\t\t\t<source media=\"(min-width: 1024px)\" srcset=\"https:\/\/v2charge.com\/wp-content\/uploads\/2025\/10\/ajustes-e-charger.png\">\n\t\t\t\t\t<source media=\"(min-width: 768px)\" srcset=\"https:\/\/v2charge.com\/wp-content\/uploads\/2025\/10\/ajustes-e-charger.png\">\n\t\t\t\t\t<img decoding=\"async\" class=\"spectra-image-gallery__media-thumbnail spectra-image-gallery__media-thumbnail--carousel\" src=\"https:\/\/v2charge.com\/wp-content\/uploads\/2025\/10\/ajustes-e-charger.png\" alt=\"\" loading=\"lazy\" \/>\n\t\t\t\t<\/picture>\n\t\t\t\t<div class=\"spectra-image-gallery__media-thumbnail-blurrer\"><\/div>\n\t\t\t\t\t\t\t<\/div>\n\t\t\t\t\t\t\t\t<div class=\"spectra-image-gallery__media-thumbnail-caption-wrapper spectra-image-gallery__media-thumbnail-caption-wrapper--bar-outside\">\n\t\t\t\t\t\t\t\t\t\t<div class=\"spectra-image-gallery__media-thumbnail-caption spectra-image-gallery__media-thumbnail-caption--bar-outside\">\n\t\t\t\t\t<strong>PASO 2<br><\/strong>Accede a su configuraci\u00f3n\t\t\t\t<\/div>\n\t\t\t\t\t\t\t\t<\/div>\n\t\t\t\t\t\t\t<\/div>\n\t\t\t\t\t\t<div class='spectra-image-gallery__media-wrapper' data-spectra-gallery-image-id='262533'>\n\t\t\t\t\t\t\t<div class=\"spectra-image-gallery__media spectra-image-gallery__media--carousel\">\n\t\t\t\t<picture>\n\t\t\t\t\t<source media=\"(min-width: 1024px)\" srcset=\"https:\/\/v2charge.com\/wp-content\/uploads\/2025\/10\/conectividad.png\">\n\t\t\t\t\t<source media=\"(min-width: 768px)\" srcset=\"https:\/\/v2charge.com\/wp-content\/uploads\/2025\/10\/conectividad.png\">\n\t\t\t\t\t<img decoding=\"async\" class=\"spectra-image-gallery__media-thumbnail spectra-image-gallery__media-thumbnail--carousel\" src=\"https:\/\/v2charge.com\/wp-content\/uploads\/2025\/10\/conectividad.png\" alt=\"\" loading=\"lazy\" \/>\n\t\t\t\t<\/picture>\n\t\t\t\t<div class=\"spectra-image-gallery__media-thumbnail-blurrer\"><\/div>\n\t\t\t\t\t\t\t<\/div>\n\t\t\t\t\t\t\t\t<div class=\"spectra-image-gallery__media-thumbnail-caption-wrapper spectra-image-gallery__media-thumbnail-caption-wrapper--bar-outside\">\n\t\t\t\t\t\t\t\t\t\t<div class=\"spectra-image-gallery__media-thumbnail-caption spectra-image-gallery__media-thumbnail-caption--bar-outside\">\n\t\t\t\t\t<strong>PASO 3<br><\/strong>Desliza hasta el final del men\u00fa y haz clic sobre \u2018Conectividad\u2019\t\t\t\t<\/div>\n\t\t\t\t\t\t\t\t<\/div>\n\t\t\t\t\t\t\t<\/div>\n\t\t\t\t\t\t<div class='spectra-image-gallery__media-wrapper' data-spectra-gallery-image-id='262544'>\n\t\t\t\t\t\t\t<div class=\"spectra-image-gallery__media spectra-image-gallery__media--carousel\">\n\t\t\t\t<picture>\n\t\t\t\t\t<source media=\"(min-width: 1024px)\" srcset=\"https:\/\/v2charge.com\/wp-content\/uploads\/2025\/10\/red-wifi.png\">\n\t\t\t\t\t<source media=\"(min-width: 768px)\" srcset=\"https:\/\/v2charge.com\/wp-content\/uploads\/2025\/10\/red-wifi.png\">\n\t\t\t\t\t<img decoding=\"async\" class=\"spectra-image-gallery__media-thumbnail spectra-image-gallery__media-thumbnail--carousel\" src=\"https:\/\/v2charge.com\/wp-content\/uploads\/2025\/10\/red-wifi.png\" alt=\"\" loading=\"lazy\" \/>\n\t\t\t\t<\/picture>\n\t\t\t\t<div class=\"spectra-image-gallery__media-thumbnail-blurrer\"><\/div>\n\t\t\t\t\t\t\t<\/div>\n\t\t\t\t\t\t\t\t<div class=\"spectra-image-gallery__media-thumbnail-caption-wrapper spectra-image-gallery__media-thumbnail-caption-wrapper--bar-outside\">\n\t\t\t\t\t\t\t\t\t\t<div class=\"spectra-image-gallery__media-thumbnail-caption spectra-image-gallery__media-thumbnail-caption--bar-outside\">\n\t\t\t\t\t<strong>PASO 4<br><\/strong>Para elegir una red WiFi, haz clic en el rect\u00e1ngulo vac\u00edo que se encuentra bajo la opci\u00f3n &#8216;selecciona la red WiFi&#8217;, y autom\u00e1ticamente te mostrar\u00e1 las redes disponibles\t\t\t\t<\/div>\n\t\t\t\t\t\t\t\t<\/div>\n\t\t\t\t\t\t\t<\/div>\n\t\t\t\t\t\t<div class='spectra-image-gallery__media-wrapper' data-spectra-gallery-image-id='263669'>\n\t\t\t\t\t\t\t<div class=\"spectra-image-gallery__media spectra-image-gallery__media--carousel\">\n\t\t\t\t<picture>\n\t\t\t\t\t<source media=\"(min-width: 1024px)\" srcset=\"https:\/\/v2charge.com\/wp-content\/uploads\/2025\/10\/cargador-wifi.png\">\n\t\t\t\t\t<source media=\"(min-width: 768px)\" srcset=\"https:\/\/v2charge.com\/wp-content\/uploads\/2025\/10\/cargador-wifi.png\">\n\t\t\t\t\t<img decoding=\"async\" class=\"spectra-image-gallery__media-thumbnail spectra-image-gallery__media-thumbnail--carousel\" src=\"https:\/\/v2charge.com\/wp-content\/uploads\/2025\/10\/cargador-wifi.png\" alt=\"\" loading=\"lazy\" \/>\n\t\t\t\t<\/picture>\n\t\t\t\t<div class=\"spectra-image-gallery__media-thumbnail-blurrer\"><\/div>\n\t\t\t\t\t\t\t<\/div>\n\t\t\t\t\t\t\t\t<div class=\"spectra-image-gallery__media-thumbnail-caption-wrapper spectra-image-gallery__media-thumbnail-caption-wrapper--bar-outside\">\n\t\t\t\t\t\t\t\t\t\t<div class=\"spectra-image-gallery__media-thumbnail-caption spectra-image-gallery__media-thumbnail-caption--bar-outside\">\n\t\t\t\t\t<strong>PASO 5<br><\/strong>Una vez establecida la conexi\u00f3n, se muestra el icono de WiFi activo\t\t\t\t<\/div>\n\t\t\t\t\t\t\t\t<\/div>\n\t\t\t\t\t\t\t<\/div>\n\t\t\t\t\t\t\t\t\t\t\t<\/div>\n\t\t\t\t\t\t\t<\/div>\n\t\t\t\t\t\t\t\t\t\t\t<\/div>\n\t\t\t\t\t\t\t\t\t<\/div>\n\n\n\n<div class=\"wp-block-uagb-container uagb-block-f11ad258\"><p>e-Charger-a zein den, prozesua modu batean edo bestean egingo da. Hala ere, guztiek dute komunean WiFi bidezko komunikazioa ezartzeko <strong>V2C Cloud mugikor aplikazioaren bidez<\/strong> egitea eta konexio egonkor bat izatea.<br><strong>Konektzioa kargatzeko puntuaren eta aplikazioaren artean Bluetooth bidez egiten da<\/strong>, beraz, zure mugikorreko Bluetooth seinalea aktiboa izan behar da eta e-Charger-etik metro gutxira egon behar duzu.*<br><br>Zerrendan nahi duzun sareak agertzen ez bada, sartu wireless sarearen datuak routerrean agertzen diren moduan (handiak eta txikiak errespetatuz) eta adierazi pasahitza.<br><br>Konektzioa ezarri ondoren, e-Charger-a berrabiarazteko prozesua hasiko da. Berrabiaraztearen ondoren minutu batzuk igaro ondoren, <strong>egiaztatu e-Charger-ek WiFi ikono aktiboa duela<\/strong>. Hala ez bada, egiaztatu pasahitza zuzena dela.<\/p>\n\n\n<div class=\"wp-block-uagb-container uagb-block-bb4f6c60 default uagb-is-root-container\">\n<div class=\"wp-block-uagb-container uagb-block-956b9203\">\n<div class=\"wp-block-uagb-image aligncenter uagb-block-e0099686 wp-block-uagb-image--layout-default wp-block-uagb-image--effect-static wp-block-uagb-image--align-center\"><figure class=\"wp-block-uagb-image__figure\"><img decoding=\"async\" srcset=\"https:\/\/v2charge.com\/wp-content\/uploads\/2023\/11\/icon-important.png ,https:\/\/v2charge.com\/wp-content\/uploads\/2023\/11\/icon-important.png 780w, https:\/\/v2charge.com\/wp-content\/uploads\/2023\/11\/icon-important.png 360w\" sizes=\"auto, (max-width: 480px) 150px\" src=\"https:\/\/v2charge.com\/wp-content\/uploads\/2023\/11\/icon-important.png\" alt=\"\" class=\"uag-image-125013\" width=\"50\" height=\"50\" title=\"\" loading=\"lazy\" role=\"img\"\/><\/figure><\/div>\n<\/div>\n\n\n\n<div class=\"wp-block-uagb-container uagb-block-087917fa\"><div class=\"wp-block-uagb-advanced-heading uagb-block-08648fad\"><p class=\"uagb-heading-text\"><strong>ADI:<\/strong> Zure kargagailua <strong>Trydan Pro<\/strong> bada, hiru konexio-modu dituzu: <strong>WiFi<\/strong>, <strong>Ethernet<\/strong> edo <strong>4G<\/strong>.<\/p><\/div>\n\n\n<div class=\"wp-block-uagb-buttons uagb-buttons__outer-wrap uagb-btn__default-btn uagb-btn-tablet__default-btn uagb-btn-mobile__default-btn uagb-block-a8a919f7\"><div class=\"uagb-buttons__wrap uagb-buttons-layout-wrap \"><div class=\"wp-block-uagb-buttons-child uagb-buttons__outer-wrap uagb-block-ae541a43 wp-block-button\"><div class=\"uagb-button__wrapper\"><a class=\"uagb-buttons-repeater wp-block-button__link\" aria-label=\"\" href=\"https:\/\/v2charge.com\/eu\/edukien-arloa\/soporte-denka\/denka-instalazio-eskuliburu-1-sarrera-denka-instalatzeko-prozesua-erraza-da-baina-jarraitu-pauso-hauek-ondo-egiteko-2-beharrezko-materialak-denka-kargagailua-instalazio-kit-a-erreleboak-gehi\/#configurar-conexion\" rel=\"follow noopener\" target=\"_self\" role=\"button\"><div class=\"uagb-button__link\">Nola konfiguratu Trydan Pro-n konektibitatea<\/div><\/a><\/div><\/div><\/div><\/div>\n<\/div>\n<\/div>\n\n\n<div class=\"wp-block-uagb-advanced-heading uagb-block-50bb3400\"><p class=\"uagb-heading-text\">* Bluetooth-en erabilerak kokapena aktibatzea eskatzen du zenbait Android gailutan.<br>Zenbait enpresen WiFi sareek segurtasun babes mota batzuk dituzte (firewall), DHCP blokeoa, portuen itxiera, etab. Kasu honetan, konfigurazioa bertako arduradun teknikoak egin behar du. Informazio gehiago lortzeko, jo ezazu gure laguntza zerbitzura.<\/p><\/div><\/div>\n<\/div><\/div>\n\n\n\n<div class=\"wp-block-uagb-container gradient-try-section3 uagb-block-18580f50 alignfull uagb-is-root-container\"><div class=\"uagb-container-inner-blocks-wrap\">\n<div data-aos= \"fade\" data-aos-duration=\"400\" data-aos-delay=\"0\" data-aos-easing=\"ease\" data-aos-once=\"true\" class=\"wp-block-uagb-container uagb-block-c7b70b4d default uagb-is-root-container\">\n<div class=\"wp-block-uagb-container uagb-block-8c7be9d3\"><div class=\"wp-block-uagb-advanced-heading uagb-block-0b94933a\"><h2 class=\"uagb-heading-text\">Kontsultatu V2C Cloud aplikazioaren gida osoa<\/h2><\/div>\n\n\n<div class=\"wp-block-uagb-buttons uagb-buttons__outer-wrap uagb-btn__default-btn uagb-btn-tablet__default-btn uagb-btn-mobile__default-btn uagb-block-e9bcb751\"><div class=\"uagb-buttons__wrap uagb-buttons-layout-wrap \"><div class=\"wp-block-uagb-buttons-child uagb-buttons__outer-wrap uagb-block-0b38b9b4 wp-block-button\"><div class=\"uagb-button__wrapper\"><a class=\"uagb-buttons-repeater wp-block-button__link\" aria-label=\"\" href=\"https:\/\/v2charge.com\/eu\/edukien-arloa\/v2c-cloud-laguntza\/v2c-cloud-en-konfigurazioa\/\" rel=\"follow noopener\" target=\"_self\" role=\"button\"><div class=\"uagb-button__link\">Ikusi V2C Cloud gida<\/div><\/a><\/div><\/div><\/div><\/div>\n<\/div>\n<\/div>\n<\/div><\/div>\n<\/div><\/div>\n","protected":false},"excerpt":{"rendered":"<p>WiFi Konexioa e-Charger-a zein den, prozesua modu batean edo bestean egingo da. Hala ere, guztiek dute komunean WiFi bidezko komunikazioa ezartzeko V2C Cloud mugikor aplikazioaren bidez egitea eta konexio egonkor bat izatea.Konektzioa kargatzeko puntuaren eta aplikazioaren artean Bluetooth bidez egiten da, beraz, zure mugikorreko Bluetooth seinalea aktiboa izan behar da eta e-Charger-etik metro gutxira egon &#8230; <a title=\"Nola jakin nire kargatzeko puntuaren Internetera konektatuta dagoen?\" class=\"read-more\" href=\"https:\/\/v2charge.com\/eu\/nola-jakin-nire-kargatzeko-puntuaren-internetera-konektatuta-dagoen\/\" aria-label=\"Read more about Nola jakin nire kargatzeko puntuaren Internetera konektatuta dagoen?\">Read more<\/a><\/p>\n","protected":false},"author":1,"featured_media":170354,"parent":0,"menu_order":0,"comment_status":"closed","ping_status":"closed","template":"","meta":{"_eb_attr":"","content-type":"","_uag_custom_page_level_css":"","footnotes":""},"class_list":["post-310456","page","type-page","status-publish","has-post-thumbnail"],"yoast_head":"<!-- This site is optimized with the Yoast SEO plugin v25.3.1 - https:\/\/yoast.com\/wordpress\/plugins\/seo\/ -->\n<title>Nola jakin zure V2C Kargagailua Internetera konektatuta dagoen | V2C<\/title>\n<meta name=\"description\" content=\"Zure V2C kargatzeko puntuaren Interneten konektatuta dagoen ala ez jakiteko, V2C Cloud aplikazioaren bidez edo zure ordenagailutik nola egin behar duzun azaltzen dizugu.\" \/>\n<meta name=\"robots\" content=\"index, follow, max-snippet:-1, max-image-preview:large, max-video-preview:-1\" \/>\n<link rel=\"canonical\" href=\"https:\/\/v2charge.com\/eu\/nola-jakin-nire-kargatzeko-puntuaren-internetera-konektatuta-dagoen\/\" \/>\n<meta property=\"og:locale\" content=\"eu_ES\" \/>\n<meta property=\"og:type\" content=\"article\" \/>\n<meta property=\"og:title\" content=\"Nola jakin zure V2C Kargagailua Internetera konektatuta dagoen | V2C\" \/>\n<meta property=\"og:description\" content=\"Zure V2C kargatzeko puntuaren Interneten konektatuta dagoen ala ez jakiteko, V2C Cloud aplikazioaren bidez edo zure ordenagailutik nola egin behar duzun azaltzen dizugu.\" \/>\n<meta property=\"og:url\" content=\"https:\/\/v2charge.com\/eu\/nola-jakin-nire-kargatzeko-puntuaren-internetera-konektatuta-dagoen\/\" \/>\n<meta property=\"og:site_name\" content=\"V2C\" \/>\n<meta property=\"article:publisher\" content=\"https:\/\/www.facebook.com\/V2C.Charge\" \/>\n<meta property=\"article:modified_time\" content=\"2025-11-27T13:56:43+00:00\" \/>\n<meta property=\"og:image\" content=\"https:\/\/v2charge.com\/wp-content\/uploads\/2024\/07\/v2c-electric-chargers.jpg\" \/>\n\t<meta property=\"og:image:width\" content=\"1200\" \/>\n\t<meta property=\"og:image:height\" content=\"675\" \/>\n\t<meta property=\"og:image:type\" content=\"image\/jpeg\" \/>\n<meta name=\"twitter:card\" content=\"summary_large_image\" \/>\n<meta name=\"twitter:site\" content=\"@V2C_Charge\" \/>\n<meta name=\"twitter:label1\" content=\"Est. reading time\" \/>\n\t<meta name=\"twitter:data1\" content=\"2 minutes\" \/>\n<script type=\"application\/ld+json\" class=\"yoast-schema-graph\">{\"@context\":\"https:\/\/schema.org\",\"@graph\":[{\"@type\":\"WebPage\",\"@id\":\"https:\/\/v2charge.com\/eu\/nola-jakin-nire-kargatzeko-puntuaren-internetera-konektatuta-dagoen\/\",\"url\":\"https:\/\/v2charge.com\/eu\/nola-jakin-nire-kargatzeko-puntuaren-internetera-konektatuta-dagoen\/\",\"name\":\"Nola jakin zure V2C Kargagailua Internetera konektatuta dagoen | V2C\",\"isPartOf\":{\"@id\":\"https:\/\/v2charge.com\/eu\/#website\"},\"primaryImageOfPage\":{\"@id\":\"https:\/\/v2charge.com\/eu\/nola-jakin-nire-kargatzeko-puntuaren-internetera-konektatuta-dagoen\/#primaryimage\"},\"image\":{\"@id\":\"https:\/\/v2charge.com\/eu\/nola-jakin-nire-kargatzeko-puntuaren-internetera-konektatuta-dagoen\/#primaryimage\"},\"thumbnailUrl\":\"https:\/\/v2charge.com\/wp-content\/uploads\/2024\/07\/v2c-electric-chargers.jpg\",\"datePublished\":\"2022-01-04T08:39:56+00:00\",\"dateModified\":\"2025-11-27T13:56:43+00:00\",\"description\":\"Zure V2C kargatzeko puntuaren Interneten konektatuta dagoen ala ez jakiteko, V2C Cloud aplikazioaren bidez edo zure ordenagailutik nola egin behar duzun azaltzen dizugu.\",\"breadcrumb\":{\"@id\":\"https:\/\/v2charge.com\/eu\/nola-jakin-nire-kargatzeko-puntuaren-internetera-konektatuta-dagoen\/#breadcrumb\"},\"inLanguage\":\"eu-ES\",\"potentialAction\":[{\"@type\":\"ReadAction\",\"target\":[\"https:\/\/v2charge.com\/eu\/nola-jakin-nire-kargatzeko-puntuaren-internetera-konektatuta-dagoen\/\"]}]},{\"@type\":\"ImageObject\",\"inLanguage\":\"eu-ES\",\"@id\":\"https:\/\/v2charge.com\/eu\/nola-jakin-nire-kargatzeko-puntuaren-internetera-konektatuta-dagoen\/#primaryimage\",\"url\":\"https:\/\/v2charge.com\/wp-content\/uploads\/2024\/07\/v2c-electric-chargers.jpg\",\"contentUrl\":\"https:\/\/v2charge.com\/wp-content\/uploads\/2024\/07\/v2c-electric-chargers.jpg\",\"width\":1200,\"height\":675,\"caption\":\"V2C Electric Chargers\"},{\"@type\":\"BreadcrumbList\",\"@id\":\"https:\/\/v2charge.com\/eu\/nola-jakin-nire-kargatzeko-puntuaren-internetera-konektatuta-dagoen\/#breadcrumb\",\"itemListElement\":[{\"@type\":\"ListItem\",\"position\":1,\"name\":\"V2C\",\"item\":\"https:\/\/v2charge.com\/eu\/\"},{\"@type\":\"ListItem\",\"position\":2,\"name\":\"Nola jakin nire kargatzeko puntuaren Internetera konektatuta dagoen?\"}]},{\"@type\":\"WebSite\",\"@id\":\"https:\/\/v2charge.com\/eu\/#website\",\"url\":\"https:\/\/v2charge.com\/eu\/\",\"name\":\"V2C\",\"description\":\"#CargandoElMa\u00f1ana\",\"publisher\":{\"@id\":\"https:\/\/v2charge.com\/eu\/#organization\"},\"potentialAction\":[{\"@type\":\"SearchAction\",\"target\":{\"@type\":\"EntryPoint\",\"urlTemplate\":\"https:\/\/v2charge.com\/eu\/?s={search_term_string}\"},\"query-input\":{\"@type\":\"PropertyValueSpecification\",\"valueRequired\":true,\"valueName\":\"search_term_string\"}}],\"inLanguage\":\"eu-ES\"},{\"@type\":\"Organization\",\"@id\":\"https:\/\/v2charge.com\/eu\/#organization\",\"name\":\"V2C\",\"url\":\"https:\/\/v2charge.com\/eu\/\",\"logo\":{\"@type\":\"ImageObject\",\"inLanguage\":\"eu-ES\",\"@id\":\"https:\/\/v2charge.com\/eu\/#\/schema\/logo\/image\/\",\"url\":\"https:\/\/v2charge.com\/wp-content\/uploads\/2024\/11\/cropped-v2c-charge-logo-menu.png\",\"contentUrl\":\"https:\/\/v2charge.com\/wp-content\/uploads\/2024\/11\/cropped-v2c-charge-logo-menu.png\",\"width\":984,\"height\":431,\"caption\":\"V2C\"},\"image\":{\"@id\":\"https:\/\/v2charge.com\/eu\/#\/schema\/logo\/image\/\"},\"sameAs\":[\"https:\/\/www.facebook.com\/V2C.Charge\",\"https:\/\/x.com\/V2C_Charge\",\"https:\/\/www.instagram.com\/v2c.charge\/\",\"https:\/\/www.youtube.com\/@V2C\",\"https:\/\/www.linkedin.com\/company\/v2c-chargers\/\"]}]}<\/script>\n<!-- \/ Yoast SEO plugin. -->","yoast_head_json":{"title":"Nola jakin zure V2C Kargagailua Internetera konektatuta dagoen | V2C","description":"Zure V2C kargatzeko puntuaren Interneten konektatuta dagoen ala ez jakiteko, V2C Cloud aplikazioaren bidez edo zure ordenagailutik nola egin behar duzun azaltzen dizugu.","robots":{"index":"index","follow":"follow","max-snippet":"max-snippet:-1","max-image-preview":"max-image-preview:large","max-video-preview":"max-video-preview:-1"},"canonical":"https:\/\/v2charge.com\/eu\/nola-jakin-nire-kargatzeko-puntuaren-internetera-konektatuta-dagoen\/","og_locale":"eu_ES","og_type":"article","og_title":"Nola jakin zure V2C Kargagailua Internetera konektatuta dagoen | V2C","og_description":"Zure V2C kargatzeko puntuaren Interneten konektatuta dagoen ala ez jakiteko, V2C Cloud aplikazioaren bidez edo zure ordenagailutik nola egin behar duzun azaltzen dizugu.","og_url":"https:\/\/v2charge.com\/eu\/nola-jakin-nire-kargatzeko-puntuaren-internetera-konektatuta-dagoen\/","og_site_name":"V2C","article_publisher":"https:\/\/www.facebook.com\/V2C.Charge","article_modified_time":"2025-11-27T13:56:43+00:00","og_image":[{"width":1200,"height":675,"url":"https:\/\/v2charge.com\/wp-content\/uploads\/2024\/07\/v2c-electric-chargers.jpg","type":"image\/jpeg"}],"twitter_card":"summary_large_image","twitter_site":"@V2C_Charge","twitter_misc":{"Est. reading time":"2 minutes"},"schema":{"@context":"https:\/\/schema.org","@graph":[{"@type":"WebPage","@id":"https:\/\/v2charge.com\/eu\/nola-jakin-nire-kargatzeko-puntuaren-internetera-konektatuta-dagoen\/","url":"https:\/\/v2charge.com\/eu\/nola-jakin-nire-kargatzeko-puntuaren-internetera-konektatuta-dagoen\/","name":"Nola jakin zure V2C Kargagailua Internetera konektatuta dagoen | V2C","isPartOf":{"@id":"https:\/\/v2charge.com\/eu\/#website"},"primaryImageOfPage":{"@id":"https:\/\/v2charge.com\/eu\/nola-jakin-nire-kargatzeko-puntuaren-internetera-konektatuta-dagoen\/#primaryimage"},"image":{"@id":"https:\/\/v2charge.com\/eu\/nola-jakin-nire-kargatzeko-puntuaren-internetera-konektatuta-dagoen\/#primaryimage"},"thumbnailUrl":"https:\/\/v2charge.com\/wp-content\/uploads\/2024\/07\/v2c-electric-chargers.jpg","datePublished":"2022-01-04T08:39:56+00:00","dateModified":"2025-11-27T13:56:43+00:00","description":"Zure V2C kargatzeko puntuaren Interneten konektatuta dagoen ala ez jakiteko, V2C Cloud aplikazioaren bidez edo zure ordenagailutik nola egin behar duzun azaltzen dizugu.","breadcrumb":{"@id":"https:\/\/v2charge.com\/eu\/nola-jakin-nire-kargatzeko-puntuaren-internetera-konektatuta-dagoen\/#breadcrumb"},"inLanguage":"eu-ES","potentialAction":[{"@type":"ReadAction","target":["https:\/\/v2charge.com\/eu\/nola-jakin-nire-kargatzeko-puntuaren-internetera-konektatuta-dagoen\/"]}]},{"@type":"ImageObject","inLanguage":"eu-ES","@id":"https:\/\/v2charge.com\/eu\/nola-jakin-nire-kargatzeko-puntuaren-internetera-konektatuta-dagoen\/#primaryimage","url":"https:\/\/v2charge.com\/wp-content\/uploads\/2024\/07\/v2c-electric-chargers.jpg","contentUrl":"https:\/\/v2charge.com\/wp-content\/uploads\/2024\/07\/v2c-electric-chargers.jpg","width":1200,"height":675,"caption":"V2C Electric Chargers"},{"@type":"BreadcrumbList","@id":"https:\/\/v2charge.com\/eu\/nola-jakin-nire-kargatzeko-puntuaren-internetera-konektatuta-dagoen\/#breadcrumb","itemListElement":[{"@type":"ListItem","position":1,"name":"V2C","item":"https:\/\/v2charge.com\/eu\/"},{"@type":"ListItem","position":2,"name":"Nola jakin nire kargatzeko puntuaren Internetera konektatuta dagoen?"}]},{"@type":"WebSite","@id":"https:\/\/v2charge.com\/eu\/#website","url":"https:\/\/v2charge.com\/eu\/","name":"V2C","description":"#CargandoElMa\u00f1ana","publisher":{"@id":"https:\/\/v2charge.com\/eu\/#organization"},"potentialAction":[{"@type":"SearchAction","target":{"@type":"EntryPoint","urlTemplate":"https:\/\/v2charge.com\/eu\/?s={search_term_string}"},"query-input":{"@type":"PropertyValueSpecification","valueRequired":true,"valueName":"search_term_string"}}],"inLanguage":"eu-ES"},{"@type":"Organization","@id":"https:\/\/v2charge.com\/eu\/#organization","name":"V2C","url":"https:\/\/v2charge.com\/eu\/","logo":{"@type":"ImageObject","inLanguage":"eu-ES","@id":"https:\/\/v2charge.com\/eu\/#\/schema\/logo\/image\/","url":"https:\/\/v2charge.com\/wp-content\/uploads\/2024\/11\/cropped-v2c-charge-logo-menu.png","contentUrl":"https:\/\/v2charge.com\/wp-content\/uploads\/2024\/11\/cropped-v2c-charge-logo-menu.png","width":984,"height":431,"caption":"V2C"},"image":{"@id":"https:\/\/v2charge.com\/eu\/#\/schema\/logo\/image\/"},"sameAs":["https:\/\/www.facebook.com\/V2C.Charge","https:\/\/x.com\/V2C_Charge","https:\/\/www.instagram.com\/v2c.charge\/","https:\/\/www.youtube.com\/@V2C","https:\/\/www.linkedin.com\/company\/v2c-chargers\/"]}]}},"uagb_featured_image_src":{"full":["https:\/\/v2charge.com\/wp-content\/uploads\/2024\/07\/v2c-electric-chargers.jpg",1200,675,false],"thumbnail":["https:\/\/v2charge.com\/wp-content\/uploads\/2024\/07\/v2c-electric-chargers-150x150.jpg",150,150,true],"medium":["https:\/\/v2charge.com\/wp-content\/uploads\/2024\/07\/v2c-electric-chargers-300x169.jpg",300,169,true],"medium_large":["https:\/\/v2charge.com\/wp-content\/uploads\/2024\/07\/v2c-electric-chargers-768x432.jpg",768,432,true],"large":["https:\/\/v2charge.com\/wp-content\/uploads\/2024\/07\/v2c-electric-chargers-1024x576.jpg",1024,576,true],"gs-tiny":["https:\/\/v2charge.com\/wp-content\/uploads\/2024\/07\/v2c-electric-chargers.jpg",50,28,false],"xl":["https:\/\/v2charge.com\/wp-content\/uploads\/2024\/07\/v2c-electric-chargers.jpg",1200,675,false],"xxl":["https:\/\/v2charge.com\/wp-content\/uploads\/2024\/07\/v2c-electric-chargers.jpg",1200,675,false],"xxxl":["https:\/\/v2charge.com\/wp-content\/uploads\/2024\/07\/v2c-electric-chargers.jpg",1200,675,false],"xxxxl":["https:\/\/v2charge.com\/wp-content\/uploads\/2024\/07\/v2c-electric-chargers.jpg",1200,675,false],"xxxxxl":["https:\/\/v2charge.com\/wp-content\/uploads\/2024\/07\/v2c-electric-chargers.jpg",1200,675,false],"1536x1536":["https:\/\/v2charge.com\/wp-content\/uploads\/2024\/07\/v2c-electric-chargers.jpg",1200,675,false],"2048x2048":["https:\/\/v2charge.com\/wp-content\/uploads\/2024\/07\/v2c-electric-chargers.jpg",1200,675,false]},"uagb_author_info":{"display_name":"V2C","author_link":"https:\/\/v2charge.com\/eu\/author\/root_k4eu7ki8\/"},"uagb_comment_info":0,"uagb_excerpt":"WiFi Konexioa e-Charger-a zein den, prozesua modu batean edo bestean egingo da. Hala ere, guztiek dute komunean WiFi bidezko komunikazioa ezartzeko V2C Cloud mugikor aplikazioaren bidez egitea eta konexio egonkor bat izatea.Konektzioa kargatzeko puntuaren eta aplikazioaren artean Bluetooth bidez egiten da, beraz, zure mugikorreko Bluetooth seinalea aktiboa izan behar da eta e-Charger-etik metro gutxira egon&hellip;","_links":{"self":[{"href":"https:\/\/v2charge.com\/eu\/wp-json\/wp\/v2\/pages\/310456","targetHints":{"allow":["GET"]}}],"collection":[{"href":"https:\/\/v2charge.com\/eu\/wp-json\/wp\/v2\/pages"}],"about":[{"href":"https:\/\/v2charge.com\/eu\/wp-json\/wp\/v2\/types\/page"}],"author":[{"embeddable":true,"href":"https:\/\/v2charge.com\/eu\/wp-json\/wp\/v2\/users\/1"}],"replies":[{"embeddable":true,"href":"https:\/\/v2charge.com\/eu\/wp-json\/wp\/v2\/comments?post=310456"}],"version-history":[{"count":0,"href":"https:\/\/v2charge.com\/eu\/wp-json\/wp\/v2\/pages\/310456\/revisions"}],"wp:featuredmedia":[{"embeddable":true,"href":"https:\/\/v2charge.com\/eu\/wp-json\/wp\/v2\/media\/170354"}],"wp:attachment":[{"href":"https:\/\/v2charge.com\/eu\/wp-json\/wp\/v2\/media?parent=310456"}],"curies":[{"name":"wp","href":"https:\/\/api.w.org\/{rel}","templated":true}]}}