{"id":310603,"date":"2023-10-27T16:08:56","date_gmt":"2023-10-27T14:08:56","guid":{"rendered":""},"modified":"2023-11-07T11:28:55","modified_gmt":"2023-11-07T09:28:55","slug":"v2c-afiliatu-programaren-bidez","status":"publish","type":"page","link":"https:\/\/v2charge.com\/eu\/v2c-afiliatu-programaren-bidez\/","title":{"rendered":"V2C Afiliatu Programaren bidez"},"content":{"rendered":"\n<div class=\"wp-block-uagb-container uagb-block-7ad7e24c alignfull uagb-is-root-container\"><div class=\"uagb-container-inner-blocks-wrap\">\n<div class=\"wp-block-uagb-container uagb-block-6bcf0ffd\"><h1 class=\"wp-block-heading has-contrast-color has-text-color\" style=\"font-size:44px\">Azpimarratu V2C e-Charger-a zure irabaziak handitzen dituzten bitartean<\/h1>\n\n<p class=\"has-accent-color has-text-color\">Bat egin V2C Afiliatu Programarekin eta hasi irabazten komisioak zure jarraitzaileen egindako erosketa bakoitzeko.<\/p>\n\n\n<div class=\"wp-block-uagb-buttons uagb-buttons__outer-wrap uagb-btn__default-btn uagb-btn-tablet__default-btn uagb-btn-mobile__default-btn uagb-block-2bc1e151\"><div class=\"uagb-buttons__wrap uagb-buttons-layout-wrap\"><div class=\"wp-block-uagb-buttons-child uagb-buttons__outer-wrap uagb-block-6a8d54f3 wp-block-button\"><div class=\"uagb-button__wrapper\"><a class=\"uagb-buttons-repeater wp-block-button__link\" href=\"#formulaire\" onclick=\"return true;\" rel=\"follow noopener\" target=\"_self\"><div class=\"uagb-button__link\">HEMEN IREGISTRA ZAITEZ<\/div><\/a><\/div><\/div><\/div><\/div>\n<\/div>\n\n\n\n<div class=\"wp-block-uagb-container uagb-block-2b376e34\"><div class=\"wp-block-image\">\n<figure class=\"aligncenter size-full\"><img decoding=\"async\" width=\"400\" height=\"450\" src=\"https:\/\/v2charge.com\/wp-content\/uploads\/2023\/10\/affiliate-program.jpg\" alt=\"V2C Affiliate Program\" class=\"wp-image-122934\" srcset=\"https:\/\/v2charge.com\/wp-content\/uploads\/2023\/10\/affiliate-program.jpg 400w, https:\/\/v2charge.com\/wp-content\/uploads\/2023\/10\/affiliate-program-267x300.jpg 267w\" sizes=\"(max-width: 400px) 100vw, 400px\" \/><\/figure>\n<\/div><\/div>\n<\/div><\/div>\n\n\n\n<div class=\"wp-block-uagb-container uagb-block-74ecb573 alignfull uagb-is-root-container\"><div class=\"uagb-container-inner-blocks-wrap\"><div class=\"wp-block-uagb-advanced-heading uagb-block-f70dd623\"><h2 class=\"uagb-heading-text\"><strong>Zergatik bat egin V2C Afiliatu Programarekin?<\/strong><\/h2><\/div><\/div><\/div>\n\n\n\n<div class=\"wp-block-uagb-container uagb-block-274cdd6a alignfull uagb-is-root-container\"><div class=\"uagb-container-inner-blocks-wrap\">\n<div class=\"wp-block-uagb-container uagb-block-f8fc696b\">\n<figure class=\"wp-block-image size-full\"><img decoding=\"async\" width=\"64\" height=\"64\" src=\"https:\/\/v2charge.com\/wp-content\/uploads\/2023\/11\/icon-star.png\" alt=\"\" class=\"wp-image-123256\"\/><\/figure>\n\n\n<div class=\"wp-block-uagb-advanced-heading uagb-block-58e4f1f4\"><h3 class=\"uagb-heading-text\">Hobetu <br>zure irudia<\/h3><\/div>\n\n<p>Lotu zure irudia e-mobilitatearen lider marka batekin, komunitate zabal baten laguntzarekin.<\/p><\/div>\n\n\n\n<div class=\"wp-block-uagb-container uagb-block-d868fe71\">\n<figure class=\"wp-block-image size-full\"><img decoding=\"async\" width=\"64\" height=\"64\" src=\"https:\/\/v2charge.com\/wp-content\/uploads\/2023\/11\/icon-commissions.png\" alt=\"\" class=\"wp-image-123265\"\/><\/figure>\n\n\n<div class=\"wp-block-uagb-advanced-heading uagb-block-8348d1ec\"><h3 class=\"uagb-heading-text\">Bilketa komisio altuak irabazi<\/h3><\/div>\n\n<p>Zure jarraitzaileek egindako eskaeraren balioaren %20 zuretzat da.<\/p><\/div>\n\n\n\n<div class=\"wp-block-uagb-container uagb-block-1f594078\">\n<figure class=\"wp-block-image size-full\"><img decoding=\"async\" width=\"64\" height=\"64\" src=\"https:\/\/v2charge.com\/wp-content\/uploads\/2023\/11\/icon-discount.png\" alt=\"\" class=\"wp-image-123274\"\/><\/figure>\n\n\n<div class=\"wp-block-uagb-advanced-heading uagb-block-8e6d6b25\"><h3 class=\"uagb-heading-text\">Zure jarraitzaileek irabazten dute <br>ere<\/h3><\/div>\n\n<p>10 %ko beherapena izango dute zure bonoa kutxan aplikatuz.<\/p><\/div>\n<\/div><\/div>\n\n\n\n<div class=\"wp-block-uagb-container uagb-block-3af6971f alignfull uagb-is-root-container\"><div class=\"uagb-container-inner-blocks-wrap\">\n<div class=\"wp-block-uagb-container uagb-block-771e699f\"><div class=\"wp-block-image is-style-default\">\n<figure class=\"aligncenter size-full\"><img decoding=\"async\" width=\"370\" height=\"341\" src=\"https:\/\/v2charge.com\/wp-content\/uploads\/2023\/11\/affiliate-v2c.jpg\" alt=\"\" class=\"wp-image-123183\" srcset=\"https:\/\/v2charge.com\/wp-content\/uploads\/2023\/11\/affiliate-v2c.jpg 370w, https:\/\/v2charge.com\/wp-content\/uploads\/2023\/11\/affiliate-v2c-300x276.jpg 300w\" sizes=\"(max-width: 370px) 100vw, 370px\" \/><\/figure>\n<\/div><\/div>\n\n\n\n<div class=\"wp-block-uagb-container uagb-block-11d66d0f\"><div class=\"wp-block-uagb-advanced-heading uagb-block-1adaeeb4\"><h2 class=\"uagb-heading-text\"><strong>Nor izan daiteke afiliatu?<\/strong><\/h2><\/div>\n\n<p>Eduki sortzaileak, komunikabideak edo blogariak, mugikortasun elektrikoari, teknologiari, bizimoduari eta energia berriztagarriei buruzko artikuluak argitaratzen dituztenak.<\/p><\/div>\n<\/div><\/div>\n\n\n\n<div class=\"wp-block-uagb-container uagb-block-8117c144 alignfull uagb-is-root-container\"><div class=\"uagb-container-inner-blocks-wrap\"><div class=\"wp-block-uagb-advanced-heading uagb-block-cce71d3f\"><h2 class=\"uagb-heading-text\"><strong>Nola funtzionatzen du programak?<\/strong><\/h2><\/div><\/div><\/div>\n\n\n\n<div class=\"wp-block-uagb-container uagb-block-cf7151e9 alignfull uagb-is-root-container\"><div class=\"uagb-container-inner-blocks-wrap\">\n<div class=\"wp-block-uagb-container uagb-block-6902d405\">\n<figure class=\"wp-block-image size-full\"><img decoding=\"async\" width=\"250\" height=\"120\" src=\"https:\/\/v2charge.com\/wp-content\/uploads\/2023\/11\/step-1-v2c-affiliates-program.jpg\" alt=\"\" class=\"wp-image-123202\"\/><\/figure>\n\n\n<div class=\"wp-block-uagb-advanced-heading uagb-block-0db1da7e\"><h3 class=\"uagb-heading-text\">Iragartzea <br>doan<\/h3><\/div>\n\n<p>Betetze formularioa eta zure eskaera onartzeko aztertuko dugu.<\/p><\/div>\n\n\n\n<div class=\"wp-block-uagb-container uagb-block-2ee01b96\">\n<figure class=\"wp-block-image size-full\"><img decoding=\"async\" width=\"250\" height=\"120\" src=\"https:\/\/v2charge.com\/wp-content\/uploads\/2023\/11\/step2-v2c-affiliates-program.jpg\" alt=\"\" class=\"wp-image-123239\"\/><\/figure>\n\n\n<div class=\"wp-block-uagb-advanced-heading uagb-block-d51a4f0c\"><h3 class=\"uagb-heading-text\">Zuri kargagailu eta txartela eskaintzen dizugu<\/h3><\/div>\n\n<p>Doan bidaltzen dizugu kargagailua eta zure pertsonalizatutako erosketa bonoa emango dizugu.<\/p><\/div>\n\n\n\n<div class=\"wp-block-uagb-container uagb-block-71c89256\">\n<figure class=\"wp-block-image size-full\"><img decoding=\"async\" width=\"250\" height=\"120\" src=\"https:\/\/v2charge.com\/wp-content\/uploads\/2023\/11\/step-3-v2c-affiliates-program.jpg\" alt=\"\" class=\"wp-image-123221\"\/><\/figure>\n\n\n<div class=\"wp-block-uagb-advanced-heading uagb-block-77e79ef6\"><h3 class=\"uagb-heading-text\">Partekatzea  <br>eduki<\/h3><\/div>\n\n<p>Edukiak argitaratu eta zure kuponaren kodea adierazi zure jarraitzaileek %10 aurreztu dezaten.<\/p><\/div>\n\n\n\n<div class=\"wp-block-uagb-container uagb-block-d0c603c8\">\n<figure class=\"wp-block-image size-full\"><img decoding=\"async\" width=\"250\" height=\"120\" src=\"https:\/\/v2charge.com\/wp-content\/uploads\/2023\/11\/step-4-v2c-affiliates-program.jpg\" alt=\"\" class=\"wp-image-123230\"\/><\/figure>\n\n\n<div class=\"wp-block-uagb-advanced-heading uagb-block-55d8c82e\"><h3 class=\"uagb-heading-text\">Jaso zure sariak<\/h3><\/div>\n\n<p>Hilabete bakoitzaren amaieran, txosten bat jasoko duzu eta salmenten %20 banku-transferentzia bidez ordainduko dizugu.<\/p><\/div>\n<\/div><\/div>\n\n\n\n<div id=\"formulaire\" class=\"wp-block-uagb-container uagb-block-5b2931a7 alignfull uagb-is-root-container\"><div class=\"uagb-container-inner-blocks-wrap\">\n<div class=\"wpcf7 no-js\" id=\"wpcf7-f123195-o1\" lang=\"es-ES\" dir=\"ltr\" data-wpcf7-id=\"123195\">\n<div class=\"screen-reader-response\"><p role=\"status\" aria-live=\"polite\" aria-atomic=\"true\"><\/p> <ul><\/ul><\/div>\n<form action=\"\/eu\/wp-json\/wp\/v2\/pages\/310603#wpcf7-f123195-o1\" method=\"post\" class=\"wpcf7-form init\" aria-label=\"Contact form\" novalidate=\"novalidate\" data-status=\"init\">\n<div style=\"display: none;\">\n<input type=\"hidden\" name=\"_wpcf7\" value=\"123195\" \/>\n<input type=\"hidden\" name=\"_wpcf7_version\" value=\"6.0.6\" \/>\n<input type=\"hidden\" name=\"_wpcf7_locale\" value=\"es_ES\" \/>\n<input type=\"hidden\" name=\"_wpcf7_unit_tag\" value=\"wpcf7-f123195-o1\" \/>\n<input type=\"hidden\" name=\"_wpcf7_container_post\" value=\"0\" \/>\n<input type=\"hidden\" name=\"_wpcf7_posted_data_hash\" value=\"\" \/>\n<input type=\"hidden\" name=\"redirect_nonce\" value=\"8606be878d\" \/>\n<input type=\"hidden\" name=\"wpcf7cfpdf_hidden_name\" value=\"document-pdf\" \/>\n<input type=\"hidden\" name=\"wpcf7cfpdf_hidden_reference\" value=\"893fd571\" \/>\n<input type=\"hidden\" name=\"wpcf7cfpdf_hidden_date\" value=\"04222026\" \/>\n<input type=\"hidden\" name=\"_wpcf7_recaptcha_response\" value=\"\" \/>\n<\/div>\n<div id=\"responsive-form\" class=\"clearfix\">\n\t<div class=\"form-row\">\n\t\t<div class=\"column-half\">\n\t\t\t<p>Nom* <span class=\"wpcf7-form-control-wrap\" data-name=\"your-name\"><input size=\"40\" maxlength=\"400\" class=\"wpcf7-form-control wpcf7-text wpcf7-validates-as-required\" aria-required=\"true\" aria-invalid=\"false\" value=\"\" type=\"text\" name=\"your-name\" \/><\/span>\n\t\t\t<\/p>\n\t\t<\/div>\n\t\t<div class=\"column-half\">\n\t\t\t<p>E-mail* <span class=\"wpcf7-form-control-wrap\" data-name=\"your-email\"><input size=\"40\" maxlength=\"400\" class=\"wpcf7-form-control wpcf7-email wpcf7-validates-as-required wpcf7-text wpcf7-validates-as-email\" aria-required=\"true\" aria-invalid=\"false\" value=\"\" type=\"email\" name=\"your-email\" \/><\/span>\n\t\t\t<\/p>\n\t\t<\/div>\n\t\t<div class=\"column-half\">\n\t\t\t<p>Vous avez d\u00e9j\u00e0 un chargeur V2C ?* <span class=\"wpcf7-form-control-wrap\" data-name=\"chargeur\"><input size=\"40\" maxlength=\"400\" class=\"wpcf7-form-control wpcf7-text wpcf7-validates-as-required\" aria-required=\"true\" aria-invalid=\"false\" value=\"\" type=\"text\" name=\"chargeur\" \/><\/span>\n\t\t\t<\/p>\n\t\t<\/div>\n\t<\/div>\n\t<p><span id=\"wpcf7-69e8c8550a650-wrapper\" class=\"wpcf7-form-control-wrap tudireccion-96-wrap\" style=\"display:none !important; visibility:hidden !important;\"><label for=\"wpcf7-69e8c8550a650-field\" class=\"hp-message\">Please leave this field empty.<\/label><input id=\"wpcf7-69e8c8550a650-field\"  class=\"wpcf7-form-control wpcf7-text\" type=\"text\" name=\"tudireccion-96\" value=\"\" size=\"40\" tabindex=\"-1\" autocomplete=\"new-password\" \/><\/span>\n\t<\/p>\n\t<div class=\"form-row\">\n\t\t<div class=\"column-full\">\n\t\t\t<p>Message (Dites-nous qui vous \u00eates, vos r\u00e9seaux sociaux, o\u00f9 vous partagerez le contenu...)* <span class=\"wpcf7-form-control-wrap\" data-name=\"your-message\"><textarea cols=\"40\" rows=\"10\" maxlength=\"2000\" class=\"wpcf7-form-control wpcf7-textarea wpcf7-validates-as-required\" aria-required=\"true\" aria-invalid=\"false\" name=\"your-message\"><\/textarea><\/span>\n\t\t\t<\/p>\n\t\t<\/div>\n\t<\/div>\n\t<div class=\"form-row\">\n\t\t<div class=\"column-full\">\n\t\t\t<p><input class=\"wpcf7-form-control wpcf7-submit has-spinner\" type=\"submit\" value=\"Envoyer\" \/>\n\t\t\t<\/p>\n\t\t<\/div>\n\t<\/div>\n<\/div><!--end responsive-form--><div class=\"wpcf7-response-output\" aria-hidden=\"true\"><\/div>\n<\/form>\n<\/div>\n\n<\/div><\/div>\n","protected":false},"excerpt":{"rendered":"<p>Azpimarratu V2C e-Charger-a zure irabaziak handitzen dituzten bitartean Bat egin V2C Afiliatu Programarekin eta hasi irabazten komisioak zure jarraitzaileen egindako erosketa bakoitzeko. Zergatik bat egin V2C Afiliatu Programarekin? Hobetu zure irudia Lotu zure irudia e-mobilitatearen lider marka batekin, komunitate zabal baten laguntzarekin. Bilketa komisio altuak irabazi Zure jarraitzaileek egindako eskaeraren balioaren %20 zuretzat da. Zure &#8230; <a title=\"V2C Afiliatu Programaren bidez\" class=\"read-more\" href=\"https:\/\/v2charge.com\/eu\/v2c-afiliatu-programaren-bidez\/\" aria-label=\"Read more about V2C Afiliatu Programaren bidez\">Read more<\/a><\/p>\n","protected":false},"author":400,"featured_media":0,"parent":0,"menu_order":0,"comment_status":"closed","ping_status":"closed","template":"","meta":{"_eb_attr":"","content-type":"","_uag_custom_page_level_css":"","footnotes":""},"class_list":["post-310603","page","type-page","status-publish"],"yoast_head":"<!-- This site is optimized with the Yoast SEO plugin v25.3.1 - https:\/\/yoast.com\/wordpress\/plugins\/seo\/ -->\n<title>V2C Afiliatu Programaren bidez - V2C<\/title>\n<meta name=\"description\" content=\"Nabarmentzat ezazu zure e-Charger V2C eta handitu zure irabaziak | Edukien sortzaileak, komunikabideak edo blogariak\" \/>\n<meta name=\"robots\" content=\"index, follow, max-snippet:-1, max-image-preview:large, max-video-preview:-1\" \/>\n<link rel=\"canonical\" href=\"https:\/\/v2charge.com\/eu\/v2c-afiliatu-programaren-bidez\/\" \/>\n<meta property=\"og:locale\" content=\"eu_ES\" \/>\n<meta property=\"og:type\" content=\"article\" \/>\n<meta property=\"og:title\" content=\"V2C Afiliatu Programaren bidez - V2C\" \/>\n<meta property=\"og:description\" content=\"Nabarmentzat ezazu zure e-Charger V2C eta handitu zure irabaziak | Edukien sortzaileak, komunikabideak edo blogariak\" \/>\n<meta property=\"og:url\" content=\"https:\/\/v2charge.com\/eu\/v2c-afiliatu-programaren-bidez\/\" \/>\n<meta property=\"og:site_name\" content=\"V2C\" \/>\n<meta property=\"article:publisher\" content=\"https:\/\/www.facebook.com\/V2C.Charge\" \/>\n<meta property=\"article:modified_time\" content=\"2023-11-07T09:28:55+00:00\" \/>\n<meta property=\"og:image\" content=\"https:\/\/v2charge.com\/wp-content\/uploads\/2023\/10\/affiliate-program.jpg\" \/>\n\t<meta property=\"og:image:width\" content=\"400\" \/>\n\t<meta property=\"og:image:height\" content=\"450\" \/>\n\t<meta property=\"og:image:type\" content=\"image\/jpeg\" \/>\n<meta name=\"twitter:card\" content=\"summary_large_image\" \/>\n<meta name=\"twitter:site\" content=\"@V2C_Charge\" \/>\n<meta name=\"twitter:label1\" content=\"Est. reading time\" \/>\n\t<meta name=\"twitter:data1\" content=\"3 minutes\" \/>\n<script type=\"application\/ld+json\" class=\"yoast-schema-graph\">{\"@context\":\"https:\/\/schema.org\",\"@graph\":[{\"@type\":\"WebPage\",\"@id\":\"https:\/\/v2charge.com\/eu\/v2c-afiliatu-programaren-bidez\/\",\"url\":\"https:\/\/v2charge.com\/eu\/v2c-afiliatu-programaren-bidez\/\",\"name\":\"V2C Afiliatu Programaren bidez - V2C\",\"isPartOf\":{\"@id\":\"https:\/\/v2charge.com\/eu\/#website\"},\"primaryImageOfPage\":{\"@id\":\"https:\/\/v2charge.com\/eu\/v2c-afiliatu-programaren-bidez\/#primaryimage\"},\"image\":{\"@id\":\"https:\/\/v2charge.com\/eu\/v2c-afiliatu-programaren-bidez\/#primaryimage\"},\"thumbnailUrl\":\"https:\/\/v2charge.com\/wp-content\/uploads\/2023\/10\/affiliate-program.jpg\",\"datePublished\":\"2023-10-27T14:08:56+00:00\",\"dateModified\":\"2023-11-07T09:28:55+00:00\",\"description\":\"Nabarmentzat ezazu zure e-Charger V2C eta handitu zure irabaziak | Edukien sortzaileak, komunikabideak edo blogariak\",\"breadcrumb\":{\"@id\":\"https:\/\/v2charge.com\/eu\/v2c-afiliatu-programaren-bidez\/#breadcrumb\"},\"inLanguage\":\"eu-ES\",\"potentialAction\":[{\"@type\":\"ReadAction\",\"target\":[\"https:\/\/v2charge.com\/eu\/v2c-afiliatu-programaren-bidez\/\"]}]},{\"@type\":\"ImageObject\",\"inLanguage\":\"eu-ES\",\"@id\":\"https:\/\/v2charge.com\/eu\/v2c-afiliatu-programaren-bidez\/#primaryimage\",\"url\":\"https:\/\/v2charge.com\/wp-content\/uploads\/2023\/10\/affiliate-program.jpg\",\"contentUrl\":\"https:\/\/v2charge.com\/wp-content\/uploads\/2023\/10\/affiliate-program.jpg\"},{\"@type\":\"BreadcrumbList\",\"@id\":\"https:\/\/v2charge.com\/eu\/v2c-afiliatu-programaren-bidez\/#breadcrumb\",\"itemListElement\":[{\"@type\":\"ListItem\",\"position\":1,\"name\":\"V2C\",\"item\":\"https:\/\/v2charge.com\/eu\/\"},{\"@type\":\"ListItem\",\"position\":2,\"name\":\"V2C Afiliatu Programaren bidez\"}]},{\"@type\":\"WebSite\",\"@id\":\"https:\/\/v2charge.com\/eu\/#website\",\"url\":\"https:\/\/v2charge.com\/eu\/\",\"name\":\"V2C\",\"description\":\"#CargandoElMa\u00f1ana\",\"publisher\":{\"@id\":\"https:\/\/v2charge.com\/eu\/#organization\"},\"potentialAction\":[{\"@type\":\"SearchAction\",\"target\":{\"@type\":\"EntryPoint\",\"urlTemplate\":\"https:\/\/v2charge.com\/eu\/?s={search_term_string}\"},\"query-input\":{\"@type\":\"PropertyValueSpecification\",\"valueRequired\":true,\"valueName\":\"search_term_string\"}}],\"inLanguage\":\"eu-ES\"},{\"@type\":\"Organization\",\"@id\":\"https:\/\/v2charge.com\/eu\/#organization\",\"name\":\"V2C\",\"url\":\"https:\/\/v2charge.com\/eu\/\",\"logo\":{\"@type\":\"ImageObject\",\"inLanguage\":\"eu-ES\",\"@id\":\"https:\/\/v2charge.com\/eu\/#\/schema\/logo\/image\/\",\"url\":\"https:\/\/v2charge.com\/wp-content\/uploads\/2024\/11\/cropped-v2c-charge-logo-menu.png\",\"contentUrl\":\"https:\/\/v2charge.com\/wp-content\/uploads\/2024\/11\/cropped-v2c-charge-logo-menu.png\",\"width\":984,\"height\":431,\"caption\":\"V2C\"},\"image\":{\"@id\":\"https:\/\/v2charge.com\/eu\/#\/schema\/logo\/image\/\"},\"sameAs\":[\"https:\/\/www.facebook.com\/V2C.Charge\",\"https:\/\/x.com\/V2C_Charge\",\"https:\/\/www.instagram.com\/v2c.charge\/\",\"https:\/\/www.youtube.com\/@V2C\",\"https:\/\/www.linkedin.com\/company\/v2c-chargers\/\"]}]}<\/script>\n<!-- \/ Yoast SEO plugin. -->","yoast_head_json":{"title":"V2C Afiliatu Programaren bidez - V2C","description":"Nabarmentzat ezazu zure e-Charger V2C eta handitu zure irabaziak | Edukien sortzaileak, komunikabideak edo blogariak","robots":{"index":"index","follow":"follow","max-snippet":"max-snippet:-1","max-image-preview":"max-image-preview:large","max-video-preview":"max-video-preview:-1"},"canonical":"https:\/\/v2charge.com\/eu\/v2c-afiliatu-programaren-bidez\/","og_locale":"eu_ES","og_type":"article","og_title":"V2C Afiliatu Programaren bidez - V2C","og_description":"Nabarmentzat ezazu zure e-Charger V2C eta handitu zure irabaziak | Edukien sortzaileak, komunikabideak edo blogariak","og_url":"https:\/\/v2charge.com\/eu\/v2c-afiliatu-programaren-bidez\/","og_site_name":"V2C","article_publisher":"https:\/\/www.facebook.com\/V2C.Charge","article_modified_time":"2023-11-07T09:28:55+00:00","og_image":[{"width":400,"height":450,"url":"https:\/\/v2charge.com\/wp-content\/uploads\/2023\/10\/affiliate-program.jpg","type":"image\/jpeg"}],"twitter_card":"summary_large_image","twitter_site":"@V2C_Charge","twitter_misc":{"Est. reading time":"3 minutes"},"schema":{"@context":"https:\/\/schema.org","@graph":[{"@type":"WebPage","@id":"https:\/\/v2charge.com\/eu\/v2c-afiliatu-programaren-bidez\/","url":"https:\/\/v2charge.com\/eu\/v2c-afiliatu-programaren-bidez\/","name":"V2C Afiliatu Programaren bidez - V2C","isPartOf":{"@id":"https:\/\/v2charge.com\/eu\/#website"},"primaryImageOfPage":{"@id":"https:\/\/v2charge.com\/eu\/v2c-afiliatu-programaren-bidez\/#primaryimage"},"image":{"@id":"https:\/\/v2charge.com\/eu\/v2c-afiliatu-programaren-bidez\/#primaryimage"},"thumbnailUrl":"https:\/\/v2charge.com\/wp-content\/uploads\/2023\/10\/affiliate-program.jpg","datePublished":"2023-10-27T14:08:56+00:00","dateModified":"2023-11-07T09:28:55+00:00","description":"Nabarmentzat ezazu zure e-Charger V2C eta handitu zure irabaziak | Edukien sortzaileak, komunikabideak edo blogariak","breadcrumb":{"@id":"https:\/\/v2charge.com\/eu\/v2c-afiliatu-programaren-bidez\/#breadcrumb"},"inLanguage":"eu-ES","potentialAction":[{"@type":"ReadAction","target":["https:\/\/v2charge.com\/eu\/v2c-afiliatu-programaren-bidez\/"]}]},{"@type":"ImageObject","inLanguage":"eu-ES","@id":"https:\/\/v2charge.com\/eu\/v2c-afiliatu-programaren-bidez\/#primaryimage","url":"https:\/\/v2charge.com\/wp-content\/uploads\/2023\/10\/affiliate-program.jpg","contentUrl":"https:\/\/v2charge.com\/wp-content\/uploads\/2023\/10\/affiliate-program.jpg"},{"@type":"BreadcrumbList","@id":"https:\/\/v2charge.com\/eu\/v2c-afiliatu-programaren-bidez\/#breadcrumb","itemListElement":[{"@type":"ListItem","position":1,"name":"V2C","item":"https:\/\/v2charge.com\/eu\/"},{"@type":"ListItem","position":2,"name":"V2C Afiliatu Programaren bidez"}]},{"@type":"WebSite","@id":"https:\/\/v2charge.com\/eu\/#website","url":"https:\/\/v2charge.com\/eu\/","name":"V2C","description":"#CargandoElMa\u00f1ana","publisher":{"@id":"https:\/\/v2charge.com\/eu\/#organization"},"potentialAction":[{"@type":"SearchAction","target":{"@type":"EntryPoint","urlTemplate":"https:\/\/v2charge.com\/eu\/?s={search_term_string}"},"query-input":{"@type":"PropertyValueSpecification","valueRequired":true,"valueName":"search_term_string"}}],"inLanguage":"eu-ES"},{"@type":"Organization","@id":"https:\/\/v2charge.com\/eu\/#organization","name":"V2C","url":"https:\/\/v2charge.com\/eu\/","logo":{"@type":"ImageObject","inLanguage":"eu-ES","@id":"https:\/\/v2charge.com\/eu\/#\/schema\/logo\/image\/","url":"https:\/\/v2charge.com\/wp-content\/uploads\/2024\/11\/cropped-v2c-charge-logo-menu.png","contentUrl":"https:\/\/v2charge.com\/wp-content\/uploads\/2024\/11\/cropped-v2c-charge-logo-menu.png","width":984,"height":431,"caption":"V2C"},"image":{"@id":"https:\/\/v2charge.com\/eu\/#\/schema\/logo\/image\/"},"sameAs":["https:\/\/www.facebook.com\/V2C.Charge","https:\/\/x.com\/V2C_Charge","https:\/\/www.instagram.com\/v2c.charge\/","https:\/\/www.youtube.com\/@V2C","https:\/\/www.linkedin.com\/company\/v2c-chargers\/"]}]}},"uagb_featured_image_src":{"full":false,"thumbnail":false,"medium":false,"medium_large":false,"large":false,"gs-tiny":false,"xl":false,"xxl":false,"xxxl":false,"xxxxl":false,"xxxxxl":false,"1536x1536":false,"2048x2048":false},"uagb_author_info":{"display_name":"V2C","author_link":"https:\/\/v2charge.com\/eu\/author\/marketing\/"},"uagb_comment_info":0,"uagb_excerpt":"Azpimarratu V2C e-Charger-a zure irabaziak handitzen dituzten bitartean Bat egin V2C Afiliatu Programarekin eta hasi irabazten komisioak zure jarraitzaileen egindako erosketa bakoitzeko. Zergatik bat egin V2C Afiliatu Programarekin? Hobetu zure irudia Lotu zure irudia e-mobilitatearen lider marka batekin, komunitate zabal baten laguntzarekin. Bilketa komisio altuak irabazi Zure jarraitzaileek egindako eskaeraren balioaren %20 zuretzat da. Zure&hellip;","_links":{"self":[{"href":"https:\/\/v2charge.com\/eu\/wp-json\/wp\/v2\/pages\/310603","targetHints":{"allow":["GET"]}}],"collection":[{"href":"https:\/\/v2charge.com\/eu\/wp-json\/wp\/v2\/pages"}],"about":[{"href":"https:\/\/v2charge.com\/eu\/wp-json\/wp\/v2\/types\/page"}],"author":[{"embeddable":true,"href":"https:\/\/v2charge.com\/eu\/wp-json\/wp\/v2\/users\/400"}],"replies":[{"embeddable":true,"href":"https:\/\/v2charge.com\/eu\/wp-json\/wp\/v2\/comments?post=310603"}],"version-history":[{"count":0,"href":"https:\/\/v2charge.com\/eu\/wp-json\/wp\/v2\/pages\/310603\/revisions"}],"wp:attachment":[{"href":"https:\/\/v2charge.com\/eu\/wp-json\/wp\/v2\/media?parent=310603"}],"curies":[{"name":"wp","href":"https:\/\/api.w.org\/{rel}","templated":true}]}}