{"id":311390,"date":"2018-05-31T15:46:08","date_gmt":"2018-05-31T15:46:08","guid":{"rendered":""},"modified":"2023-07-14T08:11:48","modified_gmt":"2023-07-14T08:11:48","slug":"laillinen-ilmoitus-ja-tietosuojakaytanto","status":"publish","type":"page","link":"https:\/\/v2charge.com\/fi\/laillinen-ilmoitus-ja-tietosuojakaytanto\/","title":{"rendered":"Laillinen ilmoitus ja tietosuojak\u00e4yt\u00e4nt\u00f6"},"content":{"rendered":"<p><strong>Tietosuojak\u00e4yt\u00e4nt\u00f6, Ev\u00e4steiden k\u00e4ytt\u00f6 ja lis\u00e4tiedot<\/strong><\/p>\n<p>V2Charge (V2C) tietosuojak\u00e4yt\u00e4nt\u00f6. T\u00e4m\u00e4 verkkosivusto kuuluu NEGOCIOS INTELIGENTES 7EXPERIENCE S.L.:lle (j\u00e4ljemp\u00e4n\u00e4 &#8221;V2C&#8221;), jonka osoite on Avenida Cam\u00ed Nou 268 Xirivella (Valencia), ja jonka Y-tunnus on B98496706.<br \/>\nTietosuojalain 15\/99 (13. joulukuuta) mukaisesti ilmoitamme, ett\u00e4 kaikki tietosi kuuluvat NEGOCIOS INTELIGENTES 7 EXPERIENCE S.L.:n hallinnoimaan tiedostoon, jonka tarkoituksena on ratkaista esitt\u00e4m\u00e4si kysymykset, hallita kaupallista suhdetta ja l\u00e4hett\u00e4\u00e4 sinulle uutisia yhti\u00f6n tuotteista ja palveluista kaikilla v\u00e4lineill\u00e4, mukaan lukien s\u00e4hk\u00f6isesti.<\/p>\n<p>Emme tallenna luottokorttitietoja emmek\u00e4 jaa k\u00e4ytt\u00e4jien henkil\u00f6tietoja kolmansille osapuolille. Emme myy, vuokraa tai luovuta henkil\u00f6tietoja, jotka voivat tunnistaa sinut, emmek\u00e4 tule tekem\u00e4\u00e4n niin tulevaisuudessakaan ilman suostumustasi. Kuitenkin joissakin tapauksissa voimme k\u00e4ytt\u00e4\u00e4 palveluntarjoajia, yhteisty\u00f6kumppaneita tai toimistoja k\u00e4sittelem\u00e4\u00e4n henkil\u00f6tietojasi puolestamme, aina ohjeidemme mukaisesti ja vaatimalla tiukimpien turvallisuusstandardien noudattamista.<\/p>\n<p>Jos tulevaisuudessa lanseeraamme uusia liiketoimintoja, jotka riippuvat yhti\u00f6st\u00e4mme (NEGOCIOS INTELIGENTES 7EXPERIENCE S.L.) tai muista sen omistamista yhti\u00f6ist\u00e4 ja jotka liittyv\u00e4t V2C:n tarjoamiin tuotteisiin ja palveluihin, k\u00e4yt\u00e4mme henkil\u00f6tietojasi ilmoittaaksemme sinulle niiden lanseerauksesta ja helpottaaksemme niiden k\u00e4ytt\u00f6\u00e4 tai tilaamista. T\u00e4ss\u00e4 tapauksessa ilmoitamme siit\u00e4 etuk\u00e4teen, jotta voit tarvittaessa peruuttaa tietosi kyseisiss\u00e4 palveluissa.<\/p>\n<p>Kun rekister\u00f6idyt tai otat meihin yhteytt\u00e4 verkkosivustomme kautta, ker\u00e4\u00e4mme kahta tyyppist\u00e4 tietoa: 1) Henkil\u00f6kohtaisia tietoja, kuten nimesi, osoitteesi, puhelinnumerosi ja s\u00e4hk\u00f6postiosoitteesi, jotka annat meille vapaaehtoisesti. 2) Tietokoneesi IP-osoite ja ev\u00e4steiden ker\u00e4\u00e4m\u00e4 anonyymi tieto, kun selaat verkkosivustoamme, auttaaksemme meit\u00e4 ymm\u00e4rt\u00e4m\u00e4\u00e4n, miten voimme parantaa verkkosivustoamme ja palvelujamme. Jos haluat tiet\u00e4\u00e4 lis\u00e4\u00e4 siit\u00e4, miten k\u00e4yt\u00e4mme ev\u00e4steit\u00e4, vieraile verkkosivustolla \/es\/Legal\/Cookies&#8221;.<\/p>\n<p><strong>Oikeutesi<\/strong><\/p>\n<p>Tietosuojalains\u00e4\u00e4d\u00e4nt\u00f6 edellytt\u00e4\u00e4, ett\u00e4 henkil\u00f6tietojasi k\u00e4sitell\u00e4\u00e4n reilusti, asianmukaisesti, tarkasti ja kohtuullisesti. Henkil\u00f6tietojen on oltava ajan tasalla ja niit\u00e4 on s\u00e4ilytett\u00e4v\u00e4 vain niin kauan kuin on tarpeen. Lis\u00e4ksi ne on s\u00e4ilytett\u00e4v\u00e4 turvallisesti, jotta estet\u00e4\u00e4n luvaton p\u00e4\u00e4sy muihin henkil\u00f6ihin, ja sinulla on oikeus tiet\u00e4\u00e4, mit\u00e4 tietoja meill\u00e4 on sinusta, sek\u00e4 korjata virheelliset tiedot. Voit milloin tahansa k\u00e4ytt\u00e4\u00e4 oikeuksiasi p\u00e4\u00e4syyn, oikaisuun, vastustamiseen tai peruutukseen l\u00e4hett\u00e4m\u00e4ll\u00e4 pyynt\u00f6si osoitteeseen info@v2charge.com tai postitse osoitteeseen NEGOCIOS INTELIGENTES 7EXPERIENCE S.L., Avenida Cam\u00ed Nou 268 Xirivella 46950, liitt\u00e4en mukaan kopion henkil\u00f6kortistasi (DNI) tai vastaavasta asiakirjasta.&#8221;<\/p>\n<p><strong>Ev\u00e4steet<\/strong><\/p>\n<p>K\u00e4yt\u00e4mme toisinaan verkkoselaimesi toimintoa, jota kutsutaan &#8221;ev\u00e4steeksi&#8221; V2C:n verkkosivustolla. &#8221;Ev\u00e4ste&#8221; on eritt\u00e4in pieni tekstitiedosto, jonka selaimesi tallentaa tietokoneesi kovalevylle, ja joka auttaa meit\u00e4 saamaan parhaan hy\u00f6dyn vierailustasi verkkosivustollamme ja parantamaan k\u00e4ytt\u00e4j\u00e4kokemusta. &#8221;Ev\u00e4ste&#8221; voidaan n\u00e4hd\u00e4 henkil\u00f6korttina, joka ilmoittaa verkkosivustolle, kun olet palannut.<\/p>\n<p>V2C k\u00e4sittelee kaikki tiedot suurimmalla huolellisuudella ja turvallisuudella. Emme miss\u00e4\u00e4n vaiheessa tallenna tai k\u00e4sittele pankkitietojasi tai luottokorttitietojasi, vaan n\u00e4m\u00e4 tiedot hallinnoi suoraan maksupalveluntarjoajamme, jotka t\u00e4ytt\u00e4v\u00e4t kaikki laajimmat turvallisuus- ja lains\u00e4\u00e4d\u00e4nt\u00f6vaatimukset. Muista, ett\u00e4 otamme sinuun yhteytt\u00e4 vain pyyt\u00e4\u00e4ksemme vahvistusta tilisi tiedoista, kun korttisi hyl\u00e4t\u00e4\u00e4n maksun yhteydess\u00e4. Kun otamme sinuun yhteytt\u00e4, emme koskaan pyyd\u00e4 salasanaasi tai PIN-koodiasi. Suosittelemme, ett\u00e4 et koskaan sy\u00f6t\u00e4 tilinumeroasi tai salasanaasi s\u00e4hk\u00f6postiin tai klikkaa linkki\u00e4, joka tulee s\u00e4hk\u00f6postista.<\/p>\n<p><strong>Tietosuojak\u00e4yt\u00e4nn\u00f6n muuttaminen<\/strong><\/p>\n<p>T\u00e4m\u00e4n tietosuojak\u00e4yt\u00e4nn\u00f6n p\u00e4ivitt\u00e4minen ja muuttaminen tapahtuu k\u00e4ytt\u00f6ehtojen mukaisesti, jotka koskevat niiden p\u00e4ivitt\u00e4mist\u00e4 ja muuttamista.<\/p>\n","protected":false},"excerpt":{"rendered":"<p>Tietosuojak\u00e4yt\u00e4nt\u00f6, Ev\u00e4steiden k\u00e4ytt\u00f6 ja lis\u00e4tiedot V2Charge (V2C) tietosuojak\u00e4yt\u00e4nt\u00f6. T\u00e4m\u00e4 verkkosivusto kuuluu NEGOCIOS INTELIGENTES 7EXPERIENCE S.L.:lle (j\u00e4ljemp\u00e4n\u00e4 &#8221;V2C&#8221;), jonka osoite on Avenida Cam\u00ed Nou 268 Xirivella (Valencia), ja jonka Y-tunnus on B98496706. Tietosuojalain 15\/99 (13. joulukuuta) mukaisesti ilmoitamme, ett\u00e4 kaikki tietosi kuuluvat NEGOCIOS INTELIGENTES 7 EXPERIENCE S.L.:n hallinnoimaan tiedostoon, jonka tarkoituksena on ratkaista esitt\u00e4m\u00e4si kysymykset, hallita &#8230; <a title=\"Laillinen ilmoitus ja tietosuojak\u00e4yt\u00e4nt\u00f6\" class=\"read-more\" href=\"https:\/\/v2charge.com\/fi\/laillinen-ilmoitus-ja-tietosuojakaytanto\/\" aria-label=\"Lue lis\u00e4\u00e4 aiheesta Laillinen ilmoitus ja tietosuojak\u00e4yt\u00e4nt\u00f6\">Lue lis\u00e4\u00e4<\/a><\/p>\n","protected":false},"author":1,"featured_media":170354,"parent":0,"menu_order":0,"comment_status":"closed","ping_status":"closed","template":"","meta":{"_eb_attr":"","content-type":"","_uag_custom_page_level_css":"","footnotes":""},"class_list":["post-311390","page","type-page","status-publish","has-post-thumbnail"],"yoast_head":"<!-- This site is optimized with the Yoast SEO plugin v25.3.1 - https:\/\/yoast.com\/wordpress\/plugins\/seo\/ -->\n<title>Laillinen ilmoitus ja tietosuojak\u00e4yt\u00e4nt\u00f6 - V2C Latauspisteet<\/title>\n<meta name=\"robots\" content=\"noindex, follow\" \/>\n<meta property=\"og:locale\" content=\"fi_FI\" \/>\n<meta property=\"og:type\" content=\"article\" \/>\n<meta property=\"og:title\" content=\"Laillinen ilmoitus ja tietosuojak\u00e4yt\u00e4nt\u00f6 - V2C Latauspisteet\" \/>\n<meta property=\"og:description\" content=\"Tietosuojak\u00e4yt\u00e4nt\u00f6, Ev\u00e4steiden k\u00e4ytt\u00f6 ja lis\u00e4tiedot V2Charge (V2C) tietosuojak\u00e4yt\u00e4nt\u00f6. T\u00e4m\u00e4 verkkosivusto kuuluu NEGOCIOS INTELIGENTES 7EXPERIENCE S.L.:lle (j\u00e4ljemp\u00e4n\u00e4 &#8221;V2C&#8221;), jonka osoite on Avenida Cam\u00ed Nou 268 Xirivella (Valencia), ja jonka Y-tunnus on B98496706. Tietosuojalain 15\/99 (13. joulukuuta) mukaisesti ilmoitamme, ett\u00e4 kaikki tietosi kuuluvat NEGOCIOS INTELIGENTES 7 EXPERIENCE S.L.:n hallinnoimaan tiedostoon, jonka tarkoituksena on ratkaista esitt\u00e4m\u00e4si kysymykset, hallita ... Lue lis\u00e4\u00e4\" \/>\n<meta property=\"og:url\" content=\"https:\/\/v2charge.com\/fi\/laillinen-ilmoitus-ja-tietosuojakaytanto\/\" \/>\n<meta property=\"og:site_name\" content=\"V2C\" \/>\n<meta property=\"article:publisher\" content=\"https:\/\/www.facebook.com\/V2C.Charge\" \/>\n<meta property=\"article:modified_time\" content=\"2023-07-14T08:11:48+00:00\" \/>\n<meta property=\"og:image\" content=\"https:\/\/v2charge.com\/wp-content\/uploads\/2024\/07\/v2c-electric-chargers.jpg\" \/>\n\t<meta property=\"og:image:width\" content=\"1200\" \/>\n\t<meta property=\"og:image:height\" content=\"675\" \/>\n\t<meta property=\"og:image:type\" content=\"image\/jpeg\" \/>\n<meta name=\"twitter:card\" content=\"summary_large_image\" \/>\n<meta name=\"twitter:site\" content=\"@V2C_Charge\" \/>\n<meta name=\"twitter:label1\" content=\"Arvioitu lukuaika\" \/>\n\t<meta name=\"twitter:data1\" content=\"4 minuuttia\" \/>\n<script type=\"application\/ld+json\" class=\"yoast-schema-graph\">{\"@context\":\"https:\/\/schema.org\",\"@graph\":[{\"@type\":\"WebPage\",\"@id\":\"https:\/\/v2charge.com\/fi\/laillinen-ilmoitus-ja-tietosuojakaytanto\/\",\"url\":\"https:\/\/v2charge.com\/fi\/laillinen-ilmoitus-ja-tietosuojakaytanto\/\",\"name\":\"Laillinen ilmoitus ja tietosuojak\u00e4yt\u00e4nt\u00f6 - V2C Latauspisteet\",\"isPartOf\":{\"@id\":\"https:\/\/v2charge.com\/fi\/#website\"},\"primaryImageOfPage\":{\"@id\":\"https:\/\/v2charge.com\/fi\/laillinen-ilmoitus-ja-tietosuojakaytanto\/#primaryimage\"},\"image\":{\"@id\":\"https:\/\/v2charge.com\/fi\/laillinen-ilmoitus-ja-tietosuojakaytanto\/#primaryimage\"},\"thumbnailUrl\":\"https:\/\/v2charge.com\/wp-content\/uploads\/2024\/07\/v2c-electric-chargers.jpg\",\"datePublished\":\"2018-05-31T15:46:08+00:00\",\"dateModified\":\"2023-07-14T08:11:48+00:00\",\"breadcrumb\":{\"@id\":\"https:\/\/v2charge.com\/fi\/laillinen-ilmoitus-ja-tietosuojakaytanto\/#breadcrumb\"},\"inLanguage\":\"fi\",\"potentialAction\":[{\"@type\":\"ReadAction\",\"target\":[\"https:\/\/v2charge.com\/fi\/laillinen-ilmoitus-ja-tietosuojakaytanto\/\"]}]},{\"@type\":\"ImageObject\",\"inLanguage\":\"fi\",\"@id\":\"https:\/\/v2charge.com\/fi\/laillinen-ilmoitus-ja-tietosuojakaytanto\/#primaryimage\",\"url\":\"https:\/\/v2charge.com\/wp-content\/uploads\/2024\/07\/v2c-electric-chargers.jpg\",\"contentUrl\":\"https:\/\/v2charge.com\/wp-content\/uploads\/2024\/07\/v2c-electric-chargers.jpg\",\"width\":1200,\"height\":675,\"caption\":\"V2C Electric Chargers\"},{\"@type\":\"BreadcrumbList\",\"@id\":\"https:\/\/v2charge.com\/fi\/laillinen-ilmoitus-ja-tietosuojakaytanto\/#breadcrumb\",\"itemListElement\":[{\"@type\":\"ListItem\",\"position\":1,\"name\":\"V2C\",\"item\":\"https:\/\/v2charge.com\/fi\/\"},{\"@type\":\"ListItem\",\"position\":2,\"name\":\"Laillinen ilmoitus ja tietosuojak\u00e4yt\u00e4nt\u00f6\"}]},{\"@type\":\"WebSite\",\"@id\":\"https:\/\/v2charge.com\/fi\/#website\",\"url\":\"https:\/\/v2charge.com\/fi\/\",\"name\":\"V2C\",\"description\":\"#CargandoElMa\u00f1ana\",\"publisher\":{\"@id\":\"https:\/\/v2charge.com\/fi\/#organization\"},\"potentialAction\":[{\"@type\":\"SearchAction\",\"target\":{\"@type\":\"EntryPoint\",\"urlTemplate\":\"https:\/\/v2charge.com\/fi\/?s={search_term_string}\"},\"query-input\":{\"@type\":\"PropertyValueSpecification\",\"valueRequired\":true,\"valueName\":\"search_term_string\"}}],\"inLanguage\":\"fi\"},{\"@type\":\"Organization\",\"@id\":\"https:\/\/v2charge.com\/fi\/#organization\",\"name\":\"V2C\",\"url\":\"https:\/\/v2charge.com\/fi\/\",\"logo\":{\"@type\":\"ImageObject\",\"inLanguage\":\"fi\",\"@id\":\"https:\/\/v2charge.com\/fi\/#\/schema\/logo\/image\/\",\"url\":\"https:\/\/v2charge.com\/wp-content\/uploads\/2024\/11\/cropped-v2c-charge-logo-menu.png\",\"contentUrl\":\"https:\/\/v2charge.com\/wp-content\/uploads\/2024\/11\/cropped-v2c-charge-logo-menu.png\",\"width\":984,\"height\":431,\"caption\":\"V2C\"},\"image\":{\"@id\":\"https:\/\/v2charge.com\/fi\/#\/schema\/logo\/image\/\"},\"sameAs\":[\"https:\/\/www.facebook.com\/V2C.Charge\",\"https:\/\/x.com\/V2C_Charge\",\"https:\/\/www.instagram.com\/v2c.charge\/\",\"https:\/\/www.youtube.com\/@V2C\",\"https:\/\/www.linkedin.com\/company\/v2c-chargers\/\"]}]}<\/script>\n<!-- \/ Yoast SEO plugin. -->","yoast_head_json":{"title":"Laillinen ilmoitus ja tietosuojak\u00e4yt\u00e4nt\u00f6 - V2C Latauspisteet","robots":{"index":"noindex","follow":"follow"},"og_locale":"fi_FI","og_type":"article","og_title":"Laillinen ilmoitus ja tietosuojak\u00e4yt\u00e4nt\u00f6 - V2C Latauspisteet","og_description":"Tietosuojak\u00e4yt\u00e4nt\u00f6, Ev\u00e4steiden k\u00e4ytt\u00f6 ja lis\u00e4tiedot V2Charge (V2C) tietosuojak\u00e4yt\u00e4nt\u00f6. T\u00e4m\u00e4 verkkosivusto kuuluu NEGOCIOS INTELIGENTES 7EXPERIENCE S.L.:lle (j\u00e4ljemp\u00e4n\u00e4 &#8221;V2C&#8221;), jonka osoite on Avenida Cam\u00ed Nou 268 Xirivella (Valencia), ja jonka Y-tunnus on B98496706. Tietosuojalain 15\/99 (13. joulukuuta) mukaisesti ilmoitamme, ett\u00e4 kaikki tietosi kuuluvat NEGOCIOS INTELIGENTES 7 EXPERIENCE S.L.:n hallinnoimaan tiedostoon, jonka tarkoituksena on ratkaista esitt\u00e4m\u00e4si kysymykset, hallita ... Lue lis\u00e4\u00e4","og_url":"https:\/\/v2charge.com\/fi\/laillinen-ilmoitus-ja-tietosuojakaytanto\/","og_site_name":"V2C","article_publisher":"https:\/\/www.facebook.com\/V2C.Charge","article_modified_time":"2023-07-14T08:11:48+00:00","og_image":[{"width":1200,"height":675,"url":"https:\/\/v2charge.com\/wp-content\/uploads\/2024\/07\/v2c-electric-chargers.jpg","type":"image\/jpeg"}],"twitter_card":"summary_large_image","twitter_site":"@V2C_Charge","twitter_misc":{"Arvioitu lukuaika":"4 minuuttia"},"schema":{"@context":"https:\/\/schema.org","@graph":[{"@type":"WebPage","@id":"https:\/\/v2charge.com\/fi\/laillinen-ilmoitus-ja-tietosuojakaytanto\/","url":"https:\/\/v2charge.com\/fi\/laillinen-ilmoitus-ja-tietosuojakaytanto\/","name":"Laillinen ilmoitus ja tietosuojak\u00e4yt\u00e4nt\u00f6 - V2C Latauspisteet","isPartOf":{"@id":"https:\/\/v2charge.com\/fi\/#website"},"primaryImageOfPage":{"@id":"https:\/\/v2charge.com\/fi\/laillinen-ilmoitus-ja-tietosuojakaytanto\/#primaryimage"},"image":{"@id":"https:\/\/v2charge.com\/fi\/laillinen-ilmoitus-ja-tietosuojakaytanto\/#primaryimage"},"thumbnailUrl":"https:\/\/v2charge.com\/wp-content\/uploads\/2024\/07\/v2c-electric-chargers.jpg","datePublished":"2018-05-31T15:46:08+00:00","dateModified":"2023-07-14T08:11:48+00:00","breadcrumb":{"@id":"https:\/\/v2charge.com\/fi\/laillinen-ilmoitus-ja-tietosuojakaytanto\/#breadcrumb"},"inLanguage":"fi","potentialAction":[{"@type":"ReadAction","target":["https:\/\/v2charge.com\/fi\/laillinen-ilmoitus-ja-tietosuojakaytanto\/"]}]},{"@type":"ImageObject","inLanguage":"fi","@id":"https:\/\/v2charge.com\/fi\/laillinen-ilmoitus-ja-tietosuojakaytanto\/#primaryimage","url":"https:\/\/v2charge.com\/wp-content\/uploads\/2024\/07\/v2c-electric-chargers.jpg","contentUrl":"https:\/\/v2charge.com\/wp-content\/uploads\/2024\/07\/v2c-electric-chargers.jpg","width":1200,"height":675,"caption":"V2C Electric Chargers"},{"@type":"BreadcrumbList","@id":"https:\/\/v2charge.com\/fi\/laillinen-ilmoitus-ja-tietosuojakaytanto\/#breadcrumb","itemListElement":[{"@type":"ListItem","position":1,"name":"V2C","item":"https:\/\/v2charge.com\/fi\/"},{"@type":"ListItem","position":2,"name":"Laillinen ilmoitus ja tietosuojak\u00e4yt\u00e4nt\u00f6"}]},{"@type":"WebSite","@id":"https:\/\/v2charge.com\/fi\/#website","url":"https:\/\/v2charge.com\/fi\/","name":"V2C","description":"#CargandoElMa\u00f1ana","publisher":{"@id":"https:\/\/v2charge.com\/fi\/#organization"},"potentialAction":[{"@type":"SearchAction","target":{"@type":"EntryPoint","urlTemplate":"https:\/\/v2charge.com\/fi\/?s={search_term_string}"},"query-input":{"@type":"PropertyValueSpecification","valueRequired":true,"valueName":"search_term_string"}}],"inLanguage":"fi"},{"@type":"Organization","@id":"https:\/\/v2charge.com\/fi\/#organization","name":"V2C","url":"https:\/\/v2charge.com\/fi\/","logo":{"@type":"ImageObject","inLanguage":"fi","@id":"https:\/\/v2charge.com\/fi\/#\/schema\/logo\/image\/","url":"https:\/\/v2charge.com\/wp-content\/uploads\/2024\/11\/cropped-v2c-charge-logo-menu.png","contentUrl":"https:\/\/v2charge.com\/wp-content\/uploads\/2024\/11\/cropped-v2c-charge-logo-menu.png","width":984,"height":431,"caption":"V2C"},"image":{"@id":"https:\/\/v2charge.com\/fi\/#\/schema\/logo\/image\/"},"sameAs":["https:\/\/www.facebook.com\/V2C.Charge","https:\/\/x.com\/V2C_Charge","https:\/\/www.instagram.com\/v2c.charge\/","https:\/\/www.youtube.com\/@V2C","https:\/\/www.linkedin.com\/company\/v2c-chargers\/"]}]}},"uagb_featured_image_src":{"full":["https:\/\/v2charge.com\/wp-content\/uploads\/2024\/07\/v2c-electric-chargers.jpg",1200,675,false],"thumbnail":["https:\/\/v2charge.com\/wp-content\/uploads\/2024\/07\/v2c-electric-chargers-150x150.jpg",150,150,true],"medium":["https:\/\/v2charge.com\/wp-content\/uploads\/2024\/07\/v2c-electric-chargers-300x169.jpg",300,169,true],"medium_large":["https:\/\/v2charge.com\/wp-content\/uploads\/2024\/07\/v2c-electric-chargers-768x432.jpg",768,432,true],"large":["https:\/\/v2charge.com\/wp-content\/uploads\/2024\/07\/v2c-electric-chargers-1024x576.jpg",1024,576,true],"gs-tiny":["https:\/\/v2charge.com\/wp-content\/uploads\/2024\/07\/v2c-electric-chargers.jpg",50,28,false],"xl":["https:\/\/v2charge.com\/wp-content\/uploads\/2024\/07\/v2c-electric-chargers.jpg",1200,675,false],"xxl":["https:\/\/v2charge.com\/wp-content\/uploads\/2024\/07\/v2c-electric-chargers.jpg",1200,675,false],"xxxl":["https:\/\/v2charge.com\/wp-content\/uploads\/2024\/07\/v2c-electric-chargers.jpg",1200,675,false],"xxxxl":["https:\/\/v2charge.com\/wp-content\/uploads\/2024\/07\/v2c-electric-chargers.jpg",1200,675,false],"xxxxxl":["https:\/\/v2charge.com\/wp-content\/uploads\/2024\/07\/v2c-electric-chargers.jpg",1200,675,false],"1536x1536":["https:\/\/v2charge.com\/wp-content\/uploads\/2024\/07\/v2c-electric-chargers.jpg",1200,675,false],"2048x2048":["https:\/\/v2charge.com\/wp-content\/uploads\/2024\/07\/v2c-electric-chargers.jpg",1200,675,false]},"uagb_author_info":{"display_name":"V2C","author_link":"https:\/\/v2charge.com\/fi\/author\/root_k4eu7ki8\/"},"uagb_comment_info":0,"uagb_excerpt":"Tietosuojak\u00e4yt\u00e4nt\u00f6, Ev\u00e4steiden k\u00e4ytt\u00f6 ja lis\u00e4tiedot V2Charge (V2C) tietosuojak\u00e4yt\u00e4nt\u00f6. T\u00e4m\u00e4 verkkosivusto kuuluu NEGOCIOS INTELIGENTES 7EXPERIENCE S.L.:lle (j\u00e4ljemp\u00e4n\u00e4 &#8221;V2C&#8221;), jonka osoite on Avenida Cam\u00ed Nou 268 Xirivella (Valencia), ja jonka Y-tunnus on B98496706. Tietosuojalain 15\/99 (13. joulukuuta) mukaisesti ilmoitamme, ett\u00e4 kaikki tietosi kuuluvat NEGOCIOS INTELIGENTES 7 EXPERIENCE S.L.:n hallinnoimaan tiedostoon, jonka tarkoituksena on ratkaista esitt\u00e4m\u00e4si kysymykset, hallita&hellip;","_links":{"self":[{"href":"https:\/\/v2charge.com\/fi\/wp-json\/wp\/v2\/pages\/311390","targetHints":{"allow":["GET"]}}],"collection":[{"href":"https:\/\/v2charge.com\/fi\/wp-json\/wp\/v2\/pages"}],"about":[{"href":"https:\/\/v2charge.com\/fi\/wp-json\/wp\/v2\/types\/page"}],"author":[{"embeddable":true,"href":"https:\/\/v2charge.com\/fi\/wp-json\/wp\/v2\/users\/1"}],"replies":[{"embeddable":true,"href":"https:\/\/v2charge.com\/fi\/wp-json\/wp\/v2\/comments?post=311390"}],"version-history":[{"count":0,"href":"https:\/\/v2charge.com\/fi\/wp-json\/wp\/v2\/pages\/311390\/revisions"}],"wp:featuredmedia":[{"embeddable":true,"href":"https:\/\/v2charge.com\/fi\/wp-json\/wp\/v2\/media\/170354"}],"wp:attachment":[{"href":"https:\/\/v2charge.com\/fi\/wp-json\/wp\/v2\/media?parent=311390"}],"curies":[{"name":"wp","href":"https:\/\/api.w.org\/{rel}","templated":true}]}}