{"id":311391,"date":"2018-06-01T09:43:28","date_gmt":"2018-06-01T09:43:28","guid":{"rendered":""},"modified":"2023-05-24T10:41:00","modified_gmt":"2023-05-24T10:41:00","slug":"evastekaytanto","status":"publish","type":"page","link":"https:\/\/v2charge.com\/fi\/evastekaytanto\/","title":{"rendered":"Ev\u00e4stek\u00e4yt\u00e4nt\u00f6"},"content":{"rendered":"<p>T\u00e4m\u00e4 verkkosivusto on NEGOCIOS INTELIGENTES 7 EXPERIENCE S.L.:n omaisuutta. T\u00e4m\u00e4n sivun k\u00e4ytt\u00f6 tarkoittaa, ett\u00e4 tunnet ja hyv\u00e4ksyt tietosuojak\u00e4yt\u00e4nn\u00f6n. Lain 34\/2002, 11. hein\u00e4kuuta, tietoyhteiskunnan palveluista ja s\u00e4hk\u00f6isest\u00e4 kaupasta (LSSI) 10 artiklan mukaisesti esitet\u00e4\u00e4n tunnistetiedot.<\/p>\n<h2>Mitk\u00e4 ovat ev\u00e4steet?<\/h2>\n<p>Ev\u00e4ste on tiedosto, joka ladataan tietokoneellesi tai p\u00e4\u00e4telaitteellesi, kun k\u00e4yt verkkosivustollamme. Ev\u00e4steet mahdollistavat muun muassa tietojen tallentamisen ja palauttamisen k\u00e4ytt\u00e4j\u00e4n tai h\u00e4nen laitteensa selaustottumuksista, ja niiden sis\u00e4lt\u00e4m\u00e4n tiedon sek\u00e4 laitteen k\u00e4yt\u00f6n perusteella niit\u00e4 voidaan k\u00e4ytt\u00e4\u00e4 k\u00e4ytt\u00e4j\u00e4n tunnistamiseen.<\/p>\n<h2>Millaisia ev\u00e4steit\u00e4 verkkosivustollamme k\u00e4ytet\u00e4\u00e4n?<\/h2>\n<p>Omat ev\u00e4steet: N\u00e4m\u00e4 ovat ev\u00e4steit\u00e4, jotka l\u00e4het\u00e4mme tietokoneellesi tai p\u00e4\u00e4telaitteellesi verkkosivustoltamme.<br \/>Kolmannen osapuolen ev\u00e4steet: N\u00e4m\u00e4 ovat ev\u00e4steit\u00e4, jotka l\u00e4hetet\u00e4\u00e4n tietokoneellesi tai p\u00e4\u00e4telaitteellesi verkkotunnuksesta tai verkkosivustolta, jota emme hallinnoi, vaan muu taho, joka k\u00e4sittelee ev\u00e4steiden kautta ker\u00e4ttyj\u00e4 tietoja.<br \/>Analytiikkaev\u00e4steet: N\u00e4m\u00e4 ovat ev\u00e4steit\u00e4, joita k\u00e4sittelemme joko itse tai kolmannet osapuolet, ja jotka mahdollistavat k\u00e4ytt\u00e4jien m\u00e4\u00e4r\u00e4n kvantifioimisen sek\u00e4 verkkosivuston k\u00e4yt\u00f6n tilastollisen mittauksen ja analyysin. T\u00e4m\u00e4n vuoksi analysoimme verkkosivustollamme tapahtuvaa selaamista parantaaksemme tarjoamiamme tuotteita tai palveluja.<\/p>\n<h2>Verkkosivustolla www.v2charge.com k\u00e4ytett\u00e4v\u00e4t ev\u00e4steet ovat:<\/h2>\n<p>Tiukasti v\u00e4ltt\u00e4m\u00e4tt\u00f6m\u00e4t ev\u00e4steet, kuten esimerkiksi ne, jotka mahdollistavat oikean selaamisen ja varmistavat, ett\u00e4 verkkosivuston sis\u00e4lt\u00f6 latautuu tehokkaasti. PHPSESSID SESION \u2013 T\u00e4t\u00e4 ev\u00e4stett\u00e4 k\u00e4ytet\u00e4\u00e4n k\u00e4ytt\u00e4j\u00e4n istunnon m\u00e4\u00e4ritt\u00e4miseen, joka vierailee jollakin verkkosivustollamme. Se on tapa tunnistaa ja hallita tilaa \u2013 istuntomuuttujia \u2013 tietylle k\u00e4ytt\u00e4j\u00e4lle ja siirt\u00e4\u00e4 n\u00e4it\u00e4 tietoja verkkosivustojemme sivujen v\u00e4lill\u00e4. WordPress_test_cookie SESION \u2013 T\u00e4t\u00e4 ev\u00e4stett\u00e4 k\u00e4ytet\u00e4\u00e4n, jotta WordPress-sis\u00e4ll\u00f6nhallintaj\u00e4rjestelm\u00e4 voi tarkistaa, onko selain ottanut ev\u00e4steet k\u00e4ytt\u00f6\u00f6n. Wp-settings-{time}-`{`UID`}` \u2013 Ev\u00e4steen nimen lopussa oleva UID sis\u00e4lt\u00e4\u00e4 WordPressin tietokannassa tallennetun k\u00e4ytt\u00e4j\u00e4-ID:n. Sit\u00e4 k\u00e4ytet\u00e4\u00e4n hallintaliittym\u00e4n ulkoasun tallentamiseen ja se voi olla k\u00e4yt\u00f6ss\u00e4 my\u00f6s p\u00e4\u00e4sivuston ulkoasun tallentamiseen. WordPress_logged_in_`{`hash`}` \u2013 Kirjautumisen j\u00e4lkeen WordPress aktivoi ev\u00e4steen wordpress_logged_in_`{`hash`}`, joka ilmoittaa, milloin olet kirjautunut sis\u00e4\u00e4n ja kuka olet, ja sit\u00e4 k\u00e4ytet\u00e4\u00e4n WordPressin k\u00e4ytt\u00f6liittym\u00e4ss\u00e4. WordPress_`{`hash`}` \u2013 T\u00e4m\u00e4 ev\u00e4ste aktivoituu kirjautumisen aikana ja tallentaa todennustiedot. Sen k\u00e4ytt\u00f6 on rajoitettu hallinta-alueelle, \/wp-config\/.<\/p>\n<p>Kolmannen osapuolen ev\u00e4steet, kuten esimerkiksi sosiaalisen median k\u00e4ytt\u00e4m\u00e4t tai ulkoisten sis\u00e4lt\u00f6liit\u00e4nn\u00e4isten, kuten Google Mapsin, k\u00e4ytt\u00e4m\u00e4t ev\u00e4steet. _NID, _PREF \u2013 N\u00e4m\u00e4 Google Mapsin ev\u00e4steet tallentavat k\u00e4ytt\u00e4j\u00e4n alkuper\u00e4n sek\u00e4 avainsanat. HSID, SSID, APISID, SAPISID, BEAT, OTZ, BEAT \u2013 Mahdollistavat sis\u00e4ll\u00f6n jakamisen sosiaalisessa mediassa. __ga, __utma, __utmb, __utmc, __utmv, __utmz, _twitter_sess, external_referer, guest_id \u2013 N\u00e4m\u00e4 ev\u00e4steet asentaa Twitter remarkkinointia, k\u00e4ytt\u00e4jien seurantaa ja k\u00e4ytt\u00e4j\u00e4analytiikkaa varten.<\/p>\n<p>Analytiikkaev\u00e4steet, ovat ev\u00e4steit\u00e4, joita Google Analytics k\u00e4ytt\u00e4\u00e4 analysointiin, tutkimukseen tai tilastoihin verkkosivuston k\u00e4ytt\u00f6kokemuksen parantamiseksi. N\u00e4iden ev\u00e4steiden avulla voidaan n\u00e4ytt\u00e4\u00e4 k\u00e4vij\u00f6ille merkityksellisempi\u00e4 tietoja. __hstc, hubspotutk, __hssc, __hssrc, __hs_opt_out, __hs_do_not_track, __hs_testcookie, hsPagesViewedThisSession, hsfirstvisit: Hubspotin ev\u00e4steet, verkkosivuston analytiikkaty\u00f6kalu, online-markkinointi k\u00e4yt\u00f6n analysoimiseksi ja verkkosivustomme mittaamiseksi palveluidemme parantamiseksi. _utma, _utmb, _utmz, _utmc, _utmt: P\u00e4\u00e4asiallinen tarkoitus on tunnistaa k\u00e4yntien m\u00e4\u00e4r\u00e4, kyselyjakso, k\u00e4ytetty hakukone verkkosivustolle p\u00e4\u00e4syyn, k\u00e4ytetyt avainsanat, k\u00e4vij\u00e4n globaalit sijaintitiedot, verkkosivustolla vierailtu sis\u00e4lt\u00f6 sek\u00e4 muut verkkosivuston liikenteen parametrit, aina nimett\u00f6myyden s\u00e4ilytt\u00e4en. Google tallentaa t\u00e4m\u00e4n ev\u00e4steiden ker\u00e4\u00e4m\u00e4n tiedon siten, ett\u00e4 yksitt\u00e4isi\u00e4 k\u00e4ytt\u00e4ji\u00e4 ei voida tunnistaa. _hjIncludedInSample ja _hjUserId: Hotjarin ev\u00e4steet, verkkosivuston analytiikkaty\u00f6kalu, k\u00e4yt\u00f6n analysoimiseksi ja verkkosivustomme mittaamiseksi palveluidemme parantamiseksi.<\/p>\n<p>Analytiikkaev\u00e4steet, ovat ev\u00e4steit\u00e4, joita Google Analytics k\u00e4ytt\u00e4\u00e4 analysointiin, tutkimukseen tai tilastoihin verkkosivuston k\u00e4ytt\u00f6kokemuksen parantamiseksi. N\u00e4iden ev\u00e4steiden avulla voidaan n\u00e4ytt\u00e4\u00e4 k\u00e4vij\u00f6ille merkityksellisempi\u00e4 tietoja. __hstc, hubspotutk, __hssc, __hssrc, __hs_opt_out, __hs_do_not_track, __hs_testcookie, hsPagesViewedThisSession, hsfirstvisit: Hubspotin ev\u00e4steet, verkkosivuston analytiikkaty\u00f6kalu, online-markkinointi k\u00e4yt\u00f6n analysoimiseksi ja verkkosivustomme mittaamiseksi palveluidemme parantamiseksi. _utma, _utmb, _utmz, _utmc, _utmt: P\u00e4\u00e4asiallinen tarkoitus on tunnistaa k\u00e4yntien m\u00e4\u00e4r\u00e4, kyselyjakso, k\u00e4ytetty hakukone verkkosivustolle p\u00e4\u00e4syyn, k\u00e4ytetyt avainsanat, k\u00e4vij\u00e4n globaalit sijaintitiedot, verkkosivustolla vierailtu sis\u00e4lt\u00f6 sek\u00e4 muut verkkosivuston liikenteen parametrit, aina nimett\u00f6myyden s\u00e4ilytt\u00e4en. Google tallentaa t\u00e4m\u00e4n ev\u00e4steiden ker\u00e4\u00e4m\u00e4n tiedon siten, ett\u00e4 yksitt\u00e4isi\u00e4 k\u00e4ytt\u00e4ji\u00e4 ei voida tunnistaa. _hjIncludedInSample ja _hjUserId: Hotjarin ev\u00e4steet, verkkosivuston analytiikkaty\u00f6kalu, k\u00e4yt\u00f6n analysoimiseksi ja verkkosivustomme mittaamiseksi palveluidemme parantamiseksi.<\/p>\n<p>Valitsemastasi ev\u00e4steiden k\u00e4yt\u00f6st\u00e4 t\u00e4m\u00e4n verkkosivuston osalta l\u00e4hetet\u00e4\u00e4n sinulle lis\u00e4ev\u00e4ste, joka suojaa valintaasi, jotta sinun ei tarvitse hyv\u00e4ksy\u00e4 ev\u00e4steiden k\u00e4ytt\u00f6\u00e4 joka kerta, kun k\u00e4yt verkkosivustollamme. T\u00e4m\u00e4n ev\u00e4steiden luettelon tarkoitus on auttaa sinua tunnistamaan selaimessasi tallennetut ev\u00e4steet, kun vierailet verkkosivustollamme tai kun n\u00e4et mainoksiamme muilla sivustoilla. Olemme yritt\u00e4neet sis\u00e4llytt\u00e4\u00e4 kaikki ev\u00e4steet, joita k\u00e4yt\u00e4mme sek\u00e4 me ett\u00e4 teknologiapartnereidemme, mutta huomaa, ett\u00e4 joskus voimme viiv\u00e4sty\u00e4 luettelon p\u00e4ivitt\u00e4misess\u00e4. Jos huomaat poikkeavuuksia tai uskot, ett\u00e4 jokin ev\u00e4ste puuttuu, \u00e4l\u00e4 ep\u00e4r\u00f6i kertoa meille.<\/p>\n<div style=\"height:100px\" aria-hidden=\"true\" class=\"wp-block-spacer\"><\/div>\n","protected":false},"excerpt":{"rendered":"<p>T\u00e4m\u00e4 verkkosivusto on NEGOCIOS INTELIGENTES 7 EXPERIENCE S.L.:n omaisuutta. T\u00e4m\u00e4n sivun k\u00e4ytt\u00f6 tarkoittaa, ett\u00e4 tunnet ja hyv\u00e4ksyt tietosuojak\u00e4yt\u00e4nn\u00f6n. Lain 34\/2002, 11. hein\u00e4kuuta, tietoyhteiskunnan palveluista ja s\u00e4hk\u00f6isest\u00e4 kaupasta (LSSI) 10 artiklan mukaisesti esitet\u00e4\u00e4n tunnistetiedot. Mitk\u00e4 ovat ev\u00e4steet? Ev\u00e4ste on tiedosto, joka ladataan tietokoneellesi tai p\u00e4\u00e4telaitteellesi, kun k\u00e4yt verkkosivustollamme. Ev\u00e4steet mahdollistavat muun muassa tietojen tallentamisen ja palauttamisen &#8230; <a title=\"Ev\u00e4stek\u00e4yt\u00e4nt\u00f6\" class=\"read-more\" href=\"https:\/\/v2charge.com\/fi\/evastekaytanto\/\" aria-label=\"Lue lis\u00e4\u00e4 aiheesta Ev\u00e4stek\u00e4yt\u00e4nt\u00f6\">Lue lis\u00e4\u00e4<\/a><\/p>\n","protected":false},"author":1,"featured_media":170354,"parent":0,"menu_order":0,"comment_status":"closed","ping_status":"closed","template":"","meta":{"_eb_attr":"","content-type":"","_uag_custom_page_level_css":"","footnotes":""},"class_list":["post-311391","page","type-page","status-publish","has-post-thumbnail"],"yoast_head":"<!-- This site is optimized with the Yoast SEO plugin v25.3.1 - https:\/\/yoast.com\/wordpress\/plugins\/seo\/ -->\n<title>Cookies | V2C S\u00e4hk\u00f6ajoneuvojen Latauspisteet<\/title>\n<meta name=\"robots\" content=\"noindex, follow\" \/>\n<meta property=\"og:locale\" content=\"fi_FI\" \/>\n<meta property=\"og:type\" content=\"article\" \/>\n<meta property=\"og:title\" content=\"Cookies | V2C S\u00e4hk\u00f6ajoneuvojen Latauspisteet\" \/>\n<meta property=\"og:description\" content=\"T\u00e4m\u00e4 verkkosivusto on NEGOCIOS INTELIGENTES 7 EXPERIENCE S.L.:n omaisuutta. T\u00e4m\u00e4n sivun k\u00e4ytt\u00f6 tarkoittaa, ett\u00e4 tunnet ja hyv\u00e4ksyt tietosuojak\u00e4yt\u00e4nn\u00f6n. Lain 34\/2002, 11. hein\u00e4kuuta, tietoyhteiskunnan palveluista ja s\u00e4hk\u00f6isest\u00e4 kaupasta (LSSI) 10 artiklan mukaisesti esitet\u00e4\u00e4n tunnistetiedot. Mitk\u00e4 ovat ev\u00e4steet? Ev\u00e4ste on tiedosto, joka ladataan tietokoneellesi tai p\u00e4\u00e4telaitteellesi, kun k\u00e4yt verkkosivustollamme. Ev\u00e4steet mahdollistavat muun muassa tietojen tallentamisen ja palauttamisen ... Lue lis\u00e4\u00e4\" \/>\n<meta property=\"og:url\" content=\"https:\/\/v2charge.com\/fi\/evastekaytanto\/\" \/>\n<meta property=\"og:site_name\" content=\"V2C\" \/>\n<meta property=\"article:publisher\" content=\"https:\/\/www.facebook.com\/V2C.Charge\" \/>\n<meta property=\"article:modified_time\" content=\"2023-05-24T10:41:00+00:00\" \/>\n<meta property=\"og:image\" content=\"https:\/\/v2charge.com\/wp-content\/uploads\/2024\/07\/v2c-electric-chargers.jpg\" \/>\n\t<meta property=\"og:image:width\" content=\"1200\" \/>\n\t<meta property=\"og:image:height\" content=\"675\" \/>\n\t<meta property=\"og:image:type\" content=\"image\/jpeg\" \/>\n<meta name=\"twitter:card\" content=\"summary_large_image\" \/>\n<meta name=\"twitter:site\" content=\"@V2C_Charge\" \/>\n<meta name=\"twitter:label1\" content=\"Arvioitu lukuaika\" \/>\n\t<meta name=\"twitter:data1\" content=\"9 minuuttia\" \/>\n<script type=\"application\/ld+json\" class=\"yoast-schema-graph\">{\"@context\":\"https:\/\/schema.org\",\"@graph\":[{\"@type\":\"WebPage\",\"@id\":\"https:\/\/v2charge.com\/fi\/evastekaytanto\/\",\"url\":\"https:\/\/v2charge.com\/fi\/evastekaytanto\/\",\"name\":\"Cookies | V2C S\u00e4hk\u00f6ajoneuvojen Latauspisteet\",\"isPartOf\":{\"@id\":\"https:\/\/v2charge.com\/fi\/#website\"},\"primaryImageOfPage\":{\"@id\":\"https:\/\/v2charge.com\/fi\/evastekaytanto\/#primaryimage\"},\"image\":{\"@id\":\"https:\/\/v2charge.com\/fi\/evastekaytanto\/#primaryimage\"},\"thumbnailUrl\":\"https:\/\/v2charge.com\/wp-content\/uploads\/2024\/07\/v2c-electric-chargers.jpg\",\"datePublished\":\"2018-06-01T09:43:28+00:00\",\"dateModified\":\"2023-05-24T10:41:00+00:00\",\"breadcrumb\":{\"@id\":\"https:\/\/v2charge.com\/fi\/evastekaytanto\/#breadcrumb\"},\"inLanguage\":\"fi\",\"potentialAction\":[{\"@type\":\"ReadAction\",\"target\":[\"https:\/\/v2charge.com\/fi\/evastekaytanto\/\"]}]},{\"@type\":\"ImageObject\",\"inLanguage\":\"fi\",\"@id\":\"https:\/\/v2charge.com\/fi\/evastekaytanto\/#primaryimage\",\"url\":\"https:\/\/v2charge.com\/wp-content\/uploads\/2024\/07\/v2c-electric-chargers.jpg\",\"contentUrl\":\"https:\/\/v2charge.com\/wp-content\/uploads\/2024\/07\/v2c-electric-chargers.jpg\",\"width\":1200,\"height\":675,\"caption\":\"V2C Electric Chargers\"},{\"@type\":\"BreadcrumbList\",\"@id\":\"https:\/\/v2charge.com\/fi\/evastekaytanto\/#breadcrumb\",\"itemListElement\":[{\"@type\":\"ListItem\",\"position\":1,\"name\":\"V2C\",\"item\":\"https:\/\/v2charge.com\/fi\/\"},{\"@type\":\"ListItem\",\"position\":2,\"name\":\"Ev\u00e4stek\u00e4yt\u00e4nt\u00f6\"}]},{\"@type\":\"WebSite\",\"@id\":\"https:\/\/v2charge.com\/fi\/#website\",\"url\":\"https:\/\/v2charge.com\/fi\/\",\"name\":\"V2C\",\"description\":\"#CargandoElMa\u00f1ana\",\"publisher\":{\"@id\":\"https:\/\/v2charge.com\/fi\/#organization\"},\"potentialAction\":[{\"@type\":\"SearchAction\",\"target\":{\"@type\":\"EntryPoint\",\"urlTemplate\":\"https:\/\/v2charge.com\/fi\/?s={search_term_string}\"},\"query-input\":{\"@type\":\"PropertyValueSpecification\",\"valueRequired\":true,\"valueName\":\"search_term_string\"}}],\"inLanguage\":\"fi\"},{\"@type\":\"Organization\",\"@id\":\"https:\/\/v2charge.com\/fi\/#organization\",\"name\":\"V2C\",\"url\":\"https:\/\/v2charge.com\/fi\/\",\"logo\":{\"@type\":\"ImageObject\",\"inLanguage\":\"fi\",\"@id\":\"https:\/\/v2charge.com\/fi\/#\/schema\/logo\/image\/\",\"url\":\"https:\/\/v2charge.com\/wp-content\/uploads\/2024\/11\/cropped-v2c-charge-logo-menu.png\",\"contentUrl\":\"https:\/\/v2charge.com\/wp-content\/uploads\/2024\/11\/cropped-v2c-charge-logo-menu.png\",\"width\":984,\"height\":431,\"caption\":\"V2C\"},\"image\":{\"@id\":\"https:\/\/v2charge.com\/fi\/#\/schema\/logo\/image\/\"},\"sameAs\":[\"https:\/\/www.facebook.com\/V2C.Charge\",\"https:\/\/x.com\/V2C_Charge\",\"https:\/\/www.instagram.com\/v2c.charge\/\",\"https:\/\/www.youtube.com\/@V2C\",\"https:\/\/www.linkedin.com\/company\/v2c-chargers\/\"]}]}<\/script>\n<!-- \/ Yoast SEO plugin. -->","yoast_head_json":{"title":"Cookies | V2C S\u00e4hk\u00f6ajoneuvojen Latauspisteet","robots":{"index":"noindex","follow":"follow"},"og_locale":"fi_FI","og_type":"article","og_title":"Cookies | V2C S\u00e4hk\u00f6ajoneuvojen Latauspisteet","og_description":"T\u00e4m\u00e4 verkkosivusto on NEGOCIOS INTELIGENTES 7 EXPERIENCE S.L.:n omaisuutta. T\u00e4m\u00e4n sivun k\u00e4ytt\u00f6 tarkoittaa, ett\u00e4 tunnet ja hyv\u00e4ksyt tietosuojak\u00e4yt\u00e4nn\u00f6n. Lain 34\/2002, 11. hein\u00e4kuuta, tietoyhteiskunnan palveluista ja s\u00e4hk\u00f6isest\u00e4 kaupasta (LSSI) 10 artiklan mukaisesti esitet\u00e4\u00e4n tunnistetiedot. Mitk\u00e4 ovat ev\u00e4steet? Ev\u00e4ste on tiedosto, joka ladataan tietokoneellesi tai p\u00e4\u00e4telaitteellesi, kun k\u00e4yt verkkosivustollamme. Ev\u00e4steet mahdollistavat muun muassa tietojen tallentamisen ja palauttamisen ... Lue lis\u00e4\u00e4","og_url":"https:\/\/v2charge.com\/fi\/evastekaytanto\/","og_site_name":"V2C","article_publisher":"https:\/\/www.facebook.com\/V2C.Charge","article_modified_time":"2023-05-24T10:41:00+00:00","og_image":[{"width":1200,"height":675,"url":"https:\/\/v2charge.com\/wp-content\/uploads\/2024\/07\/v2c-electric-chargers.jpg","type":"image\/jpeg"}],"twitter_card":"summary_large_image","twitter_site":"@V2C_Charge","twitter_misc":{"Arvioitu lukuaika":"9 minuuttia"},"schema":{"@context":"https:\/\/schema.org","@graph":[{"@type":"WebPage","@id":"https:\/\/v2charge.com\/fi\/evastekaytanto\/","url":"https:\/\/v2charge.com\/fi\/evastekaytanto\/","name":"Cookies | V2C S\u00e4hk\u00f6ajoneuvojen Latauspisteet","isPartOf":{"@id":"https:\/\/v2charge.com\/fi\/#website"},"primaryImageOfPage":{"@id":"https:\/\/v2charge.com\/fi\/evastekaytanto\/#primaryimage"},"image":{"@id":"https:\/\/v2charge.com\/fi\/evastekaytanto\/#primaryimage"},"thumbnailUrl":"https:\/\/v2charge.com\/wp-content\/uploads\/2024\/07\/v2c-electric-chargers.jpg","datePublished":"2018-06-01T09:43:28+00:00","dateModified":"2023-05-24T10:41:00+00:00","breadcrumb":{"@id":"https:\/\/v2charge.com\/fi\/evastekaytanto\/#breadcrumb"},"inLanguage":"fi","potentialAction":[{"@type":"ReadAction","target":["https:\/\/v2charge.com\/fi\/evastekaytanto\/"]}]},{"@type":"ImageObject","inLanguage":"fi","@id":"https:\/\/v2charge.com\/fi\/evastekaytanto\/#primaryimage","url":"https:\/\/v2charge.com\/wp-content\/uploads\/2024\/07\/v2c-electric-chargers.jpg","contentUrl":"https:\/\/v2charge.com\/wp-content\/uploads\/2024\/07\/v2c-electric-chargers.jpg","width":1200,"height":675,"caption":"V2C Electric Chargers"},{"@type":"BreadcrumbList","@id":"https:\/\/v2charge.com\/fi\/evastekaytanto\/#breadcrumb","itemListElement":[{"@type":"ListItem","position":1,"name":"V2C","item":"https:\/\/v2charge.com\/fi\/"},{"@type":"ListItem","position":2,"name":"Ev\u00e4stek\u00e4yt\u00e4nt\u00f6"}]},{"@type":"WebSite","@id":"https:\/\/v2charge.com\/fi\/#website","url":"https:\/\/v2charge.com\/fi\/","name":"V2C","description":"#CargandoElMa\u00f1ana","publisher":{"@id":"https:\/\/v2charge.com\/fi\/#organization"},"potentialAction":[{"@type":"SearchAction","target":{"@type":"EntryPoint","urlTemplate":"https:\/\/v2charge.com\/fi\/?s={search_term_string}"},"query-input":{"@type":"PropertyValueSpecification","valueRequired":true,"valueName":"search_term_string"}}],"inLanguage":"fi"},{"@type":"Organization","@id":"https:\/\/v2charge.com\/fi\/#organization","name":"V2C","url":"https:\/\/v2charge.com\/fi\/","logo":{"@type":"ImageObject","inLanguage":"fi","@id":"https:\/\/v2charge.com\/fi\/#\/schema\/logo\/image\/","url":"https:\/\/v2charge.com\/wp-content\/uploads\/2024\/11\/cropped-v2c-charge-logo-menu.png","contentUrl":"https:\/\/v2charge.com\/wp-content\/uploads\/2024\/11\/cropped-v2c-charge-logo-menu.png","width":984,"height":431,"caption":"V2C"},"image":{"@id":"https:\/\/v2charge.com\/fi\/#\/schema\/logo\/image\/"},"sameAs":["https:\/\/www.facebook.com\/V2C.Charge","https:\/\/x.com\/V2C_Charge","https:\/\/www.instagram.com\/v2c.charge\/","https:\/\/www.youtube.com\/@V2C","https:\/\/www.linkedin.com\/company\/v2c-chargers\/"]}]}},"uagb_featured_image_src":{"full":["https:\/\/v2charge.com\/wp-content\/uploads\/2024\/07\/v2c-electric-chargers.jpg",1200,675,false],"thumbnail":["https:\/\/v2charge.com\/wp-content\/uploads\/2024\/07\/v2c-electric-chargers-150x150.jpg",150,150,true],"medium":["https:\/\/v2charge.com\/wp-content\/uploads\/2024\/07\/v2c-electric-chargers-300x169.jpg",300,169,true],"medium_large":["https:\/\/v2charge.com\/wp-content\/uploads\/2024\/07\/v2c-electric-chargers-768x432.jpg",768,432,true],"large":["https:\/\/v2charge.com\/wp-content\/uploads\/2024\/07\/v2c-electric-chargers-1024x576.jpg",1024,576,true],"gs-tiny":["https:\/\/v2charge.com\/wp-content\/uploads\/2024\/07\/v2c-electric-chargers.jpg",50,28,false],"xl":["https:\/\/v2charge.com\/wp-content\/uploads\/2024\/07\/v2c-electric-chargers.jpg",1200,675,false],"xxl":["https:\/\/v2charge.com\/wp-content\/uploads\/2024\/07\/v2c-electric-chargers.jpg",1200,675,false],"xxxl":["https:\/\/v2charge.com\/wp-content\/uploads\/2024\/07\/v2c-electric-chargers.jpg",1200,675,false],"xxxxl":["https:\/\/v2charge.com\/wp-content\/uploads\/2024\/07\/v2c-electric-chargers.jpg",1200,675,false],"xxxxxl":["https:\/\/v2charge.com\/wp-content\/uploads\/2024\/07\/v2c-electric-chargers.jpg",1200,675,false],"1536x1536":["https:\/\/v2charge.com\/wp-content\/uploads\/2024\/07\/v2c-electric-chargers.jpg",1200,675,false],"2048x2048":["https:\/\/v2charge.com\/wp-content\/uploads\/2024\/07\/v2c-electric-chargers.jpg",1200,675,false]},"uagb_author_info":{"display_name":"V2C","author_link":"https:\/\/v2charge.com\/fi\/author\/root_k4eu7ki8\/"},"uagb_comment_info":0,"uagb_excerpt":"T\u00e4m\u00e4 verkkosivusto on NEGOCIOS INTELIGENTES 7 EXPERIENCE S.L.:n omaisuutta. T\u00e4m\u00e4n sivun k\u00e4ytt\u00f6 tarkoittaa, ett\u00e4 tunnet ja hyv\u00e4ksyt tietosuojak\u00e4yt\u00e4nn\u00f6n. Lain 34\/2002, 11. hein\u00e4kuuta, tietoyhteiskunnan palveluista ja s\u00e4hk\u00f6isest\u00e4 kaupasta (LSSI) 10 artiklan mukaisesti esitet\u00e4\u00e4n tunnistetiedot. Mitk\u00e4 ovat ev\u00e4steet? Ev\u00e4ste on tiedosto, joka ladataan tietokoneellesi tai p\u00e4\u00e4telaitteellesi, kun k\u00e4yt verkkosivustollamme. Ev\u00e4steet mahdollistavat muun muassa tietojen tallentamisen ja palauttamisen&hellip;","_links":{"self":[{"href":"https:\/\/v2charge.com\/fi\/wp-json\/wp\/v2\/pages\/311391","targetHints":{"allow":["GET"]}}],"collection":[{"href":"https:\/\/v2charge.com\/fi\/wp-json\/wp\/v2\/pages"}],"about":[{"href":"https:\/\/v2charge.com\/fi\/wp-json\/wp\/v2\/types\/page"}],"author":[{"embeddable":true,"href":"https:\/\/v2charge.com\/fi\/wp-json\/wp\/v2\/users\/1"}],"replies":[{"embeddable":true,"href":"https:\/\/v2charge.com\/fi\/wp-json\/wp\/v2\/comments?post=311391"}],"version-history":[{"count":0,"href":"https:\/\/v2charge.com\/fi\/wp-json\/wp\/v2\/pages\/311391\/revisions"}],"wp:featuredmedia":[{"embeddable":true,"href":"https:\/\/v2charge.com\/fi\/wp-json\/wp\/v2\/media\/170354"}],"wp:attachment":[{"href":"https:\/\/v2charge.com\/fi\/wp-json\/wp\/v2\/media?parent=311391"}],"curies":[{"name":"wp","href":"https:\/\/api.w.org\/{rel}","templated":true}]}}