{"id":311395,"date":"2021-12-31T13:08:13","date_gmt":"2021-12-31T13:08:13","guid":{"rendered":""},"modified":"2023-10-02T13:21:33","modified_gmt":"2023-10-02T11:21:33","slug":"kuinka-liittaa-v2c-latauspisteeni-wifi-verkkoon","status":"publish","type":"page","link":"https:\/\/v2charge.com\/fi\/kuinka-liittaa-v2c-latauspisteeni-wifi-verkkoon\/","title":{"rendered":"Kuinka liitt\u00e4\u00e4 V2C-latauspisteeni wifi-verkkoon?"},"content":{"rendered":"\n<div style=\"height:60px\" aria-hidden=\"true\" class=\"wp-block-spacer\"><\/div>\n<h1>Kuinka liitt\u00e4\u00e4 V2C-latauspisteeni wifi-verkkoon?<\/h1><p>Riippuen k\u00e4ytett\u00e4v\u00e4st\u00e4 mallista prosessi tapahtuu eri tavalla. Kaikissa malleissa on kuitenkin yhteist\u00e4, ett\u00e4 se on suoritettava mobiilisovelluksen kautta, ja Bluetoothin on oltava k\u00e4yt\u00f6ss\u00e4.<\/p>\n\n\n<blockquote class=\"wp-block-quote is-layout-flow wp-block-quote-is-layout-flow\"><p>Bluetoothin k\u00e4ytt\u00f6 vaatii sijainnin sallimista useimmissa Android-laitteissa.<\/p><\/blockquote>\n\n\n<p>Yhteys latauspisteen ja sovelluksen v\u00e4lill\u00e4 tapahtuu Bluetoothin kautta, <\/p>\n\n\n<ol class=\"wp-block-list\"><li>Ensimm\u00e4inen vaihtoehto on liitt\u00e4\u00e4 se laitteiden parituksessa (Bluetoothin on oltava p\u00e4\u00e4ll\u00e4 ja sen on oltava muutaman metrin p\u00e4\u00e4ss\u00e4 laitteesta). Jos paritus ei onnistu laitteen vieress\u00e4 tai Bluetooth ei ole p\u00e4\u00e4ll\u00e4 tuolloin, voit ohittaa sen ja tehd\u00e4 sen my\u00f6hemmin.<\/li>\n\n<li>Toinen vaihtoehto on valikon kautta.<\/li><\/ol>\n\n\n<p>Jos latauspiste on kytketty internetiin, sovelluksessa n\u00e4kyy aaltojen muotoisia merkkej\u00e4. Jos Bluetooth-yhteys on mahdollinen, sovelluksessa n\u00e4kyy Bluetooth-symboli.<\/p>\n\n<div class=\"wp-block-image\">\n<figure class=\"aligncenter size-large is-resized\"><img decoding=\"async\" src=\"https:\/\/v2charge.com\/wp-content\/uploads\/2022\/12\/v2c-internet-bluetooth-731x1024.jpg\" alt=\"V2C APP Conexiones\" class=\"wp-image-90736\" width=\"366\" height=\"512\" srcset=\"https:\/\/v2charge.com\/wp-content\/uploads\/2022\/12\/v2c-internet-bluetooth-731x1024.jpg 731w, https:\/\/v2charge.com\/wp-content\/uploads\/2022\/12\/v2c-internet-bluetooth-214x300.jpg 214w, https:\/\/v2charge.com\/wp-content\/uploads\/2022\/12\/v2c-internet-bluetooth-768x1075.jpg 768w, https:\/\/v2charge.com\/wp-content\/uploads\/2022\/12\/v2c-internet-bluetooth-1097x1536.jpg 1097w, https:\/\/v2charge.com\/wp-content\/uploads\/2022\/12\/v2c-internet-bluetooth.jpg 1385w\" sizes=\"(max-width: 366px) 100vw, 366px\" \/><\/figure>\n<\/div>\n\n<p>Jos meill\u00e4 on Bluetooth-yhteys, voimme k\u00e4ytt\u00e4\u00e4 laitetta sen p\u00e4\u00e4n\u00e4yt\u00f6ss\u00e4. Siirrymme latauspisteeseen Bluetooth-tilassa. Siirry asetukset-v\u00e4lilehteen.<\/p>\n\n<blockquote class=\"is-layout-flow wp-block-quote-is-layout-flow\"><p>Laite, joita ei voi k\u00e4ytt\u00e4\u00e4 Bluetoothin kautta, siirtyv\u00e4t suoraan Wifi-asetussivulle.<\/p><\/blockquote>\n\n\n<figure><img decoding=\"async\" src=\"https:\/\/v2charge.com\/wp-content\/uploads\/2022\/12\/v2c-app-ajustes-731x1024.jpg\" alt=\"Ajustes V2C App\" width=\"366\" height=\"512\"\/><\/figure>\n\n\n<p>Siirtym\u00e4ll\u00e4 asetukset-valikkoon alareunassa voimme valita WIFI-asetukset.<\/p>\n\n\n<figure><img decoding=\"async\" src=\"https:\/\/v2charge.com\/wp-content\/uploads\/2022\/12\/configuracio\u0301n-app-v2c-731x1024.jpg\" alt=\"Configuraci\u00f3n App\" width=\"366\" height=\"512\"\/><\/figure>\n\n\n\n<figure><img decoding=\"async\" src=\"https:\/\/v2charge.com\/wp-content\/uploads\/2022\/12\/v2c-app-wifi-conectar-731x1024.jpg\" alt=\"V2C App Wi-Fi\" width=\"366\" height=\"512\"\/><\/figure>\n\n\n<p>Android-laitteissa, jos Wifi on aktivoitu, se n\u00e4ytt\u00e4\u00e4 automaattisesti saatavilla olevat verkot. Muussa tapauksessa sinun on kirjoitettava Wifi-SSID-nimi, kuten se on reitittimess\u00e4 (kunnioittaen isoja ja pieni\u00e4 kirjaimia). Anna salasana.<\/p>\n\n<p>Riippuen laitteesta, se tulee k\u00e4ynnistym\u00e4\u00e4n uudelleen tuolloin. Uudelleenk\u00e4ynnistyksen j\u00e4lkeen muutaman minuutin kuluttua latauspisteen pit\u00e4isi n\u00e4ky\u00e4 sovelluksessa internet-yhteyden kanssa. Jos n\u00e4in ei ole, tarkista, ett\u00e4 salasana on oikein. Saat lis\u00e4tietoja siit\u00e4, kuinka voit tarkistaa, onko laitteesi kytketty, latauspisteen k\u00e4ytt\u00f6oppaasta.<\/p>\n\n<blockquote class=\"is-layout-flow wp-block-quote-is-layout-flow\"><p>Liit\u00e4 laite aina wifi-verkkoon, jossa on hyv\u00e4 signaali, tai asenna wifi-toistin; muuten saatat kohdata katkeamis- tai toimintah\u00e4iri\u00f6ongelmia.<\/p><p>Wifi-verkot, joissa on jokin turvallisuus suojaus (palomuuri), DHCP-estot, porttien sulkeminen jne., liittyv\u00e4t yleens\u00e4 yrityksiin, ja t\u00e4m\u00e4 asetusten m\u00e4\u00e4ritt\u00e4minen on teht\u00e4v\u00e4 kyseisen yrityksen teknisen vastuuhenkil\u00f6n kanssa. Lis\u00e4tietoja varten ota yhteytt\u00e4 asiakastukeemme.<\/p><\/blockquote>\n\n\n<div style=\"height:60px\" aria-hidden=\"true\" class=\"wp-block-spacer\"><\/div>\n","protected":false},"excerpt":{"rendered":"<p>Kuinka liitt\u00e4\u00e4 V2C-latauspisteeni wifi-verkkoon? Riippuen k\u00e4ytett\u00e4v\u00e4st\u00e4 mallista prosessi tapahtuu eri tavalla. Kaikissa malleissa on kuitenkin yhteist\u00e4, ett\u00e4 se on suoritettava mobiilisovelluksen kautta, ja Bluetoothin on oltava k\u00e4yt\u00f6ss\u00e4. Bluetoothin k\u00e4ytt\u00f6 vaatii sijainnin sallimista useimmissa Android-laitteissa. Yhteys latauspisteen ja sovelluksen v\u00e4lill\u00e4 tapahtuu Bluetoothin kautta, Jos latauspiste on kytketty internetiin, sovelluksessa n\u00e4kyy aaltojen muotoisia merkkej\u00e4. Jos Bluetooth-yhteys on &#8230; <a title=\"Kuinka liitt\u00e4\u00e4 V2C-latauspisteeni wifi-verkkoon?\" class=\"read-more\" href=\"https:\/\/v2charge.com\/fi\/kuinka-liittaa-v2c-latauspisteeni-wifi-verkkoon\/\" aria-label=\"Lue lis\u00e4\u00e4 aiheesta Kuinka liitt\u00e4\u00e4 V2C-latauspisteeni wifi-verkkoon?\">Lue lis\u00e4\u00e4<\/a><\/p>\n","protected":false},"author":1,"featured_media":170354,"parent":0,"menu_order":0,"comment_status":"closed","ping_status":"closed","template":"","meta":{"_eb_attr":"","content-type":"","_uag_custom_page_level_css":"","footnotes":""},"class_list":["post-311395","page","type-page","status-publish","has-post-thumbnail"],"yoast_head":"<!-- This site is optimized with the Yoast SEO plugin v25.3.1 - https:\/\/yoast.com\/wordpress\/plugins\/seo\/ -->\n<title>Kuinka liitt\u00e4\u00e4 s\u00e4hk\u00f6inen latauspisteeni WiFi-verkkoon? | V2C<\/title>\n<meta name=\"description\" content=\"Selit\u00e4mme, kuinka V2C:n s\u00e4hk\u00f6inen latauspisteesi liitet\u00e4\u00e4n WiFi-verkkoon. Nauti viimeisimm\u00e4st\u00e4 teknologiasta e-Chargerimme kanssa.\" \/>\n<meta name=\"robots\" content=\"index, follow, max-snippet:-1, max-image-preview:large, max-video-preview:-1\" \/>\n<link rel=\"canonical\" href=\"https:\/\/v2charge.com\/fi\/kuinka-liittaa-v2c-latauspisteeni-wifi-verkkoon\/\" \/>\n<meta property=\"og:locale\" content=\"fi_FI\" \/>\n<meta property=\"og:type\" content=\"article\" \/>\n<meta property=\"og:title\" content=\"Kuinka liitt\u00e4\u00e4 s\u00e4hk\u00f6inen latauspisteeni WiFi-verkkoon? | V2C\" \/>\n<meta property=\"og:description\" content=\"Selit\u00e4mme, kuinka V2C:n s\u00e4hk\u00f6inen latauspisteesi liitet\u00e4\u00e4n WiFi-verkkoon. Nauti viimeisimm\u00e4st\u00e4 teknologiasta e-Chargerimme kanssa.\" \/>\n<meta property=\"og:url\" content=\"https:\/\/v2charge.com\/fi\/kuinka-liittaa-v2c-latauspisteeni-wifi-verkkoon\/\" \/>\n<meta property=\"og:site_name\" content=\"V2C\" \/>\n<meta property=\"article:publisher\" content=\"https:\/\/www.facebook.com\/V2C.Charge\" \/>\n<meta property=\"article:modified_time\" content=\"2023-10-02T11:21:33+00:00\" \/>\n<meta property=\"og:image\" content=\"https:\/\/v2charge.com\/wp-content\/uploads\/2024\/07\/v2c-electric-chargers.jpg\" \/>\n\t<meta property=\"og:image:width\" content=\"1200\" \/>\n\t<meta property=\"og:image:height\" content=\"675\" \/>\n\t<meta property=\"og:image:type\" content=\"image\/jpeg\" \/>\n<meta name=\"twitter:card\" content=\"summary_large_image\" \/>\n<meta name=\"twitter:site\" content=\"@V2C_Charge\" \/>\n<meta name=\"twitter:label1\" content=\"Arvioitu lukuaika\" \/>\n\t<meta name=\"twitter:data1\" content=\"3 minuuttia\" \/>\n<script type=\"application\/ld+json\" class=\"yoast-schema-graph\">{\"@context\":\"https:\/\/schema.org\",\"@graph\":[{\"@type\":\"WebPage\",\"@id\":\"https:\/\/v2charge.com\/fi\/kuinka-liittaa-v2c-latauspisteeni-wifi-verkkoon\/\",\"url\":\"https:\/\/v2charge.com\/fi\/kuinka-liittaa-v2c-latauspisteeni-wifi-verkkoon\/\",\"name\":\"Kuinka liitt\u00e4\u00e4 s\u00e4hk\u00f6inen latauspisteeni WiFi-verkkoon? | V2C\",\"isPartOf\":{\"@id\":\"https:\/\/v2charge.com\/fi\/#website\"},\"primaryImageOfPage\":{\"@id\":\"https:\/\/v2charge.com\/fi\/kuinka-liittaa-v2c-latauspisteeni-wifi-verkkoon\/#primaryimage\"},\"image\":{\"@id\":\"https:\/\/v2charge.com\/fi\/kuinka-liittaa-v2c-latauspisteeni-wifi-verkkoon\/#primaryimage\"},\"thumbnailUrl\":\"https:\/\/v2charge.com\/wp-content\/uploads\/2024\/07\/v2c-electric-chargers.jpg\",\"datePublished\":\"2021-12-31T13:08:13+00:00\",\"dateModified\":\"2023-10-02T11:21:33+00:00\",\"description\":\"Selit\u00e4mme, kuinka V2C:n s\u00e4hk\u00f6inen latauspisteesi liitet\u00e4\u00e4n WiFi-verkkoon. Nauti viimeisimm\u00e4st\u00e4 teknologiasta e-Chargerimme kanssa.\",\"breadcrumb\":{\"@id\":\"https:\/\/v2charge.com\/fi\/kuinka-liittaa-v2c-latauspisteeni-wifi-verkkoon\/#breadcrumb\"},\"inLanguage\":\"fi\",\"potentialAction\":[{\"@type\":\"ReadAction\",\"target\":[\"https:\/\/v2charge.com\/fi\/kuinka-liittaa-v2c-latauspisteeni-wifi-verkkoon\/\"]}]},{\"@type\":\"ImageObject\",\"inLanguage\":\"fi\",\"@id\":\"https:\/\/v2charge.com\/fi\/kuinka-liittaa-v2c-latauspisteeni-wifi-verkkoon\/#primaryimage\",\"url\":\"https:\/\/v2charge.com\/wp-content\/uploads\/2024\/07\/v2c-electric-chargers.jpg\",\"contentUrl\":\"https:\/\/v2charge.com\/wp-content\/uploads\/2024\/07\/v2c-electric-chargers.jpg\",\"width\":1200,\"height\":675,\"caption\":\"V2C Electric Chargers\"},{\"@type\":\"BreadcrumbList\",\"@id\":\"https:\/\/v2charge.com\/fi\/kuinka-liittaa-v2c-latauspisteeni-wifi-verkkoon\/#breadcrumb\",\"itemListElement\":[{\"@type\":\"ListItem\",\"position\":1,\"name\":\"V2C\",\"item\":\"https:\/\/v2charge.com\/fi\/\"},{\"@type\":\"ListItem\",\"position\":2,\"name\":\"Kuinka liitt\u00e4\u00e4 V2C-latauspisteeni wifi-verkkoon?\"}]},{\"@type\":\"WebSite\",\"@id\":\"https:\/\/v2charge.com\/fi\/#website\",\"url\":\"https:\/\/v2charge.com\/fi\/\",\"name\":\"V2C\",\"description\":\"#CargandoElMa\u00f1ana\",\"publisher\":{\"@id\":\"https:\/\/v2charge.com\/fi\/#organization\"},\"potentialAction\":[{\"@type\":\"SearchAction\",\"target\":{\"@type\":\"EntryPoint\",\"urlTemplate\":\"https:\/\/v2charge.com\/fi\/?s={search_term_string}\"},\"query-input\":{\"@type\":\"PropertyValueSpecification\",\"valueRequired\":true,\"valueName\":\"search_term_string\"}}],\"inLanguage\":\"fi\"},{\"@type\":\"Organization\",\"@id\":\"https:\/\/v2charge.com\/fi\/#organization\",\"name\":\"V2C\",\"url\":\"https:\/\/v2charge.com\/fi\/\",\"logo\":{\"@type\":\"ImageObject\",\"inLanguage\":\"fi\",\"@id\":\"https:\/\/v2charge.com\/fi\/#\/schema\/logo\/image\/\",\"url\":\"https:\/\/v2charge.com\/wp-content\/uploads\/2024\/11\/cropped-v2c-charge-logo-menu.png\",\"contentUrl\":\"https:\/\/v2charge.com\/wp-content\/uploads\/2024\/11\/cropped-v2c-charge-logo-menu.png\",\"width\":984,\"height\":431,\"caption\":\"V2C\"},\"image\":{\"@id\":\"https:\/\/v2charge.com\/fi\/#\/schema\/logo\/image\/\"},\"sameAs\":[\"https:\/\/www.facebook.com\/V2C.Charge\",\"https:\/\/x.com\/V2C_Charge\",\"https:\/\/www.instagram.com\/v2c.charge\/\",\"https:\/\/www.youtube.com\/@V2C\",\"https:\/\/www.linkedin.com\/company\/v2c-chargers\/\"]}]}<\/script>\n<!-- \/ Yoast SEO plugin. -->","yoast_head_json":{"title":"Kuinka liitt\u00e4\u00e4 s\u00e4hk\u00f6inen latauspisteeni WiFi-verkkoon? | V2C","description":"Selit\u00e4mme, kuinka V2C:n s\u00e4hk\u00f6inen latauspisteesi liitet\u00e4\u00e4n WiFi-verkkoon. Nauti viimeisimm\u00e4st\u00e4 teknologiasta e-Chargerimme kanssa.","robots":{"index":"index","follow":"follow","max-snippet":"max-snippet:-1","max-image-preview":"max-image-preview:large","max-video-preview":"max-video-preview:-1"},"canonical":"https:\/\/v2charge.com\/fi\/kuinka-liittaa-v2c-latauspisteeni-wifi-verkkoon\/","og_locale":"fi_FI","og_type":"article","og_title":"Kuinka liitt\u00e4\u00e4 s\u00e4hk\u00f6inen latauspisteeni WiFi-verkkoon? | V2C","og_description":"Selit\u00e4mme, kuinka V2C:n s\u00e4hk\u00f6inen latauspisteesi liitet\u00e4\u00e4n WiFi-verkkoon. Nauti viimeisimm\u00e4st\u00e4 teknologiasta e-Chargerimme kanssa.","og_url":"https:\/\/v2charge.com\/fi\/kuinka-liittaa-v2c-latauspisteeni-wifi-verkkoon\/","og_site_name":"V2C","article_publisher":"https:\/\/www.facebook.com\/V2C.Charge","article_modified_time":"2023-10-02T11:21:33+00:00","og_image":[{"width":1200,"height":675,"url":"https:\/\/v2charge.com\/wp-content\/uploads\/2024\/07\/v2c-electric-chargers.jpg","type":"image\/jpeg"}],"twitter_card":"summary_large_image","twitter_site":"@V2C_Charge","twitter_misc":{"Arvioitu lukuaika":"3 minuuttia"},"schema":{"@context":"https:\/\/schema.org","@graph":[{"@type":"WebPage","@id":"https:\/\/v2charge.com\/fi\/kuinka-liittaa-v2c-latauspisteeni-wifi-verkkoon\/","url":"https:\/\/v2charge.com\/fi\/kuinka-liittaa-v2c-latauspisteeni-wifi-verkkoon\/","name":"Kuinka liitt\u00e4\u00e4 s\u00e4hk\u00f6inen latauspisteeni WiFi-verkkoon? | V2C","isPartOf":{"@id":"https:\/\/v2charge.com\/fi\/#website"},"primaryImageOfPage":{"@id":"https:\/\/v2charge.com\/fi\/kuinka-liittaa-v2c-latauspisteeni-wifi-verkkoon\/#primaryimage"},"image":{"@id":"https:\/\/v2charge.com\/fi\/kuinka-liittaa-v2c-latauspisteeni-wifi-verkkoon\/#primaryimage"},"thumbnailUrl":"https:\/\/v2charge.com\/wp-content\/uploads\/2024\/07\/v2c-electric-chargers.jpg","datePublished":"2021-12-31T13:08:13+00:00","dateModified":"2023-10-02T11:21:33+00:00","description":"Selit\u00e4mme, kuinka V2C:n s\u00e4hk\u00f6inen latauspisteesi liitet\u00e4\u00e4n WiFi-verkkoon. Nauti viimeisimm\u00e4st\u00e4 teknologiasta e-Chargerimme kanssa.","breadcrumb":{"@id":"https:\/\/v2charge.com\/fi\/kuinka-liittaa-v2c-latauspisteeni-wifi-verkkoon\/#breadcrumb"},"inLanguage":"fi","potentialAction":[{"@type":"ReadAction","target":["https:\/\/v2charge.com\/fi\/kuinka-liittaa-v2c-latauspisteeni-wifi-verkkoon\/"]}]},{"@type":"ImageObject","inLanguage":"fi","@id":"https:\/\/v2charge.com\/fi\/kuinka-liittaa-v2c-latauspisteeni-wifi-verkkoon\/#primaryimage","url":"https:\/\/v2charge.com\/wp-content\/uploads\/2024\/07\/v2c-electric-chargers.jpg","contentUrl":"https:\/\/v2charge.com\/wp-content\/uploads\/2024\/07\/v2c-electric-chargers.jpg","width":1200,"height":675,"caption":"V2C Electric Chargers"},{"@type":"BreadcrumbList","@id":"https:\/\/v2charge.com\/fi\/kuinka-liittaa-v2c-latauspisteeni-wifi-verkkoon\/#breadcrumb","itemListElement":[{"@type":"ListItem","position":1,"name":"V2C","item":"https:\/\/v2charge.com\/fi\/"},{"@type":"ListItem","position":2,"name":"Kuinka liitt\u00e4\u00e4 V2C-latauspisteeni wifi-verkkoon?"}]},{"@type":"WebSite","@id":"https:\/\/v2charge.com\/fi\/#website","url":"https:\/\/v2charge.com\/fi\/","name":"V2C","description":"#CargandoElMa\u00f1ana","publisher":{"@id":"https:\/\/v2charge.com\/fi\/#organization"},"potentialAction":[{"@type":"SearchAction","target":{"@type":"EntryPoint","urlTemplate":"https:\/\/v2charge.com\/fi\/?s={search_term_string}"},"query-input":{"@type":"PropertyValueSpecification","valueRequired":true,"valueName":"search_term_string"}}],"inLanguage":"fi"},{"@type":"Organization","@id":"https:\/\/v2charge.com\/fi\/#organization","name":"V2C","url":"https:\/\/v2charge.com\/fi\/","logo":{"@type":"ImageObject","inLanguage":"fi","@id":"https:\/\/v2charge.com\/fi\/#\/schema\/logo\/image\/","url":"https:\/\/v2charge.com\/wp-content\/uploads\/2024\/11\/cropped-v2c-charge-logo-menu.png","contentUrl":"https:\/\/v2charge.com\/wp-content\/uploads\/2024\/11\/cropped-v2c-charge-logo-menu.png","width":984,"height":431,"caption":"V2C"},"image":{"@id":"https:\/\/v2charge.com\/fi\/#\/schema\/logo\/image\/"},"sameAs":["https:\/\/www.facebook.com\/V2C.Charge","https:\/\/x.com\/V2C_Charge","https:\/\/www.instagram.com\/v2c.charge\/","https:\/\/www.youtube.com\/@V2C","https:\/\/www.linkedin.com\/company\/v2c-chargers\/"]}]}},"uagb_featured_image_src":{"full":["https:\/\/v2charge.com\/wp-content\/uploads\/2024\/07\/v2c-electric-chargers.jpg",1200,675,false],"thumbnail":["https:\/\/v2charge.com\/wp-content\/uploads\/2024\/07\/v2c-electric-chargers-150x150.jpg",150,150,true],"medium":["https:\/\/v2charge.com\/wp-content\/uploads\/2024\/07\/v2c-electric-chargers-300x169.jpg",300,169,true],"medium_large":["https:\/\/v2charge.com\/wp-content\/uploads\/2024\/07\/v2c-electric-chargers-768x432.jpg",768,432,true],"large":["https:\/\/v2charge.com\/wp-content\/uploads\/2024\/07\/v2c-electric-chargers-1024x576.jpg",1024,576,true],"gs-tiny":["https:\/\/v2charge.com\/wp-content\/uploads\/2024\/07\/v2c-electric-chargers.jpg",50,28,false],"xl":["https:\/\/v2charge.com\/wp-content\/uploads\/2024\/07\/v2c-electric-chargers.jpg",1200,675,false],"xxl":["https:\/\/v2charge.com\/wp-content\/uploads\/2024\/07\/v2c-electric-chargers.jpg",1200,675,false],"xxxl":["https:\/\/v2charge.com\/wp-content\/uploads\/2024\/07\/v2c-electric-chargers.jpg",1200,675,false],"xxxxl":["https:\/\/v2charge.com\/wp-content\/uploads\/2024\/07\/v2c-electric-chargers.jpg",1200,675,false],"xxxxxl":["https:\/\/v2charge.com\/wp-content\/uploads\/2024\/07\/v2c-electric-chargers.jpg",1200,675,false],"1536x1536":["https:\/\/v2charge.com\/wp-content\/uploads\/2024\/07\/v2c-electric-chargers.jpg",1200,675,false],"2048x2048":["https:\/\/v2charge.com\/wp-content\/uploads\/2024\/07\/v2c-electric-chargers.jpg",1200,675,false]},"uagb_author_info":{"display_name":"V2C","author_link":"https:\/\/v2charge.com\/fi\/author\/root_k4eu7ki8\/"},"uagb_comment_info":0,"uagb_excerpt":"Kuinka liitt\u00e4\u00e4 V2C-latauspisteeni wifi-verkkoon? Riippuen k\u00e4ytett\u00e4v\u00e4st\u00e4 mallista prosessi tapahtuu eri tavalla. Kaikissa malleissa on kuitenkin yhteist\u00e4, ett\u00e4 se on suoritettava mobiilisovelluksen kautta, ja Bluetoothin on oltava k\u00e4yt\u00f6ss\u00e4. Bluetoothin k\u00e4ytt\u00f6 vaatii sijainnin sallimista useimmissa Android-laitteissa. Yhteys latauspisteen ja sovelluksen v\u00e4lill\u00e4 tapahtuu Bluetoothin kautta, Jos latauspiste on kytketty internetiin, sovelluksessa n\u00e4kyy aaltojen muotoisia merkkej\u00e4. Jos Bluetooth-yhteys on&hellip;","_links":{"self":[{"href":"https:\/\/v2charge.com\/fi\/wp-json\/wp\/v2\/pages\/311395","targetHints":{"allow":["GET"]}}],"collection":[{"href":"https:\/\/v2charge.com\/fi\/wp-json\/wp\/v2\/pages"}],"about":[{"href":"https:\/\/v2charge.com\/fi\/wp-json\/wp\/v2\/types\/page"}],"author":[{"embeddable":true,"href":"https:\/\/v2charge.com\/fi\/wp-json\/wp\/v2\/users\/1"}],"replies":[{"embeddable":true,"href":"https:\/\/v2charge.com\/fi\/wp-json\/wp\/v2\/comments?post=311395"}],"version-history":[{"count":0,"href":"https:\/\/v2charge.com\/fi\/wp-json\/wp\/v2\/pages\/311395\/revisions"}],"wp:featuredmedia":[{"embeddable":true,"href":"https:\/\/v2charge.com\/fi\/wp-json\/wp\/v2\/media\/170354"}],"wp:attachment":[{"href":"https:\/\/v2charge.com\/fi\/wp-json\/wp\/v2\/media?parent=311395"}],"curies":[{"name":"wp","href":"https:\/\/api.w.org\/{rel}","templated":true}]}}