{"id":311396,"date":"2021-12-31T13:51:24","date_gmt":"2021-12-31T13:51:24","guid":{"rendered":""},"modified":"2025-11-27T15:58:11","modified_gmt":"2025-11-27T13:58:11","slug":"kuinka-liittaa-latauspisteeni-bluetoothin-kautta","status":"publish","type":"page","link":"https:\/\/v2charge.com\/fi\/kuinka-liittaa-latauspisteeni-bluetoothin-kautta\/","title":{"rendered":"Kuinka liitt\u00e4\u00e4 latauspisteeni Bluetoothin kautta?"},"content":{"rendered":"\n<div class=\"wp-block-uagb-container uagb-block-794f623d alignfull uagb-is-root-container\"><div class=\"uagb-container-inner-blocks-wrap\"><div class=\"wp-block-uagb-advanced-heading uagb-block-af68f17d\"><h1 class=\"uagb-heading-text\">Bluetooth-yhteys<\/h1><\/div>\n\n\n<div class=\"wp-block-uagb-container uagb-block-5c7a0ce3 alignfull uagb-is-root-container\"><div class=\"uagb-container-inner-blocks-wrap\">\n<div class=\"wp-block-uagb-container uagb-block-1d77327f alignfull uagb-is-root-container\"><div class=\"uagb-container-inner-blocks-wrap\">\n<div class=\"wp-block-uagb-container uagb-block-7386db3b\"><p><strong>Yhdist\u00e4 e-Charger Bluetoothin kautta<\/strong>. Voit hallita laturiasi jopa silloin, kun mobiililaitteellasi ei ole kentt\u00e4\u00e4.<br><br>T\u00e4m\u00e4n yhteyden kautta voit tehd\u00e4 <strong>kaikki laturin asetukset<\/strong> sek\u00e4 n\u00e4hd\u00e4 tilastot et\u00e4n\u00e4, latauksen reaaliajassa jne. Kuitenkin, <strong>se on aina rajoitetumpaa<\/strong> kuin k\u00e4ytt\u00f6 Internet-yhteyden kautta.<br><br>N\u00e4m\u00e4 Bluetoothin kautta toimivat toiminnot ovat saatavilla laitteissa, jotka on tarkoitettu <strong>yksityiseen k\u00e4ytt\u00f6\u00f6n yhteis\u00f6garajeissa<\/strong> ja <strong>\u00e4lypuhelimille, joissa on Android- tai iOS-k\u00e4ytt\u00f6j\u00e4rjestelm\u00e4<\/strong>.<br><br>Nopean ja laadukkaan viestinn\u00e4n takaamiseksi on suositeltavaa olla koko prosessin ajan <strong>alle 10 metrin et\u00e4isyydell\u00e4<\/strong> laturista.<br><br>Tehokkaan Bluetooth-skannauksen suorittamiseksi e-Chargerista on t\u00e4rke\u00e4\u00e4 varmistaa, ett\u00e4 <strong>paikannustoiminto on aktivoitu<\/strong> mobiililaitteellasi. T\u00e4m\u00e4 johtuu siit\u00e4, ett\u00e4 k\u00e4yt\u00e4mme BLE-teknologiaa (Bluetooth Low Energy) akun kulutuksen minimoimiseksi ja tehokkaan suorituskyvyn takaamiseksi.<\/p><\/div>\n\n\n\n<div class=\"wp-block-uagb-container uagb-block-bac9cb41\">\t\t\t\t\t<div\n\t\t\t\t\t\tclass=\"wp-block-uagb-image-gallery uagb-block-c25a6b5d     \"\n\t\t\t\t\t\tstyle=\"\"\n\t\t\t\t\t>\n\t\t\t\t\t\t\t\t\t\t\t<div class=\"spectra-image-gallery spectra-image-gallery__layout--carousel\">\n\t\t\t\t\t\t\t\t<div class=\"uagb-slick-carousel uagb-block-c25a6b5d\">\n\t\t\t\t\t\t\t\t\t\t\t\t<div class='spectra-image-gallery__media-wrapper' data-spectra-gallery-image-id='262484'>\n\t\t\t\t\t\t\t<div class=\"spectra-image-gallery__media spectra-image-gallery__media--carousel\">\n\t\t\t\t<picture>\n\t\t\t\t\t<source media=\"(min-width: 1024px)\" srcset=\"https:\/\/v2charge.com\/wp-content\/uploads\/2025\/10\/bluetooth.png\">\n\t\t\t\t\t<source media=\"(min-width: 768px)\" srcset=\"https:\/\/v2charge.com\/wp-content\/uploads\/2025\/10\/bluetooth.png\">\n\t\t\t\t\t<img decoding=\"async\" class=\"spectra-image-gallery__media-thumbnail spectra-image-gallery__media-thumbnail--carousel\" src=\"https:\/\/v2charge.com\/wp-content\/uploads\/2025\/10\/bluetooth.png\" alt=\"\" loading=\"lazy\" \/>\n\t\t\t\t<\/picture>\n\t\t\t\t<div class=\"spectra-image-gallery__media-thumbnail-blurrer\"><\/div>\n\t\t\t\t\t\t\t<\/div>\n\t\t\t\t\t\t\t\t<div class=\"spectra-image-gallery__media-thumbnail-caption-wrapper spectra-image-gallery__media-thumbnail-caption-wrapper--bar-outside\">\n\t\t\t\t\t\t\t\t\t\t<div class=\"spectra-image-gallery__media-thumbnail-caption spectra-image-gallery__media-thumbnail-caption--bar-outside\">\n\t\t\t\t\t<strong>PASO 1 <br><\/strong>Es necesario tener habilitada la se\u00f1al Bluetooth del dispositivo m\u00f3vil\t\t\t\t<\/div>\n\t\t\t\t\t\t\t\t<\/div>\n\t\t\t\t\t\t\t<\/div>\n\t\t\t\t\t\t<div class='spectra-image-gallery__media-wrapper' data-spectra-gallery-image-id='264641'>\n\t\t\t\t\t\t\t<div class=\"spectra-image-gallery__media spectra-image-gallery__media--carousel\">\n\t\t\t\t<picture>\n\t\t\t\t\t<source media=\"(min-width: 1024px)\" srcset=\"https:\/\/v2charge.com\/wp-content\/uploads\/2025\/10\/icono-bluetooth-activado.png\">\n\t\t\t\t\t<source media=\"(min-width: 768px)\" srcset=\"https:\/\/v2charge.com\/wp-content\/uploads\/2025\/10\/icono-bluetooth-activado.png\">\n\t\t\t\t\t<img decoding=\"async\" class=\"spectra-image-gallery__media-thumbnail spectra-image-gallery__media-thumbnail--carousel\" src=\"https:\/\/v2charge.com\/wp-content\/uploads\/2025\/10\/icono-bluetooth-activado.png\" alt=\"\" loading=\"lazy\" \/>\n\t\t\t\t<\/picture>\n\t\t\t\t<div class=\"spectra-image-gallery__media-thumbnail-blurrer\"><\/div>\n\t\t\t\t\t\t\t<\/div>\n\t\t\t\t\t\t\t\t<div class=\"spectra-image-gallery__media-thumbnail-caption-wrapper spectra-image-gallery__media-thumbnail-caption-wrapper--bar-outside\">\n\t\t\t\t\t\t\t\t\t\t<div class=\"spectra-image-gallery__media-thumbnail-caption spectra-image-gallery__media-thumbnail-caption--bar-outside\">\n\t\t\t\t\t<strong>PASO 2 <br><\/strong>Entra en la app V2C Cloud y comprueba que el icono de Bluetooth est\u00e9 activado\t\t\t\t<\/div>\n\t\t\t\t\t\t\t\t<\/div>\n\t\t\t\t\t\t\t<\/div>\n\t\t\t\t\t\t<div class='spectra-image-gallery__media-wrapper' data-spectra-gallery-image-id='264652'>\n\t\t\t\t\t\t\t<div class=\"spectra-image-gallery__media spectra-image-gallery__media--carousel\">\n\t\t\t\t<picture>\n\t\t\t\t\t<source media=\"(min-width: 1024px)\" srcset=\"https:\/\/v2charge.com\/wp-content\/uploads\/2025\/10\/deslizar-icono-bluetooth.png\">\n\t\t\t\t\t<source media=\"(min-width: 768px)\" srcset=\"https:\/\/v2charge.com\/wp-content\/uploads\/2025\/10\/deslizar-icono-bluetooth.png\">\n\t\t\t\t\t<img decoding=\"async\" class=\"spectra-image-gallery__media-thumbnail spectra-image-gallery__media-thumbnail--carousel\" src=\"https:\/\/v2charge.com\/wp-content\/uploads\/2025\/10\/deslizar-icono-bluetooth.png\" alt=\"\" loading=\"lazy\" \/>\n\t\t\t\t<\/picture>\n\t\t\t\t<div class=\"spectra-image-gallery__media-thumbnail-blurrer\"><\/div>\n\t\t\t\t\t\t\t<\/div>\n\t\t\t\t\t\t\t\t<div class=\"spectra-image-gallery__media-thumbnail-caption-wrapper spectra-image-gallery__media-thumbnail-caption-wrapper--bar-outside\">\n\t\t\t\t\t\t\t\t\t\t<div class=\"spectra-image-gallery__media-thumbnail-caption spectra-image-gallery__media-thumbnail-caption--bar-outside\">\n\t\t\t\t\t<strong>PASO 3 <br><\/strong>En caso de estar desactivado, desliza hacia abajo para refrescar la p\u00e1gina\t\t\t\t<\/div>\n\t\t\t\t\t\t\t\t<\/div>\n\t\t\t\t\t\t\t<\/div>\n\t\t\t\t\t\t\t\t\t\t\t<\/div>\n\t\t\t\t\t\t\t<\/div>\n\t\t\t\t\t\t\t\t\t\t\t<\/div>\n\t\t\t\t\t\t\t\t\t<\/div>\n<\/div><\/div>\n\n\n\n<div class=\"wp-block-uagb-container uagb-block-351929e5\"><div class=\"wp-block-uagb-advanced-heading uagb-block-1fe04f68\"><p class=\"uagb-heading-text\"><strong>Bluetoothin avulla voit suorittaa muun muassa seuraavat toiminnot:<\/strong><\/p><\/div>\n\n\n<div class=\"wp-block-uagb-container uagb-block-bd34d8fc alignfull uagb-is-root-container\"><div class=\"uagb-container-inner-blocks-wrap\">\n<div class=\"wp-block-uagb-container uagb-block-35010b14\">\n<div class=\"wp-block-uagb-icon-list uagb-block-7fefa3c9\"><div class=\"uagb-icon-list__wrap\"><div class=\"wp-block-uagb-icon-list-child uagb-block-0e9bc83d\"><span class=\"uagb-icon-list__source-wrap\"><svg xmlns=\"https:\/\/www.w3.org\/2000\/svg\" viewBox=\"0 0 448 512\"><path d=\"M438.6 105.4C451.1 117.9 451.1 138.1 438.6 150.6L182.6 406.6C170.1 419.1 149.9 419.1 137.4 406.6L9.372 278.6C-3.124 266.1-3.124 245.9 9.372 233.4C21.87 220.9 42.13 220.9 54.63 233.4L159.1 338.7L393.4 105.4C405.9 92.88 426.1 92.88 438.6 105.4H438.6z\"><\/path><\/svg><\/span><span class=\"uagb-icon-list__label\">Koko e-Charger-asetukset<\/span><\/div>\n\n<div class=\"wp-block-uagb-icon-list-child uagb-block-2b8fe459\"><span class=\"uagb-icon-list__source-wrap\"><svg xmlns=\"https:\/\/www.w3.org\/2000\/svg\" viewBox=\"0 0 448 512\"><path d=\"M438.6 105.4C451.1 117.9 451.1 138.1 438.6 150.6L182.6 406.6C170.1 419.1 149.9 419.1 137.4 406.6L9.372 278.6C-3.124 266.1-3.124 245.9 9.372 233.4C21.87 220.9 42.13 220.9 54.63 233.4L159.1 338.7L393.4 105.4C405.9 92.88 426.1 92.88 438.6 105.4H438.6z\"><\/path><\/svg><\/span><span class=\"uagb-icon-list__label\">Lukitse\/avaa (ota k\u00e4ytt\u00f6\u00f6n\/poista k\u00e4yt\u00f6st\u00e4)<\/span><\/div>\n\n<div class=\"wp-block-uagb-icon-list-child uagb-block-b54500a8\"><span class=\"uagb-icon-list__source-wrap\"><svg xmlns=\"https:\/\/www.w3.org\/2000\/svg\" viewBox=\"0 0 448 512\"><path d=\"M438.6 105.4C451.1 117.9 451.1 138.1 438.6 150.6L182.6 406.6C170.1 419.1 149.9 419.1 137.4 406.6L9.372 278.6C-3.124 266.1-3.124 245.9 9.372 233.4C21.87 220.9 42.13 220.9 54.63 233.4L159.1 338.7L393.4 105.4C405.9 92.88 426.1 92.88 438.6 105.4H438.6z\"><\/path><\/svg><\/span><span class=\"uagb-icon-list__label\">Tarkista lataus reaaliajassa<\/span><\/div>\n\n<div class=\"wp-block-uagb-icon-list-child uagb-block-4b3a2242\"><span class=\"uagb-icon-list__source-wrap\"><svg xmlns=\"https:\/\/www.w3.org\/2000\/svg\" viewBox=\"0 0 448 512\"><path d=\"M438.6 105.4C451.1 117.9 451.1 138.1 438.6 150.6L182.6 406.6C170.1 419.1 149.9 419.1 137.4 406.6L9.372 278.6C-3.124 266.1-3.124 245.9 9.372 233.4C21.87 220.9 42.13 220.9 54.63 233.4L159.1 338.7L393.4 105.4C405.9 92.88 426.1 92.88 438.6 105.4H438.6z\"><\/path><\/svg><\/span><span class=\"uagb-icon-list__label\">Muuta lataustehoa reaaliaikaisesti<\/span><\/div><\/div><\/div>\n<\/div>\n\n\n\n<div class=\"wp-block-uagb-container uagb-block-8b1d6961\">\n<div class=\"wp-block-uagb-icon-list uagb-block-70a07d43\"><div class=\"uagb-icon-list__wrap\"><div class=\"wp-block-uagb-icon-list-child uagb-block-5a4efd29\"><span class=\"uagb-icon-list__source-wrap\"><svg xmlns=\"https:\/\/www.w3.org\/2000\/svg\" viewBox=\"0 0 448 512\"><path d=\"M438.6 105.4C451.1 117.9 451.1 138.1 438.6 150.6L182.6 406.6C170.1 419.1 149.9 419.1 137.4 406.6L9.372 278.6C-3.124 266.1-3.124 245.9 9.372 233.4C21.87 220.9 42.13 220.9 54.63 233.4L159.1 338.7L393.4 105.4C405.9 92.88 426.1 92.88 438.6 105.4H438.6z\"><\/path><\/svg><\/span><span class=\"uagb-icon-list__label\">Ajastimien ohjelmointi<\/span><\/div>\n\n<div class=\"wp-block-uagb-icon-list-child uagb-block-e60e7a58\"><span class=\"uagb-icon-list__source-wrap\"><svg xmlns=\"https:\/\/www.w3.org\/2000\/svg\" viewBox=\"0 0 448 512\"><path d=\"M438.6 105.4C451.1 117.9 451.1 138.1 438.6 150.6L182.6 406.6C170.1 419.1 149.9 419.1 137.4 406.6L9.372 278.6C-3.124 266.1-3.124 245.9 9.372 233.4C21.87 220.9 42.13 220.9 54.63 233.4L159.1 338.7L393.4 105.4C405.9 92.88 426.1 92.88 438.6 105.4H438.6z\"><\/path><\/svg><\/span><span class=\"uagb-icon-list__label\">Ohjelmoida dynaamisen teho-ohjauksen (Asennukset, joissa on aurinkopaneelit tai ilman niit\u00e4)<\/span><\/div>\n\n<div class=\"wp-block-uagb-icon-list-child uagb-block-11e30ba6\"><span class=\"uagb-icon-list__source-wrap\"><svg xmlns=\"https:\/\/www.w3.org\/2000\/svg\" viewBox=\"0 0 448 512\"><path d=\"M438.6 105.4C451.1 117.9 451.1 138.1 438.6 150.6L182.6 406.6C170.1 419.1 149.9 419.1 137.4 406.6L9.372 278.6C-3.124 266.1-3.124 245.9 9.372 233.4C21.87 220.9 42.13 220.9 54.63 233.4L159.1 338.7L393.4 105.4C405.9 92.88 426.1 92.88 438.6 105.4H438.6z\"><\/path><\/svg><\/span><span class=\"uagb-icon-list__label\">L\u00e4het\u00e4 tilastot pilveen (voit tarkastella niit\u00e4 ilman yhteytt\u00e4 e-Chargeriin)<\/span><\/div><\/div><\/div>\n<\/div>\n<\/div><\/div>\n<\/div>\n\n\n<div class=\"wp-block-uagb-advanced-heading uagb-block-f5ab49d1\"><p class=\"uagb-heading-text\">* Ensimm\u00e4isell\u00e4 kerralla sinun tulee k\u00e4ytt\u00e4\u00e4 sovellusta Internet-yhteydell\u00e4, sen j\u00e4lkeen tallennamme k\u00e4ytt\u00e4j\u00e4si v\u00e4limuistiin. On suositeltavaa avata sovellus, kun sinulla on Internet-yhteys, jotta lataustilastot p\u00e4ivittyv\u00e4t. <strong>Verkkopalvelu ei toimi k\u00e4ytt\u00e4jille, joilla on t\u00e4m\u00e4 yhteys.<\/strong><\/p><\/div><\/div><\/div>\n<\/div><\/div>\n\n\n\n<div class=\"wp-block-uagb-container gradient-try-section3 uagb-block-18580f50 alignfull uagb-is-root-container\"><div class=\"uagb-container-inner-blocks-wrap\">\n<div data-aos= \"fade\" data-aos-duration=\"400\" data-aos-delay=\"0\" data-aos-easing=\"ease\" data-aos-once=\"true\" class=\"wp-block-uagb-container uagb-block-c7b70b4d default uagb-is-root-container\">\n<div class=\"wp-block-uagb-container uagb-block-8c7be9d3\"><div class=\"wp-block-uagb-advanced-heading uagb-block-0b94933a\"><h2 class=\"uagb-heading-text\">Tutustu V2C Cloud -sovelluksen t\u00e4ydelliseen oppaaseen<\/h2><\/div>\n\n\n<div class=\"wp-block-uagb-buttons uagb-buttons__outer-wrap uagb-btn__default-btn uagb-btn-tablet__default-btn uagb-btn-mobile__default-btn uagb-block-e9bcb751\"><div class=\"uagb-buttons__wrap uagb-buttons-layout-wrap \"><div class=\"wp-block-uagb-buttons-child uagb-buttons__outer-wrap uagb-block-0b38b9b4 wp-block-button\"><div class=\"uagb-button__wrapper\"><a class=\"uagb-buttons-repeater wp-block-button__link\" aria-label=\"\" href=\"https:\/\/v2charge.com\/fi\/tukialue\/v2c-cloud-tuki\/v2c-cloudin-asetukset\/\" rel=\"follow noopener\" target=\"_self\" role=\"button\"><div class=\"uagb-button__link\">Katso V2C Cloud -opas<\/div><\/a><\/div><\/div><\/div><\/div>\n<\/div>\n<\/div>\n<\/div><\/div>\n","protected":false},"excerpt":{"rendered":"<p>Bluetooth-yhteys Yhdist\u00e4 e-Charger Bluetoothin kautta. Voit hallita laturiasi jopa silloin, kun mobiililaitteellasi ei ole kentt\u00e4\u00e4. T\u00e4m\u00e4n yhteyden kautta voit tehd\u00e4 kaikki laturin asetukset sek\u00e4 n\u00e4hd\u00e4 tilastot et\u00e4n\u00e4, latauksen reaaliajassa jne. Kuitenkin, se on aina rajoitetumpaa kuin k\u00e4ytt\u00f6 Internet-yhteyden kautta. N\u00e4m\u00e4 Bluetoothin kautta toimivat toiminnot ovat saatavilla laitteissa, jotka on tarkoitettu yksityiseen k\u00e4ytt\u00f6\u00f6n yhteis\u00f6garajeissa ja \u00e4lypuhelimille, &#8230; <a title=\"Kuinka liitt\u00e4\u00e4 latauspisteeni Bluetoothin kautta?\" class=\"read-more\" href=\"https:\/\/v2charge.com\/fi\/kuinka-liittaa-latauspisteeni-bluetoothin-kautta\/\" aria-label=\"Lue lis\u00e4\u00e4 aiheesta Kuinka liitt\u00e4\u00e4 latauspisteeni Bluetoothin kautta?\">Lue lis\u00e4\u00e4<\/a><\/p>\n","protected":false},"author":1,"featured_media":170354,"parent":0,"menu_order":0,"comment_status":"closed","ping_status":"closed","template":"","meta":{"_eb_attr":"","content-type":"","_uag_custom_page_level_css":"","footnotes":""},"class_list":["post-311396","page","type-page","status-publish","has-post-thumbnail"],"yoast_head":"<!-- This site is optimized with the Yoast SEO plugin v25.3.1 - https:\/\/yoast.com\/wordpress\/plugins\/seo\/ -->\n<title>Kuinka liitt\u00e4\u00e4 V2C-latauspisteeni Bluetoothilla<\/title>\n<meta name=\"description\" content=\"Jos haluat liitt\u00e4\u00e4 V2C-s\u00e4hk\u00f6latauslaitteesi Bluetoothin kautta, selit\u00e4mme sen sinulle helposti V2C Cloudin kautta.\" \/>\n<meta name=\"robots\" content=\"index, follow, max-snippet:-1, max-image-preview:large, max-video-preview:-1\" \/>\n<link rel=\"canonical\" href=\"https:\/\/v2charge.com\/fi\/kuinka-liittaa-latauspisteeni-bluetoothin-kautta\/\" \/>\n<meta property=\"og:locale\" content=\"fi_FI\" \/>\n<meta property=\"og:type\" content=\"article\" \/>\n<meta property=\"og:title\" content=\"Kuinka liitt\u00e4\u00e4 V2C-latauspisteeni Bluetoothilla\" \/>\n<meta property=\"og:description\" content=\"Jos haluat liitt\u00e4\u00e4 V2C-s\u00e4hk\u00f6latauslaitteesi Bluetoothin kautta, selit\u00e4mme sen sinulle helposti V2C Cloudin kautta.\" \/>\n<meta property=\"og:url\" content=\"https:\/\/v2charge.com\/fi\/kuinka-liittaa-latauspisteeni-bluetoothin-kautta\/\" \/>\n<meta property=\"og:site_name\" content=\"V2C\" \/>\n<meta property=\"article:publisher\" content=\"https:\/\/www.facebook.com\/V2C.Charge\" \/>\n<meta property=\"article:modified_time\" content=\"2025-11-27T13:58:11+00:00\" \/>\n<meta property=\"og:image\" content=\"https:\/\/v2charge.com\/wp-content\/uploads\/2024\/07\/v2c-electric-chargers.jpg\" \/>\n\t<meta property=\"og:image:width\" content=\"1200\" \/>\n\t<meta property=\"og:image:height\" content=\"675\" \/>\n\t<meta property=\"og:image:type\" content=\"image\/jpeg\" \/>\n<meta name=\"twitter:card\" content=\"summary_large_image\" \/>\n<meta name=\"twitter:site\" content=\"@V2C_Charge\" \/>\n<meta name=\"twitter:label1\" content=\"Arvioitu lukuaika\" \/>\n\t<meta name=\"twitter:data1\" content=\"2 minuuttia\" \/>\n<script type=\"application\/ld+json\" class=\"yoast-schema-graph\">{\"@context\":\"https:\/\/schema.org\",\"@graph\":[{\"@type\":\"WebPage\",\"@id\":\"https:\/\/v2charge.com\/fi\/kuinka-liittaa-latauspisteeni-bluetoothin-kautta\/\",\"url\":\"https:\/\/v2charge.com\/fi\/kuinka-liittaa-latauspisteeni-bluetoothin-kautta\/\",\"name\":\"Kuinka liitt\u00e4\u00e4 V2C-latauspisteeni Bluetoothilla\",\"isPartOf\":{\"@id\":\"https:\/\/v2charge.com\/fi\/#website\"},\"primaryImageOfPage\":{\"@id\":\"https:\/\/v2charge.com\/fi\/kuinka-liittaa-latauspisteeni-bluetoothin-kautta\/#primaryimage\"},\"image\":{\"@id\":\"https:\/\/v2charge.com\/fi\/kuinka-liittaa-latauspisteeni-bluetoothin-kautta\/#primaryimage\"},\"thumbnailUrl\":\"https:\/\/v2charge.com\/wp-content\/uploads\/2024\/07\/v2c-electric-chargers.jpg\",\"datePublished\":\"2021-12-31T13:51:24+00:00\",\"dateModified\":\"2025-11-27T13:58:11+00:00\",\"description\":\"Jos haluat liitt\u00e4\u00e4 V2C-s\u00e4hk\u00f6latauslaitteesi Bluetoothin kautta, selit\u00e4mme sen sinulle helposti V2C Cloudin kautta.\",\"breadcrumb\":{\"@id\":\"https:\/\/v2charge.com\/fi\/kuinka-liittaa-latauspisteeni-bluetoothin-kautta\/#breadcrumb\"},\"inLanguage\":\"fi\",\"potentialAction\":[{\"@type\":\"ReadAction\",\"target\":[\"https:\/\/v2charge.com\/fi\/kuinka-liittaa-latauspisteeni-bluetoothin-kautta\/\"]}]},{\"@type\":\"ImageObject\",\"inLanguage\":\"fi\",\"@id\":\"https:\/\/v2charge.com\/fi\/kuinka-liittaa-latauspisteeni-bluetoothin-kautta\/#primaryimage\",\"url\":\"https:\/\/v2charge.com\/wp-content\/uploads\/2024\/07\/v2c-electric-chargers.jpg\",\"contentUrl\":\"https:\/\/v2charge.com\/wp-content\/uploads\/2024\/07\/v2c-electric-chargers.jpg\",\"width\":1200,\"height\":675,\"caption\":\"V2C Electric Chargers\"},{\"@type\":\"BreadcrumbList\",\"@id\":\"https:\/\/v2charge.com\/fi\/kuinka-liittaa-latauspisteeni-bluetoothin-kautta\/#breadcrumb\",\"itemListElement\":[{\"@type\":\"ListItem\",\"position\":1,\"name\":\"V2C\",\"item\":\"https:\/\/v2charge.com\/fi\/\"},{\"@type\":\"ListItem\",\"position\":2,\"name\":\"Kuinka liitt\u00e4\u00e4 latauspisteeni Bluetoothin kautta?\"}]},{\"@type\":\"WebSite\",\"@id\":\"https:\/\/v2charge.com\/fi\/#website\",\"url\":\"https:\/\/v2charge.com\/fi\/\",\"name\":\"V2C\",\"description\":\"#CargandoElMa\u00f1ana\",\"publisher\":{\"@id\":\"https:\/\/v2charge.com\/fi\/#organization\"},\"potentialAction\":[{\"@type\":\"SearchAction\",\"target\":{\"@type\":\"EntryPoint\",\"urlTemplate\":\"https:\/\/v2charge.com\/fi\/?s={search_term_string}\"},\"query-input\":{\"@type\":\"PropertyValueSpecification\",\"valueRequired\":true,\"valueName\":\"search_term_string\"}}],\"inLanguage\":\"fi\"},{\"@type\":\"Organization\",\"@id\":\"https:\/\/v2charge.com\/fi\/#organization\",\"name\":\"V2C\",\"url\":\"https:\/\/v2charge.com\/fi\/\",\"logo\":{\"@type\":\"ImageObject\",\"inLanguage\":\"fi\",\"@id\":\"https:\/\/v2charge.com\/fi\/#\/schema\/logo\/image\/\",\"url\":\"https:\/\/v2charge.com\/wp-content\/uploads\/2024\/11\/cropped-v2c-charge-logo-menu.png\",\"contentUrl\":\"https:\/\/v2charge.com\/wp-content\/uploads\/2024\/11\/cropped-v2c-charge-logo-menu.png\",\"width\":984,\"height\":431,\"caption\":\"V2C\"},\"image\":{\"@id\":\"https:\/\/v2charge.com\/fi\/#\/schema\/logo\/image\/\"},\"sameAs\":[\"https:\/\/www.facebook.com\/V2C.Charge\",\"https:\/\/x.com\/V2C_Charge\",\"https:\/\/www.instagram.com\/v2c.charge\/\",\"https:\/\/www.youtube.com\/@V2C\",\"https:\/\/www.linkedin.com\/company\/v2c-chargers\/\"]}]}<\/script>\n<!-- \/ Yoast SEO plugin. -->","yoast_head_json":{"title":"Kuinka liitt\u00e4\u00e4 V2C-latauspisteeni Bluetoothilla","description":"Jos haluat liitt\u00e4\u00e4 V2C-s\u00e4hk\u00f6latauslaitteesi Bluetoothin kautta, selit\u00e4mme sen sinulle helposti V2C Cloudin kautta.","robots":{"index":"index","follow":"follow","max-snippet":"max-snippet:-1","max-image-preview":"max-image-preview:large","max-video-preview":"max-video-preview:-1"},"canonical":"https:\/\/v2charge.com\/fi\/kuinka-liittaa-latauspisteeni-bluetoothin-kautta\/","og_locale":"fi_FI","og_type":"article","og_title":"Kuinka liitt\u00e4\u00e4 V2C-latauspisteeni Bluetoothilla","og_description":"Jos haluat liitt\u00e4\u00e4 V2C-s\u00e4hk\u00f6latauslaitteesi Bluetoothin kautta, selit\u00e4mme sen sinulle helposti V2C Cloudin kautta.","og_url":"https:\/\/v2charge.com\/fi\/kuinka-liittaa-latauspisteeni-bluetoothin-kautta\/","og_site_name":"V2C","article_publisher":"https:\/\/www.facebook.com\/V2C.Charge","article_modified_time":"2025-11-27T13:58:11+00:00","og_image":[{"width":1200,"height":675,"url":"https:\/\/v2charge.com\/wp-content\/uploads\/2024\/07\/v2c-electric-chargers.jpg","type":"image\/jpeg"}],"twitter_card":"summary_large_image","twitter_site":"@V2C_Charge","twitter_misc":{"Arvioitu lukuaika":"2 minuuttia"},"schema":{"@context":"https:\/\/schema.org","@graph":[{"@type":"WebPage","@id":"https:\/\/v2charge.com\/fi\/kuinka-liittaa-latauspisteeni-bluetoothin-kautta\/","url":"https:\/\/v2charge.com\/fi\/kuinka-liittaa-latauspisteeni-bluetoothin-kautta\/","name":"Kuinka liitt\u00e4\u00e4 V2C-latauspisteeni Bluetoothilla","isPartOf":{"@id":"https:\/\/v2charge.com\/fi\/#website"},"primaryImageOfPage":{"@id":"https:\/\/v2charge.com\/fi\/kuinka-liittaa-latauspisteeni-bluetoothin-kautta\/#primaryimage"},"image":{"@id":"https:\/\/v2charge.com\/fi\/kuinka-liittaa-latauspisteeni-bluetoothin-kautta\/#primaryimage"},"thumbnailUrl":"https:\/\/v2charge.com\/wp-content\/uploads\/2024\/07\/v2c-electric-chargers.jpg","datePublished":"2021-12-31T13:51:24+00:00","dateModified":"2025-11-27T13:58:11+00:00","description":"Jos haluat liitt\u00e4\u00e4 V2C-s\u00e4hk\u00f6latauslaitteesi Bluetoothin kautta, selit\u00e4mme sen sinulle helposti V2C Cloudin kautta.","breadcrumb":{"@id":"https:\/\/v2charge.com\/fi\/kuinka-liittaa-latauspisteeni-bluetoothin-kautta\/#breadcrumb"},"inLanguage":"fi","potentialAction":[{"@type":"ReadAction","target":["https:\/\/v2charge.com\/fi\/kuinka-liittaa-latauspisteeni-bluetoothin-kautta\/"]}]},{"@type":"ImageObject","inLanguage":"fi","@id":"https:\/\/v2charge.com\/fi\/kuinka-liittaa-latauspisteeni-bluetoothin-kautta\/#primaryimage","url":"https:\/\/v2charge.com\/wp-content\/uploads\/2024\/07\/v2c-electric-chargers.jpg","contentUrl":"https:\/\/v2charge.com\/wp-content\/uploads\/2024\/07\/v2c-electric-chargers.jpg","width":1200,"height":675,"caption":"V2C Electric Chargers"},{"@type":"BreadcrumbList","@id":"https:\/\/v2charge.com\/fi\/kuinka-liittaa-latauspisteeni-bluetoothin-kautta\/#breadcrumb","itemListElement":[{"@type":"ListItem","position":1,"name":"V2C","item":"https:\/\/v2charge.com\/fi\/"},{"@type":"ListItem","position":2,"name":"Kuinka liitt\u00e4\u00e4 latauspisteeni Bluetoothin kautta?"}]},{"@type":"WebSite","@id":"https:\/\/v2charge.com\/fi\/#website","url":"https:\/\/v2charge.com\/fi\/","name":"V2C","description":"#CargandoElMa\u00f1ana","publisher":{"@id":"https:\/\/v2charge.com\/fi\/#organization"},"potentialAction":[{"@type":"SearchAction","target":{"@type":"EntryPoint","urlTemplate":"https:\/\/v2charge.com\/fi\/?s={search_term_string}"},"query-input":{"@type":"PropertyValueSpecification","valueRequired":true,"valueName":"search_term_string"}}],"inLanguage":"fi"},{"@type":"Organization","@id":"https:\/\/v2charge.com\/fi\/#organization","name":"V2C","url":"https:\/\/v2charge.com\/fi\/","logo":{"@type":"ImageObject","inLanguage":"fi","@id":"https:\/\/v2charge.com\/fi\/#\/schema\/logo\/image\/","url":"https:\/\/v2charge.com\/wp-content\/uploads\/2024\/11\/cropped-v2c-charge-logo-menu.png","contentUrl":"https:\/\/v2charge.com\/wp-content\/uploads\/2024\/11\/cropped-v2c-charge-logo-menu.png","width":984,"height":431,"caption":"V2C"},"image":{"@id":"https:\/\/v2charge.com\/fi\/#\/schema\/logo\/image\/"},"sameAs":["https:\/\/www.facebook.com\/V2C.Charge","https:\/\/x.com\/V2C_Charge","https:\/\/www.instagram.com\/v2c.charge\/","https:\/\/www.youtube.com\/@V2C","https:\/\/www.linkedin.com\/company\/v2c-chargers\/"]}]}},"uagb_featured_image_src":{"full":["https:\/\/v2charge.com\/wp-content\/uploads\/2024\/07\/v2c-electric-chargers.jpg",1200,675,false],"thumbnail":["https:\/\/v2charge.com\/wp-content\/uploads\/2024\/07\/v2c-electric-chargers-150x150.jpg",150,150,true],"medium":["https:\/\/v2charge.com\/wp-content\/uploads\/2024\/07\/v2c-electric-chargers-300x169.jpg",300,169,true],"medium_large":["https:\/\/v2charge.com\/wp-content\/uploads\/2024\/07\/v2c-electric-chargers-768x432.jpg",768,432,true],"large":["https:\/\/v2charge.com\/wp-content\/uploads\/2024\/07\/v2c-electric-chargers-1024x576.jpg",1024,576,true],"gs-tiny":["https:\/\/v2charge.com\/wp-content\/uploads\/2024\/07\/v2c-electric-chargers.jpg",50,28,false],"xl":["https:\/\/v2charge.com\/wp-content\/uploads\/2024\/07\/v2c-electric-chargers.jpg",1200,675,false],"xxl":["https:\/\/v2charge.com\/wp-content\/uploads\/2024\/07\/v2c-electric-chargers.jpg",1200,675,false],"xxxl":["https:\/\/v2charge.com\/wp-content\/uploads\/2024\/07\/v2c-electric-chargers.jpg",1200,675,false],"xxxxl":["https:\/\/v2charge.com\/wp-content\/uploads\/2024\/07\/v2c-electric-chargers.jpg",1200,675,false],"xxxxxl":["https:\/\/v2charge.com\/wp-content\/uploads\/2024\/07\/v2c-electric-chargers.jpg",1200,675,false],"1536x1536":["https:\/\/v2charge.com\/wp-content\/uploads\/2024\/07\/v2c-electric-chargers.jpg",1200,675,false],"2048x2048":["https:\/\/v2charge.com\/wp-content\/uploads\/2024\/07\/v2c-electric-chargers.jpg",1200,675,false]},"uagb_author_info":{"display_name":"V2C","author_link":"https:\/\/v2charge.com\/fi\/author\/root_k4eu7ki8\/"},"uagb_comment_info":0,"uagb_excerpt":"Bluetooth-yhteys Yhdist\u00e4 e-Charger Bluetoothin kautta. Voit hallita laturiasi jopa silloin, kun mobiililaitteellasi ei ole kentt\u00e4\u00e4. T\u00e4m\u00e4n yhteyden kautta voit tehd\u00e4 kaikki laturin asetukset sek\u00e4 n\u00e4hd\u00e4 tilastot et\u00e4n\u00e4, latauksen reaaliajassa jne. Kuitenkin, se on aina rajoitetumpaa kuin k\u00e4ytt\u00f6 Internet-yhteyden kautta. N\u00e4m\u00e4 Bluetoothin kautta toimivat toiminnot ovat saatavilla laitteissa, jotka on tarkoitettu yksityiseen k\u00e4ytt\u00f6\u00f6n yhteis\u00f6garajeissa ja \u00e4lypuhelimille,&hellip;","_links":{"self":[{"href":"https:\/\/v2charge.com\/fi\/wp-json\/wp\/v2\/pages\/311396","targetHints":{"allow":["GET"]}}],"collection":[{"href":"https:\/\/v2charge.com\/fi\/wp-json\/wp\/v2\/pages"}],"about":[{"href":"https:\/\/v2charge.com\/fi\/wp-json\/wp\/v2\/types\/page"}],"author":[{"embeddable":true,"href":"https:\/\/v2charge.com\/fi\/wp-json\/wp\/v2\/users\/1"}],"replies":[{"embeddable":true,"href":"https:\/\/v2charge.com\/fi\/wp-json\/wp\/v2\/comments?post=311396"}],"version-history":[{"count":0,"href":"https:\/\/v2charge.com\/fi\/wp-json\/wp\/v2\/pages\/311396\/revisions"}],"wp:featuredmedia":[{"embeddable":true,"href":"https:\/\/v2charge.com\/fi\/wp-json\/wp\/v2\/media\/170354"}],"wp:attachment":[{"href":"https:\/\/v2charge.com\/fi\/wp-json\/wp\/v2\/media?parent=311396"}],"curies":[{"name":"wp","href":"https:\/\/api.w.org\/{rel}","templated":true}]}}