{"id":311397,"date":"2022-01-04T08:39:56","date_gmt":"2022-01-04T08:39:56","guid":{"rendered":""},"modified":"2025-11-27T15:56:43","modified_gmt":"2025-11-27T13:56:43","slug":"kuinka-tietaa-onko-latauspisteeni-kytketty-internetiin","status":"publish","type":"page","link":"https:\/\/v2charge.com\/fi\/kuinka-tietaa-onko-latauspisteeni-kytketty-internetiin\/","title":{"rendered":"Kuinka tiet\u00e4\u00e4, onko latauspisteeni kytketty Internetiin?"},"content":{"rendered":"\n<div id=\"conexion-wifi\" class=\"wp-block-uagb-container uagb-block-879f262e alignfull uagb-is-root-container\"><div class=\"uagb-container-inner-blocks-wrap\"><div class=\"wp-block-uagb-advanced-heading uagb-block-af68f17d\"><h1 class=\"uagb-heading-text\">WiFi-yhteys<\/h1><\/div>\n\n\n<div class=\"wp-block-uagb-container uagb-block-1c2e71a6 alignfull uagb-is-root-container\"><div class=\"uagb-container-inner-blocks-wrap\">\n<div class=\"wp-block-uagb-container uagb-block-d7d735fd\">\t\t\t\t\t<div\n\t\t\t\t\t\tclass=\"wp-block-uagb-image-gallery uagb-block-d22892e5     \"\n\t\t\t\t\t\tstyle=\"\"\n\t\t\t\t\t>\n\t\t\t\t\t\t\t\t\t\t\t<div class=\"spectra-image-gallery spectra-image-gallery__layout--carousel\">\n\t\t\t\t\t\t\t\t<div class=\"uagb-slick-carousel uagb-block-d22892e5\">\n\t\t\t\t\t\t\t\t\t\t\t\t<div class='spectra-image-gallery__media-wrapper' data-spectra-gallery-image-id='263658'>\n\t\t\t\t\t\t\t<div class=\"spectra-image-gallery__media spectra-image-gallery__media--carousel\">\n\t\t\t\t<picture>\n\t\t\t\t\t<source media=\"(min-width: 1024px)\" srcset=\"https:\/\/v2charge.com\/wp-content\/uploads\/2025\/10\/cargador-sin-wifi.png\">\n\t\t\t\t\t<source media=\"(min-width: 768px)\" srcset=\"https:\/\/v2charge.com\/wp-content\/uploads\/2025\/10\/cargador-sin-wifi.png\">\n\t\t\t\t\t<img decoding=\"async\" class=\"spectra-image-gallery__media-thumbnail spectra-image-gallery__media-thumbnail--carousel\" src=\"https:\/\/v2charge.com\/wp-content\/uploads\/2025\/10\/cargador-sin-wifi.png\" alt=\"\" loading=\"lazy\" \/>\n\t\t\t\t<\/picture>\n\t\t\t\t<div class=\"spectra-image-gallery__media-thumbnail-blurrer\"><\/div>\n\t\t\t\t\t\t\t<\/div>\n\t\t\t\t\t\t\t\t<div class=\"spectra-image-gallery__media-thumbnail-caption-wrapper spectra-image-gallery__media-thumbnail-caption-wrapper--bar-outside\">\n\t\t\t\t\t\t\t\t\t\t<div class=\"spectra-image-gallery__media-thumbnail-caption spectra-image-gallery__media-thumbnail-caption--bar-outside\">\n\t\t\t\t\t<strong>PASO 1<br><\/strong>Accede al cargador\t\t\t\t<\/div>\n\t\t\t\t\t\t\t\t<\/div>\n\t\t\t\t\t\t\t<\/div>\n\t\t\t\t\t\t<div class='spectra-image-gallery__media-wrapper' data-spectra-gallery-image-id='262522'>\n\t\t\t\t\t\t\t<div class=\"spectra-image-gallery__media spectra-image-gallery__media--carousel\">\n\t\t\t\t<picture>\n\t\t\t\t\t<source media=\"(min-width: 1024px)\" srcset=\"https:\/\/v2charge.com\/wp-content\/uploads\/2025\/10\/ajustes-e-charger.png\">\n\t\t\t\t\t<source media=\"(min-width: 768px)\" srcset=\"https:\/\/v2charge.com\/wp-content\/uploads\/2025\/10\/ajustes-e-charger.png\">\n\t\t\t\t\t<img decoding=\"async\" class=\"spectra-image-gallery__media-thumbnail spectra-image-gallery__media-thumbnail--carousel\" src=\"https:\/\/v2charge.com\/wp-content\/uploads\/2025\/10\/ajustes-e-charger.png\" alt=\"\" loading=\"lazy\" \/>\n\t\t\t\t<\/picture>\n\t\t\t\t<div class=\"spectra-image-gallery__media-thumbnail-blurrer\"><\/div>\n\t\t\t\t\t\t\t<\/div>\n\t\t\t\t\t\t\t\t<div class=\"spectra-image-gallery__media-thumbnail-caption-wrapper spectra-image-gallery__media-thumbnail-caption-wrapper--bar-outside\">\n\t\t\t\t\t\t\t\t\t\t<div class=\"spectra-image-gallery__media-thumbnail-caption spectra-image-gallery__media-thumbnail-caption--bar-outside\">\n\t\t\t\t\t<strong>PASO 2<br><\/strong>Accede a su configuraci\u00f3n\t\t\t\t<\/div>\n\t\t\t\t\t\t\t\t<\/div>\n\t\t\t\t\t\t\t<\/div>\n\t\t\t\t\t\t<div class='spectra-image-gallery__media-wrapper' data-spectra-gallery-image-id='262533'>\n\t\t\t\t\t\t\t<div class=\"spectra-image-gallery__media spectra-image-gallery__media--carousel\">\n\t\t\t\t<picture>\n\t\t\t\t\t<source media=\"(min-width: 1024px)\" srcset=\"https:\/\/v2charge.com\/wp-content\/uploads\/2025\/10\/conectividad.png\">\n\t\t\t\t\t<source media=\"(min-width: 768px)\" srcset=\"https:\/\/v2charge.com\/wp-content\/uploads\/2025\/10\/conectividad.png\">\n\t\t\t\t\t<img decoding=\"async\" class=\"spectra-image-gallery__media-thumbnail spectra-image-gallery__media-thumbnail--carousel\" src=\"https:\/\/v2charge.com\/wp-content\/uploads\/2025\/10\/conectividad.png\" alt=\"\" loading=\"lazy\" \/>\n\t\t\t\t<\/picture>\n\t\t\t\t<div class=\"spectra-image-gallery__media-thumbnail-blurrer\"><\/div>\n\t\t\t\t\t\t\t<\/div>\n\t\t\t\t\t\t\t\t<div class=\"spectra-image-gallery__media-thumbnail-caption-wrapper spectra-image-gallery__media-thumbnail-caption-wrapper--bar-outside\">\n\t\t\t\t\t\t\t\t\t\t<div class=\"spectra-image-gallery__media-thumbnail-caption spectra-image-gallery__media-thumbnail-caption--bar-outside\">\n\t\t\t\t\t<strong>PASO 3<br><\/strong>Desliza hasta el final del men\u00fa y haz clic sobre \u2018Conectividad\u2019\t\t\t\t<\/div>\n\t\t\t\t\t\t\t\t<\/div>\n\t\t\t\t\t\t\t<\/div>\n\t\t\t\t\t\t<div class='spectra-image-gallery__media-wrapper' data-spectra-gallery-image-id='262544'>\n\t\t\t\t\t\t\t<div class=\"spectra-image-gallery__media spectra-image-gallery__media--carousel\">\n\t\t\t\t<picture>\n\t\t\t\t\t<source media=\"(min-width: 1024px)\" srcset=\"https:\/\/v2charge.com\/wp-content\/uploads\/2025\/10\/red-wifi.png\">\n\t\t\t\t\t<source media=\"(min-width: 768px)\" srcset=\"https:\/\/v2charge.com\/wp-content\/uploads\/2025\/10\/red-wifi.png\">\n\t\t\t\t\t<img decoding=\"async\" class=\"spectra-image-gallery__media-thumbnail spectra-image-gallery__media-thumbnail--carousel\" src=\"https:\/\/v2charge.com\/wp-content\/uploads\/2025\/10\/red-wifi.png\" alt=\"\" loading=\"lazy\" \/>\n\t\t\t\t<\/picture>\n\t\t\t\t<div class=\"spectra-image-gallery__media-thumbnail-blurrer\"><\/div>\n\t\t\t\t\t\t\t<\/div>\n\t\t\t\t\t\t\t\t<div class=\"spectra-image-gallery__media-thumbnail-caption-wrapper spectra-image-gallery__media-thumbnail-caption-wrapper--bar-outside\">\n\t\t\t\t\t\t\t\t\t\t<div class=\"spectra-image-gallery__media-thumbnail-caption spectra-image-gallery__media-thumbnail-caption--bar-outside\">\n\t\t\t\t\t<strong>PASO 4<br><\/strong>Para elegir una red WiFi, haz clic en el rect\u00e1ngulo vac\u00edo que se encuentra bajo la opci\u00f3n &#8217;selecciona la red WiFi&#8217;, y autom\u00e1ticamente te mostrar\u00e1 las redes disponibles\t\t\t\t<\/div>\n\t\t\t\t\t\t\t\t<\/div>\n\t\t\t\t\t\t\t<\/div>\n\t\t\t\t\t\t<div class='spectra-image-gallery__media-wrapper' data-spectra-gallery-image-id='263669'>\n\t\t\t\t\t\t\t<div class=\"spectra-image-gallery__media spectra-image-gallery__media--carousel\">\n\t\t\t\t<picture>\n\t\t\t\t\t<source media=\"(min-width: 1024px)\" srcset=\"https:\/\/v2charge.com\/wp-content\/uploads\/2025\/10\/cargador-wifi.png\">\n\t\t\t\t\t<source media=\"(min-width: 768px)\" srcset=\"https:\/\/v2charge.com\/wp-content\/uploads\/2025\/10\/cargador-wifi.png\">\n\t\t\t\t\t<img decoding=\"async\" class=\"spectra-image-gallery__media-thumbnail spectra-image-gallery__media-thumbnail--carousel\" src=\"https:\/\/v2charge.com\/wp-content\/uploads\/2025\/10\/cargador-wifi.png\" alt=\"\" loading=\"lazy\" \/>\n\t\t\t\t<\/picture>\n\t\t\t\t<div class=\"spectra-image-gallery__media-thumbnail-blurrer\"><\/div>\n\t\t\t\t\t\t\t<\/div>\n\t\t\t\t\t\t\t\t<div class=\"spectra-image-gallery__media-thumbnail-caption-wrapper spectra-image-gallery__media-thumbnail-caption-wrapper--bar-outside\">\n\t\t\t\t\t\t\t\t\t\t<div class=\"spectra-image-gallery__media-thumbnail-caption spectra-image-gallery__media-thumbnail-caption--bar-outside\">\n\t\t\t\t\t<strong>PASO 5<br><\/strong>Una vez establecida la conexi\u00f3n, se muestra el icono de WiFi activo\t\t\t\t<\/div>\n\t\t\t\t\t\t\t\t<\/div>\n\t\t\t\t\t\t\t<\/div>\n\t\t\t\t\t\t\t\t\t\t\t<\/div>\n\t\t\t\t\t\t\t<\/div>\n\t\t\t\t\t\t\t\t\t\t\t<\/div>\n\t\t\t\t\t\t\t\t\t<\/div>\n\n\n\n<div class=\"wp-block-uagb-container uagb-block-f11ad258\"><p>Riippuen k\u00e4yt\u00f6ss\u00e4si olevasta e-Chargerista prosessi tapahtuu eri tavalla. Kaikilla on kuitenkin yhteist\u00e4, ett\u00e4 WiFi-yhteyden muodostamiseksi on tarpeen tehd\u00e4 se <strong>V2C Cloud -mobiilisovelluksen kautta<\/strong> ja olla vakaa yhteys.<br><strong>Yhteys latauspisteen ja sovelluksen v\u00e4lill\u00e4 muodostuu Bluetoothin kautta<\/strong>, joten puhelimesi Bluetooth-signaalin on oltava aktiivinen ja sinun on oltava muutaman metrin p\u00e4\u00e4ss\u00e4 e-Chargerista.*<br><br>Jos haluamaasi verkkoa ei n\u00e4y luettelossa, sy\u00f6t\u00e4 langattoman verkon tiedot juuri sellaisina kuin ne n\u00e4kyv\u00e4t reitittimess\u00e4 (kunnioittaen isoja ja pieni\u00e4 kirjaimia) ja ilmoita salasana.<br><br>Kun yhteys on muodostettu, e-Charger k\u00e4ynnistyy uudelleen. Muutaman minuutin kuluttua uudelleenk\u00e4ynnistyksest\u00e4 <strong>tarkista, ett\u00e4 e-Chargerissa on aktiivinen WiFi-ikoni<\/strong>. Jos n\u00e4in ei ole, tarkista, ett\u00e4 salasana on oikea.<\/p>\n\n\n<div class=\"wp-block-uagb-container uagb-block-bb4f6c60 default uagb-is-root-container\">\n<div class=\"wp-block-uagb-container uagb-block-956b9203\">\n<div class=\"wp-block-uagb-image aligncenter uagb-block-e0099686 wp-block-uagb-image--layout-default wp-block-uagb-image--effect-static wp-block-uagb-image--align-center\"><figure class=\"wp-block-uagb-image__figure\"><img decoding=\"async\" srcset=\"https:\/\/v2charge.com\/wp-content\/uploads\/2023\/11\/icon-important.png ,https:\/\/v2charge.com\/wp-content\/uploads\/2023\/11\/icon-important.png 780w, https:\/\/v2charge.com\/wp-content\/uploads\/2023\/11\/icon-important.png 360w\" sizes=\"auto, (max-width: 480px) 150px\" src=\"https:\/\/v2charge.com\/wp-content\/uploads\/2023\/11\/icon-important.png\" alt=\"\" class=\"uag-image-125013\" width=\"50\" height=\"50\" title=\"\" loading=\"lazy\" role=\"img\"\/><\/figure><\/div>\n<\/div>\n\n\n\n<div class=\"wp-block-uagb-container uagb-block-087917fa\"><div class=\"wp-block-uagb-advanced-heading uagb-block-08648fad\"><p class=\"uagb-heading-text\"><strong>HUOMIO:<\/strong> Jos laturisi on <strong>Trydan Pro<\/strong>, sinulla on kolme liit\u00e4nt\u00e4tapaa: <strong>WiFi<\/strong>, <strong>Ethernet<\/strong> tai <strong>4G<\/strong>.<\/p><\/div>\n\n\n<div class=\"wp-block-uagb-buttons uagb-buttons__outer-wrap uagb-btn__default-btn uagb-btn-tablet__default-btn uagb-btn-mobile__default-btn uagb-block-a8a919f7\"><div class=\"uagb-buttons__wrap uagb-buttons-layout-wrap \"><div class=\"wp-block-uagb-buttons-child uagb-buttons__outer-wrap uagb-block-ae541a43 wp-block-button\"><div class=\"uagb-button__wrapper\"><a class=\"uagb-buttons-repeater wp-block-button__link\" aria-label=\"\" href=\"https:\/\/v2charge.com\/fi\/tukialue\/soporte-trydan-pro\/asennusopas-trydan-pro-lle\/#configurar-conexion\" rel=\"follow noopener\" target=\"_self\" role=\"button\"><div class=\"uagb-button__link\">Kuinka m\u00e4\u00e4ritt\u00e4\u00e4 yhteys Trydan Prossa<\/div><\/a><\/div><\/div><\/div><\/div>\n<\/div>\n<\/div>\n\n\n<div class=\"wp-block-uagb-advanced-heading uagb-block-50bb3400\"><p class=\"uagb-heading-text\">* Bluetoothin k\u00e4ytt\u00f6 edellytt\u00e4\u00e4 sijainnin sallimista joissakin Android-laitteissa.<br>Tiettyjen yritysten WiFi-verkot sis\u00e4lt\u00e4v\u00e4t jonkinlaista suojausta (palomuuri), DHCP-eston, porttien sulkemisen jne. T\u00e4ss\u00e4 tapauksessa asetukset on suoritettava kyseisen verkon teknisen vastuuhenkil\u00f6n toimesta. Lis\u00e4tietoja saat asiakastuestamme.<\/p><\/div><\/div>\n<\/div><\/div>\n\n\n\n<div class=\"wp-block-uagb-container gradient-try-section3 uagb-block-18580f50 alignfull uagb-is-root-container\"><div class=\"uagb-container-inner-blocks-wrap\">\n<div data-aos= \"fade\" data-aos-duration=\"400\" data-aos-delay=\"0\" data-aos-easing=\"ease\" data-aos-once=\"true\" class=\"wp-block-uagb-container uagb-block-c7b70b4d default uagb-is-root-container\">\n<div class=\"wp-block-uagb-container uagb-block-8c7be9d3\"><div class=\"wp-block-uagb-advanced-heading uagb-block-0b94933a\"><h2 class=\"uagb-heading-text\">Tutustu V2C Cloud -sovelluksen t\u00e4ydelliseen oppaaseen<\/h2><\/div>\n\n\n<div class=\"wp-block-uagb-buttons uagb-buttons__outer-wrap uagb-btn__default-btn uagb-btn-tablet__default-btn uagb-btn-mobile__default-btn uagb-block-e9bcb751\"><div class=\"uagb-buttons__wrap uagb-buttons-layout-wrap \"><div class=\"wp-block-uagb-buttons-child uagb-buttons__outer-wrap uagb-block-0b38b9b4 wp-block-button\"><div class=\"uagb-button__wrapper\"><a class=\"uagb-buttons-repeater wp-block-button__link\" aria-label=\"\" href=\"https:\/\/v2charge.com\/fi\/tukialue\/v2c-cloud-tuki\/v2c-cloudin-asetukset\/\" rel=\"follow noopener\" target=\"_self\" role=\"button\"><div class=\"uagb-button__link\">Katso V2C Cloud -opas<\/div><\/a><\/div><\/div><\/div><\/div>\n<\/div>\n<\/div>\n<\/div><\/div>\n<\/div><\/div>\n","protected":false},"excerpt":{"rendered":"<p>WiFi-yhteys Riippuen k\u00e4yt\u00f6ss\u00e4si olevasta e-Chargerista prosessi tapahtuu eri tavalla. Kaikilla on kuitenkin yhteist\u00e4, ett\u00e4 WiFi-yhteyden muodostamiseksi on tarpeen tehd\u00e4 se V2C Cloud -mobiilisovelluksen kautta ja olla vakaa yhteys.Yhteys latauspisteen ja sovelluksen v\u00e4lill\u00e4 muodostuu Bluetoothin kautta, joten puhelimesi Bluetooth-signaalin on oltava aktiivinen ja sinun on oltava muutaman metrin p\u00e4\u00e4ss\u00e4 e-Chargerista.* Jos haluamaasi verkkoa ei n\u00e4y luettelossa, &#8230; <a title=\"Kuinka tiet\u00e4\u00e4, onko latauspisteeni kytketty Internetiin?\" class=\"read-more\" href=\"https:\/\/v2charge.com\/fi\/kuinka-tietaa-onko-latauspisteeni-kytketty-internetiin\/\" aria-label=\"Lue lis\u00e4\u00e4 aiheesta Kuinka tiet\u00e4\u00e4, onko latauspisteeni kytketty Internetiin?\">Lue lis\u00e4\u00e4<\/a><\/p>\n","protected":false},"author":1,"featured_media":170346,"parent":0,"menu_order":0,"comment_status":"closed","ping_status":"closed","template":"","meta":{"_eb_attr":"","content-type":"","_uag_custom_page_level_css":"","footnotes":""},"class_list":["post-311397","page","type-page","status-publish","has-post-thumbnail"],"yoast_head":"<!-- This site is optimized with the Yoast SEO plugin v25.3.1 - https:\/\/yoast.com\/wordpress\/plugins\/seo\/ -->\n<title>Kuinka tiet\u00e4\u00e4, onko V2C-laturisi kytketty Internetiin | V2C<\/title>\n<meta name=\"description\" content=\"Selit\u00e4mme, kuinka voit tarkistaa, onko V2C-latauspisteesi kytketty Internetiin V2C Cloud -sovelluksen tai tietokoneesi kautta.\" \/>\n<meta name=\"robots\" content=\"index, follow, max-snippet:-1, max-image-preview:large, max-video-preview:-1\" \/>\n<link rel=\"canonical\" href=\"https:\/\/v2charge.com\/fi\/kuinka-tietaa-onko-latauspisteeni-kytketty-internetiin\/\" \/>\n<meta property=\"og:locale\" content=\"fi_FI\" \/>\n<meta property=\"og:type\" content=\"article\" \/>\n<meta property=\"og:title\" content=\"Kuinka tiet\u00e4\u00e4, onko V2C-laturisi kytketty Internetiin | V2C\" \/>\n<meta property=\"og:description\" content=\"Selit\u00e4mme, kuinka voit tarkistaa, onko V2C-latauspisteesi kytketty Internetiin V2C Cloud -sovelluksen tai tietokoneesi kautta.\" \/>\n<meta property=\"og:url\" content=\"https:\/\/v2charge.com\/fi\/kuinka-tietaa-onko-latauspisteeni-kytketty-internetiin\/\" \/>\n<meta property=\"og:site_name\" content=\"V2C\" \/>\n<meta property=\"article:publisher\" content=\"https:\/\/www.facebook.com\/V2C.Charge\" \/>\n<meta property=\"article:modified_time\" content=\"2025-11-27T13:56:43+00:00\" \/>\n<meta property=\"og:image\" content=\"https:\/\/v2charge.com\/wp-content\/uploads\/2024\/07\/v2c-electric-chargers.jpg\" \/>\n\t<meta property=\"og:image:width\" content=\"1200\" \/>\n\t<meta property=\"og:image:height\" content=\"675\" \/>\n\t<meta property=\"og:image:type\" content=\"image\/jpeg\" \/>\n<meta name=\"twitter:card\" content=\"summary_large_image\" \/>\n<meta name=\"twitter:site\" content=\"@V2C_Charge\" \/>\n<meta name=\"twitter:label1\" content=\"Arvioitu lukuaika\" \/>\n\t<meta name=\"twitter:data1\" content=\"2 minuuttia\" \/>\n<script type=\"application\/ld+json\" class=\"yoast-schema-graph\">{\"@context\":\"https:\/\/schema.org\",\"@graph\":[{\"@type\":\"WebPage\",\"@id\":\"https:\/\/v2charge.com\/fi\/kuinka-tietaa-onko-latauspisteeni-kytketty-internetiin\/\",\"url\":\"https:\/\/v2charge.com\/fi\/kuinka-tietaa-onko-latauspisteeni-kytketty-internetiin\/\",\"name\":\"Kuinka tiet\u00e4\u00e4, onko V2C-laturisi kytketty Internetiin | V2C\",\"isPartOf\":{\"@id\":\"https:\/\/v2charge.com\/fi\/#website\"},\"primaryImageOfPage\":{\"@id\":\"https:\/\/v2charge.com\/fi\/kuinka-tietaa-onko-latauspisteeni-kytketty-internetiin\/#primaryimage\"},\"image\":{\"@id\":\"https:\/\/v2charge.com\/fi\/kuinka-tietaa-onko-latauspisteeni-kytketty-internetiin\/#primaryimage\"},\"thumbnailUrl\":\"https:\/\/v2charge.com\/wp-content\/uploads\/2024\/07\/v2c-electric-chargers.jpg\",\"datePublished\":\"2022-01-04T08:39:56+00:00\",\"dateModified\":\"2025-11-27T13:56:43+00:00\",\"description\":\"Selit\u00e4mme, kuinka voit tarkistaa, onko V2C-latauspisteesi kytketty Internetiin V2C Cloud -sovelluksen tai tietokoneesi kautta.\",\"breadcrumb\":{\"@id\":\"https:\/\/v2charge.com\/fi\/kuinka-tietaa-onko-latauspisteeni-kytketty-internetiin\/#breadcrumb\"},\"inLanguage\":\"fi\",\"potentialAction\":[{\"@type\":\"ReadAction\",\"target\":[\"https:\/\/v2charge.com\/fi\/kuinka-tietaa-onko-latauspisteeni-kytketty-internetiin\/\"]}]},{\"@type\":\"ImageObject\",\"inLanguage\":\"fi\",\"@id\":\"https:\/\/v2charge.com\/fi\/kuinka-tietaa-onko-latauspisteeni-kytketty-internetiin\/#primaryimage\",\"url\":\"https:\/\/v2charge.com\/wp-content\/uploads\/2024\/07\/v2c-electric-chargers.jpg\",\"contentUrl\":\"https:\/\/v2charge.com\/wp-content\/uploads\/2024\/07\/v2c-electric-chargers.jpg\",\"width\":1200,\"height\":675,\"caption\":\"V2C Electric Chargers\"},{\"@type\":\"BreadcrumbList\",\"@id\":\"https:\/\/v2charge.com\/fi\/kuinka-tietaa-onko-latauspisteeni-kytketty-internetiin\/#breadcrumb\",\"itemListElement\":[{\"@type\":\"ListItem\",\"position\":1,\"name\":\"V2C\",\"item\":\"https:\/\/v2charge.com\/fi\/\"},{\"@type\":\"ListItem\",\"position\":2,\"name\":\"Kuinka tiet\u00e4\u00e4, onko latauspisteeni kytketty Internetiin?\"}]},{\"@type\":\"WebSite\",\"@id\":\"https:\/\/v2charge.com\/fi\/#website\",\"url\":\"https:\/\/v2charge.com\/fi\/\",\"name\":\"V2C\",\"description\":\"#CargandoElMa\u00f1ana\",\"publisher\":{\"@id\":\"https:\/\/v2charge.com\/fi\/#organization\"},\"potentialAction\":[{\"@type\":\"SearchAction\",\"target\":{\"@type\":\"EntryPoint\",\"urlTemplate\":\"https:\/\/v2charge.com\/fi\/?s={search_term_string}\"},\"query-input\":{\"@type\":\"PropertyValueSpecification\",\"valueRequired\":true,\"valueName\":\"search_term_string\"}}],\"inLanguage\":\"fi\"},{\"@type\":\"Organization\",\"@id\":\"https:\/\/v2charge.com\/fi\/#organization\",\"name\":\"V2C\",\"url\":\"https:\/\/v2charge.com\/fi\/\",\"logo\":{\"@type\":\"ImageObject\",\"inLanguage\":\"fi\",\"@id\":\"https:\/\/v2charge.com\/fi\/#\/schema\/logo\/image\/\",\"url\":\"https:\/\/v2charge.com\/wp-content\/uploads\/2024\/11\/cropped-v2c-charge-logo-menu.png\",\"contentUrl\":\"https:\/\/v2charge.com\/wp-content\/uploads\/2024\/11\/cropped-v2c-charge-logo-menu.png\",\"width\":984,\"height\":431,\"caption\":\"V2C\"},\"image\":{\"@id\":\"https:\/\/v2charge.com\/fi\/#\/schema\/logo\/image\/\"},\"sameAs\":[\"https:\/\/www.facebook.com\/V2C.Charge\",\"https:\/\/x.com\/V2C_Charge\",\"https:\/\/www.instagram.com\/v2c.charge\/\",\"https:\/\/www.youtube.com\/@V2C\",\"https:\/\/www.linkedin.com\/company\/v2c-chargers\/\"]}]}<\/script>\n<!-- \/ Yoast SEO plugin. -->","yoast_head_json":{"title":"Kuinka tiet\u00e4\u00e4, onko V2C-laturisi kytketty Internetiin | V2C","description":"Selit\u00e4mme, kuinka voit tarkistaa, onko V2C-latauspisteesi kytketty Internetiin V2C Cloud -sovelluksen tai tietokoneesi kautta.","robots":{"index":"index","follow":"follow","max-snippet":"max-snippet:-1","max-image-preview":"max-image-preview:large","max-video-preview":"max-video-preview:-1"},"canonical":"https:\/\/v2charge.com\/fi\/kuinka-tietaa-onko-latauspisteeni-kytketty-internetiin\/","og_locale":"fi_FI","og_type":"article","og_title":"Kuinka tiet\u00e4\u00e4, onko V2C-laturisi kytketty Internetiin | V2C","og_description":"Selit\u00e4mme, kuinka voit tarkistaa, onko V2C-latauspisteesi kytketty Internetiin V2C Cloud -sovelluksen tai tietokoneesi kautta.","og_url":"https:\/\/v2charge.com\/fi\/kuinka-tietaa-onko-latauspisteeni-kytketty-internetiin\/","og_site_name":"V2C","article_publisher":"https:\/\/www.facebook.com\/V2C.Charge","article_modified_time":"2025-11-27T13:56:43+00:00","og_image":[{"width":1200,"height":675,"url":"https:\/\/v2charge.com\/wp-content\/uploads\/2024\/07\/v2c-electric-chargers.jpg","type":"image\/jpeg"}],"twitter_card":"summary_large_image","twitter_site":"@V2C_Charge","twitter_misc":{"Arvioitu lukuaika":"2 minuuttia"},"schema":{"@context":"https:\/\/schema.org","@graph":[{"@type":"WebPage","@id":"https:\/\/v2charge.com\/fi\/kuinka-tietaa-onko-latauspisteeni-kytketty-internetiin\/","url":"https:\/\/v2charge.com\/fi\/kuinka-tietaa-onko-latauspisteeni-kytketty-internetiin\/","name":"Kuinka tiet\u00e4\u00e4, onko V2C-laturisi kytketty Internetiin | V2C","isPartOf":{"@id":"https:\/\/v2charge.com\/fi\/#website"},"primaryImageOfPage":{"@id":"https:\/\/v2charge.com\/fi\/kuinka-tietaa-onko-latauspisteeni-kytketty-internetiin\/#primaryimage"},"image":{"@id":"https:\/\/v2charge.com\/fi\/kuinka-tietaa-onko-latauspisteeni-kytketty-internetiin\/#primaryimage"},"thumbnailUrl":"https:\/\/v2charge.com\/wp-content\/uploads\/2024\/07\/v2c-electric-chargers.jpg","datePublished":"2022-01-04T08:39:56+00:00","dateModified":"2025-11-27T13:56:43+00:00","description":"Selit\u00e4mme, kuinka voit tarkistaa, onko V2C-latauspisteesi kytketty Internetiin V2C Cloud -sovelluksen tai tietokoneesi kautta.","breadcrumb":{"@id":"https:\/\/v2charge.com\/fi\/kuinka-tietaa-onko-latauspisteeni-kytketty-internetiin\/#breadcrumb"},"inLanguage":"fi","potentialAction":[{"@type":"ReadAction","target":["https:\/\/v2charge.com\/fi\/kuinka-tietaa-onko-latauspisteeni-kytketty-internetiin\/"]}]},{"@type":"ImageObject","inLanguage":"fi","@id":"https:\/\/v2charge.com\/fi\/kuinka-tietaa-onko-latauspisteeni-kytketty-internetiin\/#primaryimage","url":"https:\/\/v2charge.com\/wp-content\/uploads\/2024\/07\/v2c-electric-chargers.jpg","contentUrl":"https:\/\/v2charge.com\/wp-content\/uploads\/2024\/07\/v2c-electric-chargers.jpg","width":1200,"height":675,"caption":"V2C Electric Chargers"},{"@type":"BreadcrumbList","@id":"https:\/\/v2charge.com\/fi\/kuinka-tietaa-onko-latauspisteeni-kytketty-internetiin\/#breadcrumb","itemListElement":[{"@type":"ListItem","position":1,"name":"V2C","item":"https:\/\/v2charge.com\/fi\/"},{"@type":"ListItem","position":2,"name":"Kuinka tiet\u00e4\u00e4, onko latauspisteeni kytketty Internetiin?"}]},{"@type":"WebSite","@id":"https:\/\/v2charge.com\/fi\/#website","url":"https:\/\/v2charge.com\/fi\/","name":"V2C","description":"#CargandoElMa\u00f1ana","publisher":{"@id":"https:\/\/v2charge.com\/fi\/#organization"},"potentialAction":[{"@type":"SearchAction","target":{"@type":"EntryPoint","urlTemplate":"https:\/\/v2charge.com\/fi\/?s={search_term_string}"},"query-input":{"@type":"PropertyValueSpecification","valueRequired":true,"valueName":"search_term_string"}}],"inLanguage":"fi"},{"@type":"Organization","@id":"https:\/\/v2charge.com\/fi\/#organization","name":"V2C","url":"https:\/\/v2charge.com\/fi\/","logo":{"@type":"ImageObject","inLanguage":"fi","@id":"https:\/\/v2charge.com\/fi\/#\/schema\/logo\/image\/","url":"https:\/\/v2charge.com\/wp-content\/uploads\/2024\/11\/cropped-v2c-charge-logo-menu.png","contentUrl":"https:\/\/v2charge.com\/wp-content\/uploads\/2024\/11\/cropped-v2c-charge-logo-menu.png","width":984,"height":431,"caption":"V2C"},"image":{"@id":"https:\/\/v2charge.com\/fi\/#\/schema\/logo\/image\/"},"sameAs":["https:\/\/www.facebook.com\/V2C.Charge","https:\/\/x.com\/V2C_Charge","https:\/\/www.instagram.com\/v2c.charge\/","https:\/\/www.youtube.com\/@V2C","https:\/\/www.linkedin.com\/company\/v2c-chargers\/"]}]}},"uagb_featured_image_src":{"full":["https:\/\/v2charge.com\/wp-content\/uploads\/2024\/07\/v2c-electric-chargers.jpg",1200,675,false],"thumbnail":["https:\/\/v2charge.com\/wp-content\/uploads\/2024\/07\/v2c-electric-chargers-150x150.jpg",150,150,true],"medium":["https:\/\/v2charge.com\/wp-content\/uploads\/2024\/07\/v2c-electric-chargers-300x169.jpg",300,169,true],"medium_large":["https:\/\/v2charge.com\/wp-content\/uploads\/2024\/07\/v2c-electric-chargers-768x432.jpg",768,432,true],"large":["https:\/\/v2charge.com\/wp-content\/uploads\/2024\/07\/v2c-electric-chargers-1024x576.jpg",1024,576,true],"gs-tiny":["https:\/\/v2charge.com\/wp-content\/uploads\/2024\/07\/v2c-electric-chargers.jpg",50,28,false],"xl":["https:\/\/v2charge.com\/wp-content\/uploads\/2024\/07\/v2c-electric-chargers.jpg",1200,675,false],"xxl":["https:\/\/v2charge.com\/wp-content\/uploads\/2024\/07\/v2c-electric-chargers.jpg",1200,675,false],"xxxl":["https:\/\/v2charge.com\/wp-content\/uploads\/2024\/07\/v2c-electric-chargers.jpg",1200,675,false],"xxxxl":["https:\/\/v2charge.com\/wp-content\/uploads\/2024\/07\/v2c-electric-chargers.jpg",1200,675,false],"xxxxxl":["https:\/\/v2charge.com\/wp-content\/uploads\/2024\/07\/v2c-electric-chargers.jpg",1200,675,false],"1536x1536":["https:\/\/v2charge.com\/wp-content\/uploads\/2024\/07\/v2c-electric-chargers.jpg",1200,675,false],"2048x2048":["https:\/\/v2charge.com\/wp-content\/uploads\/2024\/07\/v2c-electric-chargers.jpg",1200,675,false]},"uagb_author_info":{"display_name":"V2C","author_link":"https:\/\/v2charge.com\/fi\/author\/root_k4eu7ki8\/"},"uagb_comment_info":0,"uagb_excerpt":"WiFi-yhteys Riippuen k\u00e4yt\u00f6ss\u00e4si olevasta e-Chargerista prosessi tapahtuu eri tavalla. Kaikilla on kuitenkin yhteist\u00e4, ett\u00e4 WiFi-yhteyden muodostamiseksi on tarpeen tehd\u00e4 se V2C Cloud -mobiilisovelluksen kautta ja olla vakaa yhteys.Yhteys latauspisteen ja sovelluksen v\u00e4lill\u00e4 muodostuu Bluetoothin kautta, joten puhelimesi Bluetooth-signaalin on oltava aktiivinen ja sinun on oltava muutaman metrin p\u00e4\u00e4ss\u00e4 e-Chargerista.* Jos haluamaasi verkkoa ei n\u00e4y luettelossa,&hellip;","_links":{"self":[{"href":"https:\/\/v2charge.com\/fi\/wp-json\/wp\/v2\/pages\/311397","targetHints":{"allow":["GET"]}}],"collection":[{"href":"https:\/\/v2charge.com\/fi\/wp-json\/wp\/v2\/pages"}],"about":[{"href":"https:\/\/v2charge.com\/fi\/wp-json\/wp\/v2\/types\/page"}],"author":[{"embeddable":true,"href":"https:\/\/v2charge.com\/fi\/wp-json\/wp\/v2\/users\/1"}],"replies":[{"embeddable":true,"href":"https:\/\/v2charge.com\/fi\/wp-json\/wp\/v2\/comments?post=311397"}],"version-history":[{"count":0,"href":"https:\/\/v2charge.com\/fi\/wp-json\/wp\/v2\/pages\/311397\/revisions"}],"wp:featuredmedia":[{"embeddable":true,"href":"https:\/\/v2charge.com\/fi\/wp-json\/wp\/v2\/media\/170346"}],"wp:attachment":[{"href":"https:\/\/v2charge.com\/fi\/wp-json\/wp\/v2\/media?parent=311397"}],"curies":[{"name":"wp","href":"https:\/\/api.w.org\/{rel}","templated":true}]}}