{"id":311402,"date":"2022-01-24T22:41:04","date_gmt":"2022-01-24T22:41:04","guid":{"rendered":""},"modified":"2026-01-09T17:53:46","modified_gmt":"2026-01-09T15:53:46","slug":"miten-saan-token-tunnukseni-kaytettavaksi-pilven-api-rest","status":"publish","type":"page","link":"https:\/\/v2charge.com\/fi\/tukialue\/v2c-cloud-tuki\/miten-saan-token-tunnukseni-kaytettavaksi-pilven-api-rest\/","title":{"rendered":"Miten saan Token-tunnukseni k\u00e4ytett\u00e4v\u00e4ksi pilven API Rest -rajapinnassa?"},"content":{"rendered":"\n<div style=\"height:60px\" aria-hidden=\"true\" class=\"wp-block-spacer\"><\/div>\n\n\n\n<div class=\"wp-block-uagb-container uagb-block-173ce3d2 alignfull uagb-is-root-container\"><div class=\"uagb-container-inner-blocks-wrap\">\n<div class=\"wp-block-uagb-container uagb-block-adf624a3\"><div class=\"yoast-breadcrumbs\"><span><span><a href=\"https:\/\/v2charge.com\/fi\/\">V2C<\/a><\/span> \u00bb <span class=\"breadcrumb_last\" aria-current=\"page\">Miten saan Token-tunnukseni k\u00e4ytett\u00e4v\u00e4ksi pilven API Rest -rajapinnassa?<\/span><\/span><\/div><\/div>\n\n\n<div class=\"wp-block-uagb-advanced-heading uagb-block-cad85ca1\"><h1 class=\"uagb-heading-text\">Miten saan Token-tunnukseni k\u00e4ytett\u00e4v\u00e4ksi pilven API Rest -rajapinnassa?<\/h1><\/div>\n\n<p>REST API, tai RESTful API, on <strong>sovellusohjelmointirajapinta<\/strong> (API tai verkkosovellusrajapinta), joka noudattaa REST-arkkitehtuurin rajoja ja mahdollistaa vuorovaikutuksen RESTful-verkkopalveluiden kanssa.<br><br>API:n avulla voit <strong>k\u00e4ytt\u00e4\u00e4 e-Chargeria itse luomiesi sovellusten\/palveluiden kautta<\/strong> ilman tarvetta k\u00e4ytt\u00e4\u00e4 virallisia sovelluksia. Se mahdollistaa automaatioiden tai mielenkiintoisten palveluiden luomisen latauslaitteissamme ohjelmoinnin avulla.<br><br>Lis\u00e4tietoja saat&nbsp;<a href=\"https:\/\/api.v2charge.com\/\" target=\"_blank\" rel=\"noreferrer noopener\">API Rest Cloud -dokumentaatiosta<\/a>.<br><\/p>\n\n\n<div class=\"wp-block-uagb-container uagb-block-65029332\">\n<div class=\"wp-block-uagb-slider uagb-block-3b42e577 uagb-slider-container\"><div class=\"uagb-slides uagb-swiper\"><div class=\"swiper-wrapper\">\n<div class=\"wp-block-uagb-slider-child uagb-slider-child-wrap swiper-slide uagb-block-4cae72c6\"><div class=\"swiper-content\">\n<div class=\"wp-block-uagb-container uagb-block-ad496432\"><div class=\"wp-block-uagb-info-box uagb-block-95d92034 uagb-infobox__content-wrap  uagb-infobox-icon-above-title uagb-infobox-image-valign-top\"><div class=\"uagb-ifb-content\"><div class=\"uagb-ifb-image-content\"><img decoding=\"async\" src=\"https:\/\/v2charge.com\/wp-content\/uploads\/2023\/11\/numero-uno.png\" alt=\"\" width=\"30\" height=\"30\" loading=\"lazy\"\/><\/div><div class=\"uagb-ifb-title-wrap\"><\/div><p class=\"uagb-ifb-desc\">Kirjaudu sis\u00e4\u00e4n alustalle <a href=\"https:\/\/www.v2c.cloud\/\">v2c.cloud<\/a> ja napsauta &#8217;K\u00e4ytt\u00e4j\u00e4&#8217;, joka sijaitsee vasemmassa yl\u00e4kulmassa<\/p><\/div><\/div>\n\n\n<div class=\"wp-block-uagb-image aligncenter uagb-block-5929cf85 wp-block-uagb-image--layout-default wp-block-uagb-image--effect-static wp-block-uagb-image--align-center\"><figure class=\"wp-block-uagb-image__figure\"><img decoding=\"async\" srcset=\"https:\/\/v2charge.com\/wp-content\/uploads\/2025\/10\/usuario-web.png ,https:\/\/v2charge.com\/wp-content\/uploads\/2025\/10\/usuario-web.png 780w, https:\/\/v2charge.com\/wp-content\/uploads\/2025\/10\/usuario-web.png 360w\" sizes=\"auto, (max-width: 480px) 150px\" src=\"https:\/\/v2charge.com\/wp-content\/uploads\/2025\/10\/usuario-web.png\" alt=\"\" class=\"uag-image-265294\" width=\"800\" height=\"470\" title=\"usuario-web\" loading=\"lazy\" role=\"img\"\/><\/figure><\/div>\n<\/div>\n<\/div><\/div>\n\n\n\n<div class=\"wp-block-uagb-slider-child uagb-slider-child-wrap swiper-slide uagb-block-87ab5b82\"><div class=\"swiper-content\">\n<div class=\"wp-block-uagb-container uagb-block-8fda0342\"><div class=\"wp-block-uagb-info-box uagb-block-68437ed9 uagb-infobox__content-wrap  uagb-infobox-icon-above-title uagb-infobox-image-valign-top\"><div class=\"uagb-ifb-content\"><div class=\"uagb-ifb-image-content\"><img decoding=\"async\" src=\"https:\/\/v2charge.com\/wp-content\/uploads\/2023\/11\/numero-dos.png\" alt=\"\" width=\"30\" height=\"30\" loading=\"lazy\"\/><\/div><div class=\"uagb-ifb-title-wrap\"><\/div><p class=\"uagb-ifb-desc\">Napsauta valikosta kohtaa &#8217;API&#8217;<\/p><\/div><\/div>\n\n\n<div class=\"wp-block-uagb-image aligncenter uagb-block-aedf30c6 wp-block-uagb-image--layout-default wp-block-uagb-image--effect-static wp-block-uagb-image--align-center\"><figure class=\"wp-block-uagb-image__figure\"><img decoding=\"async\" srcset=\"https:\/\/v2charge.com\/wp-content\/uploads\/2025\/10\/api-web.png ,https:\/\/v2charge.com\/wp-content\/uploads\/2025\/10\/api-web.png 780w, https:\/\/v2charge.com\/wp-content\/uploads\/2025\/10\/api-web.png 360w\" sizes=\"auto, (max-width: 480px) 150px\" src=\"https:\/\/v2charge.com\/wp-content\/uploads\/2025\/10\/api-web.png\" alt=\"\" class=\"uag-image-265305\" width=\"800\" height=\"470\" title=\"api-web\" loading=\"lazy\" role=\"img\"\/><\/figure><\/div>\n<\/div>\n<\/div><\/div>\n\n\n\n<div class=\"wp-block-uagb-slider-child uagb-slider-child-wrap swiper-slide uagb-block-ea46eed7\"><div class=\"swiper-content\">\n<div class=\"wp-block-uagb-container uagb-block-020e2cb0\"><div class=\"wp-block-uagb-info-box uagb-block-37093105 uagb-infobox__content-wrap  uagb-infobox-icon-above-title uagb-infobox-image-valign-top\"><div class=\"uagb-ifb-content\"><div class=\"uagb-ifb-image-content\"><img decoding=\"async\" src=\"https:\/\/v2charge.com\/wp-content\/uploads\/2023\/11\/numero-tres.png\" alt=\"\" width=\"30\" height=\"30\" loading=\"lazy\"\/><\/div><div class=\"uagb-ifb-title-wrap\"><\/div><p class=\"uagb-ifb-desc\">Napsauta &#8217;Hanki token&#8217; -painiketta<\/p><\/div><\/div>\n\n\n<div class=\"wp-block-uagb-image aligncenter uagb-block-b47ca29e wp-block-uagb-image--layout-default wp-block-uagb-image--effect-static wp-block-uagb-image--align-center\"><figure class=\"wp-block-uagb-image__figure\"><img decoding=\"async\" srcset=\"https:\/\/v2charge.com\/wp-content\/uploads\/2025\/10\/obtener-token.png ,https:\/\/v2charge.com\/wp-content\/uploads\/2025\/10\/obtener-token.png 780w, https:\/\/v2charge.com\/wp-content\/uploads\/2025\/10\/obtener-token.png 360w\" sizes=\"auto, (max-width: 480px) 150px\" src=\"https:\/\/v2charge.com\/wp-content\/uploads\/2025\/10\/obtener-token.png\" alt=\"\" class=\"uag-image-265316\" width=\"800\" height=\"470\" title=\"obtener-token\" loading=\"lazy\" role=\"img\"\/><\/figure><\/div>\n<\/div>\n<\/div><\/div>\n<\/div><\/div><div class=\"swiper-pagination\"><\/div><div class=\"swiper-button-prev\"><\/div><div class=\"swiper-button-next\"><\/div><\/div>\n<\/div>\n\n\n\n<div style=\"height:40px\" aria-hidden=\"true\" class=\"wp-block-spacer\"><\/div>\n<\/div><\/div>\n\n\n\n<div class=\"wp-block-uagb-container uagb-block-c6f38013 alignfull uagb-is-root-container\"><div class=\"uagb-container-inner-blocks-wrap\"><div class=\"wp-block-uagb-advanced-heading uagb-block-6963d70c\"><h2 class=\"uagb-heading-text\"><strong>Tarvitsetko teknist\u00e4 tukea?<\/strong><\/h2><\/div>\n\n<div class=\"wp-block-uagb-advanced-heading uagb-block-408243eb\"><p class=\"uagb-heading-text\">Ratkaise ongelmasi heti IA-chatimme kautta. Jos ongelma ei ratkea, luo pyynt\u00f6 Tekniseen Tukikeskukseen, ja otamme sinuun yhteytt\u00e4 mahdollisimman pian tarjotaksemme parhaan ratkaisun.<\/p><\/div>\n\n<div class=\"wp-block-uagb-info-box uagb-block-12e3cf1c uagb-infobox__content-wrap  uagb-infobox-icon-left uagb-infobox-left uagb-infobox-image-valign-top wp-block-uagb-info-box--has-margin ai-chatbot-button\"><div class=\"uagb-infobox-margin-wrapper\"><div class=\"uagb-ifb-image-content\"><img decoding=\"async\" src=\"https:\/\/v2charge.com\/wp-content\/uploads\/2026\/01\/support-ai-chatbot.png\" alt=\"\" width=\"20\" height=\"19\" loading=\"lazy\"\/><\/div><div class=\"uagb-ifb-content\"><div class=\"uagb-ifb-title-wrap\"><\/div><div class=\"uagb-ifb-button-wrapper wp-block-button\"><a href=\"https:\/\/v2charge.com\/v2c-support-web\/\" class=\"uagb-infobox-cta-link wp-block-button__link\" target=\"_blank\" rel=\"noopener noreferrer\" onclick=\"return true;\"><span class=\"uagb-inline-editing\">Kysy AI-chatbotiltamme<\/span><\/a><\/div><\/div><\/div><\/div>\n\n\n<div class=\"wp-block-uagb-buttons uagb-buttons__outer-wrap uagb-btn__default-btn uagb-btn-tablet__default-btn uagb-btn-mobile__default-btn uagb-block-ba1e67d1\"><div class=\"uagb-buttons__wrap uagb-buttons-layout-wrap \"><div class=\"wp-block-uagb-buttons-child uagb-buttons__outer-wrap uagb-block-23cfb623 wp-block-button\"><div class=\"uagb-button__wrapper\"><a class=\"uagb-buttons-repeater wp-block-button__link\" aria-label=\"\" href=\"https:\/\/v2charge.atlassian.net\/servicedesk\/customer\/portal\/3\" rel=\"follow noopener\" target=\"_blank\" role=\"button\"><div class=\"uagb-button__link\">Ota yhteytt\u00e4 tekniseen tukeen<\/div><\/a><\/div><\/div><\/div><\/div>\n<\/div><\/div>\n","protected":false},"excerpt":{"rendered":"<p>Miten saan Token-tunnukseni k\u00e4ytett\u00e4v\u00e4ksi pilven API Rest -rajapinnassa? REST API, tai RESTful API, on sovellusohjelmointirajapinta (API tai verkkosovellusrajapinta), joka noudattaa REST-arkkitehtuurin rajoja ja mahdollistaa vuorovaikutuksen RESTful-verkkopalveluiden kanssa. API:n avulla voit k\u00e4ytt\u00e4\u00e4 e-Chargeria itse luomiesi sovellusten\/palveluiden kautta ilman tarvetta k\u00e4ytt\u00e4\u00e4 virallisia sovelluksia. Se mahdollistaa automaatioiden tai mielenkiintoisten palveluiden luomisen latauslaitteissamme ohjelmoinnin avulla. Lis\u00e4tietoja saat&nbsp;API Rest Cloud &#8230; <a title=\"Miten saan Token-tunnukseni k\u00e4ytett\u00e4v\u00e4ksi pilven API Rest -rajapinnassa?\" class=\"read-more\" href=\"https:\/\/v2charge.com\/fi\/tukialue\/v2c-cloud-tuki\/miten-saan-token-tunnukseni-kaytettavaksi-pilven-api-rest\/\" aria-label=\"Lue lis\u00e4\u00e4 aiheesta Miten saan Token-tunnukseni k\u00e4ytett\u00e4v\u00e4ksi pilven API Rest -rajapinnassa?\">Lue lis\u00e4\u00e4<\/a><\/p>\n","protected":false},"author":1,"featured_media":170346,"parent":311415,"menu_order":0,"comment_status":"closed","ping_status":"closed","template":"","meta":{"_eb_attr":"","content-type":"","_uag_custom_page_level_css":"","footnotes":""},"class_list":["post-311402","page","type-page","status-publish","has-post-thumbnail"],"yoast_head":"<!-- This site is optimized with the Yoast SEO plugin v25.3.1 - https:\/\/yoast.com\/wordpress\/plugins\/seo\/ -->\n<title>Miten saan Token-tunnukseni k\u00e4ytett\u00e4v\u00e4ksi pilven API Rest -rajapinnassa? - V2C<\/title>\n<meta name=\"description\" content=\"API:n avulla voit k\u00e4ytt\u00e4\u00e4 latauspistett\u00e4 itse luomiesi sovellusten\/palveluiden kautta ilman tarvetta k\u00e4ytt\u00e4\u00e4 virallisia sovelluksia. N\u00e4in se saadaan.\" \/>\n<meta name=\"robots\" content=\"index, follow, max-snippet:-1, max-image-preview:large, max-video-preview:-1\" \/>\n<link rel=\"canonical\" href=\"https:\/\/v2charge.com\/fi\/tukialue\/v2c-cloud-tuki\/miten-saan-token-tunnukseni-kaytettavaksi-pilven-api-rest\/\" \/>\n<meta property=\"og:locale\" content=\"fi_FI\" \/>\n<meta property=\"og:type\" content=\"article\" \/>\n<meta property=\"og:title\" content=\"Miten saan Token-tunnukseni k\u00e4ytett\u00e4v\u00e4ksi pilven API Rest -rajapinnassa? - V2C\" \/>\n<meta property=\"og:description\" content=\"API:n avulla voit k\u00e4ytt\u00e4\u00e4 latauspistett\u00e4 itse luomiesi sovellusten\/palveluiden kautta ilman tarvetta k\u00e4ytt\u00e4\u00e4 virallisia sovelluksia. N\u00e4in se saadaan.\" \/>\n<meta property=\"og:url\" content=\"https:\/\/v2charge.com\/fi\/tukialue\/v2c-cloud-tuki\/miten-saan-token-tunnukseni-kaytettavaksi-pilven-api-rest\/\" \/>\n<meta property=\"og:site_name\" content=\"V2C\" \/>\n<meta property=\"article:publisher\" content=\"https:\/\/www.facebook.com\/V2C.Charge\" \/>\n<meta property=\"article:modified_time\" content=\"2026-01-09T15:53:46+00:00\" \/>\n<meta property=\"og:image\" content=\"https:\/\/v2charge.com\/wp-content\/uploads\/2024\/07\/v2c-electric-chargers.jpg\" \/>\n\t<meta property=\"og:image:width\" content=\"1200\" \/>\n\t<meta property=\"og:image:height\" content=\"675\" \/>\n\t<meta property=\"og:image:type\" content=\"image\/jpeg\" \/>\n<meta name=\"twitter:card\" content=\"summary_large_image\" \/>\n<meta name=\"twitter:site\" content=\"@V2C_Charge\" \/>\n<meta name=\"twitter:label1\" content=\"Arvioitu lukuaika\" \/>\n\t<meta name=\"twitter:data1\" content=\"2 minuuttia\" \/>\n<script type=\"application\/ld+json\" class=\"yoast-schema-graph\">{\"@context\":\"https:\/\/schema.org\",\"@graph\":[{\"@type\":\"WebPage\",\"@id\":\"https:\/\/v2charge.com\/fi\/tukialue\/v2c-cloud-tuki\/miten-saan-token-tunnukseni-kaytettavaksi-pilven-api-rest\/\",\"url\":\"https:\/\/v2charge.com\/fi\/tukialue\/v2c-cloud-tuki\/miten-saan-token-tunnukseni-kaytettavaksi-pilven-api-rest\/\",\"name\":\"Miten saan Token-tunnukseni k\u00e4ytett\u00e4v\u00e4ksi pilven API Rest -rajapinnassa? - V2C\",\"isPartOf\":{\"@id\":\"https:\/\/v2charge.com\/fi\/#website\"},\"primaryImageOfPage\":{\"@id\":\"https:\/\/v2charge.com\/fi\/tukialue\/v2c-cloud-tuki\/miten-saan-token-tunnukseni-kaytettavaksi-pilven-api-rest\/#primaryimage\"},\"image\":{\"@id\":\"https:\/\/v2charge.com\/fi\/tukialue\/v2c-cloud-tuki\/miten-saan-token-tunnukseni-kaytettavaksi-pilven-api-rest\/#primaryimage\"},\"thumbnailUrl\":\"https:\/\/v2charge.com\/wp-content\/uploads\/2024\/07\/v2c-electric-chargers.jpg\",\"datePublished\":\"2022-01-24T22:41:04+00:00\",\"dateModified\":\"2026-01-09T15:53:46+00:00\",\"description\":\"API:n avulla voit k\u00e4ytt\u00e4\u00e4 latauspistett\u00e4 itse luomiesi sovellusten\/palveluiden kautta ilman tarvetta k\u00e4ytt\u00e4\u00e4 virallisia sovelluksia. N\u00e4in se saadaan.\",\"breadcrumb\":{\"@id\":\"https:\/\/v2charge.com\/fi\/tukialue\/v2c-cloud-tuki\/miten-saan-token-tunnukseni-kaytettavaksi-pilven-api-rest\/#breadcrumb\"},\"inLanguage\":\"fi\",\"potentialAction\":[{\"@type\":\"ReadAction\",\"target\":[\"https:\/\/v2charge.com\/fi\/tukialue\/v2c-cloud-tuki\/miten-saan-token-tunnukseni-kaytettavaksi-pilven-api-rest\/\"]}]},{\"@type\":\"ImageObject\",\"inLanguage\":\"fi\",\"@id\":\"https:\/\/v2charge.com\/fi\/tukialue\/v2c-cloud-tuki\/miten-saan-token-tunnukseni-kaytettavaksi-pilven-api-rest\/#primaryimage\",\"url\":\"https:\/\/v2charge.com\/wp-content\/uploads\/2024\/07\/v2c-electric-chargers.jpg\",\"contentUrl\":\"https:\/\/v2charge.com\/wp-content\/uploads\/2024\/07\/v2c-electric-chargers.jpg\",\"width\":1200,\"height\":675,\"caption\":\"V2C Electric Chargers\"},{\"@type\":\"BreadcrumbList\",\"@id\":\"https:\/\/v2charge.com\/fi\/tukialue\/v2c-cloud-tuki\/miten-saan-token-tunnukseni-kaytettavaksi-pilven-api-rest\/#breadcrumb\",\"itemListElement\":[{\"@type\":\"ListItem\",\"position\":1,\"name\":\"V2C\",\"item\":\"https:\/\/v2charge.com\/fi\/\"},{\"@type\":\"ListItem\",\"position\":2,\"name\":\"Miten saan Token-tunnukseni k\u00e4ytett\u00e4v\u00e4ksi pilven API Rest -rajapinnassa?\"}]},{\"@type\":\"WebSite\",\"@id\":\"https:\/\/v2charge.com\/fi\/#website\",\"url\":\"https:\/\/v2charge.com\/fi\/\",\"name\":\"V2C\",\"description\":\"#CargandoElMa\u00f1ana\",\"publisher\":{\"@id\":\"https:\/\/v2charge.com\/fi\/#organization\"},\"potentialAction\":[{\"@type\":\"SearchAction\",\"target\":{\"@type\":\"EntryPoint\",\"urlTemplate\":\"https:\/\/v2charge.com\/fi\/?s={search_term_string}\"},\"query-input\":{\"@type\":\"PropertyValueSpecification\",\"valueRequired\":true,\"valueName\":\"search_term_string\"}}],\"inLanguage\":\"fi\"},{\"@type\":\"Organization\",\"@id\":\"https:\/\/v2charge.com\/fi\/#organization\",\"name\":\"V2C\",\"url\":\"https:\/\/v2charge.com\/fi\/\",\"logo\":{\"@type\":\"ImageObject\",\"inLanguage\":\"fi\",\"@id\":\"https:\/\/v2charge.com\/fi\/#\/schema\/logo\/image\/\",\"url\":\"https:\/\/v2charge.com\/wp-content\/uploads\/2024\/11\/cropped-v2c-charge-logo-menu.png\",\"contentUrl\":\"https:\/\/v2charge.com\/wp-content\/uploads\/2024\/11\/cropped-v2c-charge-logo-menu.png\",\"width\":984,\"height\":431,\"caption\":\"V2C\"},\"image\":{\"@id\":\"https:\/\/v2charge.com\/fi\/#\/schema\/logo\/image\/\"},\"sameAs\":[\"https:\/\/www.facebook.com\/V2C.Charge\",\"https:\/\/x.com\/V2C_Charge\",\"https:\/\/www.instagram.com\/v2c.charge\/\",\"https:\/\/www.youtube.com\/@V2C\",\"https:\/\/www.linkedin.com\/company\/v2c-chargers\/\"]}]}<\/script>\n<!-- \/ Yoast SEO plugin. -->","yoast_head_json":{"title":"Miten saan Token-tunnukseni k\u00e4ytett\u00e4v\u00e4ksi pilven API Rest -rajapinnassa? - V2C","description":"API:n avulla voit k\u00e4ytt\u00e4\u00e4 latauspistett\u00e4 itse luomiesi sovellusten\/palveluiden kautta ilman tarvetta k\u00e4ytt\u00e4\u00e4 virallisia sovelluksia. N\u00e4in se saadaan.","robots":{"index":"index","follow":"follow","max-snippet":"max-snippet:-1","max-image-preview":"max-image-preview:large","max-video-preview":"max-video-preview:-1"},"canonical":"https:\/\/v2charge.com\/fi\/tukialue\/v2c-cloud-tuki\/miten-saan-token-tunnukseni-kaytettavaksi-pilven-api-rest\/","og_locale":"fi_FI","og_type":"article","og_title":"Miten saan Token-tunnukseni k\u00e4ytett\u00e4v\u00e4ksi pilven API Rest -rajapinnassa? - V2C","og_description":"API:n avulla voit k\u00e4ytt\u00e4\u00e4 latauspistett\u00e4 itse luomiesi sovellusten\/palveluiden kautta ilman tarvetta k\u00e4ytt\u00e4\u00e4 virallisia sovelluksia. N\u00e4in se saadaan.","og_url":"https:\/\/v2charge.com\/fi\/tukialue\/v2c-cloud-tuki\/miten-saan-token-tunnukseni-kaytettavaksi-pilven-api-rest\/","og_site_name":"V2C","article_publisher":"https:\/\/www.facebook.com\/V2C.Charge","article_modified_time":"2026-01-09T15:53:46+00:00","og_image":[{"width":1200,"height":675,"url":"https:\/\/v2charge.com\/wp-content\/uploads\/2024\/07\/v2c-electric-chargers.jpg","type":"image\/jpeg"}],"twitter_card":"summary_large_image","twitter_site":"@V2C_Charge","twitter_misc":{"Arvioitu lukuaika":"2 minuuttia"},"schema":{"@context":"https:\/\/schema.org","@graph":[{"@type":"WebPage","@id":"https:\/\/v2charge.com\/fi\/tukialue\/v2c-cloud-tuki\/miten-saan-token-tunnukseni-kaytettavaksi-pilven-api-rest\/","url":"https:\/\/v2charge.com\/fi\/tukialue\/v2c-cloud-tuki\/miten-saan-token-tunnukseni-kaytettavaksi-pilven-api-rest\/","name":"Miten saan Token-tunnukseni k\u00e4ytett\u00e4v\u00e4ksi pilven API Rest -rajapinnassa? - V2C","isPartOf":{"@id":"https:\/\/v2charge.com\/fi\/#website"},"primaryImageOfPage":{"@id":"https:\/\/v2charge.com\/fi\/tukialue\/v2c-cloud-tuki\/miten-saan-token-tunnukseni-kaytettavaksi-pilven-api-rest\/#primaryimage"},"image":{"@id":"https:\/\/v2charge.com\/fi\/tukialue\/v2c-cloud-tuki\/miten-saan-token-tunnukseni-kaytettavaksi-pilven-api-rest\/#primaryimage"},"thumbnailUrl":"https:\/\/v2charge.com\/wp-content\/uploads\/2024\/07\/v2c-electric-chargers.jpg","datePublished":"2022-01-24T22:41:04+00:00","dateModified":"2026-01-09T15:53:46+00:00","description":"API:n avulla voit k\u00e4ytt\u00e4\u00e4 latauspistett\u00e4 itse luomiesi sovellusten\/palveluiden kautta ilman tarvetta k\u00e4ytt\u00e4\u00e4 virallisia sovelluksia. N\u00e4in se saadaan.","breadcrumb":{"@id":"https:\/\/v2charge.com\/fi\/tukialue\/v2c-cloud-tuki\/miten-saan-token-tunnukseni-kaytettavaksi-pilven-api-rest\/#breadcrumb"},"inLanguage":"fi","potentialAction":[{"@type":"ReadAction","target":["https:\/\/v2charge.com\/fi\/tukialue\/v2c-cloud-tuki\/miten-saan-token-tunnukseni-kaytettavaksi-pilven-api-rest\/"]}]},{"@type":"ImageObject","inLanguage":"fi","@id":"https:\/\/v2charge.com\/fi\/tukialue\/v2c-cloud-tuki\/miten-saan-token-tunnukseni-kaytettavaksi-pilven-api-rest\/#primaryimage","url":"https:\/\/v2charge.com\/wp-content\/uploads\/2024\/07\/v2c-electric-chargers.jpg","contentUrl":"https:\/\/v2charge.com\/wp-content\/uploads\/2024\/07\/v2c-electric-chargers.jpg","width":1200,"height":675,"caption":"V2C Electric Chargers"},{"@type":"BreadcrumbList","@id":"https:\/\/v2charge.com\/fi\/tukialue\/v2c-cloud-tuki\/miten-saan-token-tunnukseni-kaytettavaksi-pilven-api-rest\/#breadcrumb","itemListElement":[{"@type":"ListItem","position":1,"name":"V2C","item":"https:\/\/v2charge.com\/fi\/"},{"@type":"ListItem","position":2,"name":"Miten saan Token-tunnukseni k\u00e4ytett\u00e4v\u00e4ksi pilven API Rest -rajapinnassa?"}]},{"@type":"WebSite","@id":"https:\/\/v2charge.com\/fi\/#website","url":"https:\/\/v2charge.com\/fi\/","name":"V2C","description":"#CargandoElMa\u00f1ana","publisher":{"@id":"https:\/\/v2charge.com\/fi\/#organization"},"potentialAction":[{"@type":"SearchAction","target":{"@type":"EntryPoint","urlTemplate":"https:\/\/v2charge.com\/fi\/?s={search_term_string}"},"query-input":{"@type":"PropertyValueSpecification","valueRequired":true,"valueName":"search_term_string"}}],"inLanguage":"fi"},{"@type":"Organization","@id":"https:\/\/v2charge.com\/fi\/#organization","name":"V2C","url":"https:\/\/v2charge.com\/fi\/","logo":{"@type":"ImageObject","inLanguage":"fi","@id":"https:\/\/v2charge.com\/fi\/#\/schema\/logo\/image\/","url":"https:\/\/v2charge.com\/wp-content\/uploads\/2024\/11\/cropped-v2c-charge-logo-menu.png","contentUrl":"https:\/\/v2charge.com\/wp-content\/uploads\/2024\/11\/cropped-v2c-charge-logo-menu.png","width":984,"height":431,"caption":"V2C"},"image":{"@id":"https:\/\/v2charge.com\/fi\/#\/schema\/logo\/image\/"},"sameAs":["https:\/\/www.facebook.com\/V2C.Charge","https:\/\/x.com\/V2C_Charge","https:\/\/www.instagram.com\/v2c.charge\/","https:\/\/www.youtube.com\/@V2C","https:\/\/www.linkedin.com\/company\/v2c-chargers\/"]}]}},"uagb_featured_image_src":{"full":["https:\/\/v2charge.com\/wp-content\/uploads\/2024\/07\/v2c-electric-chargers.jpg",1200,675,false],"thumbnail":["https:\/\/v2charge.com\/wp-content\/uploads\/2024\/07\/v2c-electric-chargers-150x150.jpg",150,150,true],"medium":["https:\/\/v2charge.com\/wp-content\/uploads\/2024\/07\/v2c-electric-chargers-300x169.jpg",300,169,true],"medium_large":["https:\/\/v2charge.com\/wp-content\/uploads\/2024\/07\/v2c-electric-chargers-768x432.jpg",768,432,true],"large":["https:\/\/v2charge.com\/wp-content\/uploads\/2024\/07\/v2c-electric-chargers-1024x576.jpg",1024,576,true],"gs-tiny":["https:\/\/v2charge.com\/wp-content\/uploads\/2024\/07\/v2c-electric-chargers.jpg",50,28,false],"xl":["https:\/\/v2charge.com\/wp-content\/uploads\/2024\/07\/v2c-electric-chargers.jpg",1200,675,false],"xxl":["https:\/\/v2charge.com\/wp-content\/uploads\/2024\/07\/v2c-electric-chargers.jpg",1200,675,false],"xxxl":["https:\/\/v2charge.com\/wp-content\/uploads\/2024\/07\/v2c-electric-chargers.jpg",1200,675,false],"xxxxl":["https:\/\/v2charge.com\/wp-content\/uploads\/2024\/07\/v2c-electric-chargers.jpg",1200,675,false],"xxxxxl":["https:\/\/v2charge.com\/wp-content\/uploads\/2024\/07\/v2c-electric-chargers.jpg",1200,675,false],"1536x1536":["https:\/\/v2charge.com\/wp-content\/uploads\/2024\/07\/v2c-electric-chargers.jpg",1200,675,false],"2048x2048":["https:\/\/v2charge.com\/wp-content\/uploads\/2024\/07\/v2c-electric-chargers.jpg",1200,675,false]},"uagb_author_info":{"display_name":"V2C","author_link":"https:\/\/v2charge.com\/fi\/author\/root_k4eu7ki8\/"},"uagb_comment_info":0,"uagb_excerpt":"Miten saan Token-tunnukseni k\u00e4ytett\u00e4v\u00e4ksi pilven API Rest -rajapinnassa? REST API, tai RESTful API, on sovellusohjelmointirajapinta (API tai verkkosovellusrajapinta), joka noudattaa REST-arkkitehtuurin rajoja ja mahdollistaa vuorovaikutuksen RESTful-verkkopalveluiden kanssa. API:n avulla voit k\u00e4ytt\u00e4\u00e4 e-Chargeria itse luomiesi sovellusten\/palveluiden kautta ilman tarvetta k\u00e4ytt\u00e4\u00e4 virallisia sovelluksia. Se mahdollistaa automaatioiden tai mielenkiintoisten palveluiden luomisen latauslaitteissamme ohjelmoinnin avulla. Lis\u00e4tietoja saat&nbsp;API Rest Cloud&hellip;","_links":{"self":[{"href":"https:\/\/v2charge.com\/fi\/wp-json\/wp\/v2\/pages\/311402","targetHints":{"allow":["GET"]}}],"collection":[{"href":"https:\/\/v2charge.com\/fi\/wp-json\/wp\/v2\/pages"}],"about":[{"href":"https:\/\/v2charge.com\/fi\/wp-json\/wp\/v2\/types\/page"}],"author":[{"embeddable":true,"href":"https:\/\/v2charge.com\/fi\/wp-json\/wp\/v2\/users\/1"}],"replies":[{"embeddable":true,"href":"https:\/\/v2charge.com\/fi\/wp-json\/wp\/v2\/comments?post=311402"}],"version-history":[{"count":0,"href":"https:\/\/v2charge.com\/fi\/wp-json\/wp\/v2\/pages\/311402\/revisions"}],"up":[{"embeddable":true,"href":"https:\/\/v2charge.com\/fi\/wp-json\/wp\/v2\/pages\/311415"}],"wp:featuredmedia":[{"embeddable":true,"href":"https:\/\/v2charge.com\/fi\/wp-json\/wp\/v2\/media\/170346"}],"wp:attachment":[{"href":"https:\/\/v2charge.com\/fi\/wp-json\/wp\/v2\/media?parent=311402"}],"curies":[{"name":"wp","href":"https:\/\/api.w.org\/{rel}","templated":true}]}}