{"id":311408,"date":"2022-02-22T18:25:29","date_gmt":"2022-02-22T18:25:29","guid":{"rendered":""},"modified":"2023-06-12T11:08:31","modified_gmt":"2023-06-12T11:08:31","slug":"trydan-latauspiste-aarettomalla-impedanssilla-itc-bt-52-n","status":"publish","type":"page","link":"https:\/\/v2charge.com\/fi\/trydan-latauspiste-aarettomalla-impedanssilla-itc-bt-52-n\/","title":{"rendered":"Trydan-latauspiste \u00e4\u00e4rett\u00f6m\u00e4ll\u00e4 impedanssilla ITC BT 52:n kaaviolle 2"},"content":{"rendered":"\n<div style=\"height:60px\" aria-hidden=\"true\" class=\"wp-block-spacer\"><\/div>\n\n\n<h1 class=\"wp-block-heading\">Trydan-latauspiste \u00e4\u00e4rett\u00f6m\u00e4ll\u00e4 impedanssilla ITC BT 52 -kaaviolle 2<\/h1>\n\n<p>Espanjalainen s\u00e4\u00e4d\u00f6s ITC BT 52 m\u00e4\u00e4rittelee s\u00e4hk\u00f6autojen latauspisteiden asennuskaaviossa 2 tarpeen voida<strong> palauttaa mittari omasta asunnosta<\/strong> (palautin). Kyseess\u00e4 on enemm\u00e4n mukavuusasia kuin turvallisuus, mutta n\u00e4in se on kuvattu s\u00e4\u00e4d\u00f6ksess\u00e4.<\/p>\n\n<blockquote class=\"is-layout-flow wp-block-quote-is-layout-flow\"><p>Kaaviota 2 varten [&#8230;]. Asiakkaan tilaama tehohallintatoiminto toteutetaan p\u00e4\u00e4mittarilla ilman, ett\u00e4 erillist\u00e4 ICP:t\u00e4 tarvitsee asentaa. Jos tehohallintatoiminto aktivoituu, sen palautus tapahtuu suoraan asunnosta.<\/p><\/blockquote>\n\n<p>Se tarkoittaa, ett\u00e4 sinun on pystytt\u00e4v\u00e4 palauttamaan mittari omasta kodistasi. e-Charger <a href=\"https:\/\/v2charge.com\/fi\/trydan-2\/\">Trydan<\/a>:n versiossa, jossa on suojat mukana, on automaattisesti <strong>\u00e4\u00e4rett\u00f6m\u00e4n impedanssin<\/strong> (my\u00f6s nollaimpedanssina tunnettu) ominaisuus, joka est\u00e4\u00e4 mittaria havaitsemasta latauspistett\u00e4. T\u00e4m\u00e4 tarkoittaa, ett\u00e4 automaattisesti, kun laskemme ja nostamme kotimme p\u00e4\u00e4kytkint\u00e4 (tai vanhaa ICP:t\u00e4), palautamme asennuksen.<\/p>\n\n<p>\u00c4\u00e4rimm\u00e4inen impedanssi on <strong>V2C:n kehitt\u00e4m\u00e4 teknologia<\/strong>, joka mahdollistaa mittarin n\u00e4kym\u00e4tt\u00f6myyden latauspisteen suhteen.<\/p>\n\n<p>Trydan-latauspisteess\u00e4 on viimeisin teknologia, joka mahdollistaa asentajille\/asiakkaille <strong>kustannuss\u00e4\u00e4st\u00f6n asennuksessa<\/strong>. T\u00e4m\u00e4n latauspisteen avulla voit v\u00e4ltt\u00e4\u00e4 kalliiden uudelleenohjaimien, releiden jne. asentamisen.<\/p>\n\n\n<div style=\"height:60px\" aria-hidden=\"true\" class=\"wp-block-spacer\"><\/div>\n","protected":false},"excerpt":{"rendered":"<p>Trydan-latauspiste \u00e4\u00e4rett\u00f6m\u00e4ll\u00e4 impedanssilla ITC BT 52 -kaaviolle 2 Espanjalainen s\u00e4\u00e4d\u00f6s ITC BT 52 m\u00e4\u00e4rittelee s\u00e4hk\u00f6autojen latauspisteiden asennuskaaviossa 2 tarpeen voida palauttaa mittari omasta asunnosta (palautin). Kyseess\u00e4 on enemm\u00e4n mukavuusasia kuin turvallisuus, mutta n\u00e4in se on kuvattu s\u00e4\u00e4d\u00f6ksess\u00e4. Kaaviota 2 varten [&#8230;]. Asiakkaan tilaama tehohallintatoiminto toteutetaan p\u00e4\u00e4mittarilla ilman, ett\u00e4 erillist\u00e4 ICP:t\u00e4 tarvitsee asentaa. Jos tehohallintatoiminto aktivoituu, &#8230; <a title=\"Trydan-latauspiste \u00e4\u00e4rett\u00f6m\u00e4ll\u00e4 impedanssilla ITC BT 52:n kaaviolle 2\" class=\"read-more\" href=\"https:\/\/v2charge.com\/fi\/trydan-latauspiste-aarettomalla-impedanssilla-itc-bt-52-n\/\" aria-label=\"Lue lis\u00e4\u00e4 aiheesta Trydan-latauspiste \u00e4\u00e4rett\u00f6m\u00e4ll\u00e4 impedanssilla ITC BT 52:n kaaviolle 2\">Lue lis\u00e4\u00e4<\/a><\/p>\n","protected":false},"author":1,"featured_media":170354,"parent":0,"menu_order":0,"comment_status":"closed","ping_status":"closed","template":"","meta":{"_eb_attr":"","content-type":"","_uag_custom_page_level_css":"","footnotes":""},"class_list":["post-311408","page","type-page","status-publish","has-post-thumbnail"],"yoast_head":"<!-- This site is optimized with the Yoast SEO plugin v25.3.1 - https:\/\/yoast.com\/wordpress\/plugins\/seo\/ -->\n<title>\u00c4\u00e4rimm\u00e4inen impedanssi latauspisteiss\u00e4<\/title>\n<meta name=\"description\" content=\"S\u00e4hk\u00f6k\u00e4ytt\u00f6isten ajoneuvojen latauspiste \u00e4\u00e4rett\u00f6m\u00e4ll\u00e4 impedanssilla | Kokoa laturi uudelleen kodista | V2C\" \/>\n<meta name=\"robots\" content=\"index, follow, max-snippet:-1, max-image-preview:large, max-video-preview:-1\" \/>\n<link rel=\"canonical\" href=\"https:\/\/v2charge.com\/fi\/trydan-latauspiste-aarettomalla-impedanssilla-itc-bt-52-n\/\" \/>\n<meta property=\"og:locale\" content=\"fi_FI\" \/>\n<meta property=\"og:type\" content=\"article\" \/>\n<meta property=\"og:title\" content=\"\u00c4\u00e4rimm\u00e4inen impedanssi latauspisteiss\u00e4\" \/>\n<meta property=\"og:description\" content=\"S\u00e4hk\u00f6k\u00e4ytt\u00f6isten ajoneuvojen latauspiste \u00e4\u00e4rett\u00f6m\u00e4ll\u00e4 impedanssilla | Kokoa laturi uudelleen kodista | V2C\" \/>\n<meta property=\"og:url\" content=\"https:\/\/v2charge.com\/fi\/trydan-latauspiste-aarettomalla-impedanssilla-itc-bt-52-n\/\" \/>\n<meta property=\"og:site_name\" content=\"V2C\" \/>\n<meta property=\"article:publisher\" content=\"https:\/\/www.facebook.com\/V2C.Charge\" \/>\n<meta property=\"article:modified_time\" content=\"2023-06-12T11:08:31+00:00\" \/>\n<meta property=\"og:image\" content=\"https:\/\/v2charge.com\/wp-content\/uploads\/2024\/07\/v2c-electric-chargers.jpg\" \/>\n\t<meta property=\"og:image:width\" content=\"1200\" \/>\n\t<meta property=\"og:image:height\" content=\"675\" \/>\n\t<meta property=\"og:image:type\" content=\"image\/jpeg\" \/>\n<meta name=\"twitter:card\" content=\"summary_large_image\" \/>\n<meta name=\"twitter:site\" content=\"@V2C_Charge\" \/>\n<meta name=\"twitter:label1\" content=\"Arvioitu lukuaika\" \/>\n\t<meta name=\"twitter:data1\" content=\"2 minuuttia\" \/>\n<script type=\"application\/ld+json\" class=\"yoast-schema-graph\">{\"@context\":\"https:\/\/schema.org\",\"@graph\":[{\"@type\":\"WebPage\",\"@id\":\"https:\/\/v2charge.com\/fi\/trydan-latauspiste-aarettomalla-impedanssilla-itc-bt-52-n\/\",\"url\":\"https:\/\/v2charge.com\/fi\/trydan-latauspiste-aarettomalla-impedanssilla-itc-bt-52-n\/\",\"name\":\"\u00c4\u00e4rimm\u00e4inen impedanssi latauspisteiss\u00e4\",\"isPartOf\":{\"@id\":\"https:\/\/v2charge.com\/fi\/#website\"},\"primaryImageOfPage\":{\"@id\":\"https:\/\/v2charge.com\/fi\/trydan-latauspiste-aarettomalla-impedanssilla-itc-bt-52-n\/#primaryimage\"},\"image\":{\"@id\":\"https:\/\/v2charge.com\/fi\/trydan-latauspiste-aarettomalla-impedanssilla-itc-bt-52-n\/#primaryimage\"},\"thumbnailUrl\":\"https:\/\/v2charge.com\/wp-content\/uploads\/2024\/07\/v2c-electric-chargers.jpg\",\"datePublished\":\"2022-02-22T18:25:29+00:00\",\"dateModified\":\"2023-06-12T11:08:31+00:00\",\"description\":\"S\u00e4hk\u00f6k\u00e4ytt\u00f6isten ajoneuvojen latauspiste \u00e4\u00e4rett\u00f6m\u00e4ll\u00e4 impedanssilla | Kokoa laturi uudelleen kodista | V2C\",\"breadcrumb\":{\"@id\":\"https:\/\/v2charge.com\/fi\/trydan-latauspiste-aarettomalla-impedanssilla-itc-bt-52-n\/#breadcrumb\"},\"inLanguage\":\"fi\",\"potentialAction\":[{\"@type\":\"ReadAction\",\"target\":[\"https:\/\/v2charge.com\/fi\/trydan-latauspiste-aarettomalla-impedanssilla-itc-bt-52-n\/\"]}]},{\"@type\":\"ImageObject\",\"inLanguage\":\"fi\",\"@id\":\"https:\/\/v2charge.com\/fi\/trydan-latauspiste-aarettomalla-impedanssilla-itc-bt-52-n\/#primaryimage\",\"url\":\"https:\/\/v2charge.com\/wp-content\/uploads\/2024\/07\/v2c-electric-chargers.jpg\",\"contentUrl\":\"https:\/\/v2charge.com\/wp-content\/uploads\/2024\/07\/v2c-electric-chargers.jpg\",\"width\":1200,\"height\":675,\"caption\":\"V2C Electric Chargers\"},{\"@type\":\"BreadcrumbList\",\"@id\":\"https:\/\/v2charge.com\/fi\/trydan-latauspiste-aarettomalla-impedanssilla-itc-bt-52-n\/#breadcrumb\",\"itemListElement\":[{\"@type\":\"ListItem\",\"position\":1,\"name\":\"V2C\",\"item\":\"https:\/\/v2charge.com\/fi\/\"},{\"@type\":\"ListItem\",\"position\":2,\"name\":\"Trydan-latauspiste \u00e4\u00e4rett\u00f6m\u00e4ll\u00e4 impedanssilla ITC BT 52:n kaaviolle 2\"}]},{\"@type\":\"WebSite\",\"@id\":\"https:\/\/v2charge.com\/fi\/#website\",\"url\":\"https:\/\/v2charge.com\/fi\/\",\"name\":\"V2C\",\"description\":\"#CargandoElMa\u00f1ana\",\"publisher\":{\"@id\":\"https:\/\/v2charge.com\/fi\/#organization\"},\"potentialAction\":[{\"@type\":\"SearchAction\",\"target\":{\"@type\":\"EntryPoint\",\"urlTemplate\":\"https:\/\/v2charge.com\/fi\/?s={search_term_string}\"},\"query-input\":{\"@type\":\"PropertyValueSpecification\",\"valueRequired\":true,\"valueName\":\"search_term_string\"}}],\"inLanguage\":\"fi\"},{\"@type\":\"Organization\",\"@id\":\"https:\/\/v2charge.com\/fi\/#organization\",\"name\":\"V2C\",\"url\":\"https:\/\/v2charge.com\/fi\/\",\"logo\":{\"@type\":\"ImageObject\",\"inLanguage\":\"fi\",\"@id\":\"https:\/\/v2charge.com\/fi\/#\/schema\/logo\/image\/\",\"url\":\"https:\/\/v2charge.com\/wp-content\/uploads\/2024\/11\/cropped-v2c-charge-logo-menu.png\",\"contentUrl\":\"https:\/\/v2charge.com\/wp-content\/uploads\/2024\/11\/cropped-v2c-charge-logo-menu.png\",\"width\":984,\"height\":431,\"caption\":\"V2C\"},\"image\":{\"@id\":\"https:\/\/v2charge.com\/fi\/#\/schema\/logo\/image\/\"},\"sameAs\":[\"https:\/\/www.facebook.com\/V2C.Charge\",\"https:\/\/x.com\/V2C_Charge\",\"https:\/\/www.instagram.com\/v2c.charge\/\",\"https:\/\/www.youtube.com\/@V2C\",\"https:\/\/www.linkedin.com\/company\/v2c-chargers\/\"]}]}<\/script>\n<!-- \/ Yoast SEO plugin. -->","yoast_head_json":{"title":"\u00c4\u00e4rimm\u00e4inen impedanssi latauspisteiss\u00e4","description":"S\u00e4hk\u00f6k\u00e4ytt\u00f6isten ajoneuvojen latauspiste \u00e4\u00e4rett\u00f6m\u00e4ll\u00e4 impedanssilla | Kokoa laturi uudelleen kodista | V2C","robots":{"index":"index","follow":"follow","max-snippet":"max-snippet:-1","max-image-preview":"max-image-preview:large","max-video-preview":"max-video-preview:-1"},"canonical":"https:\/\/v2charge.com\/fi\/trydan-latauspiste-aarettomalla-impedanssilla-itc-bt-52-n\/","og_locale":"fi_FI","og_type":"article","og_title":"\u00c4\u00e4rimm\u00e4inen impedanssi latauspisteiss\u00e4","og_description":"S\u00e4hk\u00f6k\u00e4ytt\u00f6isten ajoneuvojen latauspiste \u00e4\u00e4rett\u00f6m\u00e4ll\u00e4 impedanssilla | Kokoa laturi uudelleen kodista | V2C","og_url":"https:\/\/v2charge.com\/fi\/trydan-latauspiste-aarettomalla-impedanssilla-itc-bt-52-n\/","og_site_name":"V2C","article_publisher":"https:\/\/www.facebook.com\/V2C.Charge","article_modified_time":"2023-06-12T11:08:31+00:00","og_image":[{"width":1200,"height":675,"url":"https:\/\/v2charge.com\/wp-content\/uploads\/2024\/07\/v2c-electric-chargers.jpg","type":"image\/jpeg"}],"twitter_card":"summary_large_image","twitter_site":"@V2C_Charge","twitter_misc":{"Arvioitu lukuaika":"2 minuuttia"},"schema":{"@context":"https:\/\/schema.org","@graph":[{"@type":"WebPage","@id":"https:\/\/v2charge.com\/fi\/trydan-latauspiste-aarettomalla-impedanssilla-itc-bt-52-n\/","url":"https:\/\/v2charge.com\/fi\/trydan-latauspiste-aarettomalla-impedanssilla-itc-bt-52-n\/","name":"\u00c4\u00e4rimm\u00e4inen impedanssi latauspisteiss\u00e4","isPartOf":{"@id":"https:\/\/v2charge.com\/fi\/#website"},"primaryImageOfPage":{"@id":"https:\/\/v2charge.com\/fi\/trydan-latauspiste-aarettomalla-impedanssilla-itc-bt-52-n\/#primaryimage"},"image":{"@id":"https:\/\/v2charge.com\/fi\/trydan-latauspiste-aarettomalla-impedanssilla-itc-bt-52-n\/#primaryimage"},"thumbnailUrl":"https:\/\/v2charge.com\/wp-content\/uploads\/2024\/07\/v2c-electric-chargers.jpg","datePublished":"2022-02-22T18:25:29+00:00","dateModified":"2023-06-12T11:08:31+00:00","description":"S\u00e4hk\u00f6k\u00e4ytt\u00f6isten ajoneuvojen latauspiste \u00e4\u00e4rett\u00f6m\u00e4ll\u00e4 impedanssilla | Kokoa laturi uudelleen kodista | V2C","breadcrumb":{"@id":"https:\/\/v2charge.com\/fi\/trydan-latauspiste-aarettomalla-impedanssilla-itc-bt-52-n\/#breadcrumb"},"inLanguage":"fi","potentialAction":[{"@type":"ReadAction","target":["https:\/\/v2charge.com\/fi\/trydan-latauspiste-aarettomalla-impedanssilla-itc-bt-52-n\/"]}]},{"@type":"ImageObject","inLanguage":"fi","@id":"https:\/\/v2charge.com\/fi\/trydan-latauspiste-aarettomalla-impedanssilla-itc-bt-52-n\/#primaryimage","url":"https:\/\/v2charge.com\/wp-content\/uploads\/2024\/07\/v2c-electric-chargers.jpg","contentUrl":"https:\/\/v2charge.com\/wp-content\/uploads\/2024\/07\/v2c-electric-chargers.jpg","width":1200,"height":675,"caption":"V2C Electric Chargers"},{"@type":"BreadcrumbList","@id":"https:\/\/v2charge.com\/fi\/trydan-latauspiste-aarettomalla-impedanssilla-itc-bt-52-n\/#breadcrumb","itemListElement":[{"@type":"ListItem","position":1,"name":"V2C","item":"https:\/\/v2charge.com\/fi\/"},{"@type":"ListItem","position":2,"name":"Trydan-latauspiste \u00e4\u00e4rett\u00f6m\u00e4ll\u00e4 impedanssilla ITC BT 52:n kaaviolle 2"}]},{"@type":"WebSite","@id":"https:\/\/v2charge.com\/fi\/#website","url":"https:\/\/v2charge.com\/fi\/","name":"V2C","description":"#CargandoElMa\u00f1ana","publisher":{"@id":"https:\/\/v2charge.com\/fi\/#organization"},"potentialAction":[{"@type":"SearchAction","target":{"@type":"EntryPoint","urlTemplate":"https:\/\/v2charge.com\/fi\/?s={search_term_string}"},"query-input":{"@type":"PropertyValueSpecification","valueRequired":true,"valueName":"search_term_string"}}],"inLanguage":"fi"},{"@type":"Organization","@id":"https:\/\/v2charge.com\/fi\/#organization","name":"V2C","url":"https:\/\/v2charge.com\/fi\/","logo":{"@type":"ImageObject","inLanguage":"fi","@id":"https:\/\/v2charge.com\/fi\/#\/schema\/logo\/image\/","url":"https:\/\/v2charge.com\/wp-content\/uploads\/2024\/11\/cropped-v2c-charge-logo-menu.png","contentUrl":"https:\/\/v2charge.com\/wp-content\/uploads\/2024\/11\/cropped-v2c-charge-logo-menu.png","width":984,"height":431,"caption":"V2C"},"image":{"@id":"https:\/\/v2charge.com\/fi\/#\/schema\/logo\/image\/"},"sameAs":["https:\/\/www.facebook.com\/V2C.Charge","https:\/\/x.com\/V2C_Charge","https:\/\/www.instagram.com\/v2c.charge\/","https:\/\/www.youtube.com\/@V2C","https:\/\/www.linkedin.com\/company\/v2c-chargers\/"]}]}},"uagb_featured_image_src":{"full":["https:\/\/v2charge.com\/wp-content\/uploads\/2024\/07\/v2c-electric-chargers.jpg",1200,675,false],"thumbnail":["https:\/\/v2charge.com\/wp-content\/uploads\/2024\/07\/v2c-electric-chargers-150x150.jpg",150,150,true],"medium":["https:\/\/v2charge.com\/wp-content\/uploads\/2024\/07\/v2c-electric-chargers-300x169.jpg",300,169,true],"medium_large":["https:\/\/v2charge.com\/wp-content\/uploads\/2024\/07\/v2c-electric-chargers-768x432.jpg",768,432,true],"large":["https:\/\/v2charge.com\/wp-content\/uploads\/2024\/07\/v2c-electric-chargers-1024x576.jpg",1024,576,true],"gs-tiny":["https:\/\/v2charge.com\/wp-content\/uploads\/2024\/07\/v2c-electric-chargers.jpg",50,28,false],"xl":["https:\/\/v2charge.com\/wp-content\/uploads\/2024\/07\/v2c-electric-chargers.jpg",1200,675,false],"xxl":["https:\/\/v2charge.com\/wp-content\/uploads\/2024\/07\/v2c-electric-chargers.jpg",1200,675,false],"xxxl":["https:\/\/v2charge.com\/wp-content\/uploads\/2024\/07\/v2c-electric-chargers.jpg",1200,675,false],"xxxxl":["https:\/\/v2charge.com\/wp-content\/uploads\/2024\/07\/v2c-electric-chargers.jpg",1200,675,false],"xxxxxl":["https:\/\/v2charge.com\/wp-content\/uploads\/2024\/07\/v2c-electric-chargers.jpg",1200,675,false],"1536x1536":["https:\/\/v2charge.com\/wp-content\/uploads\/2024\/07\/v2c-electric-chargers.jpg",1200,675,false],"2048x2048":["https:\/\/v2charge.com\/wp-content\/uploads\/2024\/07\/v2c-electric-chargers.jpg",1200,675,false]},"uagb_author_info":{"display_name":"V2C","author_link":"https:\/\/v2charge.com\/fi\/author\/root_k4eu7ki8\/"},"uagb_comment_info":0,"uagb_excerpt":"Trydan-latauspiste \u00e4\u00e4rett\u00f6m\u00e4ll\u00e4 impedanssilla ITC BT 52 -kaaviolle 2 Espanjalainen s\u00e4\u00e4d\u00f6s ITC BT 52 m\u00e4\u00e4rittelee s\u00e4hk\u00f6autojen latauspisteiden asennuskaaviossa 2 tarpeen voida palauttaa mittari omasta asunnosta (palautin). Kyseess\u00e4 on enemm\u00e4n mukavuusasia kuin turvallisuus, mutta n\u00e4in se on kuvattu s\u00e4\u00e4d\u00f6ksess\u00e4. Kaaviota 2 varten [&#8230;]. Asiakkaan tilaama tehohallintatoiminto toteutetaan p\u00e4\u00e4mittarilla ilman, ett\u00e4 erillist\u00e4 ICP:t\u00e4 tarvitsee asentaa. Jos tehohallintatoiminto aktivoituu,&hellip;","_links":{"self":[{"href":"https:\/\/v2charge.com\/fi\/wp-json\/wp\/v2\/pages\/311408","targetHints":{"allow":["GET"]}}],"collection":[{"href":"https:\/\/v2charge.com\/fi\/wp-json\/wp\/v2\/pages"}],"about":[{"href":"https:\/\/v2charge.com\/fi\/wp-json\/wp\/v2\/types\/page"}],"author":[{"embeddable":true,"href":"https:\/\/v2charge.com\/fi\/wp-json\/wp\/v2\/users\/1"}],"replies":[{"embeddable":true,"href":"https:\/\/v2charge.com\/fi\/wp-json\/wp\/v2\/comments?post=311408"}],"version-history":[{"count":0,"href":"https:\/\/v2charge.com\/fi\/wp-json\/wp\/v2\/pages\/311408\/revisions"}],"wp:featuredmedia":[{"embeddable":true,"href":"https:\/\/v2charge.com\/fi\/wp-json\/wp\/v2\/media\/170354"}],"wp:attachment":[{"href":"https:\/\/v2charge.com\/fi\/wp-json\/wp\/v2\/media?parent=311408"}],"curies":[{"name":"wp","href":"https:\/\/api.w.org\/{rel}","templated":true}]}}