{"id":311410,"date":"2022-03-02T12:26:43","date_gmt":"2022-03-02T12:26:43","guid":{"rendered":""},"modified":"2026-04-21T11:40:34","modified_gmt":"2026-04-21T09:40:34","slug":"alexa-n-toiminnalliset-komennot","status":"publish","type":"page","link":"https:\/\/v2charge.com\/fi\/alexa-n-toiminnalliset-komennot\/","title":{"rendered":"Alexa:n toiminnalliset komennot"},"content":{"rendered":"\n<div class=\"wp-block-uagb-container uagb-block-c29b15eb alignfull uagb-is-root-container\"><div class=\"uagb-container-inner-blocks-wrap\">\n<div class=\"wp-block-uagb-container uagb-block-6846d829\">\n<div class=\"wp-block-uagb-container uagb-block-8a2137db\"><\/div>\n\n\n\n<div class=\"wp-block-uagb-container uagb-block-5ccae1ed\">\n<div class=\"wp-block-uagb-advanced-heading uagb-block-572af4b3\"><h1 class=\"uagb-heading-text\">Alexan Toiminnalliset Komennot<\/h1><\/div>\n\n\n\n<div class=\"wp-block-uagb-advanced-heading uagb-block-008d543e\"><h2 class=\"uagb-heading-text\">Sukella<br>teknologiseen kokemukseen<\/h2><\/div>\n\n\n\n<p class=\"has-text-color\" style=\"color:#c2c0c0;font-size:16px\">Hallitse kaikki Alexan toiminnalliset komennot ohjataksesi e-Chargeriasi \u00e4\u00e4nell\u00e4si. Innovaatio, v\u00e4litt\u00f6myys ja mukavuus ainutlaatuisen latauskokemuksen el\u00e4miseen.<\/p>\n\n\n\n<div class=\"wp-block-uagb-buttons uagb-buttons__outer-wrap uagb-btn__default-btn uagb-btn-tablet__default-btn uagb-btn-mobile__default-btn uagb-block-1b92109e\"><div class=\"uagb-buttons__wrap uagb-buttons-layout-wrap \">\n<div class=\"wp-block-uagb-buttons-child uagb-buttons__outer-wrap uagb-block-3c83cb05 wp-block-button is-style-outline\"><div class=\"uagb-button__wrapper\"><a class=\"uagb-buttons-repeater wp-block-button__link\" aria-label=\"\" href=\"https:\/\/v2charge.com\/wp-content\/uploads\/2022\/05\/Vincular-Alexa.pdf\" rel=\"follow noopener\" target=\"_blank\" role=\"button\"><div class=\"uagb-button__link\"><a href=\"https:\/\/v2charge.com\/wp-content\/uploads\/2022\/05\/Vincular-Alexa.pdf\" target=\"_blank\" rel=\"noreferrer noopener\">Linkit\u00e4 e-Chargerisi Alexa:an<\/a><\/div><\/a><\/div><\/div>\n<\/div><\/div>\n<\/div>\n<\/div>\n<\/div><\/div>\n\n\n\n<div style=\"height:49px\" aria-hidden=\"true\" class=\"wp-block-spacer\"><\/div>\n\n\n\n<div style=\"height:30px\" aria-hidden=\"true\" class=\"wp-block-spacer\"><\/div>\n\n\n\n<div class=\"wp-block-uagb-container uagb-block-5bf65f41 alignfull uagb-is-root-container\"><div class=\"uagb-container-inner-blocks-wrap\">\n<div class=\"wp-block-uagb-container uagb-block-da71c77d default uagb-is-root-container\">\n<div class=\"wp-block-uagb-container uagb-block-0ddc93fc\">\n<div class=\"wp-block-uagb-image aligncenter uagb-block-d4d8c154 wp-block-uagb-image--layout-default wp-block-uagb-image--effect-static wp-block-uagb-image--align-center\"><figure class=\"wp-block-uagb-image__figure\"><img decoding=\"async\" srcset=\"https:\/\/v2charge.com\/wp-content\/uploads\/2023\/11\/icon-important.png ,https:\/\/v2charge.com\/wp-content\/uploads\/2023\/11\/icon-important.png 780w, https:\/\/v2charge.com\/wp-content\/uploads\/2023\/11\/icon-important.png 360w\" sizes=\"auto, (max-width: 480px) 150px\" src=\"https:\/\/v2charge.com\/wp-content\/uploads\/2023\/11\/icon-important.png\" alt=\"\" class=\"uag-image-125013\" width=\"50\" height=\"50\" title=\"\" loading=\"lazy\" role=\"img\"\/><\/figure><\/div>\n<\/div>\n\n\n\n<div class=\"wp-block-uagb-container uagb-block-67cf4dad\">\n<div class=\"wp-block-uagb-advanced-heading uagb-block-459cee5f\"><p class=\"uagb-heading-text\"><strong><strong><em>Yleinen kaava on: &#8221;Alexa, aseta [laturin nimi] tilaan [sana].&#8221;<\/em><\/strong><\/strong><\/p><\/div>\n<\/div>\n<\/div>\n<\/div><\/div>\n\n\n\n<div style=\"height:30px\" aria-hidden=\"true\" class=\"wp-block-spacer\"><\/div>\n\n\n\n<div class=\"wp-block-uagb-container uagb-block-ccfebc02 alignfull uagb-is-root-container\"><div class=\"uagb-container-inner-blocks-wrap\">\n<div class=\"wp-block-uagb-advanced-heading uagb-block-bd6206dc\"><h2 class=\"uagb-heading-text\">Lukitse laturi<\/h2><\/div>\n\n\n\n<p>&#8221;\u2026Lukitse-tilaan&#8221;<\/p>\n<\/div><\/div>\n\n\n\n<div style=\"height:40px\" aria-hidden=\"true\" class=\"wp-block-spacer\"><\/div>\n\n\n\n<div class=\"wp-block-uagb-container uagb-block-9ac41ac8 alignfull uagb-is-root-container\"><div class=\"uagb-container-inner-blocks-wrap\">\n<div class=\"wp-block-uagb-advanced-heading uagb-block-0287eec7\"><h2 class=\"uagb-heading-text\">Avaa laturin lukitus<\/h2><\/div>\n\n\n\n<p>&#8221;\u2026Avaa lukitus -tilaan&#8221;<\/p>\n<\/div><\/div>\n\n\n\n<div style=\"height:40px\" aria-hidden=\"true\" class=\"wp-block-spacer\"><\/div>\n\n\n\n<div class=\"wp-block-uagb-container uagb-block-10fa5e64 alignfull uagb-is-root-container\"><div class=\"uagb-container-inner-blocks-wrap\">\n<div class=\"wp-block-uagb-advanced-heading uagb-block-d62318d2\"><h2 class=\"uagb-heading-text\">Keskeyt\u00e4 lataus<\/h2><\/div>\n\n\n\n<p>&#8221;\u2026Tauko-tilaan&#8221; \/ &#8221;\u2026Keskeyt\u00e4-tilaan&#8221; \/ &#8221;\u2026Keskeytetty-tilaan&#8221;<\/p>\n\n\n\n<p>&#8221;\u2026Keskeyt\u00e4 lataus -tilaan&#8221; \/ &#8221;\u2026Pys\u00e4yt\u00e4 lataus -tilaan&#8221;<\/p>\n\n\n\n<p>&#8221;\u2026Lopeta lataus -tilaan&#8221; \/ &#8221;\u2026Keskeyt\u00e4 se -tilaan&#8221; \/ &#8221;\u2026Pys\u00e4yt\u00e4 se -tilaan&#8221;<\/p>\n<\/div><\/div>\n\n\n\n<div style=\"height:40px\" aria-hidden=\"true\" class=\"wp-block-spacer\"><\/div>\n\n\n\n<div class=\"wp-block-uagb-container uagb-block-59c2256a alignfull uagb-is-root-container\"><div class=\"uagb-container-inner-blocks-wrap\">\n<div class=\"wp-block-uagb-advanced-heading uagb-block-bb56ec01\"><h2 class=\"uagb-heading-text\">Jatka latausta<\/h2><\/div>\n\n\n\n<p>&#8221;\u2026Jatka-tilaan&#8221; \/ &#8221;\u2026Jatkaa-tilaan&#8221; \/ &#8221;\u2026Jatka minulle -tilaan&#8221;<\/p>\n\n\n\n<p>&#8221;\u2026Jatka latausta -tilaan&#8221; \/ &#8221;\u2026Jatkaa latausta -tilaan&#8221;<\/p>\n\n\n\n<p>&#8221;\u2026Jatka latausta -tilaan&#8221; \/ &#8221;\u2026Jatka sit\u00e4 -tilaan&#8221; \/ &#8221;\u2026Jatkaa sit\u00e4 -tilaan&#8221;<\/p>\n<\/div><\/div>\n\n\n\n<div style=\"height:49px\" aria-hidden=\"true\" class=\"wp-block-spacer\"><\/div>\n\n\n\n<div class=\"wp-block-uagb-container uagb-block-0038c469 alignfull uagb-is-root-container\"><div class=\"uagb-container-inner-blocks-wrap\">\n<div class=\"wp-block-uagb-advanced-heading uagb-block-705e418c\"><h2 class=\"uagb-heading-text\">Tarkista tila<\/h2><\/div>\n\n\n\n<p>&#8221;Alexa, mik\u00e4 on [laturin nimi] tila?&#8221;<\/p>\n\n\n\n<p><strong>Mahdolliset vastaukset:<\/strong><\/p>\n\n\n\n<figure class=\"wp-block-table\"><table class=\"has-fixed-layout\"><tbody><tr><td><strong>S\u00e4hk\u00f6ajoneuvo kytketty<\/strong><\/td><td>Auto kytketty, mutta ei lataudu (Valmiustila)<\/td><\/tr><tr><td><strong>Odotetaan s\u00e4hk\u00f6ajoneuvoa<\/strong><\/td><td>Laturi valmis, ei ajoneuvoa kytkettyn\u00e4<\/td><\/tr><tr><td><strong>S\u00e4hk\u00f6ajoneuvo latautuu<\/strong><\/td><td>Aktiivinen lataus k\u00e4ynniss\u00e4<\/td><\/tr><tr><td><strong>Lataus keskeytetty<\/strong><\/td><td>Lataus keskeytetty manuaalisesti<\/td><\/tr><tr><td><strong>Laturi lukittu<\/strong><\/td><td>Laturi on lukittu<\/td><\/tr><tr><td><strong>Laturi ilman Internet-yhteytt\u00e4<\/strong><\/td><td>Laturi on offline-tilassa<\/td><\/tr><\/tbody><\/table><\/figure>\n\n\n\n<p><em><strong>T\u00c4RKE\u00c4\u00c4<\/strong>: Keskeytys toimii vain, jos ajoneuvo latautuu aktiivisesti. Jatkaminen toimii vain, jos lataus on keskeytetty. Jos laturi on offline-tilassa, Alexa vastaa ENDPOINT_UNREACHABLE-virheell\u00e4.<\/em><\/p>\n<\/div><\/div>\n\n\n\n<div style=\"height:30px\" aria-hidden=\"true\" class=\"wp-block-spacer\"><\/div>\n","protected":false},"excerpt":{"rendered":"<p>Alexan Toiminnalliset Komennot Sukellateknologiseen kokemukseen Hallitse kaikki Alexan toiminnalliset komennot ohjataksesi e-Chargeriasi \u00e4\u00e4nell\u00e4si. Innovaatio, v\u00e4litt\u00f6myys ja mukavuus ainutlaatuisen latauskokemuksen el\u00e4miseen. Yleinen kaava on: &#8221;Alexa, aseta [laturin nimi] tilaan [sana].&#8221; Lukitse laturi &#8221;\u2026Lukitse-tilaan&#8221; Avaa laturin lukitus &#8221;\u2026Avaa lukitus -tilaan&#8221; Keskeyt\u00e4 lataus &#8221;\u2026Tauko-tilaan&#8221; \/ &#8221;\u2026Keskeyt\u00e4-tilaan&#8221; \/ &#8221;\u2026Keskeytetty-tilaan&#8221; &#8221;\u2026Keskeyt\u00e4 lataus -tilaan&#8221; \/ &#8221;\u2026Pys\u00e4yt\u00e4 lataus -tilaan&#8221; &#8221;\u2026Lopeta lataus -tilaan&#8221; &#8230; <a title=\"Alexa:n toiminnalliset komennot\" class=\"read-more\" href=\"https:\/\/v2charge.com\/fi\/alexa-n-toiminnalliset-komennot\/\" aria-label=\"Lue lis\u00e4\u00e4 aiheesta Alexa:n toiminnalliset komennot\">Lue lis\u00e4\u00e4<\/a><\/p>\n","protected":false},"author":1,"featured_media":170346,"parent":0,"menu_order":0,"comment_status":"closed","ping_status":"closed","template":"","meta":{"_eb_attr":"","content-type":"","_uag_custom_page_level_css":"","footnotes":""},"class_list":["post-311410","page","type-page","status-publish","has-post-thumbnail"],"yoast_head":"<!-- This site is optimized with the Yoast SEO plugin v25.3.1 - https:\/\/yoast.com\/wordpress\/plugins\/seo\/ -->\n<title>Alexa-toiminnalliset komennot V2C Cloudille | V2C \u00ae<\/title>\n<meta name=\"description\" content=\"Tutustu V2C-s\u00e4hk\u00f6latauslaitteesi Alexa-toimintoihin ja ala hallita ajoneuvosi latausta reaaliajassa.\" \/>\n<meta name=\"robots\" content=\"index, follow, max-snippet:-1, max-image-preview:large, max-video-preview:-1\" \/>\n<link rel=\"canonical\" href=\"https:\/\/v2charge.com\/fi\/alexa-n-toiminnalliset-komennot\/\" \/>\n<meta property=\"og:locale\" content=\"fi_FI\" \/>\n<meta property=\"og:type\" content=\"article\" \/>\n<meta property=\"og:title\" content=\"Alexa-toiminnalliset komennot V2C Cloudille | V2C \u00ae\" \/>\n<meta property=\"og:description\" content=\"Tutustu V2C-s\u00e4hk\u00f6latauslaitteesi Alexa-toimintoihin ja ala hallita ajoneuvosi latausta reaaliajassa.\" \/>\n<meta property=\"og:url\" content=\"https:\/\/v2charge.com\/fi\/alexa-n-toiminnalliset-komennot\/\" \/>\n<meta property=\"og:site_name\" content=\"V2C\" \/>\n<meta property=\"article:publisher\" content=\"https:\/\/www.facebook.com\/V2C.Charge\" \/>\n<meta property=\"article:modified_time\" content=\"2026-04-21T09:40:34+00:00\" \/>\n<meta property=\"og:image\" content=\"https:\/\/v2charge.com\/wp-content\/uploads\/2024\/07\/v2c-electric-chargers.jpg\" \/>\n\t<meta property=\"og:image:width\" content=\"1200\" \/>\n\t<meta property=\"og:image:height\" content=\"675\" \/>\n\t<meta property=\"og:image:type\" content=\"image\/jpeg\" \/>\n<meta name=\"twitter:card\" content=\"summary_large_image\" \/>\n<meta name=\"twitter:site\" content=\"@V2C_Charge\" \/>\n<meta name=\"twitter:label1\" content=\"Arvioitu lukuaika\" \/>\n\t<meta name=\"twitter:data1\" content=\"2 minuuttia\" \/>\n<script type=\"application\/ld+json\" class=\"yoast-schema-graph\">{\"@context\":\"https:\/\/schema.org\",\"@graph\":[{\"@type\":\"WebPage\",\"@id\":\"https:\/\/v2charge.com\/fi\/alexa-n-toiminnalliset-komennot\/\",\"url\":\"https:\/\/v2charge.com\/fi\/alexa-n-toiminnalliset-komennot\/\",\"name\":\"Alexa-toiminnalliset komennot V2C Cloudille | V2C \u00ae\",\"isPartOf\":{\"@id\":\"https:\/\/v2charge.com\/fi\/#website\"},\"primaryImageOfPage\":{\"@id\":\"https:\/\/v2charge.com\/fi\/alexa-n-toiminnalliset-komennot\/#primaryimage\"},\"image\":{\"@id\":\"https:\/\/v2charge.com\/fi\/alexa-n-toiminnalliset-komennot\/#primaryimage\"},\"thumbnailUrl\":\"https:\/\/v2charge.com\/wp-content\/uploads\/2024\/07\/v2c-electric-chargers.jpg\",\"datePublished\":\"2022-03-02T12:26:43+00:00\",\"dateModified\":\"2026-04-21T09:40:34+00:00\",\"description\":\"Tutustu V2C-s\u00e4hk\u00f6latauslaitteesi Alexa-toimintoihin ja ala hallita ajoneuvosi latausta reaaliajassa.\",\"breadcrumb\":{\"@id\":\"https:\/\/v2charge.com\/fi\/alexa-n-toiminnalliset-komennot\/#breadcrumb\"},\"inLanguage\":\"fi\",\"potentialAction\":[{\"@type\":\"ReadAction\",\"target\":[\"https:\/\/v2charge.com\/fi\/alexa-n-toiminnalliset-komennot\/\"]}]},{\"@type\":\"ImageObject\",\"inLanguage\":\"fi\",\"@id\":\"https:\/\/v2charge.com\/fi\/alexa-n-toiminnalliset-komennot\/#primaryimage\",\"url\":\"https:\/\/v2charge.com\/wp-content\/uploads\/2024\/07\/v2c-electric-chargers.jpg\",\"contentUrl\":\"https:\/\/v2charge.com\/wp-content\/uploads\/2024\/07\/v2c-electric-chargers.jpg\",\"width\":1200,\"height\":675,\"caption\":\"V2C Electric Chargers\"},{\"@type\":\"BreadcrumbList\",\"@id\":\"https:\/\/v2charge.com\/fi\/alexa-n-toiminnalliset-komennot\/#breadcrumb\",\"itemListElement\":[{\"@type\":\"ListItem\",\"position\":1,\"name\":\"V2C\",\"item\":\"https:\/\/v2charge.com\/fi\/\"},{\"@type\":\"ListItem\",\"position\":2,\"name\":\"Alexa:n toiminnalliset komennot\"}]},{\"@type\":\"WebSite\",\"@id\":\"https:\/\/v2charge.com\/fi\/#website\",\"url\":\"https:\/\/v2charge.com\/fi\/\",\"name\":\"V2C\",\"description\":\"#CargandoElMa\u00f1ana\",\"publisher\":{\"@id\":\"https:\/\/v2charge.com\/fi\/#organization\"},\"potentialAction\":[{\"@type\":\"SearchAction\",\"target\":{\"@type\":\"EntryPoint\",\"urlTemplate\":\"https:\/\/v2charge.com\/fi\/?s={search_term_string}\"},\"query-input\":{\"@type\":\"PropertyValueSpecification\",\"valueRequired\":true,\"valueName\":\"search_term_string\"}}],\"inLanguage\":\"fi\"},{\"@type\":\"Organization\",\"@id\":\"https:\/\/v2charge.com\/fi\/#organization\",\"name\":\"V2C\",\"url\":\"https:\/\/v2charge.com\/fi\/\",\"logo\":{\"@type\":\"ImageObject\",\"inLanguage\":\"fi\",\"@id\":\"https:\/\/v2charge.com\/fi\/#\/schema\/logo\/image\/\",\"url\":\"https:\/\/v2charge.com\/wp-content\/uploads\/2024\/11\/cropped-v2c-charge-logo-menu.png\",\"contentUrl\":\"https:\/\/v2charge.com\/wp-content\/uploads\/2024\/11\/cropped-v2c-charge-logo-menu.png\",\"width\":984,\"height\":431,\"caption\":\"V2C\"},\"image\":{\"@id\":\"https:\/\/v2charge.com\/fi\/#\/schema\/logo\/image\/\"},\"sameAs\":[\"https:\/\/www.facebook.com\/V2C.Charge\",\"https:\/\/x.com\/V2C_Charge\",\"https:\/\/www.instagram.com\/v2c.charge\/\",\"https:\/\/www.youtube.com\/@V2C\",\"https:\/\/www.linkedin.com\/company\/v2c-chargers\/\"]}]}<\/script>\n<!-- \/ Yoast SEO plugin. -->","yoast_head_json":{"title":"Alexa-toiminnalliset komennot V2C Cloudille | V2C \u00ae","description":"Tutustu V2C-s\u00e4hk\u00f6latauslaitteesi Alexa-toimintoihin ja ala hallita ajoneuvosi latausta reaaliajassa.","robots":{"index":"index","follow":"follow","max-snippet":"max-snippet:-1","max-image-preview":"max-image-preview:large","max-video-preview":"max-video-preview:-1"},"canonical":"https:\/\/v2charge.com\/fi\/alexa-n-toiminnalliset-komennot\/","og_locale":"fi_FI","og_type":"article","og_title":"Alexa-toiminnalliset komennot V2C Cloudille | V2C \u00ae","og_description":"Tutustu V2C-s\u00e4hk\u00f6latauslaitteesi Alexa-toimintoihin ja ala hallita ajoneuvosi latausta reaaliajassa.","og_url":"https:\/\/v2charge.com\/fi\/alexa-n-toiminnalliset-komennot\/","og_site_name":"V2C","article_publisher":"https:\/\/www.facebook.com\/V2C.Charge","article_modified_time":"2026-04-21T09:40:34+00:00","og_image":[{"width":1200,"height":675,"url":"https:\/\/v2charge.com\/wp-content\/uploads\/2024\/07\/v2c-electric-chargers.jpg","type":"image\/jpeg"}],"twitter_card":"summary_large_image","twitter_site":"@V2C_Charge","twitter_misc":{"Arvioitu lukuaika":"2 minuuttia"},"schema":{"@context":"https:\/\/schema.org","@graph":[{"@type":"WebPage","@id":"https:\/\/v2charge.com\/fi\/alexa-n-toiminnalliset-komennot\/","url":"https:\/\/v2charge.com\/fi\/alexa-n-toiminnalliset-komennot\/","name":"Alexa-toiminnalliset komennot V2C Cloudille | V2C \u00ae","isPartOf":{"@id":"https:\/\/v2charge.com\/fi\/#website"},"primaryImageOfPage":{"@id":"https:\/\/v2charge.com\/fi\/alexa-n-toiminnalliset-komennot\/#primaryimage"},"image":{"@id":"https:\/\/v2charge.com\/fi\/alexa-n-toiminnalliset-komennot\/#primaryimage"},"thumbnailUrl":"https:\/\/v2charge.com\/wp-content\/uploads\/2024\/07\/v2c-electric-chargers.jpg","datePublished":"2022-03-02T12:26:43+00:00","dateModified":"2026-04-21T09:40:34+00:00","description":"Tutustu V2C-s\u00e4hk\u00f6latauslaitteesi Alexa-toimintoihin ja ala hallita ajoneuvosi latausta reaaliajassa.","breadcrumb":{"@id":"https:\/\/v2charge.com\/fi\/alexa-n-toiminnalliset-komennot\/#breadcrumb"},"inLanguage":"fi","potentialAction":[{"@type":"ReadAction","target":["https:\/\/v2charge.com\/fi\/alexa-n-toiminnalliset-komennot\/"]}]},{"@type":"ImageObject","inLanguage":"fi","@id":"https:\/\/v2charge.com\/fi\/alexa-n-toiminnalliset-komennot\/#primaryimage","url":"https:\/\/v2charge.com\/wp-content\/uploads\/2024\/07\/v2c-electric-chargers.jpg","contentUrl":"https:\/\/v2charge.com\/wp-content\/uploads\/2024\/07\/v2c-electric-chargers.jpg","width":1200,"height":675,"caption":"V2C Electric Chargers"},{"@type":"BreadcrumbList","@id":"https:\/\/v2charge.com\/fi\/alexa-n-toiminnalliset-komennot\/#breadcrumb","itemListElement":[{"@type":"ListItem","position":1,"name":"V2C","item":"https:\/\/v2charge.com\/fi\/"},{"@type":"ListItem","position":2,"name":"Alexa:n toiminnalliset komennot"}]},{"@type":"WebSite","@id":"https:\/\/v2charge.com\/fi\/#website","url":"https:\/\/v2charge.com\/fi\/","name":"V2C","description":"#CargandoElMa\u00f1ana","publisher":{"@id":"https:\/\/v2charge.com\/fi\/#organization"},"potentialAction":[{"@type":"SearchAction","target":{"@type":"EntryPoint","urlTemplate":"https:\/\/v2charge.com\/fi\/?s={search_term_string}"},"query-input":{"@type":"PropertyValueSpecification","valueRequired":true,"valueName":"search_term_string"}}],"inLanguage":"fi"},{"@type":"Organization","@id":"https:\/\/v2charge.com\/fi\/#organization","name":"V2C","url":"https:\/\/v2charge.com\/fi\/","logo":{"@type":"ImageObject","inLanguage":"fi","@id":"https:\/\/v2charge.com\/fi\/#\/schema\/logo\/image\/","url":"https:\/\/v2charge.com\/wp-content\/uploads\/2024\/11\/cropped-v2c-charge-logo-menu.png","contentUrl":"https:\/\/v2charge.com\/wp-content\/uploads\/2024\/11\/cropped-v2c-charge-logo-menu.png","width":984,"height":431,"caption":"V2C"},"image":{"@id":"https:\/\/v2charge.com\/fi\/#\/schema\/logo\/image\/"},"sameAs":["https:\/\/www.facebook.com\/V2C.Charge","https:\/\/x.com\/V2C_Charge","https:\/\/www.instagram.com\/v2c.charge\/","https:\/\/www.youtube.com\/@V2C","https:\/\/www.linkedin.com\/company\/v2c-chargers\/"]}]}},"uagb_featured_image_src":{"full":["https:\/\/v2charge.com\/wp-content\/uploads\/2024\/07\/v2c-electric-chargers.jpg",1200,675,false],"thumbnail":["https:\/\/v2charge.com\/wp-content\/uploads\/2024\/07\/v2c-electric-chargers-150x150.jpg",150,150,true],"medium":["https:\/\/v2charge.com\/wp-content\/uploads\/2024\/07\/v2c-electric-chargers-300x169.jpg",300,169,true],"medium_large":["https:\/\/v2charge.com\/wp-content\/uploads\/2024\/07\/v2c-electric-chargers-768x432.jpg",768,432,true],"large":["https:\/\/v2charge.com\/wp-content\/uploads\/2024\/07\/v2c-electric-chargers-1024x576.jpg",1024,576,true],"gs-tiny":["https:\/\/v2charge.com\/wp-content\/uploads\/2024\/07\/v2c-electric-chargers.jpg",50,28,false],"xl":["https:\/\/v2charge.com\/wp-content\/uploads\/2024\/07\/v2c-electric-chargers.jpg",1200,675,false],"xxl":["https:\/\/v2charge.com\/wp-content\/uploads\/2024\/07\/v2c-electric-chargers.jpg",1200,675,false],"xxxl":["https:\/\/v2charge.com\/wp-content\/uploads\/2024\/07\/v2c-electric-chargers.jpg",1200,675,false],"xxxxl":["https:\/\/v2charge.com\/wp-content\/uploads\/2024\/07\/v2c-electric-chargers.jpg",1200,675,false],"xxxxxl":["https:\/\/v2charge.com\/wp-content\/uploads\/2024\/07\/v2c-electric-chargers.jpg",1200,675,false],"1536x1536":["https:\/\/v2charge.com\/wp-content\/uploads\/2024\/07\/v2c-electric-chargers.jpg",1200,675,false],"2048x2048":["https:\/\/v2charge.com\/wp-content\/uploads\/2024\/07\/v2c-electric-chargers.jpg",1200,675,false]},"uagb_author_info":{"display_name":"V2C","author_link":"https:\/\/v2charge.com\/fi\/author\/root_k4eu7ki8\/"},"uagb_comment_info":0,"uagb_excerpt":"Alexan Toiminnalliset Komennot Sukellateknologiseen kokemukseen Hallitse kaikki Alexan toiminnalliset komennot ohjataksesi e-Chargeriasi \u00e4\u00e4nell\u00e4si. Innovaatio, v\u00e4litt\u00f6myys ja mukavuus ainutlaatuisen latauskokemuksen el\u00e4miseen. Yleinen kaava on: &#8221;Alexa, aseta [laturin nimi] tilaan [sana].&#8221; Lukitse laturi &#8221;\u2026Lukitse-tilaan&#8221; Avaa laturin lukitus &#8221;\u2026Avaa lukitus -tilaan&#8221; Keskeyt\u00e4 lataus &#8221;\u2026Tauko-tilaan&#8221; \/ &#8221;\u2026Keskeyt\u00e4-tilaan&#8221; \/ &#8221;\u2026Keskeytetty-tilaan&#8221; &#8221;\u2026Keskeyt\u00e4 lataus -tilaan&#8221; \/ &#8221;\u2026Pys\u00e4yt\u00e4 lataus -tilaan&#8221; &#8221;\u2026Lopeta lataus -tilaan&#8221;&hellip;","_links":{"self":[{"href":"https:\/\/v2charge.com\/fi\/wp-json\/wp\/v2\/pages\/311410","targetHints":{"allow":["GET"]}}],"collection":[{"href":"https:\/\/v2charge.com\/fi\/wp-json\/wp\/v2\/pages"}],"about":[{"href":"https:\/\/v2charge.com\/fi\/wp-json\/wp\/v2\/types\/page"}],"author":[{"embeddable":true,"href":"https:\/\/v2charge.com\/fi\/wp-json\/wp\/v2\/users\/1"}],"replies":[{"embeddable":true,"href":"https:\/\/v2charge.com\/fi\/wp-json\/wp\/v2\/comments?post=311410"}],"version-history":[{"count":1,"href":"https:\/\/v2charge.com\/fi\/wp-json\/wp\/v2\/pages\/311410\/revisions"}],"predecessor-version":[{"id":316553,"href":"https:\/\/v2charge.com\/fi\/wp-json\/wp\/v2\/pages\/311410\/revisions\/316553"}],"wp:featuredmedia":[{"embeddable":true,"href":"https:\/\/v2charge.com\/fi\/wp-json\/wp\/v2\/media\/170346"}],"wp:attachment":[{"href":"https:\/\/v2charge.com\/fi\/wp-json\/wp\/v2\/media?parent=311410"}],"curies":[{"name":"wp","href":"https:\/\/api.w.org\/{rel}","templated":true}]}}