{"id":311419,"date":"2022-09-11T18:46:25","date_gmt":"2022-09-11T16:46:25","guid":{"rendered":""},"modified":"2025-07-18T13:48:56","modified_gmt":"2025-07-18T11:48:56","slug":"yhdista-trydan-wibeee-energiamittariin","status":"publish","type":"page","link":"https:\/\/v2charge.com\/fi\/tukialue\/tehonhallinta\/dynaaminen-tehohallinta\/yhdista-trydan-wibeee-energiamittariin\/","title":{"rendered":"Yhdist\u00e4 Trydan Wibeee-energiamittariin"},"content":{"rendered":"\n<div class=\"wp-block-uagb-container uagb-block-ab7cfef6 alignfull uagb-is-root-container\"><div class=\"uagb-container-inner-blocks-wrap\"><div class=\"yoast-breadcrumbs\"><span><span><a href=\"https:\/\/v2charge.com\/fi\/\">V2C<\/a><\/span> \u00bb <span class=\"breadcrumb_last\" aria-current=\"page\">Medidor Wibeee<\/span><\/span><\/div>\n\n<div class=\"wp-block-uagb-advanced-heading uagb-block-b32c4bfc\"><h1 class=\"uagb-heading-text\">Trydanin liitt\u00e4minen Wibeee-mittariin<\/h1><\/div><\/div><\/div>\n\n\n\n<div class=\"wp-block-uagb-container uagb-block-d1d57cfd alignfull uagb-is-root-container\"><div class=\"uagb-container-inner-blocks-wrap\">\n<div class=\"wp-block-uagb-container uagb-block-1d926316 alignfull uagb-is-root-container\"><div class=\"uagb-container-inner-blocks-wrap\">\n<div class=\"wp-block-uagb-container uagb-block-3769988c\">\n<div class=\"wp-block-uagb-image aligncenter uagb-block-dd804c57 wp-block-uagb-image--layout-default wp-block-uagb-image--effect-static wp-block-uagb-image--align-center\"><figure class=\"wp-block-uagb-image__figure\"><img decoding=\"async\" srcset=\"https:\/\/v2charge.com\/wp-content\/uploads\/2023\/12\/wibee-logo.png ,https:\/\/v2charge.com\/wp-content\/uploads\/2023\/12\/wibee-logo.png 780w, https:\/\/v2charge.com\/wp-content\/uploads\/2023\/12\/wibee-logo.png 360w\" sizes=\"auto, (max-width: 480px) 150px\" src=\"https:\/\/v2charge.com\/wp-content\/uploads\/2023\/12\/wibee-logo.png\" alt=\"\" class=\"uag-image-130122\" width=\"400\" height=\"124\" title=\"\" loading=\"lazy\" role=\"img\"\/><\/figure><\/div>\n<\/div>\n\n\n\n<div class=\"wp-block-uagb-container uagb-block-a2bfc09c\"><div class=\"wp-block-uagb-advanced-heading uagb-block-892dcedd\"><p class=\"uagb-heading-text\"><strong>Trydan <\/strong>on yhteensopiva Wibeee-energiankulutusmittarin kanssa, <strong>Smilics Technologies<\/strong> -yhti\u00f6lt\u00e4, sek\u00e4 aurinkos\u00e4hk\u00f6n ett\u00e4 yksivaiheisen version osalta.<br><br>Yhteensopivat laitteet ovat,&nbsp;<strong>Wibeee Box<\/strong>, eritt\u00e4in monipuolinen mittari, jota k\u00e4ytet\u00e4\u00e4n ensisijaisesti aurinkos\u00e4hk\u00f6lle tai <strong>Wibeee Home<\/strong>. Aurinkos\u00e4hk\u00f6n liitt\u00e4miseksi on liitett\u00e4v\u00e4 klipsi 1 kokonaiskulutukseen ja klipsi 2 aurinkos\u00e4hk\u00f6n muuntajaan.<\/p><\/div><\/div>\n<\/div><\/div>\n\n\n\n<div class=\"wp-block-uagb-container uagb-block-333fb119 alignfull uagb-is-root-container\"><div class=\"uagb-container-inner-blocks-wrap\">\n<div class=\"wp-block-uagb-container uagb-block-2ff110d0 default uagb-is-root-container\">\n<div class=\"wp-block-uagb-container uagb-block-cd442c87\">\n<div class=\"wp-block-uagb-image aligncenter uagb-block-4bb46c59 wp-block-uagb-image--layout-default wp-block-uagb-image--effect-static wp-block-uagb-image--align-center\"><figure class=\"wp-block-uagb-image__figure\"><img decoding=\"async\" srcset=\"https:\/\/v2charge.com\/wp-content\/uploads\/2023\/11\/icon-important.png ,https:\/\/v2charge.com\/wp-content\/uploads\/2023\/11\/icon-important.png 780w, https:\/\/v2charge.com\/wp-content\/uploads\/2023\/11\/icon-important.png 360w\" sizes=\"auto, (max-width: 480px) 150px\" src=\"https:\/\/v2charge.com\/wp-content\/uploads\/2023\/11\/icon-important.png\" alt=\"\" class=\"uag-image-125013\" width=\"50\" height=\"50\" title=\"\" loading=\"lazy\" role=\"img\"\/><\/figure><\/div>\n<\/div>\n\n\n\n<div class=\"wp-block-uagb-container uagb-block-38de7166\"><div class=\"wp-block-uagb-advanced-heading uagb-block-37ab01f0\"><p class=\"uagb-heading-text\">Wi-Fi&nbsp;<strong>toistimien<\/strong>&nbsp;tai&nbsp;<strong>mesh-verkkojen<\/strong>&nbsp;k\u00e4ytt\u00f6 voi vaikuttaa j\u00e4rjestelm\u00e4n oikeaan toimintaan. Suosittelemme k\u00e4ytt\u00e4m\u00e4\u00e4n&nbsp;<strong>vakaita Wi-Fi-verkkoja<\/strong>&nbsp;ja&nbsp;<strong>suoraa<\/strong>&nbsp;yhteytt\u00e4 varmistaaksesi optimaalisen yhteyden latauslaitteen ja mittarin v\u00e4lill\u00e4.<\/p><\/div><\/div>\n<\/div>\n\n\n\n<div style=\"height:5px\" aria-hidden=\"true\" class=\"wp-block-spacer\"><\/div>\n<\/div><\/div>\n\n\n\n<div class=\"wp-block-uagb-separator uagb-block-824a65ea\"><div class=\"wp-block-uagb-separator__inner\" style=\"--my-background-image:\"><\/div><\/div>\n\n\n<div class=\"wp-block-uagb-advanced-heading uagb-block-bead9183\"><h2 class=\"uagb-heading-text\">Vaiheet Wibeee-mittarin WiFi-yhteyden muodostamiseen<\/h2><\/div>\n\n\n<div class=\"wp-block-uagb-container uagb-block-18eeea3d alignfull uagb-is-root-container\"><div class=\"uagb-container-inner-blocks-wrap\"><div class=\"wp-block-uagb-info-box uagb-block-bb6a2ad9 uagb-infobox__content-wrap  uagb-infobox-icon-left uagb-infobox-left uagb-infobox-stacked-tablet uagb-infobox-image-valign-top\"><div class=\"uagb-ifb-image-content\"><img decoding=\"async\" src=\"https:\/\/v2charge.com\/wp-content\/uploads\/2023\/11\/numero-uno.png\" alt=\"\" width=\"38\" height=\"38\" loading=\"lazy\"\/><\/div><div class=\"uagb-ifb-content\"><div class=\"uagb-ifb-title-wrap\"><\/div><p class=\"uagb-ifb-desc\">Sovelluksessa <strong>Wibeee Next<\/strong>, joko tietokoneella tai mobiililaitteella, etsi <strong>Wibee IP<\/strong>.<\/p><\/div><\/div>\n\n\n<div class=\"wp-block-uagb-image aligncenter uagb-block-0ede07ef wp-block-uagb-image--layout-default wp-block-uagb-image--effect-static wp-block-uagb-image--align-center\"><figure class=\"wp-block-uagb-image__figure\"><img decoding=\"async\" srcset=\"https:\/\/v2charge.com\/wp-content\/uploads\/2024\/01\/conexion-wifi-wibee-trydan.jpg ,https:\/\/v2charge.com\/wp-content\/uploads\/2024\/01\/conexion-wifi-wibee-trydan.jpg 780w, https:\/\/v2charge.com\/wp-content\/uploads\/2024\/01\/conexion-wifi-wibee-trydan.jpg 360w\" sizes=\"auto, (max-width: 480px) 150px\" src=\"https:\/\/v2charge.com\/wp-content\/uploads\/2024\/01\/conexion-wifi-wibee-trydan.jpg\" alt=\"\" class=\"uag-image-131292\" width=\"750\" height=\"257\" title=\"\" loading=\"lazy\" role=\"img\"\/><\/figure><\/div>\n<\/div><\/div>\n\n\n\n<div class=\"wp-block-uagb-separator uagb-block-1f4e5f80\"><div class=\"wp-block-uagb-separator__inner\" style=\"--my-background-image:\"><\/div><\/div>\n\n\n\n<div class=\"wp-block-uagb-container uagb-block-bf18b7b8 alignfull uagb-is-root-container\"><div class=\"uagb-container-inner-blocks-wrap\">\n<div class=\"wp-block-uagb-container uagb-block-63fc9fe5\"><div class=\"wp-block-uagb-advanced-heading uagb-block-17704ad3\"><h2 class=\"uagb-heading-text\">Wibeee-mittarin asetukset V2C Cloud -sovelluksessa<\/h2><\/div>\n\n<p>Avaa V2C Cloud -sovellus, valitse latauspiste ja siirry sitten asetukset-osioon.<br><br>Siirry dynaamisen teho-ohjauksen osioon, valitse &#8217;mittari&#8217; laitetyyppi-v\u00e4lilehdelt\u00e4 ja valitse Wibeee &#8217;mittarityyppi&#8217;-osiossa.<br><br>Lis\u00e4ksi sinun on valittava sopiva asennustyyppi.<br><br><strong>Tallenna asetukset, se on v\u00e4ltt\u00e4m\u00e4t\u00f6nt\u00e4 dynaamisen teho-ohjauksen oikean toiminnan kannalta.<\/strong><br><strong>Sen j\u00e4lkeen mukauta se niin, ett\u00e4 latauskokemuksesi sopii t\u00e4ysin sinulle.<\/strong><\/p><\/div>\n\n\n\n<div class=\"wp-block-uagb-container uagb-block-071ab2ad\">\n<div class=\"wp-block-uagb-image uagb-block-861583ee wp-block-uagb-image--layout-default wp-block-uagb-image--effect-static wp-block-uagb-image--align-none\"><figure class=\"wp-block-uagb-image__figure\"><img decoding=\"async\" srcset=\"https:\/\/v2charge.com\/wp-content\/uploads\/2024\/01\/seleccionar-medidor-wibeee.jpg ,https:\/\/v2charge.com\/wp-content\/uploads\/2024\/01\/seleccionar-medidor-wibeee.jpg 780w, https:\/\/v2charge.com\/wp-content\/uploads\/2024\/01\/seleccionar-medidor-wibeee.jpg 360w\" sizes=\"auto, (max-width: 480px) 150px\" src=\"https:\/\/v2charge.com\/wp-content\/uploads\/2024\/01\/seleccionar-medidor-wibeee.jpg\" alt=\"\" class=\"uag-image-131164\" width=\"468\" height=\"800\" title=\"\" loading=\"lazy\" role=\"img\"\/><\/figure><\/div>\n<\/div>\n<\/div><\/div>\n\n\n\n<div style=\"height:40px\" aria-hidden=\"true\" class=\"wp-block-spacer\"><\/div>\n<\/div><\/div>\n\n\n\n<div class=\"wp-block-uagb-container uagb-block-c6f38013 alignfull uagb-is-root-container\"><div class=\"uagb-container-inner-blocks-wrap\"><div class=\"wp-block-uagb-advanced-heading uagb-block-6963d70c\"><h2 class=\"uagb-heading-text\"><strong>Tarvitsetko teknist\u00e4 tukea?<\/strong><\/h2><\/div>\n\n<div class=\"wp-block-uagb-advanced-heading uagb-block-408243eb\"><p class=\"uagb-heading-text\">Luo pyynt\u00f6 Teknisen Tukikeskuksen kautta, ja otamme sinuun yhteytt\u00e4 mahdollisimman pian tarjotaksemme parhaan ratkaisun.<\/p><\/div>\n\n\n<div class=\"wp-block-uagb-buttons uagb-buttons__outer-wrap uagb-btn__default-btn uagb-btn-tablet__default-btn uagb-btn-mobile__default-btn uagb-block-ba1e67d1\"><div class=\"uagb-buttons__wrap uagb-buttons-layout-wrap \"><div class=\"wp-block-uagb-buttons-child uagb-buttons__outer-wrap uagb-block-23cfb623 wp-block-button\"><div class=\"uagb-button__wrapper\"><a class=\"uagb-buttons-repeater wp-block-button__link\" aria-label=\"\" href=\"https:\/\/v2charge.atlassian.net\/servicedesk\/customer\/portal\/3\" rel=\"follow noopener\" target=\"_self\" role=\"button\"><div class=\"uagb-button__link\">Ota yhteytt\u00e4 tekniseen tukeen<\/div><\/a><\/div><\/div><\/div><\/div>\n<\/div><\/div>\n","protected":false},"excerpt":{"rendered":"<p>Trydanin liitt\u00e4minen Wibeee-mittariin Trydan on yhteensopiva Wibeee-energiankulutusmittarin kanssa, Smilics Technologies -yhti\u00f6lt\u00e4, sek\u00e4 aurinkos\u00e4hk\u00f6n ett\u00e4 yksivaiheisen version osalta. Yhteensopivat laitteet ovat,&nbsp;Wibeee Box, eritt\u00e4in monipuolinen mittari, jota k\u00e4ytet\u00e4\u00e4n ensisijaisesti aurinkos\u00e4hk\u00f6lle tai Wibeee Home. Aurinkos\u00e4hk\u00f6n liitt\u00e4miseksi on liitett\u00e4v\u00e4 klipsi 1 kokonaiskulutukseen ja klipsi 2 aurinkos\u00e4hk\u00f6n muuntajaan. Wi-Fi&nbsp;toistimien&nbsp;tai&nbsp;mesh-verkkojen&nbsp;k\u00e4ytt\u00f6 voi vaikuttaa j\u00e4rjestelm\u00e4n oikeaan toimintaan. Suosittelemme k\u00e4ytt\u00e4m\u00e4\u00e4n&nbsp;vakaita Wi-Fi-verkkoja&nbsp;ja&nbsp;suoraa&nbsp;yhteytt\u00e4 varmistaaksesi optimaalisen yhteyden &#8230; <a title=\"Yhdist\u00e4 Trydan Wibeee-energiamittariin\" class=\"read-more\" href=\"https:\/\/v2charge.com\/fi\/tukialue\/tehonhallinta\/dynaaminen-tehohallinta\/yhdista-trydan-wibeee-energiamittariin\/\" aria-label=\"Lue lis\u00e4\u00e4 aiheesta Yhdist\u00e4 Trydan Wibeee-energiamittariin\">Lue lis\u00e4\u00e4<\/a><\/p>\n","protected":false},"author":1,"featured_media":170346,"parent":311450,"menu_order":0,"comment_status":"closed","ping_status":"closed","template":"","meta":{"_eb_attr":"","content-type":"","_uag_custom_page_level_css":"","footnotes":""},"class_list":["post-311419","page","type-page","status-publish","has-post-thumbnail"],"yoast_head":"<!-- This site is optimized with the Yoast SEO plugin v25.3.1 - https:\/\/yoast.com\/wordpress\/plugins\/seo\/ -->\n<title>Yhteys Trydan-laturiin - Wibeee-energiamittari | V2C<\/title>\n<meta name=\"description\" content=\"Opi liitt\u00e4m\u00e4\u00e4n Trydan-laturisi Wibeee-energiamittariin. Aloita s\u00e4hk\u00f6isen latausprosessisi optimointi jo t\u00e4n\u00e4\u00e4n!\" \/>\n<meta name=\"robots\" content=\"index, follow, max-snippet:-1, max-image-preview:large, max-video-preview:-1\" \/>\n<link rel=\"canonical\" href=\"https:\/\/v2charge.com\/fi\/soporte\/trydan\/integracion-fotovoltaica\/medidor-wibeee\/\" \/>\n<meta property=\"og:locale\" content=\"fi_FI\" \/>\n<meta property=\"og:type\" content=\"article\" \/>\n<meta property=\"og:title\" content=\"Yhteys Trydan-laturiin - Wibeee-energiamittari | V2C\" \/>\n<meta property=\"og:description\" content=\"Opi liitt\u00e4m\u00e4\u00e4n Trydan-laturisi Wibeee-energiamittariin. Aloita s\u00e4hk\u00f6isen latausprosessisi optimointi jo t\u00e4n\u00e4\u00e4n!\" \/>\n<meta property=\"og:url\" content=\"https:\/\/v2charge.com\/fi\/soporte\/trydan\/integracion-fotovoltaica\/medidor-wibeee\/\" \/>\n<meta property=\"og:site_name\" content=\"V2C\" \/>\n<meta property=\"article:publisher\" content=\"https:\/\/www.facebook.com\/V2C.Charge\" \/>\n<meta property=\"article:modified_time\" content=\"2025-07-18T11:48:56+00:00\" \/>\n<meta property=\"og:image\" content=\"https:\/\/v2charge.com\/wp-content\/uploads\/2024\/07\/v2c-electric-chargers.jpg\" \/>\n\t<meta property=\"og:image:width\" content=\"1200\" \/>\n\t<meta property=\"og:image:height\" content=\"675\" \/>\n\t<meta property=\"og:image:type\" content=\"image\/jpeg\" \/>\n<meta name=\"twitter:card\" content=\"summary_large_image\" \/>\n<meta name=\"twitter:site\" content=\"@V2C_Charge\" \/>\n<meta name=\"twitter:label1\" content=\"Arvioitu lukuaika\" \/>\n\t<meta name=\"twitter:data1\" content=\"3 minuuttia\" \/>\n<script type=\"application\/ld+json\" class=\"yoast-schema-graph\">{\"@context\":\"https:\/\/schema.org\",\"@graph\":[{\"@type\":\"WebPage\",\"@id\":\"https:\/\/v2charge.com\/fi\/tukialue\/tehonhallinta\/dynaaminen-tehohallinta\/yhdista-trydan-wibeee-energiamittariin\/\",\"url\":\"https:\/\/v2charge.com\/fi\/soporte\/trydan\/integracion-fotovoltaica\/medidor-wibeee\/\",\"name\":\"Yhteys Trydan-laturiin - Wibeee-energiamittari | V2C\",\"isPartOf\":{\"@id\":\"https:\/\/v2charge.com\/fi\/#website\"},\"primaryImageOfPage\":{\"@id\":\"https:\/\/v2charge.com\/fi\/soporte\/trydan\/integracion-fotovoltaica\/medidor-wibeee\/#primaryimage\"},\"image\":{\"@id\":\"https:\/\/v2charge.com\/fi\/soporte\/trydan\/integracion-fotovoltaica\/medidor-wibeee\/#primaryimage\"},\"thumbnailUrl\":\"https:\/\/v2charge.com\/wp-content\/uploads\/2024\/07\/v2c-electric-chargers.jpg\",\"datePublished\":\"2022-09-11T16:46:25+00:00\",\"dateModified\":\"2025-07-18T11:48:56+00:00\",\"description\":\"Opi liitt\u00e4m\u00e4\u00e4n Trydan-laturisi Wibeee-energiamittariin. Aloita s\u00e4hk\u00f6isen latausprosessisi optimointi jo t\u00e4n\u00e4\u00e4n!\",\"breadcrumb\":{\"@id\":\"https:\/\/v2charge.com\/fi\/soporte\/trydan\/integracion-fotovoltaica\/medidor-wibeee\/#breadcrumb\"},\"inLanguage\":\"fi\",\"potentialAction\":[{\"@type\":\"ReadAction\",\"target\":[\"https:\/\/v2charge.com\/fi\/soporte\/trydan\/integracion-fotovoltaica\/medidor-wibeee\/\"]}]},{\"@type\":\"ImageObject\",\"inLanguage\":\"fi\",\"@id\":\"https:\/\/v2charge.com\/fi\/soporte\/trydan\/integracion-fotovoltaica\/medidor-wibeee\/#primaryimage\",\"url\":\"https:\/\/v2charge.com\/wp-content\/uploads\/2024\/07\/v2c-electric-chargers.jpg\",\"contentUrl\":\"https:\/\/v2charge.com\/wp-content\/uploads\/2024\/07\/v2c-electric-chargers.jpg\",\"width\":1200,\"height\":675,\"caption\":\"V2C Electric Chargers\"},{\"@type\":\"BreadcrumbList\",\"@id\":\"https:\/\/v2charge.com\/fi\/soporte\/trydan\/integracion-fotovoltaica\/medidor-wibeee\/#breadcrumb\",\"itemListElement\":[{\"@type\":\"ListItem\",\"position\":1,\"name\":\"V2C\",\"item\":\"https:\/\/v2charge.com\/fi\/\"},{\"@type\":\"ListItem\",\"position\":2,\"name\":\"Medidor Wibeee\"}]},{\"@type\":\"WebSite\",\"@id\":\"https:\/\/v2charge.com\/fi\/#website\",\"url\":\"https:\/\/v2charge.com\/fi\/\",\"name\":\"V2C\",\"description\":\"#CargandoElMa\u00f1ana\",\"publisher\":{\"@id\":\"https:\/\/v2charge.com\/fi\/#organization\"},\"potentialAction\":[{\"@type\":\"SearchAction\",\"target\":{\"@type\":\"EntryPoint\",\"urlTemplate\":\"https:\/\/v2charge.com\/fi\/?s={search_term_string}\"},\"query-input\":{\"@type\":\"PropertyValueSpecification\",\"valueRequired\":true,\"valueName\":\"search_term_string\"}}],\"inLanguage\":\"fi\"},{\"@type\":\"Organization\",\"@id\":\"https:\/\/v2charge.com\/fi\/#organization\",\"name\":\"V2C\",\"url\":\"https:\/\/v2charge.com\/fi\/\",\"logo\":{\"@type\":\"ImageObject\",\"inLanguage\":\"fi\",\"@id\":\"https:\/\/v2charge.com\/fi\/#\/schema\/logo\/image\/\",\"url\":\"https:\/\/v2charge.com\/wp-content\/uploads\/2024\/11\/cropped-v2c-charge-logo-menu.png\",\"contentUrl\":\"https:\/\/v2charge.com\/wp-content\/uploads\/2024\/11\/cropped-v2c-charge-logo-menu.png\",\"width\":984,\"height\":431,\"caption\":\"V2C\"},\"image\":{\"@id\":\"https:\/\/v2charge.com\/fi\/#\/schema\/logo\/image\/\"},\"sameAs\":[\"https:\/\/www.facebook.com\/V2C.Charge\",\"https:\/\/x.com\/V2C_Charge\",\"https:\/\/www.instagram.com\/v2c.charge\/\",\"https:\/\/www.youtube.com\/@V2C\",\"https:\/\/www.linkedin.com\/company\/v2c-chargers\/\"]}]}<\/script>\n<!-- \/ Yoast SEO plugin. -->","yoast_head_json":{"title":"Yhteys Trydan-laturiin - Wibeee-energiamittari | V2C","description":"Opi liitt\u00e4m\u00e4\u00e4n Trydan-laturisi Wibeee-energiamittariin. Aloita s\u00e4hk\u00f6isen latausprosessisi optimointi jo t\u00e4n\u00e4\u00e4n!","robots":{"index":"index","follow":"follow","max-snippet":"max-snippet:-1","max-image-preview":"max-image-preview:large","max-video-preview":"max-video-preview:-1"},"canonical":"https:\/\/v2charge.com\/fi\/soporte\/trydan\/integracion-fotovoltaica\/medidor-wibeee\/","og_locale":"fi_FI","og_type":"article","og_title":"Yhteys Trydan-laturiin - Wibeee-energiamittari | V2C","og_description":"Opi liitt\u00e4m\u00e4\u00e4n Trydan-laturisi Wibeee-energiamittariin. Aloita s\u00e4hk\u00f6isen latausprosessisi optimointi jo t\u00e4n\u00e4\u00e4n!","og_url":"https:\/\/v2charge.com\/fi\/soporte\/trydan\/integracion-fotovoltaica\/medidor-wibeee\/","og_site_name":"V2C","article_publisher":"https:\/\/www.facebook.com\/V2C.Charge","article_modified_time":"2025-07-18T11:48:56+00:00","og_image":[{"width":1200,"height":675,"url":"https:\/\/v2charge.com\/wp-content\/uploads\/2024\/07\/v2c-electric-chargers.jpg","type":"image\/jpeg"}],"twitter_card":"summary_large_image","twitter_site":"@V2C_Charge","twitter_misc":{"Arvioitu lukuaika":"3 minuuttia"},"schema":{"@context":"https:\/\/schema.org","@graph":[{"@type":"WebPage","@id":"https:\/\/v2charge.com\/fi\/tukialue\/tehonhallinta\/dynaaminen-tehohallinta\/yhdista-trydan-wibeee-energiamittariin\/","url":"https:\/\/v2charge.com\/fi\/soporte\/trydan\/integracion-fotovoltaica\/medidor-wibeee\/","name":"Yhteys Trydan-laturiin - Wibeee-energiamittari | V2C","isPartOf":{"@id":"https:\/\/v2charge.com\/fi\/#website"},"primaryImageOfPage":{"@id":"https:\/\/v2charge.com\/fi\/soporte\/trydan\/integracion-fotovoltaica\/medidor-wibeee\/#primaryimage"},"image":{"@id":"https:\/\/v2charge.com\/fi\/soporte\/trydan\/integracion-fotovoltaica\/medidor-wibeee\/#primaryimage"},"thumbnailUrl":"https:\/\/v2charge.com\/wp-content\/uploads\/2024\/07\/v2c-electric-chargers.jpg","datePublished":"2022-09-11T16:46:25+00:00","dateModified":"2025-07-18T11:48:56+00:00","description":"Opi liitt\u00e4m\u00e4\u00e4n Trydan-laturisi Wibeee-energiamittariin. Aloita s\u00e4hk\u00f6isen latausprosessisi optimointi jo t\u00e4n\u00e4\u00e4n!","breadcrumb":{"@id":"https:\/\/v2charge.com\/fi\/soporte\/trydan\/integracion-fotovoltaica\/medidor-wibeee\/#breadcrumb"},"inLanguage":"fi","potentialAction":[{"@type":"ReadAction","target":["https:\/\/v2charge.com\/fi\/soporte\/trydan\/integracion-fotovoltaica\/medidor-wibeee\/"]}]},{"@type":"ImageObject","inLanguage":"fi","@id":"https:\/\/v2charge.com\/fi\/soporte\/trydan\/integracion-fotovoltaica\/medidor-wibeee\/#primaryimage","url":"https:\/\/v2charge.com\/wp-content\/uploads\/2024\/07\/v2c-electric-chargers.jpg","contentUrl":"https:\/\/v2charge.com\/wp-content\/uploads\/2024\/07\/v2c-electric-chargers.jpg","width":1200,"height":675,"caption":"V2C Electric Chargers"},{"@type":"BreadcrumbList","@id":"https:\/\/v2charge.com\/fi\/soporte\/trydan\/integracion-fotovoltaica\/medidor-wibeee\/#breadcrumb","itemListElement":[{"@type":"ListItem","position":1,"name":"V2C","item":"https:\/\/v2charge.com\/fi\/"},{"@type":"ListItem","position":2,"name":"Medidor Wibeee"}]},{"@type":"WebSite","@id":"https:\/\/v2charge.com\/fi\/#website","url":"https:\/\/v2charge.com\/fi\/","name":"V2C","description":"#CargandoElMa\u00f1ana","publisher":{"@id":"https:\/\/v2charge.com\/fi\/#organization"},"potentialAction":[{"@type":"SearchAction","target":{"@type":"EntryPoint","urlTemplate":"https:\/\/v2charge.com\/fi\/?s={search_term_string}"},"query-input":{"@type":"PropertyValueSpecification","valueRequired":true,"valueName":"search_term_string"}}],"inLanguage":"fi"},{"@type":"Organization","@id":"https:\/\/v2charge.com\/fi\/#organization","name":"V2C","url":"https:\/\/v2charge.com\/fi\/","logo":{"@type":"ImageObject","inLanguage":"fi","@id":"https:\/\/v2charge.com\/fi\/#\/schema\/logo\/image\/","url":"https:\/\/v2charge.com\/wp-content\/uploads\/2024\/11\/cropped-v2c-charge-logo-menu.png","contentUrl":"https:\/\/v2charge.com\/wp-content\/uploads\/2024\/11\/cropped-v2c-charge-logo-menu.png","width":984,"height":431,"caption":"V2C"},"image":{"@id":"https:\/\/v2charge.com\/fi\/#\/schema\/logo\/image\/"},"sameAs":["https:\/\/www.facebook.com\/V2C.Charge","https:\/\/x.com\/V2C_Charge","https:\/\/www.instagram.com\/v2c.charge\/","https:\/\/www.youtube.com\/@V2C","https:\/\/www.linkedin.com\/company\/v2c-chargers\/"]}]}},"uagb_featured_image_src":{"full":["https:\/\/v2charge.com\/wp-content\/uploads\/2024\/07\/v2c-electric-chargers.jpg",1200,675,false],"thumbnail":["https:\/\/v2charge.com\/wp-content\/uploads\/2024\/07\/v2c-electric-chargers-150x150.jpg",150,150,true],"medium":["https:\/\/v2charge.com\/wp-content\/uploads\/2024\/07\/v2c-electric-chargers-300x169.jpg",300,169,true],"medium_large":["https:\/\/v2charge.com\/wp-content\/uploads\/2024\/07\/v2c-electric-chargers-768x432.jpg",768,432,true],"large":["https:\/\/v2charge.com\/wp-content\/uploads\/2024\/07\/v2c-electric-chargers-1024x576.jpg",1024,576,true],"gs-tiny":["https:\/\/v2charge.com\/wp-content\/uploads\/2024\/07\/v2c-electric-chargers.jpg",50,28,false],"xl":["https:\/\/v2charge.com\/wp-content\/uploads\/2024\/07\/v2c-electric-chargers.jpg",1200,675,false],"xxl":["https:\/\/v2charge.com\/wp-content\/uploads\/2024\/07\/v2c-electric-chargers.jpg",1200,675,false],"xxxl":["https:\/\/v2charge.com\/wp-content\/uploads\/2024\/07\/v2c-electric-chargers.jpg",1200,675,false],"xxxxl":["https:\/\/v2charge.com\/wp-content\/uploads\/2024\/07\/v2c-electric-chargers.jpg",1200,675,false],"xxxxxl":["https:\/\/v2charge.com\/wp-content\/uploads\/2024\/07\/v2c-electric-chargers.jpg",1200,675,false],"1536x1536":["https:\/\/v2charge.com\/wp-content\/uploads\/2024\/07\/v2c-electric-chargers.jpg",1200,675,false],"2048x2048":["https:\/\/v2charge.com\/wp-content\/uploads\/2024\/07\/v2c-electric-chargers.jpg",1200,675,false]},"uagb_author_info":{"display_name":"V2C","author_link":"https:\/\/v2charge.com\/fi\/author\/root_k4eu7ki8\/"},"uagb_comment_info":0,"uagb_excerpt":"Trydanin liitt\u00e4minen Wibeee-mittariin Trydan on yhteensopiva Wibeee-energiankulutusmittarin kanssa, Smilics Technologies -yhti\u00f6lt\u00e4, sek\u00e4 aurinkos\u00e4hk\u00f6n ett\u00e4 yksivaiheisen version osalta. Yhteensopivat laitteet ovat,&nbsp;Wibeee Box, eritt\u00e4in monipuolinen mittari, jota k\u00e4ytet\u00e4\u00e4n ensisijaisesti aurinkos\u00e4hk\u00f6lle tai Wibeee Home. Aurinkos\u00e4hk\u00f6n liitt\u00e4miseksi on liitett\u00e4v\u00e4 klipsi 1 kokonaiskulutukseen ja klipsi 2 aurinkos\u00e4hk\u00f6n muuntajaan. Wi-Fi&nbsp;toistimien&nbsp;tai&nbsp;mesh-verkkojen&nbsp;k\u00e4ytt\u00f6 voi vaikuttaa j\u00e4rjestelm\u00e4n oikeaan toimintaan. Suosittelemme k\u00e4ytt\u00e4m\u00e4\u00e4n&nbsp;vakaita Wi-Fi-verkkoja&nbsp;ja&nbsp;suoraa&nbsp;yhteytt\u00e4 varmistaaksesi optimaalisen yhteyden&hellip;","_links":{"self":[{"href":"https:\/\/v2charge.com\/fi\/wp-json\/wp\/v2\/pages\/311419","targetHints":{"allow":["GET"]}}],"collection":[{"href":"https:\/\/v2charge.com\/fi\/wp-json\/wp\/v2\/pages"}],"about":[{"href":"https:\/\/v2charge.com\/fi\/wp-json\/wp\/v2\/types\/page"}],"author":[{"embeddable":true,"href":"https:\/\/v2charge.com\/fi\/wp-json\/wp\/v2\/users\/1"}],"replies":[{"embeddable":true,"href":"https:\/\/v2charge.com\/fi\/wp-json\/wp\/v2\/comments?post=311419"}],"version-history":[{"count":0,"href":"https:\/\/v2charge.com\/fi\/wp-json\/wp\/v2\/pages\/311419\/revisions"}],"up":[{"embeddable":true,"href":"https:\/\/v2charge.com\/fi\/wp-json\/wp\/v2\/pages\/311450"}],"wp:featuredmedia":[{"embeddable":true,"href":"https:\/\/v2charge.com\/fi\/wp-json\/wp\/v2\/media\/170346"}],"wp:attachment":[{"href":"https:\/\/v2charge.com\/fi\/wp-json\/wp\/v2\/media?parent=311419"}],"curies":[{"name":"wp","href":"https:\/\/api.w.org\/{rel}","templated":true}]}}