{"id":311424,"date":"2022-10-11T16:50:05","date_gmt":"2022-10-11T16:50:05","guid":{"rendered":""},"modified":"2026-01-09T17:25:05","modified_gmt":"2026-01-09T15:25:05","slug":"trydanin-yhteys-victroniin","status":"publish","type":"page","link":"https:\/\/v2charge.com\/fi\/tukialue\/tehonhallinta\/dynaaminen-tehohallinta\/aurinkosahkon-integrointi\/trydanin-yhteys-victroniin\/","title":{"rendered":"Trydanin yhteys Victroniin"},"content":{"rendered":"\n<div class=\"wp-block-uagb-container uagb-block-917b89c6 alignfull uagb-is-root-container\"><div class=\"uagb-container-inner-blocks-wrap\"><div class=\"yoast-breadcrumbs\"><span><span><a href=\"https:\/\/v2charge.com\/fi\/\">V2C<\/a><\/span> \u00bb <span class=\"breadcrumb_last\" aria-current=\"page\">Trydanin yhteys Victroniin<\/span><\/span><\/div>\n\n<h1 class=\"wp-block-heading\">Trydanin liit\u00e4nt\u00e4 Victroniin<\/h1>\n\n\n<div class=\"wp-block-uagb-container uagb-block-6ff3315e alignfull uagb-is-root-container\"><div class=\"uagb-container-inner-blocks-wrap\">\n<div class=\"wp-block-uagb-container uagb-block-d07bdd19\"><p>Liitt\u00e4m\u00e4ll\u00e4 Trydan-latauspisteesi Victron-muuntajaan voit liitt\u00e4\u00e4 latauspisteesi suoraan ja k\u00e4ytt\u00e4\u00e4 \u00e4lykk\u00e4it\u00e4 dynaamisen ohjauksen toimintoja.<\/p><\/div>\n\n\n\n<div class=\"wp-block-uagb-container uagb-block-56f0a249\">\n<div class=\"wp-block-uagb-image uagb-block-a6b3aa91 wp-block-uagb-image--layout-default wp-block-uagb-image--effect-static wp-block-uagb-image--align-none\"><figure class=\"wp-block-uagb-image__figure\"><img decoding=\"async\" srcset=\"https:\/\/v2charge.com\/wp-content\/uploads\/2023\/12\/inversor-victron-logo.jpg ,https:\/\/v2charge.com\/wp-content\/uploads\/2023\/12\/inversor-victron-logo.jpg 780w, https:\/\/v2charge.com\/wp-content\/uploads\/2023\/12\/inversor-victron-logo.jpg 360w\" sizes=\"auto, (max-width: 480px) 150px\" src=\"https:\/\/v2charge.com\/wp-content\/uploads\/2023\/12\/inversor-victron-logo.jpg\" alt=\"\" class=\"uag-image-129142\" width=\"250\" height=\"47\" title=\"\" loading=\"lazy\" role=\"img\"\/><\/figure><\/div>\n<\/div>\n<\/div><\/div>\n\n\n\n<div class=\"wp-block-uagb-container uagb-block-333fb119 alignfull uagb-is-root-container\"><div class=\"uagb-container-inner-blocks-wrap\">\n<div class=\"wp-block-uagb-container uagb-block-2ff110d0 default uagb-is-root-container\">\n<div class=\"wp-block-uagb-container uagb-block-cd442c87\">\n<div class=\"wp-block-uagb-image aligncenter uagb-block-4bb46c59 wp-block-uagb-image--layout-default wp-block-uagb-image--effect-static wp-block-uagb-image--align-center\"><figure class=\"wp-block-uagb-image__figure\"><img decoding=\"async\" srcset=\"https:\/\/v2charge.com\/wp-content\/uploads\/2023\/11\/icon-important.png ,https:\/\/v2charge.com\/wp-content\/uploads\/2023\/11\/icon-important.png 780w, https:\/\/v2charge.com\/wp-content\/uploads\/2023\/11\/icon-important.png 360w\" sizes=\"auto, (max-width: 480px) 150px\" src=\"https:\/\/v2charge.com\/wp-content\/uploads\/2023\/11\/icon-important.png\" alt=\"\" class=\"uag-image-125013\" width=\"50\" height=\"50\" title=\"\" loading=\"lazy\" role=\"img\"\/><\/figure><\/div>\n<\/div>\n\n\n\n<div class=\"wp-block-uagb-container uagb-block-38de7166\"><div class=\"wp-block-uagb-advanced-heading uagb-block-37ab01f0\"><p class=\"uagb-heading-text\">Wi-Fi&nbsp;<strong>toistimien<\/strong>&nbsp;tai&nbsp;<strong>mesh-verkkojen<\/strong>&nbsp;k\u00e4ytt\u00f6 voi vaikuttaa j\u00e4rjestelm\u00e4n oikeaan toimintaan. Suosittelemme k\u00e4ytt\u00e4m\u00e4\u00e4n&nbsp;<strong>vakaita Wi-Fi-verkkoja<\/strong>&nbsp;ja<strong> suoraa<\/strong>&nbsp;yhteytt\u00e4 varmistaaksemme optimaalisen yhteyden latauslaitteen ja invertterin v\u00e4lill\u00e4.<\/p><\/div><\/div>\n<\/div>\n\n\n\n<div style=\"height:5px\" aria-hidden=\"true\" class=\"wp-block-spacer\"><\/div>\n<\/div><\/div>\n\n\n\n<div class=\"wp-block-uagb-separator uagb-block-37d1f752\"><div class=\"wp-block-uagb-separator__inner\" style=\"--my-background-image:\"><\/div><\/div>\n\n\n<h2 class=\"wp-block-heading\">Kuinka liitt\u00e4\u00e4 invertteri laitteeseen<\/h2>\n\n<p>Yhteyden muodostaminen laitteeseen on eritt\u00e4in helppoa. Toimintaa varten sinun on asennettava Victron Cerbo GX -invertteri. Cerbo GX:n asetuksista sinun on aktivoitava RS Modbus 485 TCP. T\u00e4m\u00e4 voidaan tehd\u00e4 n\u00e4yt\u00f6lt\u00e4 tai IP-osoitteen kautta Cerbo GX:lt\u00e4 tietokoneen avulla. Victronin IP-osoite on l\u00f6ydett\u00e4viss\u00e4 useista paikoista (itse n\u00e4yt\u00f6lt\u00e4, bluetooth-sovelluksesta\u2026).<\/p>\n\n<p>Valitse asetukset ja j\u00e4t\u00e4 RS485 Modbus <em>k\u00e4yt\u00f6ss\u00e4<\/em>.<\/p>\n\n\n<div class=\"wp-block-uagb-buttons uagb-buttons__outer-wrap uagb-btn__medium-btn uagb-btn-tablet__default-btn uagb-btn-mobile__default-btn uagb-block-45c5baf0\"><div class=\"uagb-buttons__wrap uagb-buttons-layout-wrap \"><div class=\"wp-block-uagb-buttons-child uagb-buttons__outer-wrap uagb-block-9f1c2648 wp-block-button\"><div class=\"uagb-button__wrapper\"><a class=\"uagb-buttons-repeater wp-block-button__link\" aria-label=\"\" href=\"https:\/\/youtube.com\/shorts\/UY4wZ1ynKHo?si=oxo1lFP1_6NZGQdy\" rel=\"follow noopener\" target=\"_self\" role=\"button\"><div class=\"uagb-button__link\">Katso video<\/div><\/a><\/div><\/div><\/div><\/div>\n\n\n\n<div class=\"wp-block-uagb-image aligncenter uagb-block-5d46d4c2 wp-block-uagb-image--layout-default wp-block-uagb-image--effect-static wp-block-uagb-image--align-center\"><figure class=\"wp-block-uagb-image__figure\"><img decoding=\"async\" srcset=\"https:\/\/v2charge.com\/wp-content\/uploads\/2022\/10\/modbus-tcp-victron.png ,https:\/\/v2charge.com\/wp-content\/uploads\/2022\/10\/modbus-tcp-victron.png 780w, https:\/\/v2charge.com\/wp-content\/uploads\/2022\/10\/modbus-tcp-victron.png 360w\" sizes=\"auto, (max-width: 480px) 150px\" src=\"https:\/\/v2charge.com\/wp-content\/uploads\/2022\/10\/modbus-tcp-victron.png\" alt=\"\" class=\"uag-image-85532\" width=\"1642\" height=\"704\" title=\"\" loading=\"lazy\" role=\"img\"\/><\/figure><\/div>\n<\/div><\/div>\n\n\n\n<div class=\"wp-block-uagb-container uagb-block-1fb723ac alignfull uagb-is-root-container\"><div class=\"uagb-container-inner-blocks-wrap\">\n<div class=\"wp-block-uagb-container uagb-block-f9070278\"><p>Sovelluksessa seuraa ohjeita aktivoidaksesi <a href=\"https:\/\/v2charge.com\/tukialue\/trydan-tuki\/control-dinamico-potencia\/\">Dynaamisen Tehon Ohjauksen<\/a>&nbsp;ja invertteriss\u00e4 <strong>valitse Victron<\/strong>.<\/p><\/div>\n\n\n\n<div class=\"wp-block-uagb-container uagb-block-bf7d8139\">\n<div class=\"wp-block-uagb-image aligncenter uagb-block-bfeb1bc2 wp-block-uagb-image--layout-default wp-block-uagb-image--effect-static wp-block-uagb-image--align-center\"><figure class=\"wp-block-uagb-image__figure\"><img decoding=\"async\" srcset=\"https:\/\/v2charge.com\/wp-content\/uploads\/2024\/01\/victron-inversor.jpg ,https:\/\/v2charge.com\/wp-content\/uploads\/2024\/01\/victron-inversor.jpg 780w, https:\/\/v2charge.com\/wp-content\/uploads\/2024\/01\/victron-inversor.jpg 360w\" sizes=\"auto, (max-width: 480px) 150px\" src=\"https:\/\/v2charge.com\/wp-content\/uploads\/2024\/01\/victron-inversor.jpg\" alt=\"\" class=\"uag-image-133304\" width=\"468\" height=\"800\" title=\"\" loading=\"lazy\" role=\"img\"\/><\/figure><\/div>\n<\/div>\n<\/div><\/div>\n\n\n\n<div class=\"wp-block-uagb-container uagb-block-c6f38013 alignfull uagb-is-root-container\"><div class=\"uagb-container-inner-blocks-wrap\"><div class=\"wp-block-uagb-advanced-heading uagb-block-6963d70c\"><h2 class=\"uagb-heading-text\"><strong>Tarvitsetko teknist\u00e4 tukea?<\/strong><\/h2><\/div>\n\n<div class=\"wp-block-uagb-advanced-heading uagb-block-408243eb\"><p class=\"uagb-heading-text\">Ratkaise ongelmasi heti IA-chatimme kautta. Jos ongelma ei ratkea, luo pyynt\u00f6 Tekniseen Tukikeskukseen, ja otamme sinuun yhteytt\u00e4 mahdollisimman pian tarjotaksemme parhaan ratkaisun.<\/p><\/div>\n\n<div class=\"wp-block-uagb-info-box uagb-block-12e3cf1c uagb-infobox__content-wrap  uagb-infobox-icon-left uagb-infobox-left uagb-infobox-image-valign-top wp-block-uagb-info-box--has-margin ai-chatbot-button\"><div class=\"uagb-infobox-margin-wrapper\"><div class=\"uagb-ifb-image-content\"><img decoding=\"async\" src=\"https:\/\/v2charge.com\/wp-content\/uploads\/2026\/01\/support-ai-chatbot.png\" alt=\"\" width=\"20\" height=\"19\" loading=\"lazy\"\/><\/div><div class=\"uagb-ifb-content\"><div class=\"uagb-ifb-title-wrap\"><\/div><div class=\"uagb-ifb-button-wrapper wp-block-button\"><a href=\"https:\/\/v2charge.com\/v2c-support-web\/\" class=\"uagb-infobox-cta-link wp-block-button__link\" target=\"_blank\" rel=\"noopener noreferrer\" onclick=\"return true;\"><span class=\"uagb-inline-editing\">Kysy AI-chatbotiltamme<\/span><\/a><\/div><\/div><\/div><\/div>\n\n\n<div class=\"wp-block-uagb-buttons uagb-buttons__outer-wrap uagb-btn__default-btn uagb-btn-tablet__default-btn uagb-btn-mobile__default-btn uagb-block-ba1e67d1\"><div class=\"uagb-buttons__wrap uagb-buttons-layout-wrap \"><div class=\"wp-block-uagb-buttons-child uagb-buttons__outer-wrap uagb-block-23cfb623 wp-block-button\"><div class=\"uagb-button__wrapper\"><a class=\"uagb-buttons-repeater wp-block-button__link\" aria-label=\"\" href=\"https:\/\/v2charge.atlassian.net\/servicedesk\/customer\/portal\/3\" rel=\"follow noopener\" target=\"_blank\" role=\"button\"><div class=\"uagb-button__link\">Ota yhteytt\u00e4 tekniseen tukeen<\/div><\/a><\/div><\/div><\/div><\/div>\n<\/div><\/div>\n","protected":false},"excerpt":{"rendered":"<p>Trydanin liit\u00e4nt\u00e4 Victroniin Liitt\u00e4m\u00e4ll\u00e4 Trydan-latauspisteesi Victron-muuntajaan voit liitt\u00e4\u00e4 latauspisteesi suoraan ja k\u00e4ytt\u00e4\u00e4 \u00e4lykk\u00e4it\u00e4 dynaamisen ohjauksen toimintoja. Wi-Fi&nbsp;toistimien&nbsp;tai&nbsp;mesh-verkkojen&nbsp;k\u00e4ytt\u00f6 voi vaikuttaa j\u00e4rjestelm\u00e4n oikeaan toimintaan. Suosittelemme k\u00e4ytt\u00e4m\u00e4\u00e4n&nbsp;vakaita Wi-Fi-verkkoja&nbsp;ja suoraa&nbsp;yhteytt\u00e4 varmistaaksemme optimaalisen yhteyden latauslaitteen ja invertterin v\u00e4lill\u00e4. Kuinka liitt\u00e4\u00e4 invertteri laitteeseen Yhteyden muodostaminen laitteeseen on eritt\u00e4in helppoa. Toimintaa varten sinun on asennettava Victron Cerbo GX -invertteri. Cerbo GX:n asetuksista &#8230; <a title=\"Trydanin yhteys Victroniin\" class=\"read-more\" href=\"https:\/\/v2charge.com\/fi\/tukialue\/tehonhallinta\/dynaaminen-tehohallinta\/aurinkosahkon-integrointi\/trydanin-yhteys-victroniin\/\" aria-label=\"Lue lis\u00e4\u00e4 aiheesta Trydanin yhteys Victroniin\">Lue lis\u00e4\u00e4<\/a><\/p>\n","protected":false},"author":1,"featured_media":170346,"parent":311461,"menu_order":0,"comment_status":"closed","ping_status":"closed","template":"","meta":{"_eb_attr":"","content-type":"","_uag_custom_page_level_css":"","footnotes":""},"class_list":["post-311424","page","type-page","status-publish","has-post-thumbnail"],"yoast_head":"<!-- This site is optimized with the Yoast SEO plugin v25.3.1 - https:\/\/yoast.com\/wordpress\/plugins\/seo\/ -->\n<title>Yhdist\u00e4 Trydan Victron-invertteriin [Vaihe vaiheelta] | V2C Tuki<\/title>\n<meta name=\"description\" content=\"Liit\u00e4 Victron-invertteri Trydaniin ja k\u00e4yt\u00e4 dynaamisen ohjauksen \u00e4lykk\u00e4it\u00e4 toimintoja. Selit\u00e4mme, kuinka se tehd\u00e4\u00e4n. \u2714\" \/>\n<meta name=\"robots\" content=\"index, follow, max-snippet:-1, max-image-preview:large, max-video-preview:-1\" \/>\n<link rel=\"canonical\" href=\"https:\/\/v2charge.com\/fi\/tukialue\/tehonhallinta\/dynaaminen-tehohallinta\/aurinkosahkon-integrointi\/trydanin-yhteys-victroniin\/\" \/>\n<meta property=\"og:locale\" content=\"fi_FI\" \/>\n<meta property=\"og:type\" content=\"article\" \/>\n<meta property=\"og:title\" content=\"Yhdist\u00e4 Trydan Victron-invertteriin [Vaihe vaiheelta] | V2C Tuki\" \/>\n<meta property=\"og:description\" content=\"Liit\u00e4 Victron-invertteri Trydaniin ja k\u00e4yt\u00e4 dynaamisen ohjauksen \u00e4lykk\u00e4it\u00e4 toimintoja. Selit\u00e4mme, kuinka se tehd\u00e4\u00e4n. \u2714\" \/>\n<meta property=\"og:url\" content=\"https:\/\/v2charge.com\/fi\/tukialue\/tehonhallinta\/dynaaminen-tehohallinta\/aurinkosahkon-integrointi\/trydanin-yhteys-victroniin\/\" \/>\n<meta property=\"og:site_name\" content=\"V2C\" \/>\n<meta property=\"article:publisher\" content=\"https:\/\/www.facebook.com\/V2C.Charge\" \/>\n<meta property=\"article:modified_time\" content=\"2026-01-09T15:25:05+00:00\" \/>\n<meta property=\"og:image\" content=\"https:\/\/v2charge.com\/wp-content\/uploads\/2024\/07\/v2c-electric-chargers.jpg\" \/>\n\t<meta property=\"og:image:width\" content=\"1200\" \/>\n\t<meta property=\"og:image:height\" content=\"675\" \/>\n\t<meta property=\"og:image:type\" content=\"image\/jpeg\" \/>\n<meta name=\"twitter:card\" content=\"summary_large_image\" \/>\n<meta name=\"twitter:site\" content=\"@V2C_Charge\" \/>\n<meta name=\"twitter:label1\" content=\"Arvioitu lukuaika\" \/>\n\t<meta name=\"twitter:data1\" content=\"3 minuuttia\" \/>\n<script type=\"application\/ld+json\" class=\"yoast-schema-graph\">{\"@context\":\"https:\/\/schema.org\",\"@graph\":[{\"@type\":\"WebPage\",\"@id\":\"https:\/\/v2charge.com\/fi\/tukialue\/tehonhallinta\/dynaaminen-tehohallinta\/aurinkosahkon-integrointi\/trydanin-yhteys-victroniin\/\",\"url\":\"https:\/\/v2charge.com\/fi\/tukialue\/tehonhallinta\/dynaaminen-tehohallinta\/aurinkosahkon-integrointi\/trydanin-yhteys-victroniin\/\",\"name\":\"Yhdist\u00e4 Trydan Victron-invertteriin [Vaihe vaiheelta] | V2C Tuki\",\"isPartOf\":{\"@id\":\"https:\/\/v2charge.com\/fi\/#website\"},\"primaryImageOfPage\":{\"@id\":\"https:\/\/v2charge.com\/fi\/tukialue\/tehonhallinta\/dynaaminen-tehohallinta\/aurinkosahkon-integrointi\/trydanin-yhteys-victroniin\/#primaryimage\"},\"image\":{\"@id\":\"https:\/\/v2charge.com\/fi\/tukialue\/tehonhallinta\/dynaaminen-tehohallinta\/aurinkosahkon-integrointi\/trydanin-yhteys-victroniin\/#primaryimage\"},\"thumbnailUrl\":\"https:\/\/v2charge.com\/wp-content\/uploads\/2024\/07\/v2c-electric-chargers.jpg\",\"datePublished\":\"2022-10-11T16:50:05+00:00\",\"dateModified\":\"2026-01-09T15:25:05+00:00\",\"description\":\"Liit\u00e4 Victron-invertteri Trydaniin ja k\u00e4yt\u00e4 dynaamisen ohjauksen \u00e4lykk\u00e4it\u00e4 toimintoja. Selit\u00e4mme, kuinka se tehd\u00e4\u00e4n. \u2714\",\"breadcrumb\":{\"@id\":\"https:\/\/v2charge.com\/fi\/tukialue\/tehonhallinta\/dynaaminen-tehohallinta\/aurinkosahkon-integrointi\/trydanin-yhteys-victroniin\/#breadcrumb\"},\"inLanguage\":\"fi\",\"potentialAction\":[{\"@type\":\"ReadAction\",\"target\":[\"https:\/\/v2charge.com\/fi\/tukialue\/tehonhallinta\/dynaaminen-tehohallinta\/aurinkosahkon-integrointi\/trydanin-yhteys-victroniin\/\"]}]},{\"@type\":\"ImageObject\",\"inLanguage\":\"fi\",\"@id\":\"https:\/\/v2charge.com\/fi\/tukialue\/tehonhallinta\/dynaaminen-tehohallinta\/aurinkosahkon-integrointi\/trydanin-yhteys-victroniin\/#primaryimage\",\"url\":\"https:\/\/v2charge.com\/wp-content\/uploads\/2024\/07\/v2c-electric-chargers.jpg\",\"contentUrl\":\"https:\/\/v2charge.com\/wp-content\/uploads\/2024\/07\/v2c-electric-chargers.jpg\",\"width\":1200,\"height\":675,\"caption\":\"V2C Electric Chargers\"},{\"@type\":\"BreadcrumbList\",\"@id\":\"https:\/\/v2charge.com\/fi\/tukialue\/tehonhallinta\/dynaaminen-tehohallinta\/aurinkosahkon-integrointi\/trydanin-yhteys-victroniin\/#breadcrumb\",\"itemListElement\":[{\"@type\":\"ListItem\",\"position\":1,\"name\":\"V2C\",\"item\":\"https:\/\/v2charge.com\/fi\/\"},{\"@type\":\"ListItem\",\"position\":2,\"name\":\"Trydanin yhteys Victroniin\"}]},{\"@type\":\"WebSite\",\"@id\":\"https:\/\/v2charge.com\/fi\/#website\",\"url\":\"https:\/\/v2charge.com\/fi\/\",\"name\":\"V2C\",\"description\":\"#CargandoElMa\u00f1ana\",\"publisher\":{\"@id\":\"https:\/\/v2charge.com\/fi\/#organization\"},\"potentialAction\":[{\"@type\":\"SearchAction\",\"target\":{\"@type\":\"EntryPoint\",\"urlTemplate\":\"https:\/\/v2charge.com\/fi\/?s={search_term_string}\"},\"query-input\":{\"@type\":\"PropertyValueSpecification\",\"valueRequired\":true,\"valueName\":\"search_term_string\"}}],\"inLanguage\":\"fi\"},{\"@type\":\"Organization\",\"@id\":\"https:\/\/v2charge.com\/fi\/#organization\",\"name\":\"V2C\",\"url\":\"https:\/\/v2charge.com\/fi\/\",\"logo\":{\"@type\":\"ImageObject\",\"inLanguage\":\"fi\",\"@id\":\"https:\/\/v2charge.com\/fi\/#\/schema\/logo\/image\/\",\"url\":\"https:\/\/v2charge.com\/wp-content\/uploads\/2024\/11\/cropped-v2c-charge-logo-menu.png\",\"contentUrl\":\"https:\/\/v2charge.com\/wp-content\/uploads\/2024\/11\/cropped-v2c-charge-logo-menu.png\",\"width\":984,\"height\":431,\"caption\":\"V2C\"},\"image\":{\"@id\":\"https:\/\/v2charge.com\/fi\/#\/schema\/logo\/image\/\"},\"sameAs\":[\"https:\/\/www.facebook.com\/V2C.Charge\",\"https:\/\/x.com\/V2C_Charge\",\"https:\/\/www.instagram.com\/v2c.charge\/\",\"https:\/\/www.youtube.com\/@V2C\",\"https:\/\/www.linkedin.com\/company\/v2c-chargers\/\"]}]}<\/script>\n<!-- \/ Yoast SEO plugin. -->","yoast_head_json":{"title":"Yhdist\u00e4 Trydan Victron-invertteriin [Vaihe vaiheelta] | V2C Tuki","description":"Liit\u00e4 Victron-invertteri Trydaniin ja k\u00e4yt\u00e4 dynaamisen ohjauksen \u00e4lykk\u00e4it\u00e4 toimintoja. Selit\u00e4mme, kuinka se tehd\u00e4\u00e4n. \u2714","robots":{"index":"index","follow":"follow","max-snippet":"max-snippet:-1","max-image-preview":"max-image-preview:large","max-video-preview":"max-video-preview:-1"},"canonical":"https:\/\/v2charge.com\/fi\/tukialue\/tehonhallinta\/dynaaminen-tehohallinta\/aurinkosahkon-integrointi\/trydanin-yhteys-victroniin\/","og_locale":"fi_FI","og_type":"article","og_title":"Yhdist\u00e4 Trydan Victron-invertteriin [Vaihe vaiheelta] | V2C Tuki","og_description":"Liit\u00e4 Victron-invertteri Trydaniin ja k\u00e4yt\u00e4 dynaamisen ohjauksen \u00e4lykk\u00e4it\u00e4 toimintoja. Selit\u00e4mme, kuinka se tehd\u00e4\u00e4n. \u2714","og_url":"https:\/\/v2charge.com\/fi\/tukialue\/tehonhallinta\/dynaaminen-tehohallinta\/aurinkosahkon-integrointi\/trydanin-yhteys-victroniin\/","og_site_name":"V2C","article_publisher":"https:\/\/www.facebook.com\/V2C.Charge","article_modified_time":"2026-01-09T15:25:05+00:00","og_image":[{"width":1200,"height":675,"url":"https:\/\/v2charge.com\/wp-content\/uploads\/2024\/07\/v2c-electric-chargers.jpg","type":"image\/jpeg"}],"twitter_card":"summary_large_image","twitter_site":"@V2C_Charge","twitter_misc":{"Arvioitu lukuaika":"3 minuuttia"},"schema":{"@context":"https:\/\/schema.org","@graph":[{"@type":"WebPage","@id":"https:\/\/v2charge.com\/fi\/tukialue\/tehonhallinta\/dynaaminen-tehohallinta\/aurinkosahkon-integrointi\/trydanin-yhteys-victroniin\/","url":"https:\/\/v2charge.com\/fi\/tukialue\/tehonhallinta\/dynaaminen-tehohallinta\/aurinkosahkon-integrointi\/trydanin-yhteys-victroniin\/","name":"Yhdist\u00e4 Trydan Victron-invertteriin [Vaihe vaiheelta] | V2C Tuki","isPartOf":{"@id":"https:\/\/v2charge.com\/fi\/#website"},"primaryImageOfPage":{"@id":"https:\/\/v2charge.com\/fi\/tukialue\/tehonhallinta\/dynaaminen-tehohallinta\/aurinkosahkon-integrointi\/trydanin-yhteys-victroniin\/#primaryimage"},"image":{"@id":"https:\/\/v2charge.com\/fi\/tukialue\/tehonhallinta\/dynaaminen-tehohallinta\/aurinkosahkon-integrointi\/trydanin-yhteys-victroniin\/#primaryimage"},"thumbnailUrl":"https:\/\/v2charge.com\/wp-content\/uploads\/2024\/07\/v2c-electric-chargers.jpg","datePublished":"2022-10-11T16:50:05+00:00","dateModified":"2026-01-09T15:25:05+00:00","description":"Liit\u00e4 Victron-invertteri Trydaniin ja k\u00e4yt\u00e4 dynaamisen ohjauksen \u00e4lykk\u00e4it\u00e4 toimintoja. Selit\u00e4mme, kuinka se tehd\u00e4\u00e4n. \u2714","breadcrumb":{"@id":"https:\/\/v2charge.com\/fi\/tukialue\/tehonhallinta\/dynaaminen-tehohallinta\/aurinkosahkon-integrointi\/trydanin-yhteys-victroniin\/#breadcrumb"},"inLanguage":"fi","potentialAction":[{"@type":"ReadAction","target":["https:\/\/v2charge.com\/fi\/tukialue\/tehonhallinta\/dynaaminen-tehohallinta\/aurinkosahkon-integrointi\/trydanin-yhteys-victroniin\/"]}]},{"@type":"ImageObject","inLanguage":"fi","@id":"https:\/\/v2charge.com\/fi\/tukialue\/tehonhallinta\/dynaaminen-tehohallinta\/aurinkosahkon-integrointi\/trydanin-yhteys-victroniin\/#primaryimage","url":"https:\/\/v2charge.com\/wp-content\/uploads\/2024\/07\/v2c-electric-chargers.jpg","contentUrl":"https:\/\/v2charge.com\/wp-content\/uploads\/2024\/07\/v2c-electric-chargers.jpg","width":1200,"height":675,"caption":"V2C Electric Chargers"},{"@type":"BreadcrumbList","@id":"https:\/\/v2charge.com\/fi\/tukialue\/tehonhallinta\/dynaaminen-tehohallinta\/aurinkosahkon-integrointi\/trydanin-yhteys-victroniin\/#breadcrumb","itemListElement":[{"@type":"ListItem","position":1,"name":"V2C","item":"https:\/\/v2charge.com\/fi\/"},{"@type":"ListItem","position":2,"name":"Trydanin yhteys Victroniin"}]},{"@type":"WebSite","@id":"https:\/\/v2charge.com\/fi\/#website","url":"https:\/\/v2charge.com\/fi\/","name":"V2C","description":"#CargandoElMa\u00f1ana","publisher":{"@id":"https:\/\/v2charge.com\/fi\/#organization"},"potentialAction":[{"@type":"SearchAction","target":{"@type":"EntryPoint","urlTemplate":"https:\/\/v2charge.com\/fi\/?s={search_term_string}"},"query-input":{"@type":"PropertyValueSpecification","valueRequired":true,"valueName":"search_term_string"}}],"inLanguage":"fi"},{"@type":"Organization","@id":"https:\/\/v2charge.com\/fi\/#organization","name":"V2C","url":"https:\/\/v2charge.com\/fi\/","logo":{"@type":"ImageObject","inLanguage":"fi","@id":"https:\/\/v2charge.com\/fi\/#\/schema\/logo\/image\/","url":"https:\/\/v2charge.com\/wp-content\/uploads\/2024\/11\/cropped-v2c-charge-logo-menu.png","contentUrl":"https:\/\/v2charge.com\/wp-content\/uploads\/2024\/11\/cropped-v2c-charge-logo-menu.png","width":984,"height":431,"caption":"V2C"},"image":{"@id":"https:\/\/v2charge.com\/fi\/#\/schema\/logo\/image\/"},"sameAs":["https:\/\/www.facebook.com\/V2C.Charge","https:\/\/x.com\/V2C_Charge","https:\/\/www.instagram.com\/v2c.charge\/","https:\/\/www.youtube.com\/@V2C","https:\/\/www.linkedin.com\/company\/v2c-chargers\/"]}]}},"uagb_featured_image_src":{"full":["https:\/\/v2charge.com\/wp-content\/uploads\/2024\/07\/v2c-electric-chargers.jpg",1200,675,false],"thumbnail":["https:\/\/v2charge.com\/wp-content\/uploads\/2024\/07\/v2c-electric-chargers-150x150.jpg",150,150,true],"medium":["https:\/\/v2charge.com\/wp-content\/uploads\/2024\/07\/v2c-electric-chargers-300x169.jpg",300,169,true],"medium_large":["https:\/\/v2charge.com\/wp-content\/uploads\/2024\/07\/v2c-electric-chargers-768x432.jpg",768,432,true],"large":["https:\/\/v2charge.com\/wp-content\/uploads\/2024\/07\/v2c-electric-chargers-1024x576.jpg",1024,576,true],"gs-tiny":["https:\/\/v2charge.com\/wp-content\/uploads\/2024\/07\/v2c-electric-chargers.jpg",50,28,false],"xl":["https:\/\/v2charge.com\/wp-content\/uploads\/2024\/07\/v2c-electric-chargers.jpg",1200,675,false],"xxl":["https:\/\/v2charge.com\/wp-content\/uploads\/2024\/07\/v2c-electric-chargers.jpg",1200,675,false],"xxxl":["https:\/\/v2charge.com\/wp-content\/uploads\/2024\/07\/v2c-electric-chargers.jpg",1200,675,false],"xxxxl":["https:\/\/v2charge.com\/wp-content\/uploads\/2024\/07\/v2c-electric-chargers.jpg",1200,675,false],"xxxxxl":["https:\/\/v2charge.com\/wp-content\/uploads\/2024\/07\/v2c-electric-chargers.jpg",1200,675,false],"1536x1536":["https:\/\/v2charge.com\/wp-content\/uploads\/2024\/07\/v2c-electric-chargers.jpg",1200,675,false],"2048x2048":["https:\/\/v2charge.com\/wp-content\/uploads\/2024\/07\/v2c-electric-chargers.jpg",1200,675,false]},"uagb_author_info":{"display_name":"V2C","author_link":"https:\/\/v2charge.com\/fi\/author\/root_k4eu7ki8\/"},"uagb_comment_info":0,"uagb_excerpt":"Trydanin liit\u00e4nt\u00e4 Victroniin Liitt\u00e4m\u00e4ll\u00e4 Trydan-latauspisteesi Victron-muuntajaan voit liitt\u00e4\u00e4 latauspisteesi suoraan ja k\u00e4ytt\u00e4\u00e4 \u00e4lykk\u00e4it\u00e4 dynaamisen ohjauksen toimintoja. Wi-Fi&nbsp;toistimien&nbsp;tai&nbsp;mesh-verkkojen&nbsp;k\u00e4ytt\u00f6 voi vaikuttaa j\u00e4rjestelm\u00e4n oikeaan toimintaan. Suosittelemme k\u00e4ytt\u00e4m\u00e4\u00e4n&nbsp;vakaita Wi-Fi-verkkoja&nbsp;ja suoraa&nbsp;yhteytt\u00e4 varmistaaksemme optimaalisen yhteyden latauslaitteen ja invertterin v\u00e4lill\u00e4. Kuinka liitt\u00e4\u00e4 invertteri laitteeseen Yhteyden muodostaminen laitteeseen on eritt\u00e4in helppoa. Toimintaa varten sinun on asennettava Victron Cerbo GX -invertteri. Cerbo GX:n asetuksista&hellip;","_links":{"self":[{"href":"https:\/\/v2charge.com\/fi\/wp-json\/wp\/v2\/pages\/311424","targetHints":{"allow":["GET"]}}],"collection":[{"href":"https:\/\/v2charge.com\/fi\/wp-json\/wp\/v2\/pages"}],"about":[{"href":"https:\/\/v2charge.com\/fi\/wp-json\/wp\/v2\/types\/page"}],"author":[{"embeddable":true,"href":"https:\/\/v2charge.com\/fi\/wp-json\/wp\/v2\/users\/1"}],"replies":[{"embeddable":true,"href":"https:\/\/v2charge.com\/fi\/wp-json\/wp\/v2\/comments?post=311424"}],"version-history":[{"count":0,"href":"https:\/\/v2charge.com\/fi\/wp-json\/wp\/v2\/pages\/311424\/revisions"}],"up":[{"embeddable":true,"href":"https:\/\/v2charge.com\/fi\/wp-json\/wp\/v2\/pages\/311461"}],"wp:featuredmedia":[{"embeddable":true,"href":"https:\/\/v2charge.com\/fi\/wp-json\/wp\/v2\/media\/170346"}],"wp:attachment":[{"href":"https:\/\/v2charge.com\/fi\/wp-json\/wp\/v2\/media?parent=311424"}],"curies":[{"name":"wp","href":"https:\/\/api.w.org\/{rel}","templated":true}]}}